{"id":26750,"date":"2026-04-27T04:41:39","date_gmt":"2026-04-27T04:41:39","guid":{"rendered":""},"modified":"2026-04-27T04:41:39","modified_gmt":"2026-04-27T04:41:39","slug":"sapho-horizon-otopne-teleso-330x1500-mm-cerna-mat-ir195-koupit-online-26750","status":"publish","type":"product","link":"https:\/\/www.technodompro.com\/index.php\/produkt\/sapho-horizon-otopne-teleso-330x1500-mm-cerna-mat-ir195-koupit-online-26750\/","title":{"rendered":"Sapho HORIZON otopn\u00e9 t\u011bleso 330&#215;1500 mm, \u010dern\u00e1 mat IR195 Koupit Online"},"content":{"rendered":"<div class=\"basic-description\">\n<h3>Detailn\u00ed popis produktu<\/h3>\n<p><\/p>\n<p style=\"text-align: justify;\">Otopn\u00e9 t\u011bleso HORIZON najde sv\u00e9 m\u00edsto v interi\u00e9rech lad\u011bn\u00fdch do industr\u00e1ln\u00edho i modern\u00edho stylu.<\/p>\n<ul>\n<li>P\u0159ipojovac\u00ed ventily nejsou sou\u010d\u00e1st\u00ed balen\u00ed<\/li>\n<\/ul>\n<h2 class=\"props-title\">Vlastnosti<\/h2>\n<table>\n<tr>\n<th>Zna\u010dka<\/th>\n<td>SAPHO<\/td>\n<\/tr>\n<tr>\n<th>S\u00e9rie<\/th>\n<td>HORIZON<\/td>\n<\/tr>\n<tr>\n<th>3D model<\/th>\n<td>ANO<\/td>\n<\/tr>\n<tr>\n<th>Rozm\u011br<\/th>\n<td>330&#215;1500 mm<\/td>\n<\/tr>\n<tr>\n<th>\u0160\u00ed\u0159ka<\/th>\n<td>330&nbsp;mm<\/td>\n<\/tr>\n<tr>\n<th>V\u00fd\u0161ka<\/th>\n<td>1500&nbsp;mm<\/td>\n<\/tr>\n<tr>\n<th>Objem<\/th>\n<td>7.30&nbsp;l<\/td>\n<\/tr>\n<tr>\n<th>Barva<\/th>\n<td>\u010cern\u00e1 mat<\/td>\n<\/tr>\n<tr>\n<th>Materi\u00e1l<\/th>\n<td>Ocel<\/td>\n<\/tr>\n<tr>\n<th>Tvar<\/th>\n<td>Designov\u00e9<\/td>\n<\/tr>\n<tr>\n<th>Mo\u017enost vyt\u00e1p\u011bn\u00ed<\/th>\n<td>\u00dast\u0159edn\u00ed vyt\u00e1p\u011bn\u00ed<\/td>\n<\/tr>\n<tr>\n<th>Um\u00edst\u011bn\u00ed p\u0159ipojen\u00ed 50 mm<\/th>\n<td>Symetrick\u00e9 (na st\u0159ed)<\/td>\n<\/tr>\n<tr>\n<th>Rozte\u010d p\u0159ipojen\u00ed<\/th>\n<td>50&nbsp;mm<\/td>\n<\/tr>\n<tr>\n<th>V\u00fdkon<\/th>\n<td>251&nbsp;W<\/td>\n<\/tr>\n<tr>\n<th>Teplotn\u00ed sp\u00e1d<\/th>\n<td>75\/65\/20 \u00b0C<\/td>\n<\/tr>\n<tr>\n<th>Max. provozn\u00ed tlak<\/th>\n<td>10&nbsp;bar<\/td>\n<\/tr>\n<tr>\n<th>Hmotnost \/ ks<\/th>\n<td>20.5300&nbsp;kg<\/td>\n<\/tr>\n<tr>\n<th>Balen\u00ed<\/th>\n<td>1&nbsp;ks<\/td>\n<\/tr>\n<tr>\n<th>EAN<\/th>\n<td>8590913921711<\/td>\n<\/tr>\n<tr>\n<th>Taric<\/th>\n<td>73221900<\/td>\n<\/tr>\n<tr>\n<th>Z\u00e1ruka<\/th>\n<td>2 roky<\/td>\n<\/tr>\n<\/table>\n<div class=\"product-explanation-item\">\n<h3>\u00dast\u0159edn\u00ed vyt\u00e1p\u011bn\u00ed<\/h3>\n<p style=\"text-align: justify;\">V p\u0159\u00edpad\u011b \u00fast\u0159edn\u00edho vyt\u00e1p\u011bn\u00ed je d\u016fle\u017eit\u00fd v\u00fdb\u011br p\u0159ipojovac\u00ed sady ventil\u016f. Na v\u00fdb\u011br je pou\u017eit\u00ed ru\u010dn\u00edho ventilu nebo ventilu s termostatickou hlavic\u00ed.<\/p>\n<p style=\"text-align: justify;\"><strong>Ru\u010dn\u00ed ventil:<\/strong> Ovl\u00e1d\u00e1n\u00ed regulace teploty je manu\u00e1ln\u00ed. P\u0159\u00edvod tepl\u00e9 vody lze p\u0159ipojit na levou \/ pravou stranu ventilu bez omezen\u00ed.<br \/><strong>Ventil s termostatickou hlavic\u00ed:<\/strong> Integrovan\u00fd termostat udr\u017euje nastavenou teplotu okol\u00ed. <strong>Termostatick\u00e1 hlavice mus\u00ed b\u00fdt v m\u00edst\u011b p\u0159\u00edvodu tepl\u00e9 vody (mimo MONO ONE).<\/strong><\/p>\n<p style=\"text-align: justify;\">N\u00e1mi nab\u00edzen\u00e9 p\u0159ipojovac\u00ed ventily jsou dod\u00e1v\u00e1ny v\u010detn\u011b sv\u011brn\u00e9ho \u0161rouben\u00ed na nejb\u011b\u017en\u011bj\u0161\u00ed potrub\u00ed (\u00d815 mm Cu a \u00d816 mm Alupex), pro dopojen\u00ed tak nen\u00ed t\u0159eba nic dokupovat. Pro zakryt\u00ed p\u0159\u00edvodn\u00edch trubek a otvor\u016f ve zdi doporu\u010dujeme p\u0159ikoupit kryc\u00ed rozety.<\/p>\n<\/div><\/div>\n","protected":false},"excerpt":{"rendered":"<p>Detailn\u00ed popis produktu Otopn\u00e9 t\u011bleso HORIZON najde sv\u00e9 m\u00edsto v interi\u00e9rech lad\u011bn\u00fdch do industr\u00e1ln\u00edho i modern\u00edho stylu. P\u0159ipojovac\u00ed ventily nejsou sou\u010d\u00e1st\u00ed balen\u00ed Vlastnosti Zna\u010dka SAPHO S\u00e9rie HORIZON 3D model ANO Rozm\u011br 330&#215;1500 mm \u0160\u00ed\u0159ka 330&nbsp;mm V\u00fd\u0161ka 1500&nbsp;mm Objem 7.30&nbsp;l Barva \u010cern\u00e1 mat Materi\u00e1l Ocel Tvar Designov\u00e9 Mo\u017enost vyt\u00e1p\u011bn\u00ed \u00dast\u0159edn\u00ed vyt\u00e1p\u011bn\u00ed Um\u00edst\u011bn\u00ed p\u0159ipojen\u00ed 50 mm Symetrick\u00e9 [&hellip;]<\/p>\n","protected":false},"featured_media":26850,"comment_status":"open","ping_status":"open","template":"","meta":[],"product_brand":[],"product_cat":[100],"product_tag":[],"class_list":{"0":"post-26750","1":"product","2":"type-product","3":"status-publish","4":"has-post-thumbnail","6":"product_cat-vytapeni","8":"first","9":"instock","10":"sale","11":"shipping-taxable","12":"purchasable","13":"product-type-simple"},"yoast_head":"<!-- This site is optimized with the Yoast SEO plugin v26.8 - https:\/\/yoast.com\/product\/yoast-seo-wordpress\/ -->\n<title>Sapho HORIZON otopn\u00e9 t\u011bleso 330x1500 mm, \u010dern\u00e1 mat IR195 Koupit Online -<\/title>\n<meta name=\"robots\" content=\"index, follow, max-snippet:-1, max-image-preview:large, max-video-preview:-1\" \/>\n<link rel=\"canonical\" href=\"https:\/\/www.technodompro.com\/index.php\/produkt\/sapho-horizon-otopne-teleso-330x1500-mm-cerna-mat-ir195-koupit-online-26750\/\" \/>\n<meta property=\"og:locale\" content=\"cs_CZ\" \/>\n<meta property=\"og:type\" content=\"article\" \/>\n<meta property=\"og:title\" content=\"Sapho HORIZON otopn\u00e9 t\u011bleso 330x1500 mm, \u010dern\u00e1 mat IR195 Koupit Online -\" \/>\n<meta property=\"og:description\" content=\"Detailn\u00ed popis produktu Otopn\u00e9 t\u011bleso HORIZON najde sv\u00e9 m\u00edsto v interi\u00e9rech lad\u011bn\u00fdch do industr\u00e1ln\u00edho i modern\u00edho stylu. P\u0159ipojovac\u00ed ventily nejsou sou\u010d\u00e1st\u00ed balen\u00ed Vlastnosti Zna\u010dka SAPHO S\u00e9rie HORIZON 3D model ANO Rozm\u011br 330&#215;1500 mm \u0160\u00ed\u0159ka 330&nbsp;mm V\u00fd\u0161ka 1500&nbsp;mm Objem 7.30&nbsp;l Barva \u010cern\u00e1 mat Materi\u00e1l Ocel Tvar Designov\u00e9 Mo\u017enost vyt\u00e1p\u011bn\u00ed \u00dast\u0159edn\u00ed vyt\u00e1p\u011bn\u00ed Um\u00edst\u011bn\u00ed p\u0159ipojen\u00ed 50 mm Symetrick\u00e9 [&hellip;]\" \/>\n<meta property=\"og:url\" content=\"https:\/\/www.technodompro.com\/index.php\/produkt\/sapho-horizon-otopne-teleso-330x1500-mm-cerna-mat-ir195-koupit-online-26750\/\" \/>\n<meta property=\"og:image\" content=\"https:\/\/www.technodompro.com\/wp-content\/uploads\/2026\/SK0012058-CZ20260425-093631-0-1777080994-265384_ir195-184962766603030.webp\" \/>\n\t<meta property=\"og:image:width\" content=\"1000\" \/>\n\t<meta property=\"og:image:height\" content=\"750\" \/>\n\t<meta property=\"og:image:type\" content=\"image\/webp\" \/>\n<meta name=\"twitter:card\" content=\"summary_large_image\" \/>\n<meta name=\"twitter:label1\" content=\"Odhadovan\u00e1 doba \u010dten\u00ed\" \/>\n\t<meta name=\"twitter:data1\" content=\"1 minuta\" \/>\n<script type=\"application\/ld+json\" class=\"yoast-schema-graph\">{\"@context\":\"https:\/\/schema.org\",\"@graph\":[{\"@type\":\"WebPage\",\"@id\":\"https:\/\/www.technodompro.com\/index.php\/produkt\/sapho-horizon-otopne-teleso-330x1500-mm-cerna-mat-ir195-koupit-online-26750\/\",\"url\":\"https:\/\/www.technodompro.com\/index.php\/produkt\/sapho-horizon-otopne-teleso-330x1500-mm-cerna-mat-ir195-koupit-online-26750\/\",\"name\":\"Sapho HORIZON otopn\u00e9 t\u011bleso 330x1500 mm, \u010dern\u00e1 mat IR195 Koupit Online -\",\"isPartOf\":{\"@id\":\"https:\/\/www.technodompro.com\/#website\"},\"primaryImageOfPage\":{\"@id\":\"https:\/\/www.technodompro.com\/index.php\/produkt\/sapho-horizon-otopne-teleso-330x1500-mm-cerna-mat-ir195-koupit-online-26750\/#primaryimage\"},\"image\":{\"@id\":\"https:\/\/www.technodompro.com\/index.php\/produkt\/sapho-horizon-otopne-teleso-330x1500-mm-cerna-mat-ir195-koupit-online-26750\/#primaryimage\"},\"thumbnailUrl\":\"https:\/\/www.technodompro.com\/wp-content\/uploads\/2026\/SK0012058-CZ20260425-093631-0-1777080994-265384_ir195-184962766603030.webp\",\"datePublished\":\"2026-04-27T04:41:39+00:00\",\"breadcrumb\":{\"@id\":\"https:\/\/www.technodompro.com\/index.php\/produkt\/sapho-horizon-otopne-teleso-330x1500-mm-cerna-mat-ir195-koupit-online-26750\/#breadcrumb\"},\"inLanguage\":\"cs\",\"potentialAction\":[{\"@type\":\"ReadAction\",\"target\":[\"https:\/\/www.technodompro.com\/index.php\/produkt\/sapho-horizon-otopne-teleso-330x1500-mm-cerna-mat-ir195-koupit-online-26750\/\"]}]},{\"@type\":\"ImageObject\",\"inLanguage\":\"cs\",\"@id\":\"https:\/\/www.technodompro.com\/index.php\/produkt\/sapho-horizon-otopne-teleso-330x1500-mm-cerna-mat-ir195-koupit-online-26750\/#primaryimage\",\"url\":\"https:\/\/www.technodompro.com\/wp-content\/uploads\/2026\/SK0012058-CZ20260425-093631-0-1777080994-265384_ir195-184962766603030.webp\",\"contentUrl\":\"https:\/\/www.technodompro.com\/wp-content\/uploads\/2026\/SK0012058-CZ20260425-093631-0-1777080994-265384_ir195-184962766603030.webp\",\"width\":1000,\"height\":750},{\"@type\":\"BreadcrumbList\",\"@id\":\"https:\/\/www.technodompro.com\/index.php\/produkt\/sapho-horizon-otopne-teleso-330x1500-mm-cerna-mat-ir195-koupit-online-26750\/#breadcrumb\",\"itemListElement\":[{\"@type\":\"ListItem\",\"position\":1,\"name\":\"Home\",\"item\":\"https:\/\/www.technodompro.com\/\"},{\"@type\":\"ListItem\",\"position\":2,\"name\":\"Products\",\"item\":\"https:\/\/www.technodompro.com\/index.php\/products\/\"},{\"@type\":\"ListItem\",\"position\":3,\"name\":\"Sapho HORIZON otopn\u00e9 t\u011bleso 330&#215;1500 mm, \u010dern\u00e1 mat IR195 Koupit Online\"}]},{\"@type\":\"WebSite\",\"@id\":\"https:\/\/www.technodompro.com\/#website\",\"url\":\"https:\/\/www.technodompro.com\/\",\"name\":\"\",\"description\":\"\",\"potentialAction\":[{\"@type\":\"SearchAction\",\"target\":{\"@type\":\"EntryPoint\",\"urlTemplate\":\"https:\/\/www.technodompro.com\/?s={search_term_string}\"},\"query-input\":{\"@type\":\"PropertyValueSpecification\",\"valueRequired\":true,\"valueName\":\"search_term_string\"}}],\"inLanguage\":\"cs\"}]}<\/script>\n<!-- \/ Yoast SEO plugin. -->","yoast_head_json":{"title":"Sapho HORIZON otopn\u00e9 t\u011bleso 330x1500 mm, \u010dern\u00e1 mat IR195 Koupit Online -","robots":{"index":"index","follow":"follow","max-snippet":"max-snippet:-1","max-image-preview":"max-image-preview:large","max-video-preview":"max-video-preview:-1"},"canonical":"https:\/\/www.technodompro.com\/index.php\/produkt\/sapho-horizon-otopne-teleso-330x1500-mm-cerna-mat-ir195-koupit-online-26750\/","og_locale":"cs_CZ","og_type":"article","og_title":"Sapho HORIZON otopn\u00e9 t\u011bleso 330x1500 mm, \u010dern\u00e1 mat IR195 Koupit Online -","og_description":"Detailn\u00ed popis produktu Otopn\u00e9 t\u011bleso HORIZON najde sv\u00e9 m\u00edsto v interi\u00e9rech lad\u011bn\u00fdch do industr\u00e1ln\u00edho i modern\u00edho stylu. P\u0159ipojovac\u00ed ventily nejsou sou\u010d\u00e1st\u00ed balen\u00ed Vlastnosti Zna\u010dka SAPHO S\u00e9rie HORIZON 3D model ANO Rozm\u011br 330&#215;1500 mm \u0160\u00ed\u0159ka 330&nbsp;mm V\u00fd\u0161ka 1500&nbsp;mm Objem 7.30&nbsp;l Barva \u010cern\u00e1 mat Materi\u00e1l Ocel Tvar Designov\u00e9 Mo\u017enost vyt\u00e1p\u011bn\u00ed \u00dast\u0159edn\u00ed vyt\u00e1p\u011bn\u00ed Um\u00edst\u011bn\u00ed p\u0159ipojen\u00ed 50 mm Symetrick\u00e9 [&hellip;]","og_url":"https:\/\/www.technodompro.com\/index.php\/produkt\/sapho-horizon-otopne-teleso-330x1500-mm-cerna-mat-ir195-koupit-online-26750\/","og_image":[{"width":1000,"height":750,"url":"https:\/\/www.technodompro.com\/wp-content\/uploads\/2026\/SK0012058-CZ20260425-093631-0-1777080994-265384_ir195-184962766603030.webp","type":"image\/webp"}],"twitter_card":"summary_large_image","twitter_misc":{"Odhadovan\u00e1 doba \u010dten\u00ed":"1 minuta"},"schema":{"@context":"https:\/\/schema.org","@graph":[{"@type":"WebPage","@id":"https:\/\/www.technodompro.com\/index.php\/produkt\/sapho-horizon-otopne-teleso-330x1500-mm-cerna-mat-ir195-koupit-online-26750\/","url":"https:\/\/www.technodompro.com\/index.php\/produkt\/sapho-horizon-otopne-teleso-330x1500-mm-cerna-mat-ir195-koupit-online-26750\/","name":"Sapho HORIZON otopn\u00e9 t\u011bleso 330x1500 mm, \u010dern\u00e1 mat IR195 Koupit Online -","isPartOf":{"@id":"https:\/\/www.technodompro.com\/#website"},"primaryImageOfPage":{"@id":"https:\/\/www.technodompro.com\/index.php\/produkt\/sapho-horizon-otopne-teleso-330x1500-mm-cerna-mat-ir195-koupit-online-26750\/#primaryimage"},"image":{"@id":"https:\/\/www.technodompro.com\/index.php\/produkt\/sapho-horizon-otopne-teleso-330x1500-mm-cerna-mat-ir195-koupit-online-26750\/#primaryimage"},"thumbnailUrl":"https:\/\/www.technodompro.com\/wp-content\/uploads\/2026\/SK0012058-CZ20260425-093631-0-1777080994-265384_ir195-184962766603030.webp","datePublished":"2026-04-27T04:41:39+00:00","breadcrumb":{"@id":"https:\/\/www.technodompro.com\/index.php\/produkt\/sapho-horizon-otopne-teleso-330x1500-mm-cerna-mat-ir195-koupit-online-26750\/#breadcrumb"},"inLanguage":"cs","potentialAction":[{"@type":"ReadAction","target":["https:\/\/www.technodompro.com\/index.php\/produkt\/sapho-horizon-otopne-teleso-330x1500-mm-cerna-mat-ir195-koupit-online-26750\/"]}]},{"@type":"ImageObject","inLanguage":"cs","@id":"https:\/\/www.technodompro.com\/index.php\/produkt\/sapho-horizon-otopne-teleso-330x1500-mm-cerna-mat-ir195-koupit-online-26750\/#primaryimage","url":"https:\/\/www.technodompro.com\/wp-content\/uploads\/2026\/SK0012058-CZ20260425-093631-0-1777080994-265384_ir195-184962766603030.webp","contentUrl":"https:\/\/www.technodompro.com\/wp-content\/uploads\/2026\/SK0012058-CZ20260425-093631-0-1777080994-265384_ir195-184962766603030.webp","width":1000,"height":750},{"@type":"BreadcrumbList","@id":"https:\/\/www.technodompro.com\/index.php\/produkt\/sapho-horizon-otopne-teleso-330x1500-mm-cerna-mat-ir195-koupit-online-26750\/#breadcrumb","itemListElement":[{"@type":"ListItem","position":1,"name":"Home","item":"https:\/\/www.technodompro.com\/"},{"@type":"ListItem","position":2,"name":"Products","item":"https:\/\/www.technodompro.com\/index.php\/products\/"},{"@type":"ListItem","position":3,"name":"Sapho HORIZON otopn\u00e9 t\u011bleso 330&#215;1500 mm, \u010dern\u00e1 mat IR195 Koupit Online"}]},{"@type":"WebSite","@id":"https:\/\/www.technodompro.com\/#website","url":"https:\/\/www.technodompro.com\/","name":"","description":"","potentialAction":[{"@type":"SearchAction","target":{"@type":"EntryPoint","urlTemplate":"https:\/\/www.technodompro.com\/?s={search_term_string}"},"query-input":{"@type":"PropertyValueSpecification","valueRequired":true,"valueName":"search_term_string"}}],"inLanguage":"cs"}]}},"_links":{"self":[{"href":"https:\/\/www.technodompro.com\/index.php\/wp-json\/wp\/v2\/product\/26750","targetHints":{"allow":["GET"]}}],"collection":[{"href":"https:\/\/www.technodompro.com\/index.php\/wp-json\/wp\/v2\/product"}],"about":[{"href":"https:\/\/www.technodompro.com\/index.php\/wp-json\/wp\/v2\/types\/product"}],"replies":[{"embeddable":true,"href":"https:\/\/www.technodompro.com\/index.php\/wp-json\/wp\/v2\/comments?post=26750"}],"wp:featuredmedia":[{"embeddable":true,"href":"https:\/\/www.technodompro.com\/index.php\/wp-json\/wp\/v2\/media\/26850"}],"wp:attachment":[{"href":"https:\/\/www.technodompro.com\/index.php\/wp-json\/wp\/v2\/media?parent=26750"}],"wp:term":[{"taxonomy":"product_brand","embeddable":true,"href":"https:\/\/www.technodompro.com\/index.php\/wp-json\/wp\/v2\/product_brand?post=26750"},{"taxonomy":"product_cat","embeddable":true,"href":"https:\/\/www.technodompro.com\/index.php\/wp-json\/wp\/v2\/product_cat?post=26750"},{"taxonomy":"product_tag","embeddable":true,"href":"https:\/\/www.technodompro.com\/index.php\/wp-json\/wp\/v2\/product_tag?post=26750"}],"curies":[{"name":"wp","href":"https:\/\/api.w.org\/{rel}","templated":true}]}}