{"id":26751,"date":"2026-04-27T04:41:39","date_gmt":"2026-04-27T04:41:39","guid":{"rendered":""},"modified":"2026-04-27T04:41:39","modified_gmt":"2026-04-27T04:41:39","slug":"geberit-geberit-delta25-ovladaci-tlacitko-alpska-bila-115-125-11-5-objednat-nyni-26751","status":"publish","type":"product","link":"https:\/\/www.technodompro.com\/index.php\/produkt\/geberit-geberit-delta25-ovladaci-tlacitko-alpska-bila-115-125-11-5-objednat-nyni-26751\/","title":{"rendered":"Geberit GEBERIT DELTA25 ovl\u00e1dac\u00ed tla\u010d\u00edtko, Alpsk\u00e1 b\u00edl\u00e1 115.125.11.5 Objednat Nyn\u00ed"},"content":{"rendered":"<div class=\"basic-description\">\n<h3>Detailn\u00ed popis produktu<\/h3>\n<ul>\n<li>Ovl\u00e1d\u00e1n\u00ed zep\u0159edu<\/li>\n<li>2 mno\u017estv\u00ed splachov\u00e1n\u00ed<\/li>\n<li>Pro Geberit splachovac\u00ed n\u00e1dr\u017eky pod om\u00edtku Delta 12 cm (UP100)<\/li>\n<\/ul>\n<p><\/p>\n<h2 class=\"props-title\">Vlastnosti<\/h2>\n<table>\n<tr>\n<th>Zna\u010dka<\/th>\n<td>GEBERIT<\/td>\n<\/tr>\n<tr>\n<th>Rozm\u011br<\/th>\n<td>246x164x31 mm<\/td>\n<\/tr>\n<tr>\n<th>\u0160\u00ed\u0159ka<\/th>\n<td>246&nbsp;mm<\/td>\n<\/tr>\n<tr>\n<th>V\u00fd\u0161ka<\/th>\n<td>164&nbsp;mm<\/td>\n<\/tr>\n<tr>\n<th>Hloubka<\/th>\n<td>31&nbsp;mm<\/td>\n<\/tr>\n<tr>\n<th>Barva<\/th>\n<td>B\u00edl\u00e1<\/td>\n<\/tr>\n<tr>\n<th>Materi\u00e1l<\/th>\n<td>Plast<\/td>\n<\/tr>\n<tr>\n<th>Hmotnost \/ ks<\/th>\n<td>0.4100&nbsp;kg<\/td>\n<\/tr>\n<tr>\n<th>Balen\u00ed<\/th>\n<td>1&nbsp;ks<\/td>\n<\/tr>\n<tr>\n<th>EAN<\/th>\n<td>8590913950186<\/td>\n<\/tr>\n<tr>\n<th>Taric<\/th>\n<td>39229000<\/td>\n<\/tr>\n<tr>\n<th>Z\u00e1ruka<\/th>\n<td>2 roky<\/td>\n<\/tr>\n<\/table><\/div>\n","protected":false},"excerpt":{"rendered":"<p>Detailn\u00ed popis produktu Ovl\u00e1d\u00e1n\u00ed zep\u0159edu 2 mno\u017estv\u00ed splachov\u00e1n\u00ed Pro Geberit splachovac\u00ed n\u00e1dr\u017eky pod om\u00edtku Delta 12 cm (UP100) Vlastnosti Zna\u010dka GEBERIT Rozm\u011br 246x164x31 mm \u0160\u00ed\u0159ka 246&nbsp;mm V\u00fd\u0161ka 164&nbsp;mm Hloubka 31&nbsp;mm Barva B\u00edl\u00e1 Materi\u00e1l Plast Hmotnost \/ ks 0.4100&nbsp;kg Balen\u00ed 1&nbsp;ks EAN 8590913950186 Taric 39229000 Z\u00e1ruka 2 roky<\/p>\n","protected":false},"featured_media":26851,"comment_status":"open","ping_status":"open","template":"","meta":[],"product_brand":[],"product_cat":[101],"product_tag":[],"class_list":{"0":"post-26751","1":"product","2":"type-product","3":"status-publish","4":"has-post-thumbnail","6":"product_cat-wc","8":"first","9":"instock","10":"sale","11":"shipping-taxable","12":"purchasable","13":"product-type-simple"},"yoast_head":"<!-- This site is optimized with the Yoast SEO plugin v26.8 - https:\/\/yoast.com\/product\/yoast-seo-wordpress\/ -->\n<title>Geberit GEBERIT DELTA25 ovl\u00e1dac\u00ed tla\u010d\u00edtko, Alpsk\u00e1 b\u00edl\u00e1 115.125.11.5 Objednat Nyn\u00ed -<\/title>\n<meta name=\"robots\" content=\"index, follow, max-snippet:-1, max-image-preview:large, max-video-preview:-1\" \/>\n<link rel=\"canonical\" href=\"https:\/\/www.technodompro.com\/index.php\/produkt\/geberit-geberit-delta25-ovladaci-tlacitko-alpska-bila-115-125-11-5-objednat-nyni-26751\/\" \/>\n<meta property=\"og:locale\" content=\"cs_CZ\" \/>\n<meta property=\"og:type\" content=\"article\" \/>\n<meta property=\"og:title\" content=\"Geberit GEBERIT DELTA25 ovl\u00e1dac\u00ed tla\u010d\u00edtko, Alpsk\u00e1 b\u00edl\u00e1 115.125.11.5 Objednat Nyn\u00ed -\" \/>\n<meta property=\"og:description\" content=\"Detailn\u00ed popis produktu Ovl\u00e1d\u00e1n\u00ed zep\u0159edu 2 mno\u017estv\u00ed splachov\u00e1n\u00ed Pro Geberit splachovac\u00ed n\u00e1dr\u017eky pod om\u00edtku Delta 12 cm (UP100) Vlastnosti Zna\u010dka GEBERIT Rozm\u011br 246x164x31 mm \u0160\u00ed\u0159ka 246&nbsp;mm V\u00fd\u0161ka 164&nbsp;mm Hloubka 31&nbsp;mm Barva B\u00edl\u00e1 Materi\u00e1l Plast Hmotnost \/ ks 0.4100&nbsp;kg Balen\u00ed 1&nbsp;ks EAN 8590913950186 Taric 39229000 Z\u00e1ruka 2 roky\" \/>\n<meta property=\"og:url\" content=\"https:\/\/www.technodompro.com\/index.php\/produkt\/geberit-geberit-delta25-ovladaci-tlacitko-alpska-bila-115-125-11-5-objednat-nyni-26751\/\" \/>\n<meta property=\"og:image\" content=\"https:\/\/www.technodompro.com\/wp-content\/uploads\/2026\/SK0012059-CZ20260425-093631-0-1777080994-265387_geberit-geberit-delta25-ovladaci-tlacitko--alpska-bi.webp\" \/>\n\t<meta property=\"og:image:width\" content=\"1000\" \/>\n\t<meta property=\"og:image:height\" content=\"750\" \/>\n\t<meta property=\"og:image:type\" content=\"image\/webp\" \/>\n<meta name=\"twitter:card\" content=\"summary_large_image\" \/>\n<script type=\"application\/ld+json\" class=\"yoast-schema-graph\">{\"@context\":\"https:\/\/schema.org\",\"@graph\":[{\"@type\":\"WebPage\",\"@id\":\"https:\/\/www.technodompro.com\/index.php\/produkt\/geberit-geberit-delta25-ovladaci-tlacitko-alpska-bila-115-125-11-5-objednat-nyni-26751\/\",\"url\":\"https:\/\/www.technodompro.com\/index.php\/produkt\/geberit-geberit-delta25-ovladaci-tlacitko-alpska-bila-115-125-11-5-objednat-nyni-26751\/\",\"name\":\"Geberit GEBERIT DELTA25 ovl\u00e1dac\u00ed tla\u010d\u00edtko, Alpsk\u00e1 b\u00edl\u00e1 115.125.11.5 Objednat Nyn\u00ed -\",\"isPartOf\":{\"@id\":\"https:\/\/www.technodompro.com\/#website\"},\"primaryImageOfPage\":{\"@id\":\"https:\/\/www.technodompro.com\/index.php\/produkt\/geberit-geberit-delta25-ovladaci-tlacitko-alpska-bila-115-125-11-5-objednat-nyni-26751\/#primaryimage\"},\"image\":{\"@id\":\"https:\/\/www.technodompro.com\/index.php\/produkt\/geberit-geberit-delta25-ovladaci-tlacitko-alpska-bila-115-125-11-5-objednat-nyni-26751\/#primaryimage\"},\"thumbnailUrl\":\"https:\/\/www.technodompro.com\/wp-content\/uploads\/2026\/SK0012059-CZ20260425-093631-0-1777080994-265387_geberit-geberit-delta25-ovladaci-tlacitko--alpska-bi.webp\",\"datePublished\":\"2026-04-27T04:41:39+00:00\",\"breadcrumb\":{\"@id\":\"https:\/\/www.technodompro.com\/index.php\/produkt\/geberit-geberit-delta25-ovladaci-tlacitko-alpska-bila-115-125-11-5-objednat-nyni-26751\/#breadcrumb\"},\"inLanguage\":\"cs\",\"potentialAction\":[{\"@type\":\"ReadAction\",\"target\":[\"https:\/\/www.technodompro.com\/index.php\/produkt\/geberit-geberit-delta25-ovladaci-tlacitko-alpska-bila-115-125-11-5-objednat-nyni-26751\/\"]}]},{\"@type\":\"ImageObject\",\"inLanguage\":\"cs\",\"@id\":\"https:\/\/www.technodompro.com\/index.php\/produkt\/geberit-geberit-delta25-ovladaci-tlacitko-alpska-bila-115-125-11-5-objednat-nyni-26751\/#primaryimage\",\"url\":\"https:\/\/www.technodompro.com\/wp-content\/uploads\/2026\/SK0012059-CZ20260425-093631-0-1777080994-265387_geberit-geberit-delta25-ovladaci-tlacitko--alpska-bi.webp\",\"contentUrl\":\"https:\/\/www.technodompro.com\/wp-content\/uploads\/2026\/SK0012059-CZ20260425-093631-0-1777080994-265387_geberit-geberit-delta25-ovladaci-tlacitko--alpska-bi.webp\",\"width\":1000,\"height\":750},{\"@type\":\"BreadcrumbList\",\"@id\":\"https:\/\/www.technodompro.com\/index.php\/produkt\/geberit-geberit-delta25-ovladaci-tlacitko-alpska-bila-115-125-11-5-objednat-nyni-26751\/#breadcrumb\",\"itemListElement\":[{\"@type\":\"ListItem\",\"position\":1,\"name\":\"Home\",\"item\":\"https:\/\/www.technodompro.com\/\"},{\"@type\":\"ListItem\",\"position\":2,\"name\":\"Products\",\"item\":\"https:\/\/www.technodompro.com\/index.php\/products\/\"},{\"@type\":\"ListItem\",\"position\":3,\"name\":\"Geberit GEBERIT DELTA25 ovl\u00e1dac\u00ed tla\u010d\u00edtko, Alpsk\u00e1 b\u00edl\u00e1 115.125.11.5 Objednat Nyn\u00ed\"}]},{\"@type\":\"WebSite\",\"@id\":\"https:\/\/www.technodompro.com\/#website\",\"url\":\"https:\/\/www.technodompro.com\/\",\"name\":\"\",\"description\":\"\",\"potentialAction\":[{\"@type\":\"SearchAction\",\"target\":{\"@type\":\"EntryPoint\",\"urlTemplate\":\"https:\/\/www.technodompro.com\/?s={search_term_string}\"},\"query-input\":{\"@type\":\"PropertyValueSpecification\",\"valueRequired\":true,\"valueName\":\"search_term_string\"}}],\"inLanguage\":\"cs\"}]}<\/script>\n<!-- \/ Yoast SEO plugin. -->","yoast_head_json":{"title":"Geberit GEBERIT DELTA25 ovl\u00e1dac\u00ed tla\u010d\u00edtko, Alpsk\u00e1 b\u00edl\u00e1 115.125.11.5 Objednat Nyn\u00ed -","robots":{"index":"index","follow":"follow","max-snippet":"max-snippet:-1","max-image-preview":"max-image-preview:large","max-video-preview":"max-video-preview:-1"},"canonical":"https:\/\/www.technodompro.com\/index.php\/produkt\/geberit-geberit-delta25-ovladaci-tlacitko-alpska-bila-115-125-11-5-objednat-nyni-26751\/","og_locale":"cs_CZ","og_type":"article","og_title":"Geberit GEBERIT DELTA25 ovl\u00e1dac\u00ed tla\u010d\u00edtko, Alpsk\u00e1 b\u00edl\u00e1 115.125.11.5 Objednat Nyn\u00ed -","og_description":"Detailn\u00ed popis produktu Ovl\u00e1d\u00e1n\u00ed zep\u0159edu 2 mno\u017estv\u00ed splachov\u00e1n\u00ed Pro Geberit splachovac\u00ed n\u00e1dr\u017eky pod om\u00edtku Delta 12 cm (UP100) Vlastnosti Zna\u010dka GEBERIT Rozm\u011br 246x164x31 mm \u0160\u00ed\u0159ka 246&nbsp;mm V\u00fd\u0161ka 164&nbsp;mm Hloubka 31&nbsp;mm Barva B\u00edl\u00e1 Materi\u00e1l Plast Hmotnost \/ ks 0.4100&nbsp;kg Balen\u00ed 1&nbsp;ks EAN 8590913950186 Taric 39229000 Z\u00e1ruka 2 roky","og_url":"https:\/\/www.technodompro.com\/index.php\/produkt\/geberit-geberit-delta25-ovladaci-tlacitko-alpska-bila-115-125-11-5-objednat-nyni-26751\/","og_image":[{"width":1000,"height":750,"url":"https:\/\/www.technodompro.com\/wp-content\/uploads\/2026\/SK0012059-CZ20260425-093631-0-1777080994-265387_geberit-geberit-delta25-ovladaci-tlacitko--alpska-bi.webp","type":"image\/webp"}],"twitter_card":"summary_large_image","schema":{"@context":"https:\/\/schema.org","@graph":[{"@type":"WebPage","@id":"https:\/\/www.technodompro.com\/index.php\/produkt\/geberit-geberit-delta25-ovladaci-tlacitko-alpska-bila-115-125-11-5-objednat-nyni-26751\/","url":"https:\/\/www.technodompro.com\/index.php\/produkt\/geberit-geberit-delta25-ovladaci-tlacitko-alpska-bila-115-125-11-5-objednat-nyni-26751\/","name":"Geberit GEBERIT DELTA25 ovl\u00e1dac\u00ed tla\u010d\u00edtko, Alpsk\u00e1 b\u00edl\u00e1 115.125.11.5 Objednat Nyn\u00ed -","isPartOf":{"@id":"https:\/\/www.technodompro.com\/#website"},"primaryImageOfPage":{"@id":"https:\/\/www.technodompro.com\/index.php\/produkt\/geberit-geberit-delta25-ovladaci-tlacitko-alpska-bila-115-125-11-5-objednat-nyni-26751\/#primaryimage"},"image":{"@id":"https:\/\/www.technodompro.com\/index.php\/produkt\/geberit-geberit-delta25-ovladaci-tlacitko-alpska-bila-115-125-11-5-objednat-nyni-26751\/#primaryimage"},"thumbnailUrl":"https:\/\/www.technodompro.com\/wp-content\/uploads\/2026\/SK0012059-CZ20260425-093631-0-1777080994-265387_geberit-geberit-delta25-ovladaci-tlacitko--alpska-bi.webp","datePublished":"2026-04-27T04:41:39+00:00","breadcrumb":{"@id":"https:\/\/www.technodompro.com\/index.php\/produkt\/geberit-geberit-delta25-ovladaci-tlacitko-alpska-bila-115-125-11-5-objednat-nyni-26751\/#breadcrumb"},"inLanguage":"cs","potentialAction":[{"@type":"ReadAction","target":["https:\/\/www.technodompro.com\/index.php\/produkt\/geberit-geberit-delta25-ovladaci-tlacitko-alpska-bila-115-125-11-5-objednat-nyni-26751\/"]}]},{"@type":"ImageObject","inLanguage":"cs","@id":"https:\/\/www.technodompro.com\/index.php\/produkt\/geberit-geberit-delta25-ovladaci-tlacitko-alpska-bila-115-125-11-5-objednat-nyni-26751\/#primaryimage","url":"https:\/\/www.technodompro.com\/wp-content\/uploads\/2026\/SK0012059-CZ20260425-093631-0-1777080994-265387_geberit-geberit-delta25-ovladaci-tlacitko--alpska-bi.webp","contentUrl":"https:\/\/www.technodompro.com\/wp-content\/uploads\/2026\/SK0012059-CZ20260425-093631-0-1777080994-265387_geberit-geberit-delta25-ovladaci-tlacitko--alpska-bi.webp","width":1000,"height":750},{"@type":"BreadcrumbList","@id":"https:\/\/www.technodompro.com\/index.php\/produkt\/geberit-geberit-delta25-ovladaci-tlacitko-alpska-bila-115-125-11-5-objednat-nyni-26751\/#breadcrumb","itemListElement":[{"@type":"ListItem","position":1,"name":"Home","item":"https:\/\/www.technodompro.com\/"},{"@type":"ListItem","position":2,"name":"Products","item":"https:\/\/www.technodompro.com\/index.php\/products\/"},{"@type":"ListItem","position":3,"name":"Geberit GEBERIT DELTA25 ovl\u00e1dac\u00ed tla\u010d\u00edtko, Alpsk\u00e1 b\u00edl\u00e1 115.125.11.5 Objednat Nyn\u00ed"}]},{"@type":"WebSite","@id":"https:\/\/www.technodompro.com\/#website","url":"https:\/\/www.technodompro.com\/","name":"","description":"","potentialAction":[{"@type":"SearchAction","target":{"@type":"EntryPoint","urlTemplate":"https:\/\/www.technodompro.com\/?s={search_term_string}"},"query-input":{"@type":"PropertyValueSpecification","valueRequired":true,"valueName":"search_term_string"}}],"inLanguage":"cs"}]}},"_links":{"self":[{"href":"https:\/\/www.technodompro.com\/index.php\/wp-json\/wp\/v2\/product\/26751","targetHints":{"allow":["GET"]}}],"collection":[{"href":"https:\/\/www.technodompro.com\/index.php\/wp-json\/wp\/v2\/product"}],"about":[{"href":"https:\/\/www.technodompro.com\/index.php\/wp-json\/wp\/v2\/types\/product"}],"replies":[{"embeddable":true,"href":"https:\/\/www.technodompro.com\/index.php\/wp-json\/wp\/v2\/comments?post=26751"}],"wp:featuredmedia":[{"embeddable":true,"href":"https:\/\/www.technodompro.com\/index.php\/wp-json\/wp\/v2\/media\/26851"}],"wp:attachment":[{"href":"https:\/\/www.technodompro.com\/index.php\/wp-json\/wp\/v2\/media?parent=26751"}],"wp:term":[{"taxonomy":"product_brand","embeddable":true,"href":"https:\/\/www.technodompro.com\/index.php\/wp-json\/wp\/v2\/product_brand?post=26751"},{"taxonomy":"product_cat","embeddable":true,"href":"https:\/\/www.technodompro.com\/index.php\/wp-json\/wp\/v2\/product_cat?post=26751"},{"taxonomy":"product_tag","embeddable":true,"href":"https:\/\/www.technodompro.com\/index.php\/wp-json\/wp\/v2\/product_tag?post=26751"}],"curies":[{"name":"wp","href":"https:\/\/api.w.org\/{rel}","templated":true}]}}