{"id":26778,"date":"2026-04-27T04:41:39","date_gmt":"2026-04-27T04:41:39","guid":{"rendered":""},"modified":"2026-04-27T04:41:39","modified_gmt":"2026-04-27T04:41:39","slug":"znackovy-gelco-vario-white-jednodilna-sprchova-zastena-k-instalaci-ke-stene-matne-sklo-1200-mm-gx1412gx1015-26778","status":"publish","type":"product","link":"https:\/\/www.technodompro.com\/index.php\/produkt\/znackovy-gelco-vario-white-jednodilna-sprchova-zastena-k-instalaci-ke-stene-matne-sklo-1200-mm-gx1412gx1015-26778\/","title":{"rendered":"Zna\u010dkov\u00fd Gelco VARIO WHITE jednod\u00edln\u00e1 sprchov\u00e1 z\u00e1st\u011bna k instalaci ke st\u011bn\u011b, matn\u00e9 sklo, 1200 mm GX1412GX1015"},"content":{"rendered":"<div class=\"basic-description\">\n<h3>Detailn\u00ed popis produktu<\/h3>\n<p><\/p>\n<p style=\"text-align: justify;\">Kolekce walk-in z\u00e1st\u011bn VARIO nab\u00edz\u00ed chytr\u00e9 a flexibiln\u00ed \u0159e\u0161en\u00ed podle individu\u00e1ln\u00edch a prostorov\u00fdch dispozic. Stavebnicov\u00fd syst\u00e9m v\u00fdpln\u00ed, vzp\u011br a profil\u016f umo\u017e\u0148uje promy\u0161len\u00e9 kombinace rozm\u011br\u016f, barev a tvar\u016f z\u00e1st\u011bn \u2013 a\u0165 u\u017e ke st\u011bn\u011b nebo do prostoru. Elegantn\u00ed vzhled d\u00edky minimu komponent\u016f v chromov\u00e9m, \u010dern\u00e9m matn\u00e9m, b\u00edl\u00e9m matn\u00e9m, zlat\u00e9m nebo zlat\u00e9m matn\u00e9m proveden\u00ed je vhodn\u00fd pro ka\u017edou koupelnu.<\/p>\n<p><strong>Charakteristika sprchov\u00fdch walk-in z\u00e1st\u011bn s\u00e9rie VARIO<\/strong><\/p>\n<ul>\n<li>Z\u00e1st\u011bny v&nbsp;\u0161\u00ed\u0159k\u00e1ch 700 a\u017e 1400 mm<\/li>\n<li>Bezpe\u010dnostn\u00ed sklo o&nbsp;s\u00edle 8 mm na v\u00fdb\u011br v&nbsp;proveden\u00ed \u010dir\u00e9 \/ kou\u0159ov\u00e9 \/ matn\u00e9 \/ nordic nebo deska z&nbsp;vysokotlak\u00e9ho HPL lamin\u00e1tu o&nbsp;s\u00edle 8 mm<\/li>\n<li>Povrchov\u00e1 \u00faprava sklen\u011bn\u00fdch v\u00fdpln\u00ed Coated Glass zabra\u0148uje usazov\u00e1n\u00ed vodn\u00edho kamene a usnad\u0148uje \u010di\u0161t\u011bn\u00ed<\/li>\n<li>St\u011bnov\u00e9 profily s toleranc\u00ed 15 mm usnad\u0148uj\u00ed stabiln\u00ed mont\u00e1\u017e z\u00e1st\u011bn, instalace je mo\u017en\u00e1 na dla\u017ebu nebo sprchovou vani\u010dku<\/li>\n<li>St\u011bnov\u00fd profil z\u00e1st\u011bn na v\u00fdb\u011br z proveden\u00ed: chrom \/ \u010dern\u00e1 mat \/ b\u00edl\u00e1 mat \/ zlat\u00e1 mat<\/li>\n<li>Kolm\u00e1 vzp\u011bra o&nbsp;d\u00e9lce 1400 mm na v\u00fdb\u011br v&nbsp;proveden\u00ed chrom \/ \u010dern\u00e1 mat \/ b\u00edl\u00e1 mat \/ zlat\u00e1 mat<\/li>\n<li>Kolmou vzp\u011bru lze zkr\u00e1tit na po\u017eadovan\u00fd rozm\u011br<\/li>\n<li>Rohov\u00e1 vzp\u011bra o&nbsp;d\u00e9lce 650 mm na v\u00fdb\u011br v&nbsp;proveden\u00ed chrom \/ \u010dern\u00e1 mat&nbsp;\/ b\u00edl\u00e1 mat \/ zlat\u00e1 mat<\/li>\n<li><span>Mo\u017enost p\u0159id\u00e1n\u00ed pevn\u00e9ho p\u0159\u00eddavn\u00e9ho panelu o&nbsp;\u0161\u00ed\u0159ce 350 mm v proveden\u00ed \u010dir\u00e9 sklo a barv\u011b profilu chrom \/ \u010dern\u00e1 mat ke sklen\u011bn\u00fdm v\u00fdpln\u00edm<\/span><\/li>\n<li>Variabiln\u00ed proveden\u00ed L\/R<\/li>\n<li>V\u00fd\u0161ka 2000 mm<\/li>\n<\/ul>\n<h4>Kombinace sestaven\u00ed sprchov\u00e9ho koutu:<\/h4>\n<h2 class=\"props-title\">Vlastnosti<\/h2>\n<table>\n<tr>\n<th>Zna\u010dka<\/th>\n<td>GELCO<\/td>\n<\/tr>\n<tr>\n<th>S\u00e9rie<\/th>\n<td>VARIO<\/td>\n<\/tr>\n<tr>\n<th>3D model<\/th>\n<td>ANO<\/td>\n<\/tr>\n<tr>\n<th>\u0160\u00ed\u0159ka<\/th>\n<td>1200&nbsp;mm<\/td>\n<\/tr>\n<tr>\n<th>V\u00fd\u0161ka<\/th>\n<td>2000&nbsp;mm<\/td>\n<\/tr>\n<tr>\n<th>Barva profilu<\/th>\n<td>B\u00edl\u00e1<\/td>\n<\/tr>\n<tr>\n<th>Tvar<\/th>\n<td>Jednost\u011bnn\u00e1 pevn\u00e1<\/td>\n<\/tr>\n<tr>\n<th>Typ v\u00fdpln\u011b<\/th>\n<td>Matn\u00e9 sklo<\/td>\n<\/tr>\n<tr>\n<th>\u00daprava skla<\/th>\n<td>Coated glass<\/td>\n<\/tr>\n<tr>\n<th>Tlou\u0161\u0165ka skla<\/th>\n<td>8&nbsp;mm<\/td>\n<\/tr>\n<tr>\n<th>Balen\u00ed neobsahuje<\/th>\n<td>Vzp\u011bra<\/td>\n<\/tr>\n<tr>\n<th>Hmotnost \/ ks<\/th>\n<td>65.0000&nbsp;kg<\/td>\n<\/tr>\n<tr>\n<th>Balen\u00ed<\/th>\n<td>2&nbsp;ks<\/td>\n<\/tr>\n<tr>\n<th>EAN<\/th>\n<td>8590913944871<\/td>\n<\/tr>\n<tr>\n<th>Z\u00e1ruka<\/th>\n<td>3 roky<\/td>\n<\/tr>\n<\/table>\n<div class=\"product-explanation-item\">\n<h3><span><strong>Coated glass<\/strong><\/span><\/h3>\n<p style=\"text-align: justify;\">Coated glass p\u0159edstavuje jednu z nejkvalitn\u011bj\u0161\u00edch \u00faprav skla sprchov\u00fdch kout\u016f. Jedn\u00e1 se o chemickou slou\u010deninu sm\u011bsi polymer\u016f, kter\u00e1 ve spojen\u00ed s katalyz\u00e1tory reaguje s k\u0159emi\u010ditanov\u00fdmi skupinami obsa\u017een\u00fdmi ve skle. Na sklen\u011bn\u00fdch ploch\u00e1ch tak vytv\u00e1\u0159\u00ed souvislou vrstvu filmu, kter\u00e1 vypln\u00ed mikrop\u00f3ry ve skle a odpuzuje vodu. Vlivem vod\u011bodpudiv\u00e9ho filmu se kapky vody shlukuj\u00ed a st\u00e9kaj\u00ed z povrchu skla. I kdy\u017e dojde k nepatrn\u00e9mu udr\u017een\u00ed men\u0161\u00edch kapek na skle, nedojde k chemick\u00e9 vazb\u011b, sklo nebude naru\u0161eno a neze\u0161edne.<\/p>\n<\/div><\/div>\n","protected":false},"excerpt":{"rendered":"<p>Detailn\u00ed popis produktu Kolekce walk-in z\u00e1st\u011bn VARIO nab\u00edz\u00ed chytr\u00e9 a flexibiln\u00ed \u0159e\u0161en\u00ed podle individu\u00e1ln\u00edch a prostorov\u00fdch dispozic. Stavebnicov\u00fd syst\u00e9m v\u00fdpln\u00ed, vzp\u011br a profil\u016f umo\u017e\u0148uje promy\u0161len\u00e9 kombinace rozm\u011br\u016f, barev a tvar\u016f z\u00e1st\u011bn \u2013 a\u0165 u\u017e ke st\u011bn\u011b nebo do prostoru. Elegantn\u00ed vzhled d\u00edky minimu komponent\u016f v chromov\u00e9m, \u010dern\u00e9m matn\u00e9m, b\u00edl\u00e9m matn\u00e9m, zlat\u00e9m nebo zlat\u00e9m matn\u00e9m proveden\u00ed [&hellip;]<\/p>\n","protected":false},"featured_media":26878,"comment_status":"open","ping_status":"open","template":"","meta":[],"product_brand":[],"product_cat":[52],"product_tag":[],"class_list":{"0":"post-26778","1":"product","2":"type-product","3":"status-publish","4":"has-post-thumbnail","6":"product_cat-sprchove-kouty","8":"first","9":"instock","10":"sale","11":"shipping-taxable","12":"purchasable","13":"product-type-simple"},"yoast_head":"<!-- This site is optimized with the Yoast SEO plugin v26.8 - https:\/\/yoast.com\/product\/yoast-seo-wordpress\/ -->\n<title>Zna\u010dkov\u00fd Gelco VARIO WHITE jednod\u00edln\u00e1 sprchov\u00e1 z\u00e1st\u011bna k instalaci ke st\u011bn\u011b, matn\u00e9 sklo, 1200 mm GX1412GX1015 -<\/title>\n<meta name=\"robots\" content=\"index, follow, max-snippet:-1, max-image-preview:large, max-video-preview:-1\" \/>\n<link rel=\"canonical\" href=\"https:\/\/www.technodompro.com\/index.php\/produkt\/znackovy-gelco-vario-white-jednodilna-sprchova-zastena-k-instalaci-ke-stene-matne-sklo-1200-mm-gx1412gx1015-26778\/\" \/>\n<meta property=\"og:locale\" content=\"cs_CZ\" \/>\n<meta property=\"og:type\" content=\"article\" \/>\n<meta property=\"og:title\" content=\"Zna\u010dkov\u00fd Gelco VARIO WHITE jednod\u00edln\u00e1 sprchov\u00e1 z\u00e1st\u011bna k instalaci ke st\u011bn\u011b, matn\u00e9 sklo, 1200 mm GX1412GX1015 -\" \/>\n<meta property=\"og:description\" content=\"Detailn\u00ed popis produktu Kolekce walk-in z\u00e1st\u011bn VARIO nab\u00edz\u00ed chytr\u00e9 a flexibiln\u00ed \u0159e\u0161en\u00ed podle individu\u00e1ln\u00edch a prostorov\u00fdch dispozic. Stavebnicov\u00fd syst\u00e9m v\u00fdpln\u00ed, vzp\u011br a profil\u016f umo\u017e\u0148uje promy\u0161len\u00e9 kombinace rozm\u011br\u016f, barev a tvar\u016f z\u00e1st\u011bn \u2013 a\u0165 u\u017e ke st\u011bn\u011b nebo do prostoru. Elegantn\u00ed vzhled d\u00edky minimu komponent\u016f v chromov\u00e9m, \u010dern\u00e9m matn\u00e9m, b\u00edl\u00e9m matn\u00e9m, zlat\u00e9m nebo zlat\u00e9m matn\u00e9m proveden\u00ed [&hellip;]\" \/>\n<meta property=\"og:url\" content=\"https:\/\/www.technodompro.com\/index.php\/produkt\/znackovy-gelco-vario-white-jednodilna-sprchova-zastena-k-instalaci-ke-stene-matne-sklo-1200-mm-gx1412gx1015-26778\/\" \/>\n<meta property=\"og:image\" content=\"https:\/\/www.technodompro.com\/wp-content\/uploads\/2026\/SK0012086-CZ20260425-093631-0-1777080994-265468_gx1412gx1015-182398671129038.webp\" \/>\n\t<meta property=\"og:image:width\" content=\"1000\" \/>\n\t<meta property=\"og:image:height\" content=\"750\" \/>\n\t<meta property=\"og:image:type\" content=\"image\/webp\" \/>\n<meta name=\"twitter:card\" content=\"summary_large_image\" \/>\n<meta name=\"twitter:label1\" content=\"Odhadovan\u00e1 doba \u010dten\u00ed\" \/>\n\t<meta name=\"twitter:data1\" content=\"2 minuty\" \/>\n<script type=\"application\/ld+json\" class=\"yoast-schema-graph\">{\"@context\":\"https:\/\/schema.org\",\"@graph\":[{\"@type\":\"WebPage\",\"@id\":\"https:\/\/www.technodompro.com\/index.php\/produkt\/znackovy-gelco-vario-white-jednodilna-sprchova-zastena-k-instalaci-ke-stene-matne-sklo-1200-mm-gx1412gx1015-26778\/\",\"url\":\"https:\/\/www.technodompro.com\/index.php\/produkt\/znackovy-gelco-vario-white-jednodilna-sprchova-zastena-k-instalaci-ke-stene-matne-sklo-1200-mm-gx1412gx1015-26778\/\",\"name\":\"Zna\u010dkov\u00fd Gelco VARIO WHITE jednod\u00edln\u00e1 sprchov\u00e1 z\u00e1st\u011bna k instalaci ke st\u011bn\u011b, matn\u00e9 sklo, 1200 mm GX1412GX1015 -\",\"isPartOf\":{\"@id\":\"https:\/\/www.technodompro.com\/#website\"},\"primaryImageOfPage\":{\"@id\":\"https:\/\/www.technodompro.com\/index.php\/produkt\/znackovy-gelco-vario-white-jednodilna-sprchova-zastena-k-instalaci-ke-stene-matne-sklo-1200-mm-gx1412gx1015-26778\/#primaryimage\"},\"image\":{\"@id\":\"https:\/\/www.technodompro.com\/index.php\/produkt\/znackovy-gelco-vario-white-jednodilna-sprchova-zastena-k-instalaci-ke-stene-matne-sklo-1200-mm-gx1412gx1015-26778\/#primaryimage\"},\"thumbnailUrl\":\"https:\/\/www.technodompro.com\/wp-content\/uploads\/2026\/SK0012086-CZ20260425-093631-0-1777080994-265468_gx1412gx1015-182398671129038.webp\",\"datePublished\":\"2026-04-27T04:41:39+00:00\",\"breadcrumb\":{\"@id\":\"https:\/\/www.technodompro.com\/index.php\/produkt\/znackovy-gelco-vario-white-jednodilna-sprchova-zastena-k-instalaci-ke-stene-matne-sklo-1200-mm-gx1412gx1015-26778\/#breadcrumb\"},\"inLanguage\":\"cs\",\"potentialAction\":[{\"@type\":\"ReadAction\",\"target\":[\"https:\/\/www.technodompro.com\/index.php\/produkt\/znackovy-gelco-vario-white-jednodilna-sprchova-zastena-k-instalaci-ke-stene-matne-sklo-1200-mm-gx1412gx1015-26778\/\"]}]},{\"@type\":\"ImageObject\",\"inLanguage\":\"cs\",\"@id\":\"https:\/\/www.technodompro.com\/index.php\/produkt\/znackovy-gelco-vario-white-jednodilna-sprchova-zastena-k-instalaci-ke-stene-matne-sklo-1200-mm-gx1412gx1015-26778\/#primaryimage\",\"url\":\"https:\/\/www.technodompro.com\/wp-content\/uploads\/2026\/SK0012086-CZ20260425-093631-0-1777080994-265468_gx1412gx1015-182398671129038.webp\",\"contentUrl\":\"https:\/\/www.technodompro.com\/wp-content\/uploads\/2026\/SK0012086-CZ20260425-093631-0-1777080994-265468_gx1412gx1015-182398671129038.webp\",\"width\":1000,\"height\":750},{\"@type\":\"BreadcrumbList\",\"@id\":\"https:\/\/www.technodompro.com\/index.php\/produkt\/znackovy-gelco-vario-white-jednodilna-sprchova-zastena-k-instalaci-ke-stene-matne-sklo-1200-mm-gx1412gx1015-26778\/#breadcrumb\",\"itemListElement\":[{\"@type\":\"ListItem\",\"position\":1,\"name\":\"Home\",\"item\":\"https:\/\/www.technodompro.com\/\"},{\"@type\":\"ListItem\",\"position\":2,\"name\":\"Products\",\"item\":\"https:\/\/www.technodompro.com\/index.php\/products\/\"},{\"@type\":\"ListItem\",\"position\":3,\"name\":\"Zna\u010dkov\u00fd Gelco VARIO WHITE jednod\u00edln\u00e1 sprchov\u00e1 z\u00e1st\u011bna k instalaci ke st\u011bn\u011b, matn\u00e9 sklo, 1200 mm GX1412GX1015\"}]},{\"@type\":\"WebSite\",\"@id\":\"https:\/\/www.technodompro.com\/#website\",\"url\":\"https:\/\/www.technodompro.com\/\",\"name\":\"\",\"description\":\"\",\"potentialAction\":[{\"@type\":\"SearchAction\",\"target\":{\"@type\":\"EntryPoint\",\"urlTemplate\":\"https:\/\/www.technodompro.com\/?s={search_term_string}\"},\"query-input\":{\"@type\":\"PropertyValueSpecification\",\"valueRequired\":true,\"valueName\":\"search_term_string\"}}],\"inLanguage\":\"cs\"}]}<\/script>\n<!-- \/ Yoast SEO plugin. -->","yoast_head_json":{"title":"Zna\u010dkov\u00fd Gelco VARIO WHITE jednod\u00edln\u00e1 sprchov\u00e1 z\u00e1st\u011bna k instalaci ke st\u011bn\u011b, matn\u00e9 sklo, 1200 mm GX1412GX1015 -","robots":{"index":"index","follow":"follow","max-snippet":"max-snippet:-1","max-image-preview":"max-image-preview:large","max-video-preview":"max-video-preview:-1"},"canonical":"https:\/\/www.technodompro.com\/index.php\/produkt\/znackovy-gelco-vario-white-jednodilna-sprchova-zastena-k-instalaci-ke-stene-matne-sklo-1200-mm-gx1412gx1015-26778\/","og_locale":"cs_CZ","og_type":"article","og_title":"Zna\u010dkov\u00fd Gelco VARIO WHITE jednod\u00edln\u00e1 sprchov\u00e1 z\u00e1st\u011bna k instalaci ke st\u011bn\u011b, matn\u00e9 sklo, 1200 mm GX1412GX1015 -","og_description":"Detailn\u00ed popis produktu Kolekce walk-in z\u00e1st\u011bn VARIO nab\u00edz\u00ed chytr\u00e9 a flexibiln\u00ed \u0159e\u0161en\u00ed podle individu\u00e1ln\u00edch a prostorov\u00fdch dispozic. Stavebnicov\u00fd syst\u00e9m v\u00fdpln\u00ed, vzp\u011br a profil\u016f umo\u017e\u0148uje promy\u0161len\u00e9 kombinace rozm\u011br\u016f, barev a tvar\u016f z\u00e1st\u011bn \u2013 a\u0165 u\u017e ke st\u011bn\u011b nebo do prostoru. Elegantn\u00ed vzhled d\u00edky minimu komponent\u016f v chromov\u00e9m, \u010dern\u00e9m matn\u00e9m, b\u00edl\u00e9m matn\u00e9m, zlat\u00e9m nebo zlat\u00e9m matn\u00e9m proveden\u00ed [&hellip;]","og_url":"https:\/\/www.technodompro.com\/index.php\/produkt\/znackovy-gelco-vario-white-jednodilna-sprchova-zastena-k-instalaci-ke-stene-matne-sklo-1200-mm-gx1412gx1015-26778\/","og_image":[{"width":1000,"height":750,"url":"https:\/\/www.technodompro.com\/wp-content\/uploads\/2026\/SK0012086-CZ20260425-093631-0-1777080994-265468_gx1412gx1015-182398671129038.webp","type":"image\/webp"}],"twitter_card":"summary_large_image","twitter_misc":{"Odhadovan\u00e1 doba \u010dten\u00ed":"2 minuty"},"schema":{"@context":"https:\/\/schema.org","@graph":[{"@type":"WebPage","@id":"https:\/\/www.technodompro.com\/index.php\/produkt\/znackovy-gelco-vario-white-jednodilna-sprchova-zastena-k-instalaci-ke-stene-matne-sklo-1200-mm-gx1412gx1015-26778\/","url":"https:\/\/www.technodompro.com\/index.php\/produkt\/znackovy-gelco-vario-white-jednodilna-sprchova-zastena-k-instalaci-ke-stene-matne-sklo-1200-mm-gx1412gx1015-26778\/","name":"Zna\u010dkov\u00fd Gelco VARIO WHITE jednod\u00edln\u00e1 sprchov\u00e1 z\u00e1st\u011bna k instalaci ke st\u011bn\u011b, matn\u00e9 sklo, 1200 mm GX1412GX1015 -","isPartOf":{"@id":"https:\/\/www.technodompro.com\/#website"},"primaryImageOfPage":{"@id":"https:\/\/www.technodompro.com\/index.php\/produkt\/znackovy-gelco-vario-white-jednodilna-sprchova-zastena-k-instalaci-ke-stene-matne-sklo-1200-mm-gx1412gx1015-26778\/#primaryimage"},"image":{"@id":"https:\/\/www.technodompro.com\/index.php\/produkt\/znackovy-gelco-vario-white-jednodilna-sprchova-zastena-k-instalaci-ke-stene-matne-sklo-1200-mm-gx1412gx1015-26778\/#primaryimage"},"thumbnailUrl":"https:\/\/www.technodompro.com\/wp-content\/uploads\/2026\/SK0012086-CZ20260425-093631-0-1777080994-265468_gx1412gx1015-182398671129038.webp","datePublished":"2026-04-27T04:41:39+00:00","breadcrumb":{"@id":"https:\/\/www.technodompro.com\/index.php\/produkt\/znackovy-gelco-vario-white-jednodilna-sprchova-zastena-k-instalaci-ke-stene-matne-sklo-1200-mm-gx1412gx1015-26778\/#breadcrumb"},"inLanguage":"cs","potentialAction":[{"@type":"ReadAction","target":["https:\/\/www.technodompro.com\/index.php\/produkt\/znackovy-gelco-vario-white-jednodilna-sprchova-zastena-k-instalaci-ke-stene-matne-sklo-1200-mm-gx1412gx1015-26778\/"]}]},{"@type":"ImageObject","inLanguage":"cs","@id":"https:\/\/www.technodompro.com\/index.php\/produkt\/znackovy-gelco-vario-white-jednodilna-sprchova-zastena-k-instalaci-ke-stene-matne-sklo-1200-mm-gx1412gx1015-26778\/#primaryimage","url":"https:\/\/www.technodompro.com\/wp-content\/uploads\/2026\/SK0012086-CZ20260425-093631-0-1777080994-265468_gx1412gx1015-182398671129038.webp","contentUrl":"https:\/\/www.technodompro.com\/wp-content\/uploads\/2026\/SK0012086-CZ20260425-093631-0-1777080994-265468_gx1412gx1015-182398671129038.webp","width":1000,"height":750},{"@type":"BreadcrumbList","@id":"https:\/\/www.technodompro.com\/index.php\/produkt\/znackovy-gelco-vario-white-jednodilna-sprchova-zastena-k-instalaci-ke-stene-matne-sklo-1200-mm-gx1412gx1015-26778\/#breadcrumb","itemListElement":[{"@type":"ListItem","position":1,"name":"Home","item":"https:\/\/www.technodompro.com\/"},{"@type":"ListItem","position":2,"name":"Products","item":"https:\/\/www.technodompro.com\/index.php\/products\/"},{"@type":"ListItem","position":3,"name":"Zna\u010dkov\u00fd Gelco VARIO WHITE jednod\u00edln\u00e1 sprchov\u00e1 z\u00e1st\u011bna k instalaci ke st\u011bn\u011b, matn\u00e9 sklo, 1200 mm GX1412GX1015"}]},{"@type":"WebSite","@id":"https:\/\/www.technodompro.com\/#website","url":"https:\/\/www.technodompro.com\/","name":"","description":"","potentialAction":[{"@type":"SearchAction","target":{"@type":"EntryPoint","urlTemplate":"https:\/\/www.technodompro.com\/?s={search_term_string}"},"query-input":{"@type":"PropertyValueSpecification","valueRequired":true,"valueName":"search_term_string"}}],"inLanguage":"cs"}]}},"_links":{"self":[{"href":"https:\/\/www.technodompro.com\/index.php\/wp-json\/wp\/v2\/product\/26778","targetHints":{"allow":["GET"]}}],"collection":[{"href":"https:\/\/www.technodompro.com\/index.php\/wp-json\/wp\/v2\/product"}],"about":[{"href":"https:\/\/www.technodompro.com\/index.php\/wp-json\/wp\/v2\/types\/product"}],"replies":[{"embeddable":true,"href":"https:\/\/www.technodompro.com\/index.php\/wp-json\/wp\/v2\/comments?post=26778"}],"wp:featuredmedia":[{"embeddable":true,"href":"https:\/\/www.technodompro.com\/index.php\/wp-json\/wp\/v2\/media\/26878"}],"wp:attachment":[{"href":"https:\/\/www.technodompro.com\/index.php\/wp-json\/wp\/v2\/media?parent=26778"}],"wp:term":[{"taxonomy":"product_brand","embeddable":true,"href":"https:\/\/www.technodompro.com\/index.php\/wp-json\/wp\/v2\/product_brand?post=26778"},{"taxonomy":"product_cat","embeddable":true,"href":"https:\/\/www.technodompro.com\/index.php\/wp-json\/wp\/v2\/product_cat?post=26778"},{"taxonomy":"product_tag","embeddable":true,"href":"https:\/\/www.technodompro.com\/index.php\/wp-json\/wp\/v2\/product_tag?post=26778"}],"curies":[{"name":"wp","href":"https:\/\/api.w.org\/{rel}","templated":true}]}}