{"id":26911,"date":"2026-04-27T04:41:39","date_gmt":"2026-04-27T04:41:39","guid":{"rendered":""},"modified":"2026-04-27T04:41:39","modified_gmt":"2026-04-27T04:41:39","slug":"sapho-sentimenti-wc-misa-stojici-rimless-36x52-cm-spodni-zadni-odpad-bila-10sm10004sv-cenova-bomba-26911","status":"publish","type":"product","link":"https:\/\/www.technodompro.com\/index.php\/produkt\/sapho-sentimenti-wc-misa-stojici-rimless-36x52-cm-spodni-zadni-odpad-bila-10sm10004sv-cenova-bomba-26911\/","title":{"rendered":"Sapho SENTIMENTI WC m\u00edsa stoj\u00edc\u00ed, Rimless, 36&#215;52 cm, spodn\u00ed\/zadn\u00ed odpad, b\u00edl\u00e1 10SM10004SV Cenov\u00e1 Bomba"},"content":{"rendered":"<div class=\"basic-description\">\n<h3>Detailn\u00ed popis produktu<\/h3>\n<p><\/p>\n<h2 class=\"props-title\">Vlastnosti<\/h2>\n<table>\n<tr>\n<th>Zna\u010dka<\/th>\n<td>ISVEA<\/td>\n<\/tr>\n<tr>\n<th>3D model<\/th>\n<td>ANO<\/td>\n<\/tr>\n<tr>\n<th>Rozm\u011br<\/th>\n<td>36,3x40x52 cm<\/td>\n<\/tr>\n<tr>\n<th>\u0160\u00ed\u0159ka<\/th>\n<td>363&nbsp;mm<\/td>\n<\/tr>\n<tr>\n<th>V\u00fd\u0161ka<\/th>\n<td>400&nbsp;mm<\/td>\n<\/tr>\n<tr>\n<th>Hloubka<\/th>\n<td>520&nbsp;mm<\/td>\n<\/tr>\n<tr>\n<th>Barva<\/th>\n<td>B\u00edl\u00e1<\/td>\n<\/tr>\n<tr>\n<th>Materi\u00e1l<\/th>\n<td>Keramika<\/td>\n<\/tr>\n<tr>\n<th>Technologie splachov\u00e1n\u00ed<\/th>\n<td>Standard<\/td>\n<\/tr>\n<tr>\n<th>Objem splachovac\u00ed vody<\/th>\n<td>4 l \/ 6 l<\/td>\n<\/tr>\n<tr>\n<th>Tvar<\/th>\n<td>Klasik<\/td>\n<\/tr>\n<tr>\n<th>Ostatn\u00ed<\/th>\n<td>Odpad spodn\u00ed, Odpad zadn\u00ed<\/td>\n<\/tr>\n<tr>\n<th>Balen\u00ed obsahuje<\/th>\n<td>Kotv\u00edc\u00ed sada<\/td>\n<\/tr>\n<tr>\n<th>Balen\u00ed neobsahuje<\/th>\n<td>WC sed\u00e1tko<\/td>\n<\/tr>\n<tr>\n<th>Hmotnost \/ ks<\/th>\n<td>28.0000&nbsp;kg<\/td>\n<\/tr>\n<tr>\n<th>Balen\u00ed<\/th>\n<td>1&nbsp;ks<\/td>\n<\/tr>\n<tr>\n<th>EAN<\/th>\n<td>8697687016459<\/td>\n<\/tr>\n<tr>\n<th>Taric<\/th>\n<td>69109000<\/td>\n<\/tr>\n<tr>\n<th>Z\u00e1ruka<\/th>\n<td>2 roky<\/td>\n<\/tr>\n<\/table><\/div>\n","protected":false},"excerpt":{"rendered":"<p>Detailn\u00ed popis produktu Vlastnosti Zna\u010dka ISVEA 3D model ANO Rozm\u011br 36,3x40x52 cm \u0160\u00ed\u0159ka 363&nbsp;mm V\u00fd\u0161ka 400&nbsp;mm Hloubka 520&nbsp;mm Barva B\u00edl\u00e1 Materi\u00e1l Keramika Technologie splachov\u00e1n\u00ed Standard Objem splachovac\u00ed vody 4 l \/ 6 l Tvar Klasik Ostatn\u00ed Odpad spodn\u00ed, Odpad zadn\u00ed Balen\u00ed obsahuje Kotv\u00edc\u00ed sada Balen\u00ed neobsahuje WC sed\u00e1tko Hmotnost \/ ks 28.0000&nbsp;kg Balen\u00ed 1&nbsp;ks EAN [&hellip;]<\/p>\n","protected":false},"featured_media":27011,"comment_status":"open","ping_status":"open","template":"","meta":[],"product_brand":[],"product_cat":[101],"product_tag":[],"class_list":{"0":"post-26911","1":"product","2":"type-product","3":"status-publish","4":"has-post-thumbnail","6":"product_cat-wc","8":"first","9":"instock","10":"sale","11":"shipping-taxable","12":"purchasable","13":"product-type-simple"},"yoast_head":"<!-- This site is optimized with the Yoast SEO plugin v26.8 - https:\/\/yoast.com\/product\/yoast-seo-wordpress\/ -->\n<title>Sapho SENTIMENTI WC m\u00edsa stoj\u00edc\u00ed, Rimless, 36x52 cm, spodn\u00ed\/zadn\u00ed odpad, b\u00edl\u00e1 10SM10004SV Cenov\u00e1 Bomba -<\/title>\n<meta name=\"robots\" content=\"index, follow, max-snippet:-1, max-image-preview:large, max-video-preview:-1\" \/>\n<link rel=\"canonical\" href=\"https:\/\/www.technodompro.com\/index.php\/produkt\/sapho-sentimenti-wc-misa-stojici-rimless-36x52-cm-spodni-zadni-odpad-bila-10sm10004sv-cenova-bomba-26911\/\" \/>\n<meta property=\"og:locale\" content=\"cs_CZ\" \/>\n<meta property=\"og:type\" content=\"article\" \/>\n<meta property=\"og:title\" content=\"Sapho SENTIMENTI WC m\u00edsa stoj\u00edc\u00ed, Rimless, 36x52 cm, spodn\u00ed\/zadn\u00ed odpad, b\u00edl\u00e1 10SM10004SV Cenov\u00e1 Bomba -\" \/>\n<meta property=\"og:description\" content=\"Detailn\u00ed popis produktu Vlastnosti Zna\u010dka ISVEA 3D model ANO Rozm\u011br 36,3x40x52 cm \u0160\u00ed\u0159ka 363&nbsp;mm V\u00fd\u0161ka 400&nbsp;mm Hloubka 520&nbsp;mm Barva B\u00edl\u00e1 Materi\u00e1l Keramika Technologie splachov\u00e1n\u00ed Standard Objem splachovac\u00ed vody 4 l \/ 6 l Tvar Klasik Ostatn\u00ed Odpad spodn\u00ed, Odpad zadn\u00ed Balen\u00ed obsahuje Kotv\u00edc\u00ed sada Balen\u00ed neobsahuje WC sed\u00e1tko Hmotnost \/ ks 28.0000&nbsp;kg Balen\u00ed 1&nbsp;ks EAN [&hellip;]\" \/>\n<meta property=\"og:url\" content=\"https:\/\/www.technodompro.com\/index.php\/produkt\/sapho-sentimenti-wc-misa-stojici-rimless-36x52-cm-spodni-zadni-odpad-bila-10sm10004sv-cenova-bomba-26911\/\" \/>\n<meta property=\"og:image\" content=\"https:\/\/www.technodompro.com\/wp-content\/uploads\/2026\/SK0012119-CZ20260425-093631-0-1777080994-265588_10sm10004sv-186350041046039.webp\" \/>\n\t<meta property=\"og:image:width\" content=\"1000\" \/>\n\t<meta property=\"og:image:height\" content=\"750\" \/>\n\t<meta property=\"og:image:type\" content=\"image\/webp\" \/>\n<meta name=\"twitter:card\" content=\"summary_large_image\" \/>\n<script type=\"application\/ld+json\" class=\"yoast-schema-graph\">{\"@context\":\"https:\/\/schema.org\",\"@graph\":[{\"@type\":\"WebPage\",\"@id\":\"https:\/\/www.technodompro.com\/index.php\/produkt\/sapho-sentimenti-wc-misa-stojici-rimless-36x52-cm-spodni-zadni-odpad-bila-10sm10004sv-cenova-bomba-26911\/\",\"url\":\"https:\/\/www.technodompro.com\/index.php\/produkt\/sapho-sentimenti-wc-misa-stojici-rimless-36x52-cm-spodni-zadni-odpad-bila-10sm10004sv-cenova-bomba-26911\/\",\"name\":\"Sapho SENTIMENTI WC m\u00edsa stoj\u00edc\u00ed, Rimless, 36x52 cm, spodn\u00ed\/zadn\u00ed odpad, b\u00edl\u00e1 10SM10004SV Cenov\u00e1 Bomba -\",\"isPartOf\":{\"@id\":\"https:\/\/www.technodompro.com\/#website\"},\"primaryImageOfPage\":{\"@id\":\"https:\/\/www.technodompro.com\/index.php\/produkt\/sapho-sentimenti-wc-misa-stojici-rimless-36x52-cm-spodni-zadni-odpad-bila-10sm10004sv-cenova-bomba-26911\/#primaryimage\"},\"image\":{\"@id\":\"https:\/\/www.technodompro.com\/index.php\/produkt\/sapho-sentimenti-wc-misa-stojici-rimless-36x52-cm-spodni-zadni-odpad-bila-10sm10004sv-cenova-bomba-26911\/#primaryimage\"},\"thumbnailUrl\":\"https:\/\/www.technodompro.com\/wp-content\/uploads\/2026\/SK0012119-CZ20260425-093631-0-1777080994-265588_10sm10004sv-186350041046039.webp\",\"datePublished\":\"2026-04-27T04:41:39+00:00\",\"breadcrumb\":{\"@id\":\"https:\/\/www.technodompro.com\/index.php\/produkt\/sapho-sentimenti-wc-misa-stojici-rimless-36x52-cm-spodni-zadni-odpad-bila-10sm10004sv-cenova-bomba-26911\/#breadcrumb\"},\"inLanguage\":\"cs\",\"potentialAction\":[{\"@type\":\"ReadAction\",\"target\":[\"https:\/\/www.technodompro.com\/index.php\/produkt\/sapho-sentimenti-wc-misa-stojici-rimless-36x52-cm-spodni-zadni-odpad-bila-10sm10004sv-cenova-bomba-26911\/\"]}]},{\"@type\":\"ImageObject\",\"inLanguage\":\"cs\",\"@id\":\"https:\/\/www.technodompro.com\/index.php\/produkt\/sapho-sentimenti-wc-misa-stojici-rimless-36x52-cm-spodni-zadni-odpad-bila-10sm10004sv-cenova-bomba-26911\/#primaryimage\",\"url\":\"https:\/\/www.technodompro.com\/wp-content\/uploads\/2026\/SK0012119-CZ20260425-093631-0-1777080994-265588_10sm10004sv-186350041046039.webp\",\"contentUrl\":\"https:\/\/www.technodompro.com\/wp-content\/uploads\/2026\/SK0012119-CZ20260425-093631-0-1777080994-265588_10sm10004sv-186350041046039.webp\",\"width\":1000,\"height\":750},{\"@type\":\"BreadcrumbList\",\"@id\":\"https:\/\/www.technodompro.com\/index.php\/produkt\/sapho-sentimenti-wc-misa-stojici-rimless-36x52-cm-spodni-zadni-odpad-bila-10sm10004sv-cenova-bomba-26911\/#breadcrumb\",\"itemListElement\":[{\"@type\":\"ListItem\",\"position\":1,\"name\":\"Home\",\"item\":\"https:\/\/www.technodompro.com\/\"},{\"@type\":\"ListItem\",\"position\":2,\"name\":\"Products\",\"item\":\"https:\/\/www.technodompro.com\/index.php\/products\/\"},{\"@type\":\"ListItem\",\"position\":3,\"name\":\"Sapho SENTIMENTI WC m\u00edsa stoj\u00edc\u00ed, Rimless, 36&#215;52 cm, spodn\u00ed\/zadn\u00ed odpad, b\u00edl\u00e1 10SM10004SV Cenov\u00e1 Bomba\"}]},{\"@type\":\"WebSite\",\"@id\":\"https:\/\/www.technodompro.com\/#website\",\"url\":\"https:\/\/www.technodompro.com\/\",\"name\":\"\",\"description\":\"\",\"potentialAction\":[{\"@type\":\"SearchAction\",\"target\":{\"@type\":\"EntryPoint\",\"urlTemplate\":\"https:\/\/www.technodompro.com\/?s={search_term_string}\"},\"query-input\":{\"@type\":\"PropertyValueSpecification\",\"valueRequired\":true,\"valueName\":\"search_term_string\"}}],\"inLanguage\":\"cs\"}]}<\/script>\n<!-- \/ Yoast SEO plugin. -->","yoast_head_json":{"title":"Sapho SENTIMENTI WC m\u00edsa stoj\u00edc\u00ed, Rimless, 36x52 cm, spodn\u00ed\/zadn\u00ed odpad, b\u00edl\u00e1 10SM10004SV Cenov\u00e1 Bomba -","robots":{"index":"index","follow":"follow","max-snippet":"max-snippet:-1","max-image-preview":"max-image-preview:large","max-video-preview":"max-video-preview:-1"},"canonical":"https:\/\/www.technodompro.com\/index.php\/produkt\/sapho-sentimenti-wc-misa-stojici-rimless-36x52-cm-spodni-zadni-odpad-bila-10sm10004sv-cenova-bomba-26911\/","og_locale":"cs_CZ","og_type":"article","og_title":"Sapho SENTIMENTI WC m\u00edsa stoj\u00edc\u00ed, Rimless, 36x52 cm, spodn\u00ed\/zadn\u00ed odpad, b\u00edl\u00e1 10SM10004SV Cenov\u00e1 Bomba -","og_description":"Detailn\u00ed popis produktu Vlastnosti Zna\u010dka ISVEA 3D model ANO Rozm\u011br 36,3x40x52 cm \u0160\u00ed\u0159ka 363&nbsp;mm V\u00fd\u0161ka 400&nbsp;mm Hloubka 520&nbsp;mm Barva B\u00edl\u00e1 Materi\u00e1l Keramika Technologie splachov\u00e1n\u00ed Standard Objem splachovac\u00ed vody 4 l \/ 6 l Tvar Klasik Ostatn\u00ed Odpad spodn\u00ed, Odpad zadn\u00ed Balen\u00ed obsahuje Kotv\u00edc\u00ed sada Balen\u00ed neobsahuje WC sed\u00e1tko Hmotnost \/ ks 28.0000&nbsp;kg Balen\u00ed 1&nbsp;ks EAN [&hellip;]","og_url":"https:\/\/www.technodompro.com\/index.php\/produkt\/sapho-sentimenti-wc-misa-stojici-rimless-36x52-cm-spodni-zadni-odpad-bila-10sm10004sv-cenova-bomba-26911\/","og_image":[{"width":1000,"height":750,"url":"https:\/\/www.technodompro.com\/wp-content\/uploads\/2026\/SK0012119-CZ20260425-093631-0-1777080994-265588_10sm10004sv-186350041046039.webp","type":"image\/webp"}],"twitter_card":"summary_large_image","schema":{"@context":"https:\/\/schema.org","@graph":[{"@type":"WebPage","@id":"https:\/\/www.technodompro.com\/index.php\/produkt\/sapho-sentimenti-wc-misa-stojici-rimless-36x52-cm-spodni-zadni-odpad-bila-10sm10004sv-cenova-bomba-26911\/","url":"https:\/\/www.technodompro.com\/index.php\/produkt\/sapho-sentimenti-wc-misa-stojici-rimless-36x52-cm-spodni-zadni-odpad-bila-10sm10004sv-cenova-bomba-26911\/","name":"Sapho SENTIMENTI WC m\u00edsa stoj\u00edc\u00ed, Rimless, 36x52 cm, spodn\u00ed\/zadn\u00ed odpad, b\u00edl\u00e1 10SM10004SV Cenov\u00e1 Bomba -","isPartOf":{"@id":"https:\/\/www.technodompro.com\/#website"},"primaryImageOfPage":{"@id":"https:\/\/www.technodompro.com\/index.php\/produkt\/sapho-sentimenti-wc-misa-stojici-rimless-36x52-cm-spodni-zadni-odpad-bila-10sm10004sv-cenova-bomba-26911\/#primaryimage"},"image":{"@id":"https:\/\/www.technodompro.com\/index.php\/produkt\/sapho-sentimenti-wc-misa-stojici-rimless-36x52-cm-spodni-zadni-odpad-bila-10sm10004sv-cenova-bomba-26911\/#primaryimage"},"thumbnailUrl":"https:\/\/www.technodompro.com\/wp-content\/uploads\/2026\/SK0012119-CZ20260425-093631-0-1777080994-265588_10sm10004sv-186350041046039.webp","datePublished":"2026-04-27T04:41:39+00:00","breadcrumb":{"@id":"https:\/\/www.technodompro.com\/index.php\/produkt\/sapho-sentimenti-wc-misa-stojici-rimless-36x52-cm-spodni-zadni-odpad-bila-10sm10004sv-cenova-bomba-26911\/#breadcrumb"},"inLanguage":"cs","potentialAction":[{"@type":"ReadAction","target":["https:\/\/www.technodompro.com\/index.php\/produkt\/sapho-sentimenti-wc-misa-stojici-rimless-36x52-cm-spodni-zadni-odpad-bila-10sm10004sv-cenova-bomba-26911\/"]}]},{"@type":"ImageObject","inLanguage":"cs","@id":"https:\/\/www.technodompro.com\/index.php\/produkt\/sapho-sentimenti-wc-misa-stojici-rimless-36x52-cm-spodni-zadni-odpad-bila-10sm10004sv-cenova-bomba-26911\/#primaryimage","url":"https:\/\/www.technodompro.com\/wp-content\/uploads\/2026\/SK0012119-CZ20260425-093631-0-1777080994-265588_10sm10004sv-186350041046039.webp","contentUrl":"https:\/\/www.technodompro.com\/wp-content\/uploads\/2026\/SK0012119-CZ20260425-093631-0-1777080994-265588_10sm10004sv-186350041046039.webp","width":1000,"height":750},{"@type":"BreadcrumbList","@id":"https:\/\/www.technodompro.com\/index.php\/produkt\/sapho-sentimenti-wc-misa-stojici-rimless-36x52-cm-spodni-zadni-odpad-bila-10sm10004sv-cenova-bomba-26911\/#breadcrumb","itemListElement":[{"@type":"ListItem","position":1,"name":"Home","item":"https:\/\/www.technodompro.com\/"},{"@type":"ListItem","position":2,"name":"Products","item":"https:\/\/www.technodompro.com\/index.php\/products\/"},{"@type":"ListItem","position":3,"name":"Sapho SENTIMENTI WC m\u00edsa stoj\u00edc\u00ed, Rimless, 36&#215;52 cm, spodn\u00ed\/zadn\u00ed odpad, b\u00edl\u00e1 10SM10004SV Cenov\u00e1 Bomba"}]},{"@type":"WebSite","@id":"https:\/\/www.technodompro.com\/#website","url":"https:\/\/www.technodompro.com\/","name":"","description":"","potentialAction":[{"@type":"SearchAction","target":{"@type":"EntryPoint","urlTemplate":"https:\/\/www.technodompro.com\/?s={search_term_string}"},"query-input":{"@type":"PropertyValueSpecification","valueRequired":true,"valueName":"search_term_string"}}],"inLanguage":"cs"}]}},"_links":{"self":[{"href":"https:\/\/www.technodompro.com\/index.php\/wp-json\/wp\/v2\/product\/26911","targetHints":{"allow":["GET"]}}],"collection":[{"href":"https:\/\/www.technodompro.com\/index.php\/wp-json\/wp\/v2\/product"}],"about":[{"href":"https:\/\/www.technodompro.com\/index.php\/wp-json\/wp\/v2\/types\/product"}],"replies":[{"embeddable":true,"href":"https:\/\/www.technodompro.com\/index.php\/wp-json\/wp\/v2\/comments?post=26911"}],"wp:featuredmedia":[{"embeddable":true,"href":"https:\/\/www.technodompro.com\/index.php\/wp-json\/wp\/v2\/media\/27011"}],"wp:attachment":[{"href":"https:\/\/www.technodompro.com\/index.php\/wp-json\/wp\/v2\/media?parent=26911"}],"wp:term":[{"taxonomy":"product_brand","embeddable":true,"href":"https:\/\/www.technodompro.com\/index.php\/wp-json\/wp\/v2\/product_brand?post=26911"},{"taxonomy":"product_cat","embeddable":true,"href":"https:\/\/www.technodompro.com\/index.php\/wp-json\/wp\/v2\/product_cat?post=26911"},{"taxonomy":"product_tag","embeddable":true,"href":"https:\/\/www.technodompro.com\/index.php\/wp-json\/wp\/v2\/product_tag?post=26911"}],"curies":[{"name":"wp","href":"https:\/\/api.w.org\/{rel}","templated":true}]}}