{"id":26919,"date":"2026-04-27T04:41:39","date_gmt":"2026-04-27T04:41:39","guid":{"rendered":""},"modified":"2026-04-27T04:41:39","modified_gmt":"2026-04-27T04:41:39","slug":"cenovy-hit-sapho-shick-nastenny-susak-rucniku-500x1344-mm-kulaty-cerna-mat-sh500b-26919","status":"publish","type":"product","link":"https:\/\/www.technodompro.com\/produkt\/cenovy-hit-sapho-shick-nastenny-susak-rucniku-500x1344-mm-kulaty-cerna-mat-sh500b-26919\/","title":{"rendered":"Cenov\u00fd Hit Sapho SHICK n\u00e1st\u011bnn\u00fd su\u0161\u00e1k ru\u010dn\u00edk\u016f 500&#215;1344 mm, kulat\u00fd, \u010dern\u00e1 mat SH500B"},"content":{"rendered":"<div class=\"basic-description\">\n<h3>Detailn\u00ed popis produktu<\/h3>\n<p><\/p>\n<h2 class=\"props-title\">Vlastnosti<\/h2>\n<table>\n<tr>\n<th>Zna\u010dka<\/th>\n<td>SAPHO<\/td>\n<\/tr>\n<tr>\n<th>3D model<\/th>\n<td>ANO<\/td>\n<\/tr>\n<tr>\n<th>Rozm\u011br<\/th>\n<td>500x1344x122 mm<\/td>\n<\/tr>\n<tr>\n<th>\u0160\u00ed\u0159ka<\/th>\n<td>500&nbsp;mm<\/td>\n<\/tr>\n<tr>\n<th>V\u00fd\u0161ka<\/th>\n<td>1344&nbsp;mm<\/td>\n<\/tr>\n<tr>\n<th>Hloubka<\/th>\n<td>122&nbsp;mm<\/td>\n<\/tr>\n<tr>\n<th>Barva<\/th>\n<td>\u010cern\u00e1<\/td>\n<\/tr>\n<tr>\n<th>Materi\u00e1l<\/th>\n<td>Nerez<\/td>\n<\/tr>\n<tr>\n<th>Tvar<\/th>\n<td>Kruhov\u00e9<\/td>\n<\/tr>\n<tr>\n<th>Druh<\/th>\n<td>Dr\u017e\u00e1k ru\u010dn\u00edk\u016f v\u00edceramenn\u00fd<\/td>\n<\/tr>\n<tr>\n<th>Instalace<\/th>\n<td>N\u00e1st\u011bnn\u00e1<\/td>\n<\/tr>\n<tr>\n<th>Hmotnost \/ ks<\/th>\n<td>5.2000&nbsp;kg<\/td>\n<\/tr>\n<tr>\n<th>EAN<\/th>\n<td>8590913922909<\/td>\n<\/tr>\n<tr>\n<th>Taric<\/th>\n<td>73269098<\/td>\n<\/tr>\n<tr>\n<th>Z\u00e1ruka<\/th>\n<td>2 roky<\/td>\n<\/tr>\n<\/table><\/div>\n","protected":false},"excerpt":{"rendered":"<p>Detailn\u00ed popis produktu Vlastnosti Zna\u010dka SAPHO 3D model ANO Rozm\u011br 500x1344x122 mm \u0160\u00ed\u0159ka 500&nbsp;mm V\u00fd\u0161ka 1344&nbsp;mm Hloubka 122&nbsp;mm Barva \u010cern\u00e1 Materi\u00e1l Nerez Tvar Kruhov\u00e9 Druh Dr\u017e\u00e1k ru\u010dn\u00edk\u016f v\u00edceramenn\u00fd Instalace N\u00e1st\u011bnn\u00e1 Hmotnost \/ ks 5.2000&nbsp;kg EAN 8590913922909 Taric 73269098 Z\u00e1ruka 2 roky<\/p>\n","protected":false},"featured_media":27019,"template":"","meta":[],"product_brand":[],"product_cat":[102],"product_tag":[],"class_list":{"0":"post-26919","1":"product","2":"type-product","3":"status-publish","4":"has-post-thumbnail","6":"product_cat-koupelnove-vybaveni","8":"first","9":"instock","10":"sale","11":"shipping-taxable","12":"purchasable","13":"product-type-simple"},"yoast_head":"<!-- This site is optimized with the Yoast SEO plugin v26.8 - https:\/\/yoast.com\/product\/yoast-seo-wordpress\/ -->\n<title>Cenov\u00fd Hit Sapho SHICK n\u00e1st\u011bnn\u00fd su\u0161\u00e1k ru\u010dn\u00edk\u016f 500x1344 mm, kulat\u00fd, \u010dern\u00e1 mat SH500B - Modern\u00ed koupelny &amp; sanita a interi\u00e9rov\u00e9 vybaven\u00ed pro v\u00e1\u0161 domov<\/title>\n<meta name=\"robots\" content=\"index, follow, max-snippet:-1, max-image-preview:large, max-video-preview:-1\" \/>\n<link rel=\"canonical\" href=\"https:\/\/www.technodompro.com\/index.php\/produkt\/cenovy-hit-sapho-shick-nastenny-susak-rucniku-500x1344-mm-kulaty-cerna-mat-sh500b-26919\/\" \/>\n<meta property=\"og:locale\" content=\"cs_CZ\" \/>\n<meta property=\"og:type\" content=\"article\" \/>\n<meta property=\"og:title\" content=\"Cenov\u00fd Hit Sapho SHICK n\u00e1st\u011bnn\u00fd su\u0161\u00e1k ru\u010dn\u00edk\u016f 500x1344 mm, kulat\u00fd, \u010dern\u00e1 mat SH500B - Modern\u00ed koupelny &amp; sanita a interi\u00e9rov\u00e9 vybaven\u00ed pro v\u00e1\u0161 domov\" \/>\n<meta property=\"og:description\" content=\"Detailn\u00ed popis produktu Vlastnosti Zna\u010dka SAPHO 3D model ANO Rozm\u011br 500x1344x122 mm \u0160\u00ed\u0159ka 500&nbsp;mm V\u00fd\u0161ka 1344&nbsp;mm Hloubka 122&nbsp;mm Barva \u010cern\u00e1 Materi\u00e1l Nerez Tvar Kruhov\u00e9 Druh Dr\u017e\u00e1k ru\u010dn\u00edk\u016f v\u00edceramenn\u00fd Instalace N\u00e1st\u011bnn\u00e1 Hmotnost \/ ks 5.2000&nbsp;kg EAN 8590913922909 Taric 73269098 Z\u00e1ruka 2 roky\" \/>\n<meta property=\"og:url\" content=\"https:\/\/www.technodompro.com\/index.php\/produkt\/cenovy-hit-sapho-shick-nastenny-susak-rucniku-500x1344-mm-kulaty-cerna-mat-sh500b-26919\/\" \/>\n<meta property=\"og:site_name\" content=\"Modern\u00ed koupelny &amp; sanita a interi\u00e9rov\u00e9 vybaven\u00ed pro v\u00e1\u0161 domov\" \/>\n<meta property=\"og:image\" content=\"https:\/\/www.technodompro.com\/wp-content\/uploads\/2026\/SK0012127-CZ20260425-093631-0-1777080994-265630_sh500b-192573448652988.webp\" \/>\n\t<meta property=\"og:image:width\" content=\"1000\" \/>\n\t<meta property=\"og:image:height\" content=\"750\" \/>\n\t<meta property=\"og:image:type\" content=\"image\/webp\" \/>\n<meta name=\"twitter:card\" content=\"summary_large_image\" \/>\n<script type=\"application\/ld+json\" class=\"yoast-schema-graph\">{\"@context\":\"https:\/\/schema.org\",\"@graph\":[{\"@type\":\"WebPage\",\"@id\":\"https:\/\/www.technodompro.com\/index.php\/produkt\/cenovy-hit-sapho-shick-nastenny-susak-rucniku-500x1344-mm-kulaty-cerna-mat-sh500b-26919\/\",\"url\":\"https:\/\/www.technodompro.com\/index.php\/produkt\/cenovy-hit-sapho-shick-nastenny-susak-rucniku-500x1344-mm-kulaty-cerna-mat-sh500b-26919\/\",\"name\":\"Cenov\u00fd Hit Sapho SHICK n\u00e1st\u011bnn\u00fd su\u0161\u00e1k ru\u010dn\u00edk\u016f 500x1344 mm, kulat\u00fd, \u010dern\u00e1 mat SH500B - Modern\u00ed koupelny &amp; sanita a interi\u00e9rov\u00e9 vybaven\u00ed pro v\u00e1\u0161 domov\",\"isPartOf\":{\"@id\":\"https:\/\/www.technodompro.com\/#website\"},\"primaryImageOfPage\":{\"@id\":\"https:\/\/www.technodompro.com\/index.php\/produkt\/cenovy-hit-sapho-shick-nastenny-susak-rucniku-500x1344-mm-kulaty-cerna-mat-sh500b-26919\/#primaryimage\"},\"image\":{\"@id\":\"https:\/\/www.technodompro.com\/index.php\/produkt\/cenovy-hit-sapho-shick-nastenny-susak-rucniku-500x1344-mm-kulaty-cerna-mat-sh500b-26919\/#primaryimage\"},\"thumbnailUrl\":\"https:\/\/www.technodompro.com\/wp-content\/uploads\/2026\/SK0012127-CZ20260425-093631-0-1777080994-265630_sh500b-192573448652988.webp\",\"datePublished\":\"2026-04-27T04:41:39+00:00\",\"breadcrumb\":{\"@id\":\"https:\/\/www.technodompro.com\/index.php\/produkt\/cenovy-hit-sapho-shick-nastenny-susak-rucniku-500x1344-mm-kulaty-cerna-mat-sh500b-26919\/#breadcrumb\"},\"inLanguage\":\"cs\",\"potentialAction\":[{\"@type\":\"ReadAction\",\"target\":[\"https:\/\/www.technodompro.com\/index.php\/produkt\/cenovy-hit-sapho-shick-nastenny-susak-rucniku-500x1344-mm-kulaty-cerna-mat-sh500b-26919\/\"]}]},{\"@type\":\"ImageObject\",\"inLanguage\":\"cs\",\"@id\":\"https:\/\/www.technodompro.com\/index.php\/produkt\/cenovy-hit-sapho-shick-nastenny-susak-rucniku-500x1344-mm-kulaty-cerna-mat-sh500b-26919\/#primaryimage\",\"url\":\"https:\/\/www.technodompro.com\/wp-content\/uploads\/2026\/SK0012127-CZ20260425-093631-0-1777080994-265630_sh500b-192573448652988.webp\",\"contentUrl\":\"https:\/\/www.technodompro.com\/wp-content\/uploads\/2026\/SK0012127-CZ20260425-093631-0-1777080994-265630_sh500b-192573448652988.webp\",\"width\":1000,\"height\":750},{\"@type\":\"BreadcrumbList\",\"@id\":\"https:\/\/www.technodompro.com\/index.php\/produkt\/cenovy-hit-sapho-shick-nastenny-susak-rucniku-500x1344-mm-kulaty-cerna-mat-sh500b-26919\/#breadcrumb\",\"itemListElement\":[{\"@type\":\"ListItem\",\"position\":1,\"name\":\"Home\",\"item\":\"https:\/\/www.technodompro.com\/\"},{\"@type\":\"ListItem\",\"position\":2,\"name\":\"Products\",\"item\":\"https:\/\/www.technodompro.com\/products\/\"},{\"@type\":\"ListItem\",\"position\":3,\"name\":\"Cenov\u00fd Hit Sapho SHICK n\u00e1st\u011bnn\u00fd su\u0161\u00e1k ru\u010dn\u00edk\u016f 500&#215;1344 mm, kulat\u00fd, \u010dern\u00e1 mat SH500B\"}]},{\"@type\":\"WebSite\",\"@id\":\"https:\/\/www.technodompro.com\/#website\",\"url\":\"https:\/\/www.technodompro.com\/\",\"name\":\"Modern\u00ed koupelny &amp; sanita a interi\u00e9rov\u00e9 vybaven\u00ed pro v\u00e1\u0161 domov\",\"description\":\"Modern\u00ed koupelny &amp; sanita a interi\u00e9rov\u00e9 vybaven\u00ed pro v\u00e1\u0161 domov\",\"publisher\":{\"@id\":\"https:\/\/www.technodompro.com\/#organization\"},\"potentialAction\":[{\"@type\":\"SearchAction\",\"target\":{\"@type\":\"EntryPoint\",\"urlTemplate\":\"https:\/\/www.technodompro.com\/?s={search_term_string}\"},\"query-input\":{\"@type\":\"PropertyValueSpecification\",\"valueRequired\":true,\"valueName\":\"search_term_string\"}}],\"inLanguage\":\"cs\"},{\"@type\":\"Organization\",\"@id\":\"https:\/\/www.technodompro.com\/#organization\",\"name\":\"Modern\u00ed koupelny &amp; sanita a interi\u00e9rov\u00e9 vybaven\u00ed pro v\u00e1\u0161 domov\",\"url\":\"https:\/\/www.technodompro.com\/\",\"logo\":{\"@type\":\"ImageObject\",\"inLanguage\":\"cs\",\"@id\":\"https:\/\/www.technodompro.com\/#\/schema\/logo\/image\/\",\"url\":\"https:\/\/www.technodompro.com\/wp-content\/uploads\/2026\/04\/technodompro_logo.svg\",\"contentUrl\":\"https:\/\/www.technodompro.com\/wp-content\/uploads\/2026\/04\/technodompro_logo.svg\",\"width\":760,\"height\":180,\"caption\":\"Modern\u00ed koupelny &amp; sanita a interi\u00e9rov\u00e9 vybaven\u00ed pro v\u00e1\u0161 domov\"},\"image\":{\"@id\":\"https:\/\/www.technodompro.com\/#\/schema\/logo\/image\/\"}}]}<\/script>\n<!-- \/ Yoast SEO plugin. -->","yoast_head_json":{"title":"Cenov\u00fd Hit Sapho SHICK n\u00e1st\u011bnn\u00fd su\u0161\u00e1k ru\u010dn\u00edk\u016f 500x1344 mm, kulat\u00fd, \u010dern\u00e1 mat SH500B - Modern\u00ed koupelny &amp; sanita a interi\u00e9rov\u00e9 vybaven\u00ed pro v\u00e1\u0161 domov","robots":{"index":"index","follow":"follow","max-snippet":"max-snippet:-1","max-image-preview":"max-image-preview:large","max-video-preview":"max-video-preview:-1"},"canonical":"https:\/\/www.technodompro.com\/index.php\/produkt\/cenovy-hit-sapho-shick-nastenny-susak-rucniku-500x1344-mm-kulaty-cerna-mat-sh500b-26919\/","og_locale":"cs_CZ","og_type":"article","og_title":"Cenov\u00fd Hit Sapho SHICK n\u00e1st\u011bnn\u00fd su\u0161\u00e1k ru\u010dn\u00edk\u016f 500x1344 mm, kulat\u00fd, \u010dern\u00e1 mat SH500B - Modern\u00ed koupelny &amp; sanita a interi\u00e9rov\u00e9 vybaven\u00ed pro v\u00e1\u0161 domov","og_description":"Detailn\u00ed popis produktu Vlastnosti Zna\u010dka SAPHO 3D model ANO Rozm\u011br 500x1344x122 mm \u0160\u00ed\u0159ka 500&nbsp;mm V\u00fd\u0161ka 1344&nbsp;mm Hloubka 122&nbsp;mm Barva \u010cern\u00e1 Materi\u00e1l Nerez Tvar Kruhov\u00e9 Druh Dr\u017e\u00e1k ru\u010dn\u00edk\u016f v\u00edceramenn\u00fd Instalace N\u00e1st\u011bnn\u00e1 Hmotnost \/ ks 5.2000&nbsp;kg EAN 8590913922909 Taric 73269098 Z\u00e1ruka 2 roky","og_url":"https:\/\/www.technodompro.com\/index.php\/produkt\/cenovy-hit-sapho-shick-nastenny-susak-rucniku-500x1344-mm-kulaty-cerna-mat-sh500b-26919\/","og_site_name":"Modern\u00ed koupelny &amp; sanita a interi\u00e9rov\u00e9 vybaven\u00ed pro v\u00e1\u0161 domov","og_image":[{"width":1000,"height":750,"url":"https:\/\/www.technodompro.com\/wp-content\/uploads\/2026\/SK0012127-CZ20260425-093631-0-1777080994-265630_sh500b-192573448652988.webp","type":"image\/webp"}],"twitter_card":"summary_large_image","schema":{"@context":"https:\/\/schema.org","@graph":[{"@type":"WebPage","@id":"https:\/\/www.technodompro.com\/index.php\/produkt\/cenovy-hit-sapho-shick-nastenny-susak-rucniku-500x1344-mm-kulaty-cerna-mat-sh500b-26919\/","url":"https:\/\/www.technodompro.com\/index.php\/produkt\/cenovy-hit-sapho-shick-nastenny-susak-rucniku-500x1344-mm-kulaty-cerna-mat-sh500b-26919\/","name":"Cenov\u00fd Hit Sapho SHICK n\u00e1st\u011bnn\u00fd su\u0161\u00e1k ru\u010dn\u00edk\u016f 500x1344 mm, kulat\u00fd, \u010dern\u00e1 mat SH500B - Modern\u00ed koupelny &amp; sanita a interi\u00e9rov\u00e9 vybaven\u00ed pro v\u00e1\u0161 domov","isPartOf":{"@id":"https:\/\/www.technodompro.com\/#website"},"primaryImageOfPage":{"@id":"https:\/\/www.technodompro.com\/index.php\/produkt\/cenovy-hit-sapho-shick-nastenny-susak-rucniku-500x1344-mm-kulaty-cerna-mat-sh500b-26919\/#primaryimage"},"image":{"@id":"https:\/\/www.technodompro.com\/index.php\/produkt\/cenovy-hit-sapho-shick-nastenny-susak-rucniku-500x1344-mm-kulaty-cerna-mat-sh500b-26919\/#primaryimage"},"thumbnailUrl":"https:\/\/www.technodompro.com\/wp-content\/uploads\/2026\/SK0012127-CZ20260425-093631-0-1777080994-265630_sh500b-192573448652988.webp","datePublished":"2026-04-27T04:41:39+00:00","breadcrumb":{"@id":"https:\/\/www.technodompro.com\/index.php\/produkt\/cenovy-hit-sapho-shick-nastenny-susak-rucniku-500x1344-mm-kulaty-cerna-mat-sh500b-26919\/#breadcrumb"},"inLanguage":"cs","potentialAction":[{"@type":"ReadAction","target":["https:\/\/www.technodompro.com\/index.php\/produkt\/cenovy-hit-sapho-shick-nastenny-susak-rucniku-500x1344-mm-kulaty-cerna-mat-sh500b-26919\/"]}]},{"@type":"ImageObject","inLanguage":"cs","@id":"https:\/\/www.technodompro.com\/index.php\/produkt\/cenovy-hit-sapho-shick-nastenny-susak-rucniku-500x1344-mm-kulaty-cerna-mat-sh500b-26919\/#primaryimage","url":"https:\/\/www.technodompro.com\/wp-content\/uploads\/2026\/SK0012127-CZ20260425-093631-0-1777080994-265630_sh500b-192573448652988.webp","contentUrl":"https:\/\/www.technodompro.com\/wp-content\/uploads\/2026\/SK0012127-CZ20260425-093631-0-1777080994-265630_sh500b-192573448652988.webp","width":1000,"height":750},{"@type":"BreadcrumbList","@id":"https:\/\/www.technodompro.com\/index.php\/produkt\/cenovy-hit-sapho-shick-nastenny-susak-rucniku-500x1344-mm-kulaty-cerna-mat-sh500b-26919\/#breadcrumb","itemListElement":[{"@type":"ListItem","position":1,"name":"Home","item":"https:\/\/www.technodompro.com\/"},{"@type":"ListItem","position":2,"name":"Products","item":"https:\/\/www.technodompro.com\/products\/"},{"@type":"ListItem","position":3,"name":"Cenov\u00fd Hit Sapho SHICK n\u00e1st\u011bnn\u00fd su\u0161\u00e1k ru\u010dn\u00edk\u016f 500&#215;1344 mm, kulat\u00fd, \u010dern\u00e1 mat SH500B"}]},{"@type":"WebSite","@id":"https:\/\/www.technodompro.com\/#website","url":"https:\/\/www.technodompro.com\/","name":"Modern\u00ed koupelny &amp; sanita a interi\u00e9rov\u00e9 vybaven\u00ed pro v\u00e1\u0161 domov","description":"Modern\u00ed koupelny &amp; sanita a interi\u00e9rov\u00e9 vybaven\u00ed pro v\u00e1\u0161 domov","publisher":{"@id":"https:\/\/www.technodompro.com\/#organization"},"potentialAction":[{"@type":"SearchAction","target":{"@type":"EntryPoint","urlTemplate":"https:\/\/www.technodompro.com\/?s={search_term_string}"},"query-input":{"@type":"PropertyValueSpecification","valueRequired":true,"valueName":"search_term_string"}}],"inLanguage":"cs"},{"@type":"Organization","@id":"https:\/\/www.technodompro.com\/#organization","name":"Modern\u00ed koupelny &amp; sanita a interi\u00e9rov\u00e9 vybaven\u00ed pro v\u00e1\u0161 domov","url":"https:\/\/www.technodompro.com\/","logo":{"@type":"ImageObject","inLanguage":"cs","@id":"https:\/\/www.technodompro.com\/#\/schema\/logo\/image\/","url":"https:\/\/www.technodompro.com\/wp-content\/uploads\/2026\/04\/technodompro_logo.svg","contentUrl":"https:\/\/www.technodompro.com\/wp-content\/uploads\/2026\/04\/technodompro_logo.svg","width":760,"height":180,"caption":"Modern\u00ed koupelny &amp; sanita a interi\u00e9rov\u00e9 vybaven\u00ed pro v\u00e1\u0161 domov"},"image":{"@id":"https:\/\/www.technodompro.com\/#\/schema\/logo\/image\/"}}]}},"_links":{"self":[{"href":"https:\/\/www.technodompro.com\/wp-json\/wp\/v2\/product\/26919","targetHints":{"allow":["GET"]}}],"collection":[{"href":"https:\/\/www.technodompro.com\/wp-json\/wp\/v2\/product"}],"about":[{"href":"https:\/\/www.technodompro.com\/wp-json\/wp\/v2\/types\/product"}],"wp:featuredmedia":[{"embeddable":true,"href":"https:\/\/www.technodompro.com\/wp-json\/wp\/v2\/media\/27019"}],"wp:attachment":[{"href":"https:\/\/www.technodompro.com\/wp-json\/wp\/v2\/media?parent=26919"}],"wp:term":[{"taxonomy":"product_brand","embeddable":true,"href":"https:\/\/www.technodompro.com\/wp-json\/wp\/v2\/product_brand?post=26919"},{"taxonomy":"product_cat","embeddable":true,"href":"https:\/\/www.technodompro.com\/wp-json\/wp\/v2\/product_cat?post=26919"},{"taxonomy":"product_tag","embeddable":true,"href":"https:\/\/www.technodompro.com\/wp-json\/wp\/v2\/product_tag?post=26919"}],"curies":[{"name":"wp","href":"https:\/\/api.w.org\/{rel}","templated":true}]}}