{"id":26920,"date":"2026-04-27T04:41:39","date_gmt":"2026-04-27T04:41:39","guid":{"rendered":""},"modified":"2026-04-27T04:41:39","modified_gmt":"2026-04-27T04:41:39","slug":"nova-kolekce-sapho-schwab-set-wc-199-podomitkova-nadrzka-pro-zazdeni-3-6l-dn110mm-t02-0112-0250-26920","status":"publish","type":"product","link":"https:\/\/www.technodompro.com\/index.php\/produkt\/nova-kolekce-sapho-schwab-set-wc-199-podomitkova-nadrzka-pro-zazdeni-3-6l-dn110mm-t02-0112-0250-26920\/","title":{"rendered":"Nov\u00e1 Kolekce Sapho SCHWAB SET WC 199 podom\u00edtkov\u00e1 n\u00e1dr\u017eka pro zazd\u011bn\u00ed 3\/6l, DN110mm T02-0112-0250"},"content":{"rendered":"<div class=\"basic-description\">\n<h3>Detailn\u00ed popis produktu<\/h3>\n<div>\n<p><strong>Zp\u016fsob instalace<\/strong><\/p>\n<ul>\n<li>Pro instalaci na nebo do pevn\u00fdch vyzd\u011bn\u00fdch st\u011bn<\/li>\n<\/ul>\n<p><strong>Vlastnosti<\/strong><\/p>\n<ul>\n<li>Pozinkovan\u00fd WC prvek s p\u0159edmontovanou n\u00e1dr\u017ekou   <\/li>\n<li>P\u0159edn\u00ed splachov\u00e1n\u00ed (3\/6 l)   <\/li>\n<li>Nastaviteln\u00fd objem splachov\u00e1n\u00ed (velk\u00e9 splachov\u00e1n\u00ed 4-7 l, mal\u00e9 splachov\u00e1n\u00ed   2-3 l)   <\/li>\n<li>Vodovodn\u00ed p\u0159\u00edpojka \u2013 naho\u0159e uprost\u0159ed   <\/li>\n<li>Pln\u011b izolovan\u00e9 proti kondenzaci<\/li>\n<\/ul>\n<p><strong>Speci\u00e1ln\u00ed funkce<\/strong><\/p>\n<ul>\n<li>Tich\u00fd hydraulick\u00fd plnic\u00ed ventil (t\u0159\u00edda hluku 1 ISO 3822)<\/li>\n<\/ul>\n<p><strong>Produkt obsahuje<\/strong><\/p>\n<ul>\n<li>Splachovac\u00ed n\u00e1dr\u017e pod om\u00edtku vybaven\u00e1 p\u0159edinstalovan\u00fdm uzav\u00edrac\u00edm a   napou\u0161t\u011bc\u00edm ventilem   <\/li>\n<li>P\u0159ipojen\u00ed vody 1\/2&#8243;   <\/li>\n<li>PE odtokov\u00e9 koleno DN 90 mm s t\u011bsn\u011bn\u00edm   <\/li>\n<li>PE adapt\u00e9r DN 90 \/ 110 mm s t\u011bsn\u011bn\u00edm   <\/li>\n<li>Kompletn\u00ed mont\u00e1\u017en\u00ed a upev\u0148ovac\u00ed materi\u00e1l<\/li>\n<\/ul>\n<p>Odpov\u00edd\u00e1 norm\u011b EN 14055 <\/p>\n<\/div>\n<p><\/p>\n<h2 class=\"props-title\">Vlastnosti<\/h2>\n<table>\n<tr>\n<th>Zna\u010dka<\/th>\n<td>SCHWAB<\/td>\n<\/tr>\n<tr>\n<th>Rozm\u011br<\/th>\n<td>497x794x85 mm<\/td>\n<\/tr>\n<tr>\n<th>Hmotnost \/ ks<\/th>\n<td>9.5000&nbsp;kg<\/td>\n<\/tr>\n<tr>\n<th>Balen\u00ed<\/th>\n<td>1&nbsp;ks<\/td>\n<\/tr>\n<tr>\n<th>EAN<\/th>\n<td>8681282614738<\/td>\n<\/tr>\n<tr>\n<th>Taric<\/th>\n<td>39229000<\/td>\n<\/tr>\n<tr>\n<th>Z\u00e1ruka<\/th>\n<td>10 let<\/td>\n<\/tr>\n<\/table><\/div>\n","protected":false},"excerpt":{"rendered":"<p>Detailn\u00ed popis produktu Zp\u016fsob instalace Pro instalaci na nebo do pevn\u00fdch vyzd\u011bn\u00fdch st\u011bn Vlastnosti Pozinkovan\u00fd WC prvek s p\u0159edmontovanou n\u00e1dr\u017ekou P\u0159edn\u00ed splachov\u00e1n\u00ed (3\/6 l) Nastaviteln\u00fd objem splachov\u00e1n\u00ed (velk\u00e9 splachov\u00e1n\u00ed 4-7 l, mal\u00e9 splachov\u00e1n\u00ed 2-3 l) Vodovodn\u00ed p\u0159\u00edpojka \u2013 naho\u0159e uprost\u0159ed Pln\u011b izolovan\u00e9 proti kondenzaci Speci\u00e1ln\u00ed funkce Tich\u00fd hydraulick\u00fd plnic\u00ed ventil (t\u0159\u00edda hluku 1 ISO 3822) [&hellip;]<\/p>\n","protected":false},"featured_media":27020,"comment_status":"open","ping_status":"open","template":"","meta":[],"product_brand":[],"product_cat":[101],"product_tag":[],"class_list":{"0":"post-26920","1":"product","2":"type-product","3":"status-publish","4":"has-post-thumbnail","6":"product_cat-wc","8":"first","9":"instock","10":"sale","11":"shipping-taxable","12":"purchasable","13":"product-type-simple"},"yoast_head":"<!-- This site is optimized with the Yoast SEO plugin v26.8 - https:\/\/yoast.com\/product\/yoast-seo-wordpress\/ -->\n<title>Nov\u00e1 Kolekce Sapho SCHWAB SET WC 199 podom\u00edtkov\u00e1 n\u00e1dr\u017eka pro zazd\u011bn\u00ed 3\/6l, DN110mm T02-0112-0250 -<\/title>\n<meta name=\"robots\" content=\"index, follow, max-snippet:-1, max-image-preview:large, max-video-preview:-1\" \/>\n<link rel=\"canonical\" href=\"https:\/\/www.technodompro.com\/index.php\/produkt\/nova-kolekce-sapho-schwab-set-wc-199-podomitkova-nadrzka-pro-zazdeni-3-6l-dn110mm-t02-0112-0250-26920\/\" \/>\n<meta property=\"og:locale\" content=\"cs_CZ\" \/>\n<meta property=\"og:type\" content=\"article\" \/>\n<meta property=\"og:title\" content=\"Nov\u00e1 Kolekce Sapho SCHWAB SET WC 199 podom\u00edtkov\u00e1 n\u00e1dr\u017eka pro zazd\u011bn\u00ed 3\/6l, DN110mm T02-0112-0250 -\" \/>\n<meta property=\"og:description\" content=\"Detailn\u00ed popis produktu Zp\u016fsob instalace Pro instalaci na nebo do pevn\u00fdch vyzd\u011bn\u00fdch st\u011bn Vlastnosti Pozinkovan\u00fd WC prvek s p\u0159edmontovanou n\u00e1dr\u017ekou P\u0159edn\u00ed splachov\u00e1n\u00ed (3\/6 l) Nastaviteln\u00fd objem splachov\u00e1n\u00ed (velk\u00e9 splachov\u00e1n\u00ed 4-7 l, mal\u00e9 splachov\u00e1n\u00ed 2-3 l) Vodovodn\u00ed p\u0159\u00edpojka \u2013 naho\u0159e uprost\u0159ed Pln\u011b izolovan\u00e9 proti kondenzaci Speci\u00e1ln\u00ed funkce Tich\u00fd hydraulick\u00fd plnic\u00ed ventil (t\u0159\u00edda hluku 1 ISO 3822) [&hellip;]\" \/>\n<meta property=\"og:url\" content=\"https:\/\/www.technodompro.com\/index.php\/produkt\/nova-kolekce-sapho-schwab-set-wc-199-podomitkova-nadrzka-pro-zazdeni-3-6l-dn110mm-t02-0112-0250-26920\/\" \/>\n<meta property=\"og:image\" content=\"https:\/\/www.technodompro.com\/wp-content\/uploads\/2026\/SK0012128-CZ20260425-093631-0-1777080994-265633-2_t02-0112-0250-242012817196037.webp\" \/>\n\t<meta property=\"og:image:width\" content=\"1000\" \/>\n\t<meta property=\"og:image:height\" content=\"750\" \/>\n\t<meta property=\"og:image:type\" content=\"image\/webp\" \/>\n<meta name=\"twitter:card\" content=\"summary_large_image\" \/>\n<meta name=\"twitter:label1\" content=\"Odhadovan\u00e1 doba \u010dten\u00ed\" \/>\n\t<meta name=\"twitter:data1\" content=\"1 minuta\" \/>\n<script type=\"application\/ld+json\" class=\"yoast-schema-graph\">{\"@context\":\"https:\/\/schema.org\",\"@graph\":[{\"@type\":\"WebPage\",\"@id\":\"https:\/\/www.technodompro.com\/index.php\/produkt\/nova-kolekce-sapho-schwab-set-wc-199-podomitkova-nadrzka-pro-zazdeni-3-6l-dn110mm-t02-0112-0250-26920\/\",\"url\":\"https:\/\/www.technodompro.com\/index.php\/produkt\/nova-kolekce-sapho-schwab-set-wc-199-podomitkova-nadrzka-pro-zazdeni-3-6l-dn110mm-t02-0112-0250-26920\/\",\"name\":\"Nov\u00e1 Kolekce Sapho SCHWAB SET WC 199 podom\u00edtkov\u00e1 n\u00e1dr\u017eka pro zazd\u011bn\u00ed 3\/6l, DN110mm T02-0112-0250 -\",\"isPartOf\":{\"@id\":\"https:\/\/www.technodompro.com\/#website\"},\"primaryImageOfPage\":{\"@id\":\"https:\/\/www.technodompro.com\/index.php\/produkt\/nova-kolekce-sapho-schwab-set-wc-199-podomitkova-nadrzka-pro-zazdeni-3-6l-dn110mm-t02-0112-0250-26920\/#primaryimage\"},\"image\":{\"@id\":\"https:\/\/www.technodompro.com\/index.php\/produkt\/nova-kolekce-sapho-schwab-set-wc-199-podomitkova-nadrzka-pro-zazdeni-3-6l-dn110mm-t02-0112-0250-26920\/#primaryimage\"},\"thumbnailUrl\":\"https:\/\/www.technodompro.com\/wp-content\/uploads\/2026\/SK0012128-CZ20260425-093631-0-1777080994-265633-2_t02-0112-0250-242012817196037.webp\",\"datePublished\":\"2026-04-27T04:41:39+00:00\",\"breadcrumb\":{\"@id\":\"https:\/\/www.technodompro.com\/index.php\/produkt\/nova-kolekce-sapho-schwab-set-wc-199-podomitkova-nadrzka-pro-zazdeni-3-6l-dn110mm-t02-0112-0250-26920\/#breadcrumb\"},\"inLanguage\":\"cs\",\"potentialAction\":[{\"@type\":\"ReadAction\",\"target\":[\"https:\/\/www.technodompro.com\/index.php\/produkt\/nova-kolekce-sapho-schwab-set-wc-199-podomitkova-nadrzka-pro-zazdeni-3-6l-dn110mm-t02-0112-0250-26920\/\"]}]},{\"@type\":\"ImageObject\",\"inLanguage\":\"cs\",\"@id\":\"https:\/\/www.technodompro.com\/index.php\/produkt\/nova-kolekce-sapho-schwab-set-wc-199-podomitkova-nadrzka-pro-zazdeni-3-6l-dn110mm-t02-0112-0250-26920\/#primaryimage\",\"url\":\"https:\/\/www.technodompro.com\/wp-content\/uploads\/2026\/SK0012128-CZ20260425-093631-0-1777080994-265633-2_t02-0112-0250-242012817196037.webp\",\"contentUrl\":\"https:\/\/www.technodompro.com\/wp-content\/uploads\/2026\/SK0012128-CZ20260425-093631-0-1777080994-265633-2_t02-0112-0250-242012817196037.webp\",\"width\":1000,\"height\":750},{\"@type\":\"BreadcrumbList\",\"@id\":\"https:\/\/www.technodompro.com\/index.php\/produkt\/nova-kolekce-sapho-schwab-set-wc-199-podomitkova-nadrzka-pro-zazdeni-3-6l-dn110mm-t02-0112-0250-26920\/#breadcrumb\",\"itemListElement\":[{\"@type\":\"ListItem\",\"position\":1,\"name\":\"Home\",\"item\":\"https:\/\/www.technodompro.com\/\"},{\"@type\":\"ListItem\",\"position\":2,\"name\":\"Products\",\"item\":\"https:\/\/www.technodompro.com\/index.php\/products\/\"},{\"@type\":\"ListItem\",\"position\":3,\"name\":\"Nov\u00e1 Kolekce Sapho SCHWAB SET WC 199 podom\u00edtkov\u00e1 n\u00e1dr\u017eka pro zazd\u011bn\u00ed 3\/6l, DN110mm T02-0112-0250\"}]},{\"@type\":\"WebSite\",\"@id\":\"https:\/\/www.technodompro.com\/#website\",\"url\":\"https:\/\/www.technodompro.com\/\",\"name\":\"\",\"description\":\"\",\"potentialAction\":[{\"@type\":\"SearchAction\",\"target\":{\"@type\":\"EntryPoint\",\"urlTemplate\":\"https:\/\/www.technodompro.com\/?s={search_term_string}\"},\"query-input\":{\"@type\":\"PropertyValueSpecification\",\"valueRequired\":true,\"valueName\":\"search_term_string\"}}],\"inLanguage\":\"cs\"}]}<\/script>\n<!-- \/ Yoast SEO plugin. -->","yoast_head_json":{"title":"Nov\u00e1 Kolekce Sapho SCHWAB SET WC 199 podom\u00edtkov\u00e1 n\u00e1dr\u017eka pro zazd\u011bn\u00ed 3\/6l, DN110mm T02-0112-0250 -","robots":{"index":"index","follow":"follow","max-snippet":"max-snippet:-1","max-image-preview":"max-image-preview:large","max-video-preview":"max-video-preview:-1"},"canonical":"https:\/\/www.technodompro.com\/index.php\/produkt\/nova-kolekce-sapho-schwab-set-wc-199-podomitkova-nadrzka-pro-zazdeni-3-6l-dn110mm-t02-0112-0250-26920\/","og_locale":"cs_CZ","og_type":"article","og_title":"Nov\u00e1 Kolekce Sapho SCHWAB SET WC 199 podom\u00edtkov\u00e1 n\u00e1dr\u017eka pro zazd\u011bn\u00ed 3\/6l, DN110mm T02-0112-0250 -","og_description":"Detailn\u00ed popis produktu Zp\u016fsob instalace Pro instalaci na nebo do pevn\u00fdch vyzd\u011bn\u00fdch st\u011bn Vlastnosti Pozinkovan\u00fd WC prvek s p\u0159edmontovanou n\u00e1dr\u017ekou P\u0159edn\u00ed splachov\u00e1n\u00ed (3\/6 l) Nastaviteln\u00fd objem splachov\u00e1n\u00ed (velk\u00e9 splachov\u00e1n\u00ed 4-7 l, mal\u00e9 splachov\u00e1n\u00ed 2-3 l) Vodovodn\u00ed p\u0159\u00edpojka \u2013 naho\u0159e uprost\u0159ed Pln\u011b izolovan\u00e9 proti kondenzaci Speci\u00e1ln\u00ed funkce Tich\u00fd hydraulick\u00fd plnic\u00ed ventil (t\u0159\u00edda hluku 1 ISO 3822) [&hellip;]","og_url":"https:\/\/www.technodompro.com\/index.php\/produkt\/nova-kolekce-sapho-schwab-set-wc-199-podomitkova-nadrzka-pro-zazdeni-3-6l-dn110mm-t02-0112-0250-26920\/","og_image":[{"width":1000,"height":750,"url":"https:\/\/www.technodompro.com\/wp-content\/uploads\/2026\/SK0012128-CZ20260425-093631-0-1777080994-265633-2_t02-0112-0250-242012817196037.webp","type":"image\/webp"}],"twitter_card":"summary_large_image","twitter_misc":{"Odhadovan\u00e1 doba \u010dten\u00ed":"1 minuta"},"schema":{"@context":"https:\/\/schema.org","@graph":[{"@type":"WebPage","@id":"https:\/\/www.technodompro.com\/index.php\/produkt\/nova-kolekce-sapho-schwab-set-wc-199-podomitkova-nadrzka-pro-zazdeni-3-6l-dn110mm-t02-0112-0250-26920\/","url":"https:\/\/www.technodompro.com\/index.php\/produkt\/nova-kolekce-sapho-schwab-set-wc-199-podomitkova-nadrzka-pro-zazdeni-3-6l-dn110mm-t02-0112-0250-26920\/","name":"Nov\u00e1 Kolekce Sapho SCHWAB SET WC 199 podom\u00edtkov\u00e1 n\u00e1dr\u017eka pro zazd\u011bn\u00ed 3\/6l, DN110mm T02-0112-0250 -","isPartOf":{"@id":"https:\/\/www.technodompro.com\/#website"},"primaryImageOfPage":{"@id":"https:\/\/www.technodompro.com\/index.php\/produkt\/nova-kolekce-sapho-schwab-set-wc-199-podomitkova-nadrzka-pro-zazdeni-3-6l-dn110mm-t02-0112-0250-26920\/#primaryimage"},"image":{"@id":"https:\/\/www.technodompro.com\/index.php\/produkt\/nova-kolekce-sapho-schwab-set-wc-199-podomitkova-nadrzka-pro-zazdeni-3-6l-dn110mm-t02-0112-0250-26920\/#primaryimage"},"thumbnailUrl":"https:\/\/www.technodompro.com\/wp-content\/uploads\/2026\/SK0012128-CZ20260425-093631-0-1777080994-265633-2_t02-0112-0250-242012817196037.webp","datePublished":"2026-04-27T04:41:39+00:00","breadcrumb":{"@id":"https:\/\/www.technodompro.com\/index.php\/produkt\/nova-kolekce-sapho-schwab-set-wc-199-podomitkova-nadrzka-pro-zazdeni-3-6l-dn110mm-t02-0112-0250-26920\/#breadcrumb"},"inLanguage":"cs","potentialAction":[{"@type":"ReadAction","target":["https:\/\/www.technodompro.com\/index.php\/produkt\/nova-kolekce-sapho-schwab-set-wc-199-podomitkova-nadrzka-pro-zazdeni-3-6l-dn110mm-t02-0112-0250-26920\/"]}]},{"@type":"ImageObject","inLanguage":"cs","@id":"https:\/\/www.technodompro.com\/index.php\/produkt\/nova-kolekce-sapho-schwab-set-wc-199-podomitkova-nadrzka-pro-zazdeni-3-6l-dn110mm-t02-0112-0250-26920\/#primaryimage","url":"https:\/\/www.technodompro.com\/wp-content\/uploads\/2026\/SK0012128-CZ20260425-093631-0-1777080994-265633-2_t02-0112-0250-242012817196037.webp","contentUrl":"https:\/\/www.technodompro.com\/wp-content\/uploads\/2026\/SK0012128-CZ20260425-093631-0-1777080994-265633-2_t02-0112-0250-242012817196037.webp","width":1000,"height":750},{"@type":"BreadcrumbList","@id":"https:\/\/www.technodompro.com\/index.php\/produkt\/nova-kolekce-sapho-schwab-set-wc-199-podomitkova-nadrzka-pro-zazdeni-3-6l-dn110mm-t02-0112-0250-26920\/#breadcrumb","itemListElement":[{"@type":"ListItem","position":1,"name":"Home","item":"https:\/\/www.technodompro.com\/"},{"@type":"ListItem","position":2,"name":"Products","item":"https:\/\/www.technodompro.com\/index.php\/products\/"},{"@type":"ListItem","position":3,"name":"Nov\u00e1 Kolekce Sapho SCHWAB SET WC 199 podom\u00edtkov\u00e1 n\u00e1dr\u017eka pro zazd\u011bn\u00ed 3\/6l, DN110mm T02-0112-0250"}]},{"@type":"WebSite","@id":"https:\/\/www.technodompro.com\/#website","url":"https:\/\/www.technodompro.com\/","name":"","description":"","potentialAction":[{"@type":"SearchAction","target":{"@type":"EntryPoint","urlTemplate":"https:\/\/www.technodompro.com\/?s={search_term_string}"},"query-input":{"@type":"PropertyValueSpecification","valueRequired":true,"valueName":"search_term_string"}}],"inLanguage":"cs"}]}},"_links":{"self":[{"href":"https:\/\/www.technodompro.com\/index.php\/wp-json\/wp\/v2\/product\/26920","targetHints":{"allow":["GET"]}}],"collection":[{"href":"https:\/\/www.technodompro.com\/index.php\/wp-json\/wp\/v2\/product"}],"about":[{"href":"https:\/\/www.technodompro.com\/index.php\/wp-json\/wp\/v2\/types\/product"}],"replies":[{"embeddable":true,"href":"https:\/\/www.technodompro.com\/index.php\/wp-json\/wp\/v2\/comments?post=26920"}],"wp:featuredmedia":[{"embeddable":true,"href":"https:\/\/www.technodompro.com\/index.php\/wp-json\/wp\/v2\/media\/27020"}],"wp:attachment":[{"href":"https:\/\/www.technodompro.com\/index.php\/wp-json\/wp\/v2\/media?parent=26920"}],"wp:term":[{"taxonomy":"product_brand","embeddable":true,"href":"https:\/\/www.technodompro.com\/index.php\/wp-json\/wp\/v2\/product_brand?post=26920"},{"taxonomy":"product_cat","embeddable":true,"href":"https:\/\/www.technodompro.com\/index.php\/wp-json\/wp\/v2\/product_cat?post=26920"},{"taxonomy":"product_tag","embeddable":true,"href":"https:\/\/www.technodompro.com\/index.php\/wp-json\/wp\/v2\/product_tag?post=26920"}],"curies":[{"name":"wp","href":"https:\/\/api.w.org\/{rel}","templated":true}]}}