{"id":26921,"date":"2026-04-27T04:41:39","date_gmt":"2026-04-27T04:41:39","guid":{"rendered":""},"modified":"2026-04-27T04:41:39","modified_gmt":"2026-04-27T04:41:39","slug":"sapho-schwab-duplo-wc-199-podomitkova-nadrzka-pro-suchou-montaz-3-6l-dn110mm-t02-2113-0250-koupit-online-26921","status":"publish","type":"product","link":"https:\/\/www.technodompro.com\/index.php\/produkt\/sapho-schwab-duplo-wc-199-podomitkova-nadrzka-pro-suchou-montaz-3-6l-dn110mm-t02-2113-0250-koupit-online-26921\/","title":{"rendered":"Sapho SCHWAB DUPLO WC 199 podom\u00edtkov\u00e1 n\u00e1dr\u017eka pro suchou mont\u00e1\u017e 3\/6l, DN110mm T02-2113-0250 Koupit Online"},"content":{"rendered":"<div class=\"basic-description\">\n<h3>Detailn\u00ed popis produktu<\/h3>\n<div><span lang=\"CS\"><\/p>\n<p dir=\"ltr\" align=\"left\"><strong>Zp\u016fsob instalace<\/strong><\/p>\n<ul dir=\"ltr\">\n<li>\n<div align=\"left\">Instalace do prefabrikovan\u00fdch st\u011bn, p\u0159edst\u011bnov\u00e1 instalace do   s\u00e1drokartonov\u00fdch st\u011bn, univerz\u00e1ln\u00ed instalace do vyzd\u011bn\u00fdch st\u011bn<\/div>\n<\/li>\n<\/ul>\n<p dir=\"ltr\" align=\"left\">\n<p dir=\"ltr\" align=\"left\"><strong>Vlastnosti<\/strong><\/p>\n<ul dir=\"ltr\">\n<li>\n<div align=\"left\">Ocelov\u00e1 mod\u0159e lakovan\u00e1 konstrukce (profil 30x30mm) s   namontovanou n\u00e1dr\u017ekou <\/div>\n<\/li>\n<li>\n<div align=\"left\">P\u0159edn\u00ed splachov\u00e1n\u00ed (3\/6 l)<\/div>\n<\/li>\n<li>\n<div align=\"left\">Nastaviteln\u00fd objem splachov\u00e1n\u00ed (velk\u00e9 spl\u00e1chnut\u00ed 4-7 l, mal\u00e9   splachov\u00e1n\u00ed 2-3 l)<\/div>\n<\/li>\n<li>\n<div align=\"left\">N\u00e1st\u011bnn\u00e9 dr\u017e\u00e1ky a nastaviteln\u00e9 nohy (0-200 mm)<\/div>\n<\/li>\n<li>\n<div align=\"left\">Vodovodn\u00ed p\u0159\u00edpojka naho\u0159e uprost\u0159ed<\/div>\n<\/li>\n<li>\n<div align=\"left\">Pln\u011b izolovan\u00e9 proti kondenzaci<\/div>\n<\/li>\n<\/ul>\n<p dir=\"ltr\" align=\"left\">\n<p dir=\"ltr\" align=\"left\"><strong>Speci\u00e1ln\u00ed funkce<\/strong><\/p>\n<ul dir=\"ltr\">\n<li>\n<div align=\"left\">Tich\u00fd hydraulick\u00fd plnic\u00ed ventil (t\u0159\u00edda hluku 1 ISO   3822)<\/div>\n<\/li>\n<li>\n<div align=\"left\">Hloubkov\u011b nastaviteln\u00e9 odtokov\u00e9 koleno (+\/-20 mm)<\/div>\n<\/li>\n<\/ul>\n<p dir=\"ltr\" align=\"left\">\n<p dir=\"ltr\" align=\"left\"><strong>Produkt obsahuje<\/strong><\/p>\n<ul dir=\"ltr\">\n<li>\n<div align=\"left\">Splachovac\u00ed n\u00e1dr\u017eka vybaven\u00e1 p\u0159edinstalovan\u00fdm uzav\u00edrac\u00edm a   vypou\u0161t\u011bc\u00edm ventilem <\/div>\n<\/li>\n<li>\n<div align=\"left\">P\u0159ipojen\u00ed vody 1\/2&#8243;<\/div>\n<\/li>\n<li>\n<div align=\"left\">PE odtokov\u00e9 koleno DN 90 mm s t\u011bsn\u011bn\u00edm<\/div>\n<\/li>\n<li>\n<div align=\"left\">PE adapt\u00e9r DN 90 \/ 110 mm s t\u011bsn\u011bn\u00edm<\/div>\n<\/li>\n<li>\n<div align=\"left\">Kompletn\u00ed mont\u00e1\u017en\u00ed a upev\u0148ovac\u00ed materi\u00e1l<\/div>\n<\/li>\n<\/ul>\n<p><\/span><span lang=\"EN\"><\/p>\n<p dir=\"ltr\" align=\"left\">\n<p dir=\"ltr\" align=\"left\">Norma EN14055<\/p>\n<p><\/span><font size=\"3\"><font size=\"3\"><span lang=\"CS\"><\/span><\/font><\/font><\/div>\n<p><\/p>\n<h2 class=\"props-title\">Vlastnosti<\/h2>\n<table>\n<tr>\n<th>Zna\u010dka<\/th>\n<td>SCHWAB<\/td>\n<\/tr>\n<tr>\n<th>Rozm\u011br<\/th>\n<td>500x1180x125 mm<\/td>\n<\/tr>\n<tr>\n<th>Hmotnost \/ ks<\/th>\n<td>16.5500&nbsp;kg<\/td>\n<\/tr>\n<tr>\n<th>Balen\u00ed<\/th>\n<td>1&nbsp;ks<\/td>\n<\/tr>\n<tr>\n<th>EAN<\/th>\n<td>8681282615766<\/td>\n<\/tr>\n<tr>\n<th>Taric<\/th>\n<td>39229000<\/td>\n<\/tr>\n<tr>\n<th>Z\u00e1ruka<\/th>\n<td>10 let<\/td>\n<\/tr>\n<\/table><\/div>\n","protected":false},"excerpt":{"rendered":"<p>Detailn\u00ed popis produktu Zp\u016fsob instalace Instalace do prefabrikovan\u00fdch st\u011bn, p\u0159edst\u011bnov\u00e1 instalace do s\u00e1drokartonov\u00fdch st\u011bn, univerz\u00e1ln\u00ed instalace do vyzd\u011bn\u00fdch st\u011bn Vlastnosti Ocelov\u00e1 mod\u0159e lakovan\u00e1 konstrukce (profil 30x30mm) s namontovanou n\u00e1dr\u017ekou P\u0159edn\u00ed splachov\u00e1n\u00ed (3\/6 l) Nastaviteln\u00fd objem splachov\u00e1n\u00ed (velk\u00e9 spl\u00e1chnut\u00ed 4-7 l, mal\u00e9 splachov\u00e1n\u00ed 2-3 l) N\u00e1st\u011bnn\u00e9 dr\u017e\u00e1ky a nastaviteln\u00e9 nohy (0-200 mm) Vodovodn\u00ed p\u0159\u00edpojka naho\u0159e uprost\u0159ed [&hellip;]<\/p>\n","protected":false},"featured_media":27021,"comment_status":"open","ping_status":"open","template":"","meta":[],"product_brand":[],"product_cat":[101],"product_tag":[],"class_list":{"0":"post-26921","1":"product","2":"type-product","3":"status-publish","4":"has-post-thumbnail","6":"product_cat-wc","8":"first","9":"instock","10":"sale","11":"shipping-taxable","12":"purchasable","13":"product-type-simple"},"yoast_head":"<!-- This site is optimized with the Yoast SEO plugin v26.8 - https:\/\/yoast.com\/product\/yoast-seo-wordpress\/ -->\n<title>Sapho SCHWAB DUPLO WC 199 podom\u00edtkov\u00e1 n\u00e1dr\u017eka pro suchou mont\u00e1\u017e 3\/6l, DN110mm T02-2113-0250 Koupit Online -<\/title>\n<meta name=\"robots\" content=\"index, follow, max-snippet:-1, max-image-preview:large, max-video-preview:-1\" \/>\n<link rel=\"canonical\" href=\"https:\/\/www.technodompro.com\/index.php\/produkt\/sapho-schwab-duplo-wc-199-podomitkova-nadrzka-pro-suchou-montaz-3-6l-dn110mm-t02-2113-0250-koupit-online-26921\/\" \/>\n<meta property=\"og:locale\" content=\"cs_CZ\" \/>\n<meta property=\"og:type\" content=\"article\" \/>\n<meta property=\"og:title\" content=\"Sapho SCHWAB DUPLO WC 199 podom\u00edtkov\u00e1 n\u00e1dr\u017eka pro suchou mont\u00e1\u017e 3\/6l, DN110mm T02-2113-0250 Koupit Online -\" \/>\n<meta property=\"og:description\" content=\"Detailn\u00ed popis produktu Zp\u016fsob instalace Instalace do prefabrikovan\u00fdch st\u011bn, p\u0159edst\u011bnov\u00e1 instalace do s\u00e1drokartonov\u00fdch st\u011bn, univerz\u00e1ln\u00ed instalace do vyzd\u011bn\u00fdch st\u011bn Vlastnosti Ocelov\u00e1 mod\u0159e lakovan\u00e1 konstrukce (profil 30x30mm) s namontovanou n\u00e1dr\u017ekou P\u0159edn\u00ed splachov\u00e1n\u00ed (3\/6 l) Nastaviteln\u00fd objem splachov\u00e1n\u00ed (velk\u00e9 spl\u00e1chnut\u00ed 4-7 l, mal\u00e9 splachov\u00e1n\u00ed 2-3 l) N\u00e1st\u011bnn\u00e9 dr\u017e\u00e1ky a nastaviteln\u00e9 nohy (0-200 mm) Vodovodn\u00ed p\u0159\u00edpojka naho\u0159e uprost\u0159ed [&hellip;]\" \/>\n<meta property=\"og:url\" content=\"https:\/\/www.technodompro.com\/index.php\/produkt\/sapho-schwab-duplo-wc-199-podomitkova-nadrzka-pro-suchou-montaz-3-6l-dn110mm-t02-2113-0250-koupit-online-26921\/\" \/>\n<meta property=\"og:image\" content=\"https:\/\/www.technodompro.com\/wp-content\/uploads\/2026\/SK0012129-CZ20260425-093631-0-1777080994-265636_t02-2113-0250-184649233993190.webp\" \/>\n\t<meta property=\"og:image:width\" content=\"1000\" \/>\n\t<meta property=\"og:image:height\" content=\"750\" \/>\n\t<meta property=\"og:image:type\" content=\"image\/webp\" \/>\n<meta name=\"twitter:card\" content=\"summary_large_image\" \/>\n<meta name=\"twitter:label1\" content=\"Odhadovan\u00e1 doba \u010dten\u00ed\" \/>\n\t<meta name=\"twitter:data1\" content=\"1 minuta\" \/>\n<script type=\"application\/ld+json\" class=\"yoast-schema-graph\">{\"@context\":\"https:\/\/schema.org\",\"@graph\":[{\"@type\":\"WebPage\",\"@id\":\"https:\/\/www.technodompro.com\/index.php\/produkt\/sapho-schwab-duplo-wc-199-podomitkova-nadrzka-pro-suchou-montaz-3-6l-dn110mm-t02-2113-0250-koupit-online-26921\/\",\"url\":\"https:\/\/www.technodompro.com\/index.php\/produkt\/sapho-schwab-duplo-wc-199-podomitkova-nadrzka-pro-suchou-montaz-3-6l-dn110mm-t02-2113-0250-koupit-online-26921\/\",\"name\":\"Sapho SCHWAB DUPLO WC 199 podom\u00edtkov\u00e1 n\u00e1dr\u017eka pro suchou mont\u00e1\u017e 3\/6l, DN110mm T02-2113-0250 Koupit Online -\",\"isPartOf\":{\"@id\":\"https:\/\/www.technodompro.com\/#website\"},\"primaryImageOfPage\":{\"@id\":\"https:\/\/www.technodompro.com\/index.php\/produkt\/sapho-schwab-duplo-wc-199-podomitkova-nadrzka-pro-suchou-montaz-3-6l-dn110mm-t02-2113-0250-koupit-online-26921\/#primaryimage\"},\"image\":{\"@id\":\"https:\/\/www.technodompro.com\/index.php\/produkt\/sapho-schwab-duplo-wc-199-podomitkova-nadrzka-pro-suchou-montaz-3-6l-dn110mm-t02-2113-0250-koupit-online-26921\/#primaryimage\"},\"thumbnailUrl\":\"https:\/\/www.technodompro.com\/wp-content\/uploads\/2026\/SK0012129-CZ20260425-093631-0-1777080994-265636_t02-2113-0250-184649233993190.webp\",\"datePublished\":\"2026-04-27T04:41:39+00:00\",\"breadcrumb\":{\"@id\":\"https:\/\/www.technodompro.com\/index.php\/produkt\/sapho-schwab-duplo-wc-199-podomitkova-nadrzka-pro-suchou-montaz-3-6l-dn110mm-t02-2113-0250-koupit-online-26921\/#breadcrumb\"},\"inLanguage\":\"cs\",\"potentialAction\":[{\"@type\":\"ReadAction\",\"target\":[\"https:\/\/www.technodompro.com\/index.php\/produkt\/sapho-schwab-duplo-wc-199-podomitkova-nadrzka-pro-suchou-montaz-3-6l-dn110mm-t02-2113-0250-koupit-online-26921\/\"]}]},{\"@type\":\"ImageObject\",\"inLanguage\":\"cs\",\"@id\":\"https:\/\/www.technodompro.com\/index.php\/produkt\/sapho-schwab-duplo-wc-199-podomitkova-nadrzka-pro-suchou-montaz-3-6l-dn110mm-t02-2113-0250-koupit-online-26921\/#primaryimage\",\"url\":\"https:\/\/www.technodompro.com\/wp-content\/uploads\/2026\/SK0012129-CZ20260425-093631-0-1777080994-265636_t02-2113-0250-184649233993190.webp\",\"contentUrl\":\"https:\/\/www.technodompro.com\/wp-content\/uploads\/2026\/SK0012129-CZ20260425-093631-0-1777080994-265636_t02-2113-0250-184649233993190.webp\",\"width\":1000,\"height\":750},{\"@type\":\"BreadcrumbList\",\"@id\":\"https:\/\/www.technodompro.com\/index.php\/produkt\/sapho-schwab-duplo-wc-199-podomitkova-nadrzka-pro-suchou-montaz-3-6l-dn110mm-t02-2113-0250-koupit-online-26921\/#breadcrumb\",\"itemListElement\":[{\"@type\":\"ListItem\",\"position\":1,\"name\":\"Home\",\"item\":\"https:\/\/www.technodompro.com\/\"},{\"@type\":\"ListItem\",\"position\":2,\"name\":\"Products\",\"item\":\"https:\/\/www.technodompro.com\/index.php\/products\/\"},{\"@type\":\"ListItem\",\"position\":3,\"name\":\"Sapho SCHWAB DUPLO WC 199 podom\u00edtkov\u00e1 n\u00e1dr\u017eka pro suchou mont\u00e1\u017e 3\/6l, DN110mm T02-2113-0250 Koupit Online\"}]},{\"@type\":\"WebSite\",\"@id\":\"https:\/\/www.technodompro.com\/#website\",\"url\":\"https:\/\/www.technodompro.com\/\",\"name\":\"\",\"description\":\"\",\"potentialAction\":[{\"@type\":\"SearchAction\",\"target\":{\"@type\":\"EntryPoint\",\"urlTemplate\":\"https:\/\/www.technodompro.com\/?s={search_term_string}\"},\"query-input\":{\"@type\":\"PropertyValueSpecification\",\"valueRequired\":true,\"valueName\":\"search_term_string\"}}],\"inLanguage\":\"cs\"}]}<\/script>\n<!-- \/ Yoast SEO plugin. -->","yoast_head_json":{"title":"Sapho SCHWAB DUPLO WC 199 podom\u00edtkov\u00e1 n\u00e1dr\u017eka pro suchou mont\u00e1\u017e 3\/6l, DN110mm T02-2113-0250 Koupit Online -","robots":{"index":"index","follow":"follow","max-snippet":"max-snippet:-1","max-image-preview":"max-image-preview:large","max-video-preview":"max-video-preview:-1"},"canonical":"https:\/\/www.technodompro.com\/index.php\/produkt\/sapho-schwab-duplo-wc-199-podomitkova-nadrzka-pro-suchou-montaz-3-6l-dn110mm-t02-2113-0250-koupit-online-26921\/","og_locale":"cs_CZ","og_type":"article","og_title":"Sapho SCHWAB DUPLO WC 199 podom\u00edtkov\u00e1 n\u00e1dr\u017eka pro suchou mont\u00e1\u017e 3\/6l, DN110mm T02-2113-0250 Koupit Online -","og_description":"Detailn\u00ed popis produktu Zp\u016fsob instalace Instalace do prefabrikovan\u00fdch st\u011bn, p\u0159edst\u011bnov\u00e1 instalace do s\u00e1drokartonov\u00fdch st\u011bn, univerz\u00e1ln\u00ed instalace do vyzd\u011bn\u00fdch st\u011bn Vlastnosti Ocelov\u00e1 mod\u0159e lakovan\u00e1 konstrukce (profil 30x30mm) s namontovanou n\u00e1dr\u017ekou P\u0159edn\u00ed splachov\u00e1n\u00ed (3\/6 l) Nastaviteln\u00fd objem splachov\u00e1n\u00ed (velk\u00e9 spl\u00e1chnut\u00ed 4-7 l, mal\u00e9 splachov\u00e1n\u00ed 2-3 l) N\u00e1st\u011bnn\u00e9 dr\u017e\u00e1ky a nastaviteln\u00e9 nohy (0-200 mm) Vodovodn\u00ed p\u0159\u00edpojka naho\u0159e uprost\u0159ed [&hellip;]","og_url":"https:\/\/www.technodompro.com\/index.php\/produkt\/sapho-schwab-duplo-wc-199-podomitkova-nadrzka-pro-suchou-montaz-3-6l-dn110mm-t02-2113-0250-koupit-online-26921\/","og_image":[{"width":1000,"height":750,"url":"https:\/\/www.technodompro.com\/wp-content\/uploads\/2026\/SK0012129-CZ20260425-093631-0-1777080994-265636_t02-2113-0250-184649233993190.webp","type":"image\/webp"}],"twitter_card":"summary_large_image","twitter_misc":{"Odhadovan\u00e1 doba \u010dten\u00ed":"1 minuta"},"schema":{"@context":"https:\/\/schema.org","@graph":[{"@type":"WebPage","@id":"https:\/\/www.technodompro.com\/index.php\/produkt\/sapho-schwab-duplo-wc-199-podomitkova-nadrzka-pro-suchou-montaz-3-6l-dn110mm-t02-2113-0250-koupit-online-26921\/","url":"https:\/\/www.technodompro.com\/index.php\/produkt\/sapho-schwab-duplo-wc-199-podomitkova-nadrzka-pro-suchou-montaz-3-6l-dn110mm-t02-2113-0250-koupit-online-26921\/","name":"Sapho SCHWAB DUPLO WC 199 podom\u00edtkov\u00e1 n\u00e1dr\u017eka pro suchou mont\u00e1\u017e 3\/6l, DN110mm T02-2113-0250 Koupit Online -","isPartOf":{"@id":"https:\/\/www.technodompro.com\/#website"},"primaryImageOfPage":{"@id":"https:\/\/www.technodompro.com\/index.php\/produkt\/sapho-schwab-duplo-wc-199-podomitkova-nadrzka-pro-suchou-montaz-3-6l-dn110mm-t02-2113-0250-koupit-online-26921\/#primaryimage"},"image":{"@id":"https:\/\/www.technodompro.com\/index.php\/produkt\/sapho-schwab-duplo-wc-199-podomitkova-nadrzka-pro-suchou-montaz-3-6l-dn110mm-t02-2113-0250-koupit-online-26921\/#primaryimage"},"thumbnailUrl":"https:\/\/www.technodompro.com\/wp-content\/uploads\/2026\/SK0012129-CZ20260425-093631-0-1777080994-265636_t02-2113-0250-184649233993190.webp","datePublished":"2026-04-27T04:41:39+00:00","breadcrumb":{"@id":"https:\/\/www.technodompro.com\/index.php\/produkt\/sapho-schwab-duplo-wc-199-podomitkova-nadrzka-pro-suchou-montaz-3-6l-dn110mm-t02-2113-0250-koupit-online-26921\/#breadcrumb"},"inLanguage":"cs","potentialAction":[{"@type":"ReadAction","target":["https:\/\/www.technodompro.com\/index.php\/produkt\/sapho-schwab-duplo-wc-199-podomitkova-nadrzka-pro-suchou-montaz-3-6l-dn110mm-t02-2113-0250-koupit-online-26921\/"]}]},{"@type":"ImageObject","inLanguage":"cs","@id":"https:\/\/www.technodompro.com\/index.php\/produkt\/sapho-schwab-duplo-wc-199-podomitkova-nadrzka-pro-suchou-montaz-3-6l-dn110mm-t02-2113-0250-koupit-online-26921\/#primaryimage","url":"https:\/\/www.technodompro.com\/wp-content\/uploads\/2026\/SK0012129-CZ20260425-093631-0-1777080994-265636_t02-2113-0250-184649233993190.webp","contentUrl":"https:\/\/www.technodompro.com\/wp-content\/uploads\/2026\/SK0012129-CZ20260425-093631-0-1777080994-265636_t02-2113-0250-184649233993190.webp","width":1000,"height":750},{"@type":"BreadcrumbList","@id":"https:\/\/www.technodompro.com\/index.php\/produkt\/sapho-schwab-duplo-wc-199-podomitkova-nadrzka-pro-suchou-montaz-3-6l-dn110mm-t02-2113-0250-koupit-online-26921\/#breadcrumb","itemListElement":[{"@type":"ListItem","position":1,"name":"Home","item":"https:\/\/www.technodompro.com\/"},{"@type":"ListItem","position":2,"name":"Products","item":"https:\/\/www.technodompro.com\/index.php\/products\/"},{"@type":"ListItem","position":3,"name":"Sapho SCHWAB DUPLO WC 199 podom\u00edtkov\u00e1 n\u00e1dr\u017eka pro suchou mont\u00e1\u017e 3\/6l, DN110mm T02-2113-0250 Koupit Online"}]},{"@type":"WebSite","@id":"https:\/\/www.technodompro.com\/#website","url":"https:\/\/www.technodompro.com\/","name":"","description":"","potentialAction":[{"@type":"SearchAction","target":{"@type":"EntryPoint","urlTemplate":"https:\/\/www.technodompro.com\/?s={search_term_string}"},"query-input":{"@type":"PropertyValueSpecification","valueRequired":true,"valueName":"search_term_string"}}],"inLanguage":"cs"}]}},"_links":{"self":[{"href":"https:\/\/www.technodompro.com\/index.php\/wp-json\/wp\/v2\/product\/26921","targetHints":{"allow":["GET"]}}],"collection":[{"href":"https:\/\/www.technodompro.com\/index.php\/wp-json\/wp\/v2\/product"}],"about":[{"href":"https:\/\/www.technodompro.com\/index.php\/wp-json\/wp\/v2\/types\/product"}],"replies":[{"embeddable":true,"href":"https:\/\/www.technodompro.com\/index.php\/wp-json\/wp\/v2\/comments?post=26921"}],"wp:featuredmedia":[{"embeddable":true,"href":"https:\/\/www.technodompro.com\/index.php\/wp-json\/wp\/v2\/media\/27021"}],"wp:attachment":[{"href":"https:\/\/www.technodompro.com\/index.php\/wp-json\/wp\/v2\/media?parent=26921"}],"wp:term":[{"taxonomy":"product_brand","embeddable":true,"href":"https:\/\/www.technodompro.com\/index.php\/wp-json\/wp\/v2\/product_brand?post=26921"},{"taxonomy":"product_cat","embeddable":true,"href":"https:\/\/www.technodompro.com\/index.php\/wp-json\/wp\/v2\/product_cat?post=26921"},{"taxonomy":"product_tag","embeddable":true,"href":"https:\/\/www.technodompro.com\/index.php\/wp-json\/wp\/v2\/product_tag?post=26921"}],"curies":[{"name":"wp","href":"https:\/\/api.w.org\/{rel}","templated":true}]}}