{"id":26926,"date":"2026-04-27T04:41:39","date_gmt":"2026-04-27T04:41:39","guid":{"rendered":""},"modified":"2026-04-27T04:41:39","modified_gmt":"2026-04-27T04:41:39","slug":"sapho-schwab-ceres-ovladaci-tlacitko-246x159-mm-cerna-mat-p67-0190-0250-finalni-vyprodej-26926","status":"publish","type":"product","link":"https:\/\/www.technodompro.com\/index.php\/produkt\/sapho-schwab-ceres-ovladaci-tlacitko-246x159-mm-cerna-mat-p67-0190-0250-finalni-vyprodej-26926\/","title":{"rendered":"Sapho SCHWAB CERES ovl\u00e1dac\u00ed tla\u010d\u00edtko, 246&#215;159 mm, \u010dern\u00e1 mat P67-0190-0250 Fin\u00e1ln\u00ed V\u00fdprodej"},"content":{"rendered":"<div class=\"basic-description\">\n<h3>Detailn\u00ed popis produktu<\/h3>\n<p><\/p>\n<h2 class=\"props-title\">Vlastnosti<\/h2>\n<table>\n<tr>\n<th>Zna\u010dka<\/th>\n<td>SCHWAB<\/td>\n<\/tr>\n<tr>\n<th>Rozm\u011br<\/th>\n<td>246x159x12 mm<\/td>\n<\/tr>\n<tr>\n<th>Barva<\/th>\n<td>\u010cern\u00e1<\/td>\n<\/tr>\n<tr>\n<th>Materi\u00e1l<\/th>\n<td>Plast<\/td>\n<\/tr>\n<tr>\n<th>Hmotnost \/ ks<\/th>\n<td>0.4000&nbsp;kg<\/td>\n<\/tr>\n<tr>\n<th>Balen\u00ed<\/th>\n<td>1&nbsp;ks<\/td>\n<\/tr>\n<tr>\n<th>EAN<\/th>\n<td>8681282654437<\/td>\n<\/tr>\n<tr>\n<th>Taric<\/th>\n<td>39229000<\/td>\n<\/tr>\n<tr>\n<th>Z\u00e1ruka<\/th>\n<td>2 roky<\/td>\n<\/tr>\n<\/table>\n<p>   Upozorn\u011bn\u00ed pro z\u00e1kazn\u00edky ke koupi produkt\u016f na objedn\u00e1n\u00ed: Toto zbo\u017e\u00ed nen\u00ed standardn\u00edm s\u00e9riov\u00fdm v\u00fdrobkem. Bude vyrobeno na p\u0159\u00e1n\u00ed z\u00e1kazn\u00edka a proto jej nelze dodavateli v z\u00e1konn\u00e9 lh\u016ft\u011b vr\u00e1tit. (viz \u00a71837 odst.d, ob\u010dansk\u00e9ho z\u00e1kon\u00edku). V tomto p\u0159\u00edpad\u011b m\u016f\u017eeme po\u017eadovat nevratnou z\u00e1lohu a\u017e do v\u00fd\u0161e 100 % z ceny v\u00fdrobku.                            <\/p><\/div>\n","protected":false},"excerpt":{"rendered":"<p>Detailn\u00ed popis produktu Vlastnosti Zna\u010dka SCHWAB Rozm\u011br 246x159x12 mm Barva \u010cern\u00e1 Materi\u00e1l Plast Hmotnost \/ ks 0.4000&nbsp;kg Balen\u00ed 1&nbsp;ks EAN 8681282654437 Taric 39229000 Z\u00e1ruka 2 roky Upozorn\u011bn\u00ed pro z\u00e1kazn\u00edky ke koupi produkt\u016f na objedn\u00e1n\u00ed: Toto zbo\u017e\u00ed nen\u00ed standardn\u00edm s\u00e9riov\u00fdm v\u00fdrobkem. Bude vyrobeno na p\u0159\u00e1n\u00ed z\u00e1kazn\u00edka a proto jej nelze dodavateli v z\u00e1konn\u00e9 lh\u016ft\u011b vr\u00e1tit. (viz [&hellip;]<\/p>\n","protected":false},"featured_media":27026,"comment_status":"open","ping_status":"open","template":"","meta":[],"product_brand":[],"product_cat":[101],"product_tag":[],"class_list":{"0":"post-26926","1":"product","2":"type-product","3":"status-publish","4":"has-post-thumbnail","6":"product_cat-wc","8":"first","9":"instock","10":"sale","11":"shipping-taxable","12":"purchasable","13":"product-type-simple"},"yoast_head":"<!-- This site is optimized with the Yoast SEO plugin v26.8 - https:\/\/yoast.com\/product\/yoast-seo-wordpress\/ -->\n<title>Sapho SCHWAB CERES ovl\u00e1dac\u00ed tla\u010d\u00edtko, 246x159 mm, \u010dern\u00e1 mat P67-0190-0250 Fin\u00e1ln\u00ed V\u00fdprodej -<\/title>\n<meta name=\"robots\" content=\"index, follow, max-snippet:-1, max-image-preview:large, max-video-preview:-1\" \/>\n<link rel=\"canonical\" href=\"https:\/\/www.technodompro.com\/index.php\/produkt\/sapho-schwab-ceres-ovladaci-tlacitko-246x159-mm-cerna-mat-p67-0190-0250-finalni-vyprodej-26926\/\" \/>\n<meta property=\"og:locale\" content=\"cs_CZ\" \/>\n<meta property=\"og:type\" content=\"article\" \/>\n<meta property=\"og:title\" content=\"Sapho SCHWAB CERES ovl\u00e1dac\u00ed tla\u010d\u00edtko, 246x159 mm, \u010dern\u00e1 mat P67-0190-0250 Fin\u00e1ln\u00ed V\u00fdprodej -\" \/>\n<meta property=\"og:description\" content=\"Detailn\u00ed popis produktu Vlastnosti Zna\u010dka SCHWAB Rozm\u011br 246x159x12 mm Barva \u010cern\u00e1 Materi\u00e1l Plast Hmotnost \/ ks 0.4000&nbsp;kg Balen\u00ed 1&nbsp;ks EAN 8681282654437 Taric 39229000 Z\u00e1ruka 2 roky Upozorn\u011bn\u00ed pro z\u00e1kazn\u00edky ke koupi produkt\u016f na objedn\u00e1n\u00ed: Toto zbo\u017e\u00ed nen\u00ed standardn\u00edm s\u00e9riov\u00fdm v\u00fdrobkem. Bude vyrobeno na p\u0159\u00e1n\u00ed z\u00e1kazn\u00edka a proto jej nelze dodavateli v z\u00e1konn\u00e9 lh\u016ft\u011b vr\u00e1tit. (viz [&hellip;]\" \/>\n<meta property=\"og:url\" content=\"https:\/\/www.technodompro.com\/index.php\/produkt\/sapho-schwab-ceres-ovladaci-tlacitko-246x159-mm-cerna-mat-p67-0190-0250-finalni-vyprodej-26926\/\" \/>\n<meta property=\"og:image\" content=\"https:\/\/www.technodompro.com\/wp-content\/uploads\/2026\/SK0012134-CZ20260425-093631-0-1777080994-265651-1_p67-0190-0250-242012817196134.webp\" \/>\n\t<meta property=\"og:image:width\" content=\"1000\" \/>\n\t<meta property=\"og:image:height\" content=\"750\" \/>\n\t<meta property=\"og:image:type\" content=\"image\/webp\" \/>\n<meta name=\"twitter:card\" content=\"summary_large_image\" \/>\n<script type=\"application\/ld+json\" class=\"yoast-schema-graph\">{\"@context\":\"https:\/\/schema.org\",\"@graph\":[{\"@type\":\"WebPage\",\"@id\":\"https:\/\/www.technodompro.com\/index.php\/produkt\/sapho-schwab-ceres-ovladaci-tlacitko-246x159-mm-cerna-mat-p67-0190-0250-finalni-vyprodej-26926\/\",\"url\":\"https:\/\/www.technodompro.com\/index.php\/produkt\/sapho-schwab-ceres-ovladaci-tlacitko-246x159-mm-cerna-mat-p67-0190-0250-finalni-vyprodej-26926\/\",\"name\":\"Sapho SCHWAB CERES ovl\u00e1dac\u00ed tla\u010d\u00edtko, 246x159 mm, \u010dern\u00e1 mat P67-0190-0250 Fin\u00e1ln\u00ed V\u00fdprodej -\",\"isPartOf\":{\"@id\":\"https:\/\/www.technodompro.com\/#website\"},\"primaryImageOfPage\":{\"@id\":\"https:\/\/www.technodompro.com\/index.php\/produkt\/sapho-schwab-ceres-ovladaci-tlacitko-246x159-mm-cerna-mat-p67-0190-0250-finalni-vyprodej-26926\/#primaryimage\"},\"image\":{\"@id\":\"https:\/\/www.technodompro.com\/index.php\/produkt\/sapho-schwab-ceres-ovladaci-tlacitko-246x159-mm-cerna-mat-p67-0190-0250-finalni-vyprodej-26926\/#primaryimage\"},\"thumbnailUrl\":\"https:\/\/www.technodompro.com\/wp-content\/uploads\/2026\/SK0012134-CZ20260425-093631-0-1777080994-265651-1_p67-0190-0250-242012817196134.webp\",\"datePublished\":\"2026-04-27T04:41:39+00:00\",\"breadcrumb\":{\"@id\":\"https:\/\/www.technodompro.com\/index.php\/produkt\/sapho-schwab-ceres-ovladaci-tlacitko-246x159-mm-cerna-mat-p67-0190-0250-finalni-vyprodej-26926\/#breadcrumb\"},\"inLanguage\":\"cs\",\"potentialAction\":[{\"@type\":\"ReadAction\",\"target\":[\"https:\/\/www.technodompro.com\/index.php\/produkt\/sapho-schwab-ceres-ovladaci-tlacitko-246x159-mm-cerna-mat-p67-0190-0250-finalni-vyprodej-26926\/\"]}]},{\"@type\":\"ImageObject\",\"inLanguage\":\"cs\",\"@id\":\"https:\/\/www.technodompro.com\/index.php\/produkt\/sapho-schwab-ceres-ovladaci-tlacitko-246x159-mm-cerna-mat-p67-0190-0250-finalni-vyprodej-26926\/#primaryimage\",\"url\":\"https:\/\/www.technodompro.com\/wp-content\/uploads\/2026\/SK0012134-CZ20260425-093631-0-1777080994-265651-1_p67-0190-0250-242012817196134.webp\",\"contentUrl\":\"https:\/\/www.technodompro.com\/wp-content\/uploads\/2026\/SK0012134-CZ20260425-093631-0-1777080994-265651-1_p67-0190-0250-242012817196134.webp\",\"width\":1000,\"height\":750},{\"@type\":\"BreadcrumbList\",\"@id\":\"https:\/\/www.technodompro.com\/index.php\/produkt\/sapho-schwab-ceres-ovladaci-tlacitko-246x159-mm-cerna-mat-p67-0190-0250-finalni-vyprodej-26926\/#breadcrumb\",\"itemListElement\":[{\"@type\":\"ListItem\",\"position\":1,\"name\":\"Home\",\"item\":\"https:\/\/www.technodompro.com\/\"},{\"@type\":\"ListItem\",\"position\":2,\"name\":\"Products\",\"item\":\"https:\/\/www.technodompro.com\/index.php\/products\/\"},{\"@type\":\"ListItem\",\"position\":3,\"name\":\"Sapho SCHWAB CERES ovl\u00e1dac\u00ed tla\u010d\u00edtko, 246&#215;159 mm, \u010dern\u00e1 mat P67-0190-0250 Fin\u00e1ln\u00ed V\u00fdprodej\"}]},{\"@type\":\"WebSite\",\"@id\":\"https:\/\/www.technodompro.com\/#website\",\"url\":\"https:\/\/www.technodompro.com\/\",\"name\":\"\",\"description\":\"\",\"potentialAction\":[{\"@type\":\"SearchAction\",\"target\":{\"@type\":\"EntryPoint\",\"urlTemplate\":\"https:\/\/www.technodompro.com\/?s={search_term_string}\"},\"query-input\":{\"@type\":\"PropertyValueSpecification\",\"valueRequired\":true,\"valueName\":\"search_term_string\"}}],\"inLanguage\":\"cs\"}]}<\/script>\n<!-- \/ Yoast SEO plugin. -->","yoast_head_json":{"title":"Sapho SCHWAB CERES ovl\u00e1dac\u00ed tla\u010d\u00edtko, 246x159 mm, \u010dern\u00e1 mat P67-0190-0250 Fin\u00e1ln\u00ed V\u00fdprodej -","robots":{"index":"index","follow":"follow","max-snippet":"max-snippet:-1","max-image-preview":"max-image-preview:large","max-video-preview":"max-video-preview:-1"},"canonical":"https:\/\/www.technodompro.com\/index.php\/produkt\/sapho-schwab-ceres-ovladaci-tlacitko-246x159-mm-cerna-mat-p67-0190-0250-finalni-vyprodej-26926\/","og_locale":"cs_CZ","og_type":"article","og_title":"Sapho SCHWAB CERES ovl\u00e1dac\u00ed tla\u010d\u00edtko, 246x159 mm, \u010dern\u00e1 mat P67-0190-0250 Fin\u00e1ln\u00ed V\u00fdprodej -","og_description":"Detailn\u00ed popis produktu Vlastnosti Zna\u010dka SCHWAB Rozm\u011br 246x159x12 mm Barva \u010cern\u00e1 Materi\u00e1l Plast Hmotnost \/ ks 0.4000&nbsp;kg Balen\u00ed 1&nbsp;ks EAN 8681282654437 Taric 39229000 Z\u00e1ruka 2 roky Upozorn\u011bn\u00ed pro z\u00e1kazn\u00edky ke koupi produkt\u016f na objedn\u00e1n\u00ed: Toto zbo\u017e\u00ed nen\u00ed standardn\u00edm s\u00e9riov\u00fdm v\u00fdrobkem. Bude vyrobeno na p\u0159\u00e1n\u00ed z\u00e1kazn\u00edka a proto jej nelze dodavateli v z\u00e1konn\u00e9 lh\u016ft\u011b vr\u00e1tit. (viz [&hellip;]","og_url":"https:\/\/www.technodompro.com\/index.php\/produkt\/sapho-schwab-ceres-ovladaci-tlacitko-246x159-mm-cerna-mat-p67-0190-0250-finalni-vyprodej-26926\/","og_image":[{"width":1000,"height":750,"url":"https:\/\/www.technodompro.com\/wp-content\/uploads\/2026\/SK0012134-CZ20260425-093631-0-1777080994-265651-1_p67-0190-0250-242012817196134.webp","type":"image\/webp"}],"twitter_card":"summary_large_image","schema":{"@context":"https:\/\/schema.org","@graph":[{"@type":"WebPage","@id":"https:\/\/www.technodompro.com\/index.php\/produkt\/sapho-schwab-ceres-ovladaci-tlacitko-246x159-mm-cerna-mat-p67-0190-0250-finalni-vyprodej-26926\/","url":"https:\/\/www.technodompro.com\/index.php\/produkt\/sapho-schwab-ceres-ovladaci-tlacitko-246x159-mm-cerna-mat-p67-0190-0250-finalni-vyprodej-26926\/","name":"Sapho SCHWAB CERES ovl\u00e1dac\u00ed tla\u010d\u00edtko, 246x159 mm, \u010dern\u00e1 mat P67-0190-0250 Fin\u00e1ln\u00ed V\u00fdprodej -","isPartOf":{"@id":"https:\/\/www.technodompro.com\/#website"},"primaryImageOfPage":{"@id":"https:\/\/www.technodompro.com\/index.php\/produkt\/sapho-schwab-ceres-ovladaci-tlacitko-246x159-mm-cerna-mat-p67-0190-0250-finalni-vyprodej-26926\/#primaryimage"},"image":{"@id":"https:\/\/www.technodompro.com\/index.php\/produkt\/sapho-schwab-ceres-ovladaci-tlacitko-246x159-mm-cerna-mat-p67-0190-0250-finalni-vyprodej-26926\/#primaryimage"},"thumbnailUrl":"https:\/\/www.technodompro.com\/wp-content\/uploads\/2026\/SK0012134-CZ20260425-093631-0-1777080994-265651-1_p67-0190-0250-242012817196134.webp","datePublished":"2026-04-27T04:41:39+00:00","breadcrumb":{"@id":"https:\/\/www.technodompro.com\/index.php\/produkt\/sapho-schwab-ceres-ovladaci-tlacitko-246x159-mm-cerna-mat-p67-0190-0250-finalni-vyprodej-26926\/#breadcrumb"},"inLanguage":"cs","potentialAction":[{"@type":"ReadAction","target":["https:\/\/www.technodompro.com\/index.php\/produkt\/sapho-schwab-ceres-ovladaci-tlacitko-246x159-mm-cerna-mat-p67-0190-0250-finalni-vyprodej-26926\/"]}]},{"@type":"ImageObject","inLanguage":"cs","@id":"https:\/\/www.technodompro.com\/index.php\/produkt\/sapho-schwab-ceres-ovladaci-tlacitko-246x159-mm-cerna-mat-p67-0190-0250-finalni-vyprodej-26926\/#primaryimage","url":"https:\/\/www.technodompro.com\/wp-content\/uploads\/2026\/SK0012134-CZ20260425-093631-0-1777080994-265651-1_p67-0190-0250-242012817196134.webp","contentUrl":"https:\/\/www.technodompro.com\/wp-content\/uploads\/2026\/SK0012134-CZ20260425-093631-0-1777080994-265651-1_p67-0190-0250-242012817196134.webp","width":1000,"height":750},{"@type":"BreadcrumbList","@id":"https:\/\/www.technodompro.com\/index.php\/produkt\/sapho-schwab-ceres-ovladaci-tlacitko-246x159-mm-cerna-mat-p67-0190-0250-finalni-vyprodej-26926\/#breadcrumb","itemListElement":[{"@type":"ListItem","position":1,"name":"Home","item":"https:\/\/www.technodompro.com\/"},{"@type":"ListItem","position":2,"name":"Products","item":"https:\/\/www.technodompro.com\/index.php\/products\/"},{"@type":"ListItem","position":3,"name":"Sapho SCHWAB CERES ovl\u00e1dac\u00ed tla\u010d\u00edtko, 246&#215;159 mm, \u010dern\u00e1 mat P67-0190-0250 Fin\u00e1ln\u00ed V\u00fdprodej"}]},{"@type":"WebSite","@id":"https:\/\/www.technodompro.com\/#website","url":"https:\/\/www.technodompro.com\/","name":"","description":"","potentialAction":[{"@type":"SearchAction","target":{"@type":"EntryPoint","urlTemplate":"https:\/\/www.technodompro.com\/?s={search_term_string}"},"query-input":{"@type":"PropertyValueSpecification","valueRequired":true,"valueName":"search_term_string"}}],"inLanguage":"cs"}]}},"_links":{"self":[{"href":"https:\/\/www.technodompro.com\/index.php\/wp-json\/wp\/v2\/product\/26926","targetHints":{"allow":["GET"]}}],"collection":[{"href":"https:\/\/www.technodompro.com\/index.php\/wp-json\/wp\/v2\/product"}],"about":[{"href":"https:\/\/www.technodompro.com\/index.php\/wp-json\/wp\/v2\/types\/product"}],"replies":[{"embeddable":true,"href":"https:\/\/www.technodompro.com\/index.php\/wp-json\/wp\/v2\/comments?post=26926"}],"wp:featuredmedia":[{"embeddable":true,"href":"https:\/\/www.technodompro.com\/index.php\/wp-json\/wp\/v2\/media\/27026"}],"wp:attachment":[{"href":"https:\/\/www.technodompro.com\/index.php\/wp-json\/wp\/v2\/media?parent=26926"}],"wp:term":[{"taxonomy":"product_brand","embeddable":true,"href":"https:\/\/www.technodompro.com\/index.php\/wp-json\/wp\/v2\/product_brand?post=26926"},{"taxonomy":"product_cat","embeddable":true,"href":"https:\/\/www.technodompro.com\/index.php\/wp-json\/wp\/v2\/product_cat?post=26926"},{"taxonomy":"product_tag","embeddable":true,"href":"https:\/\/www.technodompro.com\/index.php\/wp-json\/wp\/v2\/product_tag?post=26926"}],"curies":[{"name":"wp","href":"https:\/\/api.w.org\/{rel}","templated":true}]}}