{"id":26931,"date":"2026-04-27T04:41:39","date_gmt":"2026-04-27T04:41:39","guid":{"rendered":""},"modified":"2026-04-27T04:41:39","modified_gmt":"2026-04-27T04:41:39","slug":"omezena-nabidka-sapho-odetta-umyvadlova-skrinka-57x50x43-5cm-dub-alabama-dt060-2222-26931","status":"publish","type":"product","link":"https:\/\/www.technodompro.com\/index.php\/produkt\/omezena-nabidka-sapho-odetta-umyvadlova-skrinka-57x50x43-5cm-dub-alabama-dt060-2222-26931\/","title":{"rendered":"Omezen\u00e1 Nab\u00eddka Sapho ODETTA umyvadlov\u00e1 sk\u0159\u00ed\u0148ka 57x50x43,5cm, dub alabama DT060-2222"},"content":{"rendered":"<div class=\"basic-description\">\n<h3>Detailn\u00ed popis produktu<\/h3>\n<ul>\n<li>Li\u0161ta mezi z\u00e1suvkami v b\u00edl\u00e9 barv\u011b (mo\u017eno vym\u011bnit za jinou barvu &#8211; k   dokoupen\u00ed).   <\/li>\n<li>Mo\u017enost v\u00fdb\u011bru DTDL nebo Rockstone desky pro umyvadlo na postaven\u00ed.   <\/li>\n<li>P\u0159i instalaci keramick\u00e9ho umyvadla KARE je nutn\u00e9 pou\u017e\u00edt distan\u010dn\u00ed podlo\u017eky   (sou\u010d\u00e1st\u00ed balen\u00ed sk\u0159\u00ed\u0148ky) a sifon URBINO s Click Clack v\u00fdpust\u00ed (k   dokoupen\u00ed).<\/li>\n<\/ul>\n<p><\/p>\n<p style=\"text-align: justify;\">S\u00e9rie ODETTA nab\u00edz\u00ed umyvadlov\u00e9 sk\u0159\u00ed\u0148ky v kombinaci se 3 druhy umyvadel &#8211; keramick\u00e1 KARE, z lit\u00e9ho mramoru GODIVA a betonov\u00e1 QUADRADO. S\u00e9rie je tak\u00e9 navr\u017eena pro vybran\u00e1 umyvadla na postaven\u00ed. Rozm\u011brovou variabilitu umo\u017e\u0148uje kombinace umyvadlov\u00fdch a spodn\u00edch sk\u0159\u00ed\u0148ek. Bez\u00fachytkov\u00e9 z\u00e1suvky jsou vybaveny v\u00fdsuvy BLUM s tlumen\u00fdm dov\u00edr\u00e1n\u00edm. Horn\u00ed z\u00e1suvka je bez v\u00fd\u0159ezu pro sifon, \u010d\u00edm\u017e se zvy\u0161uje \u00falo\u017en\u00e1 plocha z\u00e1suvky. Mezi z\u00e1suvkami je hlin\u00edkov\u00e1 li\u0161ta CHANEL v \u010dern\u00e9 nebo b\u00edl\u00e9 barv\u011b. Na p\u0159\u00e1n\u00ed lze dodat li\u0161tu i ve zlat\u00e9 barv\u011b.<br \/>Dal\u0161\u00ed mo\u017enost\u00ed, jak zm\u011bnit design n\u00e1bytku, je pou\u017eit\u00ed ocelov\u00fdch podp\u011brn\u00fdch noh, kter\u00e9 jsou v nab\u00eddce ve dvou variant\u00e1ch. \u0160irok\u00e1 nab\u00eddka modern\u00edch dekor\u016f a barev je samoz\u0159ejmost\u00ed.<br \/>Dopln\u011bn\u00edm sk\u0159\u00edn\u011bk o zrcadla NIROX ve stejn\u00e9m dekoru nebo barv\u011b z\u00edsk\u00e1te slad\u011bn\u00fd celek pro svou koupelnu. \u00dalo\u017en\u00fd prostor lze nav\u00edc roz\u0161\u00ed\u0159it p\u0159id\u00e1n\u00edm dopl\u0148kov\u00fdch sk\u0159\u00edn\u011bk ESPACE do sestavy.<\/p>\n<p style=\"text-align: justify;\"><span>N\u00e1bytek je dod\u00e1v\u00e1n ve smontovan\u00e9m stavu, p\u0159ipraven k&nbsp;okam\u017eit\u00e9 instalaci.<\/span><br \/><span>N\u00e1bytek instalujte na rovnou st\u011bnu. P\u0159i zkroucen\u00ed korpusu sk\u0159\u00ed\u0148ky m\u016f\u017ee doj\u00edt k&nbsp;poru\u0161e funkce dov\u00edrac\u00edch mechanism\u016f. Nevystavujte n\u00e1bytek trval\u00e9 vlhkosti a&nbsp;styku s&nbsp;vodou.<\/span><br \/><span>Po pou\u017eit\u00ed koupelnu \u0159\u00e1dn\u011b odv\u011btrejte. Proti p\u0159\u00edpadn\u00e9mu zat\u00e9k\u00e1n\u00ed do sk\u0159\u00ed\u0148ky pou\u017eijte silikonov\u00fd tmel.<\/span><\/p>\n<h2 class=\"props-title\">Vlastnosti<\/h2>\n<table>\n<tr>\n<th>Zna\u010dka<\/th>\n<td>SAPHO<\/td>\n<\/tr>\n<tr>\n<th>S\u00e9rie<\/th>\n<td>ODETTA<\/td>\n<\/tr>\n<tr>\n<th>3D model<\/th>\n<td>ANO<\/td>\n<\/tr>\n<tr>\n<th>Rozm\u011br<\/th>\n<td>57x50x43,5 cm<\/td>\n<\/tr>\n<tr>\n<th>\u0160\u00ed\u0159ka<\/th>\n<td>570&nbsp;mm<\/td>\n<\/tr>\n<tr>\n<th>V\u00fd\u0161ka<\/th>\n<td>500&nbsp;mm<\/td>\n<\/tr>\n<tr>\n<th>Hloubka<\/th>\n<td>435&nbsp;mm<\/td>\n<\/tr>\n<tr>\n<th>Barva<\/th>\n<td>Hn\u011bd\u00e1<\/td>\n<\/tr>\n<tr>\n<th>Dekor<\/th>\n<td>Dub Alabama<\/td>\n<\/tr>\n<tr>\n<th>Jin\u00e9 barevn\u00e9 proveden\u00ed<\/th>\n<td>Dle vzorn\u00edku<\/td>\n<\/tr>\n<tr>\n<th>Materi\u00e1l<\/th>\n<td>MDF\/lamino<\/td>\n<\/tr>\n<tr>\n<th>Instalace<\/th>\n<td>Z\u00e1v\u011bsn\u00e9 na st\u011bnu<\/td>\n<\/tr>\n<tr>\n<th>Typ sk\u0159\u00ed\u0148ky<\/th>\n<td>Z\u00e1suvky<\/td>\n<\/tr>\n<tr>\n<th>Typ umyvadla<\/th>\n<td>Klasick\u00e9 umyvadlo<\/td>\n<\/tr>\n<tr>\n<th>V\u00fdbava<\/th>\n<td>Tich\u00e9 a plynul\u00e9 zav\u00edr\u00e1n\u00ed<\/td>\n<\/tr>\n<tr>\n<th>Balen\u00ed neobsahuje<\/th>\n<td>Umyvadlo<\/td>\n<\/tr>\n<tr>\n<th>Hmotnost \/ ks<\/th>\n<td>26.5000&nbsp;kg<\/td>\n<\/tr>\n<tr>\n<th>Balen\u00ed<\/th>\n<td>1&nbsp;ks<\/td>\n<\/tr>\n<tr>\n<th>EAN<\/th>\n<td>8590913923197<\/td>\n<\/tr>\n<tr>\n<th>Taric<\/th>\n<td>94036090<\/td>\n<\/tr>\n<tr>\n<th>Z\u00e1ruka<\/th>\n<td>2 roky<\/td>\n<\/tr>\n<\/table>\n<div class=\"product-explanation-item\">\n<h3>Lze vyrobit v tomto barevn\u00e9m proveden\u00ed:<\/h3>\n<p><strong>Cenov\u00e1 skupina A  <\/strong>p\u0159\u00edplatek 0%<\/p>\n<div class=\"vzorniky-list\">\n<div class=\"vzorniky-item\">30 B\u00edl\u00e1 lesk<\/div>\n<div class=\"vzorniky-item\">11 Dub st\u0159\u00edbrn\u00fd<\/div>\n<div class=\"vzorniky-item\">16 Borovice rustik<\/div>\n<div class=\"vzorniky-item\">22 Dub alabama<\/div>\n<div class=\"vzorniky-item\">25 Dub cuneo<\/div>\n<\/div>\n<p><strong>Cenov\u00e1 skupina B:<\/strong>  p\u0159\u00edplatek 30%<\/p>\n<div class=\"vzorniky-list\">\n<div class=\"vzorniky-item\">10 Dub polar<\/div>\n<div class=\"vzorniky-item\">12 Dub mocca<\/div>\n<div class=\"vzorniky-item\">20 Dub texas<\/div>\n<div class=\"vzorniky-item\">15 Dub sherwood<\/div>\n<div class=\"vzorniky-item\">13 Jilm bardini<\/div>\n<div class=\"vzorniky-item\">21 Mali wenge<\/div>\n<div class=\"vzorniky-item\">17 O\u0159ech yosemite<\/div>\n<div class=\"vzorniky-item\">18 Dub \u010dern\u00fd<\/div>\n<div class=\"vzorniky-item\">31 B\u00edl\u00e1 mat<\/div>\n<div class=\"vzorniky-item\">32 Ka\u0161m\u00edrov\u00e1 matn\u00e1<\/div>\n<div class=\"vzorniky-item\">33 \u0160ed\u00e1 matn\u00e1<\/div>\n<div class=\"vzorniky-item\">34 Antracit matn\u00fd<\/div>\n<div class=\"vzorniky-item\">35 \u010cern\u00e1 matn\u00e1<\/div>\n<\/div>\n<p><strong>Cenov\u00e1 skupina C:<\/strong> p\u0159\u00edplatek 50%<\/p>\n<div class=\"vzorniky-list\">\n<div class=\"vzorniky-item\">23 Dub alabama strip<br \/>(pouze dv\u00ed\u0159ka\/\u010delo)<\/div>\n<div class=\"vzorniky-item\">41 Carina<br \/>41S Carina strip<br \/>(pouze dv\u00ed\u0159ka\/\u010delo)<\/div>\n<div class=\"vzorniky-item\">42 Siena<br \/>42S Siena strip<br \/>(pouze dv\u00ed\u0159ka\/\u010delo)<\/div>\n<div class=\"vzorniky-item\">43 Agila<br \/>43S Agila strip<br \/>(pouze dv\u00ed\u0159ka\/\u010delo)<\/div>\n<div class=\"vzorniky-item\">44 Verde<br \/>44S Verde strip<br \/>(pouze dv\u00ed\u0159ka\/\u010delo)<\/div>\n<\/div>\n<p>jak\u00e1koliv barva dle vzorn\u00edku RAL nebo NCS v leskl\u00e9m nebo matn\u00e9m proveden\u00ed<\/p>\n<div class=\"vzorniky-list\">\n<div class=\"vzorniky-item\">RAL1019 \u0160edob\u00e9\u017eov\u00e1<\/div>\n<div class=\"vzorniky-item\">RAL3004 Bord\u00f3<\/div>\n<div class=\"vzorniky-item\">RAL6004 Modrozelen\u00e1<\/div>\n<div class=\"vzorniky-item\">RAL7031 \u0160edomodr\u00e1<\/div>\n<\/div>\n<p>Dodac\u00ed lh\u016fta cenov\u00fdch skupin B a C je 6 t\u00fddn\u016f.<\/p>\n<\/div>\n<div class=\"product-explanation-item\">\n<h3>Tich\u00e9 a plynul\u00e9 zav\u00edr\u00e1n\u00ed<\/h3>\n<p style=\"text-align: justify;\">N\u00e1bytek je vybaven pojezdy z\u00e1suvek s pomal\u00fdm dojezdem a syst\u00e9mem automatick\u00e9ho dov\u0159en\u00ed z\u00e1suvek. Ji\u017e \u017e\u00e1dn\u00e9 hlu\u010dn\u00e9 dov\u00edr\u00e1n\u00ed.<\/p>\n<\/div><\/div>\n","protected":false},"excerpt":{"rendered":"<p>Detailn\u00ed popis produktu Li\u0161ta mezi z\u00e1suvkami v b\u00edl\u00e9 barv\u011b (mo\u017eno vym\u011bnit za jinou barvu &#8211; k dokoupen\u00ed). Mo\u017enost v\u00fdb\u011bru DTDL nebo Rockstone desky pro umyvadlo na postaven\u00ed. P\u0159i instalaci keramick\u00e9ho umyvadla KARE je nutn\u00e9 pou\u017e\u00edt distan\u010dn\u00ed podlo\u017eky (sou\u010d\u00e1st\u00ed balen\u00ed sk\u0159\u00ed\u0148ky) a sifon URBINO s Click Clack v\u00fdpust\u00ed (k dokoupen\u00ed). S\u00e9rie ODETTA nab\u00edz\u00ed umyvadlov\u00e9 sk\u0159\u00ed\u0148ky v [&hellip;]<\/p>\n","protected":false},"featured_media":27031,"comment_status":"open","ping_status":"open","template":"","meta":[],"product_brand":[],"product_cat":[69],"product_tag":[],"class_list":{"0":"post-26931","1":"product","2":"type-product","3":"status-publish","4":"has-post-thumbnail","6":"product_cat-koupelnovy-nabytek","8":"first","9":"instock","10":"sale","11":"shipping-taxable","12":"purchasable","13":"product-type-simple"},"yoast_head":"<!-- This site is optimized with the Yoast SEO plugin v26.8 - https:\/\/yoast.com\/product\/yoast-seo-wordpress\/ -->\n<title>Omezen\u00e1 Nab\u00eddka Sapho ODETTA umyvadlov\u00e1 sk\u0159\u00ed\u0148ka 57x50x43,5cm, dub alabama DT060-2222 -<\/title>\n<meta name=\"robots\" content=\"index, follow, max-snippet:-1, max-image-preview:large, max-video-preview:-1\" \/>\n<link rel=\"canonical\" href=\"https:\/\/www.technodompro.com\/index.php\/produkt\/omezena-nabidka-sapho-odetta-umyvadlova-skrinka-57x50x43-5cm-dub-alabama-dt060-2222-26931\/\" \/>\n<meta property=\"og:locale\" content=\"cs_CZ\" \/>\n<meta property=\"og:type\" content=\"article\" \/>\n<meta property=\"og:title\" content=\"Omezen\u00e1 Nab\u00eddka Sapho ODETTA umyvadlov\u00e1 sk\u0159\u00ed\u0148ka 57x50x43,5cm, dub alabama DT060-2222 -\" \/>\n<meta property=\"og:description\" content=\"Detailn\u00ed popis produktu Li\u0161ta mezi z\u00e1suvkami v b\u00edl\u00e9 barv\u011b (mo\u017eno vym\u011bnit za jinou barvu &#8211; k dokoupen\u00ed). Mo\u017enost v\u00fdb\u011bru DTDL nebo Rockstone desky pro umyvadlo na postaven\u00ed. P\u0159i instalaci keramick\u00e9ho umyvadla KARE je nutn\u00e9 pou\u017e\u00edt distan\u010dn\u00ed podlo\u017eky (sou\u010d\u00e1st\u00ed balen\u00ed sk\u0159\u00ed\u0148ky) a sifon URBINO s Click Clack v\u00fdpust\u00ed (k dokoupen\u00ed). S\u00e9rie ODETTA nab\u00edz\u00ed umyvadlov\u00e9 sk\u0159\u00ed\u0148ky v [&hellip;]\" \/>\n<meta property=\"og:url\" content=\"https:\/\/www.technodompro.com\/index.php\/produkt\/omezena-nabidka-sapho-odetta-umyvadlova-skrinka-57x50x43-5cm-dub-alabama-dt060-2222-26931\/\" \/>\n<meta property=\"og:image\" content=\"https:\/\/www.technodompro.com\/wp-content\/uploads\/2026\/SK0012139-CZ20260425-093631-0-1777080994-265720-5_dt060-2222-268117628425018.webp\" \/>\n\t<meta property=\"og:image:width\" content=\"1000\" \/>\n\t<meta property=\"og:image:height\" content=\"750\" \/>\n\t<meta property=\"og:image:type\" content=\"image\/webp\" \/>\n<meta name=\"twitter:card\" content=\"summary_large_image\" \/>\n<meta name=\"twitter:label1\" content=\"Odhadovan\u00e1 doba \u010dten\u00ed\" \/>\n\t<meta name=\"twitter:data1\" content=\"3 minuty\" \/>\n<script type=\"application\/ld+json\" class=\"yoast-schema-graph\">{\"@context\":\"https:\/\/schema.org\",\"@graph\":[{\"@type\":\"WebPage\",\"@id\":\"https:\/\/www.technodompro.com\/index.php\/produkt\/omezena-nabidka-sapho-odetta-umyvadlova-skrinka-57x50x43-5cm-dub-alabama-dt060-2222-26931\/\",\"url\":\"https:\/\/www.technodompro.com\/index.php\/produkt\/omezena-nabidka-sapho-odetta-umyvadlova-skrinka-57x50x43-5cm-dub-alabama-dt060-2222-26931\/\",\"name\":\"Omezen\u00e1 Nab\u00eddka Sapho ODETTA umyvadlov\u00e1 sk\u0159\u00ed\u0148ka 57x50x43,5cm, dub alabama DT060-2222 -\",\"isPartOf\":{\"@id\":\"https:\/\/www.technodompro.com\/#website\"},\"primaryImageOfPage\":{\"@id\":\"https:\/\/www.technodompro.com\/index.php\/produkt\/omezena-nabidka-sapho-odetta-umyvadlova-skrinka-57x50x43-5cm-dub-alabama-dt060-2222-26931\/#primaryimage\"},\"image\":{\"@id\":\"https:\/\/www.technodompro.com\/index.php\/produkt\/omezena-nabidka-sapho-odetta-umyvadlova-skrinka-57x50x43-5cm-dub-alabama-dt060-2222-26931\/#primaryimage\"},\"thumbnailUrl\":\"https:\/\/www.technodompro.com\/wp-content\/uploads\/2026\/SK0012139-CZ20260425-093631-0-1777080994-265720-5_dt060-2222-268117628425018.webp\",\"datePublished\":\"2026-04-27T04:41:39+00:00\",\"breadcrumb\":{\"@id\":\"https:\/\/www.technodompro.com\/index.php\/produkt\/omezena-nabidka-sapho-odetta-umyvadlova-skrinka-57x50x43-5cm-dub-alabama-dt060-2222-26931\/#breadcrumb\"},\"inLanguage\":\"cs\",\"potentialAction\":[{\"@type\":\"ReadAction\",\"target\":[\"https:\/\/www.technodompro.com\/index.php\/produkt\/omezena-nabidka-sapho-odetta-umyvadlova-skrinka-57x50x43-5cm-dub-alabama-dt060-2222-26931\/\"]}]},{\"@type\":\"ImageObject\",\"inLanguage\":\"cs\",\"@id\":\"https:\/\/www.technodompro.com\/index.php\/produkt\/omezena-nabidka-sapho-odetta-umyvadlova-skrinka-57x50x43-5cm-dub-alabama-dt060-2222-26931\/#primaryimage\",\"url\":\"https:\/\/www.technodompro.com\/wp-content\/uploads\/2026\/SK0012139-CZ20260425-093631-0-1777080994-265720-5_dt060-2222-268117628425018.webp\",\"contentUrl\":\"https:\/\/www.technodompro.com\/wp-content\/uploads\/2026\/SK0012139-CZ20260425-093631-0-1777080994-265720-5_dt060-2222-268117628425018.webp\",\"width\":1000,\"height\":750},{\"@type\":\"BreadcrumbList\",\"@id\":\"https:\/\/www.technodompro.com\/index.php\/produkt\/omezena-nabidka-sapho-odetta-umyvadlova-skrinka-57x50x43-5cm-dub-alabama-dt060-2222-26931\/#breadcrumb\",\"itemListElement\":[{\"@type\":\"ListItem\",\"position\":1,\"name\":\"Home\",\"item\":\"https:\/\/www.technodompro.com\/\"},{\"@type\":\"ListItem\",\"position\":2,\"name\":\"Products\",\"item\":\"https:\/\/www.technodompro.com\/index.php\/products\/\"},{\"@type\":\"ListItem\",\"position\":3,\"name\":\"Omezen\u00e1 Nab\u00eddka Sapho ODETTA umyvadlov\u00e1 sk\u0159\u00ed\u0148ka 57x50x43,5cm, dub alabama DT060-2222\"}]},{\"@type\":\"WebSite\",\"@id\":\"https:\/\/www.technodompro.com\/#website\",\"url\":\"https:\/\/www.technodompro.com\/\",\"name\":\"\",\"description\":\"\",\"potentialAction\":[{\"@type\":\"SearchAction\",\"target\":{\"@type\":\"EntryPoint\",\"urlTemplate\":\"https:\/\/www.technodompro.com\/?s={search_term_string}\"},\"query-input\":{\"@type\":\"PropertyValueSpecification\",\"valueRequired\":true,\"valueName\":\"search_term_string\"}}],\"inLanguage\":\"cs\"}]}<\/script>\n<!-- \/ Yoast SEO plugin. -->","yoast_head_json":{"title":"Omezen\u00e1 Nab\u00eddka Sapho ODETTA umyvadlov\u00e1 sk\u0159\u00ed\u0148ka 57x50x43,5cm, dub alabama DT060-2222 -","robots":{"index":"index","follow":"follow","max-snippet":"max-snippet:-1","max-image-preview":"max-image-preview:large","max-video-preview":"max-video-preview:-1"},"canonical":"https:\/\/www.technodompro.com\/index.php\/produkt\/omezena-nabidka-sapho-odetta-umyvadlova-skrinka-57x50x43-5cm-dub-alabama-dt060-2222-26931\/","og_locale":"cs_CZ","og_type":"article","og_title":"Omezen\u00e1 Nab\u00eddka Sapho ODETTA umyvadlov\u00e1 sk\u0159\u00ed\u0148ka 57x50x43,5cm, dub alabama DT060-2222 -","og_description":"Detailn\u00ed popis produktu Li\u0161ta mezi z\u00e1suvkami v b\u00edl\u00e9 barv\u011b (mo\u017eno vym\u011bnit za jinou barvu &#8211; k dokoupen\u00ed). Mo\u017enost v\u00fdb\u011bru DTDL nebo Rockstone desky pro umyvadlo na postaven\u00ed. P\u0159i instalaci keramick\u00e9ho umyvadla KARE je nutn\u00e9 pou\u017e\u00edt distan\u010dn\u00ed podlo\u017eky (sou\u010d\u00e1st\u00ed balen\u00ed sk\u0159\u00ed\u0148ky) a sifon URBINO s Click Clack v\u00fdpust\u00ed (k dokoupen\u00ed). S\u00e9rie ODETTA nab\u00edz\u00ed umyvadlov\u00e9 sk\u0159\u00ed\u0148ky v [&hellip;]","og_url":"https:\/\/www.technodompro.com\/index.php\/produkt\/omezena-nabidka-sapho-odetta-umyvadlova-skrinka-57x50x43-5cm-dub-alabama-dt060-2222-26931\/","og_image":[{"width":1000,"height":750,"url":"https:\/\/www.technodompro.com\/wp-content\/uploads\/2026\/SK0012139-CZ20260425-093631-0-1777080994-265720-5_dt060-2222-268117628425018.webp","type":"image\/webp"}],"twitter_card":"summary_large_image","twitter_misc":{"Odhadovan\u00e1 doba \u010dten\u00ed":"3 minuty"},"schema":{"@context":"https:\/\/schema.org","@graph":[{"@type":"WebPage","@id":"https:\/\/www.technodompro.com\/index.php\/produkt\/omezena-nabidka-sapho-odetta-umyvadlova-skrinka-57x50x43-5cm-dub-alabama-dt060-2222-26931\/","url":"https:\/\/www.technodompro.com\/index.php\/produkt\/omezena-nabidka-sapho-odetta-umyvadlova-skrinka-57x50x43-5cm-dub-alabama-dt060-2222-26931\/","name":"Omezen\u00e1 Nab\u00eddka Sapho ODETTA umyvadlov\u00e1 sk\u0159\u00ed\u0148ka 57x50x43,5cm, dub alabama DT060-2222 -","isPartOf":{"@id":"https:\/\/www.technodompro.com\/#website"},"primaryImageOfPage":{"@id":"https:\/\/www.technodompro.com\/index.php\/produkt\/omezena-nabidka-sapho-odetta-umyvadlova-skrinka-57x50x43-5cm-dub-alabama-dt060-2222-26931\/#primaryimage"},"image":{"@id":"https:\/\/www.technodompro.com\/index.php\/produkt\/omezena-nabidka-sapho-odetta-umyvadlova-skrinka-57x50x43-5cm-dub-alabama-dt060-2222-26931\/#primaryimage"},"thumbnailUrl":"https:\/\/www.technodompro.com\/wp-content\/uploads\/2026\/SK0012139-CZ20260425-093631-0-1777080994-265720-5_dt060-2222-268117628425018.webp","datePublished":"2026-04-27T04:41:39+00:00","breadcrumb":{"@id":"https:\/\/www.technodompro.com\/index.php\/produkt\/omezena-nabidka-sapho-odetta-umyvadlova-skrinka-57x50x43-5cm-dub-alabama-dt060-2222-26931\/#breadcrumb"},"inLanguage":"cs","potentialAction":[{"@type":"ReadAction","target":["https:\/\/www.technodompro.com\/index.php\/produkt\/omezena-nabidka-sapho-odetta-umyvadlova-skrinka-57x50x43-5cm-dub-alabama-dt060-2222-26931\/"]}]},{"@type":"ImageObject","inLanguage":"cs","@id":"https:\/\/www.technodompro.com\/index.php\/produkt\/omezena-nabidka-sapho-odetta-umyvadlova-skrinka-57x50x43-5cm-dub-alabama-dt060-2222-26931\/#primaryimage","url":"https:\/\/www.technodompro.com\/wp-content\/uploads\/2026\/SK0012139-CZ20260425-093631-0-1777080994-265720-5_dt060-2222-268117628425018.webp","contentUrl":"https:\/\/www.technodompro.com\/wp-content\/uploads\/2026\/SK0012139-CZ20260425-093631-0-1777080994-265720-5_dt060-2222-268117628425018.webp","width":1000,"height":750},{"@type":"BreadcrumbList","@id":"https:\/\/www.technodompro.com\/index.php\/produkt\/omezena-nabidka-sapho-odetta-umyvadlova-skrinka-57x50x43-5cm-dub-alabama-dt060-2222-26931\/#breadcrumb","itemListElement":[{"@type":"ListItem","position":1,"name":"Home","item":"https:\/\/www.technodompro.com\/"},{"@type":"ListItem","position":2,"name":"Products","item":"https:\/\/www.technodompro.com\/index.php\/products\/"},{"@type":"ListItem","position":3,"name":"Omezen\u00e1 Nab\u00eddka Sapho ODETTA umyvadlov\u00e1 sk\u0159\u00ed\u0148ka 57x50x43,5cm, dub alabama DT060-2222"}]},{"@type":"WebSite","@id":"https:\/\/www.technodompro.com\/#website","url":"https:\/\/www.technodompro.com\/","name":"","description":"","potentialAction":[{"@type":"SearchAction","target":{"@type":"EntryPoint","urlTemplate":"https:\/\/www.technodompro.com\/?s={search_term_string}"},"query-input":{"@type":"PropertyValueSpecification","valueRequired":true,"valueName":"search_term_string"}}],"inLanguage":"cs"}]}},"_links":{"self":[{"href":"https:\/\/www.technodompro.com\/index.php\/wp-json\/wp\/v2\/product\/26931","targetHints":{"allow":["GET"]}}],"collection":[{"href":"https:\/\/www.technodompro.com\/index.php\/wp-json\/wp\/v2\/product"}],"about":[{"href":"https:\/\/www.technodompro.com\/index.php\/wp-json\/wp\/v2\/types\/product"}],"replies":[{"embeddable":true,"href":"https:\/\/www.technodompro.com\/index.php\/wp-json\/wp\/v2\/comments?post=26931"}],"wp:featuredmedia":[{"embeddable":true,"href":"https:\/\/www.technodompro.com\/index.php\/wp-json\/wp\/v2\/media\/27031"}],"wp:attachment":[{"href":"https:\/\/www.technodompro.com\/index.php\/wp-json\/wp\/v2\/media?parent=26931"}],"wp:term":[{"taxonomy":"product_brand","embeddable":true,"href":"https:\/\/www.technodompro.com\/index.php\/wp-json\/wp\/v2\/product_brand?post=26931"},{"taxonomy":"product_cat","embeddable":true,"href":"https:\/\/www.technodompro.com\/index.php\/wp-json\/wp\/v2\/product_cat?post=26931"},{"taxonomy":"product_tag","embeddable":true,"href":"https:\/\/www.technodompro.com\/index.php\/wp-json\/wp\/v2\/product_tag?post=26931"}],"curies":[{"name":"wp","href":"https:\/\/api.w.org\/{rel}","templated":true}]}}