{"id":26943,"date":"2026-04-27T04:41:39","date_gmt":"2026-04-27T04:41:39","guid":{"rendered":""},"modified":"2026-04-27T04:41:39","modified_gmt":"2026-04-27T04:41:39","slug":"tovarni-cena-sapho-drezova-vypust-6-4-quot-s-prepadem-nerez-155-123-0-26943","status":"publish","type":"product","link":"https:\/\/www.technodompro.com\/produkt\/tovarni-cena-sapho-drezova-vypust-6-4-quot-s-prepadem-nerez-155-123-0-26943\/","title":{"rendered":"Tov\u00e1rn\u00ed Cena Sapho D\u0159ezov\u00e1 v\u00fdpust 6\/4&quot;, s p\u0159epadem, nerez 155.123.0"},"content":{"rendered":"<div class=\"basic-description\">\n<h3>Detailn\u00ed popis produktu<\/h3>\n<p><\/p>\n<h2 class=\"props-title\">Vlastnosti<\/h2>\n<table>\n<tr>\n<th>Zna\u010dka<\/th>\n<td>BRUCKNER<\/td>\n<\/tr>\n<tr>\n<th>Materi\u00e1l<\/th>\n<td>Plast<\/td>\n<\/tr>\n<tr>\n<th>Velikost z\u00e1vitu<\/th>\n<td>6\/4&#8243;<\/td>\n<\/tr>\n<tr>\n<th>Hmotnost \/ ks<\/th>\n<td>0.2500&nbsp;kg<\/td>\n<\/tr>\n<tr>\n<th>Balen\u00ed<\/th>\n<td>1&nbsp;ks<\/td>\n<\/tr>\n<tr>\n<th>EAN<\/th>\n<td>8590913923906<\/td>\n<\/tr>\n<tr>\n<th>Taric<\/th>\n<td>39229000<\/td>\n<\/tr>\n<tr>\n<th>Z\u00e1ruka<\/th>\n<td>2 roky<\/td>\n<\/tr>\n<\/table><\/div>\n","protected":false},"excerpt":{"rendered":"<p>Detailn\u00ed popis produktu Vlastnosti Zna\u010dka BRUCKNER Materi\u00e1l Plast Velikost z\u00e1vitu 6\/4&#8243; Hmotnost \/ ks 0.2500&nbsp;kg Balen\u00ed 1&nbsp;ks EAN 8590913923906 Taric 39229000 Z\u00e1ruka 2 roky<\/p>\n","protected":false},"featured_media":27043,"template":"","meta":[],"product_brand":[],"product_cat":[102],"product_tag":[],"class_list":{"0":"post-26943","1":"product","2":"type-product","3":"status-publish","4":"has-post-thumbnail","6":"product_cat-koupelnove-vybaveni","8":"first","9":"instock","10":"sale","11":"shipping-taxable","12":"purchasable","13":"product-type-simple"},"yoast_head":"<!-- This site is optimized with the Yoast SEO plugin v26.8 - https:\/\/yoast.com\/product\/yoast-seo-wordpress\/ -->\n<title>Tov\u00e1rn\u00ed Cena Sapho D\u0159ezov\u00e1 v\u00fdpust 6\/4&quot;, s p\u0159epadem, nerez 155.123.0 - Modern\u00ed koupelny &amp; sanita a interi\u00e9rov\u00e9 vybaven\u00ed pro v\u00e1\u0161 domov<\/title>\n<meta name=\"robots\" content=\"index, follow, max-snippet:-1, max-image-preview:large, max-video-preview:-1\" \/>\n<link rel=\"canonical\" href=\"https:\/\/www.technodompro.com\/index.php\/produkt\/tovarni-cena-sapho-drezova-vypust-6-4-quot-s-prepadem-nerez-155-123-0-26943\/\" \/>\n<meta property=\"og:locale\" content=\"cs_CZ\" \/>\n<meta property=\"og:type\" content=\"article\" \/>\n<meta property=\"og:title\" content=\"Tov\u00e1rn\u00ed Cena Sapho D\u0159ezov\u00e1 v\u00fdpust 6\/4&quot;, s p\u0159epadem, nerez 155.123.0 - Modern\u00ed koupelny &amp; sanita a interi\u00e9rov\u00e9 vybaven\u00ed pro v\u00e1\u0161 domov\" \/>\n<meta property=\"og:description\" content=\"Detailn\u00ed popis produktu Vlastnosti Zna\u010dka BRUCKNER Materi\u00e1l Plast Velikost z\u00e1vitu 6\/4&#8243; Hmotnost \/ ks 0.2500&nbsp;kg Balen\u00ed 1&nbsp;ks EAN 8590913923906 Taric 39229000 Z\u00e1ruka 2 roky\" \/>\n<meta property=\"og:url\" content=\"https:\/\/www.technodompro.com\/index.php\/produkt\/tovarni-cena-sapho-drezova-vypust-6-4-quot-s-prepadem-nerez-155-123-0-26943\/\" \/>\n<meta property=\"og:site_name\" content=\"Modern\u00ed koupelny &amp; sanita a interi\u00e9rov\u00e9 vybaven\u00ed pro v\u00e1\u0161 domov\" \/>\n<meta property=\"og:image\" content=\"https:\/\/www.technodompro.com\/wp-content\/uploads\/2026\/SK0012152-CZ20260425-093631-0-1777080994-265780_sapho-drezova-vypust-6-4-s-prepadem--nerez-155-123-0.webp\" \/>\n\t<meta property=\"og:image:width\" content=\"1000\" \/>\n\t<meta property=\"og:image:height\" content=\"750\" \/>\n\t<meta property=\"og:image:type\" content=\"image\/webp\" \/>\n<meta name=\"twitter:card\" content=\"summary_large_image\" \/>\n<script type=\"application\/ld+json\" class=\"yoast-schema-graph\">{\"@context\":\"https:\/\/schema.org\",\"@graph\":[{\"@type\":\"WebPage\",\"@id\":\"https:\/\/www.technodompro.com\/index.php\/produkt\/tovarni-cena-sapho-drezova-vypust-6-4-quot-s-prepadem-nerez-155-123-0-26943\/\",\"url\":\"https:\/\/www.technodompro.com\/index.php\/produkt\/tovarni-cena-sapho-drezova-vypust-6-4-quot-s-prepadem-nerez-155-123-0-26943\/\",\"name\":\"Tov\u00e1rn\u00ed Cena Sapho D\u0159ezov\u00e1 v\u00fdpust 6\/4&quot;, s p\u0159epadem, nerez 155.123.0 - Modern\u00ed koupelny &amp; sanita a interi\u00e9rov\u00e9 vybaven\u00ed pro v\u00e1\u0161 domov\",\"isPartOf\":{\"@id\":\"https:\/\/www.technodompro.com\/#website\"},\"primaryImageOfPage\":{\"@id\":\"https:\/\/www.technodompro.com\/index.php\/produkt\/tovarni-cena-sapho-drezova-vypust-6-4-quot-s-prepadem-nerez-155-123-0-26943\/#primaryimage\"},\"image\":{\"@id\":\"https:\/\/www.technodompro.com\/index.php\/produkt\/tovarni-cena-sapho-drezova-vypust-6-4-quot-s-prepadem-nerez-155-123-0-26943\/#primaryimage\"},\"thumbnailUrl\":\"https:\/\/www.technodompro.com\/wp-content\/uploads\/2026\/SK0012152-CZ20260425-093631-0-1777080994-265780_sapho-drezova-vypust-6-4-s-prepadem--nerez-155-123-0.webp\",\"datePublished\":\"2026-04-27T04:41:39+00:00\",\"breadcrumb\":{\"@id\":\"https:\/\/www.technodompro.com\/index.php\/produkt\/tovarni-cena-sapho-drezova-vypust-6-4-quot-s-prepadem-nerez-155-123-0-26943\/#breadcrumb\"},\"inLanguage\":\"cs\",\"potentialAction\":[{\"@type\":\"ReadAction\",\"target\":[\"https:\/\/www.technodompro.com\/index.php\/produkt\/tovarni-cena-sapho-drezova-vypust-6-4-quot-s-prepadem-nerez-155-123-0-26943\/\"]}]},{\"@type\":\"ImageObject\",\"inLanguage\":\"cs\",\"@id\":\"https:\/\/www.technodompro.com\/index.php\/produkt\/tovarni-cena-sapho-drezova-vypust-6-4-quot-s-prepadem-nerez-155-123-0-26943\/#primaryimage\",\"url\":\"https:\/\/www.technodompro.com\/wp-content\/uploads\/2026\/SK0012152-CZ20260425-093631-0-1777080994-265780_sapho-drezova-vypust-6-4-s-prepadem--nerez-155-123-0.webp\",\"contentUrl\":\"https:\/\/www.technodompro.com\/wp-content\/uploads\/2026\/SK0012152-CZ20260425-093631-0-1777080994-265780_sapho-drezova-vypust-6-4-s-prepadem--nerez-155-123-0.webp\",\"width\":1000,\"height\":750},{\"@type\":\"BreadcrumbList\",\"@id\":\"https:\/\/www.technodompro.com\/index.php\/produkt\/tovarni-cena-sapho-drezova-vypust-6-4-quot-s-prepadem-nerez-155-123-0-26943\/#breadcrumb\",\"itemListElement\":[{\"@type\":\"ListItem\",\"position\":1,\"name\":\"Home\",\"item\":\"https:\/\/www.technodompro.com\/\"},{\"@type\":\"ListItem\",\"position\":2,\"name\":\"Products\",\"item\":\"https:\/\/www.technodompro.com\/products\/\"},{\"@type\":\"ListItem\",\"position\":3,\"name\":\"Tov\u00e1rn\u00ed Cena Sapho D\u0159ezov\u00e1 v\u00fdpust 6\/4&quot;, s p\u0159epadem, nerez 155.123.0\"}]},{\"@type\":\"WebSite\",\"@id\":\"https:\/\/www.technodompro.com\/#website\",\"url\":\"https:\/\/www.technodompro.com\/\",\"name\":\"Modern\u00ed koupelny &amp; sanita a interi\u00e9rov\u00e9 vybaven\u00ed pro v\u00e1\u0161 domov\",\"description\":\"Modern\u00ed koupelny &amp; sanita a interi\u00e9rov\u00e9 vybaven\u00ed pro v\u00e1\u0161 domov\",\"publisher\":{\"@id\":\"https:\/\/www.technodompro.com\/#organization\"},\"potentialAction\":[{\"@type\":\"SearchAction\",\"target\":{\"@type\":\"EntryPoint\",\"urlTemplate\":\"https:\/\/www.technodompro.com\/?s={search_term_string}\"},\"query-input\":{\"@type\":\"PropertyValueSpecification\",\"valueRequired\":true,\"valueName\":\"search_term_string\"}}],\"inLanguage\":\"cs\"},{\"@type\":\"Organization\",\"@id\":\"https:\/\/www.technodompro.com\/#organization\",\"name\":\"Modern\u00ed koupelny &amp; sanita a interi\u00e9rov\u00e9 vybaven\u00ed pro v\u00e1\u0161 domov\",\"url\":\"https:\/\/www.technodompro.com\/\",\"logo\":{\"@type\":\"ImageObject\",\"inLanguage\":\"cs\",\"@id\":\"https:\/\/www.technodompro.com\/#\/schema\/logo\/image\/\",\"url\":\"https:\/\/www.technodompro.com\/wp-content\/uploads\/2026\/04\/technodompro_logo.svg\",\"contentUrl\":\"https:\/\/www.technodompro.com\/wp-content\/uploads\/2026\/04\/technodompro_logo.svg\",\"width\":760,\"height\":180,\"caption\":\"Modern\u00ed koupelny &amp; sanita a interi\u00e9rov\u00e9 vybaven\u00ed pro v\u00e1\u0161 domov\"},\"image\":{\"@id\":\"https:\/\/www.technodompro.com\/#\/schema\/logo\/image\/\"}}]}<\/script>\n<!-- \/ Yoast SEO plugin. -->","yoast_head_json":{"title":"Tov\u00e1rn\u00ed Cena Sapho D\u0159ezov\u00e1 v\u00fdpust 6\/4&quot;, s p\u0159epadem, nerez 155.123.0 - Modern\u00ed koupelny &amp; sanita a interi\u00e9rov\u00e9 vybaven\u00ed pro v\u00e1\u0161 domov","robots":{"index":"index","follow":"follow","max-snippet":"max-snippet:-1","max-image-preview":"max-image-preview:large","max-video-preview":"max-video-preview:-1"},"canonical":"https:\/\/www.technodompro.com\/index.php\/produkt\/tovarni-cena-sapho-drezova-vypust-6-4-quot-s-prepadem-nerez-155-123-0-26943\/","og_locale":"cs_CZ","og_type":"article","og_title":"Tov\u00e1rn\u00ed Cena Sapho D\u0159ezov\u00e1 v\u00fdpust 6\/4&quot;, s p\u0159epadem, nerez 155.123.0 - Modern\u00ed koupelny &amp; sanita a interi\u00e9rov\u00e9 vybaven\u00ed pro v\u00e1\u0161 domov","og_description":"Detailn\u00ed popis produktu Vlastnosti Zna\u010dka BRUCKNER Materi\u00e1l Plast Velikost z\u00e1vitu 6\/4&#8243; Hmotnost \/ ks 0.2500&nbsp;kg Balen\u00ed 1&nbsp;ks EAN 8590913923906 Taric 39229000 Z\u00e1ruka 2 roky","og_url":"https:\/\/www.technodompro.com\/index.php\/produkt\/tovarni-cena-sapho-drezova-vypust-6-4-quot-s-prepadem-nerez-155-123-0-26943\/","og_site_name":"Modern\u00ed koupelny &amp; sanita a interi\u00e9rov\u00e9 vybaven\u00ed pro v\u00e1\u0161 domov","og_image":[{"width":1000,"height":750,"url":"https:\/\/www.technodompro.com\/wp-content\/uploads\/2026\/SK0012152-CZ20260425-093631-0-1777080994-265780_sapho-drezova-vypust-6-4-s-prepadem--nerez-155-123-0.webp","type":"image\/webp"}],"twitter_card":"summary_large_image","schema":{"@context":"https:\/\/schema.org","@graph":[{"@type":"WebPage","@id":"https:\/\/www.technodompro.com\/index.php\/produkt\/tovarni-cena-sapho-drezova-vypust-6-4-quot-s-prepadem-nerez-155-123-0-26943\/","url":"https:\/\/www.technodompro.com\/index.php\/produkt\/tovarni-cena-sapho-drezova-vypust-6-4-quot-s-prepadem-nerez-155-123-0-26943\/","name":"Tov\u00e1rn\u00ed Cena Sapho D\u0159ezov\u00e1 v\u00fdpust 6\/4&quot;, s p\u0159epadem, nerez 155.123.0 - Modern\u00ed koupelny &amp; sanita a interi\u00e9rov\u00e9 vybaven\u00ed pro v\u00e1\u0161 domov","isPartOf":{"@id":"https:\/\/www.technodompro.com\/#website"},"primaryImageOfPage":{"@id":"https:\/\/www.technodompro.com\/index.php\/produkt\/tovarni-cena-sapho-drezova-vypust-6-4-quot-s-prepadem-nerez-155-123-0-26943\/#primaryimage"},"image":{"@id":"https:\/\/www.technodompro.com\/index.php\/produkt\/tovarni-cena-sapho-drezova-vypust-6-4-quot-s-prepadem-nerez-155-123-0-26943\/#primaryimage"},"thumbnailUrl":"https:\/\/www.technodompro.com\/wp-content\/uploads\/2026\/SK0012152-CZ20260425-093631-0-1777080994-265780_sapho-drezova-vypust-6-4-s-prepadem--nerez-155-123-0.webp","datePublished":"2026-04-27T04:41:39+00:00","breadcrumb":{"@id":"https:\/\/www.technodompro.com\/index.php\/produkt\/tovarni-cena-sapho-drezova-vypust-6-4-quot-s-prepadem-nerez-155-123-0-26943\/#breadcrumb"},"inLanguage":"cs","potentialAction":[{"@type":"ReadAction","target":["https:\/\/www.technodompro.com\/index.php\/produkt\/tovarni-cena-sapho-drezova-vypust-6-4-quot-s-prepadem-nerez-155-123-0-26943\/"]}]},{"@type":"ImageObject","inLanguage":"cs","@id":"https:\/\/www.technodompro.com\/index.php\/produkt\/tovarni-cena-sapho-drezova-vypust-6-4-quot-s-prepadem-nerez-155-123-0-26943\/#primaryimage","url":"https:\/\/www.technodompro.com\/wp-content\/uploads\/2026\/SK0012152-CZ20260425-093631-0-1777080994-265780_sapho-drezova-vypust-6-4-s-prepadem--nerez-155-123-0.webp","contentUrl":"https:\/\/www.technodompro.com\/wp-content\/uploads\/2026\/SK0012152-CZ20260425-093631-0-1777080994-265780_sapho-drezova-vypust-6-4-s-prepadem--nerez-155-123-0.webp","width":1000,"height":750},{"@type":"BreadcrumbList","@id":"https:\/\/www.technodompro.com\/index.php\/produkt\/tovarni-cena-sapho-drezova-vypust-6-4-quot-s-prepadem-nerez-155-123-0-26943\/#breadcrumb","itemListElement":[{"@type":"ListItem","position":1,"name":"Home","item":"https:\/\/www.technodompro.com\/"},{"@type":"ListItem","position":2,"name":"Products","item":"https:\/\/www.technodompro.com\/products\/"},{"@type":"ListItem","position":3,"name":"Tov\u00e1rn\u00ed Cena Sapho D\u0159ezov\u00e1 v\u00fdpust 6\/4&quot;, s p\u0159epadem, nerez 155.123.0"}]},{"@type":"WebSite","@id":"https:\/\/www.technodompro.com\/#website","url":"https:\/\/www.technodompro.com\/","name":"Modern\u00ed koupelny &amp; sanita a interi\u00e9rov\u00e9 vybaven\u00ed pro v\u00e1\u0161 domov","description":"Modern\u00ed koupelny &amp; sanita a interi\u00e9rov\u00e9 vybaven\u00ed pro v\u00e1\u0161 domov","publisher":{"@id":"https:\/\/www.technodompro.com\/#organization"},"potentialAction":[{"@type":"SearchAction","target":{"@type":"EntryPoint","urlTemplate":"https:\/\/www.technodompro.com\/?s={search_term_string}"},"query-input":{"@type":"PropertyValueSpecification","valueRequired":true,"valueName":"search_term_string"}}],"inLanguage":"cs"},{"@type":"Organization","@id":"https:\/\/www.technodompro.com\/#organization","name":"Modern\u00ed koupelny &amp; sanita a interi\u00e9rov\u00e9 vybaven\u00ed pro v\u00e1\u0161 domov","url":"https:\/\/www.technodompro.com\/","logo":{"@type":"ImageObject","inLanguage":"cs","@id":"https:\/\/www.technodompro.com\/#\/schema\/logo\/image\/","url":"https:\/\/www.technodompro.com\/wp-content\/uploads\/2026\/04\/technodompro_logo.svg","contentUrl":"https:\/\/www.technodompro.com\/wp-content\/uploads\/2026\/04\/technodompro_logo.svg","width":760,"height":180,"caption":"Modern\u00ed koupelny &amp; sanita a interi\u00e9rov\u00e9 vybaven\u00ed pro v\u00e1\u0161 domov"},"image":{"@id":"https:\/\/www.technodompro.com\/#\/schema\/logo\/image\/"}}]}},"_links":{"self":[{"href":"https:\/\/www.technodompro.com\/wp-json\/wp\/v2\/product\/26943","targetHints":{"allow":["GET"]}}],"collection":[{"href":"https:\/\/www.technodompro.com\/wp-json\/wp\/v2\/product"}],"about":[{"href":"https:\/\/www.technodompro.com\/wp-json\/wp\/v2\/types\/product"}],"wp:featuredmedia":[{"embeddable":true,"href":"https:\/\/www.technodompro.com\/wp-json\/wp\/v2\/media\/27043"}],"wp:attachment":[{"href":"https:\/\/www.technodompro.com\/wp-json\/wp\/v2\/media?parent=26943"}],"wp:term":[{"taxonomy":"product_brand","embeddable":true,"href":"https:\/\/www.technodompro.com\/wp-json\/wp\/v2\/product_brand?post=26943"},{"taxonomy":"product_cat","embeddable":true,"href":"https:\/\/www.technodompro.com\/wp-json\/wp\/v2\/product_cat?post=26943"},{"taxonomy":"product_tag","embeddable":true,"href":"https:\/\/www.technodompro.com\/wp-json\/wp\/v2\/product_tag?post=26943"}],"curies":[{"name":"wp","href":"https:\/\/api.w.org\/{rel}","templated":true}]}}