{"id":26956,"date":"2026-04-27T04:41:39","date_gmt":"2026-04-27T04:41:39","guid":{"rendered":""},"modified":"2026-04-27T04:41:39","modified_gmt":"2026-04-27T04:41:39","slug":"vikendova-akce-sapho-woody-deska-1100x28x500mm-masiv-prirodni-dub-wd110-70-26956","status":"publish","type":"product","link":"https:\/\/www.technodompro.com\/index.php\/produkt\/vikendova-akce-sapho-woody-deska-1100x28x500mm-masiv-prirodni-dub-wd110-70-26956\/","title":{"rendered":"V\u00edkendov\u00e1 Akce Sapho WOODY deska 1100x28x500mm, masiv p\u0159\u00edrodn\u00ed dub WD110-70"},"content":{"rendered":"<div class=\"basic-description\">\n<h3>Detailn\u00ed popis produktu<\/h3>\n<p><\/p>\n<ul>\n<li>Materi\u00e1l: masivn\u00ed dub<\/li>\n<li>Povrch: akrylov\u00fd lak<\/li>\n<li>\u0160\u00ed\u0159ka:&nbsp; 60 &#8211; 200 cm<\/li>\n<li>Hloubka 36 a 50 cm<\/li>\n<li>Tlou\u0161\u0165ka 2,8 cm<\/li>\n<li>Mo\u017enost v\u00fdroby atypick\u00fdch rozm\u011br\u016f (max. 300&#215;60 cm)<\/li>\n<li>Mo\u017enost dod\u00e1n\u00ed s otvory pro baterii a odpad dle v\u00fdkresu (lze vrtat i v m\u00edst\u011b instalace)<\/li>\n<\/ul>\n<p>&nbsp;P\u0159\u00edslu\u0161enstv\u00ed:<\/p>\n<ul>\n<li>Podp\u011brn\u00e9 konzole 36 a 50 cm<\/li>\n<li>Umyvadla na postaven\u00ed nebo z\u00e1pustn\u00e1 umyvadla<\/li>\n<li>AVICE sk\u0159\u00ed\u0148ky a kontejnery pod desku 50 cm<\/li>\n<li>ESPACE bo\u010dn\u00ed sk\u0159\u00edn\u011b<\/li>\n<li>AVICE dr\u017e\u00e1ky osu\u0161ek<\/li>\n<li>Desky del\u0161\u00ed ne\u017e 1 m: doporu\u010dujeme instalaci skryt\u00e9 podp\u011brn\u00e9 konzole ka\u017ed\u00fdch 70 cm<\/li>\n<\/ul>\n<h2 class=\"props-title\">Vlastnosti<\/h2>\n<table>\n<tr>\n<th>Zna\u010dka<\/th>\n<td>SAPHO<\/td>\n<\/tr>\n<tr>\n<th>S\u00e9rie<\/th>\n<td>Desky WOODY<\/td>\n<\/tr>\n<tr>\n<th>Rozm\u011br<\/th>\n<td>110&#215;2,8&#215;50 cm<\/td>\n<\/tr>\n<tr>\n<th>\u0160\u00ed\u0159ka<\/th>\n<td>1100&nbsp;mm<\/td>\n<\/tr>\n<tr>\n<th>V\u00fd\u0161ka<\/th>\n<td>28&nbsp;mm<\/td>\n<\/tr>\n<tr>\n<th>Hloubka<\/th>\n<td>500&nbsp;mm<\/td>\n<\/tr>\n<tr>\n<th>Barva<\/th>\n<td>Hn\u011bd\u00e1<\/td>\n<\/tr>\n<tr>\n<th>Dekor<\/th>\n<td>Dub p\u0159\u00edrodn\u00ed<\/td>\n<\/tr>\n<tr>\n<th>Materi\u00e1l<\/th>\n<td>Masiv d\u0159evo<\/td>\n<\/tr>\n<tr>\n<th>Instalace<\/th>\n<td>Z\u00e1v\u011bsn\u00e9 na st\u011bnu<\/td>\n<\/tr>\n<tr>\n<th>Typ sk\u0159\u00ed\u0148ky<\/th>\n<td>Deska<\/td>\n<\/tr>\n<tr>\n<th>Typ umyvadla<\/th>\n<td>Umyvadlo na desku<\/td>\n<\/tr>\n<tr>\n<th>Hmotnost \/ ks<\/th>\n<td>12.2470&nbsp;kg<\/td>\n<\/tr>\n<tr>\n<th>EAN<\/th>\n<td>8590913925023<\/td>\n<\/tr>\n<tr>\n<th>Taric<\/th>\n<td>94036090<\/td>\n<\/tr>\n<tr>\n<th>Z\u00e1ruka<\/th>\n<td>2 roky<\/td>\n<\/tr>\n<\/table><\/div>\n","protected":false},"excerpt":{"rendered":"<p>Detailn\u00ed popis produktu Materi\u00e1l: masivn\u00ed dub Povrch: akrylov\u00fd lak \u0160\u00ed\u0159ka:&nbsp; 60 &#8211; 200 cm Hloubka 36 a 50 cm Tlou\u0161\u0165ka 2,8 cm Mo\u017enost v\u00fdroby atypick\u00fdch rozm\u011br\u016f (max. 300&#215;60 cm) Mo\u017enost dod\u00e1n\u00ed s otvory pro baterii a odpad dle v\u00fdkresu (lze vrtat i v m\u00edst\u011b instalace) &nbsp;P\u0159\u00edslu\u0161enstv\u00ed: Podp\u011brn\u00e9 konzole 36 a 50 cm Umyvadla na postaven\u00ed [&hellip;]<\/p>\n","protected":false},"featured_media":27056,"comment_status":"open","ping_status":"open","template":"","meta":[],"product_brand":[],"product_cat":[69],"product_tag":[],"class_list":{"0":"post-26956","1":"product","2":"type-product","3":"status-publish","4":"has-post-thumbnail","6":"product_cat-koupelnovy-nabytek","8":"first","9":"instock","10":"sale","11":"shipping-taxable","12":"purchasable","13":"product-type-simple"},"yoast_head":"<!-- This site is optimized with the Yoast SEO plugin v26.8 - https:\/\/yoast.com\/product\/yoast-seo-wordpress\/ -->\n<title>V\u00edkendov\u00e1 Akce Sapho WOODY deska 1100x28x500mm, masiv p\u0159\u00edrodn\u00ed dub WD110-70 -<\/title>\n<meta name=\"robots\" content=\"index, follow, max-snippet:-1, max-image-preview:large, max-video-preview:-1\" \/>\n<link rel=\"canonical\" href=\"https:\/\/www.technodompro.com\/index.php\/produkt\/vikendova-akce-sapho-woody-deska-1100x28x500mm-masiv-prirodni-dub-wd110-70-26956\/\" \/>\n<meta property=\"og:locale\" content=\"cs_CZ\" \/>\n<meta property=\"og:type\" content=\"article\" \/>\n<meta property=\"og:title\" content=\"V\u00edkendov\u00e1 Akce Sapho WOODY deska 1100x28x500mm, masiv p\u0159\u00edrodn\u00ed dub WD110-70 -\" \/>\n<meta property=\"og:description\" content=\"Detailn\u00ed popis produktu Materi\u00e1l: masivn\u00ed dub Povrch: akrylov\u00fd lak \u0160\u00ed\u0159ka:&nbsp; 60 &#8211; 200 cm Hloubka 36 a 50 cm Tlou\u0161\u0165ka 2,8 cm Mo\u017enost v\u00fdroby atypick\u00fdch rozm\u011br\u016f (max. 300&#215;60 cm) Mo\u017enost dod\u00e1n\u00ed s otvory pro baterii a odpad dle v\u00fdkresu (lze vrtat i v m\u00edst\u011b instalace) &nbsp;P\u0159\u00edslu\u0161enstv\u00ed: Podp\u011brn\u00e9 konzole 36 a 50 cm Umyvadla na postaven\u00ed [&hellip;]\" \/>\n<meta property=\"og:url\" content=\"https:\/\/www.technodompro.com\/index.php\/produkt\/vikendova-akce-sapho-woody-deska-1100x28x500mm-masiv-prirodni-dub-wd110-70-26956\/\" \/>\n<meta property=\"og:image\" content=\"https:\/\/www.technodompro.com\/wp-content\/uploads\/2026\/SK0012166-CZ20260425-093631-0-1777080994-265864_wd110-70-197534135878629.webp\" \/>\n\t<meta property=\"og:image:width\" content=\"1000\" \/>\n\t<meta property=\"og:image:height\" content=\"750\" \/>\n\t<meta property=\"og:image:type\" content=\"image\/webp\" \/>\n<meta name=\"twitter:card\" content=\"summary_large_image\" \/>\n<meta name=\"twitter:label1\" content=\"Odhadovan\u00e1 doba \u010dten\u00ed\" \/>\n\t<meta name=\"twitter:data1\" content=\"1 minuta\" \/>\n<script type=\"application\/ld+json\" class=\"yoast-schema-graph\">{\"@context\":\"https:\/\/schema.org\",\"@graph\":[{\"@type\":\"WebPage\",\"@id\":\"https:\/\/www.technodompro.com\/index.php\/produkt\/vikendova-akce-sapho-woody-deska-1100x28x500mm-masiv-prirodni-dub-wd110-70-26956\/\",\"url\":\"https:\/\/www.technodompro.com\/index.php\/produkt\/vikendova-akce-sapho-woody-deska-1100x28x500mm-masiv-prirodni-dub-wd110-70-26956\/\",\"name\":\"V\u00edkendov\u00e1 Akce Sapho WOODY deska 1100x28x500mm, masiv p\u0159\u00edrodn\u00ed dub WD110-70 -\",\"isPartOf\":{\"@id\":\"https:\/\/www.technodompro.com\/#website\"},\"primaryImageOfPage\":{\"@id\":\"https:\/\/www.technodompro.com\/index.php\/produkt\/vikendova-akce-sapho-woody-deska-1100x28x500mm-masiv-prirodni-dub-wd110-70-26956\/#primaryimage\"},\"image\":{\"@id\":\"https:\/\/www.technodompro.com\/index.php\/produkt\/vikendova-akce-sapho-woody-deska-1100x28x500mm-masiv-prirodni-dub-wd110-70-26956\/#primaryimage\"},\"thumbnailUrl\":\"https:\/\/www.technodompro.com\/wp-content\/uploads\/2026\/SK0012166-CZ20260425-093631-0-1777080994-265864_wd110-70-197534135878629.webp\",\"datePublished\":\"2026-04-27T04:41:39+00:00\",\"breadcrumb\":{\"@id\":\"https:\/\/www.technodompro.com\/index.php\/produkt\/vikendova-akce-sapho-woody-deska-1100x28x500mm-masiv-prirodni-dub-wd110-70-26956\/#breadcrumb\"},\"inLanguage\":\"cs\",\"potentialAction\":[{\"@type\":\"ReadAction\",\"target\":[\"https:\/\/www.technodompro.com\/index.php\/produkt\/vikendova-akce-sapho-woody-deska-1100x28x500mm-masiv-prirodni-dub-wd110-70-26956\/\"]}]},{\"@type\":\"ImageObject\",\"inLanguage\":\"cs\",\"@id\":\"https:\/\/www.technodompro.com\/index.php\/produkt\/vikendova-akce-sapho-woody-deska-1100x28x500mm-masiv-prirodni-dub-wd110-70-26956\/#primaryimage\",\"url\":\"https:\/\/www.technodompro.com\/wp-content\/uploads\/2026\/SK0012166-CZ20260425-093631-0-1777080994-265864_wd110-70-197534135878629.webp\",\"contentUrl\":\"https:\/\/www.technodompro.com\/wp-content\/uploads\/2026\/SK0012166-CZ20260425-093631-0-1777080994-265864_wd110-70-197534135878629.webp\",\"width\":1000,\"height\":750},{\"@type\":\"BreadcrumbList\",\"@id\":\"https:\/\/www.technodompro.com\/index.php\/produkt\/vikendova-akce-sapho-woody-deska-1100x28x500mm-masiv-prirodni-dub-wd110-70-26956\/#breadcrumb\",\"itemListElement\":[{\"@type\":\"ListItem\",\"position\":1,\"name\":\"Home\",\"item\":\"https:\/\/www.technodompro.com\/\"},{\"@type\":\"ListItem\",\"position\":2,\"name\":\"Products\",\"item\":\"https:\/\/www.technodompro.com\/index.php\/products\/\"},{\"@type\":\"ListItem\",\"position\":3,\"name\":\"V\u00edkendov\u00e1 Akce Sapho WOODY deska 1100x28x500mm, masiv p\u0159\u00edrodn\u00ed dub WD110-70\"}]},{\"@type\":\"WebSite\",\"@id\":\"https:\/\/www.technodompro.com\/#website\",\"url\":\"https:\/\/www.technodompro.com\/\",\"name\":\"\",\"description\":\"\",\"potentialAction\":[{\"@type\":\"SearchAction\",\"target\":{\"@type\":\"EntryPoint\",\"urlTemplate\":\"https:\/\/www.technodompro.com\/?s={search_term_string}\"},\"query-input\":{\"@type\":\"PropertyValueSpecification\",\"valueRequired\":true,\"valueName\":\"search_term_string\"}}],\"inLanguage\":\"cs\"}]}<\/script>\n<!-- \/ Yoast SEO plugin. -->","yoast_head_json":{"title":"V\u00edkendov\u00e1 Akce Sapho WOODY deska 1100x28x500mm, masiv p\u0159\u00edrodn\u00ed dub WD110-70 -","robots":{"index":"index","follow":"follow","max-snippet":"max-snippet:-1","max-image-preview":"max-image-preview:large","max-video-preview":"max-video-preview:-1"},"canonical":"https:\/\/www.technodompro.com\/index.php\/produkt\/vikendova-akce-sapho-woody-deska-1100x28x500mm-masiv-prirodni-dub-wd110-70-26956\/","og_locale":"cs_CZ","og_type":"article","og_title":"V\u00edkendov\u00e1 Akce Sapho WOODY deska 1100x28x500mm, masiv p\u0159\u00edrodn\u00ed dub WD110-70 -","og_description":"Detailn\u00ed popis produktu Materi\u00e1l: masivn\u00ed dub Povrch: akrylov\u00fd lak \u0160\u00ed\u0159ka:&nbsp; 60 &#8211; 200 cm Hloubka 36 a 50 cm Tlou\u0161\u0165ka 2,8 cm Mo\u017enost v\u00fdroby atypick\u00fdch rozm\u011br\u016f (max. 300&#215;60 cm) Mo\u017enost dod\u00e1n\u00ed s otvory pro baterii a odpad dle v\u00fdkresu (lze vrtat i v m\u00edst\u011b instalace) &nbsp;P\u0159\u00edslu\u0161enstv\u00ed: Podp\u011brn\u00e9 konzole 36 a 50 cm Umyvadla na postaven\u00ed [&hellip;]","og_url":"https:\/\/www.technodompro.com\/index.php\/produkt\/vikendova-akce-sapho-woody-deska-1100x28x500mm-masiv-prirodni-dub-wd110-70-26956\/","og_image":[{"width":1000,"height":750,"url":"https:\/\/www.technodompro.com\/wp-content\/uploads\/2026\/SK0012166-CZ20260425-093631-0-1777080994-265864_wd110-70-197534135878629.webp","type":"image\/webp"}],"twitter_card":"summary_large_image","twitter_misc":{"Odhadovan\u00e1 doba \u010dten\u00ed":"1 minuta"},"schema":{"@context":"https:\/\/schema.org","@graph":[{"@type":"WebPage","@id":"https:\/\/www.technodompro.com\/index.php\/produkt\/vikendova-akce-sapho-woody-deska-1100x28x500mm-masiv-prirodni-dub-wd110-70-26956\/","url":"https:\/\/www.technodompro.com\/index.php\/produkt\/vikendova-akce-sapho-woody-deska-1100x28x500mm-masiv-prirodni-dub-wd110-70-26956\/","name":"V\u00edkendov\u00e1 Akce Sapho WOODY deska 1100x28x500mm, masiv p\u0159\u00edrodn\u00ed dub WD110-70 -","isPartOf":{"@id":"https:\/\/www.technodompro.com\/#website"},"primaryImageOfPage":{"@id":"https:\/\/www.technodompro.com\/index.php\/produkt\/vikendova-akce-sapho-woody-deska-1100x28x500mm-masiv-prirodni-dub-wd110-70-26956\/#primaryimage"},"image":{"@id":"https:\/\/www.technodompro.com\/index.php\/produkt\/vikendova-akce-sapho-woody-deska-1100x28x500mm-masiv-prirodni-dub-wd110-70-26956\/#primaryimage"},"thumbnailUrl":"https:\/\/www.technodompro.com\/wp-content\/uploads\/2026\/SK0012166-CZ20260425-093631-0-1777080994-265864_wd110-70-197534135878629.webp","datePublished":"2026-04-27T04:41:39+00:00","breadcrumb":{"@id":"https:\/\/www.technodompro.com\/index.php\/produkt\/vikendova-akce-sapho-woody-deska-1100x28x500mm-masiv-prirodni-dub-wd110-70-26956\/#breadcrumb"},"inLanguage":"cs","potentialAction":[{"@type":"ReadAction","target":["https:\/\/www.technodompro.com\/index.php\/produkt\/vikendova-akce-sapho-woody-deska-1100x28x500mm-masiv-prirodni-dub-wd110-70-26956\/"]}]},{"@type":"ImageObject","inLanguage":"cs","@id":"https:\/\/www.technodompro.com\/index.php\/produkt\/vikendova-akce-sapho-woody-deska-1100x28x500mm-masiv-prirodni-dub-wd110-70-26956\/#primaryimage","url":"https:\/\/www.technodompro.com\/wp-content\/uploads\/2026\/SK0012166-CZ20260425-093631-0-1777080994-265864_wd110-70-197534135878629.webp","contentUrl":"https:\/\/www.technodompro.com\/wp-content\/uploads\/2026\/SK0012166-CZ20260425-093631-0-1777080994-265864_wd110-70-197534135878629.webp","width":1000,"height":750},{"@type":"BreadcrumbList","@id":"https:\/\/www.technodompro.com\/index.php\/produkt\/vikendova-akce-sapho-woody-deska-1100x28x500mm-masiv-prirodni-dub-wd110-70-26956\/#breadcrumb","itemListElement":[{"@type":"ListItem","position":1,"name":"Home","item":"https:\/\/www.technodompro.com\/"},{"@type":"ListItem","position":2,"name":"Products","item":"https:\/\/www.technodompro.com\/index.php\/products\/"},{"@type":"ListItem","position":3,"name":"V\u00edkendov\u00e1 Akce Sapho WOODY deska 1100x28x500mm, masiv p\u0159\u00edrodn\u00ed dub WD110-70"}]},{"@type":"WebSite","@id":"https:\/\/www.technodompro.com\/#website","url":"https:\/\/www.technodompro.com\/","name":"","description":"","potentialAction":[{"@type":"SearchAction","target":{"@type":"EntryPoint","urlTemplate":"https:\/\/www.technodompro.com\/?s={search_term_string}"},"query-input":{"@type":"PropertyValueSpecification","valueRequired":true,"valueName":"search_term_string"}}],"inLanguage":"cs"}]}},"_links":{"self":[{"href":"https:\/\/www.technodompro.com\/index.php\/wp-json\/wp\/v2\/product\/26956","targetHints":{"allow":["GET"]}}],"collection":[{"href":"https:\/\/www.technodompro.com\/index.php\/wp-json\/wp\/v2\/product"}],"about":[{"href":"https:\/\/www.technodompro.com\/index.php\/wp-json\/wp\/v2\/types\/product"}],"replies":[{"embeddable":true,"href":"https:\/\/www.technodompro.com\/index.php\/wp-json\/wp\/v2\/comments?post=26956"}],"wp:featuredmedia":[{"embeddable":true,"href":"https:\/\/www.technodompro.com\/index.php\/wp-json\/wp\/v2\/media\/27056"}],"wp:attachment":[{"href":"https:\/\/www.technodompro.com\/index.php\/wp-json\/wp\/v2\/media?parent=26956"}],"wp:term":[{"taxonomy":"product_brand","embeddable":true,"href":"https:\/\/www.technodompro.com\/index.php\/wp-json\/wp\/v2\/product_brand?post=26956"},{"taxonomy":"product_cat","embeddable":true,"href":"https:\/\/www.technodompro.com\/index.php\/wp-json\/wp\/v2\/product_cat?post=26956"},{"taxonomy":"product_tag","embeddable":true,"href":"https:\/\/www.technodompro.com\/index.php\/wp-json\/wp\/v2\/product_tag?post=26956"}],"curies":[{"name":"wp","href":"https:\/\/api.w.org\/{rel}","templated":true}]}}