{"id":26978,"date":"2026-04-27T04:41:39","date_gmt":"2026-04-27T04:41:39","guid":{"rendered":""},"modified":"2026-04-27T04:41:39","modified_gmt":"2026-04-27T04:41:39","slug":"vysoce-kvalitni-sapho-smart-rohova-police-do-spar-210x15x210mm-cerna-mat-xj615b-26978","status":"publish","type":"product","link":"https:\/\/www.technodompro.com\/index.php\/produkt\/vysoce-kvalitni-sapho-smart-rohova-police-do-spar-210x15x210mm-cerna-mat-xj615b-26978\/","title":{"rendered":"Vysoce Kvalitn\u00ed Sapho SMART rohov\u00e1 police do sp\u00e1r 210x15x210mm, \u010dern\u00e1 mat XJ615B"},"content":{"rendered":"<div class=\"basic-description\">\n<h3>Detailn\u00ed popis produktu<\/h3>\n<p><\/p>\n<p style=\"text-align: justify;\">Se s\u00e9ri\u00ed SMART budete m\u00edt v\u017edy po ruce v\u0161e, co pot\u0159ebujete. Dopl\u0148ky jsou vyrobeny z materi\u00e1l\u016f, u kter\u00fdch je zaru\u010deno, \u017ee budou dlouhodob\u011b slou\u017eit k pln\u00e9 spokojenosti u\u017eivatele. Prodlou\u017een\u00e1 z\u00e1ruka je toho d\u016fkazem. A\u0165 ji\u017e p\u0159i ve\u010dern\u00edm sprchov\u00e1n\u00ed nebo p\u0159i rann\u00ed hygien\u011b, dr\u00e1t\u011bn\u00e9 dopl\u0148ky SMART v\u017edy dob\u0159e poslou\u017e\u00ed.<\/p>\n<h2 class=\"props-title\">Vlastnosti<\/h2>\n<table>\n<tr>\n<th>Zna\u010dka<\/th>\n<td>SAPHO<\/td>\n<\/tr>\n<tr>\n<th>S\u00e9rie<\/th>\n<td>SMART<\/td>\n<\/tr>\n<tr>\n<th>Rozm\u011br<\/th>\n<td>297x15x210 mm<\/td>\n<\/tr>\n<tr>\n<th>D\u00e9lka<\/th>\n<td>297&nbsp;mm<\/td>\n<\/tr>\n<tr>\n<th>\u0160\u00ed\u0159ka<\/th>\n<td>297&nbsp;mm<\/td>\n<\/tr>\n<tr>\n<th>V\u00fd\u0161ka<\/th>\n<td>15&nbsp;mm<\/td>\n<\/tr>\n<tr>\n<th>Hloubka<\/th>\n<td>210&nbsp;mm<\/td>\n<\/tr>\n<tr>\n<th>Barva<\/th>\n<td>\u010cern\u00e1<\/td>\n<\/tr>\n<tr>\n<th>Materi\u00e1l<\/th>\n<td>Nerez<\/td>\n<\/tr>\n<tr>\n<th>Tvar<\/th>\n<td>Hranat\u00e9<\/td>\n<\/tr>\n<tr>\n<th>Druh<\/th>\n<td>Poli\u010dka: rohov\u00e1<\/td>\n<\/tr>\n<tr>\n<th>Instalace<\/th>\n<td>Do sp\u00e1r obklad\u016f<\/td>\n<\/tr>\n<tr>\n<th>Hmotnost \/ ks<\/th>\n<td>0.5500&nbsp;kg<\/td>\n<\/tr>\n<tr>\n<th>Balen\u00ed<\/th>\n<td>1&nbsp;ks<\/td>\n<\/tr>\n<tr>\n<th>EAN<\/th>\n<td>8590913126079<\/td>\n<\/tr>\n<tr>\n<th>Taric<\/th>\n<td>74182000<\/td>\n<\/tr>\n<tr>\n<th>Z\u00e1ruka<\/th>\n<td>2 roky<\/td>\n<\/tr>\n<\/table><\/div>\n","protected":false},"excerpt":{"rendered":"<p>Detailn\u00ed popis produktu Se s\u00e9ri\u00ed SMART budete m\u00edt v\u017edy po ruce v\u0161e, co pot\u0159ebujete. Dopl\u0148ky jsou vyrobeny z materi\u00e1l\u016f, u kter\u00fdch je zaru\u010deno, \u017ee budou dlouhodob\u011b slou\u017eit k pln\u00e9 spokojenosti u\u017eivatele. Prodlou\u017een\u00e1 z\u00e1ruka je toho d\u016fkazem. A\u0165 ji\u017e p\u0159i ve\u010dern\u00edm sprchov\u00e1n\u00ed nebo p\u0159i rann\u00ed hygien\u011b, dr\u00e1t\u011bn\u00e9 dopl\u0148ky SMART v\u017edy dob\u0159e poslou\u017e\u00ed. Vlastnosti Zna\u010dka SAPHO S\u00e9rie [&hellip;]<\/p>\n","protected":false},"featured_media":27078,"comment_status":"open","ping_status":"open","template":"","meta":[],"product_brand":[],"product_cat":[102],"product_tag":[],"class_list":{"0":"post-26978","1":"product","2":"type-product","3":"status-publish","4":"has-post-thumbnail","6":"product_cat-koupelnove-vybaveni","8":"first","9":"instock","10":"sale","11":"shipping-taxable","12":"purchasable","13":"product-type-simple"},"yoast_head":"<!-- This site is optimized with the Yoast SEO plugin v26.8 - https:\/\/yoast.com\/product\/yoast-seo-wordpress\/ -->\n<title>Vysoce Kvalitn\u00ed Sapho SMART rohov\u00e1 police do sp\u00e1r 210x15x210mm, \u010dern\u00e1 mat XJ615B -<\/title>\n<meta name=\"robots\" content=\"index, follow, max-snippet:-1, max-image-preview:large, max-video-preview:-1\" \/>\n<link rel=\"canonical\" href=\"https:\/\/www.technodompro.com\/index.php\/produkt\/vysoce-kvalitni-sapho-smart-rohova-police-do-spar-210x15x210mm-cerna-mat-xj615b-26978\/\" \/>\n<meta property=\"og:locale\" content=\"cs_CZ\" \/>\n<meta property=\"og:type\" content=\"article\" \/>\n<meta property=\"og:title\" content=\"Vysoce Kvalitn\u00ed Sapho SMART rohov\u00e1 police do sp\u00e1r 210x15x210mm, \u010dern\u00e1 mat XJ615B -\" \/>\n<meta property=\"og:description\" content=\"Detailn\u00ed popis produktu Se s\u00e9ri\u00ed SMART budete m\u00edt v\u017edy po ruce v\u0161e, co pot\u0159ebujete. Dopl\u0148ky jsou vyrobeny z materi\u00e1l\u016f, u kter\u00fdch je zaru\u010deno, \u017ee budou dlouhodob\u011b slou\u017eit k pln\u00e9 spokojenosti u\u017eivatele. Prodlou\u017een\u00e1 z\u00e1ruka je toho d\u016fkazem. A\u0165 ji\u017e p\u0159i ve\u010dern\u00edm sprchov\u00e1n\u00ed nebo p\u0159i rann\u00ed hygien\u011b, dr\u00e1t\u011bn\u00e9 dopl\u0148ky SMART v\u017edy dob\u0159e poslou\u017e\u00ed. Vlastnosti Zna\u010dka SAPHO S\u00e9rie [&hellip;]\" \/>\n<meta property=\"og:url\" content=\"https:\/\/www.technodompro.com\/index.php\/produkt\/vysoce-kvalitni-sapho-smart-rohova-police-do-spar-210x15x210mm-cerna-mat-xj615b-26978\/\" \/>\n<meta property=\"og:image\" content=\"https:\/\/www.technodompro.com\/wp-content\/uploads\/2026\/SK0012192-CZ20260425-093631-0-1777080994-266122_xj615b-188252711553038.webp\" \/>\n\t<meta property=\"og:image:width\" content=\"1000\" \/>\n\t<meta property=\"og:image:height\" content=\"750\" \/>\n\t<meta property=\"og:image:type\" content=\"image\/webp\" \/>\n<meta name=\"twitter:card\" content=\"summary_large_image\" \/>\n<meta name=\"twitter:label1\" content=\"Odhadovan\u00e1 doba \u010dten\u00ed\" \/>\n\t<meta name=\"twitter:data1\" content=\"1 minuta\" \/>\n<script type=\"application\/ld+json\" class=\"yoast-schema-graph\">{\"@context\":\"https:\/\/schema.org\",\"@graph\":[{\"@type\":\"WebPage\",\"@id\":\"https:\/\/www.technodompro.com\/index.php\/produkt\/vysoce-kvalitni-sapho-smart-rohova-police-do-spar-210x15x210mm-cerna-mat-xj615b-26978\/\",\"url\":\"https:\/\/www.technodompro.com\/index.php\/produkt\/vysoce-kvalitni-sapho-smart-rohova-police-do-spar-210x15x210mm-cerna-mat-xj615b-26978\/\",\"name\":\"Vysoce Kvalitn\u00ed Sapho SMART rohov\u00e1 police do sp\u00e1r 210x15x210mm, \u010dern\u00e1 mat XJ615B -\",\"isPartOf\":{\"@id\":\"https:\/\/www.technodompro.com\/#website\"},\"primaryImageOfPage\":{\"@id\":\"https:\/\/www.technodompro.com\/index.php\/produkt\/vysoce-kvalitni-sapho-smart-rohova-police-do-spar-210x15x210mm-cerna-mat-xj615b-26978\/#primaryimage\"},\"image\":{\"@id\":\"https:\/\/www.technodompro.com\/index.php\/produkt\/vysoce-kvalitni-sapho-smart-rohova-police-do-spar-210x15x210mm-cerna-mat-xj615b-26978\/#primaryimage\"},\"thumbnailUrl\":\"https:\/\/www.technodompro.com\/wp-content\/uploads\/2026\/SK0012192-CZ20260425-093631-0-1777080994-266122_xj615b-188252711553038.webp\",\"datePublished\":\"2026-04-27T04:41:39+00:00\",\"breadcrumb\":{\"@id\":\"https:\/\/www.technodompro.com\/index.php\/produkt\/vysoce-kvalitni-sapho-smart-rohova-police-do-spar-210x15x210mm-cerna-mat-xj615b-26978\/#breadcrumb\"},\"inLanguage\":\"cs\",\"potentialAction\":[{\"@type\":\"ReadAction\",\"target\":[\"https:\/\/www.technodompro.com\/index.php\/produkt\/vysoce-kvalitni-sapho-smart-rohova-police-do-spar-210x15x210mm-cerna-mat-xj615b-26978\/\"]}]},{\"@type\":\"ImageObject\",\"inLanguage\":\"cs\",\"@id\":\"https:\/\/www.technodompro.com\/index.php\/produkt\/vysoce-kvalitni-sapho-smart-rohova-police-do-spar-210x15x210mm-cerna-mat-xj615b-26978\/#primaryimage\",\"url\":\"https:\/\/www.technodompro.com\/wp-content\/uploads\/2026\/SK0012192-CZ20260425-093631-0-1777080994-266122_xj615b-188252711553038.webp\",\"contentUrl\":\"https:\/\/www.technodompro.com\/wp-content\/uploads\/2026\/SK0012192-CZ20260425-093631-0-1777080994-266122_xj615b-188252711553038.webp\",\"width\":1000,\"height\":750},{\"@type\":\"BreadcrumbList\",\"@id\":\"https:\/\/www.technodompro.com\/index.php\/produkt\/vysoce-kvalitni-sapho-smart-rohova-police-do-spar-210x15x210mm-cerna-mat-xj615b-26978\/#breadcrumb\",\"itemListElement\":[{\"@type\":\"ListItem\",\"position\":1,\"name\":\"Home\",\"item\":\"https:\/\/www.technodompro.com\/\"},{\"@type\":\"ListItem\",\"position\":2,\"name\":\"Products\",\"item\":\"https:\/\/www.technodompro.com\/index.php\/products\/\"},{\"@type\":\"ListItem\",\"position\":3,\"name\":\"Vysoce Kvalitn\u00ed Sapho SMART rohov\u00e1 police do sp\u00e1r 210x15x210mm, \u010dern\u00e1 mat XJ615B\"}]},{\"@type\":\"WebSite\",\"@id\":\"https:\/\/www.technodompro.com\/#website\",\"url\":\"https:\/\/www.technodompro.com\/\",\"name\":\"\",\"description\":\"\",\"potentialAction\":[{\"@type\":\"SearchAction\",\"target\":{\"@type\":\"EntryPoint\",\"urlTemplate\":\"https:\/\/www.technodompro.com\/?s={search_term_string}\"},\"query-input\":{\"@type\":\"PropertyValueSpecification\",\"valueRequired\":true,\"valueName\":\"search_term_string\"}}],\"inLanguage\":\"cs\"}]}<\/script>\n<!-- \/ Yoast SEO plugin. -->","yoast_head_json":{"title":"Vysoce Kvalitn\u00ed Sapho SMART rohov\u00e1 police do sp\u00e1r 210x15x210mm, \u010dern\u00e1 mat XJ615B -","robots":{"index":"index","follow":"follow","max-snippet":"max-snippet:-1","max-image-preview":"max-image-preview:large","max-video-preview":"max-video-preview:-1"},"canonical":"https:\/\/www.technodompro.com\/index.php\/produkt\/vysoce-kvalitni-sapho-smart-rohova-police-do-spar-210x15x210mm-cerna-mat-xj615b-26978\/","og_locale":"cs_CZ","og_type":"article","og_title":"Vysoce Kvalitn\u00ed Sapho SMART rohov\u00e1 police do sp\u00e1r 210x15x210mm, \u010dern\u00e1 mat XJ615B -","og_description":"Detailn\u00ed popis produktu Se s\u00e9ri\u00ed SMART budete m\u00edt v\u017edy po ruce v\u0161e, co pot\u0159ebujete. Dopl\u0148ky jsou vyrobeny z materi\u00e1l\u016f, u kter\u00fdch je zaru\u010deno, \u017ee budou dlouhodob\u011b slou\u017eit k pln\u00e9 spokojenosti u\u017eivatele. Prodlou\u017een\u00e1 z\u00e1ruka je toho d\u016fkazem. A\u0165 ji\u017e p\u0159i ve\u010dern\u00edm sprchov\u00e1n\u00ed nebo p\u0159i rann\u00ed hygien\u011b, dr\u00e1t\u011bn\u00e9 dopl\u0148ky SMART v\u017edy dob\u0159e poslou\u017e\u00ed. Vlastnosti Zna\u010dka SAPHO S\u00e9rie [&hellip;]","og_url":"https:\/\/www.technodompro.com\/index.php\/produkt\/vysoce-kvalitni-sapho-smart-rohova-police-do-spar-210x15x210mm-cerna-mat-xj615b-26978\/","og_image":[{"width":1000,"height":750,"url":"https:\/\/www.technodompro.com\/wp-content\/uploads\/2026\/SK0012192-CZ20260425-093631-0-1777080994-266122_xj615b-188252711553038.webp","type":"image\/webp"}],"twitter_card":"summary_large_image","twitter_misc":{"Odhadovan\u00e1 doba \u010dten\u00ed":"1 minuta"},"schema":{"@context":"https:\/\/schema.org","@graph":[{"@type":"WebPage","@id":"https:\/\/www.technodompro.com\/index.php\/produkt\/vysoce-kvalitni-sapho-smart-rohova-police-do-spar-210x15x210mm-cerna-mat-xj615b-26978\/","url":"https:\/\/www.technodompro.com\/index.php\/produkt\/vysoce-kvalitni-sapho-smart-rohova-police-do-spar-210x15x210mm-cerna-mat-xj615b-26978\/","name":"Vysoce Kvalitn\u00ed Sapho SMART rohov\u00e1 police do sp\u00e1r 210x15x210mm, \u010dern\u00e1 mat XJ615B -","isPartOf":{"@id":"https:\/\/www.technodompro.com\/#website"},"primaryImageOfPage":{"@id":"https:\/\/www.technodompro.com\/index.php\/produkt\/vysoce-kvalitni-sapho-smart-rohova-police-do-spar-210x15x210mm-cerna-mat-xj615b-26978\/#primaryimage"},"image":{"@id":"https:\/\/www.technodompro.com\/index.php\/produkt\/vysoce-kvalitni-sapho-smart-rohova-police-do-spar-210x15x210mm-cerna-mat-xj615b-26978\/#primaryimage"},"thumbnailUrl":"https:\/\/www.technodompro.com\/wp-content\/uploads\/2026\/SK0012192-CZ20260425-093631-0-1777080994-266122_xj615b-188252711553038.webp","datePublished":"2026-04-27T04:41:39+00:00","breadcrumb":{"@id":"https:\/\/www.technodompro.com\/index.php\/produkt\/vysoce-kvalitni-sapho-smart-rohova-police-do-spar-210x15x210mm-cerna-mat-xj615b-26978\/#breadcrumb"},"inLanguage":"cs","potentialAction":[{"@type":"ReadAction","target":["https:\/\/www.technodompro.com\/index.php\/produkt\/vysoce-kvalitni-sapho-smart-rohova-police-do-spar-210x15x210mm-cerna-mat-xj615b-26978\/"]}]},{"@type":"ImageObject","inLanguage":"cs","@id":"https:\/\/www.technodompro.com\/index.php\/produkt\/vysoce-kvalitni-sapho-smart-rohova-police-do-spar-210x15x210mm-cerna-mat-xj615b-26978\/#primaryimage","url":"https:\/\/www.technodompro.com\/wp-content\/uploads\/2026\/SK0012192-CZ20260425-093631-0-1777080994-266122_xj615b-188252711553038.webp","contentUrl":"https:\/\/www.technodompro.com\/wp-content\/uploads\/2026\/SK0012192-CZ20260425-093631-0-1777080994-266122_xj615b-188252711553038.webp","width":1000,"height":750},{"@type":"BreadcrumbList","@id":"https:\/\/www.technodompro.com\/index.php\/produkt\/vysoce-kvalitni-sapho-smart-rohova-police-do-spar-210x15x210mm-cerna-mat-xj615b-26978\/#breadcrumb","itemListElement":[{"@type":"ListItem","position":1,"name":"Home","item":"https:\/\/www.technodompro.com\/"},{"@type":"ListItem","position":2,"name":"Products","item":"https:\/\/www.technodompro.com\/index.php\/products\/"},{"@type":"ListItem","position":3,"name":"Vysoce Kvalitn\u00ed Sapho SMART rohov\u00e1 police do sp\u00e1r 210x15x210mm, \u010dern\u00e1 mat XJ615B"}]},{"@type":"WebSite","@id":"https:\/\/www.technodompro.com\/#website","url":"https:\/\/www.technodompro.com\/","name":"","description":"","potentialAction":[{"@type":"SearchAction","target":{"@type":"EntryPoint","urlTemplate":"https:\/\/www.technodompro.com\/?s={search_term_string}"},"query-input":{"@type":"PropertyValueSpecification","valueRequired":true,"valueName":"search_term_string"}}],"inLanguage":"cs"}]}},"_links":{"self":[{"href":"https:\/\/www.technodompro.com\/index.php\/wp-json\/wp\/v2\/product\/26978","targetHints":{"allow":["GET"]}}],"collection":[{"href":"https:\/\/www.technodompro.com\/index.php\/wp-json\/wp\/v2\/product"}],"about":[{"href":"https:\/\/www.technodompro.com\/index.php\/wp-json\/wp\/v2\/types\/product"}],"replies":[{"embeddable":true,"href":"https:\/\/www.technodompro.com\/index.php\/wp-json\/wp\/v2\/comments?post=26978"}],"wp:featuredmedia":[{"embeddable":true,"href":"https:\/\/www.technodompro.com\/index.php\/wp-json\/wp\/v2\/media\/27078"}],"wp:attachment":[{"href":"https:\/\/www.technodompro.com\/index.php\/wp-json\/wp\/v2\/media?parent=26978"}],"wp:term":[{"taxonomy":"product_brand","embeddable":true,"href":"https:\/\/www.technodompro.com\/index.php\/wp-json\/wp\/v2\/product_brand?post=26978"},{"taxonomy":"product_cat","embeddable":true,"href":"https:\/\/www.technodompro.com\/index.php\/wp-json\/wp\/v2\/product_cat?post=26978"},{"taxonomy":"product_tag","embeddable":true,"href":"https:\/\/www.technodompro.com\/index.php\/wp-json\/wp\/v2\/product_tag?post=26978"}],"curies":[{"name":"wp","href":"https:\/\/api.w.org\/{rel}","templated":true}]}}