{"id":26983,"date":"2026-04-27T04:41:39","date_gmt":"2026-04-27T04:41:39","guid":{"rendered":""},"modified":"2026-04-27T04:41:39","modified_gmt":"2026-04-27T04:41:39","slug":"sapho-handicap-madlo-sklopne-813mm-cerna-mat-xh518b-nakupujte-hned-26983","status":"publish","type":"product","link":"https:\/\/www.technodompro.com\/index.php\/produkt\/sapho-handicap-madlo-sklopne-813mm-cerna-mat-xh518b-nakupujte-hned-26983\/","title":{"rendered":"Sapho HANDICAP madlo sklopn\u00e9 813mm, \u010dern\u00e1 mat XH518B Nakupujte Hned"},"content":{"rendered":"<div class=\"basic-description\">\n<h3>Detailn\u00ed popis produktu<\/h3>\n<div>\n<p>V\u00fdrobek spl\u0148uje po\u017eadavky normy \u010cSN EN ISO\/IEC 17067.<\/p>\n<p>K uchycen\u00ed jsou dod\u00e1v\u00e1ny nerez \u0161rouby podle DIN 95, 6\u00d760 mm s hmo\u017edinkami z plastu pro mont\u00e1\u017e do pln\u00fdch cihel a betonu.<br \/>Pro jin\u00fd druh zdiva je nutno zvolit upev\u0148ovac\u00ed prvky odpov\u00eddaj\u00edc\u00ed nam\u00e1h\u00e1n\u00ed.<\/p>\n<\/div>\n<p><\/p>\n<h2 class=\"props-title\">Vlastnosti<\/h2>\n<table>\n<tr>\n<th>Zna\u010dka<\/th>\n<td>SAPHO<\/td>\n<\/tr>\n<tr>\n<th>Rozm\u011br<\/th>\n<td>103x250x829 mm<\/td>\n<\/tr>\n<tr>\n<th>\u0160\u00ed\u0159ka<\/th>\n<td>103&nbsp;mm<\/td>\n<\/tr>\n<tr>\n<th>V\u00fd\u0161ka<\/th>\n<td>250&nbsp;mm<\/td>\n<\/tr>\n<tr>\n<th>Hloubka<\/th>\n<td>829&nbsp;mm<\/td>\n<\/tr>\n<tr>\n<th>Barva<\/th>\n<td>\u010cern\u00e1<\/td>\n<\/tr>\n<tr>\n<th>Materi\u00e1l<\/th>\n<td>Ocel<\/td>\n<\/tr>\n<tr>\n<th>Tvar<\/th>\n<td>Ostatn\u00ed tvary<\/td>\n<\/tr>\n<tr>\n<th>Druh<\/th>\n<td>Madlo<\/td>\n<\/tr>\n<tr>\n<th>Instalace<\/th>\n<td>Vrt\u00e1n\u00ed<\/td>\n<\/tr>\n<tr>\n<th>Nosnost<\/th>\n<td>120.0000&nbsp;kg<\/td>\n<\/tr>\n<tr>\n<th>Hmotnost \/ ks<\/th>\n<td>3.2000&nbsp;kg<\/td>\n<\/tr>\n<tr>\n<th>Balen\u00ed<\/th>\n<td>1&nbsp;ks<\/td>\n<\/tr>\n<tr>\n<th>EAN<\/th>\n<td>8590913125614<\/td>\n<\/tr>\n<tr>\n<th>Taric<\/th>\n<td>73249000<\/td>\n<\/tr>\n<tr>\n<th>Z\u00e1ruka<\/th>\n<td>2 roky<\/td>\n<\/tr>\n<\/table><\/div>\n","protected":false},"excerpt":{"rendered":"<p>Detailn\u00ed popis produktu V\u00fdrobek spl\u0148uje po\u017eadavky normy \u010cSN EN ISO\/IEC 17067. K uchycen\u00ed jsou dod\u00e1v\u00e1ny nerez \u0161rouby podle DIN 95, 6\u00d760 mm s hmo\u017edinkami z plastu pro mont\u00e1\u017e do pln\u00fdch cihel a betonu.Pro jin\u00fd druh zdiva je nutno zvolit upev\u0148ovac\u00ed prvky odpov\u00eddaj\u00edc\u00ed nam\u00e1h\u00e1n\u00ed. Vlastnosti Zna\u010dka SAPHO Rozm\u011br 103x250x829 mm \u0160\u00ed\u0159ka 103&nbsp;mm V\u00fd\u0161ka 250&nbsp;mm Hloubka 829&nbsp;mm [&hellip;]<\/p>\n","protected":false},"featured_media":27083,"comment_status":"open","ping_status":"open","template":"","meta":[],"product_brand":[],"product_cat":[102],"product_tag":[],"class_list":{"0":"post-26983","1":"product","2":"type-product","3":"status-publish","4":"has-post-thumbnail","6":"product_cat-koupelnove-vybaveni","8":"first","9":"instock","10":"sale","11":"shipping-taxable","12":"purchasable","13":"product-type-simple"},"yoast_head":"<!-- This site is optimized with the Yoast SEO plugin v26.8 - https:\/\/yoast.com\/product\/yoast-seo-wordpress\/ -->\n<title>Sapho HANDICAP madlo sklopn\u00e9 813mm, \u010dern\u00e1 mat XH518B Nakupujte Hned -<\/title>\n<meta name=\"robots\" content=\"index, follow, max-snippet:-1, max-image-preview:large, max-video-preview:-1\" \/>\n<link rel=\"canonical\" href=\"https:\/\/www.technodompro.com\/index.php\/produkt\/sapho-handicap-madlo-sklopne-813mm-cerna-mat-xh518b-nakupujte-hned-26983\/\" \/>\n<meta property=\"og:locale\" content=\"cs_CZ\" \/>\n<meta property=\"og:type\" content=\"article\" \/>\n<meta property=\"og:title\" content=\"Sapho HANDICAP madlo sklopn\u00e9 813mm, \u010dern\u00e1 mat XH518B Nakupujte Hned -\" \/>\n<meta property=\"og:description\" content=\"Detailn\u00ed popis produktu V\u00fdrobek spl\u0148uje po\u017eadavky normy \u010cSN EN ISO\/IEC 17067. K uchycen\u00ed jsou dod\u00e1v\u00e1ny nerez \u0161rouby podle DIN 95, 6\u00d760 mm s hmo\u017edinkami z plastu pro mont\u00e1\u017e do pln\u00fdch cihel a betonu.Pro jin\u00fd druh zdiva je nutno zvolit upev\u0148ovac\u00ed prvky odpov\u00eddaj\u00edc\u00ed nam\u00e1h\u00e1n\u00ed. Vlastnosti Zna\u010dka SAPHO Rozm\u011br 103x250x829 mm \u0160\u00ed\u0159ka 103&nbsp;mm V\u00fd\u0161ka 250&nbsp;mm Hloubka 829&nbsp;mm [&hellip;]\" \/>\n<meta property=\"og:url\" content=\"https:\/\/www.technodompro.com\/index.php\/produkt\/sapho-handicap-madlo-sklopne-813mm-cerna-mat-xh518b-nakupujte-hned-26983\/\" \/>\n<meta property=\"og:image\" content=\"https:\/\/www.technodompro.com\/wp-content\/uploads\/2026\/SK0012197-CZ20260425-093631-0-1777080994-266137_xh518b-188252711552377.webp\" \/>\n\t<meta property=\"og:image:width\" content=\"1000\" \/>\n\t<meta property=\"og:image:height\" content=\"750\" \/>\n\t<meta property=\"og:image:type\" content=\"image\/webp\" \/>\n<meta name=\"twitter:card\" content=\"summary_large_image\" \/>\n<script type=\"application\/ld+json\" class=\"yoast-schema-graph\">{\"@context\":\"https:\/\/schema.org\",\"@graph\":[{\"@type\":\"WebPage\",\"@id\":\"https:\/\/www.technodompro.com\/index.php\/produkt\/sapho-handicap-madlo-sklopne-813mm-cerna-mat-xh518b-nakupujte-hned-26983\/\",\"url\":\"https:\/\/www.technodompro.com\/index.php\/produkt\/sapho-handicap-madlo-sklopne-813mm-cerna-mat-xh518b-nakupujte-hned-26983\/\",\"name\":\"Sapho HANDICAP madlo sklopn\u00e9 813mm, \u010dern\u00e1 mat XH518B Nakupujte Hned -\",\"isPartOf\":{\"@id\":\"https:\/\/www.technodompro.com\/#website\"},\"primaryImageOfPage\":{\"@id\":\"https:\/\/www.technodompro.com\/index.php\/produkt\/sapho-handicap-madlo-sklopne-813mm-cerna-mat-xh518b-nakupujte-hned-26983\/#primaryimage\"},\"image\":{\"@id\":\"https:\/\/www.technodompro.com\/index.php\/produkt\/sapho-handicap-madlo-sklopne-813mm-cerna-mat-xh518b-nakupujte-hned-26983\/#primaryimage\"},\"thumbnailUrl\":\"https:\/\/www.technodompro.com\/wp-content\/uploads\/2026\/SK0012197-CZ20260425-093631-0-1777080994-266137_xh518b-188252711552377.webp\",\"datePublished\":\"2026-04-27T04:41:39+00:00\",\"breadcrumb\":{\"@id\":\"https:\/\/www.technodompro.com\/index.php\/produkt\/sapho-handicap-madlo-sklopne-813mm-cerna-mat-xh518b-nakupujte-hned-26983\/#breadcrumb\"},\"inLanguage\":\"cs\",\"potentialAction\":[{\"@type\":\"ReadAction\",\"target\":[\"https:\/\/www.technodompro.com\/index.php\/produkt\/sapho-handicap-madlo-sklopne-813mm-cerna-mat-xh518b-nakupujte-hned-26983\/\"]}]},{\"@type\":\"ImageObject\",\"inLanguage\":\"cs\",\"@id\":\"https:\/\/www.technodompro.com\/index.php\/produkt\/sapho-handicap-madlo-sklopne-813mm-cerna-mat-xh518b-nakupujte-hned-26983\/#primaryimage\",\"url\":\"https:\/\/www.technodompro.com\/wp-content\/uploads\/2026\/SK0012197-CZ20260425-093631-0-1777080994-266137_xh518b-188252711552377.webp\",\"contentUrl\":\"https:\/\/www.technodompro.com\/wp-content\/uploads\/2026\/SK0012197-CZ20260425-093631-0-1777080994-266137_xh518b-188252711552377.webp\",\"width\":1000,\"height\":750},{\"@type\":\"BreadcrumbList\",\"@id\":\"https:\/\/www.technodompro.com\/index.php\/produkt\/sapho-handicap-madlo-sklopne-813mm-cerna-mat-xh518b-nakupujte-hned-26983\/#breadcrumb\",\"itemListElement\":[{\"@type\":\"ListItem\",\"position\":1,\"name\":\"Home\",\"item\":\"https:\/\/www.technodompro.com\/\"},{\"@type\":\"ListItem\",\"position\":2,\"name\":\"Products\",\"item\":\"https:\/\/www.technodompro.com\/index.php\/products\/\"},{\"@type\":\"ListItem\",\"position\":3,\"name\":\"Sapho HANDICAP madlo sklopn\u00e9 813mm, \u010dern\u00e1 mat XH518B Nakupujte Hned\"}]},{\"@type\":\"WebSite\",\"@id\":\"https:\/\/www.technodompro.com\/#website\",\"url\":\"https:\/\/www.technodompro.com\/\",\"name\":\"\",\"description\":\"\",\"potentialAction\":[{\"@type\":\"SearchAction\",\"target\":{\"@type\":\"EntryPoint\",\"urlTemplate\":\"https:\/\/www.technodompro.com\/?s={search_term_string}\"},\"query-input\":{\"@type\":\"PropertyValueSpecification\",\"valueRequired\":true,\"valueName\":\"search_term_string\"}}],\"inLanguage\":\"cs\"}]}<\/script>\n<!-- \/ Yoast SEO plugin. -->","yoast_head_json":{"title":"Sapho HANDICAP madlo sklopn\u00e9 813mm, \u010dern\u00e1 mat XH518B Nakupujte Hned -","robots":{"index":"index","follow":"follow","max-snippet":"max-snippet:-1","max-image-preview":"max-image-preview:large","max-video-preview":"max-video-preview:-1"},"canonical":"https:\/\/www.technodompro.com\/index.php\/produkt\/sapho-handicap-madlo-sklopne-813mm-cerna-mat-xh518b-nakupujte-hned-26983\/","og_locale":"cs_CZ","og_type":"article","og_title":"Sapho HANDICAP madlo sklopn\u00e9 813mm, \u010dern\u00e1 mat XH518B Nakupujte Hned -","og_description":"Detailn\u00ed popis produktu V\u00fdrobek spl\u0148uje po\u017eadavky normy \u010cSN EN ISO\/IEC 17067. K uchycen\u00ed jsou dod\u00e1v\u00e1ny nerez \u0161rouby podle DIN 95, 6\u00d760 mm s hmo\u017edinkami z plastu pro mont\u00e1\u017e do pln\u00fdch cihel a betonu.Pro jin\u00fd druh zdiva je nutno zvolit upev\u0148ovac\u00ed prvky odpov\u00eddaj\u00edc\u00ed nam\u00e1h\u00e1n\u00ed. Vlastnosti Zna\u010dka SAPHO Rozm\u011br 103x250x829 mm \u0160\u00ed\u0159ka 103&nbsp;mm V\u00fd\u0161ka 250&nbsp;mm Hloubka 829&nbsp;mm [&hellip;]","og_url":"https:\/\/www.technodompro.com\/index.php\/produkt\/sapho-handicap-madlo-sklopne-813mm-cerna-mat-xh518b-nakupujte-hned-26983\/","og_image":[{"width":1000,"height":750,"url":"https:\/\/www.technodompro.com\/wp-content\/uploads\/2026\/SK0012197-CZ20260425-093631-0-1777080994-266137_xh518b-188252711552377.webp","type":"image\/webp"}],"twitter_card":"summary_large_image","schema":{"@context":"https:\/\/schema.org","@graph":[{"@type":"WebPage","@id":"https:\/\/www.technodompro.com\/index.php\/produkt\/sapho-handicap-madlo-sklopne-813mm-cerna-mat-xh518b-nakupujte-hned-26983\/","url":"https:\/\/www.technodompro.com\/index.php\/produkt\/sapho-handicap-madlo-sklopne-813mm-cerna-mat-xh518b-nakupujte-hned-26983\/","name":"Sapho HANDICAP madlo sklopn\u00e9 813mm, \u010dern\u00e1 mat XH518B Nakupujte Hned -","isPartOf":{"@id":"https:\/\/www.technodompro.com\/#website"},"primaryImageOfPage":{"@id":"https:\/\/www.technodompro.com\/index.php\/produkt\/sapho-handicap-madlo-sklopne-813mm-cerna-mat-xh518b-nakupujte-hned-26983\/#primaryimage"},"image":{"@id":"https:\/\/www.technodompro.com\/index.php\/produkt\/sapho-handicap-madlo-sklopne-813mm-cerna-mat-xh518b-nakupujte-hned-26983\/#primaryimage"},"thumbnailUrl":"https:\/\/www.technodompro.com\/wp-content\/uploads\/2026\/SK0012197-CZ20260425-093631-0-1777080994-266137_xh518b-188252711552377.webp","datePublished":"2026-04-27T04:41:39+00:00","breadcrumb":{"@id":"https:\/\/www.technodompro.com\/index.php\/produkt\/sapho-handicap-madlo-sklopne-813mm-cerna-mat-xh518b-nakupujte-hned-26983\/#breadcrumb"},"inLanguage":"cs","potentialAction":[{"@type":"ReadAction","target":["https:\/\/www.technodompro.com\/index.php\/produkt\/sapho-handicap-madlo-sklopne-813mm-cerna-mat-xh518b-nakupujte-hned-26983\/"]}]},{"@type":"ImageObject","inLanguage":"cs","@id":"https:\/\/www.technodompro.com\/index.php\/produkt\/sapho-handicap-madlo-sklopne-813mm-cerna-mat-xh518b-nakupujte-hned-26983\/#primaryimage","url":"https:\/\/www.technodompro.com\/wp-content\/uploads\/2026\/SK0012197-CZ20260425-093631-0-1777080994-266137_xh518b-188252711552377.webp","contentUrl":"https:\/\/www.technodompro.com\/wp-content\/uploads\/2026\/SK0012197-CZ20260425-093631-0-1777080994-266137_xh518b-188252711552377.webp","width":1000,"height":750},{"@type":"BreadcrumbList","@id":"https:\/\/www.technodompro.com\/index.php\/produkt\/sapho-handicap-madlo-sklopne-813mm-cerna-mat-xh518b-nakupujte-hned-26983\/#breadcrumb","itemListElement":[{"@type":"ListItem","position":1,"name":"Home","item":"https:\/\/www.technodompro.com\/"},{"@type":"ListItem","position":2,"name":"Products","item":"https:\/\/www.technodompro.com\/index.php\/products\/"},{"@type":"ListItem","position":3,"name":"Sapho HANDICAP madlo sklopn\u00e9 813mm, \u010dern\u00e1 mat XH518B Nakupujte Hned"}]},{"@type":"WebSite","@id":"https:\/\/www.technodompro.com\/#website","url":"https:\/\/www.technodompro.com\/","name":"","description":"","potentialAction":[{"@type":"SearchAction","target":{"@type":"EntryPoint","urlTemplate":"https:\/\/www.technodompro.com\/?s={search_term_string}"},"query-input":{"@type":"PropertyValueSpecification","valueRequired":true,"valueName":"search_term_string"}}],"inLanguage":"cs"}]}},"_links":{"self":[{"href":"https:\/\/www.technodompro.com\/index.php\/wp-json\/wp\/v2\/product\/26983","targetHints":{"allow":["GET"]}}],"collection":[{"href":"https:\/\/www.technodompro.com\/index.php\/wp-json\/wp\/v2\/product"}],"about":[{"href":"https:\/\/www.technodompro.com\/index.php\/wp-json\/wp\/v2\/types\/product"}],"replies":[{"embeddable":true,"href":"https:\/\/www.technodompro.com\/index.php\/wp-json\/wp\/v2\/comments?post=26983"}],"wp:featuredmedia":[{"embeddable":true,"href":"https:\/\/www.technodompro.com\/index.php\/wp-json\/wp\/v2\/media\/27083"}],"wp:attachment":[{"href":"https:\/\/www.technodompro.com\/index.php\/wp-json\/wp\/v2\/media?parent=26983"}],"wp:term":[{"taxonomy":"product_brand","embeddable":true,"href":"https:\/\/www.technodompro.com\/index.php\/wp-json\/wp\/v2\/product_brand?post=26983"},{"taxonomy":"product_cat","embeddable":true,"href":"https:\/\/www.technodompro.com\/index.php\/wp-json\/wp\/v2\/product_cat?post=26983"},{"taxonomy":"product_tag","embeddable":true,"href":"https:\/\/www.technodompro.com\/index.php\/wp-json\/wp\/v2\/product_tag?post=26983"}],"curies":[{"name":"wp","href":"https:\/\/api.w.org\/{rel}","templated":true}]}}