{"id":26990,"date":"2026-04-27T04:41:39","date_gmt":"2026-04-27T04:41:39","guid":{"rendered":""},"modified":"2026-04-27T04:41:39","modified_gmt":"2026-04-27T04:41:39","slug":"hit-sezony-sapho-paco-cleanwash-wc-kombi-integrovana-baterie-a-bidet-sprska-spodni-zadni-odpad-bila-pc1012rx-26990","status":"publish","type":"product","link":"https:\/\/www.technodompro.com\/index.php\/produkt\/hit-sezony-sapho-paco-cleanwash-wc-kombi-integrovana-baterie-a-bidet-sprska-spodni-zadni-odpad-bila-pc1012rx-26990\/","title":{"rendered":"Hit Sez\u00f3ny Sapho PACO CLEANWASH WC kombi, integrovan\u00e1 baterie a bidet. spr\u0161ka, spodn\u00ed\/zadn\u00ed odpad, b\u00edl\u00e1 PC1012RX"},"content":{"rendered":"<div class=\"basic-description\">\n<h3>Detailn\u00ed popis produktu<\/h3>\n<p><\/p>\n<p style=\"text-align: justify;\">Sanit\u00e1rn\u00ed keramika PACO se vyzna\u010duje nad\u010dasov\u00fdm obl\u00fdm vzhledem. Zahrnuje z\u00e1v\u011bsnou WC m\u00edsu a kombi WC v proveden\u00ed Rimless.&nbsp;Z\u00e1v\u011bsn\u00e9 WC lze doplnit z\u00e1v\u011bsn\u00fdm bidetem.<\/p>\n<h2 class=\"props-title\">Vlastnosti<\/h2>\n<table>\n<tr>\n<th>Zna\u010dka<\/th>\n<td>SAPHO<\/td>\n<\/tr>\n<tr>\n<th>S\u00e9rie<\/th>\n<td>PACO<\/td>\n<\/tr>\n<tr>\n<th>3D model<\/th>\n<td>ANO<\/td>\n<\/tr>\n<tr>\n<th>Rozm\u011br<\/th>\n<td>38x80x61 cm<\/td>\n<\/tr>\n<tr>\n<th>\u0160\u00ed\u0159ka<\/th>\n<td>380&nbsp;mm<\/td>\n<\/tr>\n<tr>\n<th>V\u00fd\u0161ka<\/th>\n<td>800&nbsp;mm<\/td>\n<\/tr>\n<tr>\n<th>Hloubka<\/th>\n<td>610&nbsp;mm<\/td>\n<\/tr>\n<tr>\n<th>Barva<\/th>\n<td>B\u00edl\u00e1<\/td>\n<\/tr>\n<tr>\n<th>Materi\u00e1l<\/th>\n<td>Keramika<\/td>\n<\/tr>\n<tr>\n<th>Technologie splachov\u00e1n\u00ed<\/th>\n<td>Rimless<\/td>\n<\/tr>\n<tr>\n<th>Objem splachovac\u00ed vody<\/th>\n<td>3,5 l \/ 5 l<\/td>\n<\/tr>\n<tr>\n<th>Tvar<\/th>\n<td>Klasik<\/td>\n<\/tr>\n<tr>\n<th>Ostatn\u00ed<\/th>\n<td>Odpad spodn\u00ed, Odpad zadn\u00ed, CleanWash bidetov\u00e1 spr\u0161ka<\/td>\n<\/tr>\n<tr>\n<th>Balen\u00ed obsahuje<\/th>\n<td>Napou\u0161t\u011bc\u00ed a vypou\u0161t\u011bc\u00ed ventil, Kotv\u00edc\u00ed sada<\/td>\n<\/tr>\n<tr>\n<th>Balen\u00ed neobsahuje<\/th>\n<td>WC sed\u00e1tko<\/td>\n<\/tr>\n<tr>\n<th>Hmotnost \/ ks<\/th>\n<td>43.5520&nbsp;kg<\/td>\n<\/tr>\n<tr>\n<th>Balen\u00ed<\/th>\n<td>2&nbsp;ks<\/td>\n<\/tr>\n<tr>\n<th>EAN<\/th>\n<td>8590913926228<\/td>\n<\/tr>\n<tr>\n<th>Taric<\/th>\n<td>69109000<\/td>\n<\/tr>\n<tr>\n<th>Z\u00e1ruka<\/th>\n<td>2 roky<\/td>\n<\/tr>\n<\/table>\n<div class=\"product-explanation-item\">\n<h3>Technologie splachov\u00e1n\u00ed Rimless<\/h3>\n<p style=\"text-align: justify;\">Rimless (NoRim) \u2013 toalety bez tradi\u010dn\u00edho oplachov\u00e9ho kruhu. Hladk\u00fd povrch bez dutin a z\u00e1hyb\u016f. Oplachov\u00e1 voda vyt\u00e9k\u00e1 rozd\u011blova\u010dem vody pouze ze zadn\u00ed \u010d\u00e1sti WC m\u00edsy a d\u00edky speci\u00e1ln\u00edmu tvaru keramiky dokonale opl\u00e1chne vnit\u0159n\u00ed prostor. V\u00fdhodou je snadn\u00e1 \u00fadr\u017eba a \u010di\u0161t\u011bn\u00ed WC m\u00edsy. <\/p>\n<\/div>\n<div class=\"product-explanation-item\">\n<h3>Water saving &#8211; \u00fasporn\u00e9 splachov\u00e1n\u00ed<\/h3>\n<p style=\"text-align: justify;\">Tvar m\u00edsy umo\u017e\u0148uje efektivn\u00ed a \u00fa\u010dinn\u00e9 spl\u00e1chnut\u00ed s men\u0161\u00edm objemem vody a t\u00edm \u0161et\u0159\u00ed \u017eivotn\u00ed prost\u0159ed\u00ed a n\u00e1klady za vodu.<br \/>\u00dasporn\u00e9 splachov\u00e1n\u00ed je mo\u017en\u00e9 pou\u017e\u00edt s n\u00e1dr\u017ekou s du\u00e1ln\u00edm splachov\u00e1n\u00edm, jej\u00ed\u017e vypou\u0161t\u011bc\u00ed ventil umo\u017e\u0148uje nastaven\u00ed objemu vody od 2 litr\u016f u mal\u00e9ho splachov\u00e1n\u00ed a od 4 litr\u016f u velk\u00e9ho splachov\u00e1n\u00ed.<\/p>\n<\/div>\n<div class=\"product-explanation-item\">\n<h3>CleanWash bidetov\u00e1 spr\u0161ka integrovan\u00e1 do WC m\u00edsy<\/h3>\n<p style=\"text-align: justify;\">Technologie CleanWash (integrovan\u00e1 hygiena) zaji\u0161\u0165uje pohodln\u00e9 pou\u017e\u00edv\u00e1n\u00ed d\u00edky bidetov\u00e9 trysce integrovan\u00e9 do WC m\u00edsy. Integrovan\u00fd syst\u00e9m bidetov\u00fdch trysek zvy\u0161uje komfort hygieny p\u0159i pou\u017e\u00edv\u00e1n\u00ed WC. Ovl\u00e1dac\u00ed baterie (umo\u017e\u0148uje volbu teploty vody) nebo ventil (pouze studen\u00e1 voda) se podle typu bidetov\u00e9 spr\u0161ky umis\u0165uje na st\u011bnu nebo je k dispozici instalov\u00e1n p\u0159\u00edmo na WC m\u00edse.<\/p>\n<\/div><\/div>\n","protected":false},"excerpt":{"rendered":"<p>Detailn\u00ed popis produktu Sanit\u00e1rn\u00ed keramika PACO se vyzna\u010duje nad\u010dasov\u00fdm obl\u00fdm vzhledem. Zahrnuje z\u00e1v\u011bsnou WC m\u00edsu a kombi WC v proveden\u00ed Rimless.&nbsp;Z\u00e1v\u011bsn\u00e9 WC lze doplnit z\u00e1v\u011bsn\u00fdm bidetem. Vlastnosti Zna\u010dka SAPHO S\u00e9rie PACO 3D model ANO Rozm\u011br 38x80x61 cm \u0160\u00ed\u0159ka 380&nbsp;mm V\u00fd\u0161ka 800&nbsp;mm Hloubka 610&nbsp;mm Barva B\u00edl\u00e1 Materi\u00e1l Keramika Technologie splachov\u00e1n\u00ed Rimless Objem splachovac\u00ed vody 3,5 l [&hellip;]<\/p>\n","protected":false},"featured_media":27090,"comment_status":"open","ping_status":"open","template":"","meta":[],"product_brand":[],"product_cat":[101],"product_tag":[],"class_list":{"0":"post-26990","1":"product","2":"type-product","3":"status-publish","4":"has-post-thumbnail","6":"product_cat-wc","8":"first","9":"instock","10":"sale","11":"shipping-taxable","12":"purchasable","13":"product-type-simple"},"yoast_head":"<!-- This site is optimized with the Yoast SEO plugin v26.8 - https:\/\/yoast.com\/product\/yoast-seo-wordpress\/ -->\n<title>Hit Sez\u00f3ny Sapho PACO CLEANWASH WC kombi, integrovan\u00e1 baterie a bidet. spr\u0161ka, spodn\u00ed\/zadn\u00ed odpad, b\u00edl\u00e1 PC1012RX -<\/title>\n<meta name=\"robots\" content=\"index, follow, max-snippet:-1, max-image-preview:large, max-video-preview:-1\" \/>\n<link rel=\"canonical\" href=\"https:\/\/www.technodompro.com\/index.php\/produkt\/hit-sezony-sapho-paco-cleanwash-wc-kombi-integrovana-baterie-a-bidet-sprska-spodni-zadni-odpad-bila-pc1012rx-26990\/\" \/>\n<meta property=\"og:locale\" content=\"cs_CZ\" \/>\n<meta property=\"og:type\" content=\"article\" \/>\n<meta property=\"og:title\" content=\"Hit Sez\u00f3ny Sapho PACO CLEANWASH WC kombi, integrovan\u00e1 baterie a bidet. spr\u0161ka, spodn\u00ed\/zadn\u00ed odpad, b\u00edl\u00e1 PC1012RX -\" \/>\n<meta property=\"og:description\" content=\"Detailn\u00ed popis produktu Sanit\u00e1rn\u00ed keramika PACO se vyzna\u010duje nad\u010dasov\u00fdm obl\u00fdm vzhledem. Zahrnuje z\u00e1v\u011bsnou WC m\u00edsu a kombi WC v proveden\u00ed Rimless.&nbsp;Z\u00e1v\u011bsn\u00e9 WC lze doplnit z\u00e1v\u011bsn\u00fdm bidetem. Vlastnosti Zna\u010dka SAPHO S\u00e9rie PACO 3D model ANO Rozm\u011br 38x80x61 cm \u0160\u00ed\u0159ka 380&nbsp;mm V\u00fd\u0161ka 800&nbsp;mm Hloubka 610&nbsp;mm Barva B\u00edl\u00e1 Materi\u00e1l Keramika Technologie splachov\u00e1n\u00ed Rimless Objem splachovac\u00ed vody 3,5 l [&hellip;]\" \/>\n<meta property=\"og:url\" content=\"https:\/\/www.technodompro.com\/index.php\/produkt\/hit-sezony-sapho-paco-cleanwash-wc-kombi-integrovana-baterie-a-bidet-sprska-spodni-zadni-odpad-bila-pc1012rx-26990\/\" \/>\n<meta property=\"og:image\" content=\"https:\/\/www.technodompro.com\/wp-content\/uploads\/2026\/SK0012206-CZ20260425-093631-0-1777080994-266167_pc1012rx-193793219367649.webp\" \/>\n\t<meta property=\"og:image:width\" content=\"1000\" \/>\n\t<meta property=\"og:image:height\" content=\"750\" \/>\n\t<meta property=\"og:image:type\" content=\"image\/webp\" \/>\n<meta name=\"twitter:card\" content=\"summary_large_image\" \/>\n<meta name=\"twitter:label1\" content=\"Odhadovan\u00e1 doba \u010dten\u00ed\" \/>\n\t<meta name=\"twitter:data1\" content=\"2 minuty\" \/>\n<script type=\"application\/ld+json\" class=\"yoast-schema-graph\">{\"@context\":\"https:\/\/schema.org\",\"@graph\":[{\"@type\":\"WebPage\",\"@id\":\"https:\/\/www.technodompro.com\/index.php\/produkt\/hit-sezony-sapho-paco-cleanwash-wc-kombi-integrovana-baterie-a-bidet-sprska-spodni-zadni-odpad-bila-pc1012rx-26990\/\",\"url\":\"https:\/\/www.technodompro.com\/index.php\/produkt\/hit-sezony-sapho-paco-cleanwash-wc-kombi-integrovana-baterie-a-bidet-sprska-spodni-zadni-odpad-bila-pc1012rx-26990\/\",\"name\":\"Hit Sez\u00f3ny Sapho PACO CLEANWASH WC kombi, integrovan\u00e1 baterie a bidet. spr\u0161ka, spodn\u00ed\/zadn\u00ed odpad, b\u00edl\u00e1 PC1012RX -\",\"isPartOf\":{\"@id\":\"https:\/\/www.technodompro.com\/#website\"},\"primaryImageOfPage\":{\"@id\":\"https:\/\/www.technodompro.com\/index.php\/produkt\/hit-sezony-sapho-paco-cleanwash-wc-kombi-integrovana-baterie-a-bidet-sprska-spodni-zadni-odpad-bila-pc1012rx-26990\/#primaryimage\"},\"image\":{\"@id\":\"https:\/\/www.technodompro.com\/index.php\/produkt\/hit-sezony-sapho-paco-cleanwash-wc-kombi-integrovana-baterie-a-bidet-sprska-spodni-zadni-odpad-bila-pc1012rx-26990\/#primaryimage\"},\"thumbnailUrl\":\"https:\/\/www.technodompro.com\/wp-content\/uploads\/2026\/SK0012206-CZ20260425-093631-0-1777080994-266167_pc1012rx-193793219367649.webp\",\"datePublished\":\"2026-04-27T04:41:39+00:00\",\"breadcrumb\":{\"@id\":\"https:\/\/www.technodompro.com\/index.php\/produkt\/hit-sezony-sapho-paco-cleanwash-wc-kombi-integrovana-baterie-a-bidet-sprska-spodni-zadni-odpad-bila-pc1012rx-26990\/#breadcrumb\"},\"inLanguage\":\"cs\",\"potentialAction\":[{\"@type\":\"ReadAction\",\"target\":[\"https:\/\/www.technodompro.com\/index.php\/produkt\/hit-sezony-sapho-paco-cleanwash-wc-kombi-integrovana-baterie-a-bidet-sprska-spodni-zadni-odpad-bila-pc1012rx-26990\/\"]}]},{\"@type\":\"ImageObject\",\"inLanguage\":\"cs\",\"@id\":\"https:\/\/www.technodompro.com\/index.php\/produkt\/hit-sezony-sapho-paco-cleanwash-wc-kombi-integrovana-baterie-a-bidet-sprska-spodni-zadni-odpad-bila-pc1012rx-26990\/#primaryimage\",\"url\":\"https:\/\/www.technodompro.com\/wp-content\/uploads\/2026\/SK0012206-CZ20260425-093631-0-1777080994-266167_pc1012rx-193793219367649.webp\",\"contentUrl\":\"https:\/\/www.technodompro.com\/wp-content\/uploads\/2026\/SK0012206-CZ20260425-093631-0-1777080994-266167_pc1012rx-193793219367649.webp\",\"width\":1000,\"height\":750},{\"@type\":\"BreadcrumbList\",\"@id\":\"https:\/\/www.technodompro.com\/index.php\/produkt\/hit-sezony-sapho-paco-cleanwash-wc-kombi-integrovana-baterie-a-bidet-sprska-spodni-zadni-odpad-bila-pc1012rx-26990\/#breadcrumb\",\"itemListElement\":[{\"@type\":\"ListItem\",\"position\":1,\"name\":\"Home\",\"item\":\"https:\/\/www.technodompro.com\/\"},{\"@type\":\"ListItem\",\"position\":2,\"name\":\"Products\",\"item\":\"https:\/\/www.technodompro.com\/index.php\/products\/\"},{\"@type\":\"ListItem\",\"position\":3,\"name\":\"Hit Sez\u00f3ny Sapho PACO CLEANWASH WC kombi, integrovan\u00e1 baterie a bidet. spr\u0161ka, spodn\u00ed\/zadn\u00ed odpad, b\u00edl\u00e1 PC1012RX\"}]},{\"@type\":\"WebSite\",\"@id\":\"https:\/\/www.technodompro.com\/#website\",\"url\":\"https:\/\/www.technodompro.com\/\",\"name\":\"\",\"description\":\"\",\"potentialAction\":[{\"@type\":\"SearchAction\",\"target\":{\"@type\":\"EntryPoint\",\"urlTemplate\":\"https:\/\/www.technodompro.com\/?s={search_term_string}\"},\"query-input\":{\"@type\":\"PropertyValueSpecification\",\"valueRequired\":true,\"valueName\":\"search_term_string\"}}],\"inLanguage\":\"cs\"}]}<\/script>\n<!-- \/ Yoast SEO plugin. -->","yoast_head_json":{"title":"Hit Sez\u00f3ny Sapho PACO CLEANWASH WC kombi, integrovan\u00e1 baterie a bidet. spr\u0161ka, spodn\u00ed\/zadn\u00ed odpad, b\u00edl\u00e1 PC1012RX -","robots":{"index":"index","follow":"follow","max-snippet":"max-snippet:-1","max-image-preview":"max-image-preview:large","max-video-preview":"max-video-preview:-1"},"canonical":"https:\/\/www.technodompro.com\/index.php\/produkt\/hit-sezony-sapho-paco-cleanwash-wc-kombi-integrovana-baterie-a-bidet-sprska-spodni-zadni-odpad-bila-pc1012rx-26990\/","og_locale":"cs_CZ","og_type":"article","og_title":"Hit Sez\u00f3ny Sapho PACO CLEANWASH WC kombi, integrovan\u00e1 baterie a bidet. spr\u0161ka, spodn\u00ed\/zadn\u00ed odpad, b\u00edl\u00e1 PC1012RX -","og_description":"Detailn\u00ed popis produktu Sanit\u00e1rn\u00ed keramika PACO se vyzna\u010duje nad\u010dasov\u00fdm obl\u00fdm vzhledem. Zahrnuje z\u00e1v\u011bsnou WC m\u00edsu a kombi WC v proveden\u00ed Rimless.&nbsp;Z\u00e1v\u011bsn\u00e9 WC lze doplnit z\u00e1v\u011bsn\u00fdm bidetem. Vlastnosti Zna\u010dka SAPHO S\u00e9rie PACO 3D model ANO Rozm\u011br 38x80x61 cm \u0160\u00ed\u0159ka 380&nbsp;mm V\u00fd\u0161ka 800&nbsp;mm Hloubka 610&nbsp;mm Barva B\u00edl\u00e1 Materi\u00e1l Keramika Technologie splachov\u00e1n\u00ed Rimless Objem splachovac\u00ed vody 3,5 l [&hellip;]","og_url":"https:\/\/www.technodompro.com\/index.php\/produkt\/hit-sezony-sapho-paco-cleanwash-wc-kombi-integrovana-baterie-a-bidet-sprska-spodni-zadni-odpad-bila-pc1012rx-26990\/","og_image":[{"width":1000,"height":750,"url":"https:\/\/www.technodompro.com\/wp-content\/uploads\/2026\/SK0012206-CZ20260425-093631-0-1777080994-266167_pc1012rx-193793219367649.webp","type":"image\/webp"}],"twitter_card":"summary_large_image","twitter_misc":{"Odhadovan\u00e1 doba \u010dten\u00ed":"2 minuty"},"schema":{"@context":"https:\/\/schema.org","@graph":[{"@type":"WebPage","@id":"https:\/\/www.technodompro.com\/index.php\/produkt\/hit-sezony-sapho-paco-cleanwash-wc-kombi-integrovana-baterie-a-bidet-sprska-spodni-zadni-odpad-bila-pc1012rx-26990\/","url":"https:\/\/www.technodompro.com\/index.php\/produkt\/hit-sezony-sapho-paco-cleanwash-wc-kombi-integrovana-baterie-a-bidet-sprska-spodni-zadni-odpad-bila-pc1012rx-26990\/","name":"Hit Sez\u00f3ny Sapho PACO CLEANWASH WC kombi, integrovan\u00e1 baterie a bidet. spr\u0161ka, spodn\u00ed\/zadn\u00ed odpad, b\u00edl\u00e1 PC1012RX -","isPartOf":{"@id":"https:\/\/www.technodompro.com\/#website"},"primaryImageOfPage":{"@id":"https:\/\/www.technodompro.com\/index.php\/produkt\/hit-sezony-sapho-paco-cleanwash-wc-kombi-integrovana-baterie-a-bidet-sprska-spodni-zadni-odpad-bila-pc1012rx-26990\/#primaryimage"},"image":{"@id":"https:\/\/www.technodompro.com\/index.php\/produkt\/hit-sezony-sapho-paco-cleanwash-wc-kombi-integrovana-baterie-a-bidet-sprska-spodni-zadni-odpad-bila-pc1012rx-26990\/#primaryimage"},"thumbnailUrl":"https:\/\/www.technodompro.com\/wp-content\/uploads\/2026\/SK0012206-CZ20260425-093631-0-1777080994-266167_pc1012rx-193793219367649.webp","datePublished":"2026-04-27T04:41:39+00:00","breadcrumb":{"@id":"https:\/\/www.technodompro.com\/index.php\/produkt\/hit-sezony-sapho-paco-cleanwash-wc-kombi-integrovana-baterie-a-bidet-sprska-spodni-zadni-odpad-bila-pc1012rx-26990\/#breadcrumb"},"inLanguage":"cs","potentialAction":[{"@type":"ReadAction","target":["https:\/\/www.technodompro.com\/index.php\/produkt\/hit-sezony-sapho-paco-cleanwash-wc-kombi-integrovana-baterie-a-bidet-sprska-spodni-zadni-odpad-bila-pc1012rx-26990\/"]}]},{"@type":"ImageObject","inLanguage":"cs","@id":"https:\/\/www.technodompro.com\/index.php\/produkt\/hit-sezony-sapho-paco-cleanwash-wc-kombi-integrovana-baterie-a-bidet-sprska-spodni-zadni-odpad-bila-pc1012rx-26990\/#primaryimage","url":"https:\/\/www.technodompro.com\/wp-content\/uploads\/2026\/SK0012206-CZ20260425-093631-0-1777080994-266167_pc1012rx-193793219367649.webp","contentUrl":"https:\/\/www.technodompro.com\/wp-content\/uploads\/2026\/SK0012206-CZ20260425-093631-0-1777080994-266167_pc1012rx-193793219367649.webp","width":1000,"height":750},{"@type":"BreadcrumbList","@id":"https:\/\/www.technodompro.com\/index.php\/produkt\/hit-sezony-sapho-paco-cleanwash-wc-kombi-integrovana-baterie-a-bidet-sprska-spodni-zadni-odpad-bila-pc1012rx-26990\/#breadcrumb","itemListElement":[{"@type":"ListItem","position":1,"name":"Home","item":"https:\/\/www.technodompro.com\/"},{"@type":"ListItem","position":2,"name":"Products","item":"https:\/\/www.technodompro.com\/index.php\/products\/"},{"@type":"ListItem","position":3,"name":"Hit Sez\u00f3ny Sapho PACO CLEANWASH WC kombi, integrovan\u00e1 baterie a bidet. spr\u0161ka, spodn\u00ed\/zadn\u00ed odpad, b\u00edl\u00e1 PC1012RX"}]},{"@type":"WebSite","@id":"https:\/\/www.technodompro.com\/#website","url":"https:\/\/www.technodompro.com\/","name":"","description":"","potentialAction":[{"@type":"SearchAction","target":{"@type":"EntryPoint","urlTemplate":"https:\/\/www.technodompro.com\/?s={search_term_string}"},"query-input":{"@type":"PropertyValueSpecification","valueRequired":true,"valueName":"search_term_string"}}],"inLanguage":"cs"}]}},"_links":{"self":[{"href":"https:\/\/www.technodompro.com\/index.php\/wp-json\/wp\/v2\/product\/26990","targetHints":{"allow":["GET"]}}],"collection":[{"href":"https:\/\/www.technodompro.com\/index.php\/wp-json\/wp\/v2\/product"}],"about":[{"href":"https:\/\/www.technodompro.com\/index.php\/wp-json\/wp\/v2\/types\/product"}],"replies":[{"embeddable":true,"href":"https:\/\/www.technodompro.com\/index.php\/wp-json\/wp\/v2\/comments?post=26990"}],"wp:featuredmedia":[{"embeddable":true,"href":"https:\/\/www.technodompro.com\/index.php\/wp-json\/wp\/v2\/media\/27090"}],"wp:attachment":[{"href":"https:\/\/www.technodompro.com\/index.php\/wp-json\/wp\/v2\/media?parent=26990"}],"wp:term":[{"taxonomy":"product_brand","embeddable":true,"href":"https:\/\/www.technodompro.com\/index.php\/wp-json\/wp\/v2\/product_brand?post=26990"},{"taxonomy":"product_cat","embeddable":true,"href":"https:\/\/www.technodompro.com\/index.php\/wp-json\/wp\/v2\/product_cat?post=26990"},{"taxonomy":"product_tag","embeddable":true,"href":"https:\/\/www.technodompro.com\/index.php\/wp-json\/wp\/v2\/product_tag?post=26990"}],"curies":[{"name":"wp","href":"https:\/\/api.w.org\/{rel}","templated":true}]}}