{"id":27098,"date":"2026-04-27T04:41:40","date_gmt":"2026-04-27T04:41:40","guid":{"rendered":""},"modified":"2026-04-27T04:41:40","modified_gmt":"2026-04-27T04:41:40","slug":"sapho-tabella-drzak-rucniku-390mm-bila-mat-mi390w-vyprodej-27098","status":"publish","type":"product","link":"https:\/\/www.technodompro.com\/index.php\/produkt\/sapho-tabella-drzak-rucniku-390mm-bila-mat-mi390w-vyprodej-27098\/","title":{"rendered":"Sapho TABELLA dr\u017e\u00e1k ru\u010dn\u00edk\u016f 390mm, b\u00edl\u00e1 mat MI390W V\u00fdprodej"},"content":{"rendered":"<div class=\"basic-description\">\n<h3>Detailn\u00ed popis produktu<\/h3>\n<p><\/p>\n<p style=\"text-align: justify;\">Origin\u00e1ln\u00ed, v\u00fdjime\u010dn\u011b ultra tenk\u00e9 radi\u00e1tory kr\u00e1sn\u00fdch elegantn\u00edch tvar\u016f budou nejen zdrojem tepla, ale i designov\u00fdm prvkem koupelny. Radi\u00e1tor je vyroben z uhl\u00edkov\u00e9 oceli o tlou\u0161\u0165ce 5 mm.&nbsp;S p\u0159ipojen\u00edm na okruh \u00fast\u0159edn\u00edho vyt\u00e1p\u011bn\u00ed, se st\u0159edov\u00fdm p\u0159ipojen\u00edm 50 mm.<\/p>\n<ul>\n<li><span style=\"text-align: justify;\">Topn\u00e9 t\u011bleso doporu\u010dujeme doplnit o praktick\u00e9 dr\u017e\u00e1ky ru\u010dn\u00edk\u016f z brou\u0161en\u00e9 oceli, kter\u00e9 jsou k dokoupen\u00ed<\/span><\/li>\n<li>P\u0159ipojovac\u00ed ventily nejsou sou\u010d\u00e1st\u00ed balen\u00ed<span style=\"text-align: justify;\"><\/span><\/li>\n<\/ul>\n<h2 class=\"props-title\">Vlastnosti<\/h2>\n<table>\n<tr>\n<th>Zna\u010dka<\/th>\n<td>SAPHO<\/td>\n<\/tr>\n<tr>\n<th>S\u00e9rie<\/th>\n<td>TABELLA<\/td>\n<\/tr>\n<tr>\n<th>Rozm\u011br<\/th>\n<td>390x50x80 mm<\/td>\n<\/tr>\n<tr>\n<th>\u0160\u00ed\u0159ka<\/th>\n<td>390&nbsp;mm<\/td>\n<\/tr>\n<tr>\n<th>V\u00fd\u0161ka<\/th>\n<td>50&nbsp;mm<\/td>\n<\/tr>\n<tr>\n<th>Hloubka<\/th>\n<td>80&nbsp;mm<\/td>\n<\/tr>\n<tr>\n<th>Barva<\/th>\n<td>B\u00edl\u00e1<\/td>\n<\/tr>\n<tr>\n<th>Materi\u00e1l<\/th>\n<td>Nerez<\/td>\n<\/tr>\n<tr>\n<th>Hmotnost \/ ks<\/th>\n<td>0.6000&nbsp;kg<\/td>\n<\/tr>\n<tr>\n<th>EAN<\/th>\n<td>8590913929021<\/td>\n<\/tr>\n<tr>\n<th>Taric<\/th>\n<td>73249000<\/td>\n<\/tr>\n<tr>\n<th>Z\u00e1ruka<\/th>\n<td>2 roky<\/td>\n<\/tr>\n<\/table>\n<p>   Upozorn\u011bn\u00ed pro z\u00e1kazn\u00edky ke koupi produkt\u016f na objedn\u00e1n\u00ed: Toto zbo\u017e\u00ed nen\u00ed standardn\u00edm s\u00e9riov\u00fdm v\u00fdrobkem. Bude vyrobeno na p\u0159\u00e1n\u00ed z\u00e1kazn\u00edka a proto jej nelze dodavateli v z\u00e1konn\u00e9 lh\u016ft\u011b vr\u00e1tit. (viz \u00a71837 odst.d, ob\u010dansk\u00e9ho z\u00e1kon\u00edku). V tomto p\u0159\u00edpad\u011b m\u016f\u017eeme po\u017eadovat nevratnou z\u00e1lohu a\u017e do v\u00fd\u0161e 100 % z ceny v\u00fdrobku.                            <\/p><\/div>\n","protected":false},"excerpt":{"rendered":"<p>Detailn\u00ed popis produktu Origin\u00e1ln\u00ed, v\u00fdjime\u010dn\u011b ultra tenk\u00e9 radi\u00e1tory kr\u00e1sn\u00fdch elegantn\u00edch tvar\u016f budou nejen zdrojem tepla, ale i designov\u00fdm prvkem koupelny. Radi\u00e1tor je vyroben z uhl\u00edkov\u00e9 oceli o tlou\u0161\u0165ce 5 mm.&nbsp;S p\u0159ipojen\u00edm na okruh \u00fast\u0159edn\u00edho vyt\u00e1p\u011bn\u00ed, se st\u0159edov\u00fdm p\u0159ipojen\u00edm 50 mm. Topn\u00e9 t\u011bleso doporu\u010dujeme doplnit o praktick\u00e9 dr\u017e\u00e1ky ru\u010dn\u00edk\u016f z brou\u0161en\u00e9 oceli, kter\u00e9 jsou k dokoupen\u00ed [&hellip;]<\/p>\n","protected":false},"featured_media":27198,"comment_status":"open","ping_status":"open","template":"","meta":[],"product_brand":[],"product_cat":[100],"product_tag":[],"class_list":{"0":"post-27098","1":"product","2":"type-product","3":"status-publish","4":"has-post-thumbnail","6":"product_cat-vytapeni","8":"first","9":"instock","10":"sale","11":"shipping-taxable","12":"purchasable","13":"product-type-simple"},"yoast_head":"<!-- This site is optimized with the Yoast SEO plugin v26.8 - https:\/\/yoast.com\/product\/yoast-seo-wordpress\/ -->\n<title>Sapho TABELLA dr\u017e\u00e1k ru\u010dn\u00edk\u016f 390mm, b\u00edl\u00e1 mat MI390W V\u00fdprodej -<\/title>\n<meta name=\"robots\" content=\"index, follow, max-snippet:-1, max-image-preview:large, max-video-preview:-1\" \/>\n<link rel=\"canonical\" href=\"https:\/\/www.technodompro.com\/index.php\/produkt\/sapho-tabella-drzak-rucniku-390mm-bila-mat-mi390w-vyprodej-27098\/\" \/>\n<meta property=\"og:locale\" content=\"cs_CZ\" \/>\n<meta property=\"og:type\" content=\"article\" \/>\n<meta property=\"og:title\" content=\"Sapho TABELLA dr\u017e\u00e1k ru\u010dn\u00edk\u016f 390mm, b\u00edl\u00e1 mat MI390W V\u00fdprodej -\" \/>\n<meta property=\"og:description\" content=\"Detailn\u00ed popis produktu Origin\u00e1ln\u00ed, v\u00fdjime\u010dn\u011b ultra tenk\u00e9 radi\u00e1tory kr\u00e1sn\u00fdch elegantn\u00edch tvar\u016f budou nejen zdrojem tepla, ale i designov\u00fdm prvkem koupelny. Radi\u00e1tor je vyroben z uhl\u00edkov\u00e9 oceli o tlou\u0161\u0165ce 5 mm.&nbsp;S p\u0159ipojen\u00edm na okruh \u00fast\u0159edn\u00edho vyt\u00e1p\u011bn\u00ed, se st\u0159edov\u00fdm p\u0159ipojen\u00edm 50 mm. Topn\u00e9 t\u011bleso doporu\u010dujeme doplnit o praktick\u00e9 dr\u017e\u00e1ky ru\u010dn\u00edk\u016f z brou\u0161en\u00e9 oceli, kter\u00e9 jsou k dokoupen\u00ed [&hellip;]\" \/>\n<meta property=\"og:url\" content=\"https:\/\/www.technodompro.com\/index.php\/produkt\/sapho-tabella-drzak-rucniku-390mm-bila-mat-mi390w-vyprodej-27098\/\" \/>\n<meta property=\"og:image\" content=\"https:\/\/www.technodompro.com\/wp-content\/uploads\/2026\/SK0012231-CZ20260425-093631-0-1777080994-266260_mi390w-194866961192207.webp\" \/>\n\t<meta property=\"og:image:width\" content=\"1000\" \/>\n\t<meta property=\"og:image:height\" content=\"750\" \/>\n\t<meta property=\"og:image:type\" content=\"image\/webp\" \/>\n<meta name=\"twitter:card\" content=\"summary_large_image\" \/>\n<meta name=\"twitter:label1\" content=\"Odhadovan\u00e1 doba \u010dten\u00ed\" \/>\n\t<meta name=\"twitter:data1\" content=\"1 minuta\" \/>\n<script type=\"application\/ld+json\" class=\"yoast-schema-graph\">{\"@context\":\"https:\/\/schema.org\",\"@graph\":[{\"@type\":\"WebPage\",\"@id\":\"https:\/\/www.technodompro.com\/index.php\/produkt\/sapho-tabella-drzak-rucniku-390mm-bila-mat-mi390w-vyprodej-27098\/\",\"url\":\"https:\/\/www.technodompro.com\/index.php\/produkt\/sapho-tabella-drzak-rucniku-390mm-bila-mat-mi390w-vyprodej-27098\/\",\"name\":\"Sapho TABELLA dr\u017e\u00e1k ru\u010dn\u00edk\u016f 390mm, b\u00edl\u00e1 mat MI390W V\u00fdprodej -\",\"isPartOf\":{\"@id\":\"https:\/\/www.technodompro.com\/#website\"},\"primaryImageOfPage\":{\"@id\":\"https:\/\/www.technodompro.com\/index.php\/produkt\/sapho-tabella-drzak-rucniku-390mm-bila-mat-mi390w-vyprodej-27098\/#primaryimage\"},\"image\":{\"@id\":\"https:\/\/www.technodompro.com\/index.php\/produkt\/sapho-tabella-drzak-rucniku-390mm-bila-mat-mi390w-vyprodej-27098\/#primaryimage\"},\"thumbnailUrl\":\"https:\/\/www.technodompro.com\/wp-content\/uploads\/2026\/SK0012231-CZ20260425-093631-0-1777080994-266260_mi390w-194866961192207.webp\",\"datePublished\":\"2026-04-27T04:41:40+00:00\",\"breadcrumb\":{\"@id\":\"https:\/\/www.technodompro.com\/index.php\/produkt\/sapho-tabella-drzak-rucniku-390mm-bila-mat-mi390w-vyprodej-27098\/#breadcrumb\"},\"inLanguage\":\"cs\",\"potentialAction\":[{\"@type\":\"ReadAction\",\"target\":[\"https:\/\/www.technodompro.com\/index.php\/produkt\/sapho-tabella-drzak-rucniku-390mm-bila-mat-mi390w-vyprodej-27098\/\"]}]},{\"@type\":\"ImageObject\",\"inLanguage\":\"cs\",\"@id\":\"https:\/\/www.technodompro.com\/index.php\/produkt\/sapho-tabella-drzak-rucniku-390mm-bila-mat-mi390w-vyprodej-27098\/#primaryimage\",\"url\":\"https:\/\/www.technodompro.com\/wp-content\/uploads\/2026\/SK0012231-CZ20260425-093631-0-1777080994-266260_mi390w-194866961192207.webp\",\"contentUrl\":\"https:\/\/www.technodompro.com\/wp-content\/uploads\/2026\/SK0012231-CZ20260425-093631-0-1777080994-266260_mi390w-194866961192207.webp\",\"width\":1000,\"height\":750},{\"@type\":\"BreadcrumbList\",\"@id\":\"https:\/\/www.technodompro.com\/index.php\/produkt\/sapho-tabella-drzak-rucniku-390mm-bila-mat-mi390w-vyprodej-27098\/#breadcrumb\",\"itemListElement\":[{\"@type\":\"ListItem\",\"position\":1,\"name\":\"Home\",\"item\":\"https:\/\/www.technodompro.com\/\"},{\"@type\":\"ListItem\",\"position\":2,\"name\":\"Products\",\"item\":\"https:\/\/www.technodompro.com\/index.php\/products\/\"},{\"@type\":\"ListItem\",\"position\":3,\"name\":\"Sapho TABELLA dr\u017e\u00e1k ru\u010dn\u00edk\u016f 390mm, b\u00edl\u00e1 mat MI390W V\u00fdprodej\"}]},{\"@type\":\"WebSite\",\"@id\":\"https:\/\/www.technodompro.com\/#website\",\"url\":\"https:\/\/www.technodompro.com\/\",\"name\":\"\",\"description\":\"\",\"potentialAction\":[{\"@type\":\"SearchAction\",\"target\":{\"@type\":\"EntryPoint\",\"urlTemplate\":\"https:\/\/www.technodompro.com\/?s={search_term_string}\"},\"query-input\":{\"@type\":\"PropertyValueSpecification\",\"valueRequired\":true,\"valueName\":\"search_term_string\"}}],\"inLanguage\":\"cs\"}]}<\/script>\n<!-- \/ Yoast SEO plugin. -->","yoast_head_json":{"title":"Sapho TABELLA dr\u017e\u00e1k ru\u010dn\u00edk\u016f 390mm, b\u00edl\u00e1 mat MI390W V\u00fdprodej -","robots":{"index":"index","follow":"follow","max-snippet":"max-snippet:-1","max-image-preview":"max-image-preview:large","max-video-preview":"max-video-preview:-1"},"canonical":"https:\/\/www.technodompro.com\/index.php\/produkt\/sapho-tabella-drzak-rucniku-390mm-bila-mat-mi390w-vyprodej-27098\/","og_locale":"cs_CZ","og_type":"article","og_title":"Sapho TABELLA dr\u017e\u00e1k ru\u010dn\u00edk\u016f 390mm, b\u00edl\u00e1 mat MI390W V\u00fdprodej -","og_description":"Detailn\u00ed popis produktu Origin\u00e1ln\u00ed, v\u00fdjime\u010dn\u011b ultra tenk\u00e9 radi\u00e1tory kr\u00e1sn\u00fdch elegantn\u00edch tvar\u016f budou nejen zdrojem tepla, ale i designov\u00fdm prvkem koupelny. Radi\u00e1tor je vyroben z uhl\u00edkov\u00e9 oceli o tlou\u0161\u0165ce 5 mm.&nbsp;S p\u0159ipojen\u00edm na okruh \u00fast\u0159edn\u00edho vyt\u00e1p\u011bn\u00ed, se st\u0159edov\u00fdm p\u0159ipojen\u00edm 50 mm. Topn\u00e9 t\u011bleso doporu\u010dujeme doplnit o praktick\u00e9 dr\u017e\u00e1ky ru\u010dn\u00edk\u016f z brou\u0161en\u00e9 oceli, kter\u00e9 jsou k dokoupen\u00ed [&hellip;]","og_url":"https:\/\/www.technodompro.com\/index.php\/produkt\/sapho-tabella-drzak-rucniku-390mm-bila-mat-mi390w-vyprodej-27098\/","og_image":[{"width":1000,"height":750,"url":"https:\/\/www.technodompro.com\/wp-content\/uploads\/2026\/SK0012231-CZ20260425-093631-0-1777080994-266260_mi390w-194866961192207.webp","type":"image\/webp"}],"twitter_card":"summary_large_image","twitter_misc":{"Odhadovan\u00e1 doba \u010dten\u00ed":"1 minuta"},"schema":{"@context":"https:\/\/schema.org","@graph":[{"@type":"WebPage","@id":"https:\/\/www.technodompro.com\/index.php\/produkt\/sapho-tabella-drzak-rucniku-390mm-bila-mat-mi390w-vyprodej-27098\/","url":"https:\/\/www.technodompro.com\/index.php\/produkt\/sapho-tabella-drzak-rucniku-390mm-bila-mat-mi390w-vyprodej-27098\/","name":"Sapho TABELLA dr\u017e\u00e1k ru\u010dn\u00edk\u016f 390mm, b\u00edl\u00e1 mat MI390W V\u00fdprodej -","isPartOf":{"@id":"https:\/\/www.technodompro.com\/#website"},"primaryImageOfPage":{"@id":"https:\/\/www.technodompro.com\/index.php\/produkt\/sapho-tabella-drzak-rucniku-390mm-bila-mat-mi390w-vyprodej-27098\/#primaryimage"},"image":{"@id":"https:\/\/www.technodompro.com\/index.php\/produkt\/sapho-tabella-drzak-rucniku-390mm-bila-mat-mi390w-vyprodej-27098\/#primaryimage"},"thumbnailUrl":"https:\/\/www.technodompro.com\/wp-content\/uploads\/2026\/SK0012231-CZ20260425-093631-0-1777080994-266260_mi390w-194866961192207.webp","datePublished":"2026-04-27T04:41:40+00:00","breadcrumb":{"@id":"https:\/\/www.technodompro.com\/index.php\/produkt\/sapho-tabella-drzak-rucniku-390mm-bila-mat-mi390w-vyprodej-27098\/#breadcrumb"},"inLanguage":"cs","potentialAction":[{"@type":"ReadAction","target":["https:\/\/www.technodompro.com\/index.php\/produkt\/sapho-tabella-drzak-rucniku-390mm-bila-mat-mi390w-vyprodej-27098\/"]}]},{"@type":"ImageObject","inLanguage":"cs","@id":"https:\/\/www.technodompro.com\/index.php\/produkt\/sapho-tabella-drzak-rucniku-390mm-bila-mat-mi390w-vyprodej-27098\/#primaryimage","url":"https:\/\/www.technodompro.com\/wp-content\/uploads\/2026\/SK0012231-CZ20260425-093631-0-1777080994-266260_mi390w-194866961192207.webp","contentUrl":"https:\/\/www.technodompro.com\/wp-content\/uploads\/2026\/SK0012231-CZ20260425-093631-0-1777080994-266260_mi390w-194866961192207.webp","width":1000,"height":750},{"@type":"BreadcrumbList","@id":"https:\/\/www.technodompro.com\/index.php\/produkt\/sapho-tabella-drzak-rucniku-390mm-bila-mat-mi390w-vyprodej-27098\/#breadcrumb","itemListElement":[{"@type":"ListItem","position":1,"name":"Home","item":"https:\/\/www.technodompro.com\/"},{"@type":"ListItem","position":2,"name":"Products","item":"https:\/\/www.technodompro.com\/index.php\/products\/"},{"@type":"ListItem","position":3,"name":"Sapho TABELLA dr\u017e\u00e1k ru\u010dn\u00edk\u016f 390mm, b\u00edl\u00e1 mat MI390W V\u00fdprodej"}]},{"@type":"WebSite","@id":"https:\/\/www.technodompro.com\/#website","url":"https:\/\/www.technodompro.com\/","name":"","description":"","potentialAction":[{"@type":"SearchAction","target":{"@type":"EntryPoint","urlTemplate":"https:\/\/www.technodompro.com\/?s={search_term_string}"},"query-input":{"@type":"PropertyValueSpecification","valueRequired":true,"valueName":"search_term_string"}}],"inLanguage":"cs"}]}},"_links":{"self":[{"href":"https:\/\/www.technodompro.com\/index.php\/wp-json\/wp\/v2\/product\/27098","targetHints":{"allow":["GET"]}}],"collection":[{"href":"https:\/\/www.technodompro.com\/index.php\/wp-json\/wp\/v2\/product"}],"about":[{"href":"https:\/\/www.technodompro.com\/index.php\/wp-json\/wp\/v2\/types\/product"}],"replies":[{"embeddable":true,"href":"https:\/\/www.technodompro.com\/index.php\/wp-json\/wp\/v2\/comments?post=27098"}],"wp:featuredmedia":[{"embeddable":true,"href":"https:\/\/www.technodompro.com\/index.php\/wp-json\/wp\/v2\/media\/27198"}],"wp:attachment":[{"href":"https:\/\/www.technodompro.com\/index.php\/wp-json\/wp\/v2\/media?parent=27098"}],"wp:term":[{"taxonomy":"product_brand","embeddable":true,"href":"https:\/\/www.technodompro.com\/index.php\/wp-json\/wp\/v2\/product_brand?post=27098"},{"taxonomy":"product_cat","embeddable":true,"href":"https:\/\/www.technodompro.com\/index.php\/wp-json\/wp\/v2\/product_cat?post=27098"},{"taxonomy":"product_tag","embeddable":true,"href":"https:\/\/www.technodompro.com\/index.php\/wp-json\/wp\/v2\/product_tag?post=27098"}],"curies":[{"name":"wp","href":"https:\/\/api.w.org\/{rel}","templated":true}]}}