{"id":27103,"date":"2026-04-27T04:41:40","date_gmt":"2026-04-27T04:41:40","guid":{"rendered":""},"modified":"2026-04-27T04:41:40","modified_gmt":"2026-04-27T04:41:40","slug":"objednat-nyni-sapho-avva-cleanwash-zavesna-wc-misa-integrovana-baterie-a-bidet-sprska-rimless-35-5x53cm-cerna-mat-100315-110-27103","status":"publish","type":"product","link":"https:\/\/www.technodompro.com\/index.php\/produkt\/objednat-nyni-sapho-avva-cleanwash-zavesna-wc-misa-integrovana-baterie-a-bidet-sprska-rimless-35-5x53cm-cerna-mat-100315-110-27103\/","title":{"rendered":"Objednat Nyn\u00ed Sapho AVVA CLEANWASH z\u00e1v\u011bsn\u00e1 WC m\u00edsa, integrovan\u00e1 baterie a bidet. spr\u0161ka, Rimless, 35,5x53cm, \u010dern\u00e1 mat 100315-110"},"content":{"rendered":"<div class=\"basic-description\">\n<h3>Detailn\u00ed popis produktu<\/h3>\n<p><\/p>\n<h2 class=\"props-title\">Vlastnosti<\/h2>\n<table>\n<tr>\n<th>Zna\u010dka<\/th>\n<td>SAPHO<\/td>\n<\/tr>\n<tr>\n<th>3D model<\/th>\n<td>ANO<\/td>\n<\/tr>\n<tr>\n<th>Rozm\u011br<\/th>\n<td>35,5&#215;53 cm<\/td>\n<\/tr>\n<tr>\n<th>\u0160\u00ed\u0159ka<\/th>\n<td>355&nbsp;mm<\/td>\n<\/tr>\n<tr>\n<th>Hloubka<\/th>\n<td>530&nbsp;mm<\/td>\n<\/tr>\n<tr>\n<th>Barva<\/th>\n<td>\u010cern\u00e1<\/td>\n<\/tr>\n<tr>\n<th>Materi\u00e1l<\/th>\n<td>Keramika<\/td>\n<\/tr>\n<tr>\n<th>Technologie splachov\u00e1n\u00ed<\/th>\n<td>Rimless<\/td>\n<\/tr>\n<tr>\n<th>Objem splachovac\u00ed vody<\/th>\n<td>3,5 l \/ 5 l<\/td>\n<\/tr>\n<tr>\n<th>Tvar<\/th>\n<td>Klasik<\/td>\n<\/tr>\n<tr>\n<th>Ostatn\u00ed<\/th>\n<td>Skryt\u00e9 uchycen\u00ed, CleanWash bidetov\u00e1 spr\u0161ka<\/td>\n<\/tr>\n<tr>\n<th>Balen\u00ed neobsahuje<\/th>\n<td>WC sed\u00e1tko<\/td>\n<\/tr>\n<tr>\n<th>Hmotnost \/ ks<\/th>\n<td>23.6000&nbsp;kg<\/td>\n<\/tr>\n<tr>\n<th>Balen\u00ed<\/th>\n<td>1&nbsp;ks<\/td>\n<\/tr>\n<tr>\n<th>EAN<\/th>\n<td>8590913928369<\/td>\n<\/tr>\n<tr>\n<th>Taric<\/th>\n<td>69109000<\/td>\n<\/tr>\n<tr>\n<th>Z\u00e1ruka<\/th>\n<td>2 roky<\/td>\n<\/tr>\n<\/table>\n<div class=\"product-explanation-item\">\n<h3>Technologie splachov\u00e1n\u00ed Rimless<\/h3>\n<p style=\"text-align: justify;\">Rimless (NoRim) \u2013 toalety bez tradi\u010dn\u00edho oplachov\u00e9ho kruhu. Hladk\u00fd povrch bez dutin a z\u00e1hyb\u016f. Oplachov\u00e1 voda vyt\u00e9k\u00e1 rozd\u011blova\u010dem vody pouze ze zadn\u00ed \u010d\u00e1sti WC m\u00edsy a d\u00edky speci\u00e1ln\u00edmu tvaru keramiky dokonale opl\u00e1chne vnit\u0159n\u00ed prostor. V\u00fdhodou je snadn\u00e1 \u00fadr\u017eba a \u010di\u0161t\u011bn\u00ed WC m\u00edsy. <\/p>\n<\/div>\n<div class=\"product-explanation-item\">\n<h3>Water saving &#8211; \u00fasporn\u00e9 splachov\u00e1n\u00ed<\/h3>\n<p style=\"text-align: justify;\">Tvar m\u00edsy umo\u017e\u0148uje efektivn\u00ed a \u00fa\u010dinn\u00e9 spl\u00e1chnut\u00ed s men\u0161\u00edm objemem vody a t\u00edm \u0161et\u0159\u00ed \u017eivotn\u00ed prost\u0159ed\u00ed a n\u00e1klady za vodu.<br \/>\u00dasporn\u00e9 splachov\u00e1n\u00ed je mo\u017en\u00e9 pou\u017e\u00edt s n\u00e1dr\u017ekou s du\u00e1ln\u00edm splachov\u00e1n\u00edm, jej\u00ed\u017e vypou\u0161t\u011bc\u00ed ventil umo\u017e\u0148uje nastaven\u00ed objemu vody od 2 litr\u016f u mal\u00e9ho splachov\u00e1n\u00ed a od 4 litr\u016f u velk\u00e9ho splachov\u00e1n\u00ed.<\/p>\n<\/div>\n<div class=\"product-explanation-item\">\n<h3>CleanWash bidetov\u00e1 spr\u0161ka integrovan\u00e1 do WC m\u00edsy<\/h3>\n<p style=\"text-align: justify;\">Technologie CleanWash (integrovan\u00e1 hygiena) zaji\u0161\u0165uje pohodln\u00e9 pou\u017e\u00edv\u00e1n\u00ed d\u00edky bidetov\u00e9 trysce integrovan\u00e9 do WC m\u00edsy. Integrovan\u00fd syst\u00e9m bidetov\u00fdch trysek zvy\u0161uje komfort hygieny p\u0159i pou\u017e\u00edv\u00e1n\u00ed WC. Ovl\u00e1dac\u00ed baterie (umo\u017e\u0148uje volbu teploty vody) nebo ventil (pouze studen\u00e1 voda) se podle typu bidetov\u00e9 spr\u0161ky umis\u0165uje na st\u011bnu nebo je k dispozici instalov\u00e1n p\u0159\u00edmo na WC m\u00edse.<\/p>\n<\/div>\n<p>   Upozorn\u011bn\u00ed pro z\u00e1kazn\u00edky ke koupi produkt\u016f na objedn\u00e1n\u00ed: Toto zbo\u017e\u00ed nen\u00ed standardn\u00edm s\u00e9riov\u00fdm v\u00fdrobkem. Bude vyrobeno na p\u0159\u00e1n\u00ed z\u00e1kazn\u00edka a proto jej nelze dodavateli v z\u00e1konn\u00e9 lh\u016ft\u011b vr\u00e1tit. (viz \u00a71837 odst.d, ob\u010dansk\u00e9ho z\u00e1kon\u00edku). V tomto p\u0159\u00edpad\u011b m\u016f\u017eeme po\u017eadovat nevratnou z\u00e1lohu a\u017e do v\u00fd\u0161e 100 % z ceny v\u00fdrobku.                            <\/p><\/div>\n","protected":false},"excerpt":{"rendered":"<p>Detailn\u00ed popis produktu Vlastnosti Zna\u010dka SAPHO 3D model ANO Rozm\u011br 35,5&#215;53 cm \u0160\u00ed\u0159ka 355&nbsp;mm Hloubka 530&nbsp;mm Barva \u010cern\u00e1 Materi\u00e1l Keramika Technologie splachov\u00e1n\u00ed Rimless Objem splachovac\u00ed vody 3,5 l \/ 5 l Tvar Klasik Ostatn\u00ed Skryt\u00e9 uchycen\u00ed, CleanWash bidetov\u00e1 spr\u0161ka Balen\u00ed neobsahuje WC sed\u00e1tko Hmotnost \/ ks 23.6000&nbsp;kg Balen\u00ed 1&nbsp;ks EAN 8590913928369 Taric 69109000 Z\u00e1ruka 2 [&hellip;]<\/p>\n","protected":false},"featured_media":27203,"comment_status":"open","ping_status":"open","template":"","meta":[],"product_brand":[],"product_cat":[101],"product_tag":[],"class_list":{"0":"post-27103","1":"product","2":"type-product","3":"status-publish","4":"has-post-thumbnail","6":"product_cat-wc","8":"first","9":"instock","10":"sale","11":"shipping-taxable","12":"purchasable","13":"product-type-simple"},"yoast_head":"<!-- This site is optimized with the Yoast SEO plugin v26.8 - https:\/\/yoast.com\/product\/yoast-seo-wordpress\/ -->\n<title>Objednat Nyn\u00ed Sapho AVVA CLEANWASH z\u00e1v\u011bsn\u00e1 WC m\u00edsa, integrovan\u00e1 baterie a bidet. spr\u0161ka, Rimless, 35,5x53cm, \u010dern\u00e1 mat 100315-110 -<\/title>\n<meta name=\"robots\" content=\"index, follow, max-snippet:-1, max-image-preview:large, max-video-preview:-1\" \/>\n<link rel=\"canonical\" href=\"https:\/\/www.technodompro.com\/index.php\/produkt\/objednat-nyni-sapho-avva-cleanwash-zavesna-wc-misa-integrovana-baterie-a-bidet-sprska-rimless-35-5x53cm-cerna-mat-100315-110-27103\/\" \/>\n<meta property=\"og:locale\" content=\"cs_CZ\" \/>\n<meta property=\"og:type\" content=\"article\" \/>\n<meta property=\"og:title\" content=\"Objednat Nyn\u00ed Sapho AVVA CLEANWASH z\u00e1v\u011bsn\u00e1 WC m\u00edsa, integrovan\u00e1 baterie a bidet. spr\u0161ka, Rimless, 35,5x53cm, \u010dern\u00e1 mat 100315-110 -\" \/>\n<meta property=\"og:description\" content=\"Detailn\u00ed popis produktu Vlastnosti Zna\u010dka SAPHO 3D model ANO Rozm\u011br 35,5&#215;53 cm \u0160\u00ed\u0159ka 355&nbsp;mm Hloubka 530&nbsp;mm Barva \u010cern\u00e1 Materi\u00e1l Keramika Technologie splachov\u00e1n\u00ed Rimless Objem splachovac\u00ed vody 3,5 l \/ 5 l Tvar Klasik Ostatn\u00ed Skryt\u00e9 uchycen\u00ed, CleanWash bidetov\u00e1 spr\u0161ka Balen\u00ed neobsahuje WC sed\u00e1tko Hmotnost \/ ks 23.6000&nbsp;kg Balen\u00ed 1&nbsp;ks EAN 8590913928369 Taric 69109000 Z\u00e1ruka 2 [&hellip;]\" \/>\n<meta property=\"og:url\" content=\"https:\/\/www.technodompro.com\/index.php\/produkt\/objednat-nyni-sapho-avva-cleanwash-zavesna-wc-misa-integrovana-baterie-a-bidet-sprska-rimless-35-5x53cm-cerna-mat-100315-110-27103\/\" \/>\n<meta property=\"og:image\" content=\"https:\/\/www.technodompro.com\/wp-content\/uploads\/2026\/SK0012236-CZ20260425-093631-0-1777080994-266275_sapho-avva-cleanwash-zavesna-wc-misa--integrovana-ba.webp\" \/>\n\t<meta property=\"og:image:width\" content=\"1000\" \/>\n\t<meta property=\"og:image:height\" content=\"750\" \/>\n\t<meta property=\"og:image:type\" content=\"image\/webp\" \/>\n<meta name=\"twitter:card\" content=\"summary_large_image\" \/>\n<meta name=\"twitter:label1\" content=\"Odhadovan\u00e1 doba \u010dten\u00ed\" \/>\n\t<meta name=\"twitter:data1\" content=\"2 minuty\" \/>\n<script type=\"application\/ld+json\" class=\"yoast-schema-graph\">{\"@context\":\"https:\/\/schema.org\",\"@graph\":[{\"@type\":\"WebPage\",\"@id\":\"https:\/\/www.technodompro.com\/index.php\/produkt\/objednat-nyni-sapho-avva-cleanwash-zavesna-wc-misa-integrovana-baterie-a-bidet-sprska-rimless-35-5x53cm-cerna-mat-100315-110-27103\/\",\"url\":\"https:\/\/www.technodompro.com\/index.php\/produkt\/objednat-nyni-sapho-avva-cleanwash-zavesna-wc-misa-integrovana-baterie-a-bidet-sprska-rimless-35-5x53cm-cerna-mat-100315-110-27103\/\",\"name\":\"Objednat Nyn\u00ed Sapho AVVA CLEANWASH z\u00e1v\u011bsn\u00e1 WC m\u00edsa, integrovan\u00e1 baterie a bidet. spr\u0161ka, Rimless, 35,5x53cm, \u010dern\u00e1 mat 100315-110 -\",\"isPartOf\":{\"@id\":\"https:\/\/www.technodompro.com\/#website\"},\"primaryImageOfPage\":{\"@id\":\"https:\/\/www.technodompro.com\/index.php\/produkt\/objednat-nyni-sapho-avva-cleanwash-zavesna-wc-misa-integrovana-baterie-a-bidet-sprska-rimless-35-5x53cm-cerna-mat-100315-110-27103\/#primaryimage\"},\"image\":{\"@id\":\"https:\/\/www.technodompro.com\/index.php\/produkt\/objednat-nyni-sapho-avva-cleanwash-zavesna-wc-misa-integrovana-baterie-a-bidet-sprska-rimless-35-5x53cm-cerna-mat-100315-110-27103\/#primaryimage\"},\"thumbnailUrl\":\"https:\/\/www.technodompro.com\/wp-content\/uploads\/2026\/SK0012236-CZ20260425-093631-0-1777080994-266275_sapho-avva-cleanwash-zavesna-wc-misa--integrovana-ba.webp\",\"datePublished\":\"2026-04-27T04:41:40+00:00\",\"breadcrumb\":{\"@id\":\"https:\/\/www.technodompro.com\/index.php\/produkt\/objednat-nyni-sapho-avva-cleanwash-zavesna-wc-misa-integrovana-baterie-a-bidet-sprska-rimless-35-5x53cm-cerna-mat-100315-110-27103\/#breadcrumb\"},\"inLanguage\":\"cs\",\"potentialAction\":[{\"@type\":\"ReadAction\",\"target\":[\"https:\/\/www.technodompro.com\/index.php\/produkt\/objednat-nyni-sapho-avva-cleanwash-zavesna-wc-misa-integrovana-baterie-a-bidet-sprska-rimless-35-5x53cm-cerna-mat-100315-110-27103\/\"]}]},{\"@type\":\"ImageObject\",\"inLanguage\":\"cs\",\"@id\":\"https:\/\/www.technodompro.com\/index.php\/produkt\/objednat-nyni-sapho-avva-cleanwash-zavesna-wc-misa-integrovana-baterie-a-bidet-sprska-rimless-35-5x53cm-cerna-mat-100315-110-27103\/#primaryimage\",\"url\":\"https:\/\/www.technodompro.com\/wp-content\/uploads\/2026\/SK0012236-CZ20260425-093631-0-1777080994-266275_sapho-avva-cleanwash-zavesna-wc-misa--integrovana-ba.webp\",\"contentUrl\":\"https:\/\/www.technodompro.com\/wp-content\/uploads\/2026\/SK0012236-CZ20260425-093631-0-1777080994-266275_sapho-avva-cleanwash-zavesna-wc-misa--integrovana-ba.webp\",\"width\":1000,\"height\":750},{\"@type\":\"BreadcrumbList\",\"@id\":\"https:\/\/www.technodompro.com\/index.php\/produkt\/objednat-nyni-sapho-avva-cleanwash-zavesna-wc-misa-integrovana-baterie-a-bidet-sprska-rimless-35-5x53cm-cerna-mat-100315-110-27103\/#breadcrumb\",\"itemListElement\":[{\"@type\":\"ListItem\",\"position\":1,\"name\":\"Home\",\"item\":\"https:\/\/www.technodompro.com\/\"},{\"@type\":\"ListItem\",\"position\":2,\"name\":\"Products\",\"item\":\"https:\/\/www.technodompro.com\/index.php\/products\/\"},{\"@type\":\"ListItem\",\"position\":3,\"name\":\"Objednat Nyn\u00ed Sapho AVVA CLEANWASH z\u00e1v\u011bsn\u00e1 WC m\u00edsa, integrovan\u00e1 baterie a bidet. spr\u0161ka, Rimless, 35,5x53cm, \u010dern\u00e1 mat 100315-110\"}]},{\"@type\":\"WebSite\",\"@id\":\"https:\/\/www.technodompro.com\/#website\",\"url\":\"https:\/\/www.technodompro.com\/\",\"name\":\"\",\"description\":\"\",\"potentialAction\":[{\"@type\":\"SearchAction\",\"target\":{\"@type\":\"EntryPoint\",\"urlTemplate\":\"https:\/\/www.technodompro.com\/?s={search_term_string}\"},\"query-input\":{\"@type\":\"PropertyValueSpecification\",\"valueRequired\":true,\"valueName\":\"search_term_string\"}}],\"inLanguage\":\"cs\"}]}<\/script>\n<!-- \/ Yoast SEO plugin. -->","yoast_head_json":{"title":"Objednat Nyn\u00ed Sapho AVVA CLEANWASH z\u00e1v\u011bsn\u00e1 WC m\u00edsa, integrovan\u00e1 baterie a bidet. spr\u0161ka, Rimless, 35,5x53cm, \u010dern\u00e1 mat 100315-110 -","robots":{"index":"index","follow":"follow","max-snippet":"max-snippet:-1","max-image-preview":"max-image-preview:large","max-video-preview":"max-video-preview:-1"},"canonical":"https:\/\/www.technodompro.com\/index.php\/produkt\/objednat-nyni-sapho-avva-cleanwash-zavesna-wc-misa-integrovana-baterie-a-bidet-sprska-rimless-35-5x53cm-cerna-mat-100315-110-27103\/","og_locale":"cs_CZ","og_type":"article","og_title":"Objednat Nyn\u00ed Sapho AVVA CLEANWASH z\u00e1v\u011bsn\u00e1 WC m\u00edsa, integrovan\u00e1 baterie a bidet. spr\u0161ka, Rimless, 35,5x53cm, \u010dern\u00e1 mat 100315-110 -","og_description":"Detailn\u00ed popis produktu Vlastnosti Zna\u010dka SAPHO 3D model ANO Rozm\u011br 35,5&#215;53 cm \u0160\u00ed\u0159ka 355&nbsp;mm Hloubka 530&nbsp;mm Barva \u010cern\u00e1 Materi\u00e1l Keramika Technologie splachov\u00e1n\u00ed Rimless Objem splachovac\u00ed vody 3,5 l \/ 5 l Tvar Klasik Ostatn\u00ed Skryt\u00e9 uchycen\u00ed, CleanWash bidetov\u00e1 spr\u0161ka Balen\u00ed neobsahuje WC sed\u00e1tko Hmotnost \/ ks 23.6000&nbsp;kg Balen\u00ed 1&nbsp;ks EAN 8590913928369 Taric 69109000 Z\u00e1ruka 2 [&hellip;]","og_url":"https:\/\/www.technodompro.com\/index.php\/produkt\/objednat-nyni-sapho-avva-cleanwash-zavesna-wc-misa-integrovana-baterie-a-bidet-sprska-rimless-35-5x53cm-cerna-mat-100315-110-27103\/","og_image":[{"width":1000,"height":750,"url":"https:\/\/www.technodompro.com\/wp-content\/uploads\/2026\/SK0012236-CZ20260425-093631-0-1777080994-266275_sapho-avva-cleanwash-zavesna-wc-misa--integrovana-ba.webp","type":"image\/webp"}],"twitter_card":"summary_large_image","twitter_misc":{"Odhadovan\u00e1 doba \u010dten\u00ed":"2 minuty"},"schema":{"@context":"https:\/\/schema.org","@graph":[{"@type":"WebPage","@id":"https:\/\/www.technodompro.com\/index.php\/produkt\/objednat-nyni-sapho-avva-cleanwash-zavesna-wc-misa-integrovana-baterie-a-bidet-sprska-rimless-35-5x53cm-cerna-mat-100315-110-27103\/","url":"https:\/\/www.technodompro.com\/index.php\/produkt\/objednat-nyni-sapho-avva-cleanwash-zavesna-wc-misa-integrovana-baterie-a-bidet-sprska-rimless-35-5x53cm-cerna-mat-100315-110-27103\/","name":"Objednat Nyn\u00ed Sapho AVVA CLEANWASH z\u00e1v\u011bsn\u00e1 WC m\u00edsa, integrovan\u00e1 baterie a bidet. spr\u0161ka, Rimless, 35,5x53cm, \u010dern\u00e1 mat 100315-110 -","isPartOf":{"@id":"https:\/\/www.technodompro.com\/#website"},"primaryImageOfPage":{"@id":"https:\/\/www.technodompro.com\/index.php\/produkt\/objednat-nyni-sapho-avva-cleanwash-zavesna-wc-misa-integrovana-baterie-a-bidet-sprska-rimless-35-5x53cm-cerna-mat-100315-110-27103\/#primaryimage"},"image":{"@id":"https:\/\/www.technodompro.com\/index.php\/produkt\/objednat-nyni-sapho-avva-cleanwash-zavesna-wc-misa-integrovana-baterie-a-bidet-sprska-rimless-35-5x53cm-cerna-mat-100315-110-27103\/#primaryimage"},"thumbnailUrl":"https:\/\/www.technodompro.com\/wp-content\/uploads\/2026\/SK0012236-CZ20260425-093631-0-1777080994-266275_sapho-avva-cleanwash-zavesna-wc-misa--integrovana-ba.webp","datePublished":"2026-04-27T04:41:40+00:00","breadcrumb":{"@id":"https:\/\/www.technodompro.com\/index.php\/produkt\/objednat-nyni-sapho-avva-cleanwash-zavesna-wc-misa-integrovana-baterie-a-bidet-sprska-rimless-35-5x53cm-cerna-mat-100315-110-27103\/#breadcrumb"},"inLanguage":"cs","potentialAction":[{"@type":"ReadAction","target":["https:\/\/www.technodompro.com\/index.php\/produkt\/objednat-nyni-sapho-avva-cleanwash-zavesna-wc-misa-integrovana-baterie-a-bidet-sprska-rimless-35-5x53cm-cerna-mat-100315-110-27103\/"]}]},{"@type":"ImageObject","inLanguage":"cs","@id":"https:\/\/www.technodompro.com\/index.php\/produkt\/objednat-nyni-sapho-avva-cleanwash-zavesna-wc-misa-integrovana-baterie-a-bidet-sprska-rimless-35-5x53cm-cerna-mat-100315-110-27103\/#primaryimage","url":"https:\/\/www.technodompro.com\/wp-content\/uploads\/2026\/SK0012236-CZ20260425-093631-0-1777080994-266275_sapho-avva-cleanwash-zavesna-wc-misa--integrovana-ba.webp","contentUrl":"https:\/\/www.technodompro.com\/wp-content\/uploads\/2026\/SK0012236-CZ20260425-093631-0-1777080994-266275_sapho-avva-cleanwash-zavesna-wc-misa--integrovana-ba.webp","width":1000,"height":750},{"@type":"BreadcrumbList","@id":"https:\/\/www.technodompro.com\/index.php\/produkt\/objednat-nyni-sapho-avva-cleanwash-zavesna-wc-misa-integrovana-baterie-a-bidet-sprska-rimless-35-5x53cm-cerna-mat-100315-110-27103\/#breadcrumb","itemListElement":[{"@type":"ListItem","position":1,"name":"Home","item":"https:\/\/www.technodompro.com\/"},{"@type":"ListItem","position":2,"name":"Products","item":"https:\/\/www.technodompro.com\/index.php\/products\/"},{"@type":"ListItem","position":3,"name":"Objednat Nyn\u00ed Sapho AVVA CLEANWASH z\u00e1v\u011bsn\u00e1 WC m\u00edsa, integrovan\u00e1 baterie a bidet. spr\u0161ka, Rimless, 35,5x53cm, \u010dern\u00e1 mat 100315-110"}]},{"@type":"WebSite","@id":"https:\/\/www.technodompro.com\/#website","url":"https:\/\/www.technodompro.com\/","name":"","description":"","potentialAction":[{"@type":"SearchAction","target":{"@type":"EntryPoint","urlTemplate":"https:\/\/www.technodompro.com\/?s={search_term_string}"},"query-input":{"@type":"PropertyValueSpecification","valueRequired":true,"valueName":"search_term_string"}}],"inLanguage":"cs"}]}},"_links":{"self":[{"href":"https:\/\/www.technodompro.com\/index.php\/wp-json\/wp\/v2\/product\/27103","targetHints":{"allow":["GET"]}}],"collection":[{"href":"https:\/\/www.technodompro.com\/index.php\/wp-json\/wp\/v2\/product"}],"about":[{"href":"https:\/\/www.technodompro.com\/index.php\/wp-json\/wp\/v2\/types\/product"}],"replies":[{"embeddable":true,"href":"https:\/\/www.technodompro.com\/index.php\/wp-json\/wp\/v2\/comments?post=27103"}],"wp:featuredmedia":[{"embeddable":true,"href":"https:\/\/www.technodompro.com\/index.php\/wp-json\/wp\/v2\/media\/27203"}],"wp:attachment":[{"href":"https:\/\/www.technodompro.com\/index.php\/wp-json\/wp\/v2\/media?parent=27103"}],"wp:term":[{"taxonomy":"product_brand","embeddable":true,"href":"https:\/\/www.technodompro.com\/index.php\/wp-json\/wp\/v2\/product_brand?post=27103"},{"taxonomy":"product_cat","embeddable":true,"href":"https:\/\/www.technodompro.com\/index.php\/wp-json\/wp\/v2\/product_cat?post=27103"},{"taxonomy":"product_tag","embeddable":true,"href":"https:\/\/www.technodompro.com\/index.php\/wp-json\/wp\/v2\/product_tag?post=27103"}],"curies":[{"name":"wp","href":"https:\/\/api.w.org\/{rel}","templated":true}]}}