{"id":27115,"date":"2026-04-27T04:41:40","date_gmt":"2026-04-27T04:41:40","guid":{"rendered":""},"modified":"2026-04-27T04:41:40","modified_gmt":"2026-04-27T04:41:40","slug":"akce-absolute-zavesne-wc-rimless-s-podomitkovou-nadrzkou-a-tlacitkem-schwab-bila-10ab02002-set5-27115","status":"publish","type":"product","link":"https:\/\/www.technodompro.com\/index.php\/produkt\/akce-absolute-zavesne-wc-rimless-s-podomitkovou-nadrzkou-a-tlacitkem-schwab-bila-10ab02002-set5-27115\/","title":{"rendered":"Akce ABSOLUTE z\u00e1v\u011bsn\u00e9 WC Rimless s podom\u00edtkovou n\u00e1dr\u017ekou a tla\u010d\u00edtkem Schwab, b\u00edl\u00e1 10AB02002-SET5"},"content":{"rendered":"<div class=\"basic-description\">\n<h3>Detailn\u00ed popis produktu<\/h3>\n<p><\/p>\n<h2 class=\"props-title\">Vlastnosti<\/h2>\n<table>\n<tr>\n<th>Rozm\u011br<\/th>\n<td>34,7&#215;50 cm<\/td>\n<\/tr>\n<tr>\n<th>\u0160\u00ed\u0159ka<\/th>\n<td>347&nbsp;mm<\/td>\n<\/tr>\n<tr>\n<th>Hloubka<\/th>\n<td>500&nbsp;mm<\/td>\n<\/tr>\n<tr>\n<th>Barva<\/th>\n<td>B\u00edl\u00e1<\/td>\n<\/tr>\n<tr>\n<th>Materi\u00e1l<\/th>\n<td>Keramika<\/td>\n<\/tr>\n<tr>\n<th>Technologie splachov\u00e1n\u00ed<\/th>\n<td>Rimless<\/td>\n<\/tr>\n<tr>\n<th>Objem splachovac\u00ed vody<\/th>\n<td>3,5 l \/ 5 l<\/td>\n<\/tr>\n<tr>\n<th>Tvar<\/th>\n<td>Klasik<\/td>\n<\/tr>\n<tr>\n<th>Ostatn\u00ed<\/th>\n<td>WC set<\/td>\n<\/tr>\n<tr>\n<th>Hmotnost \/ ks<\/th>\n<td>46.5500&nbsp;kg<\/td>\n<\/tr>\n<tr>\n<th>Balen\u00ed<\/th>\n<td>5&nbsp;ks<\/td>\n<\/tr>\n<tr>\n<th>EAN<\/th>\n<td>8590913928192<\/td>\n<\/tr>\n<tr>\n<th>Z\u00e1ruka<\/th>\n<td>2 roky<\/td>\n<\/tr>\n<\/table>\n<div class=\"product-explanation-item\">\n<h3>Technologie splachov\u00e1n\u00ed Rimless<\/h3>\n<p style=\"text-align: justify;\">Rimless (NoRim) \u2013 toalety bez tradi\u010dn\u00edho oplachov\u00e9ho kruhu. Hladk\u00fd povrch bez dutin a z\u00e1hyb\u016f. Oplachov\u00e1 voda vyt\u00e9k\u00e1 rozd\u011blova\u010dem vody pouze ze zadn\u00ed \u010d\u00e1sti WC m\u00edsy a d\u00edky speci\u00e1ln\u00edmu tvaru keramiky dokonale opl\u00e1chne vnit\u0159n\u00ed prostor. V\u00fdhodou je snadn\u00e1 \u00fadr\u017eba a \u010di\u0161t\u011bn\u00ed WC m\u00edsy. <\/p>\n<\/div>\n<div class=\"product-explanation-item\">\n<h3>Water saving &#8211; \u00fasporn\u00e9 splachov\u00e1n\u00ed<\/h3>\n<p style=\"text-align: justify;\">Tvar m\u00edsy umo\u017e\u0148uje efektivn\u00ed a \u00fa\u010dinn\u00e9 spl\u00e1chnut\u00ed s men\u0161\u00edm objemem vody a t\u00edm \u0161et\u0159\u00ed \u017eivotn\u00ed prost\u0159ed\u00ed a n\u00e1klady za vodu.<br \/>\u00dasporn\u00e9 splachov\u00e1n\u00ed je mo\u017en\u00e9 pou\u017e\u00edt s n\u00e1dr\u017ekou s du\u00e1ln\u00edm splachov\u00e1n\u00edm, jej\u00ed\u017e vypou\u0161t\u011bc\u00ed ventil umo\u017e\u0148uje nastaven\u00ed objemu vody od 2 litr\u016f u mal\u00e9ho splachov\u00e1n\u00ed a od 4 litr\u016f u velk\u00e9ho splachov\u00e1n\u00ed.<\/p>\n<\/div><\/div>\n","protected":false},"excerpt":{"rendered":"<p>Detailn\u00ed popis produktu Vlastnosti Rozm\u011br 34,7&#215;50 cm \u0160\u00ed\u0159ka 347&nbsp;mm Hloubka 500&nbsp;mm Barva B\u00edl\u00e1 Materi\u00e1l Keramika Technologie splachov\u00e1n\u00ed Rimless Objem splachovac\u00ed vody 3,5 l \/ 5 l Tvar Klasik Ostatn\u00ed WC set Hmotnost \/ ks 46.5500&nbsp;kg Balen\u00ed 5&nbsp;ks EAN 8590913928192 Z\u00e1ruka 2 roky Technologie splachov\u00e1n\u00ed Rimless Rimless (NoRim) \u2013 toalety bez tradi\u010dn\u00edho oplachov\u00e9ho kruhu. Hladk\u00fd povrch [&hellip;]<\/p>\n","protected":false},"featured_media":27215,"comment_status":"open","ping_status":"open","template":"","meta":[],"product_brand":[],"product_cat":[101],"product_tag":[],"class_list":{"0":"post-27115","1":"product","2":"type-product","3":"status-publish","4":"has-post-thumbnail","6":"product_cat-wc","8":"first","9":"instock","10":"sale","11":"shipping-taxable","12":"purchasable","13":"product-type-simple"},"yoast_head":"<!-- This site is optimized with the Yoast SEO plugin v26.8 - https:\/\/yoast.com\/product\/yoast-seo-wordpress\/ -->\n<title>Akce ABSOLUTE z\u00e1v\u011bsn\u00e9 WC Rimless s podom\u00edtkovou n\u00e1dr\u017ekou a tla\u010d\u00edtkem Schwab, b\u00edl\u00e1 10AB02002-SET5 -<\/title>\n<meta name=\"robots\" content=\"index, follow, max-snippet:-1, max-image-preview:large, max-video-preview:-1\" \/>\n<link rel=\"canonical\" href=\"https:\/\/www.technodompro.com\/index.php\/produkt\/akce-absolute-zavesne-wc-rimless-s-podomitkovou-nadrzkou-a-tlacitkem-schwab-bila-10ab02002-set5-27115\/\" \/>\n<meta property=\"og:locale\" content=\"cs_CZ\" \/>\n<meta property=\"og:type\" content=\"article\" \/>\n<meta property=\"og:title\" content=\"Akce ABSOLUTE z\u00e1v\u011bsn\u00e9 WC Rimless s podom\u00edtkovou n\u00e1dr\u017ekou a tla\u010d\u00edtkem Schwab, b\u00edl\u00e1 10AB02002-SET5 -\" \/>\n<meta property=\"og:description\" content=\"Detailn\u00ed popis produktu Vlastnosti Rozm\u011br 34,7&#215;50 cm \u0160\u00ed\u0159ka 347&nbsp;mm Hloubka 500&nbsp;mm Barva B\u00edl\u00e1 Materi\u00e1l Keramika Technologie splachov\u00e1n\u00ed Rimless Objem splachovac\u00ed vody 3,5 l \/ 5 l Tvar Klasik Ostatn\u00ed WC set Hmotnost \/ ks 46.5500&nbsp;kg Balen\u00ed 5&nbsp;ks EAN 8590913928192 Z\u00e1ruka 2 roky Technologie splachov\u00e1n\u00ed Rimless Rimless (NoRim) \u2013 toalety bez tradi\u010dn\u00edho oplachov\u00e9ho kruhu. Hladk\u00fd povrch [&hellip;]\" \/>\n<meta property=\"og:url\" content=\"https:\/\/www.technodompro.com\/index.php\/produkt\/akce-absolute-zavesne-wc-rimless-s-podomitkovou-nadrzkou-a-tlacitkem-schwab-bila-10ab02002-set5-27115\/\" \/>\n<meta property=\"og:image\" content=\"https:\/\/www.technodompro.com\/wp-content\/uploads\/2026\/SK0012248-CZ20260425-093631-0-1777080994-266368-2_10ab02002-set5-274482769953433.webp\" \/>\n\t<meta property=\"og:image:width\" content=\"1000\" \/>\n\t<meta property=\"og:image:height\" content=\"750\" \/>\n\t<meta property=\"og:image:type\" content=\"image\/webp\" \/>\n<meta name=\"twitter:card\" content=\"summary_large_image\" \/>\n<meta name=\"twitter:label1\" content=\"Odhadovan\u00e1 doba \u010dten\u00ed\" \/>\n\t<meta name=\"twitter:data1\" content=\"1 minuta\" \/>\n<script type=\"application\/ld+json\" class=\"yoast-schema-graph\">{\"@context\":\"https:\/\/schema.org\",\"@graph\":[{\"@type\":\"WebPage\",\"@id\":\"https:\/\/www.technodompro.com\/index.php\/produkt\/akce-absolute-zavesne-wc-rimless-s-podomitkovou-nadrzkou-a-tlacitkem-schwab-bila-10ab02002-set5-27115\/\",\"url\":\"https:\/\/www.technodompro.com\/index.php\/produkt\/akce-absolute-zavesne-wc-rimless-s-podomitkovou-nadrzkou-a-tlacitkem-schwab-bila-10ab02002-set5-27115\/\",\"name\":\"Akce ABSOLUTE z\u00e1v\u011bsn\u00e9 WC Rimless s podom\u00edtkovou n\u00e1dr\u017ekou a tla\u010d\u00edtkem Schwab, b\u00edl\u00e1 10AB02002-SET5 -\",\"isPartOf\":{\"@id\":\"https:\/\/www.technodompro.com\/#website\"},\"primaryImageOfPage\":{\"@id\":\"https:\/\/www.technodompro.com\/index.php\/produkt\/akce-absolute-zavesne-wc-rimless-s-podomitkovou-nadrzkou-a-tlacitkem-schwab-bila-10ab02002-set5-27115\/#primaryimage\"},\"image\":{\"@id\":\"https:\/\/www.technodompro.com\/index.php\/produkt\/akce-absolute-zavesne-wc-rimless-s-podomitkovou-nadrzkou-a-tlacitkem-schwab-bila-10ab02002-set5-27115\/#primaryimage\"},\"thumbnailUrl\":\"https:\/\/www.technodompro.com\/wp-content\/uploads\/2026\/SK0012248-CZ20260425-093631-0-1777080994-266368-2_10ab02002-set5-274482769953433.webp\",\"datePublished\":\"2026-04-27T04:41:40+00:00\",\"breadcrumb\":{\"@id\":\"https:\/\/www.technodompro.com\/index.php\/produkt\/akce-absolute-zavesne-wc-rimless-s-podomitkovou-nadrzkou-a-tlacitkem-schwab-bila-10ab02002-set5-27115\/#breadcrumb\"},\"inLanguage\":\"cs\",\"potentialAction\":[{\"@type\":\"ReadAction\",\"target\":[\"https:\/\/www.technodompro.com\/index.php\/produkt\/akce-absolute-zavesne-wc-rimless-s-podomitkovou-nadrzkou-a-tlacitkem-schwab-bila-10ab02002-set5-27115\/\"]}]},{\"@type\":\"ImageObject\",\"inLanguage\":\"cs\",\"@id\":\"https:\/\/www.technodompro.com\/index.php\/produkt\/akce-absolute-zavesne-wc-rimless-s-podomitkovou-nadrzkou-a-tlacitkem-schwab-bila-10ab02002-set5-27115\/#primaryimage\",\"url\":\"https:\/\/www.technodompro.com\/wp-content\/uploads\/2026\/SK0012248-CZ20260425-093631-0-1777080994-266368-2_10ab02002-set5-274482769953433.webp\",\"contentUrl\":\"https:\/\/www.technodompro.com\/wp-content\/uploads\/2026\/SK0012248-CZ20260425-093631-0-1777080994-266368-2_10ab02002-set5-274482769953433.webp\",\"width\":1000,\"height\":750},{\"@type\":\"BreadcrumbList\",\"@id\":\"https:\/\/www.technodompro.com\/index.php\/produkt\/akce-absolute-zavesne-wc-rimless-s-podomitkovou-nadrzkou-a-tlacitkem-schwab-bila-10ab02002-set5-27115\/#breadcrumb\",\"itemListElement\":[{\"@type\":\"ListItem\",\"position\":1,\"name\":\"Home\",\"item\":\"https:\/\/www.technodompro.com\/\"},{\"@type\":\"ListItem\",\"position\":2,\"name\":\"Products\",\"item\":\"https:\/\/www.technodompro.com\/index.php\/products\/\"},{\"@type\":\"ListItem\",\"position\":3,\"name\":\"Akce ABSOLUTE z\u00e1v\u011bsn\u00e9 WC Rimless s podom\u00edtkovou n\u00e1dr\u017ekou a tla\u010d\u00edtkem Schwab, b\u00edl\u00e1 10AB02002-SET5\"}]},{\"@type\":\"WebSite\",\"@id\":\"https:\/\/www.technodompro.com\/#website\",\"url\":\"https:\/\/www.technodompro.com\/\",\"name\":\"\",\"description\":\"\",\"potentialAction\":[{\"@type\":\"SearchAction\",\"target\":{\"@type\":\"EntryPoint\",\"urlTemplate\":\"https:\/\/www.technodompro.com\/?s={search_term_string}\"},\"query-input\":{\"@type\":\"PropertyValueSpecification\",\"valueRequired\":true,\"valueName\":\"search_term_string\"}}],\"inLanguage\":\"cs\"}]}<\/script>\n<!-- \/ Yoast SEO plugin. -->","yoast_head_json":{"title":"Akce ABSOLUTE z\u00e1v\u011bsn\u00e9 WC Rimless s podom\u00edtkovou n\u00e1dr\u017ekou a tla\u010d\u00edtkem Schwab, b\u00edl\u00e1 10AB02002-SET5 -","robots":{"index":"index","follow":"follow","max-snippet":"max-snippet:-1","max-image-preview":"max-image-preview:large","max-video-preview":"max-video-preview:-1"},"canonical":"https:\/\/www.technodompro.com\/index.php\/produkt\/akce-absolute-zavesne-wc-rimless-s-podomitkovou-nadrzkou-a-tlacitkem-schwab-bila-10ab02002-set5-27115\/","og_locale":"cs_CZ","og_type":"article","og_title":"Akce ABSOLUTE z\u00e1v\u011bsn\u00e9 WC Rimless s podom\u00edtkovou n\u00e1dr\u017ekou a tla\u010d\u00edtkem Schwab, b\u00edl\u00e1 10AB02002-SET5 -","og_description":"Detailn\u00ed popis produktu Vlastnosti Rozm\u011br 34,7&#215;50 cm \u0160\u00ed\u0159ka 347&nbsp;mm Hloubka 500&nbsp;mm Barva B\u00edl\u00e1 Materi\u00e1l Keramika Technologie splachov\u00e1n\u00ed Rimless Objem splachovac\u00ed vody 3,5 l \/ 5 l Tvar Klasik Ostatn\u00ed WC set Hmotnost \/ ks 46.5500&nbsp;kg Balen\u00ed 5&nbsp;ks EAN 8590913928192 Z\u00e1ruka 2 roky Technologie splachov\u00e1n\u00ed Rimless Rimless (NoRim) \u2013 toalety bez tradi\u010dn\u00edho oplachov\u00e9ho kruhu. Hladk\u00fd povrch [&hellip;]","og_url":"https:\/\/www.technodompro.com\/index.php\/produkt\/akce-absolute-zavesne-wc-rimless-s-podomitkovou-nadrzkou-a-tlacitkem-schwab-bila-10ab02002-set5-27115\/","og_image":[{"width":1000,"height":750,"url":"https:\/\/www.technodompro.com\/wp-content\/uploads\/2026\/SK0012248-CZ20260425-093631-0-1777080994-266368-2_10ab02002-set5-274482769953433.webp","type":"image\/webp"}],"twitter_card":"summary_large_image","twitter_misc":{"Odhadovan\u00e1 doba \u010dten\u00ed":"1 minuta"},"schema":{"@context":"https:\/\/schema.org","@graph":[{"@type":"WebPage","@id":"https:\/\/www.technodompro.com\/index.php\/produkt\/akce-absolute-zavesne-wc-rimless-s-podomitkovou-nadrzkou-a-tlacitkem-schwab-bila-10ab02002-set5-27115\/","url":"https:\/\/www.technodompro.com\/index.php\/produkt\/akce-absolute-zavesne-wc-rimless-s-podomitkovou-nadrzkou-a-tlacitkem-schwab-bila-10ab02002-set5-27115\/","name":"Akce ABSOLUTE z\u00e1v\u011bsn\u00e9 WC Rimless s podom\u00edtkovou n\u00e1dr\u017ekou a tla\u010d\u00edtkem Schwab, b\u00edl\u00e1 10AB02002-SET5 -","isPartOf":{"@id":"https:\/\/www.technodompro.com\/#website"},"primaryImageOfPage":{"@id":"https:\/\/www.technodompro.com\/index.php\/produkt\/akce-absolute-zavesne-wc-rimless-s-podomitkovou-nadrzkou-a-tlacitkem-schwab-bila-10ab02002-set5-27115\/#primaryimage"},"image":{"@id":"https:\/\/www.technodompro.com\/index.php\/produkt\/akce-absolute-zavesne-wc-rimless-s-podomitkovou-nadrzkou-a-tlacitkem-schwab-bila-10ab02002-set5-27115\/#primaryimage"},"thumbnailUrl":"https:\/\/www.technodompro.com\/wp-content\/uploads\/2026\/SK0012248-CZ20260425-093631-0-1777080994-266368-2_10ab02002-set5-274482769953433.webp","datePublished":"2026-04-27T04:41:40+00:00","breadcrumb":{"@id":"https:\/\/www.technodompro.com\/index.php\/produkt\/akce-absolute-zavesne-wc-rimless-s-podomitkovou-nadrzkou-a-tlacitkem-schwab-bila-10ab02002-set5-27115\/#breadcrumb"},"inLanguage":"cs","potentialAction":[{"@type":"ReadAction","target":["https:\/\/www.technodompro.com\/index.php\/produkt\/akce-absolute-zavesne-wc-rimless-s-podomitkovou-nadrzkou-a-tlacitkem-schwab-bila-10ab02002-set5-27115\/"]}]},{"@type":"ImageObject","inLanguage":"cs","@id":"https:\/\/www.technodompro.com\/index.php\/produkt\/akce-absolute-zavesne-wc-rimless-s-podomitkovou-nadrzkou-a-tlacitkem-schwab-bila-10ab02002-set5-27115\/#primaryimage","url":"https:\/\/www.technodompro.com\/wp-content\/uploads\/2026\/SK0012248-CZ20260425-093631-0-1777080994-266368-2_10ab02002-set5-274482769953433.webp","contentUrl":"https:\/\/www.technodompro.com\/wp-content\/uploads\/2026\/SK0012248-CZ20260425-093631-0-1777080994-266368-2_10ab02002-set5-274482769953433.webp","width":1000,"height":750},{"@type":"BreadcrumbList","@id":"https:\/\/www.technodompro.com\/index.php\/produkt\/akce-absolute-zavesne-wc-rimless-s-podomitkovou-nadrzkou-a-tlacitkem-schwab-bila-10ab02002-set5-27115\/#breadcrumb","itemListElement":[{"@type":"ListItem","position":1,"name":"Home","item":"https:\/\/www.technodompro.com\/"},{"@type":"ListItem","position":2,"name":"Products","item":"https:\/\/www.technodompro.com\/index.php\/products\/"},{"@type":"ListItem","position":3,"name":"Akce ABSOLUTE z\u00e1v\u011bsn\u00e9 WC Rimless s podom\u00edtkovou n\u00e1dr\u017ekou a tla\u010d\u00edtkem Schwab, b\u00edl\u00e1 10AB02002-SET5"}]},{"@type":"WebSite","@id":"https:\/\/www.technodompro.com\/#website","url":"https:\/\/www.technodompro.com\/","name":"","description":"","potentialAction":[{"@type":"SearchAction","target":{"@type":"EntryPoint","urlTemplate":"https:\/\/www.technodompro.com\/?s={search_term_string}"},"query-input":{"@type":"PropertyValueSpecification","valueRequired":true,"valueName":"search_term_string"}}],"inLanguage":"cs"}]}},"_links":{"self":[{"href":"https:\/\/www.technodompro.com\/index.php\/wp-json\/wp\/v2\/product\/27115","targetHints":{"allow":["GET"]}}],"collection":[{"href":"https:\/\/www.technodompro.com\/index.php\/wp-json\/wp\/v2\/product"}],"about":[{"href":"https:\/\/www.technodompro.com\/index.php\/wp-json\/wp\/v2\/types\/product"}],"replies":[{"embeddable":true,"href":"https:\/\/www.technodompro.com\/index.php\/wp-json\/wp\/v2\/comments?post=27115"}],"wp:featuredmedia":[{"embeddable":true,"href":"https:\/\/www.technodompro.com\/index.php\/wp-json\/wp\/v2\/media\/27215"}],"wp:attachment":[{"href":"https:\/\/www.technodompro.com\/index.php\/wp-json\/wp\/v2\/media?parent=27115"}],"wp:term":[{"taxonomy":"product_brand","embeddable":true,"href":"https:\/\/www.technodompro.com\/index.php\/wp-json\/wp\/v2\/product_brand?post=27115"},{"taxonomy":"product_cat","embeddable":true,"href":"https:\/\/www.technodompro.com\/index.php\/wp-json\/wp\/v2\/product_cat?post=27115"},{"taxonomy":"product_tag","embeddable":true,"href":"https:\/\/www.technodompro.com\/index.php\/wp-json\/wp\/v2\/product_tag?post=27115"}],"curies":[{"name":"wp","href":"https:\/\/api.w.org\/{rel}","templated":true}]}}