{"id":27117,"date":"2026-04-27T04:41:40","date_gmt":"2026-04-27T04:41:40","guid":{"rendered":""},"modified":"2026-04-27T04:41:40","modified_gmt":"2026-04-27T04:41:40","slug":"zavesne-wc-paula-s-podomitkovou-nadrzkou-a-tlacitkem-schwab-cerna-mat-tp325-51sm-set5-nejlepsi-cena-27117","status":"publish","type":"product","link":"https:\/\/www.technodompro.com\/index.php\/produkt\/zavesne-wc-paula-s-podomitkovou-nadrzkou-a-tlacitkem-schwab-cerna-mat-tp325-51sm-set5-nejlepsi-cena-27117\/","title":{"rendered":"Z\u00e1v\u011bsn\u00e9 WC PAULA s podom\u00edtkovou n\u00e1dr\u017ekou a tla\u010d\u00edtkem Schwab, \u010dern\u00e1 mat TP325-51SM-SET5 Nejlep\u0161\u00ed Cena"},"content":{"rendered":"<div class=\"basic-description\">\n<h3>Detailn\u00ed popis produktu<\/h3>\n<p><\/p>\n<h2 class=\"props-title\">Vlastnosti<\/h2>\n<table>\n<tr>\n<th>Rozm\u011br<\/th>\n<td>35,5&#215;50 cm<\/td>\n<\/tr>\n<tr>\n<th>\u0160\u00ed\u0159ka<\/th>\n<td>355&nbsp;mm<\/td>\n<\/tr>\n<tr>\n<th>Hloubka<\/th>\n<td>500&nbsp;mm<\/td>\n<\/tr>\n<tr>\n<th>Barva<\/th>\n<td>\u010cern\u00e1<\/td>\n<\/tr>\n<tr>\n<th>Materi\u00e1l<\/th>\n<td>Keramika<\/td>\n<\/tr>\n<tr>\n<th>Technologie splachov\u00e1n\u00ed<\/th>\n<td>Standard<\/td>\n<\/tr>\n<tr>\n<th>Objem splachovac\u00ed vody<\/th>\n<td>4 l \/ 6 l<\/td>\n<\/tr>\n<tr>\n<th>Tvar<\/th>\n<td>Klasik<\/td>\n<\/tr>\n<tr>\n<th>Ostatn\u00ed<\/th>\n<td>WC set<\/td>\n<\/tr>\n<tr>\n<th>Hmotnost \/ ks<\/th>\n<td>44.0500&nbsp;kg<\/td>\n<\/tr>\n<tr>\n<th>Balen\u00ed<\/th>\n<td>5&nbsp;ks<\/td>\n<\/tr>\n<tr>\n<th>EAN<\/th>\n<td>8590913928215<\/td>\n<\/tr>\n<tr>\n<th>Z\u00e1ruka<\/th>\n<td>2 roky<\/td>\n<\/tr>\n<\/table>\n<p>   Upozorn\u011bn\u00ed pro z\u00e1kazn\u00edky ke koupi produkt\u016f na objedn\u00e1n\u00ed: Toto zbo\u017e\u00ed nen\u00ed standardn\u00edm s\u00e9riov\u00fdm v\u00fdrobkem. Bude vyrobeno na p\u0159\u00e1n\u00ed z\u00e1kazn\u00edka a proto jej nelze dodavateli v z\u00e1konn\u00e9 lh\u016ft\u011b vr\u00e1tit. (viz \u00a71837 odst.d, ob\u010dansk\u00e9ho z\u00e1kon\u00edku). V tomto p\u0159\u00edpad\u011b m\u016f\u017eeme po\u017eadovat nevratnou z\u00e1lohu a\u017e do v\u00fd\u0161e 100 % z ceny v\u00fdrobku.                            <\/p><\/div>\n","protected":false},"excerpt":{"rendered":"<p>Detailn\u00ed popis produktu Vlastnosti Rozm\u011br 35,5&#215;50 cm \u0160\u00ed\u0159ka 355&nbsp;mm Hloubka 500&nbsp;mm Barva \u010cern\u00e1 Materi\u00e1l Keramika Technologie splachov\u00e1n\u00ed Standard Objem splachovac\u00ed vody 4 l \/ 6 l Tvar Klasik Ostatn\u00ed WC set Hmotnost \/ ks 44.0500&nbsp;kg Balen\u00ed 5&nbsp;ks EAN 8590913928215 Z\u00e1ruka 2 roky Upozorn\u011bn\u00ed pro z\u00e1kazn\u00edky ke koupi produkt\u016f na objedn\u00e1n\u00ed: Toto zbo\u017e\u00ed nen\u00ed standardn\u00edm s\u00e9riov\u00fdm [&hellip;]<\/p>\n","protected":false},"featured_media":27217,"comment_status":"open","ping_status":"open","template":"","meta":[],"product_brand":[],"product_cat":[101],"product_tag":[],"class_list":{"0":"post-27117","1":"product","2":"type-product","3":"status-publish","4":"has-post-thumbnail","6":"product_cat-wc","8":"first","9":"instock","10":"sale","11":"shipping-taxable","12":"purchasable","13":"product-type-simple"},"yoast_head":"<!-- This site is optimized with the Yoast SEO plugin v26.8 - https:\/\/yoast.com\/product\/yoast-seo-wordpress\/ -->\n<title>Z\u00e1v\u011bsn\u00e9 WC PAULA s podom\u00edtkovou n\u00e1dr\u017ekou a tla\u010d\u00edtkem Schwab, \u010dern\u00e1 mat TP325-51SM-SET5 Nejlep\u0161\u00ed Cena -<\/title>\n<meta name=\"robots\" content=\"index, follow, max-snippet:-1, max-image-preview:large, max-video-preview:-1\" \/>\n<link rel=\"canonical\" href=\"https:\/\/www.technodompro.com\/index.php\/produkt\/zavesne-wc-paula-s-podomitkovou-nadrzkou-a-tlacitkem-schwab-cerna-mat-tp325-51sm-set5-nejlepsi-cena-27117\/\" \/>\n<meta property=\"og:locale\" content=\"cs_CZ\" \/>\n<meta property=\"og:type\" content=\"article\" \/>\n<meta property=\"og:title\" content=\"Z\u00e1v\u011bsn\u00e9 WC PAULA s podom\u00edtkovou n\u00e1dr\u017ekou a tla\u010d\u00edtkem Schwab, \u010dern\u00e1 mat TP325-51SM-SET5 Nejlep\u0161\u00ed Cena -\" \/>\n<meta property=\"og:description\" content=\"Detailn\u00ed popis produktu Vlastnosti Rozm\u011br 35,5&#215;50 cm \u0160\u00ed\u0159ka 355&nbsp;mm Hloubka 500&nbsp;mm Barva \u010cern\u00e1 Materi\u00e1l Keramika Technologie splachov\u00e1n\u00ed Standard Objem splachovac\u00ed vody 4 l \/ 6 l Tvar Klasik Ostatn\u00ed WC set Hmotnost \/ ks 44.0500&nbsp;kg Balen\u00ed 5&nbsp;ks EAN 8590913928215 Z\u00e1ruka 2 roky Upozorn\u011bn\u00ed pro z\u00e1kazn\u00edky ke koupi produkt\u016f na objedn\u00e1n\u00ed: Toto zbo\u017e\u00ed nen\u00ed standardn\u00edm s\u00e9riov\u00fdm [&hellip;]\" \/>\n<meta property=\"og:url\" content=\"https:\/\/www.technodompro.com\/index.php\/produkt\/zavesne-wc-paula-s-podomitkovou-nadrzkou-a-tlacitkem-schwab-cerna-mat-tp325-51sm-set5-nejlepsi-cena-27117\/\" \/>\n<meta property=\"og:image\" content=\"https:\/\/www.technodompro.com\/wp-content\/uploads\/2026\/SK0012250-CZ20260425-093631-0-1777080994-266374_tp325-51sm-set5-189347928214513.webp\" \/>\n\t<meta property=\"og:image:width\" content=\"1000\" \/>\n\t<meta property=\"og:image:height\" content=\"750\" \/>\n\t<meta property=\"og:image:type\" content=\"image\/webp\" \/>\n<meta name=\"twitter:card\" content=\"summary_large_image\" \/>\n<meta name=\"twitter:label1\" content=\"Odhadovan\u00e1 doba \u010dten\u00ed\" \/>\n\t<meta name=\"twitter:data1\" content=\"1 minuta\" \/>\n<script type=\"application\/ld+json\" class=\"yoast-schema-graph\">{\"@context\":\"https:\/\/schema.org\",\"@graph\":[{\"@type\":\"WebPage\",\"@id\":\"https:\/\/www.technodompro.com\/index.php\/produkt\/zavesne-wc-paula-s-podomitkovou-nadrzkou-a-tlacitkem-schwab-cerna-mat-tp325-51sm-set5-nejlepsi-cena-27117\/\",\"url\":\"https:\/\/www.technodompro.com\/index.php\/produkt\/zavesne-wc-paula-s-podomitkovou-nadrzkou-a-tlacitkem-schwab-cerna-mat-tp325-51sm-set5-nejlepsi-cena-27117\/\",\"name\":\"Z\u00e1v\u011bsn\u00e9 WC PAULA s podom\u00edtkovou n\u00e1dr\u017ekou a tla\u010d\u00edtkem Schwab, \u010dern\u00e1 mat TP325-51SM-SET5 Nejlep\u0161\u00ed Cena -\",\"isPartOf\":{\"@id\":\"https:\/\/www.technodompro.com\/#website\"},\"primaryImageOfPage\":{\"@id\":\"https:\/\/www.technodompro.com\/index.php\/produkt\/zavesne-wc-paula-s-podomitkovou-nadrzkou-a-tlacitkem-schwab-cerna-mat-tp325-51sm-set5-nejlepsi-cena-27117\/#primaryimage\"},\"image\":{\"@id\":\"https:\/\/www.technodompro.com\/index.php\/produkt\/zavesne-wc-paula-s-podomitkovou-nadrzkou-a-tlacitkem-schwab-cerna-mat-tp325-51sm-set5-nejlepsi-cena-27117\/#primaryimage\"},\"thumbnailUrl\":\"https:\/\/www.technodompro.com\/wp-content\/uploads\/2026\/SK0012250-CZ20260425-093631-0-1777080994-266374_tp325-51sm-set5-189347928214513.webp\",\"datePublished\":\"2026-04-27T04:41:40+00:00\",\"breadcrumb\":{\"@id\":\"https:\/\/www.technodompro.com\/index.php\/produkt\/zavesne-wc-paula-s-podomitkovou-nadrzkou-a-tlacitkem-schwab-cerna-mat-tp325-51sm-set5-nejlepsi-cena-27117\/#breadcrumb\"},\"inLanguage\":\"cs\",\"potentialAction\":[{\"@type\":\"ReadAction\",\"target\":[\"https:\/\/www.technodompro.com\/index.php\/produkt\/zavesne-wc-paula-s-podomitkovou-nadrzkou-a-tlacitkem-schwab-cerna-mat-tp325-51sm-set5-nejlepsi-cena-27117\/\"]}]},{\"@type\":\"ImageObject\",\"inLanguage\":\"cs\",\"@id\":\"https:\/\/www.technodompro.com\/index.php\/produkt\/zavesne-wc-paula-s-podomitkovou-nadrzkou-a-tlacitkem-schwab-cerna-mat-tp325-51sm-set5-nejlepsi-cena-27117\/#primaryimage\",\"url\":\"https:\/\/www.technodompro.com\/wp-content\/uploads\/2026\/SK0012250-CZ20260425-093631-0-1777080994-266374_tp325-51sm-set5-189347928214513.webp\",\"contentUrl\":\"https:\/\/www.technodompro.com\/wp-content\/uploads\/2026\/SK0012250-CZ20260425-093631-0-1777080994-266374_tp325-51sm-set5-189347928214513.webp\",\"width\":1000,\"height\":750},{\"@type\":\"BreadcrumbList\",\"@id\":\"https:\/\/www.technodompro.com\/index.php\/produkt\/zavesne-wc-paula-s-podomitkovou-nadrzkou-a-tlacitkem-schwab-cerna-mat-tp325-51sm-set5-nejlepsi-cena-27117\/#breadcrumb\",\"itemListElement\":[{\"@type\":\"ListItem\",\"position\":1,\"name\":\"Home\",\"item\":\"https:\/\/www.technodompro.com\/\"},{\"@type\":\"ListItem\",\"position\":2,\"name\":\"Products\",\"item\":\"https:\/\/www.technodompro.com\/index.php\/products\/\"},{\"@type\":\"ListItem\",\"position\":3,\"name\":\"Z\u00e1v\u011bsn\u00e9 WC PAULA s podom\u00edtkovou n\u00e1dr\u017ekou a tla\u010d\u00edtkem Schwab, \u010dern\u00e1 mat TP325-51SM-SET5 Nejlep\u0161\u00ed Cena\"}]},{\"@type\":\"WebSite\",\"@id\":\"https:\/\/www.technodompro.com\/#website\",\"url\":\"https:\/\/www.technodompro.com\/\",\"name\":\"\",\"description\":\"\",\"potentialAction\":[{\"@type\":\"SearchAction\",\"target\":{\"@type\":\"EntryPoint\",\"urlTemplate\":\"https:\/\/www.technodompro.com\/?s={search_term_string}\"},\"query-input\":{\"@type\":\"PropertyValueSpecification\",\"valueRequired\":true,\"valueName\":\"search_term_string\"}}],\"inLanguage\":\"cs\"}]}<\/script>\n<!-- \/ Yoast SEO plugin. -->","yoast_head_json":{"title":"Z\u00e1v\u011bsn\u00e9 WC PAULA s podom\u00edtkovou n\u00e1dr\u017ekou a tla\u010d\u00edtkem Schwab, \u010dern\u00e1 mat TP325-51SM-SET5 Nejlep\u0161\u00ed Cena -","robots":{"index":"index","follow":"follow","max-snippet":"max-snippet:-1","max-image-preview":"max-image-preview:large","max-video-preview":"max-video-preview:-1"},"canonical":"https:\/\/www.technodompro.com\/index.php\/produkt\/zavesne-wc-paula-s-podomitkovou-nadrzkou-a-tlacitkem-schwab-cerna-mat-tp325-51sm-set5-nejlepsi-cena-27117\/","og_locale":"cs_CZ","og_type":"article","og_title":"Z\u00e1v\u011bsn\u00e9 WC PAULA s podom\u00edtkovou n\u00e1dr\u017ekou a tla\u010d\u00edtkem Schwab, \u010dern\u00e1 mat TP325-51SM-SET5 Nejlep\u0161\u00ed Cena -","og_description":"Detailn\u00ed popis produktu Vlastnosti Rozm\u011br 35,5&#215;50 cm \u0160\u00ed\u0159ka 355&nbsp;mm Hloubka 500&nbsp;mm Barva \u010cern\u00e1 Materi\u00e1l Keramika Technologie splachov\u00e1n\u00ed Standard Objem splachovac\u00ed vody 4 l \/ 6 l Tvar Klasik Ostatn\u00ed WC set Hmotnost \/ ks 44.0500&nbsp;kg Balen\u00ed 5&nbsp;ks EAN 8590913928215 Z\u00e1ruka 2 roky Upozorn\u011bn\u00ed pro z\u00e1kazn\u00edky ke koupi produkt\u016f na objedn\u00e1n\u00ed: Toto zbo\u017e\u00ed nen\u00ed standardn\u00edm s\u00e9riov\u00fdm [&hellip;]","og_url":"https:\/\/www.technodompro.com\/index.php\/produkt\/zavesne-wc-paula-s-podomitkovou-nadrzkou-a-tlacitkem-schwab-cerna-mat-tp325-51sm-set5-nejlepsi-cena-27117\/","og_image":[{"width":1000,"height":750,"url":"https:\/\/www.technodompro.com\/wp-content\/uploads\/2026\/SK0012250-CZ20260425-093631-0-1777080994-266374_tp325-51sm-set5-189347928214513.webp","type":"image\/webp"}],"twitter_card":"summary_large_image","twitter_misc":{"Odhadovan\u00e1 doba \u010dten\u00ed":"1 minuta"},"schema":{"@context":"https:\/\/schema.org","@graph":[{"@type":"WebPage","@id":"https:\/\/www.technodompro.com\/index.php\/produkt\/zavesne-wc-paula-s-podomitkovou-nadrzkou-a-tlacitkem-schwab-cerna-mat-tp325-51sm-set5-nejlepsi-cena-27117\/","url":"https:\/\/www.technodompro.com\/index.php\/produkt\/zavesne-wc-paula-s-podomitkovou-nadrzkou-a-tlacitkem-schwab-cerna-mat-tp325-51sm-set5-nejlepsi-cena-27117\/","name":"Z\u00e1v\u011bsn\u00e9 WC PAULA s podom\u00edtkovou n\u00e1dr\u017ekou a tla\u010d\u00edtkem Schwab, \u010dern\u00e1 mat TP325-51SM-SET5 Nejlep\u0161\u00ed Cena -","isPartOf":{"@id":"https:\/\/www.technodompro.com\/#website"},"primaryImageOfPage":{"@id":"https:\/\/www.technodompro.com\/index.php\/produkt\/zavesne-wc-paula-s-podomitkovou-nadrzkou-a-tlacitkem-schwab-cerna-mat-tp325-51sm-set5-nejlepsi-cena-27117\/#primaryimage"},"image":{"@id":"https:\/\/www.technodompro.com\/index.php\/produkt\/zavesne-wc-paula-s-podomitkovou-nadrzkou-a-tlacitkem-schwab-cerna-mat-tp325-51sm-set5-nejlepsi-cena-27117\/#primaryimage"},"thumbnailUrl":"https:\/\/www.technodompro.com\/wp-content\/uploads\/2026\/SK0012250-CZ20260425-093631-0-1777080994-266374_tp325-51sm-set5-189347928214513.webp","datePublished":"2026-04-27T04:41:40+00:00","breadcrumb":{"@id":"https:\/\/www.technodompro.com\/index.php\/produkt\/zavesne-wc-paula-s-podomitkovou-nadrzkou-a-tlacitkem-schwab-cerna-mat-tp325-51sm-set5-nejlepsi-cena-27117\/#breadcrumb"},"inLanguage":"cs","potentialAction":[{"@type":"ReadAction","target":["https:\/\/www.technodompro.com\/index.php\/produkt\/zavesne-wc-paula-s-podomitkovou-nadrzkou-a-tlacitkem-schwab-cerna-mat-tp325-51sm-set5-nejlepsi-cena-27117\/"]}]},{"@type":"ImageObject","inLanguage":"cs","@id":"https:\/\/www.technodompro.com\/index.php\/produkt\/zavesne-wc-paula-s-podomitkovou-nadrzkou-a-tlacitkem-schwab-cerna-mat-tp325-51sm-set5-nejlepsi-cena-27117\/#primaryimage","url":"https:\/\/www.technodompro.com\/wp-content\/uploads\/2026\/SK0012250-CZ20260425-093631-0-1777080994-266374_tp325-51sm-set5-189347928214513.webp","contentUrl":"https:\/\/www.technodompro.com\/wp-content\/uploads\/2026\/SK0012250-CZ20260425-093631-0-1777080994-266374_tp325-51sm-set5-189347928214513.webp","width":1000,"height":750},{"@type":"BreadcrumbList","@id":"https:\/\/www.technodompro.com\/index.php\/produkt\/zavesne-wc-paula-s-podomitkovou-nadrzkou-a-tlacitkem-schwab-cerna-mat-tp325-51sm-set5-nejlepsi-cena-27117\/#breadcrumb","itemListElement":[{"@type":"ListItem","position":1,"name":"Home","item":"https:\/\/www.technodompro.com\/"},{"@type":"ListItem","position":2,"name":"Products","item":"https:\/\/www.technodompro.com\/index.php\/products\/"},{"@type":"ListItem","position":3,"name":"Z\u00e1v\u011bsn\u00e9 WC PAULA s podom\u00edtkovou n\u00e1dr\u017ekou a tla\u010d\u00edtkem Schwab, \u010dern\u00e1 mat TP325-51SM-SET5 Nejlep\u0161\u00ed Cena"}]},{"@type":"WebSite","@id":"https:\/\/www.technodompro.com\/#website","url":"https:\/\/www.technodompro.com\/","name":"","description":"","potentialAction":[{"@type":"SearchAction","target":{"@type":"EntryPoint","urlTemplate":"https:\/\/www.technodompro.com\/?s={search_term_string}"},"query-input":{"@type":"PropertyValueSpecification","valueRequired":true,"valueName":"search_term_string"}}],"inLanguage":"cs"}]}},"_links":{"self":[{"href":"https:\/\/www.technodompro.com\/index.php\/wp-json\/wp\/v2\/product\/27117","targetHints":{"allow":["GET"]}}],"collection":[{"href":"https:\/\/www.technodompro.com\/index.php\/wp-json\/wp\/v2\/product"}],"about":[{"href":"https:\/\/www.technodompro.com\/index.php\/wp-json\/wp\/v2\/types\/product"}],"replies":[{"embeddable":true,"href":"https:\/\/www.technodompro.com\/index.php\/wp-json\/wp\/v2\/comments?post=27117"}],"wp:featuredmedia":[{"embeddable":true,"href":"https:\/\/www.technodompro.com\/index.php\/wp-json\/wp\/v2\/media\/27217"}],"wp:attachment":[{"href":"https:\/\/www.technodompro.com\/index.php\/wp-json\/wp\/v2\/media?parent=27117"}],"wp:term":[{"taxonomy":"product_brand","embeddable":true,"href":"https:\/\/www.technodompro.com\/index.php\/wp-json\/wp\/v2\/product_brand?post=27117"},{"taxonomy":"product_cat","embeddable":true,"href":"https:\/\/www.technodompro.com\/index.php\/wp-json\/wp\/v2\/product_cat?post=27117"},{"taxonomy":"product_tag","embeddable":true,"href":"https:\/\/www.technodompro.com\/index.php\/wp-json\/wp\/v2\/product_tag?post=27117"}],"curies":[{"name":"wp","href":"https:\/\/api.w.org\/{rel}","templated":true}]}}