{"id":27151,"date":"2026-04-27T04:41:40","date_gmt":"2026-04-27T04:41:40","guid":{"rendered":""},"modified":"2026-04-27T04:41:40","modified_gmt":"2026-04-27T04:41:40","slug":"nejlepsi-cena-sapho-smart-police-252x86x102mm-bila-2419-02-27151","status":"publish","type":"product","link":"https:\/\/www.technodompro.com\/index.php\/produkt\/nejlepsi-cena-sapho-smart-police-252x86x102mm-bila-2419-02-27151\/","title":{"rendered":"Nejlep\u0161\u00ed Cena Sapho SMART police, 252x86x102mm, b\u00edl\u00e1 2419-02"},"content":{"rendered":"<div class=\"basic-description\">\n<h3>Detailn\u00ed popis produktu<\/h3>\n<p><\/p>\n<p style=\"text-align: justify;\">Se s\u00e9ri\u00ed SMART budete m\u00edt v\u017edy po ruce v\u0161e, co pot\u0159ebujete. Dopl\u0148ky jsou vyrobeny z materi\u00e1l\u016f, u kter\u00fdch je zaru\u010deno, \u017ee budou dlouhodob\u011b slou\u017eit k pln\u00e9 spokojenosti u\u017eivatele. Prodlou\u017een\u00e1 z\u00e1ruka je toho d\u016fkazem. A\u0165 ji\u017e p\u0159i ve\u010dern\u00edm sprchov\u00e1n\u00ed nebo p\u0159i rann\u00ed hygien\u011b, dr\u00e1t\u011bn\u00e9 dopl\u0148ky SMART v\u017edy dob\u0159e poslou\u017e\u00ed.<\/p>\n<h2 class=\"props-title\">Vlastnosti<\/h2>\n<table>\n<tr>\n<th>Zna\u010dka<\/th>\n<td>GEDY<\/td>\n<\/tr>\n<tr>\n<th>S\u00e9rie<\/th>\n<td>SMART<\/td>\n<\/tr>\n<tr>\n<th>3D model<\/th>\n<td>ANO<\/td>\n<\/tr>\n<tr>\n<th>Rozm\u011br<\/th>\n<td>252x86x102 mm<\/td>\n<\/tr>\n<tr>\n<th>D\u00e9lka<\/th>\n<td>252&nbsp;mm<\/td>\n<\/tr>\n<tr>\n<th>\u0160\u00ed\u0159ka<\/th>\n<td>252&nbsp;mm<\/td>\n<\/tr>\n<tr>\n<th>V\u00fd\u0161ka<\/th>\n<td>86&nbsp;mm<\/td>\n<\/tr>\n<tr>\n<th>Hloubka<\/th>\n<td>102&nbsp;mm<\/td>\n<\/tr>\n<tr>\n<th>Barva<\/th>\n<td>B\u00edl\u00e1<\/td>\n<\/tr>\n<tr>\n<th>Materi\u00e1l<\/th>\n<td>Nerez<\/td>\n<\/tr>\n<tr>\n<th>Tvar<\/th>\n<td>Dr\u00e1t\u011bn\u00e9<\/td>\n<\/tr>\n<tr>\n<th>Druh<\/th>\n<td>Poli\u010dka<\/td>\n<\/tr>\n<tr>\n<th>Instalace<\/th>\n<td>Vrt\u00e1n\u00ed<\/td>\n<\/tr>\n<tr>\n<th>Hmotnost \/ ks<\/th>\n<td>0.5520&nbsp;kg<\/td>\n<\/tr>\n<tr>\n<th>Balen\u00ed<\/th>\n<td>1&nbsp;ks<\/td>\n<\/tr>\n<tr>\n<th>EAN<\/th>\n<td>8003341303382<\/td>\n<\/tr>\n<tr>\n<th>Taric<\/th>\n<td>74182000<\/td>\n<\/tr>\n<tr>\n<th>Z\u00e1ruka<\/th>\n<td>10 let<\/td>\n<\/tr>\n<\/table>\n<p>   Upozorn\u011bn\u00ed pro z\u00e1kazn\u00edky ke koupi produkt\u016f na objedn\u00e1n\u00ed: Toto zbo\u017e\u00ed nen\u00ed standardn\u00edm s\u00e9riov\u00fdm v\u00fdrobkem. Bude vyrobeno na p\u0159\u00e1n\u00ed z\u00e1kazn\u00edka a proto jej nelze dodavateli v z\u00e1konn\u00e9 lh\u016ft\u011b vr\u00e1tit. (viz \u00a71837 odst.d, ob\u010dansk\u00e9ho z\u00e1kon\u00edku). V tomto p\u0159\u00edpad\u011b m\u016f\u017eeme po\u017eadovat nevratnou z\u00e1lohu a\u017e do v\u00fd\u0161e 100 % z ceny v\u00fdrobku.                            <\/p><\/div>\n","protected":false},"excerpt":{"rendered":"<p>Detailn\u00ed popis produktu Se s\u00e9ri\u00ed SMART budete m\u00edt v\u017edy po ruce v\u0161e, co pot\u0159ebujete. Dopl\u0148ky jsou vyrobeny z materi\u00e1l\u016f, u kter\u00fdch je zaru\u010deno, \u017ee budou dlouhodob\u011b slou\u017eit k pln\u00e9 spokojenosti u\u017eivatele. Prodlou\u017een\u00e1 z\u00e1ruka je toho d\u016fkazem. A\u0165 ji\u017e p\u0159i ve\u010dern\u00edm sprchov\u00e1n\u00ed nebo p\u0159i rann\u00ed hygien\u011b, dr\u00e1t\u011bn\u00e9 dopl\u0148ky SMART v\u017edy dob\u0159e poslou\u017e\u00ed. Vlastnosti Zna\u010dka GEDY S\u00e9rie [&hellip;]<\/p>\n","protected":false},"featured_media":27251,"comment_status":"open","ping_status":"open","template":"","meta":[],"product_brand":[],"product_cat":[102],"product_tag":[],"class_list":{"0":"post-27151","1":"product","2":"type-product","3":"status-publish","4":"has-post-thumbnail","6":"product_cat-koupelnove-vybaveni","8":"first","9":"instock","10":"sale","11":"shipping-taxable","12":"purchasable","13":"product-type-simple"},"yoast_head":"<!-- This site is optimized with the Yoast SEO plugin v26.8 - https:\/\/yoast.com\/product\/yoast-seo-wordpress\/ -->\n<title>Nejlep\u0161\u00ed Cena Sapho SMART police, 252x86x102mm, b\u00edl\u00e1 2419-02 -<\/title>\n<meta name=\"robots\" content=\"index, follow, max-snippet:-1, max-image-preview:large, max-video-preview:-1\" \/>\n<link rel=\"canonical\" href=\"https:\/\/www.technodompro.com\/index.php\/produkt\/nejlepsi-cena-sapho-smart-police-252x86x102mm-bila-2419-02-27151\/\" \/>\n<meta property=\"og:locale\" content=\"cs_CZ\" \/>\n<meta property=\"og:type\" content=\"article\" \/>\n<meta property=\"og:title\" content=\"Nejlep\u0161\u00ed Cena Sapho SMART police, 252x86x102mm, b\u00edl\u00e1 2419-02 -\" \/>\n<meta property=\"og:description\" content=\"Detailn\u00ed popis produktu Se s\u00e9ri\u00ed SMART budete m\u00edt v\u017edy po ruce v\u0161e, co pot\u0159ebujete. Dopl\u0148ky jsou vyrobeny z materi\u00e1l\u016f, u kter\u00fdch je zaru\u010deno, \u017ee budou dlouhodob\u011b slou\u017eit k pln\u00e9 spokojenosti u\u017eivatele. Prodlou\u017een\u00e1 z\u00e1ruka je toho d\u016fkazem. A\u0165 ji\u017e p\u0159i ve\u010dern\u00edm sprchov\u00e1n\u00ed nebo p\u0159i rann\u00ed hygien\u011b, dr\u00e1t\u011bn\u00e9 dopl\u0148ky SMART v\u017edy dob\u0159e poslou\u017e\u00ed. Vlastnosti Zna\u010dka GEDY S\u00e9rie [&hellip;]\" \/>\n<meta property=\"og:url\" content=\"https:\/\/www.technodompro.com\/index.php\/produkt\/nejlepsi-cena-sapho-smart-police-252x86x102mm-bila-2419-02-27151\/\" \/>\n<meta property=\"og:image\" content=\"https:\/\/www.technodompro.com\/wp-content\/uploads\/2026\/SK0012286-CZ20260425-093631-0-1777080994-266509_sapho-smart-police--252x86x102mm--bila-2419-02.webp\" \/>\n\t<meta property=\"og:image:width\" content=\"1000\" \/>\n\t<meta property=\"og:image:height\" content=\"750\" \/>\n\t<meta property=\"og:image:type\" content=\"image\/webp\" \/>\n<meta name=\"twitter:card\" content=\"summary_large_image\" \/>\n<meta name=\"twitter:label1\" content=\"Odhadovan\u00e1 doba \u010dten\u00ed\" \/>\n\t<meta name=\"twitter:data1\" content=\"1 minuta\" \/>\n<script type=\"application\/ld+json\" class=\"yoast-schema-graph\">{\"@context\":\"https:\/\/schema.org\",\"@graph\":[{\"@type\":\"WebPage\",\"@id\":\"https:\/\/www.technodompro.com\/index.php\/produkt\/nejlepsi-cena-sapho-smart-police-252x86x102mm-bila-2419-02-27151\/\",\"url\":\"https:\/\/www.technodompro.com\/index.php\/produkt\/nejlepsi-cena-sapho-smart-police-252x86x102mm-bila-2419-02-27151\/\",\"name\":\"Nejlep\u0161\u00ed Cena Sapho SMART police, 252x86x102mm, b\u00edl\u00e1 2419-02 -\",\"isPartOf\":{\"@id\":\"https:\/\/www.technodompro.com\/#website\"},\"primaryImageOfPage\":{\"@id\":\"https:\/\/www.technodompro.com\/index.php\/produkt\/nejlepsi-cena-sapho-smart-police-252x86x102mm-bila-2419-02-27151\/#primaryimage\"},\"image\":{\"@id\":\"https:\/\/www.technodompro.com\/index.php\/produkt\/nejlepsi-cena-sapho-smart-police-252x86x102mm-bila-2419-02-27151\/#primaryimage\"},\"thumbnailUrl\":\"https:\/\/www.technodompro.com\/wp-content\/uploads\/2026\/SK0012286-CZ20260425-093631-0-1777080994-266509_sapho-smart-police--252x86x102mm--bila-2419-02.webp\",\"datePublished\":\"2026-04-27T04:41:40+00:00\",\"breadcrumb\":{\"@id\":\"https:\/\/www.technodompro.com\/index.php\/produkt\/nejlepsi-cena-sapho-smart-police-252x86x102mm-bila-2419-02-27151\/#breadcrumb\"},\"inLanguage\":\"cs\",\"potentialAction\":[{\"@type\":\"ReadAction\",\"target\":[\"https:\/\/www.technodompro.com\/index.php\/produkt\/nejlepsi-cena-sapho-smart-police-252x86x102mm-bila-2419-02-27151\/\"]}]},{\"@type\":\"ImageObject\",\"inLanguage\":\"cs\",\"@id\":\"https:\/\/www.technodompro.com\/index.php\/produkt\/nejlepsi-cena-sapho-smart-police-252x86x102mm-bila-2419-02-27151\/#primaryimage\",\"url\":\"https:\/\/www.technodompro.com\/wp-content\/uploads\/2026\/SK0012286-CZ20260425-093631-0-1777080994-266509_sapho-smart-police--252x86x102mm--bila-2419-02.webp\",\"contentUrl\":\"https:\/\/www.technodompro.com\/wp-content\/uploads\/2026\/SK0012286-CZ20260425-093631-0-1777080994-266509_sapho-smart-police--252x86x102mm--bila-2419-02.webp\",\"width\":1000,\"height\":750},{\"@type\":\"BreadcrumbList\",\"@id\":\"https:\/\/www.technodompro.com\/index.php\/produkt\/nejlepsi-cena-sapho-smart-police-252x86x102mm-bila-2419-02-27151\/#breadcrumb\",\"itemListElement\":[{\"@type\":\"ListItem\",\"position\":1,\"name\":\"Home\",\"item\":\"https:\/\/www.technodompro.com\/\"},{\"@type\":\"ListItem\",\"position\":2,\"name\":\"Products\",\"item\":\"https:\/\/www.technodompro.com\/index.php\/products\/\"},{\"@type\":\"ListItem\",\"position\":3,\"name\":\"Nejlep\u0161\u00ed Cena Sapho SMART police, 252x86x102mm, b\u00edl\u00e1 2419-02\"}]},{\"@type\":\"WebSite\",\"@id\":\"https:\/\/www.technodompro.com\/#website\",\"url\":\"https:\/\/www.technodompro.com\/\",\"name\":\"\",\"description\":\"\",\"potentialAction\":[{\"@type\":\"SearchAction\",\"target\":{\"@type\":\"EntryPoint\",\"urlTemplate\":\"https:\/\/www.technodompro.com\/?s={search_term_string}\"},\"query-input\":{\"@type\":\"PropertyValueSpecification\",\"valueRequired\":true,\"valueName\":\"search_term_string\"}}],\"inLanguage\":\"cs\"}]}<\/script>\n<!-- \/ Yoast SEO plugin. -->","yoast_head_json":{"title":"Nejlep\u0161\u00ed Cena Sapho SMART police, 252x86x102mm, b\u00edl\u00e1 2419-02 -","robots":{"index":"index","follow":"follow","max-snippet":"max-snippet:-1","max-image-preview":"max-image-preview:large","max-video-preview":"max-video-preview:-1"},"canonical":"https:\/\/www.technodompro.com\/index.php\/produkt\/nejlepsi-cena-sapho-smart-police-252x86x102mm-bila-2419-02-27151\/","og_locale":"cs_CZ","og_type":"article","og_title":"Nejlep\u0161\u00ed Cena Sapho SMART police, 252x86x102mm, b\u00edl\u00e1 2419-02 -","og_description":"Detailn\u00ed popis produktu Se s\u00e9ri\u00ed SMART budete m\u00edt v\u017edy po ruce v\u0161e, co pot\u0159ebujete. Dopl\u0148ky jsou vyrobeny z materi\u00e1l\u016f, u kter\u00fdch je zaru\u010deno, \u017ee budou dlouhodob\u011b slou\u017eit k pln\u00e9 spokojenosti u\u017eivatele. Prodlou\u017een\u00e1 z\u00e1ruka je toho d\u016fkazem. A\u0165 ji\u017e p\u0159i ve\u010dern\u00edm sprchov\u00e1n\u00ed nebo p\u0159i rann\u00ed hygien\u011b, dr\u00e1t\u011bn\u00e9 dopl\u0148ky SMART v\u017edy dob\u0159e poslou\u017e\u00ed. Vlastnosti Zna\u010dka GEDY S\u00e9rie [&hellip;]","og_url":"https:\/\/www.technodompro.com\/index.php\/produkt\/nejlepsi-cena-sapho-smart-police-252x86x102mm-bila-2419-02-27151\/","og_image":[{"width":1000,"height":750,"url":"https:\/\/www.technodompro.com\/wp-content\/uploads\/2026\/SK0012286-CZ20260425-093631-0-1777080994-266509_sapho-smart-police--252x86x102mm--bila-2419-02.webp","type":"image\/webp"}],"twitter_card":"summary_large_image","twitter_misc":{"Odhadovan\u00e1 doba \u010dten\u00ed":"1 minuta"},"schema":{"@context":"https:\/\/schema.org","@graph":[{"@type":"WebPage","@id":"https:\/\/www.technodompro.com\/index.php\/produkt\/nejlepsi-cena-sapho-smart-police-252x86x102mm-bila-2419-02-27151\/","url":"https:\/\/www.technodompro.com\/index.php\/produkt\/nejlepsi-cena-sapho-smart-police-252x86x102mm-bila-2419-02-27151\/","name":"Nejlep\u0161\u00ed Cena Sapho SMART police, 252x86x102mm, b\u00edl\u00e1 2419-02 -","isPartOf":{"@id":"https:\/\/www.technodompro.com\/#website"},"primaryImageOfPage":{"@id":"https:\/\/www.technodompro.com\/index.php\/produkt\/nejlepsi-cena-sapho-smart-police-252x86x102mm-bila-2419-02-27151\/#primaryimage"},"image":{"@id":"https:\/\/www.technodompro.com\/index.php\/produkt\/nejlepsi-cena-sapho-smart-police-252x86x102mm-bila-2419-02-27151\/#primaryimage"},"thumbnailUrl":"https:\/\/www.technodompro.com\/wp-content\/uploads\/2026\/SK0012286-CZ20260425-093631-0-1777080994-266509_sapho-smart-police--252x86x102mm--bila-2419-02.webp","datePublished":"2026-04-27T04:41:40+00:00","breadcrumb":{"@id":"https:\/\/www.technodompro.com\/index.php\/produkt\/nejlepsi-cena-sapho-smart-police-252x86x102mm-bila-2419-02-27151\/#breadcrumb"},"inLanguage":"cs","potentialAction":[{"@type":"ReadAction","target":["https:\/\/www.technodompro.com\/index.php\/produkt\/nejlepsi-cena-sapho-smart-police-252x86x102mm-bila-2419-02-27151\/"]}]},{"@type":"ImageObject","inLanguage":"cs","@id":"https:\/\/www.technodompro.com\/index.php\/produkt\/nejlepsi-cena-sapho-smart-police-252x86x102mm-bila-2419-02-27151\/#primaryimage","url":"https:\/\/www.technodompro.com\/wp-content\/uploads\/2026\/SK0012286-CZ20260425-093631-0-1777080994-266509_sapho-smart-police--252x86x102mm--bila-2419-02.webp","contentUrl":"https:\/\/www.technodompro.com\/wp-content\/uploads\/2026\/SK0012286-CZ20260425-093631-0-1777080994-266509_sapho-smart-police--252x86x102mm--bila-2419-02.webp","width":1000,"height":750},{"@type":"BreadcrumbList","@id":"https:\/\/www.technodompro.com\/index.php\/produkt\/nejlepsi-cena-sapho-smart-police-252x86x102mm-bila-2419-02-27151\/#breadcrumb","itemListElement":[{"@type":"ListItem","position":1,"name":"Home","item":"https:\/\/www.technodompro.com\/"},{"@type":"ListItem","position":2,"name":"Products","item":"https:\/\/www.technodompro.com\/index.php\/products\/"},{"@type":"ListItem","position":3,"name":"Nejlep\u0161\u00ed Cena Sapho SMART police, 252x86x102mm, b\u00edl\u00e1 2419-02"}]},{"@type":"WebSite","@id":"https:\/\/www.technodompro.com\/#website","url":"https:\/\/www.technodompro.com\/","name":"","description":"","potentialAction":[{"@type":"SearchAction","target":{"@type":"EntryPoint","urlTemplate":"https:\/\/www.technodompro.com\/?s={search_term_string}"},"query-input":{"@type":"PropertyValueSpecification","valueRequired":true,"valueName":"search_term_string"}}],"inLanguage":"cs"}]}},"_links":{"self":[{"href":"https:\/\/www.technodompro.com\/index.php\/wp-json\/wp\/v2\/product\/27151","targetHints":{"allow":["GET"]}}],"collection":[{"href":"https:\/\/www.technodompro.com\/index.php\/wp-json\/wp\/v2\/product"}],"about":[{"href":"https:\/\/www.technodompro.com\/index.php\/wp-json\/wp\/v2\/types\/product"}],"replies":[{"embeddable":true,"href":"https:\/\/www.technodompro.com\/index.php\/wp-json\/wp\/v2\/comments?post=27151"}],"wp:featuredmedia":[{"embeddable":true,"href":"https:\/\/www.technodompro.com\/index.php\/wp-json\/wp\/v2\/media\/27251"}],"wp:attachment":[{"href":"https:\/\/www.technodompro.com\/index.php\/wp-json\/wp\/v2\/media?parent=27151"}],"wp:term":[{"taxonomy":"product_brand","embeddable":true,"href":"https:\/\/www.technodompro.com\/index.php\/wp-json\/wp\/v2\/product_brand?post=27151"},{"taxonomy":"product_cat","embeddable":true,"href":"https:\/\/www.technodompro.com\/index.php\/wp-json\/wp\/v2\/product_cat?post=27151"},{"taxonomy":"product_tag","embeddable":true,"href":"https:\/\/www.technodompro.com\/index.php\/wp-json\/wp\/v2\/product_tag?post=27151"}],"curies":[{"name":"wp","href":"https:\/\/api.w.org\/{rel}","templated":true}]}}