{"id":27178,"date":"2026-04-27T04:41:40","date_gmt":"2026-04-27T04:41:40","guid":{"rendered":""},"modified":"2026-04-27T04:41:40","modified_gmt":"2026-04-27T04:41:40","slug":"casove-omezene-sapho-infinity-wc-sedatko-slim-soft-close-easy-take-bila-mat-40kf0201i-s-27178","status":"publish","type":"product","link":"https:\/\/www.technodompro.com\/index.php\/produkt\/casove-omezene-sapho-infinity-wc-sedatko-slim-soft-close-easy-take-bila-mat-40kf0201i-s-27178\/","title":{"rendered":"\u010casov\u011b Omezen\u00e9 Sapho INFINITY WC sed\u00e1tko, SLIM, Soft Close, Easy Take, b\u00edl\u00e1 mat 40KF0201I-S"},"content":{"rendered":"<div class=\"basic-description\">\n<h3>Detailn\u00ed popis produktu<\/h3>\n<p><\/p>\n<h2 class=\"props-title\">Vlastnosti<\/h2>\n<table>\n<tr>\n<th>Zna\u010dka<\/th>\n<td>ISVEA<\/td>\n<\/tr>\n<tr>\n<th>S\u00e9rie<\/th>\n<td>INFINITY<\/td>\n<\/tr>\n<tr>\n<th>3D model<\/th>\n<td>ANO<\/td>\n<\/tr>\n<tr>\n<th>Barva<\/th>\n<td>B\u00edl\u00e1 mat<\/td>\n<\/tr>\n<tr>\n<th>Materi\u00e1l<\/th>\n<td>Duroplast<\/td>\n<\/tr>\n<tr>\n<th>Tvar<\/th>\n<td>Pro konkr\u00e9tn\u00ed WC<\/td>\n<\/tr>\n<tr>\n<th>Ostatn\u00ed<\/th>\n<td>Soft Close (pomal\u00e9 skl\u00e1p\u011bn\u00ed), Easy Take (odn\u00edmateln\u00e9 sed\u00e1tko), SLIM (tenk\u00e9)<\/td>\n<\/tr>\n<tr>\n<th>Hmotnost \/ ks<\/th>\n<td>2.5300&nbsp;kg<\/td>\n<\/tr>\n<tr>\n<th>EAN<\/th>\n<td>8697687015414<\/td>\n<\/tr>\n<tr>\n<th>Taric<\/th>\n<td>39222000<\/td>\n<\/tr>\n<tr>\n<th>Z\u00e1ruka<\/th>\n<td>2 roky<\/td>\n<\/tr>\n<\/table>\n<div class=\"product-explanation-item\">\n<h3 style=\"text-align: justify;\">Duroplast<\/h3>\n<p style=\"text-align: justify;\">Reaktoplasty (duroplasty) jsou zes\u00ed\u0165ovan\u00e9 polymery, kter\u00e9 vytv\u00e1\u0159ej\u00ed prostorovou trojrozm\u011brnou s\u00ed\u0165. Zes\u00ed\u0165ov\u00e1n\u00ed nast\u00e1v\u00e1 a\u017e p\u0159i tvarov\u00e1n\u00ed plastu vlivem tepla a tlaku, n\u011bkdy p\u016fsoben\u00edm katalyz\u00e1tor\u016f.<\/p>\n<\/div>\n<div class=\"product-explanation-item\">\n<h3>SoftClose<\/h3>\n<p style=\"text-align: justify;\">Pomoc\u00ed hydraulick\u00e9ho syst\u00e9mu v\u00edko i sed\u00e1tko pomalu dopadaj\u00ed na m\u00edsu. Pozvoln\u00e9 skl\u00e1p\u011bn\u00ed sed\u00e1tka i v\u00edka zaru\u010duje bezpe\u010dnost a zabra\u0148uje po\u0161kozen\u00ed sed\u00e1tka i WC m\u00edsy\/urin\u00e1lu.<\/p>\n<\/div>\n<div class=\"product-explanation-item\">\n<h3>Easy take \/ Quick release<\/h3>\n<p style=\"text-align: justify;\">Snadn\u00e9 sejmut\u00ed a upevn\u011bn\u00ed sed\u00e1tka: stisknut\u00edm tla\u010d\u00edtka (u n\u011bkter\u00fdch model\u016f pouh\u00fdm uveden\u00edm sed\u00e1tka do kolm\u00e9 polohy a vyta\u017een\u00edm) lze sed\u00e1tko sejmout z pant\u016f (podle typu obr. 1a, 1b, 1c) a n\u00e1sledn\u011b pouh\u00fdm zacvaknut\u00edm sed\u00e1tko op\u011bt nasadit (obr. 2).<\/p>\n<\/div>\n<p>   Upozorn\u011bn\u00ed pro z\u00e1kazn\u00edky ke koupi produkt\u016f na objedn\u00e1n\u00ed: Toto zbo\u017e\u00ed nen\u00ed standardn\u00edm s\u00e9riov\u00fdm v\u00fdrobkem. Bude vyrobeno na p\u0159\u00e1n\u00ed z\u00e1kazn\u00edka a proto jej nelze dodavateli v z\u00e1konn\u00e9 lh\u016ft\u011b vr\u00e1tit. (viz \u00a71837 odst.d, ob\u010dansk\u00e9ho z\u00e1kon\u00edku). V tomto p\u0159\u00edpad\u011b m\u016f\u017eeme po\u017eadovat nevratnou z\u00e1lohu a\u017e do v\u00fd\u0161e 100 % z ceny v\u00fdrobku.                            <\/p><\/div>\n","protected":false},"excerpt":{"rendered":"<p>Detailn\u00ed popis produktu Vlastnosti Zna\u010dka ISVEA S\u00e9rie INFINITY 3D model ANO Barva B\u00edl\u00e1 mat Materi\u00e1l Duroplast Tvar Pro konkr\u00e9tn\u00ed WC Ostatn\u00ed Soft Close (pomal\u00e9 skl\u00e1p\u011bn\u00ed), Easy Take (odn\u00edmateln\u00e9 sed\u00e1tko), SLIM (tenk\u00e9) Hmotnost \/ ks 2.5300&nbsp;kg EAN 8697687015414 Taric 39222000 Z\u00e1ruka 2 roky Duroplast Reaktoplasty (duroplasty) jsou zes\u00ed\u0165ovan\u00e9 polymery, kter\u00e9 vytv\u00e1\u0159ej\u00ed prostorovou trojrozm\u011brnou s\u00ed\u0165. Zes\u00ed\u0165ov\u00e1n\u00ed nast\u00e1v\u00e1 [&hellip;]<\/p>\n","protected":false},"featured_media":27278,"comment_status":"open","ping_status":"open","template":"","meta":[],"product_brand":[],"product_cat":[101],"product_tag":[],"class_list":{"0":"post-27178","1":"product","2":"type-product","3":"status-publish","4":"has-post-thumbnail","6":"product_cat-wc","8":"first","9":"instock","10":"sale","11":"shipping-taxable","12":"purchasable","13":"product-type-simple"},"yoast_head":"<!-- This site is optimized with the Yoast SEO plugin v26.8 - https:\/\/yoast.com\/product\/yoast-seo-wordpress\/ -->\n<title>\u010casov\u011b Omezen\u00e9 Sapho INFINITY WC sed\u00e1tko, SLIM, Soft Close, Easy Take, b\u00edl\u00e1 mat 40KF0201I-S -<\/title>\n<meta name=\"robots\" content=\"index, follow, max-snippet:-1, max-image-preview:large, max-video-preview:-1\" \/>\n<link rel=\"canonical\" href=\"https:\/\/www.technodompro.com\/index.php\/produkt\/casove-omezene-sapho-infinity-wc-sedatko-slim-soft-close-easy-take-bila-mat-40kf0201i-s-27178\/\" \/>\n<meta property=\"og:locale\" content=\"cs_CZ\" \/>\n<meta property=\"og:type\" content=\"article\" \/>\n<meta property=\"og:title\" content=\"\u010casov\u011b Omezen\u00e9 Sapho INFINITY WC sed\u00e1tko, SLIM, Soft Close, Easy Take, b\u00edl\u00e1 mat 40KF0201I-S -\" \/>\n<meta property=\"og:description\" content=\"Detailn\u00ed popis produktu Vlastnosti Zna\u010dka ISVEA S\u00e9rie INFINITY 3D model ANO Barva B\u00edl\u00e1 mat Materi\u00e1l Duroplast Tvar Pro konkr\u00e9tn\u00ed WC Ostatn\u00ed Soft Close (pomal\u00e9 skl\u00e1p\u011bn\u00ed), Easy Take (odn\u00edmateln\u00e9 sed\u00e1tko), SLIM (tenk\u00e9) Hmotnost \/ ks 2.5300&nbsp;kg EAN 8697687015414 Taric 39222000 Z\u00e1ruka 2 roky Duroplast Reaktoplasty (duroplasty) jsou zes\u00ed\u0165ovan\u00e9 polymery, kter\u00e9 vytv\u00e1\u0159ej\u00ed prostorovou trojrozm\u011brnou s\u00ed\u0165. Zes\u00ed\u0165ov\u00e1n\u00ed nast\u00e1v\u00e1 [&hellip;]\" \/>\n<meta property=\"og:url\" content=\"https:\/\/www.technodompro.com\/index.php\/produkt\/casove-omezene-sapho-infinity-wc-sedatko-slim-soft-close-easy-take-bila-mat-40kf0201i-s-27178\/\" \/>\n<meta property=\"og:image\" content=\"https:\/\/www.technodompro.com\/wp-content\/uploads\/2026\/SK0012313-CZ20260425-093631-0-1777080994-266641_40kf0201i-s-194016557670145.webp\" \/>\n\t<meta property=\"og:image:width\" content=\"1000\" \/>\n\t<meta property=\"og:image:height\" content=\"750\" \/>\n\t<meta property=\"og:image:type\" content=\"image\/webp\" \/>\n<meta name=\"twitter:card\" content=\"summary_large_image\" \/>\n<meta name=\"twitter:label1\" content=\"Odhadovan\u00e1 doba \u010dten\u00ed\" \/>\n\t<meta name=\"twitter:data1\" content=\"1 minuta\" \/>\n<script type=\"application\/ld+json\" class=\"yoast-schema-graph\">{\"@context\":\"https:\/\/schema.org\",\"@graph\":[{\"@type\":\"WebPage\",\"@id\":\"https:\/\/www.technodompro.com\/index.php\/produkt\/casove-omezene-sapho-infinity-wc-sedatko-slim-soft-close-easy-take-bila-mat-40kf0201i-s-27178\/\",\"url\":\"https:\/\/www.technodompro.com\/index.php\/produkt\/casove-omezene-sapho-infinity-wc-sedatko-slim-soft-close-easy-take-bila-mat-40kf0201i-s-27178\/\",\"name\":\"\u010casov\u011b Omezen\u00e9 Sapho INFINITY WC sed\u00e1tko, SLIM, Soft Close, Easy Take, b\u00edl\u00e1 mat 40KF0201I-S -\",\"isPartOf\":{\"@id\":\"https:\/\/www.technodompro.com\/#website\"},\"primaryImageOfPage\":{\"@id\":\"https:\/\/www.technodompro.com\/index.php\/produkt\/casove-omezene-sapho-infinity-wc-sedatko-slim-soft-close-easy-take-bila-mat-40kf0201i-s-27178\/#primaryimage\"},\"image\":{\"@id\":\"https:\/\/www.technodompro.com\/index.php\/produkt\/casove-omezene-sapho-infinity-wc-sedatko-slim-soft-close-easy-take-bila-mat-40kf0201i-s-27178\/#primaryimage\"},\"thumbnailUrl\":\"https:\/\/www.technodompro.com\/wp-content\/uploads\/2026\/SK0012313-CZ20260425-093631-0-1777080994-266641_40kf0201i-s-194016557670145.webp\",\"datePublished\":\"2026-04-27T04:41:40+00:00\",\"breadcrumb\":{\"@id\":\"https:\/\/www.technodompro.com\/index.php\/produkt\/casove-omezene-sapho-infinity-wc-sedatko-slim-soft-close-easy-take-bila-mat-40kf0201i-s-27178\/#breadcrumb\"},\"inLanguage\":\"cs\",\"potentialAction\":[{\"@type\":\"ReadAction\",\"target\":[\"https:\/\/www.technodompro.com\/index.php\/produkt\/casove-omezene-sapho-infinity-wc-sedatko-slim-soft-close-easy-take-bila-mat-40kf0201i-s-27178\/\"]}]},{\"@type\":\"ImageObject\",\"inLanguage\":\"cs\",\"@id\":\"https:\/\/www.technodompro.com\/index.php\/produkt\/casove-omezene-sapho-infinity-wc-sedatko-slim-soft-close-easy-take-bila-mat-40kf0201i-s-27178\/#primaryimage\",\"url\":\"https:\/\/www.technodompro.com\/wp-content\/uploads\/2026\/SK0012313-CZ20260425-093631-0-1777080994-266641_40kf0201i-s-194016557670145.webp\",\"contentUrl\":\"https:\/\/www.technodompro.com\/wp-content\/uploads\/2026\/SK0012313-CZ20260425-093631-0-1777080994-266641_40kf0201i-s-194016557670145.webp\",\"width\":1000,\"height\":750},{\"@type\":\"BreadcrumbList\",\"@id\":\"https:\/\/www.technodompro.com\/index.php\/produkt\/casove-omezene-sapho-infinity-wc-sedatko-slim-soft-close-easy-take-bila-mat-40kf0201i-s-27178\/#breadcrumb\",\"itemListElement\":[{\"@type\":\"ListItem\",\"position\":1,\"name\":\"Home\",\"item\":\"https:\/\/www.technodompro.com\/\"},{\"@type\":\"ListItem\",\"position\":2,\"name\":\"Products\",\"item\":\"https:\/\/www.technodompro.com\/index.php\/products\/\"},{\"@type\":\"ListItem\",\"position\":3,\"name\":\"\u010casov\u011b Omezen\u00e9 Sapho INFINITY WC sed\u00e1tko, SLIM, Soft Close, Easy Take, b\u00edl\u00e1 mat 40KF0201I-S\"}]},{\"@type\":\"WebSite\",\"@id\":\"https:\/\/www.technodompro.com\/#website\",\"url\":\"https:\/\/www.technodompro.com\/\",\"name\":\"\",\"description\":\"\",\"potentialAction\":[{\"@type\":\"SearchAction\",\"target\":{\"@type\":\"EntryPoint\",\"urlTemplate\":\"https:\/\/www.technodompro.com\/?s={search_term_string}\"},\"query-input\":{\"@type\":\"PropertyValueSpecification\",\"valueRequired\":true,\"valueName\":\"search_term_string\"}}],\"inLanguage\":\"cs\"}]}<\/script>\n<!-- \/ Yoast SEO plugin. -->","yoast_head_json":{"title":"\u010casov\u011b Omezen\u00e9 Sapho INFINITY WC sed\u00e1tko, SLIM, Soft Close, Easy Take, b\u00edl\u00e1 mat 40KF0201I-S -","robots":{"index":"index","follow":"follow","max-snippet":"max-snippet:-1","max-image-preview":"max-image-preview:large","max-video-preview":"max-video-preview:-1"},"canonical":"https:\/\/www.technodompro.com\/index.php\/produkt\/casove-omezene-sapho-infinity-wc-sedatko-slim-soft-close-easy-take-bila-mat-40kf0201i-s-27178\/","og_locale":"cs_CZ","og_type":"article","og_title":"\u010casov\u011b Omezen\u00e9 Sapho INFINITY WC sed\u00e1tko, SLIM, Soft Close, Easy Take, b\u00edl\u00e1 mat 40KF0201I-S -","og_description":"Detailn\u00ed popis produktu Vlastnosti Zna\u010dka ISVEA S\u00e9rie INFINITY 3D model ANO Barva B\u00edl\u00e1 mat Materi\u00e1l Duroplast Tvar Pro konkr\u00e9tn\u00ed WC Ostatn\u00ed Soft Close (pomal\u00e9 skl\u00e1p\u011bn\u00ed), Easy Take (odn\u00edmateln\u00e9 sed\u00e1tko), SLIM (tenk\u00e9) Hmotnost \/ ks 2.5300&nbsp;kg EAN 8697687015414 Taric 39222000 Z\u00e1ruka 2 roky Duroplast Reaktoplasty (duroplasty) jsou zes\u00ed\u0165ovan\u00e9 polymery, kter\u00e9 vytv\u00e1\u0159ej\u00ed prostorovou trojrozm\u011brnou s\u00ed\u0165. Zes\u00ed\u0165ov\u00e1n\u00ed nast\u00e1v\u00e1 [&hellip;]","og_url":"https:\/\/www.technodompro.com\/index.php\/produkt\/casove-omezene-sapho-infinity-wc-sedatko-slim-soft-close-easy-take-bila-mat-40kf0201i-s-27178\/","og_image":[{"width":1000,"height":750,"url":"https:\/\/www.technodompro.com\/wp-content\/uploads\/2026\/SK0012313-CZ20260425-093631-0-1777080994-266641_40kf0201i-s-194016557670145.webp","type":"image\/webp"}],"twitter_card":"summary_large_image","twitter_misc":{"Odhadovan\u00e1 doba \u010dten\u00ed":"1 minuta"},"schema":{"@context":"https:\/\/schema.org","@graph":[{"@type":"WebPage","@id":"https:\/\/www.technodompro.com\/index.php\/produkt\/casove-omezene-sapho-infinity-wc-sedatko-slim-soft-close-easy-take-bila-mat-40kf0201i-s-27178\/","url":"https:\/\/www.technodompro.com\/index.php\/produkt\/casove-omezene-sapho-infinity-wc-sedatko-slim-soft-close-easy-take-bila-mat-40kf0201i-s-27178\/","name":"\u010casov\u011b Omezen\u00e9 Sapho INFINITY WC sed\u00e1tko, SLIM, Soft Close, Easy Take, b\u00edl\u00e1 mat 40KF0201I-S -","isPartOf":{"@id":"https:\/\/www.technodompro.com\/#website"},"primaryImageOfPage":{"@id":"https:\/\/www.technodompro.com\/index.php\/produkt\/casove-omezene-sapho-infinity-wc-sedatko-slim-soft-close-easy-take-bila-mat-40kf0201i-s-27178\/#primaryimage"},"image":{"@id":"https:\/\/www.technodompro.com\/index.php\/produkt\/casove-omezene-sapho-infinity-wc-sedatko-slim-soft-close-easy-take-bila-mat-40kf0201i-s-27178\/#primaryimage"},"thumbnailUrl":"https:\/\/www.technodompro.com\/wp-content\/uploads\/2026\/SK0012313-CZ20260425-093631-0-1777080994-266641_40kf0201i-s-194016557670145.webp","datePublished":"2026-04-27T04:41:40+00:00","breadcrumb":{"@id":"https:\/\/www.technodompro.com\/index.php\/produkt\/casove-omezene-sapho-infinity-wc-sedatko-slim-soft-close-easy-take-bila-mat-40kf0201i-s-27178\/#breadcrumb"},"inLanguage":"cs","potentialAction":[{"@type":"ReadAction","target":["https:\/\/www.technodompro.com\/index.php\/produkt\/casove-omezene-sapho-infinity-wc-sedatko-slim-soft-close-easy-take-bila-mat-40kf0201i-s-27178\/"]}]},{"@type":"ImageObject","inLanguage":"cs","@id":"https:\/\/www.technodompro.com\/index.php\/produkt\/casove-omezene-sapho-infinity-wc-sedatko-slim-soft-close-easy-take-bila-mat-40kf0201i-s-27178\/#primaryimage","url":"https:\/\/www.technodompro.com\/wp-content\/uploads\/2026\/SK0012313-CZ20260425-093631-0-1777080994-266641_40kf0201i-s-194016557670145.webp","contentUrl":"https:\/\/www.technodompro.com\/wp-content\/uploads\/2026\/SK0012313-CZ20260425-093631-0-1777080994-266641_40kf0201i-s-194016557670145.webp","width":1000,"height":750},{"@type":"BreadcrumbList","@id":"https:\/\/www.technodompro.com\/index.php\/produkt\/casove-omezene-sapho-infinity-wc-sedatko-slim-soft-close-easy-take-bila-mat-40kf0201i-s-27178\/#breadcrumb","itemListElement":[{"@type":"ListItem","position":1,"name":"Home","item":"https:\/\/www.technodompro.com\/"},{"@type":"ListItem","position":2,"name":"Products","item":"https:\/\/www.technodompro.com\/index.php\/products\/"},{"@type":"ListItem","position":3,"name":"\u010casov\u011b Omezen\u00e9 Sapho INFINITY WC sed\u00e1tko, SLIM, Soft Close, Easy Take, b\u00edl\u00e1 mat 40KF0201I-S"}]},{"@type":"WebSite","@id":"https:\/\/www.technodompro.com\/#website","url":"https:\/\/www.technodompro.com\/","name":"","description":"","potentialAction":[{"@type":"SearchAction","target":{"@type":"EntryPoint","urlTemplate":"https:\/\/www.technodompro.com\/?s={search_term_string}"},"query-input":{"@type":"PropertyValueSpecification","valueRequired":true,"valueName":"search_term_string"}}],"inLanguage":"cs"}]}},"_links":{"self":[{"href":"https:\/\/www.technodompro.com\/index.php\/wp-json\/wp\/v2\/product\/27178","targetHints":{"allow":["GET"]}}],"collection":[{"href":"https:\/\/www.technodompro.com\/index.php\/wp-json\/wp\/v2\/product"}],"about":[{"href":"https:\/\/www.technodompro.com\/index.php\/wp-json\/wp\/v2\/types\/product"}],"replies":[{"embeddable":true,"href":"https:\/\/www.technodompro.com\/index.php\/wp-json\/wp\/v2\/comments?post=27178"}],"wp:featuredmedia":[{"embeddable":true,"href":"https:\/\/www.technodompro.com\/index.php\/wp-json\/wp\/v2\/media\/27278"}],"wp:attachment":[{"href":"https:\/\/www.technodompro.com\/index.php\/wp-json\/wp\/v2\/media?parent=27178"}],"wp:term":[{"taxonomy":"product_brand","embeddable":true,"href":"https:\/\/www.technodompro.com\/index.php\/wp-json\/wp\/v2\/product_brand?post=27178"},{"taxonomy":"product_cat","embeddable":true,"href":"https:\/\/www.technodompro.com\/index.php\/wp-json\/wp\/v2\/product_cat?post=27178"},{"taxonomy":"product_tag","embeddable":true,"href":"https:\/\/www.technodompro.com\/index.php\/wp-json\/wp\/v2\/product_tag?post=27178"}],"curies":[{"name":"wp","href":"https:\/\/api.w.org\/{rel}","templated":true}]}}