{"id":27305,"date":"2026-04-27T04:41:40","date_gmt":"2026-04-27T04:41:40","guid":{"rendered":""},"modified":"2026-04-27T04:41:40","modified_gmt":"2026-04-27T04:41:40","slug":"aqualine-direct-otopne-teleso-se-stredovym-pripojenim-600x1680mm-1013-w-bila-elm66t-nejprodavanejsi-27305","status":"publish","type":"product","link":"https:\/\/www.technodompro.com\/index.php\/produkt\/aqualine-direct-otopne-teleso-se-stredovym-pripojenim-600x1680mm-1013-w-bila-elm66t-nejprodavanejsi-27305\/","title":{"rendered":"Aqualine DIRECT otopn\u00e9 t\u011bleso se st\u0159edov\u00fdm p\u0159ipojen\u00edm, 600x1680mm, 1013 W, b\u00edl\u00e1 ELM66T Nejprod\u00e1van\u011bj\u0161\u00ed"},"content":{"rendered":"<div class=\"basic-description\">\n<h3>Detailn\u00ed popis produktu<\/h3>\n<p><\/p>\n<p style=\"text-align: justify;\">Tradi\u010dn\u011b tvarovan\u00e9 otopn\u00e9 t\u011bleso z&nbsp;ocelov\u00fdch trubek v&nbsp;b\u00edl\u00e9m proveden\u00ed s&nbsp;rovn\u00fdmi vodorovn\u00fdmi profily,&nbsp;st\u0159edov\u00e9 p\u0159ipojen\u00ed s&nbsp;rozte\u010d\u00ed 50 mm.<\/p>\n<ul>\n<li>Topn\u00e1 ty\u010d a p\u0159ipojovac\u00ed ventily nejsou sou\u010d\u00e1st\u00ed balen\u00ed<\/li>\n<\/ul>\n<h2 class=\"props-title\">Vlastnosti<\/h2>\n<table>\n<tr>\n<th>Zna\u010dka<\/th>\n<td>AQUALINE<\/td>\n<\/tr>\n<tr>\n<th>S\u00e9rie<\/th>\n<td>DIRECT st\u0159edov\u00e9 p\u0159ipojen\u00ed<\/td>\n<\/tr>\n<tr>\n<th>Rozm\u011br<\/th>\n<td>600&#215;1680 mm<\/td>\n<\/tr>\n<tr>\n<th>\u0160\u00ed\u0159ka<\/th>\n<td>600&nbsp;mm<\/td>\n<\/tr>\n<tr>\n<th>V\u00fd\u0161ka<\/th>\n<td>1680&nbsp;mm<\/td>\n<\/tr>\n<tr>\n<th>Objem<\/th>\n<td>9.30&nbsp;l<\/td>\n<\/tr>\n<tr>\n<th>Barva<\/th>\n<td>B\u00edl\u00e1<\/td>\n<\/tr>\n<tr>\n<th>Materi\u00e1l<\/th>\n<td>Ocel<\/td>\n<\/tr>\n<tr>\n<th>Tvar<\/th>\n<td>Tvar H<\/td>\n<\/tr>\n<tr>\n<th>Doporu\u010den\u00e1 el. topn\u00e1 ty\u010d<\/th>\n<td>1000&nbsp;W<\/td>\n<\/tr>\n<tr>\n<th>Mo\u017enost vyt\u00e1p\u011bn\u00ed<\/th>\n<td>\u00dast\u0159edn\u00ed vyt\u00e1p\u011bn\u00ed, Kombinovan\u00e9 vyt\u00e1p\u011bn\u00ed<\/td>\n<\/tr>\n<tr>\n<th>Um\u00edst\u011bn\u00ed p\u0159ipojen\u00ed 50 mm<\/th>\n<td>Symetrick\u00e9 (na st\u0159ed)<\/td>\n<\/tr>\n<tr>\n<th>Rozte\u010d p\u0159ipojen\u00ed<\/th>\n<td>50&nbsp;mm<\/td>\n<\/tr>\n<tr>\n<th>V\u00fdkon<\/th>\n<td>1013&nbsp;W<\/td>\n<\/tr>\n<tr>\n<th>Teplotn\u00ed sp\u00e1d<\/th>\n<td>75\/65\/20 \u00b0C<\/td>\n<\/tr>\n<tr>\n<th>Max. provozn\u00ed tlak<\/th>\n<td>10&nbsp;bar<\/td>\n<\/tr>\n<tr>\n<th>Hmotnost \/ ks<\/th>\n<td>16.4000&nbsp;kg<\/td>\n<\/tr>\n<tr>\n<th>Balen\u00ed<\/th>\n<td>1&nbsp;ks<\/td>\n<\/tr>\n<tr>\n<th>EAN<\/th>\n<td>8590913929403<\/td>\n<\/tr>\n<tr>\n<th>Taric<\/th>\n<td>73221900<\/td>\n<\/tr>\n<tr>\n<th>Z\u00e1ruka<\/th>\n<td>2 roky<\/td>\n<\/tr>\n<\/table>\n<div class=\"product-explanation-item\">\n<h3>\u00dast\u0159edn\u00ed vyt\u00e1p\u011bn\u00ed<\/h3>\n<p style=\"text-align: justify;\">V p\u0159\u00edpad\u011b \u00fast\u0159edn\u00edho vyt\u00e1p\u011bn\u00ed je d\u016fle\u017eit\u00fd v\u00fdb\u011br p\u0159ipojovac\u00ed sady ventil\u016f. Na v\u00fdb\u011br je pou\u017eit\u00ed ru\u010dn\u00edho ventilu nebo ventilu s termostatickou hlavic\u00ed.<\/p>\n<p style=\"text-align: justify;\"><strong>Ru\u010dn\u00ed ventil:<\/strong> Ovl\u00e1d\u00e1n\u00ed regulace teploty je manu\u00e1ln\u00ed. P\u0159\u00edvod tepl\u00e9 vody lze p\u0159ipojit na levou \/ pravou stranu ventilu bez omezen\u00ed.<br \/><strong>Ventil s termostatickou hlavic\u00ed:<\/strong> Integrovan\u00fd termostat udr\u017euje nastavenou teplotu okol\u00ed. <strong>Termostatick\u00e1 hlavice mus\u00ed b\u00fdt v m\u00edst\u011b p\u0159\u00edvodu tepl\u00e9 vody (mimo MONO ONE).<\/strong><\/p>\n<p style=\"text-align: justify;\">N\u00e1mi nab\u00edzen\u00e9 p\u0159ipojovac\u00ed ventily jsou dod\u00e1v\u00e1ny v\u010detn\u011b sv\u011brn\u00e9ho \u0161rouben\u00ed na nejb\u011b\u017en\u011bj\u0161\u00ed potrub\u00ed (\u00d815 mm Cu a \u00d816 mm Alupex), pro dopojen\u00ed tak nen\u00ed t\u0159eba nic dokupovat. Pro zakryt\u00ed p\u0159\u00edvodn\u00edch trubek a otvor\u016f ve zdi doporu\u010dujeme p\u0159ikoupit kryc\u00ed rozety.<\/p>\n<\/div>\n<div class=\"product-explanation-item\">\n<h3>Kombinace \u00fast\u0159edn\u00edho a elektrick\u00e9ho vyt\u00e1p\u011bn\u00ed<\/h3>\n<p style=\"text-align: justify;\">Kombinovan\u00e9 p\u0159ipojen\u00ed umo\u017e\u0148uje oh\u0159\u00edvat t\u011bleso jak centr\u00e1ln\u00edm syst\u00e9mem vyt\u00e1p\u011bn\u00ed, tak vyu\u017e\u00edt pro samostatn\u00fd oh\u0159ev elektrickou topnou ty\u010d mimo topnou sezonu. Topnou ty\u010d doporu\u010dujeme se stejn\u00fdm nebo podobn\u00fdm v\u00fdkonem dle specifikace dan\u00e9ho topn\u00e9ho t\u011blesa.<\/p>\n<p style=\"text-align: justify;\">Pokud se jedn\u00e1 o t\u011bleso se st\u0159edov\u00fdm p\u0159ipojen\u00edm, z\u00e1le\u017e\u00ed na tom, zda lze ty\u010d propojit p\u0159es ventil (v tomto p\u0159\u00edpad\u011b se pou\u017eije kombinovan\u00fd ventil) nebo se ty\u010d p\u0159ipojuje samostatn\u011b do stojny t\u011blesa (v tomto p\u0159\u00edpad\u011b se pou\u017eije klasick\u00fd ventil). V p\u0159\u00edpad\u011b bo\u010dn\u00edho p\u0159ipojen\u00ed se v\u017edy pou\u017eije kombinovan\u00fd ventil. Na v\u00fdb\u011br je pou\u017eit\u00ed ru\u010dn\u00edho ventilu nebo ventilu s termostatickou hlavic\u00ed. <\/p>\n<p style=\"text-align: justify;\"><strong>Ru\u010dn\u00ed ventil:<\/strong> Ovl\u00e1d\u00e1n\u00ed regulace teploty je manu\u00e1ln\u00ed. P\u0159\u00edvod tepl\u00e9 vody lze p\u0159ipojit na levou \/ pravou stranu ventilu bez omezen\u00ed.<br \/><strong>Ventil s termostatickou hlavic\u00ed:<\/strong> Integrovan\u00fd termostat udr\u017euje nastavenou teplotu okol\u00ed. <strong>Termostatick\u00e1 hlavice mus\u00ed b\u00fdt v m\u00edst\u011b p\u0159\u00edvodu tepl\u00e9 vody (mimo MONO ONE).<\/strong><\/p>\n<p style=\"text-align: justify;\">N\u00e1mi nab\u00edzen\u00e9 p\u0159ipojovac\u00ed ventily jsou dod\u00e1v\u00e1ny v\u010detn\u011b sv\u011brn\u00e9ho \u0161rouben\u00ed na nejb\u011b\u017en\u011bj\u0161\u00ed potrub\u00ed (\u00d815 mm Cu a \u00d816 mm Alupex), pro dopojen\u00ed tak nen\u00ed t\u0159eba nic dokupovat. Pro zakryt\u00ed p\u0159\u00edvodn\u00edch trubek a otvor\u016f ve zdi doporu\u010dujeme p\u0159ikoupit kryc\u00ed rozety.<\/p>\n<\/div><\/div>\n","protected":false},"excerpt":{"rendered":"<p>Detailn\u00ed popis produktu Tradi\u010dn\u011b tvarovan\u00e9 otopn\u00e9 t\u011bleso z&nbsp;ocelov\u00fdch trubek v&nbsp;b\u00edl\u00e9m proveden\u00ed s&nbsp;rovn\u00fdmi vodorovn\u00fdmi profily,&nbsp;st\u0159edov\u00e9 p\u0159ipojen\u00ed s&nbsp;rozte\u010d\u00ed 50 mm. Topn\u00e1 ty\u010d a p\u0159ipojovac\u00ed ventily nejsou sou\u010d\u00e1st\u00ed balen\u00ed Vlastnosti Zna\u010dka AQUALINE S\u00e9rie DIRECT st\u0159edov\u00e9 p\u0159ipojen\u00ed Rozm\u011br 600&#215;1680 mm \u0160\u00ed\u0159ka 600&nbsp;mm V\u00fd\u0161ka 1680&nbsp;mm Objem 9.30&nbsp;l Barva B\u00edl\u00e1 Materi\u00e1l Ocel Tvar Tvar H Doporu\u010den\u00e1 el. topn\u00e1 ty\u010d 1000&nbsp;W Mo\u017enost [&hellip;]<\/p>\n","protected":false},"featured_media":27405,"comment_status":"open","ping_status":"open","template":"","meta":[],"product_brand":[],"product_cat":[100],"product_tag":[],"class_list":{"0":"post-27305","1":"product","2":"type-product","3":"status-publish","4":"has-post-thumbnail","6":"product_cat-vytapeni","8":"first","9":"instock","10":"sale","11":"shipping-taxable","12":"purchasable","13":"product-type-simple"},"yoast_head":"<!-- This site is optimized with the Yoast SEO plugin v26.8 - https:\/\/yoast.com\/product\/yoast-seo-wordpress\/ -->\n<title>Aqualine DIRECT otopn\u00e9 t\u011bleso se st\u0159edov\u00fdm p\u0159ipojen\u00edm, 600x1680mm, 1013 W, b\u00edl\u00e1 ELM66T Nejprod\u00e1van\u011bj\u0161\u00ed -<\/title>\n<meta name=\"robots\" content=\"index, follow, max-snippet:-1, max-image-preview:large, max-video-preview:-1\" \/>\n<link rel=\"canonical\" href=\"https:\/\/www.technodompro.com\/index.php\/produkt\/aqualine-direct-otopne-teleso-se-stredovym-pripojenim-600x1680mm-1013-w-bila-elm66t-nejprodavanejsi-27305\/\" \/>\n<meta property=\"og:locale\" content=\"cs_CZ\" \/>\n<meta property=\"og:type\" content=\"article\" \/>\n<meta property=\"og:title\" content=\"Aqualine DIRECT otopn\u00e9 t\u011bleso se st\u0159edov\u00fdm p\u0159ipojen\u00edm, 600x1680mm, 1013 W, b\u00edl\u00e1 ELM66T Nejprod\u00e1van\u011bj\u0161\u00ed -\" \/>\n<meta property=\"og:description\" content=\"Detailn\u00ed popis produktu Tradi\u010dn\u011b tvarovan\u00e9 otopn\u00e9 t\u011bleso z&nbsp;ocelov\u00fdch trubek v&nbsp;b\u00edl\u00e9m proveden\u00ed s&nbsp;rovn\u00fdmi vodorovn\u00fdmi profily,&nbsp;st\u0159edov\u00e9 p\u0159ipojen\u00ed s&nbsp;rozte\u010d\u00ed 50 mm. Topn\u00e1 ty\u010d a p\u0159ipojovac\u00ed ventily nejsou sou\u010d\u00e1st\u00ed balen\u00ed Vlastnosti Zna\u010dka AQUALINE S\u00e9rie DIRECT st\u0159edov\u00e9 p\u0159ipojen\u00ed Rozm\u011br 600&#215;1680 mm \u0160\u00ed\u0159ka 600&nbsp;mm V\u00fd\u0161ka 1680&nbsp;mm Objem 9.30&nbsp;l Barva B\u00edl\u00e1 Materi\u00e1l Ocel Tvar Tvar H Doporu\u010den\u00e1 el. topn\u00e1 ty\u010d 1000&nbsp;W Mo\u017enost [&hellip;]\" \/>\n<meta property=\"og:url\" content=\"https:\/\/www.technodompro.com\/index.php\/produkt\/aqualine-direct-otopne-teleso-se-stredovym-pripojenim-600x1680mm-1013-w-bila-elm66t-nejprodavanejsi-27305\/\" \/>\n<meta property=\"og:image\" content=\"https:\/\/www.technodompro.com\/wp-content\/uploads\/2026\/SK0012340-CZ20260425-093631-0-1777080994-266725_elm66t-196301480267979.webp\" \/>\n\t<meta property=\"og:image:width\" content=\"1000\" \/>\n\t<meta property=\"og:image:height\" content=\"750\" \/>\n\t<meta property=\"og:image:type\" content=\"image\/webp\" \/>\n<meta name=\"twitter:card\" content=\"summary_large_image\" \/>\n<meta name=\"twitter:label1\" content=\"Odhadovan\u00e1 doba \u010dten\u00ed\" \/>\n\t<meta name=\"twitter:data1\" content=\"3 minuty\" \/>\n<script type=\"application\/ld+json\" class=\"yoast-schema-graph\">{\"@context\":\"https:\/\/schema.org\",\"@graph\":[{\"@type\":\"WebPage\",\"@id\":\"https:\/\/www.technodompro.com\/index.php\/produkt\/aqualine-direct-otopne-teleso-se-stredovym-pripojenim-600x1680mm-1013-w-bila-elm66t-nejprodavanejsi-27305\/\",\"url\":\"https:\/\/www.technodompro.com\/index.php\/produkt\/aqualine-direct-otopne-teleso-se-stredovym-pripojenim-600x1680mm-1013-w-bila-elm66t-nejprodavanejsi-27305\/\",\"name\":\"Aqualine DIRECT otopn\u00e9 t\u011bleso se st\u0159edov\u00fdm p\u0159ipojen\u00edm, 600x1680mm, 1013 W, b\u00edl\u00e1 ELM66T Nejprod\u00e1van\u011bj\u0161\u00ed -\",\"isPartOf\":{\"@id\":\"https:\/\/www.technodompro.com\/#website\"},\"primaryImageOfPage\":{\"@id\":\"https:\/\/www.technodompro.com\/index.php\/produkt\/aqualine-direct-otopne-teleso-se-stredovym-pripojenim-600x1680mm-1013-w-bila-elm66t-nejprodavanejsi-27305\/#primaryimage\"},\"image\":{\"@id\":\"https:\/\/www.technodompro.com\/index.php\/produkt\/aqualine-direct-otopne-teleso-se-stredovym-pripojenim-600x1680mm-1013-w-bila-elm66t-nejprodavanejsi-27305\/#primaryimage\"},\"thumbnailUrl\":\"https:\/\/www.technodompro.com\/wp-content\/uploads\/2026\/SK0012340-CZ20260425-093631-0-1777080994-266725_elm66t-196301480267979.webp\",\"datePublished\":\"2026-04-27T04:41:40+00:00\",\"breadcrumb\":{\"@id\":\"https:\/\/www.technodompro.com\/index.php\/produkt\/aqualine-direct-otopne-teleso-se-stredovym-pripojenim-600x1680mm-1013-w-bila-elm66t-nejprodavanejsi-27305\/#breadcrumb\"},\"inLanguage\":\"cs\",\"potentialAction\":[{\"@type\":\"ReadAction\",\"target\":[\"https:\/\/www.technodompro.com\/index.php\/produkt\/aqualine-direct-otopne-teleso-se-stredovym-pripojenim-600x1680mm-1013-w-bila-elm66t-nejprodavanejsi-27305\/\"]}]},{\"@type\":\"ImageObject\",\"inLanguage\":\"cs\",\"@id\":\"https:\/\/www.technodompro.com\/index.php\/produkt\/aqualine-direct-otopne-teleso-se-stredovym-pripojenim-600x1680mm-1013-w-bila-elm66t-nejprodavanejsi-27305\/#primaryimage\",\"url\":\"https:\/\/www.technodompro.com\/wp-content\/uploads\/2026\/SK0012340-CZ20260425-093631-0-1777080994-266725_elm66t-196301480267979.webp\",\"contentUrl\":\"https:\/\/www.technodompro.com\/wp-content\/uploads\/2026\/SK0012340-CZ20260425-093631-0-1777080994-266725_elm66t-196301480267979.webp\",\"width\":1000,\"height\":750},{\"@type\":\"BreadcrumbList\",\"@id\":\"https:\/\/www.technodompro.com\/index.php\/produkt\/aqualine-direct-otopne-teleso-se-stredovym-pripojenim-600x1680mm-1013-w-bila-elm66t-nejprodavanejsi-27305\/#breadcrumb\",\"itemListElement\":[{\"@type\":\"ListItem\",\"position\":1,\"name\":\"Home\",\"item\":\"https:\/\/www.technodompro.com\/\"},{\"@type\":\"ListItem\",\"position\":2,\"name\":\"Products\",\"item\":\"https:\/\/www.technodompro.com\/index.php\/products\/\"},{\"@type\":\"ListItem\",\"position\":3,\"name\":\"Aqualine DIRECT otopn\u00e9 t\u011bleso se st\u0159edov\u00fdm p\u0159ipojen\u00edm, 600x1680mm, 1013 W, b\u00edl\u00e1 ELM66T Nejprod\u00e1van\u011bj\u0161\u00ed\"}]},{\"@type\":\"WebSite\",\"@id\":\"https:\/\/www.technodompro.com\/#website\",\"url\":\"https:\/\/www.technodompro.com\/\",\"name\":\"\",\"description\":\"\",\"potentialAction\":[{\"@type\":\"SearchAction\",\"target\":{\"@type\":\"EntryPoint\",\"urlTemplate\":\"https:\/\/www.technodompro.com\/?s={search_term_string}\"},\"query-input\":{\"@type\":\"PropertyValueSpecification\",\"valueRequired\":true,\"valueName\":\"search_term_string\"}}],\"inLanguage\":\"cs\"}]}<\/script>\n<!-- \/ Yoast SEO plugin. -->","yoast_head_json":{"title":"Aqualine DIRECT otopn\u00e9 t\u011bleso se st\u0159edov\u00fdm p\u0159ipojen\u00edm, 600x1680mm, 1013 W, b\u00edl\u00e1 ELM66T Nejprod\u00e1van\u011bj\u0161\u00ed -","robots":{"index":"index","follow":"follow","max-snippet":"max-snippet:-1","max-image-preview":"max-image-preview:large","max-video-preview":"max-video-preview:-1"},"canonical":"https:\/\/www.technodompro.com\/index.php\/produkt\/aqualine-direct-otopne-teleso-se-stredovym-pripojenim-600x1680mm-1013-w-bila-elm66t-nejprodavanejsi-27305\/","og_locale":"cs_CZ","og_type":"article","og_title":"Aqualine DIRECT otopn\u00e9 t\u011bleso se st\u0159edov\u00fdm p\u0159ipojen\u00edm, 600x1680mm, 1013 W, b\u00edl\u00e1 ELM66T Nejprod\u00e1van\u011bj\u0161\u00ed -","og_description":"Detailn\u00ed popis produktu Tradi\u010dn\u011b tvarovan\u00e9 otopn\u00e9 t\u011bleso z&nbsp;ocelov\u00fdch trubek v&nbsp;b\u00edl\u00e9m proveden\u00ed s&nbsp;rovn\u00fdmi vodorovn\u00fdmi profily,&nbsp;st\u0159edov\u00e9 p\u0159ipojen\u00ed s&nbsp;rozte\u010d\u00ed 50 mm. Topn\u00e1 ty\u010d a p\u0159ipojovac\u00ed ventily nejsou sou\u010d\u00e1st\u00ed balen\u00ed Vlastnosti Zna\u010dka AQUALINE S\u00e9rie DIRECT st\u0159edov\u00e9 p\u0159ipojen\u00ed Rozm\u011br 600&#215;1680 mm \u0160\u00ed\u0159ka 600&nbsp;mm V\u00fd\u0161ka 1680&nbsp;mm Objem 9.30&nbsp;l Barva B\u00edl\u00e1 Materi\u00e1l Ocel Tvar Tvar H Doporu\u010den\u00e1 el. topn\u00e1 ty\u010d 1000&nbsp;W Mo\u017enost [&hellip;]","og_url":"https:\/\/www.technodompro.com\/index.php\/produkt\/aqualine-direct-otopne-teleso-se-stredovym-pripojenim-600x1680mm-1013-w-bila-elm66t-nejprodavanejsi-27305\/","og_image":[{"width":1000,"height":750,"url":"https:\/\/www.technodompro.com\/wp-content\/uploads\/2026\/SK0012340-CZ20260425-093631-0-1777080994-266725_elm66t-196301480267979.webp","type":"image\/webp"}],"twitter_card":"summary_large_image","twitter_misc":{"Odhadovan\u00e1 doba \u010dten\u00ed":"3 minuty"},"schema":{"@context":"https:\/\/schema.org","@graph":[{"@type":"WebPage","@id":"https:\/\/www.technodompro.com\/index.php\/produkt\/aqualine-direct-otopne-teleso-se-stredovym-pripojenim-600x1680mm-1013-w-bila-elm66t-nejprodavanejsi-27305\/","url":"https:\/\/www.technodompro.com\/index.php\/produkt\/aqualine-direct-otopne-teleso-se-stredovym-pripojenim-600x1680mm-1013-w-bila-elm66t-nejprodavanejsi-27305\/","name":"Aqualine DIRECT otopn\u00e9 t\u011bleso se st\u0159edov\u00fdm p\u0159ipojen\u00edm, 600x1680mm, 1013 W, b\u00edl\u00e1 ELM66T Nejprod\u00e1van\u011bj\u0161\u00ed -","isPartOf":{"@id":"https:\/\/www.technodompro.com\/#website"},"primaryImageOfPage":{"@id":"https:\/\/www.technodompro.com\/index.php\/produkt\/aqualine-direct-otopne-teleso-se-stredovym-pripojenim-600x1680mm-1013-w-bila-elm66t-nejprodavanejsi-27305\/#primaryimage"},"image":{"@id":"https:\/\/www.technodompro.com\/index.php\/produkt\/aqualine-direct-otopne-teleso-se-stredovym-pripojenim-600x1680mm-1013-w-bila-elm66t-nejprodavanejsi-27305\/#primaryimage"},"thumbnailUrl":"https:\/\/www.technodompro.com\/wp-content\/uploads\/2026\/SK0012340-CZ20260425-093631-0-1777080994-266725_elm66t-196301480267979.webp","datePublished":"2026-04-27T04:41:40+00:00","breadcrumb":{"@id":"https:\/\/www.technodompro.com\/index.php\/produkt\/aqualine-direct-otopne-teleso-se-stredovym-pripojenim-600x1680mm-1013-w-bila-elm66t-nejprodavanejsi-27305\/#breadcrumb"},"inLanguage":"cs","potentialAction":[{"@type":"ReadAction","target":["https:\/\/www.technodompro.com\/index.php\/produkt\/aqualine-direct-otopne-teleso-se-stredovym-pripojenim-600x1680mm-1013-w-bila-elm66t-nejprodavanejsi-27305\/"]}]},{"@type":"ImageObject","inLanguage":"cs","@id":"https:\/\/www.technodompro.com\/index.php\/produkt\/aqualine-direct-otopne-teleso-se-stredovym-pripojenim-600x1680mm-1013-w-bila-elm66t-nejprodavanejsi-27305\/#primaryimage","url":"https:\/\/www.technodompro.com\/wp-content\/uploads\/2026\/SK0012340-CZ20260425-093631-0-1777080994-266725_elm66t-196301480267979.webp","contentUrl":"https:\/\/www.technodompro.com\/wp-content\/uploads\/2026\/SK0012340-CZ20260425-093631-0-1777080994-266725_elm66t-196301480267979.webp","width":1000,"height":750},{"@type":"BreadcrumbList","@id":"https:\/\/www.technodompro.com\/index.php\/produkt\/aqualine-direct-otopne-teleso-se-stredovym-pripojenim-600x1680mm-1013-w-bila-elm66t-nejprodavanejsi-27305\/#breadcrumb","itemListElement":[{"@type":"ListItem","position":1,"name":"Home","item":"https:\/\/www.technodompro.com\/"},{"@type":"ListItem","position":2,"name":"Products","item":"https:\/\/www.technodompro.com\/index.php\/products\/"},{"@type":"ListItem","position":3,"name":"Aqualine DIRECT otopn\u00e9 t\u011bleso se st\u0159edov\u00fdm p\u0159ipojen\u00edm, 600x1680mm, 1013 W, b\u00edl\u00e1 ELM66T Nejprod\u00e1van\u011bj\u0161\u00ed"}]},{"@type":"WebSite","@id":"https:\/\/www.technodompro.com\/#website","url":"https:\/\/www.technodompro.com\/","name":"","description":"","potentialAction":[{"@type":"SearchAction","target":{"@type":"EntryPoint","urlTemplate":"https:\/\/www.technodompro.com\/?s={search_term_string}"},"query-input":{"@type":"PropertyValueSpecification","valueRequired":true,"valueName":"search_term_string"}}],"inLanguage":"cs"}]}},"_links":{"self":[{"href":"https:\/\/www.technodompro.com\/index.php\/wp-json\/wp\/v2\/product\/27305","targetHints":{"allow":["GET"]}}],"collection":[{"href":"https:\/\/www.technodompro.com\/index.php\/wp-json\/wp\/v2\/product"}],"about":[{"href":"https:\/\/www.technodompro.com\/index.php\/wp-json\/wp\/v2\/types\/product"}],"replies":[{"embeddable":true,"href":"https:\/\/www.technodompro.com\/index.php\/wp-json\/wp\/v2\/comments?post=27305"}],"wp:featuredmedia":[{"embeddable":true,"href":"https:\/\/www.technodompro.com\/index.php\/wp-json\/wp\/v2\/media\/27405"}],"wp:attachment":[{"href":"https:\/\/www.technodompro.com\/index.php\/wp-json\/wp\/v2\/media?parent=27305"}],"wp:term":[{"taxonomy":"product_brand","embeddable":true,"href":"https:\/\/www.technodompro.com\/index.php\/wp-json\/wp\/v2\/product_brand?post=27305"},{"taxonomy":"product_cat","embeddable":true,"href":"https:\/\/www.technodompro.com\/index.php\/wp-json\/wp\/v2\/product_cat?post=27305"},{"taxonomy":"product_tag","embeddable":true,"href":"https:\/\/www.technodompro.com\/index.php\/wp-json\/wp\/v2\/product_tag?post=27305"}],"curies":[{"name":"wp","href":"https:\/\/api.w.org\/{rel}","templated":true}]}}