{"id":2898,"date":"2026-04-27T04:40:40","date_gmt":"2026-04-27T04:40:40","guid":{"rendered":""},"modified":"2026-04-27T04:40:40","modified_gmt":"2026-04-27T04:40:40","slug":"slovarm-soupatko-prime-v-3040-dn-40-rp-6-4-ff-412233-znackovy-2898","status":"publish","type":"product","link":"https:\/\/www.technodompro.com\/index.php\/produkt\/slovarm-soupatko-prime-v-3040-dn-40-rp-6-4-ff-412233-znackovy-2898\/","title":{"rendered":"Slovarm \u0160oup\u00e1tko p\u0159\u00edm\u00e9 V-3040 DN 40, Rp 6\/4&#8243; FF,  412233 Zna\u010dkov\u00fd"},"content":{"rendered":"<div class=\"detail-description__right\">\t\t\t\t<\/div>\n<div class=\"detail-description__top\">\t\t\t\t<\/div>\n<div class=\"detail-description__left\">\n<div class=\"detail-description__left__overflow\">\n<div class=\"detail-description__left__head\">\t\t\t\t\t\tPopis:\t\t\t\t\t<\/div>\n<div class=\"ul-style ul-style--check\">\n<p><strong>P\u0159\u00edm\u00fd uzav\u00edrac\u00ed \u0161oup\u00e1tko<\/strong><\/p>\n<p>Mosazn\u00fd uzav\u00edrac\u00ed \u0161oup\u00e1tko\u00a0se pou\u017e\u00edv\u00e1 v\u00a0rozvodech pitn\u00e9 au\u017eitkov\u00e9 vody. P\u0159\u00edm\u00e9 \u0161oup\u00e1tko je celomosazn\u00e9\u00a0bez povrchov\u00e9\u00fapravy\u00a0krom\u011b ru\u010dn\u00edho kole\u010dka a t\u011bsn\u011bn\u00ed. Kole\u010dko je z\u00a0hlin\u00edkov\u00e9slitiny s\u00a0povrchovou \u00fapravou komaxit. T\u011bsn\u011bn\u00ed ku\u017eelky EPDM a ucp\u00e1vkybavlna + teflon.<\/p>\n<p><strong>Rozm\u011br<\/strong><\/p>\n<p>D L Rp 6\/4&#8243; FF 75\u00a0mm<\/p>\n<p><strong>Technick\u00e9 parametry<\/strong><\/p>\n<p>Druh m\u00e9dia voda Max. teplota m\u00e9dia 110\u00a0\u00b0C Materi\u00e1l mosaz CW 617N-DW Max.pracovn\u00ed tlak 1\u00a0MPa<\/p>\n<\/div>\n<div class=\"detail-description__left__more\">\t\t\t\t\t\t<span> <\/span><span> <\/span>\t\t\t\t\t<\/div>\n<\/p><\/div>\n<\/p><\/div>\n<div class=\"detail-description__more\"><span> <\/span><span> <\/span><\/div>\n<\/p><\/div>\n<\/p><\/div>\n","protected":false},"excerpt":{"rendered":"<p>Popis: P\u0159\u00edm\u00fd uzav\u00edrac\u00ed \u0161oup\u00e1tko Mosazn\u00fd uzav\u00edrac\u00ed \u0161oup\u00e1tko\u00a0se pou\u017e\u00edv\u00e1 v\u00a0rozvodech pitn\u00e9 au\u017eitkov\u00e9 vody. P\u0159\u00edm\u00e9 \u0161oup\u00e1tko je celomosazn\u00e9\u00a0bez povrchov\u00e9\u00fapravy\u00a0krom\u011b ru\u010dn\u00edho kole\u010dka a t\u011bsn\u011bn\u00ed. Kole\u010dko je z\u00a0hlin\u00edkov\u00e9slitiny s\u00a0povrchovou \u00fapravou komaxit. T\u011bsn\u011bn\u00ed ku\u017eelky EPDM a ucp\u00e1vkybavlna + teflon. Rozm\u011br D L Rp 6\/4&#8243; FF 75\u00a0mm Technick\u00e9 parametry Druh m\u00e9dia voda Max. teplota m\u00e9dia 110\u00a0\u00b0C Materi\u00e1l mosaz CW 617N-DW Max.pracovn\u00ed [&hellip;]<\/p>\n","protected":false},"featured_media":2998,"comment_status":"open","ping_status":"open","template":"","meta":[],"product_brand":[],"product_cat":[40],"product_tag":[],"class_list":{"0":"post-2898","1":"product","2":"type-product","3":"status-publish","4":"has-post-thumbnail","6":"product_cat-odvodneni","8":"first","9":"instock","10":"sale","11":"shipping-taxable","12":"purchasable","13":"product-type-simple"},"yoast_head":"<!-- This site is optimized with the Yoast SEO plugin v26.8 - https:\/\/yoast.com\/product\/yoast-seo-wordpress\/ -->\n<title>Slovarm \u0160oup\u00e1tko p\u0159\u00edm\u00e9 V-3040 DN 40, Rp 6\/4&quot; FF, 412233 Zna\u010dkov\u00fd -<\/title>\n<meta name=\"robots\" content=\"index, follow, max-snippet:-1, max-image-preview:large, max-video-preview:-1\" \/>\n<link rel=\"canonical\" href=\"https:\/\/www.technodompro.com\/index.php\/produkt\/slovarm-soupatko-prime-v-3040-dn-40-rp-6-4-ff-412233-znackovy-2898\/\" \/>\n<meta property=\"og:locale\" content=\"cs_CZ\" \/>\n<meta property=\"og:type\" content=\"article\" \/>\n<meta property=\"og:title\" content=\"Slovarm \u0160oup\u00e1tko p\u0159\u00edm\u00e9 V-3040 DN 40, Rp 6\/4&quot; FF, 412233 Zna\u010dkov\u00fd -\" \/>\n<meta property=\"og:description\" content=\"Popis: P\u0159\u00edm\u00fd uzav\u00edrac\u00ed \u0161oup\u00e1tko Mosazn\u00fd uzav\u00edrac\u00ed \u0161oup\u00e1tko\u00a0se pou\u017e\u00edv\u00e1 v\u00a0rozvodech pitn\u00e9 au\u017eitkov\u00e9 vody. P\u0159\u00edm\u00e9 \u0161oup\u00e1tko je celomosazn\u00e9\u00a0bez povrchov\u00e9\u00fapravy\u00a0krom\u011b ru\u010dn\u00edho kole\u010dka a t\u011bsn\u011bn\u00ed. Kole\u010dko je z\u00a0hlin\u00edkov\u00e9slitiny s\u00a0povrchovou \u00fapravou komaxit. T\u011bsn\u011bn\u00ed ku\u017eelky EPDM a ucp\u00e1vkybavlna + teflon. Rozm\u011br D L Rp 6\/4&#8243; FF 75\u00a0mm Technick\u00e9 parametry Druh m\u00e9dia voda Max. teplota m\u00e9dia 110\u00a0\u00b0C Materi\u00e1l mosaz CW 617N-DW Max.pracovn\u00ed [&hellip;]\" \/>\n<meta property=\"og:url\" content=\"https:\/\/www.technodompro.com\/index.php\/produkt\/slovarm-soupatko-prime-v-3040-dn-40-rp-6-4-ff-412233-znackovy-2898\/\" \/>\n<meta property=\"og:image\" content=\"https:\/\/www.technodompro.com\/wp-content\/uploads\/2026\/SK0017981-CZ20260425-091936-0-1777079982-slovarm-soupatko-prime-v-3040-dn-40-rp-6-4-ff-412233-w1200-.webp\" \/>\n\t<meta property=\"og:image:width\" content=\"1000\" \/>\n\t<meta property=\"og:image:height\" content=\"523\" \/>\n\t<meta property=\"og:image:type\" content=\"image\/webp\" \/>\n<meta name=\"twitter:card\" content=\"summary_large_image\" \/>\n<script type=\"application\/ld+json\" class=\"yoast-schema-graph\">{\"@context\":\"https:\/\/schema.org\",\"@graph\":[{\"@type\":\"WebPage\",\"@id\":\"https:\/\/www.technodompro.com\/index.php\/produkt\/slovarm-soupatko-prime-v-3040-dn-40-rp-6-4-ff-412233-znackovy-2898\/\",\"url\":\"https:\/\/www.technodompro.com\/index.php\/produkt\/slovarm-soupatko-prime-v-3040-dn-40-rp-6-4-ff-412233-znackovy-2898\/\",\"name\":\"Slovarm \u0160oup\u00e1tko p\u0159\u00edm\u00e9 V-3040 DN 40, Rp 6\/4\\\" FF, 412233 Zna\u010dkov\u00fd -\",\"isPartOf\":{\"@id\":\"https:\/\/www.technodompro.com\/#website\"},\"primaryImageOfPage\":{\"@id\":\"https:\/\/www.technodompro.com\/index.php\/produkt\/slovarm-soupatko-prime-v-3040-dn-40-rp-6-4-ff-412233-znackovy-2898\/#primaryimage\"},\"image\":{\"@id\":\"https:\/\/www.technodompro.com\/index.php\/produkt\/slovarm-soupatko-prime-v-3040-dn-40-rp-6-4-ff-412233-znackovy-2898\/#primaryimage\"},\"thumbnailUrl\":\"https:\/\/www.technodompro.com\/wp-content\/uploads\/2026\/SK0017981-CZ20260425-091936-0-1777079982-slovarm-soupatko-prime-v-3040-dn-40-rp-6-4-ff-412233-w1200-.webp\",\"datePublished\":\"2026-04-27T04:40:40+00:00\",\"breadcrumb\":{\"@id\":\"https:\/\/www.technodompro.com\/index.php\/produkt\/slovarm-soupatko-prime-v-3040-dn-40-rp-6-4-ff-412233-znackovy-2898\/#breadcrumb\"},\"inLanguage\":\"cs\",\"potentialAction\":[{\"@type\":\"ReadAction\",\"target\":[\"https:\/\/www.technodompro.com\/index.php\/produkt\/slovarm-soupatko-prime-v-3040-dn-40-rp-6-4-ff-412233-znackovy-2898\/\"]}]},{\"@type\":\"ImageObject\",\"inLanguage\":\"cs\",\"@id\":\"https:\/\/www.technodompro.com\/index.php\/produkt\/slovarm-soupatko-prime-v-3040-dn-40-rp-6-4-ff-412233-znackovy-2898\/#primaryimage\",\"url\":\"https:\/\/www.technodompro.com\/wp-content\/uploads\/2026\/SK0017981-CZ20260425-091936-0-1777079982-slovarm-soupatko-prime-v-3040-dn-40-rp-6-4-ff-412233-w1200-.webp\",\"contentUrl\":\"https:\/\/www.technodompro.com\/wp-content\/uploads\/2026\/SK0017981-CZ20260425-091936-0-1777079982-slovarm-soupatko-prime-v-3040-dn-40-rp-6-4-ff-412233-w1200-.webp\",\"width\":1000,\"height\":523},{\"@type\":\"BreadcrumbList\",\"@id\":\"https:\/\/www.technodompro.com\/index.php\/produkt\/slovarm-soupatko-prime-v-3040-dn-40-rp-6-4-ff-412233-znackovy-2898\/#breadcrumb\",\"itemListElement\":[{\"@type\":\"ListItem\",\"position\":1,\"name\":\"Home\",\"item\":\"https:\/\/www.technodompro.com\/\"},{\"@type\":\"ListItem\",\"position\":2,\"name\":\"Products\",\"item\":\"https:\/\/www.technodompro.com\/index.php\/products\/\"},{\"@type\":\"ListItem\",\"position\":3,\"name\":\"Slovarm \u0160oup\u00e1tko p\u0159\u00edm\u00e9 V-3040 DN 40, Rp 6\/4&#8243; FF, 412233 Zna\u010dkov\u00fd\"}]},{\"@type\":\"WebSite\",\"@id\":\"https:\/\/www.technodompro.com\/#website\",\"url\":\"https:\/\/www.technodompro.com\/\",\"name\":\"\",\"description\":\"\",\"potentialAction\":[{\"@type\":\"SearchAction\",\"target\":{\"@type\":\"EntryPoint\",\"urlTemplate\":\"https:\/\/www.technodompro.com\/?s={search_term_string}\"},\"query-input\":{\"@type\":\"PropertyValueSpecification\",\"valueRequired\":true,\"valueName\":\"search_term_string\"}}],\"inLanguage\":\"cs\"}]}<\/script>\n<!-- \/ Yoast SEO plugin. -->","yoast_head_json":{"title":"Slovarm \u0160oup\u00e1tko p\u0159\u00edm\u00e9 V-3040 DN 40, Rp 6\/4\" FF, 412233 Zna\u010dkov\u00fd -","robots":{"index":"index","follow":"follow","max-snippet":"max-snippet:-1","max-image-preview":"max-image-preview:large","max-video-preview":"max-video-preview:-1"},"canonical":"https:\/\/www.technodompro.com\/index.php\/produkt\/slovarm-soupatko-prime-v-3040-dn-40-rp-6-4-ff-412233-znackovy-2898\/","og_locale":"cs_CZ","og_type":"article","og_title":"Slovarm \u0160oup\u00e1tko p\u0159\u00edm\u00e9 V-3040 DN 40, Rp 6\/4\" FF, 412233 Zna\u010dkov\u00fd -","og_description":"Popis: P\u0159\u00edm\u00fd uzav\u00edrac\u00ed \u0161oup\u00e1tko Mosazn\u00fd uzav\u00edrac\u00ed \u0161oup\u00e1tko\u00a0se pou\u017e\u00edv\u00e1 v\u00a0rozvodech pitn\u00e9 au\u017eitkov\u00e9 vody. P\u0159\u00edm\u00e9 \u0161oup\u00e1tko je celomosazn\u00e9\u00a0bez povrchov\u00e9\u00fapravy\u00a0krom\u011b ru\u010dn\u00edho kole\u010dka a t\u011bsn\u011bn\u00ed. Kole\u010dko je z\u00a0hlin\u00edkov\u00e9slitiny s\u00a0povrchovou \u00fapravou komaxit. T\u011bsn\u011bn\u00ed ku\u017eelky EPDM a ucp\u00e1vkybavlna + teflon. Rozm\u011br D L Rp 6\/4&#8243; FF 75\u00a0mm Technick\u00e9 parametry Druh m\u00e9dia voda Max. teplota m\u00e9dia 110\u00a0\u00b0C Materi\u00e1l mosaz CW 617N-DW Max.pracovn\u00ed [&hellip;]","og_url":"https:\/\/www.technodompro.com\/index.php\/produkt\/slovarm-soupatko-prime-v-3040-dn-40-rp-6-4-ff-412233-znackovy-2898\/","og_image":[{"width":1000,"height":523,"url":"https:\/\/www.technodompro.com\/wp-content\/uploads\/2026\/SK0017981-CZ20260425-091936-0-1777079982-slovarm-soupatko-prime-v-3040-dn-40-rp-6-4-ff-412233-w1200-.webp","type":"image\/webp"}],"twitter_card":"summary_large_image","schema":{"@context":"https:\/\/schema.org","@graph":[{"@type":"WebPage","@id":"https:\/\/www.technodompro.com\/index.php\/produkt\/slovarm-soupatko-prime-v-3040-dn-40-rp-6-4-ff-412233-znackovy-2898\/","url":"https:\/\/www.technodompro.com\/index.php\/produkt\/slovarm-soupatko-prime-v-3040-dn-40-rp-6-4-ff-412233-znackovy-2898\/","name":"Slovarm \u0160oup\u00e1tko p\u0159\u00edm\u00e9 V-3040 DN 40, Rp 6\/4\" FF, 412233 Zna\u010dkov\u00fd -","isPartOf":{"@id":"https:\/\/www.technodompro.com\/#website"},"primaryImageOfPage":{"@id":"https:\/\/www.technodompro.com\/index.php\/produkt\/slovarm-soupatko-prime-v-3040-dn-40-rp-6-4-ff-412233-znackovy-2898\/#primaryimage"},"image":{"@id":"https:\/\/www.technodompro.com\/index.php\/produkt\/slovarm-soupatko-prime-v-3040-dn-40-rp-6-4-ff-412233-znackovy-2898\/#primaryimage"},"thumbnailUrl":"https:\/\/www.technodompro.com\/wp-content\/uploads\/2026\/SK0017981-CZ20260425-091936-0-1777079982-slovarm-soupatko-prime-v-3040-dn-40-rp-6-4-ff-412233-w1200-.webp","datePublished":"2026-04-27T04:40:40+00:00","breadcrumb":{"@id":"https:\/\/www.technodompro.com\/index.php\/produkt\/slovarm-soupatko-prime-v-3040-dn-40-rp-6-4-ff-412233-znackovy-2898\/#breadcrumb"},"inLanguage":"cs","potentialAction":[{"@type":"ReadAction","target":["https:\/\/www.technodompro.com\/index.php\/produkt\/slovarm-soupatko-prime-v-3040-dn-40-rp-6-4-ff-412233-znackovy-2898\/"]}]},{"@type":"ImageObject","inLanguage":"cs","@id":"https:\/\/www.technodompro.com\/index.php\/produkt\/slovarm-soupatko-prime-v-3040-dn-40-rp-6-4-ff-412233-znackovy-2898\/#primaryimage","url":"https:\/\/www.technodompro.com\/wp-content\/uploads\/2026\/SK0017981-CZ20260425-091936-0-1777079982-slovarm-soupatko-prime-v-3040-dn-40-rp-6-4-ff-412233-w1200-.webp","contentUrl":"https:\/\/www.technodompro.com\/wp-content\/uploads\/2026\/SK0017981-CZ20260425-091936-0-1777079982-slovarm-soupatko-prime-v-3040-dn-40-rp-6-4-ff-412233-w1200-.webp","width":1000,"height":523},{"@type":"BreadcrumbList","@id":"https:\/\/www.technodompro.com\/index.php\/produkt\/slovarm-soupatko-prime-v-3040-dn-40-rp-6-4-ff-412233-znackovy-2898\/#breadcrumb","itemListElement":[{"@type":"ListItem","position":1,"name":"Home","item":"https:\/\/www.technodompro.com\/"},{"@type":"ListItem","position":2,"name":"Products","item":"https:\/\/www.technodompro.com\/index.php\/products\/"},{"@type":"ListItem","position":3,"name":"Slovarm \u0160oup\u00e1tko p\u0159\u00edm\u00e9 V-3040 DN 40, Rp 6\/4&#8243; FF, 412233 Zna\u010dkov\u00fd"}]},{"@type":"WebSite","@id":"https:\/\/www.technodompro.com\/#website","url":"https:\/\/www.technodompro.com\/","name":"","description":"","potentialAction":[{"@type":"SearchAction","target":{"@type":"EntryPoint","urlTemplate":"https:\/\/www.technodompro.com\/?s={search_term_string}"},"query-input":{"@type":"PropertyValueSpecification","valueRequired":true,"valueName":"search_term_string"}}],"inLanguage":"cs"}]}},"_links":{"self":[{"href":"https:\/\/www.technodompro.com\/index.php\/wp-json\/wp\/v2\/product\/2898","targetHints":{"allow":["GET"]}}],"collection":[{"href":"https:\/\/www.technodompro.com\/index.php\/wp-json\/wp\/v2\/product"}],"about":[{"href":"https:\/\/www.technodompro.com\/index.php\/wp-json\/wp\/v2\/types\/product"}],"replies":[{"embeddable":true,"href":"https:\/\/www.technodompro.com\/index.php\/wp-json\/wp\/v2\/comments?post=2898"}],"wp:featuredmedia":[{"embeddable":true,"href":"https:\/\/www.technodompro.com\/index.php\/wp-json\/wp\/v2\/media\/2998"}],"wp:attachment":[{"href":"https:\/\/www.technodompro.com\/index.php\/wp-json\/wp\/v2\/media?parent=2898"}],"wp:term":[{"taxonomy":"product_brand","embeddable":true,"href":"https:\/\/www.technodompro.com\/index.php\/wp-json\/wp\/v2\/product_brand?post=2898"},{"taxonomy":"product_cat","embeddable":true,"href":"https:\/\/www.technodompro.com\/index.php\/wp-json\/wp\/v2\/product_cat?post=2898"},{"taxonomy":"product_tag","embeddable":true,"href":"https:\/\/www.technodompro.com\/index.php\/wp-json\/wp\/v2\/product_tag?post=2898"}],"curies":[{"name":"wp","href":"https:\/\/api.w.org\/{rel}","templated":true}]}}