{"id":2912,"date":"2026-04-27T04:40:40","date_gmt":"2026-04-27T04:40:40","guid":{"rendered":""},"modified":"2026-04-27T04:40:40","modified_gmt":"2026-04-27T04:40:40","slug":"novinka-gebo-sverna-spojka-qa-s-vnejsim-zavitem-6-4-gebo-quick-17-195-00-05-2912","status":"publish","type":"product","link":"https:\/\/www.technodompro.com\/index.php\/produkt\/novinka-gebo-sverna-spojka-qa-s-vnejsim-zavitem-6-4-gebo-quick-17-195-00-05-2912\/","title":{"rendered":"Novinka Gebo Sv\u011brn\u00e1 spojka QA s vn\u011bj\u0161\u00edm z\u00e1vitem 6\/4&#8243;, Gebo Quick 17.195.00.05"},"content":{"rendered":"<div class=\"detail-description__right\">\t\t\t\t<\/div>\n<div class=\"detail-description__top\">\t\t\t\t<\/div>\n<div class=\"detail-description__left\">\n<div class=\"detail-description__left__overflow\">\n<div class=\"detail-description__left__head\">\t\t\t\t\t\tPopis:\t\t\t\t\t<\/div>\n<div class=\"ul-style ul-style--check\">\n<p><strong>Sv\u011brn\u00e9 spojky GEBO QUICK<\/strong><\/p>\n<p>Univerz\u00e1ln\u00ed sv\u011brn\u00e9 spojky\u00a0jsou dostupn\u00e9 pro\u00a0ocelov\u00e9 trubky, \u010dern\u00e9ocelov\u00e9 trubky a pro PE trubky. T\u011blo armatury je vyrobeno z\u00a0\u017e\u00e1rov\u011bzinkovan\u00e9 temperovan\u00e9 oceli. Spojky se pou\u017e\u00edvaj\u00ed pro opravy nast\u00e1vaj\u00edc\u00edm potrub\u00ed a nov\u00e9 instalaci potrub\u00ed pro r\u016fzn\u00e1 m\u00e9dia.GEBO QUICKspojky jsou navr\u017eeny pro nep\u0159etr\u017eit\u00fd provoz.<\/p>\n<p><strong>Konstrukce<\/strong><\/p>\n<ol>\n<li>T\u011blo<\/li>\n<li>T\u011bsn\u011bn\u00ed NBR<\/li>\n<li>Podlo\u017eka z\u00a0pozinkovan\u00e9 oceli<\/li>\n<li>Sv\u011brn\u00fd krou\u017eek z\u00a0pozinkovan\u00e9 oceli<\/li>\n<li>Matice<\/li>\n<li>Potrub\u00ed<\/li>\n<\/ol>\n<p>\u00a0<\/p>\n<p><strong>Rozm\u011br<\/strong><\/p>\n<p>A\u00a089\u00a0mm E 72\u00a0mm R 1 1\/2&#8243; Hloubka zasunut\u00ed min. 25\u00a0mm Hloubka zasunut\u00edmax. 55\u00a0mm Vn\u011bj\u0161\u00ed pr\u016fm\u011br ocelov\u00e9 trubky\u00a0\u00d8 48,3\u00a0mm Vn\u011bj\u0161\u00ed pr\u016fm\u011brocelov\u00e9 \u010dern\u00e9 trubky\u00a0\u00d8 51\u00a0mm Vn\u011bj\u0161\u00ed pr\u016fm\u011br PE trubky* \u00d850\u00a0\u00d7\u00a04,6\u00a0mm<\/p>\n<p>* Pro PE instalaci je nezbytn\u00e9 pou\u017e\u00edt op\u011brn\u00e1\u00a0pouzdra.<\/p>\n<p>\u00a0<\/p>\n<p><strong>Vlastnosti<\/strong><\/p>\n<p><strong>M\u00e9dium<\/strong>: voda, plyn, sta\u010den\u00fd vzduch<\/p>\n<p><strong>Oblast pou\u017eit\u00ed a provozn\u00ed teplota<\/strong>: topn\u00e1 voda 80\u00a0\u00b0C(v\u00fdhradn\u011b pro ocelov\u00e9 trubky), pitn\u00e1 voda: do 25\u00a0\u00b0C; stla\u010den\u00fd vzduch(v\u00fdhradn\u011b pro ocelov\u00e9 trubky): max. 70\u00a0\u00b0C; plyn\u00a0\u201320 \u00b0C a\u017e +60\u00a0\u00b0C(v\u00fdhradn\u011b pro ocelov\u00e9 trubky podle DIN EN 10255\u00a0a DIN EN10220\u00a0s\u00e9rie\u00a01)<\/p>\n<p><strong>Pracovn\u00ed tlak<\/strong>: stla\u010den\u00fd vzduch 10\u00a0bar; voda 10\u00a0bar;plyn 5\u00a0bar<\/p>\n<p><strong>Vn\u011bj\u0161\u00ed pr\u016fm\u011br trubky<\/strong>: 47,9\u00a0\u2013 51,5\u00a0mm<\/p>\n<\/div>\n<div class=\"detail-description__left__more\">\t\t\t\t\t\t<span> <\/span><span> <\/span>\t\t\t\t\t<\/div>\n<\/p><\/div>\n<\/p><\/div>\n<div class=\"detail-description__more\"><span> <\/span><span> <\/span><\/div>\n<\/p><\/div>\n<\/p><\/div>\n","protected":false},"excerpt":{"rendered":"<p>Popis: Sv\u011brn\u00e9 spojky GEBO QUICK Univerz\u00e1ln\u00ed sv\u011brn\u00e9 spojky\u00a0jsou dostupn\u00e9 pro\u00a0ocelov\u00e9 trubky, \u010dern\u00e9ocelov\u00e9 trubky a pro PE trubky. T\u011blo armatury je vyrobeno z\u00a0\u017e\u00e1rov\u011bzinkovan\u00e9 temperovan\u00e9 oceli. Spojky se pou\u017e\u00edvaj\u00ed pro opravy nast\u00e1vaj\u00edc\u00edm potrub\u00ed a nov\u00e9 instalaci potrub\u00ed pro r\u016fzn\u00e1 m\u00e9dia.GEBO QUICKspojky jsou navr\u017eeny pro nep\u0159etr\u017eit\u00fd provoz. Konstrukce T\u011blo T\u011bsn\u011bn\u00ed NBR Podlo\u017eka z\u00a0pozinkovan\u00e9 oceli Sv\u011brn\u00fd krou\u017eek z\u00a0pozinkovan\u00e9 oceli [&hellip;]<\/p>\n","protected":false},"featured_media":3012,"comment_status":"open","ping_status":"open","template":"","meta":[],"product_brand":[],"product_cat":[40],"product_tag":[],"class_list":{"0":"post-2912","1":"product","2":"type-product","3":"status-publish","4":"has-post-thumbnail","6":"product_cat-odvodneni","8":"first","9":"instock","10":"sale","11":"shipping-taxable","12":"purchasable","13":"product-type-simple"},"yoast_head":"<!-- This site is optimized with the Yoast SEO plugin v26.8 - https:\/\/yoast.com\/product\/yoast-seo-wordpress\/ -->\n<title>Novinka Gebo Sv\u011brn\u00e1 spojka QA s vn\u011bj\u0161\u00edm z\u00e1vitem 6\/4&quot;, Gebo Quick 17.195.00.05 -<\/title>\n<meta name=\"robots\" content=\"index, follow, max-snippet:-1, max-image-preview:large, max-video-preview:-1\" \/>\n<link rel=\"canonical\" href=\"https:\/\/www.technodompro.com\/index.php\/produkt\/novinka-gebo-sverna-spojka-qa-s-vnejsim-zavitem-6-4-gebo-quick-17-195-00-05-2912\/\" \/>\n<meta property=\"og:locale\" content=\"cs_CZ\" \/>\n<meta property=\"og:type\" content=\"article\" \/>\n<meta property=\"og:title\" content=\"Novinka Gebo Sv\u011brn\u00e1 spojka QA s vn\u011bj\u0161\u00edm z\u00e1vitem 6\/4&quot;, Gebo Quick 17.195.00.05 -\" \/>\n<meta property=\"og:description\" content=\"Popis: Sv\u011brn\u00e9 spojky GEBO QUICK Univerz\u00e1ln\u00ed sv\u011brn\u00e9 spojky\u00a0jsou dostupn\u00e9 pro\u00a0ocelov\u00e9 trubky, \u010dern\u00e9ocelov\u00e9 trubky a pro PE trubky. T\u011blo armatury je vyrobeno z\u00a0\u017e\u00e1rov\u011bzinkovan\u00e9 temperovan\u00e9 oceli. Spojky se pou\u017e\u00edvaj\u00ed pro opravy nast\u00e1vaj\u00edc\u00edm potrub\u00ed a nov\u00e9 instalaci potrub\u00ed pro r\u016fzn\u00e1 m\u00e9dia.GEBO QUICKspojky jsou navr\u017eeny pro nep\u0159etr\u017eit\u00fd provoz. Konstrukce T\u011blo T\u011bsn\u011bn\u00ed NBR Podlo\u017eka z\u00a0pozinkovan\u00e9 oceli Sv\u011brn\u00fd krou\u017eek z\u00a0pozinkovan\u00e9 oceli [&hellip;]\" \/>\n<meta property=\"og:url\" content=\"https:\/\/www.technodompro.com\/index.php\/produkt\/novinka-gebo-sverna-spojka-qa-s-vnejsim-zavitem-6-4-gebo-quick-17-195-00-05-2912\/\" \/>\n<meta property=\"og:image\" content=\"https:\/\/www.technodompro.com\/wp-content\/uploads\/2026\/SK0017995-CZ20260425-091936-0-1777079982-gebo-sverna-spojka-qa-s-vnejsim-zavitem-6-4-gebo-quick-17-1.webp\" \/>\n\t<meta property=\"og:image:width\" content=\"1000\" \/>\n\t<meta property=\"og:image:height\" content=\"523\" \/>\n\t<meta property=\"og:image:type\" content=\"image\/webp\" \/>\n<meta name=\"twitter:card\" content=\"summary_large_image\" \/>\n<meta name=\"twitter:label1\" content=\"Odhadovan\u00e1 doba \u010dten\u00ed\" \/>\n\t<meta name=\"twitter:data1\" content=\"1 minuta\" \/>\n<script type=\"application\/ld+json\" class=\"yoast-schema-graph\">{\"@context\":\"https:\/\/schema.org\",\"@graph\":[{\"@type\":\"WebPage\",\"@id\":\"https:\/\/www.technodompro.com\/index.php\/produkt\/novinka-gebo-sverna-spojka-qa-s-vnejsim-zavitem-6-4-gebo-quick-17-195-00-05-2912\/\",\"url\":\"https:\/\/www.technodompro.com\/index.php\/produkt\/novinka-gebo-sverna-spojka-qa-s-vnejsim-zavitem-6-4-gebo-quick-17-195-00-05-2912\/\",\"name\":\"Novinka Gebo Sv\u011brn\u00e1 spojka QA s vn\u011bj\u0161\u00edm z\u00e1vitem 6\/4\\\", Gebo Quick 17.195.00.05 -\",\"isPartOf\":{\"@id\":\"https:\/\/www.technodompro.com\/#website\"},\"primaryImageOfPage\":{\"@id\":\"https:\/\/www.technodompro.com\/index.php\/produkt\/novinka-gebo-sverna-spojka-qa-s-vnejsim-zavitem-6-4-gebo-quick-17-195-00-05-2912\/#primaryimage\"},\"image\":{\"@id\":\"https:\/\/www.technodompro.com\/index.php\/produkt\/novinka-gebo-sverna-spojka-qa-s-vnejsim-zavitem-6-4-gebo-quick-17-195-00-05-2912\/#primaryimage\"},\"thumbnailUrl\":\"https:\/\/www.technodompro.com\/wp-content\/uploads\/2026\/SK0017995-CZ20260425-091936-0-1777079982-gebo-sverna-spojka-qa-s-vnejsim-zavitem-6-4-gebo-quick-17-1.webp\",\"datePublished\":\"2026-04-27T04:40:40+00:00\",\"breadcrumb\":{\"@id\":\"https:\/\/www.technodompro.com\/index.php\/produkt\/novinka-gebo-sverna-spojka-qa-s-vnejsim-zavitem-6-4-gebo-quick-17-195-00-05-2912\/#breadcrumb\"},\"inLanguage\":\"cs\",\"potentialAction\":[{\"@type\":\"ReadAction\",\"target\":[\"https:\/\/www.technodompro.com\/index.php\/produkt\/novinka-gebo-sverna-spojka-qa-s-vnejsim-zavitem-6-4-gebo-quick-17-195-00-05-2912\/\"]}]},{\"@type\":\"ImageObject\",\"inLanguage\":\"cs\",\"@id\":\"https:\/\/www.technodompro.com\/index.php\/produkt\/novinka-gebo-sverna-spojka-qa-s-vnejsim-zavitem-6-4-gebo-quick-17-195-00-05-2912\/#primaryimage\",\"url\":\"https:\/\/www.technodompro.com\/wp-content\/uploads\/2026\/SK0017995-CZ20260425-091936-0-1777079982-gebo-sverna-spojka-qa-s-vnejsim-zavitem-6-4-gebo-quick-17-1.webp\",\"contentUrl\":\"https:\/\/www.technodompro.com\/wp-content\/uploads\/2026\/SK0017995-CZ20260425-091936-0-1777079982-gebo-sverna-spojka-qa-s-vnejsim-zavitem-6-4-gebo-quick-17-1.webp\",\"width\":1000,\"height\":523},{\"@type\":\"BreadcrumbList\",\"@id\":\"https:\/\/www.technodompro.com\/index.php\/produkt\/novinka-gebo-sverna-spojka-qa-s-vnejsim-zavitem-6-4-gebo-quick-17-195-00-05-2912\/#breadcrumb\",\"itemListElement\":[{\"@type\":\"ListItem\",\"position\":1,\"name\":\"Home\",\"item\":\"https:\/\/www.technodompro.com\/\"},{\"@type\":\"ListItem\",\"position\":2,\"name\":\"Products\",\"item\":\"https:\/\/www.technodompro.com\/index.php\/products\/\"},{\"@type\":\"ListItem\",\"position\":3,\"name\":\"Novinka Gebo Sv\u011brn\u00e1 spojka QA s vn\u011bj\u0161\u00edm z\u00e1vitem 6\/4&#8243;, Gebo Quick 17.195.00.05\"}]},{\"@type\":\"WebSite\",\"@id\":\"https:\/\/www.technodompro.com\/#website\",\"url\":\"https:\/\/www.technodompro.com\/\",\"name\":\"\",\"description\":\"\",\"potentialAction\":[{\"@type\":\"SearchAction\",\"target\":{\"@type\":\"EntryPoint\",\"urlTemplate\":\"https:\/\/www.technodompro.com\/?s={search_term_string}\"},\"query-input\":{\"@type\":\"PropertyValueSpecification\",\"valueRequired\":true,\"valueName\":\"search_term_string\"}}],\"inLanguage\":\"cs\"}]}<\/script>\n<!-- \/ Yoast SEO plugin. -->","yoast_head_json":{"title":"Novinka Gebo Sv\u011brn\u00e1 spojka QA s vn\u011bj\u0161\u00edm z\u00e1vitem 6\/4\", Gebo Quick 17.195.00.05 -","robots":{"index":"index","follow":"follow","max-snippet":"max-snippet:-1","max-image-preview":"max-image-preview:large","max-video-preview":"max-video-preview:-1"},"canonical":"https:\/\/www.technodompro.com\/index.php\/produkt\/novinka-gebo-sverna-spojka-qa-s-vnejsim-zavitem-6-4-gebo-quick-17-195-00-05-2912\/","og_locale":"cs_CZ","og_type":"article","og_title":"Novinka Gebo Sv\u011brn\u00e1 spojka QA s vn\u011bj\u0161\u00edm z\u00e1vitem 6\/4\", Gebo Quick 17.195.00.05 -","og_description":"Popis: Sv\u011brn\u00e9 spojky GEBO QUICK Univerz\u00e1ln\u00ed sv\u011brn\u00e9 spojky\u00a0jsou dostupn\u00e9 pro\u00a0ocelov\u00e9 trubky, \u010dern\u00e9ocelov\u00e9 trubky a pro PE trubky. T\u011blo armatury je vyrobeno z\u00a0\u017e\u00e1rov\u011bzinkovan\u00e9 temperovan\u00e9 oceli. Spojky se pou\u017e\u00edvaj\u00ed pro opravy nast\u00e1vaj\u00edc\u00edm potrub\u00ed a nov\u00e9 instalaci potrub\u00ed pro r\u016fzn\u00e1 m\u00e9dia.GEBO QUICKspojky jsou navr\u017eeny pro nep\u0159etr\u017eit\u00fd provoz. Konstrukce T\u011blo T\u011bsn\u011bn\u00ed NBR Podlo\u017eka z\u00a0pozinkovan\u00e9 oceli Sv\u011brn\u00fd krou\u017eek z\u00a0pozinkovan\u00e9 oceli [&hellip;]","og_url":"https:\/\/www.technodompro.com\/index.php\/produkt\/novinka-gebo-sverna-spojka-qa-s-vnejsim-zavitem-6-4-gebo-quick-17-195-00-05-2912\/","og_image":[{"width":1000,"height":523,"url":"https:\/\/www.technodompro.com\/wp-content\/uploads\/2026\/SK0017995-CZ20260425-091936-0-1777079982-gebo-sverna-spojka-qa-s-vnejsim-zavitem-6-4-gebo-quick-17-1.webp","type":"image\/webp"}],"twitter_card":"summary_large_image","twitter_misc":{"Odhadovan\u00e1 doba \u010dten\u00ed":"1 minuta"},"schema":{"@context":"https:\/\/schema.org","@graph":[{"@type":"WebPage","@id":"https:\/\/www.technodompro.com\/index.php\/produkt\/novinka-gebo-sverna-spojka-qa-s-vnejsim-zavitem-6-4-gebo-quick-17-195-00-05-2912\/","url":"https:\/\/www.technodompro.com\/index.php\/produkt\/novinka-gebo-sverna-spojka-qa-s-vnejsim-zavitem-6-4-gebo-quick-17-195-00-05-2912\/","name":"Novinka Gebo Sv\u011brn\u00e1 spojka QA s vn\u011bj\u0161\u00edm z\u00e1vitem 6\/4\", Gebo Quick 17.195.00.05 -","isPartOf":{"@id":"https:\/\/www.technodompro.com\/#website"},"primaryImageOfPage":{"@id":"https:\/\/www.technodompro.com\/index.php\/produkt\/novinka-gebo-sverna-spojka-qa-s-vnejsim-zavitem-6-4-gebo-quick-17-195-00-05-2912\/#primaryimage"},"image":{"@id":"https:\/\/www.technodompro.com\/index.php\/produkt\/novinka-gebo-sverna-spojka-qa-s-vnejsim-zavitem-6-4-gebo-quick-17-195-00-05-2912\/#primaryimage"},"thumbnailUrl":"https:\/\/www.technodompro.com\/wp-content\/uploads\/2026\/SK0017995-CZ20260425-091936-0-1777079982-gebo-sverna-spojka-qa-s-vnejsim-zavitem-6-4-gebo-quick-17-1.webp","datePublished":"2026-04-27T04:40:40+00:00","breadcrumb":{"@id":"https:\/\/www.technodompro.com\/index.php\/produkt\/novinka-gebo-sverna-spojka-qa-s-vnejsim-zavitem-6-4-gebo-quick-17-195-00-05-2912\/#breadcrumb"},"inLanguage":"cs","potentialAction":[{"@type":"ReadAction","target":["https:\/\/www.technodompro.com\/index.php\/produkt\/novinka-gebo-sverna-spojka-qa-s-vnejsim-zavitem-6-4-gebo-quick-17-195-00-05-2912\/"]}]},{"@type":"ImageObject","inLanguage":"cs","@id":"https:\/\/www.technodompro.com\/index.php\/produkt\/novinka-gebo-sverna-spojka-qa-s-vnejsim-zavitem-6-4-gebo-quick-17-195-00-05-2912\/#primaryimage","url":"https:\/\/www.technodompro.com\/wp-content\/uploads\/2026\/SK0017995-CZ20260425-091936-0-1777079982-gebo-sverna-spojka-qa-s-vnejsim-zavitem-6-4-gebo-quick-17-1.webp","contentUrl":"https:\/\/www.technodompro.com\/wp-content\/uploads\/2026\/SK0017995-CZ20260425-091936-0-1777079982-gebo-sverna-spojka-qa-s-vnejsim-zavitem-6-4-gebo-quick-17-1.webp","width":1000,"height":523},{"@type":"BreadcrumbList","@id":"https:\/\/www.technodompro.com\/index.php\/produkt\/novinka-gebo-sverna-spojka-qa-s-vnejsim-zavitem-6-4-gebo-quick-17-195-00-05-2912\/#breadcrumb","itemListElement":[{"@type":"ListItem","position":1,"name":"Home","item":"https:\/\/www.technodompro.com\/"},{"@type":"ListItem","position":2,"name":"Products","item":"https:\/\/www.technodompro.com\/index.php\/products\/"},{"@type":"ListItem","position":3,"name":"Novinka Gebo Sv\u011brn\u00e1 spojka QA s vn\u011bj\u0161\u00edm z\u00e1vitem 6\/4&#8243;, Gebo Quick 17.195.00.05"}]},{"@type":"WebSite","@id":"https:\/\/www.technodompro.com\/#website","url":"https:\/\/www.technodompro.com\/","name":"","description":"","potentialAction":[{"@type":"SearchAction","target":{"@type":"EntryPoint","urlTemplate":"https:\/\/www.technodompro.com\/?s={search_term_string}"},"query-input":{"@type":"PropertyValueSpecification","valueRequired":true,"valueName":"search_term_string"}}],"inLanguage":"cs"}]}},"_links":{"self":[{"href":"https:\/\/www.technodompro.com\/index.php\/wp-json\/wp\/v2\/product\/2912","targetHints":{"allow":["GET"]}}],"collection":[{"href":"https:\/\/www.technodompro.com\/index.php\/wp-json\/wp\/v2\/product"}],"about":[{"href":"https:\/\/www.technodompro.com\/index.php\/wp-json\/wp\/v2\/types\/product"}],"replies":[{"embeddable":true,"href":"https:\/\/www.technodompro.com\/index.php\/wp-json\/wp\/v2\/comments?post=2912"}],"wp:featuredmedia":[{"embeddable":true,"href":"https:\/\/www.technodompro.com\/index.php\/wp-json\/wp\/v2\/media\/3012"}],"wp:attachment":[{"href":"https:\/\/www.technodompro.com\/index.php\/wp-json\/wp\/v2\/media?parent=2912"}],"wp:term":[{"taxonomy":"product_brand","embeddable":true,"href":"https:\/\/www.technodompro.com\/index.php\/wp-json\/wp\/v2\/product_brand?post=2912"},{"taxonomy":"product_cat","embeddable":true,"href":"https:\/\/www.technodompro.com\/index.php\/wp-json\/wp\/v2\/product_cat?post=2912"},{"taxonomy":"product_tag","embeddable":true,"href":"https:\/\/www.technodompro.com\/index.php\/wp-json\/wp\/v2\/product_tag?post=2912"}],"curies":[{"name":"wp","href":"https:\/\/api.w.org\/{rel}","templated":true}]}}