{"id":33110,"date":"2026-04-27T04:41:57","date_gmt":"2026-04-27T04:41:57","guid":{"rendered":""},"modified":"2026-04-27T04:41:57","modified_gmt":"2026-04-27T04:41:57","slug":"znackovy-zapustne-svitidlo-rapita-eglo-900964-eglo-33110","status":"publish","type":"product","link":"https:\/\/www.technodompro.com\/index.php\/produkt\/znackovy-zapustne-svitidlo-rapita-eglo-900964-eglo-33110\/","title":{"rendered":"Zna\u010dkov\u00fd Z\u00e1pustn\u00e9 sv\u00edtidlo RAPITA EGLO 900964 &#8211; EGLO"},"content":{"rendered":"<p><\/p>\n<div class=\"top-params\">\n<h3 class=\"product-h3 collapse-header \" data-toggle=\"collapse\" data-target=\"#collapseOne\" aria-expanded=\"true\" aria-controls=\"collapseOne\">Parametry<\/h3>\n<div id=\"collapseOne\" class=\"collapse show\" aria-labelledby=\"headingOne\" data-parent=\"#product-info-accordion1\">\n<table class=\"table-striped\">\n<tr>\n<td>                V\u00fd\u0161ka v mm            <\/td>\n<td>                20            <\/td>\n<\/tr>\n<tr>\n<td>                Hmotnost g            <\/td>\n<td>                264g            <\/td>\n<\/tr>\n<tr>\n<td>                Energetick\u00e1 \u00fa\u010dinnost            <\/td>\n<td>                E            <\/td>\n<\/tr>\n<tr>\n<td>                Pr\u016fm\u011br v mm            <\/td>\n<td>                155            <\/td>\n<\/tr>\n<tr>\n<td>                Ochrana IP            <\/td>\n<td>                IP65            <\/td>\n<\/tr>\n<tr>\n<td>                Sv\u011bteln\u00fd tok            <\/td>\n<td>                1550lm            <\/td>\n<\/tr>\n<tr>\n<td>                Teplota barvy sv\u011btla            <\/td>\n<td>                3000            <\/td>\n<\/tr>\n<tr>\n<td>                Max. p\u0159\u00edkon sv\u011bteln\u00e9ho zdroje            <\/td>\n<td>                12W            <\/td>\n<\/tr>\n<tr>\n<td>                V\u00fdkon            <\/td>\n<td>                11.5W            <\/td>\n<\/tr>\n<tr>\n<td>                Nap\u00e1jec\u00ed nap\u011bt\u00ed            <\/td>\n<td>                220-240V            <\/td>\n<\/tr>\n<tr>\n<td>                Patice            <\/td>\n<td>                LED            <\/td>\n<\/tr>\n<tr>\n<td>                Mont\u00e1\u017en\u00ed otvor v mm            <\/td>\n<td>                68            <\/td>\n<\/tr>\n<tr>\n<td>                V\u010detn\u011b sv\u011bteln\u00e9ho zdroje            <\/td>\n<td>                ano            <\/td>\n<\/tr>\n<tr>\n<td>                Materi\u00e1l            <\/td>\n<td>                hlin\u00edk\/plast            <\/td>\n<\/tr>\n<tr>\n<td>                Barva            <\/td>\n<td>                b\u00edl\u00e1            <\/td>\n<\/tr>\n<tr>\n<td>                Po\u010det sv\u011bteln\u00fdch zdroj\u016f            <\/td>\n<td>                1            <\/td>\n<\/tr>\n<tr>\n<td>                V\u00fdrobce            <\/td>\n<td>                EGLO            <\/td>\n<\/tr>\n<tr>\n<td>                U v\u00fdrobce dostupn\u00fdch            <\/td>\n<td>                v\u00edce ne\u017e 20                    ks            <\/td>\n<\/tr>\n<\/table>\n<\/div><\/div>\n<\/div>\n<div class=\"accordion\" id=\"product-info-accordion2\">\n","protected":false},"excerpt":{"rendered":"<p>Parametry V\u00fd\u0161ka v mm 20 Hmotnost g 264g Energetick\u00e1 \u00fa\u010dinnost E Pr\u016fm\u011br v mm 155 Ochrana IP IP65 Sv\u011bteln\u00fd tok 1550lm Teplota barvy sv\u011btla 3000 Max. p\u0159\u00edkon sv\u011bteln\u00e9ho zdroje 12W V\u00fdkon 11.5W Nap\u00e1jec\u00ed nap\u011bt\u00ed 220-240V Patice LED Mont\u00e1\u017en\u00ed otvor v mm 68 V\u010detn\u011b sv\u011bteln\u00e9ho zdroje ano Materi\u00e1l hlin\u00edk\/plast Barva b\u00edl\u00e1 Po\u010det sv\u011bteln\u00fdch zdroj\u016f 1 V\u00fdrobce [&hellip;]<\/p>\n","protected":false},"featured_media":33210,"comment_status":"open","ping_status":"open","template":"","meta":[],"product_brand":[],"product_cat":[31],"product_tag":[],"class_list":{"0":"post-33110","1":"product","2":"type-product","3":"status-publish","4":"has-post-thumbnail","6":"product_cat-interierova-svitidla","8":"first","9":"instock","10":"sale","11":"shipping-taxable","12":"purchasable","13":"product-type-simple"},"yoast_head":"<!-- This site is optimized with the Yoast SEO plugin v26.8 - https:\/\/yoast.com\/product\/yoast-seo-wordpress\/ -->\n<title>Zna\u010dkov\u00fd Z\u00e1pustn\u00e9 sv\u00edtidlo RAPITA EGLO 900964 - EGLO -<\/title>\n<meta name=\"robots\" content=\"index, follow, max-snippet:-1, max-image-preview:large, max-video-preview:-1\" \/>\n<link rel=\"canonical\" href=\"https:\/\/www.technodompro.com\/index.php\/produkt\/znackovy-zapustne-svitidlo-rapita-eglo-900964-eglo-33110\/\" \/>\n<meta property=\"og:locale\" content=\"cs_CZ\" \/>\n<meta property=\"og:type\" content=\"article\" \/>\n<meta property=\"og:title\" content=\"Zna\u010dkov\u00fd Z\u00e1pustn\u00e9 sv\u00edtidlo RAPITA EGLO 900964 - EGLO -\" \/>\n<meta property=\"og:description\" content=\"Parametry V\u00fd\u0161ka v mm 20 Hmotnost g 264g Energetick\u00e1 \u00fa\u010dinnost E Pr\u016fm\u011br v mm 155 Ochrana IP IP65 Sv\u011bteln\u00fd tok 1550lm Teplota barvy sv\u011btla 3000 Max. p\u0159\u00edkon sv\u011bteln\u00e9ho zdroje 12W V\u00fdkon 11.5W Nap\u00e1jec\u00ed nap\u011bt\u00ed 220-240V Patice LED Mont\u00e1\u017en\u00ed otvor v mm 68 V\u010detn\u011b sv\u011bteln\u00e9ho zdroje ano Materi\u00e1l hlin\u00edk\/plast Barva b\u00edl\u00e1 Po\u010det sv\u011bteln\u00fdch zdroj\u016f 1 V\u00fdrobce [&hellip;]\" \/>\n<meta property=\"og:url\" content=\"https:\/\/www.technodompro.com\/index.php\/produkt\/znackovy-zapustne-svitidlo-rapita-eglo-900964-eglo-33110\/\" \/>\n<meta property=\"og:image\" content=\"https:\/\/www.technodompro.com\/wp-content\/uploads\/2026\/SK0008683-CZ20260425-091535-0-1777079743-EG-900964.webp\" \/>\n\t<meta property=\"og:image:width\" content=\"700\" \/>\n\t<meta property=\"og:image:height\" content=\"700\" \/>\n\t<meta property=\"og:image:type\" content=\"image\/webp\" \/>\n<meta name=\"twitter:card\" content=\"summary_large_image\" \/>\n<script type=\"application\/ld+json\" class=\"yoast-schema-graph\">{\"@context\":\"https:\/\/schema.org\",\"@graph\":[{\"@type\":\"WebPage\",\"@id\":\"https:\/\/www.technodompro.com\/index.php\/produkt\/znackovy-zapustne-svitidlo-rapita-eglo-900964-eglo-33110\/\",\"url\":\"https:\/\/www.technodompro.com\/index.php\/produkt\/znackovy-zapustne-svitidlo-rapita-eglo-900964-eglo-33110\/\",\"name\":\"Zna\u010dkov\u00fd Z\u00e1pustn\u00e9 sv\u00edtidlo RAPITA EGLO 900964 - EGLO -\",\"isPartOf\":{\"@id\":\"https:\/\/www.technodompro.com\/#website\"},\"primaryImageOfPage\":{\"@id\":\"https:\/\/www.technodompro.com\/index.php\/produkt\/znackovy-zapustne-svitidlo-rapita-eglo-900964-eglo-33110\/#primaryimage\"},\"image\":{\"@id\":\"https:\/\/www.technodompro.com\/index.php\/produkt\/znackovy-zapustne-svitidlo-rapita-eglo-900964-eglo-33110\/#primaryimage\"},\"thumbnailUrl\":\"https:\/\/www.technodompro.com\/wp-content\/uploads\/2026\/SK0008683-CZ20260425-091535-0-1777079743-EG-900964.webp\",\"datePublished\":\"2026-04-27T04:41:57+00:00\",\"breadcrumb\":{\"@id\":\"https:\/\/www.technodompro.com\/index.php\/produkt\/znackovy-zapustne-svitidlo-rapita-eglo-900964-eglo-33110\/#breadcrumb\"},\"inLanguage\":\"cs\",\"potentialAction\":[{\"@type\":\"ReadAction\",\"target\":[\"https:\/\/www.technodompro.com\/index.php\/produkt\/znackovy-zapustne-svitidlo-rapita-eglo-900964-eglo-33110\/\"]}]},{\"@type\":\"ImageObject\",\"inLanguage\":\"cs\",\"@id\":\"https:\/\/www.technodompro.com\/index.php\/produkt\/znackovy-zapustne-svitidlo-rapita-eglo-900964-eglo-33110\/#primaryimage\",\"url\":\"https:\/\/www.technodompro.com\/wp-content\/uploads\/2026\/SK0008683-CZ20260425-091535-0-1777079743-EG-900964.webp\",\"contentUrl\":\"https:\/\/www.technodompro.com\/wp-content\/uploads\/2026\/SK0008683-CZ20260425-091535-0-1777079743-EG-900964.webp\",\"width\":700,\"height\":700},{\"@type\":\"BreadcrumbList\",\"@id\":\"https:\/\/www.technodompro.com\/index.php\/produkt\/znackovy-zapustne-svitidlo-rapita-eglo-900964-eglo-33110\/#breadcrumb\",\"itemListElement\":[{\"@type\":\"ListItem\",\"position\":1,\"name\":\"Home\",\"item\":\"https:\/\/www.technodompro.com\/\"},{\"@type\":\"ListItem\",\"position\":2,\"name\":\"Products\",\"item\":\"https:\/\/www.technodompro.com\/index.php\/products\/\"},{\"@type\":\"ListItem\",\"position\":3,\"name\":\"Zna\u010dkov\u00fd Z\u00e1pustn\u00e9 sv\u00edtidlo RAPITA EGLO 900964 &#8211; EGLO\"}]},{\"@type\":\"WebSite\",\"@id\":\"https:\/\/www.technodompro.com\/#website\",\"url\":\"https:\/\/www.technodompro.com\/\",\"name\":\"\",\"description\":\"\",\"potentialAction\":[{\"@type\":\"SearchAction\",\"target\":{\"@type\":\"EntryPoint\",\"urlTemplate\":\"https:\/\/www.technodompro.com\/?s={search_term_string}\"},\"query-input\":{\"@type\":\"PropertyValueSpecification\",\"valueRequired\":true,\"valueName\":\"search_term_string\"}}],\"inLanguage\":\"cs\"}]}<\/script>\n<!-- \/ Yoast SEO plugin. -->","yoast_head_json":{"title":"Zna\u010dkov\u00fd Z\u00e1pustn\u00e9 sv\u00edtidlo RAPITA EGLO 900964 - EGLO -","robots":{"index":"index","follow":"follow","max-snippet":"max-snippet:-1","max-image-preview":"max-image-preview:large","max-video-preview":"max-video-preview:-1"},"canonical":"https:\/\/www.technodompro.com\/index.php\/produkt\/znackovy-zapustne-svitidlo-rapita-eglo-900964-eglo-33110\/","og_locale":"cs_CZ","og_type":"article","og_title":"Zna\u010dkov\u00fd Z\u00e1pustn\u00e9 sv\u00edtidlo RAPITA EGLO 900964 - EGLO -","og_description":"Parametry V\u00fd\u0161ka v mm 20 Hmotnost g 264g Energetick\u00e1 \u00fa\u010dinnost E Pr\u016fm\u011br v mm 155 Ochrana IP IP65 Sv\u011bteln\u00fd tok 1550lm Teplota barvy sv\u011btla 3000 Max. p\u0159\u00edkon sv\u011bteln\u00e9ho zdroje 12W V\u00fdkon 11.5W Nap\u00e1jec\u00ed nap\u011bt\u00ed 220-240V Patice LED Mont\u00e1\u017en\u00ed otvor v mm 68 V\u010detn\u011b sv\u011bteln\u00e9ho zdroje ano Materi\u00e1l hlin\u00edk\/plast Barva b\u00edl\u00e1 Po\u010det sv\u011bteln\u00fdch zdroj\u016f 1 V\u00fdrobce [&hellip;]","og_url":"https:\/\/www.technodompro.com\/index.php\/produkt\/znackovy-zapustne-svitidlo-rapita-eglo-900964-eglo-33110\/","og_image":[{"width":700,"height":700,"url":"https:\/\/www.technodompro.com\/wp-content\/uploads\/2026\/SK0008683-CZ20260425-091535-0-1777079743-EG-900964.webp","type":"image\/webp"}],"twitter_card":"summary_large_image","schema":{"@context":"https:\/\/schema.org","@graph":[{"@type":"WebPage","@id":"https:\/\/www.technodompro.com\/index.php\/produkt\/znackovy-zapustne-svitidlo-rapita-eglo-900964-eglo-33110\/","url":"https:\/\/www.technodompro.com\/index.php\/produkt\/znackovy-zapustne-svitidlo-rapita-eglo-900964-eglo-33110\/","name":"Zna\u010dkov\u00fd Z\u00e1pustn\u00e9 sv\u00edtidlo RAPITA EGLO 900964 - EGLO -","isPartOf":{"@id":"https:\/\/www.technodompro.com\/#website"},"primaryImageOfPage":{"@id":"https:\/\/www.technodompro.com\/index.php\/produkt\/znackovy-zapustne-svitidlo-rapita-eglo-900964-eglo-33110\/#primaryimage"},"image":{"@id":"https:\/\/www.technodompro.com\/index.php\/produkt\/znackovy-zapustne-svitidlo-rapita-eglo-900964-eglo-33110\/#primaryimage"},"thumbnailUrl":"https:\/\/www.technodompro.com\/wp-content\/uploads\/2026\/SK0008683-CZ20260425-091535-0-1777079743-EG-900964.webp","datePublished":"2026-04-27T04:41:57+00:00","breadcrumb":{"@id":"https:\/\/www.technodompro.com\/index.php\/produkt\/znackovy-zapustne-svitidlo-rapita-eglo-900964-eglo-33110\/#breadcrumb"},"inLanguage":"cs","potentialAction":[{"@type":"ReadAction","target":["https:\/\/www.technodompro.com\/index.php\/produkt\/znackovy-zapustne-svitidlo-rapita-eglo-900964-eglo-33110\/"]}]},{"@type":"ImageObject","inLanguage":"cs","@id":"https:\/\/www.technodompro.com\/index.php\/produkt\/znackovy-zapustne-svitidlo-rapita-eglo-900964-eglo-33110\/#primaryimage","url":"https:\/\/www.technodompro.com\/wp-content\/uploads\/2026\/SK0008683-CZ20260425-091535-0-1777079743-EG-900964.webp","contentUrl":"https:\/\/www.technodompro.com\/wp-content\/uploads\/2026\/SK0008683-CZ20260425-091535-0-1777079743-EG-900964.webp","width":700,"height":700},{"@type":"BreadcrumbList","@id":"https:\/\/www.technodompro.com\/index.php\/produkt\/znackovy-zapustne-svitidlo-rapita-eglo-900964-eglo-33110\/#breadcrumb","itemListElement":[{"@type":"ListItem","position":1,"name":"Home","item":"https:\/\/www.technodompro.com\/"},{"@type":"ListItem","position":2,"name":"Products","item":"https:\/\/www.technodompro.com\/index.php\/products\/"},{"@type":"ListItem","position":3,"name":"Zna\u010dkov\u00fd Z\u00e1pustn\u00e9 sv\u00edtidlo RAPITA EGLO 900964 &#8211; EGLO"}]},{"@type":"WebSite","@id":"https:\/\/www.technodompro.com\/#website","url":"https:\/\/www.technodompro.com\/","name":"","description":"","potentialAction":[{"@type":"SearchAction","target":{"@type":"EntryPoint","urlTemplate":"https:\/\/www.technodompro.com\/?s={search_term_string}"},"query-input":{"@type":"PropertyValueSpecification","valueRequired":true,"valueName":"search_term_string"}}],"inLanguage":"cs"}]}},"_links":{"self":[{"href":"https:\/\/www.technodompro.com\/index.php\/wp-json\/wp\/v2\/product\/33110","targetHints":{"allow":["GET"]}}],"collection":[{"href":"https:\/\/www.technodompro.com\/index.php\/wp-json\/wp\/v2\/product"}],"about":[{"href":"https:\/\/www.technodompro.com\/index.php\/wp-json\/wp\/v2\/types\/product"}],"replies":[{"embeddable":true,"href":"https:\/\/www.technodompro.com\/index.php\/wp-json\/wp\/v2\/comments?post=33110"}],"wp:featuredmedia":[{"embeddable":true,"href":"https:\/\/www.technodompro.com\/index.php\/wp-json\/wp\/v2\/media\/33210"}],"wp:attachment":[{"href":"https:\/\/www.technodompro.com\/index.php\/wp-json\/wp\/v2\/media?parent=33110"}],"wp:term":[{"taxonomy":"product_brand","embeddable":true,"href":"https:\/\/www.technodompro.com\/index.php\/wp-json\/wp\/v2\/product_brand?post=33110"},{"taxonomy":"product_cat","embeddable":true,"href":"https:\/\/www.technodompro.com\/index.php\/wp-json\/wp\/v2\/product_cat?post=33110"},{"taxonomy":"product_tag","embeddable":true,"href":"https:\/\/www.technodompro.com\/index.php\/wp-json\/wp\/v2\/product_tag?post=33110"}],"curies":[{"name":"wp","href":"https:\/\/api.w.org\/{rel}","templated":true}]}}