{"id":35112,"date":"2026-04-27T04:42:02","date_gmt":"2026-04-27T04:42:02","guid":{"rendered":""},"modified":"2026-04-27T04:42:02","modified_gmt":"2026-04-27T04:42:02","slug":"znackovy-ravak-pdop2-110-lesk-transparent-35112","status":"publish","type":"product","link":"https:\/\/www.technodompro.com\/index.php\/produkt\/znackovy-ravak-pdop2-110-lesk-transparent-35112\/","title":{"rendered":"Zna\u010dkov\u00fd Ravak PDOP2 110, lesk+transparent"},"content":{"rendered":"<div class=\"detail-description__right\">\n<div class=\"parameters\">\n<div class=\"table table--simple\">\n<table>\n<tbody>\n<tr>\n<td colspan=\"2\">\n<h4>Vlastnosti<\/h4>\n<\/td>\n<\/tr>\n<tr>\n<td>Strana<\/td>\n<td>oto\u010diteln\u00e1<\/td>\n<\/tr>\n<tr>\n<td>Typ dve\u0159\u00ed<\/td>\n<td>oto\u010dn\u00e9 pivotov\u00e9 do prostoru<\/td>\n<\/tr>\n<tr>\n<td>V\u00fdpl\u0148<\/td>\n<td>Transparent<\/td>\n<\/tr>\n<tr>\n<td>Typ v\u00fdpln\u011b<\/td>\n<td>sklo<\/td>\n<\/tr>\n<tr>\n<td>Tlou\u0161\u0165ka<\/td>\n<td>6 mm<\/td>\n<\/tr>\n<tr>\n<td>SHAPE<\/td>\n<td>Sprchov\u00e9 dve\u0159e<\/td>\n<\/tr>\n<tr>\n<td>Materi\u00e1l<\/td>\n<td>kov \/ sklo<\/td>\n<\/tr>\n<tr>\n<td>Produktov\u00e1 skupina<\/td>\n<td>Sprchov\u00e9 dve\u0159e<\/td>\n<\/tr>\n<tr>\n<td>P\u016fvod<\/td>\n<td>Vyrobeno v\u00a0\u010cR<\/td>\n<\/tr>\n<tr>\n<td>Instalace<\/td>\n<td>na vani\u010dku \/ bez vani\u010dky<\/td>\n<\/tr>\n<tr>\n<td>Barva<\/td>\n<td>B\u00edl\u00e1 \/ chrom, \u010dern\u00e1, chrom, b\u00edl\u00e1, sv\u011btle \u0161ed\u00e1<\/td>\n<\/tr>\n<tr>\n<td colspan=\"2\">\n<h4>Parametry<\/h4>\n<\/td>\n<\/tr>\n<tr>\n<td>Zna\u010dka<\/td>\n<td>Ravak<\/td>\n<\/tr>\n<\/tbody>\n<\/table><\/div>\n<\/div><\/div>\n<div class=\"detail-description__top\">\t\t\t\t<\/div>\n<div class=\"detail-description__left\">\n<div class=\"detail-description__left__overflow\">\n<div class=\"detail-description__left__head\">\t\t\t\t\t\tPopis:\t\t\t\t\t<\/div>\n<div class=\"ul-style ul-style--check\">\n<ul class=\"plusminus\">\n<li><i class=\"fas fa-check\"><\/i><span>Rozm\u011br: 120\u00a0cm<\/span><\/li>\n<li><i class=\"fas fa-check\"><\/i><span>Typov\u00e9 proveden\u00ed: oto\u010diteln\u00fd v\u00fdrobek (L\/P)<\/span><\/li>\n<li><i class=\"fas fa-check\"><\/i><span>Barevn\u00e9 proveden\u00ed:\n<ul>\n<li><strong>leskl\u00fd chrom<\/strong> (r\u00e1m, madla a panty\t\t\tv\u00a0proveden\u00ed\u00a0chrom)<\/span><\/li>\n<\/ul>\n<\/li>\n<li>v\u00fdpl\u0148 z\u00a0bezpe\u010dnostn\u00edho skla: 6\u00a0mm; Transparent<\/li>\n<li>v\u00fd\u0161ka v\u00fdrobku: 190\u00a0cm<\/li>\n<\/ul>\n<p>V\u00fdrobek se skl\u00e1d\u00e1 z\u00a0jednoho rovn\u00e9ho pevn\u00e9ho d\u00edlu a jednoho rovn\u00e9hooto\u010dn\u00e9ho d\u00edlu, kter\u00fd tvo\u0159\u00ed dve\u0159e. Oto\u010den\u00edm v\u00fdrobku o\u00a0180\u00b0 z\u00edsk\u00e1televou nebo pravou variantu otev\u00edr\u00e1n\u00ed dve\u0159\u00ed. Montuje se do oblo\u017een\u00e9ho rohukoupelny (ide\u00e1ln\u011b do vyzd\u011bn\u00e9 niky nebo v\u00a0kombinaci s\u00a0pevnou st\u011bnou PPS)na vani\u010dky Ravak Gigant, Gigant Pro, Gigant Pro Flat, Gigant Pro Chrome nebop\u0159\u00edmo na podlahu se zabudovan\u00fdm odtokov\u00fdm \u017elabem \u010di podlahovou vpust\u00ed.Kombinac\u00ed se dv\u011bma pevn\u00fdmi st\u011bnami typu PPS vytvo\u0159\u00edte sprchov\u00fd kout vetvaru \u201eU\u201c. Pou\u017eit\u00edm nastavovac\u00edho profilu BLNPS lze v\u00fdrobky roz\u0161\u00ed\u0159ito\u00a020\u00a0mm, proto se dokonale p\u0159izp\u016fsob\u00ed stavebn\u00edm nerovnostem a\u017e o\u00a04\u00a0cmna ka\u017ed\u00e9 stran\u011b.<\/p>\n<p>Extr\u00e9mn\u011b dlouh\u00e1 \u017eivotnost<\/p>\n<p>Na pivotov\u00fd pant se m\u016f\u017eete spolehnout. Oto\u010dn\u00fd \u010dep vyr\u00e1b\u00edme z\u00a0vysocelegovan\u00e9 oceli a je zasazen\u00fd v\u00a0kvalitn\u00edm pouzd\u0159e, aby se k\u00a0n\u011bmu nicnedostalo. Tak\u017ee se o\u00a0pant nemus\u00edte nijak starat. Je praktickynezni\u010diteln\u00fd.<\/p>\n<p>\u00daklid? Za chvili\u010dku<\/p>\n<p>Tato sprcha se velmi dob\u0159e ukl\u00edz\u00ed. Nem\u00e1 \u017e\u00e1dn\u00e1 z\u00e1kout\u00ed a nedostupn\u00e9rohy, kde by se dr\u017eela voda a ne\u010distoty.<\/p>\n<p>Perfektn\u00ed mont\u00e1\u017e<\/p>\n<p>Sprchov\u00fd kout je p\u0159edmontovan\u00fd. To znamen\u00e1, \u017ee instalace ve va\u0161\u00edkoupeln\u011b bude jednoduch\u00e1 a p\u0159edev\u0161\u00edm p\u0159esn\u00e1.<\/p>\n<p>\u0160t\u00edt proti usazenin\u00e1m<\/p>\n<p>I\u00a0ta nej\u010dist\u0161\u00ed voda zanech\u00e1v\u00e1 stopy. A\u00a0to je (vodn\u00ed) k\u00e1men \u00farazu.Skla chr\u00e1n\u00edme patentovanou technologi\u00ed RAVAK AntiCalc\u00ae. Ta p\u016fsob\u00ed protiusazov\u00e1n\u00ed vodn\u00edho kamene a \u00faklid tak bude zase o\u00a0n\u011bco\u00a0leh\u010d\u00ed.<\/p>\n<p>Kout snadno se\u0159\u00edd\u00edte<\/p>\n<p>Drobn\u00e9 stavebn\u00ed nep\u0159esnosti? Nezoufejte\u00a0\u2013 Pivot m\u00e1 \u0159e\u0161en\u00ed. Jehoustavovac\u00ed a nastavovac\u00ed profily umo\u017e\u0148uj\u00ed se\u0159\u00edzen\u00ed koutu na ka\u017ed\u00e9stran\u011b a\u017e o\u00a050\u00a0milimetr\u016f.<\/p>\n<p>Z\u00e1ruka 5\u00a0let<\/p>\n<p>Za kvalitou na\u0161ich v\u00fdrobk\u016f si stoj\u00edme. Proto ke sprchov\u00e9mu koutuz\u00edsk\u00e1te prodlou\u017eenou p\u011btiletou z\u00e1ruku.<\/p>\n<\/div>\n<div class=\"detail-description__left__more\">\t\t\t\t\t\t<span> <\/span><span> <\/span>\t\t\t\t\t<\/div>\n<\/p><\/div>\n<div class=\"extra-note\">\n<p>P\u0159ed mont\u00e1\u017e\u00ed v\u00fdrobku v\u011bnujte pozornost technick\u00fdm dokument\u016fmv\u00a0z\u00e1lo\u017ece \u201eData ke sta\u017een\u00ed\u201c, \u010d\u00edslice uveden\u00e1 v\u00a0n\u00e1zvu konkr\u00e9tn\u00edhov\u00fdrobku, neud\u00e1v\u00e1 jeho p\u0159esn\u00fd rozm\u011br.<\/p>\n<\/p><\/div>\n<\/p><\/div>\n<div class=\"detail-description__more\"><span> <\/span><span> <\/span><\/div>\n<\/p><\/div>\n<\/p><\/div>\n<div class=\"tab tab-detail-7\">\n<div class=\"table-size-classic  table-size--selectable\">\n<table>\n<thead>\n<tr>\n<th data-product-code=\"[&quot;K\u00f3d&quot;]\"><span class=\"selected\">Vybr\u00e1no<\/span><span><\/span><\/th>\n<th data-product-code=\"[&quot;03GA0100Z1&quot;]\"><span class=\"selected\">Vybr\u00e1no<\/span><span>03GA0100Z1<\/span><\/th>\n<th data-product-code=\"[&quot;03GA0101Z1&quot;]\"><span class=\"selected\">Vybr\u00e1no<\/span><span>03GA0101Z1<\/span><\/th>\n<th data-product-code=\"[&quot;03GA0300Z1&quot;]\"><span class=\"selected\">Vybr\u00e1no<\/span><span>03GA0300Z1<\/span><\/th>\n<th data-product-code=\"[&quot;03GA0C00Z1&quot;]\"><span class=\"selected\">Vybr\u00e1no<\/span><span>03GA0C00Z1<\/span><\/th>\n<th data-product-code=\"[&quot;03GA0U00Z1&quot;]\"><span class=\"selected\">Vybr\u00e1no<\/span><span>03GA0U00Z1<\/span><\/th>\n<th data-product-code=\"[&quot;03GD0100Z1&quot;]\"><span class=\"selected\">Vybr\u00e1no<\/span><span>03GD0100Z1<\/span><\/th>\n<th data-product-code=\"[&quot;03GD0101Z1&quot;]\"><span class=\"selected\">Vybr\u00e1no<\/span><span>03GD0101Z1<\/span><\/th>\n<th data-product-code=\"[&quot;03GD0300Z1&quot;]\"><span class=\"selected\">Vybr\u00e1no<\/span><span>03GD0300Z1<\/span><\/th>\n<th data-product-code=\"[&quot;03GD0C00Z1&quot;]\"><span class=\"selected\">Vybr\u00e1no<\/span><span>03GD0C00Z1<\/span><\/th>\n<th data-product-code=\"[&quot;03GD0U00Z1&quot;]\"><span class=\"selected\">Vybr\u00e1no<\/span><span>03GD0U00Z1<\/span><\/th>\n<th data-product-code=\"[&quot;03GG0100Z1&quot;]\"><span class=\"selected\">Vybr\u00e1no<\/span><span>03GG0100Z1<\/span><\/th>\n<th data-product-code=\"[&quot;03GG0101Z1&quot;]\"><span class=\"selected\">Vybr\u00e1no<\/span><span>03GG0101Z1<\/span><\/th>\n<th data-product-code=\"[&quot;03GG0300Z1&quot;]\"><span class=\"selected\">Vybr\u00e1no<\/span><span>03GG0300Z1<\/span><\/th>\n<th data-product-code=\"[&quot;03GG0C00Z1&quot;]\"><span class=\"selected\">Vybr\u00e1no<\/span><span>03GG0C00Z1<\/span><\/th>\n<th data-product-code=\"[&quot;03GG0U00Z1&quot;]\"><span class=\"selected\">Vybr\u00e1no<\/span><span>03GG0U00Z1<\/span><\/th>\n<\/tr>\n<\/thead>\n<tbody>\n<tr class=\"space\">\n<td><\/td>\n<td><\/td>\n<td><\/td>\n<td><\/td>\n<td><\/td>\n<td><\/td>\n<td><\/td>\n<td><\/td>\n<td><\/td>\n<td><\/td>\n<td><\/td>\n<td><\/td>\n<td><\/td>\n<td><\/td>\n<td><\/td>\n<td><\/td>\n<\/tr>\n<tr>\n<td><strong>Strana<\/strong><\/td>\n<td>oto\u010diteln\u00e1<\/td>\n<td>oto\u010diteln\u00e1<\/td>\n<td>oto\u010diteln\u00e1<\/td>\n<td>oto\u010diteln\u00e1<\/td>\n<td>oto\u010diteln\u00e1<\/td>\n<td>oto\u010diteln\u00e1<\/td>\n<td>oto\u010diteln\u00e1<\/td>\n<td>oto\u010diteln\u00e1<\/td>\n<td>oto\u010diteln\u00e1<\/td>\n<td>oto\u010diteln\u00e1<\/td>\n<td>oto\u010diteln\u00e1<\/td>\n<td>oto\u010diteln\u00e1<\/td>\n<td>oto\u010diteln\u00e1<\/td>\n<td>oto\u010diteln\u00e1<\/td>\n<td>oto\u010diteln\u00e1<\/td>\n<\/tr>\n<tr>\n<td><strong>Typ dve\u0159\u00ed<\/strong><\/td>\n<td>oto\u010dn\u00e9 pivotov\u00e9 do prostoru<\/td>\n<td>oto\u010dn\u00e9 pivotov\u00e9 do prostoru<\/td>\n<td>oto\u010dn\u00e9 pivotov\u00e9 do prostoru<\/td>\n<td>oto\u010dn\u00e9 pivotov\u00e9 do prostoru<\/td>\n<td>oto\u010dn\u00e9 pivotov\u00e9 do prostoru<\/td>\n<td>oto\u010dn\u00e9 pivotov\u00e9 do prostoru<\/td>\n<td>oto\u010dn\u00e9 pivotov\u00e9 do prostoru<\/td>\n<td>oto\u010dn\u00e9 pivotov\u00e9 do prostoru<\/td>\n<td>oto\u010dn\u00e9 pivotov\u00e9 do prostoru<\/td>\n<td>oto\u010dn\u00e9 pivotov\u00e9 do prostoru<\/td>\n<td>oto\u010dn\u00e9 pivotov\u00e9 do prostoru<\/td>\n<td>oto\u010dn\u00e9 pivotov\u00e9 do prostoru<\/td>\n<td>oto\u010dn\u00e9 pivotov\u00e9 do prostoru<\/td>\n<td>oto\u010dn\u00e9 pivotov\u00e9 do prostoru<\/td>\n<td>oto\u010dn\u00e9 pivotov\u00e9 do prostoru<\/td>\n<\/tr>\n<tr>\n<td><strong>V\u00fdpl\u0148<\/strong><\/td>\n<td>Transparent<\/td>\n<td>Transparent<\/td>\n<td>Transparent<\/td>\n<td>Transparent<\/td>\n<td>Transparent<\/td>\n<td>Transparent<\/td>\n<td>Transparent<\/td>\n<td>Transparent<\/td>\n<td>Transparent<\/td>\n<td>Transparent<\/td>\n<td>Transparent<\/td>\n<td>Transparent<\/td>\n<td>Transparent<\/td>\n<td>Transparent<\/td>\n<td>Transparent<\/td>\n<\/tr>\n<tr>\n<td><strong>Typ v\u00fdpln\u011b<\/strong><\/td>\n<td>sklo<\/td>\n<td>sklo<\/td>\n<td>sklo<\/td>\n<td>sklo<\/td>\n<td>sklo<\/td>\n<td>sklo<\/td>\n<td>sklo<\/td>\n<td>sklo<\/td>\n<td>sklo<\/td>\n<td>sklo<\/td>\n<td>sklo<\/td>\n<td>sklo<\/td>\n<td>sklo<\/td>\n<td>sklo<\/td>\n<td>sklo<\/td>\n<\/tr>\n<tr>\n<td><strong>Tlou\u0161\u0165ka<\/strong><\/td>\n<td>6 mm<\/td>\n<td>6 mm<\/td>\n<td>6 mm<\/td>\n<td>6 mm<\/td>\n<td>6 mm<\/td>\n<td>6 mm<\/td>\n<td>6 mm<\/td>\n<td>6 mm<\/td>\n<td>6 mm<\/td>\n<td>6 mm<\/td>\n<td>6 mm<\/td>\n<td>6 mm<\/td>\n<td>6 mm<\/td>\n<td>6 mm<\/td>\n<td>6 mm<\/td>\n<\/tr>\n<tr>\n<td><strong>SHAPE<\/strong><\/td>\n<td>Sprchov\u00e9 dve\u0159e<\/td>\n<td>Sprchov\u00e9 dve\u0159e<\/td>\n<td>Sprchov\u00e9 dve\u0159e<\/td>\n<td>Sprchov\u00e9 dve\u0159e<\/td>\n<td>Sprchov\u00e9 dve\u0159e<\/td>\n<td>Sprchov\u00e9 dve\u0159e<\/td>\n<td>Sprchov\u00e9 dve\u0159e<\/td>\n<td>Sprchov\u00e9 dve\u0159e<\/td>\n<td>Sprchov\u00e9 dve\u0159e<\/td>\n<td>Sprchov\u00e9 dve\u0159e<\/td>\n<td>Sprchov\u00e9 dve\u0159e<\/td>\n<td>Sprchov\u00e9 dve\u0159e<\/td>\n<td>Sprchov\u00e9 dve\u0159e<\/td>\n<td>Sprchov\u00e9 dve\u0159e<\/td>\n<td>Sprchov\u00e9 dve\u0159e<\/td>\n<\/tr>\n<tr>\n<td><strong>Materi\u00e1l<\/strong><\/td>\n<td>kov \/ sklo<\/td>\n<td>kov \/ sklo<\/td>\n<td>kov \/ sklo<\/td>\n<td>kov \/ sklo<\/td>\n<td>kov \/ sklo<\/td>\n<td>kov \/ sklo<\/td>\n<td>kov \/ sklo<\/td>\n<td>kov \/ sklo<\/td>\n<td>kov \/ sklo<\/td>\n<td>kov \/ sklo<\/td>\n<td>kov \/ sklo<\/td>\n<td>kov \/ sklo<\/td>\n<td>kov \/ sklo<\/td>\n<td>kov \/ sklo<\/td>\n<td>kov \/ sklo<\/td>\n<\/tr>\n<tr>\n<td><strong>Produktov\u00e1 skupina<\/strong><\/td>\n<td>Sprchov\u00e9 dve\u0159e<\/td>\n<td>Sprchov\u00e9 dve\u0159e<\/td>\n<td>Sprchov\u00e9 dve\u0159e<\/td>\n<td>Sprchov\u00e9 dve\u0159e<\/td>\n<td>Sprchov\u00e9 dve\u0159e<\/td>\n<td>Sprchov\u00e9 dve\u0159e<\/td>\n<td>Sprchov\u00e9 dve\u0159e<\/td>\n<td>Sprchov\u00e9 dve\u0159e<\/td>\n<td>Sprchov\u00e9 dve\u0159e<\/td>\n<td>Sprchov\u00e9 dve\u0159e<\/td>\n<td>Sprchov\u00e9 dve\u0159e<\/td>\n<td>Sprchov\u00e9 dve\u0159e<\/td>\n<td>Sprchov\u00e9 dve\u0159e<\/td>\n<td>Sprchov\u00e9 dve\u0159e<\/td>\n<td>Sprchov\u00e9 dve\u0159e<\/td>\n<\/tr>\n<tr>\n<td><strong>P\u016fvod<\/strong><\/td>\n<td>Vyrobeno v \u010cR<\/td>\n<td>Vyrobeno v \u010cR<\/td>\n<td>Vyrobeno v \u010cR<\/td>\n<td>Vyrobeno v \u010cR<\/td>\n<td>Vyrobeno v \u010cR<\/td>\n<td>Vyrobeno v \u010cR<\/td>\n<td>Vyrobeno v \u010cR<\/td>\n<td>Vyrobeno v \u010cR<\/td>\n<td>Vyrobeno v \u010cR<\/td>\n<td>Vyrobeno v \u010cR<\/td>\n<td>Vyrobeno v \u010cR<\/td>\n<td>Vyrobeno v \u010cR<\/td>\n<td>Vyrobeno v \u010cR<\/td>\n<td>Vyrobeno v \u010cR<\/td>\n<td>Vyrobeno v \u010cR<\/td>\n<\/tr>\n<tr>\n<td><strong>OVERFLOW_HEIGHT<\/strong><\/td>\n<td>0<\/td>\n<td>0<\/td>\n<td>0<\/td>\n<td>0<\/td>\n<td>0<\/td>\n<td>0<\/td>\n<td>0<\/td>\n<td>0<\/td>\n<td>0<\/td>\n<td>0<\/td>\n<td>0<\/td>\n<td>0<\/td>\n<td>0<\/td>\n<td>0<\/td>\n<td>0<\/td>\n<\/tr>\n<tr>\n<td><strong>WASTE_DIAMETER<\/strong><\/td>\n<td>0<\/td>\n<td>0<\/td>\n<td>0<\/td>\n<td>0<\/td>\n<td>0<\/td>\n<td>0<\/td>\n<td>0<\/td>\n<td>0<\/td>\n<td>0<\/td>\n<td>0<\/td>\n<td>0<\/td>\n<td>0<\/td>\n<td>0<\/td>\n<td>0<\/td>\n<td>0<\/td>\n<\/tr>\n<tr>\n<td><strong>NUMBER_OF_ELEMENTS<\/strong><\/td>\n<td>0<\/td>\n<td>0<\/td>\n<td>0<\/td>\n<td>0<\/td>\n<td>0<\/td>\n<td>0<\/td>\n<td>0<\/td>\n<td>0<\/td>\n<td>0<\/td>\n<td>0<\/td>\n<td>0<\/td>\n<td>0<\/td>\n<td>0<\/td>\n<td>0<\/td>\n<td>0<\/td>\n<\/tr>\n<tr>\n<td><strong>Instalace<\/strong><\/td>\n<td>na vani\u010dku \/ bez vani\u010dky<\/td>\n<td>na vani\u010dku \/ bez vani\u010dky<\/td>\n<td>na vani\u010dku \/ bez vani\u010dky<\/td>\n<td>na vani\u010dku \/ bez vani\u010dky<\/td>\n<td>na vani\u010dku \/ bez vani\u010dky<\/td>\n<td>na vani\u010dku \/ bez vani\u010dky<\/td>\n<td>na vani\u010dku \/ bez vani\u010dky<\/td>\n<td>na vani\u010dku \/ bez vani\u010dky<\/td>\n<td>na vani\u010dku \/ bez vani\u010dky<\/td>\n<td>na vani\u010dku \/ bez vani\u010dky<\/td>\n<td>na vani\u010dku \/ bez vani\u010dky<\/td>\n<td>na vani\u010dku \/ bez vani\u010dky<\/td>\n<td>na vani\u010dku \/ bez vani\u010dky<\/td>\n<td>na vani\u010dku \/ bez vani\u010dky<\/td>\n<td>na vani\u010dku \/ bez vani\u010dky<\/td>\n<\/tr>\n<tr>\n<td><strong>CONSTRUCTION_HEIGHT<\/strong><\/td>\n<td>0<\/td>\n<td>0<\/td>\n<td>0<\/td>\n<td>0<\/td>\n<td>0<\/td>\n<td>0<\/td>\n<td>0<\/td>\n<td>0<\/td>\n<td>0<\/td>\n<td>0<\/td>\n<td>0<\/td>\n<td>0<\/td>\n<td>0<\/td>\n<td>0<\/td>\n<td>0<\/td>\n<\/tr>\n<tr>\n<td><strong>ODOR_BARRIER_HEIGHT<\/strong><\/td>\n<td>0<\/td>\n<td>0<\/td>\n<td>0<\/td>\n<td>0<\/td>\n<td>0<\/td>\n<td>0<\/td>\n<td>0<\/td>\n<td>0<\/td>\n<td>0<\/td>\n<td>0<\/td>\n<td>0<\/td>\n<td>0<\/td>\n<td>0<\/td>\n<td>0<\/td>\n<td>0<\/td>\n<\/tr>\n<tr>\n<td><strong>Barva<\/strong><\/td>\n<td>B\u00edl\u00e1 \/ chrom<\/td>\n<td>b\u00edl\u00e1<\/td>\n<td>\u010dern\u00e1<\/td>\n<td>chrom<\/td>\n<td>sv\u011btle \u0161ed\u00e1<\/td>\n<td>B\u00edl\u00e1 \/ chrom<\/td>\n<td>b\u00edl\u00e1<\/td>\n<td>\u010dern\u00e1<\/td>\n<td>chrom<\/td>\n<td>sv\u011btle \u0161ed\u00e1<\/td>\n<td>B\u00edl\u00e1 \/ chrom<\/td>\n<td>b\u00edl\u00e1<\/td>\n<td>\u010dern\u00e1<\/td>\n<td>chrom<\/td>\n<td>sv\u011btle \u0161ed\u00e1<\/td>\n<\/tr>\n<\/tbody>\n<\/table>\n<\/div><\/div>\n","protected":false},"excerpt":{"rendered":"<p>Vlastnosti Strana oto\u010diteln\u00e1 Typ dve\u0159\u00ed oto\u010dn\u00e9 pivotov\u00e9 do prostoru V\u00fdpl\u0148 Transparent Typ v\u00fdpln\u011b sklo Tlou\u0161\u0165ka 6 mm SHAPE Sprchov\u00e9 dve\u0159e Materi\u00e1l kov \/ sklo Produktov\u00e1 skupina Sprchov\u00e9 dve\u0159e P\u016fvod Vyrobeno v\u00a0\u010cR Instalace na vani\u010dku \/ bez vani\u010dky Barva B\u00edl\u00e1 \/ chrom, \u010dern\u00e1, chrom, b\u00edl\u00e1, sv\u011btle \u0161ed\u00e1 Parametry Zna\u010dka Ravak Popis: Rozm\u011br: 120\u00a0cm Typov\u00e9 proveden\u00ed: oto\u010diteln\u00fd [&hellip;]<\/p>\n","protected":false},"featured_media":35212,"comment_status":"open","ping_status":"open","template":"","meta":[],"product_brand":[],"product_cat":[39],"product_tag":[],"class_list":{"0":"post-35112","1":"product","2":"type-product","3":"status-publish","4":"has-post-thumbnail","6":"product_cat-sanita","8":"first","9":"instock","10":"sale","11":"shipping-taxable","12":"purchasable","13":"product-type-simple"},"yoast_head":"<!-- This site is optimized with the Yoast SEO plugin v26.8 - https:\/\/yoast.com\/product\/yoast-seo-wordpress\/ -->\n<title>Zna\u010dkov\u00fd Ravak PDOP2 110, lesk+transparent -<\/title>\n<meta name=\"robots\" content=\"index, follow, max-snippet:-1, max-image-preview:large, max-video-preview:-1\" \/>\n<link rel=\"canonical\" href=\"https:\/\/www.technodompro.com\/index.php\/produkt\/znackovy-ravak-pdop2-110-lesk-transparent-35112\/\" \/>\n<meta property=\"og:locale\" content=\"cs_CZ\" \/>\n<meta property=\"og:type\" content=\"article\" \/>\n<meta property=\"og:title\" content=\"Zna\u010dkov\u00fd Ravak PDOP2 110, lesk+transparent -\" \/>\n<meta property=\"og:description\" content=\"Vlastnosti Strana oto\u010diteln\u00e1 Typ dve\u0159\u00ed oto\u010dn\u00e9 pivotov\u00e9 do prostoru V\u00fdpl\u0148 Transparent Typ v\u00fdpln\u011b sklo Tlou\u0161\u0165ka 6 mm SHAPE Sprchov\u00e9 dve\u0159e Materi\u00e1l kov \/ sklo Produktov\u00e1 skupina Sprchov\u00e9 dve\u0159e P\u016fvod Vyrobeno v\u00a0\u010cR Instalace na vani\u010dku \/ bez vani\u010dky Barva B\u00edl\u00e1 \/ chrom, \u010dern\u00e1, chrom, b\u00edl\u00e1, sv\u011btle \u0161ed\u00e1 Parametry Zna\u010dka Ravak Popis: Rozm\u011br: 120\u00a0cm Typov\u00e9 proveden\u00ed: oto\u010diteln\u00fd [&hellip;]\" \/>\n<meta property=\"og:url\" content=\"https:\/\/www.technodompro.com\/index.php\/produkt\/znackovy-ravak-pdop2-110-lesk-transparent-35112\/\" \/>\n<meta property=\"og:image\" content=\"https:\/\/www.technodompro.com\/wp-content\/uploads\/2026\/SK0019158-CZ20260425-091936-0-1777079982-ravak-pdop2-110-lesk-transparent-leskly-chrom-w1200-h628-f8.webp\" \/>\n\t<meta property=\"og:image:width\" content=\"1000\" \/>\n\t<meta property=\"og:image:height\" content=\"523\" \/>\n\t<meta property=\"og:image:type\" content=\"image\/webp\" \/>\n<meta name=\"twitter:card\" content=\"summary_large_image\" \/>\n<meta name=\"twitter:label1\" content=\"Odhadovan\u00e1 doba \u010dten\u00ed\" \/>\n\t<meta name=\"twitter:data1\" content=\"4 minuty\" \/>\n<script type=\"application\/ld+json\" class=\"yoast-schema-graph\">{\"@context\":\"https:\/\/schema.org\",\"@graph\":[{\"@type\":\"WebPage\",\"@id\":\"https:\/\/www.technodompro.com\/index.php\/produkt\/znackovy-ravak-pdop2-110-lesk-transparent-35112\/\",\"url\":\"https:\/\/www.technodompro.com\/index.php\/produkt\/znackovy-ravak-pdop2-110-lesk-transparent-35112\/\",\"name\":\"Zna\u010dkov\u00fd Ravak PDOP2 110, lesk+transparent -\",\"isPartOf\":{\"@id\":\"https:\/\/www.technodompro.com\/#website\"},\"primaryImageOfPage\":{\"@id\":\"https:\/\/www.technodompro.com\/index.php\/produkt\/znackovy-ravak-pdop2-110-lesk-transparent-35112\/#primaryimage\"},\"image\":{\"@id\":\"https:\/\/www.technodompro.com\/index.php\/produkt\/znackovy-ravak-pdop2-110-lesk-transparent-35112\/#primaryimage\"},\"thumbnailUrl\":\"https:\/\/www.technodompro.com\/wp-content\/uploads\/2026\/SK0019158-CZ20260425-091936-0-1777079982-ravak-pdop2-110-lesk-transparent-leskly-chrom-w1200-h628-f8.webp\",\"datePublished\":\"2026-04-27T04:42:02+00:00\",\"breadcrumb\":{\"@id\":\"https:\/\/www.technodompro.com\/index.php\/produkt\/znackovy-ravak-pdop2-110-lesk-transparent-35112\/#breadcrumb\"},\"inLanguage\":\"cs\",\"potentialAction\":[{\"@type\":\"ReadAction\",\"target\":[\"https:\/\/www.technodompro.com\/index.php\/produkt\/znackovy-ravak-pdop2-110-lesk-transparent-35112\/\"]}]},{\"@type\":\"ImageObject\",\"inLanguage\":\"cs\",\"@id\":\"https:\/\/www.technodompro.com\/index.php\/produkt\/znackovy-ravak-pdop2-110-lesk-transparent-35112\/#primaryimage\",\"url\":\"https:\/\/www.technodompro.com\/wp-content\/uploads\/2026\/SK0019158-CZ20260425-091936-0-1777079982-ravak-pdop2-110-lesk-transparent-leskly-chrom-w1200-h628-f8.webp\",\"contentUrl\":\"https:\/\/www.technodompro.com\/wp-content\/uploads\/2026\/SK0019158-CZ20260425-091936-0-1777079982-ravak-pdop2-110-lesk-transparent-leskly-chrom-w1200-h628-f8.webp\",\"width\":1000,\"height\":523},{\"@type\":\"BreadcrumbList\",\"@id\":\"https:\/\/www.technodompro.com\/index.php\/produkt\/znackovy-ravak-pdop2-110-lesk-transparent-35112\/#breadcrumb\",\"itemListElement\":[{\"@type\":\"ListItem\",\"position\":1,\"name\":\"Home\",\"item\":\"https:\/\/www.technodompro.com\/\"},{\"@type\":\"ListItem\",\"position\":2,\"name\":\"Products\",\"item\":\"https:\/\/www.technodompro.com\/index.php\/products\/\"},{\"@type\":\"ListItem\",\"position\":3,\"name\":\"Zna\u010dkov\u00fd Ravak PDOP2 110, lesk+transparent\"}]},{\"@type\":\"WebSite\",\"@id\":\"https:\/\/www.technodompro.com\/#website\",\"url\":\"https:\/\/www.technodompro.com\/\",\"name\":\"\",\"description\":\"\",\"potentialAction\":[{\"@type\":\"SearchAction\",\"target\":{\"@type\":\"EntryPoint\",\"urlTemplate\":\"https:\/\/www.technodompro.com\/?s={search_term_string}\"},\"query-input\":{\"@type\":\"PropertyValueSpecification\",\"valueRequired\":true,\"valueName\":\"search_term_string\"}}],\"inLanguage\":\"cs\"}]}<\/script>\n<!-- \/ Yoast SEO plugin. -->","yoast_head_json":{"title":"Zna\u010dkov\u00fd Ravak PDOP2 110, lesk+transparent -","robots":{"index":"index","follow":"follow","max-snippet":"max-snippet:-1","max-image-preview":"max-image-preview:large","max-video-preview":"max-video-preview:-1"},"canonical":"https:\/\/www.technodompro.com\/index.php\/produkt\/znackovy-ravak-pdop2-110-lesk-transparent-35112\/","og_locale":"cs_CZ","og_type":"article","og_title":"Zna\u010dkov\u00fd Ravak PDOP2 110, lesk+transparent -","og_description":"Vlastnosti Strana oto\u010diteln\u00e1 Typ dve\u0159\u00ed oto\u010dn\u00e9 pivotov\u00e9 do prostoru V\u00fdpl\u0148 Transparent Typ v\u00fdpln\u011b sklo Tlou\u0161\u0165ka 6 mm SHAPE Sprchov\u00e9 dve\u0159e Materi\u00e1l kov \/ sklo Produktov\u00e1 skupina Sprchov\u00e9 dve\u0159e P\u016fvod Vyrobeno v\u00a0\u010cR Instalace na vani\u010dku \/ bez vani\u010dky Barva B\u00edl\u00e1 \/ chrom, \u010dern\u00e1, chrom, b\u00edl\u00e1, sv\u011btle \u0161ed\u00e1 Parametry Zna\u010dka Ravak Popis: Rozm\u011br: 120\u00a0cm Typov\u00e9 proveden\u00ed: oto\u010diteln\u00fd [&hellip;]","og_url":"https:\/\/www.technodompro.com\/index.php\/produkt\/znackovy-ravak-pdop2-110-lesk-transparent-35112\/","og_image":[{"width":1000,"height":523,"url":"https:\/\/www.technodompro.com\/wp-content\/uploads\/2026\/SK0019158-CZ20260425-091936-0-1777079982-ravak-pdop2-110-lesk-transparent-leskly-chrom-w1200-h628-f8.webp","type":"image\/webp"}],"twitter_card":"summary_large_image","twitter_misc":{"Odhadovan\u00e1 doba \u010dten\u00ed":"4 minuty"},"schema":{"@context":"https:\/\/schema.org","@graph":[{"@type":"WebPage","@id":"https:\/\/www.technodompro.com\/index.php\/produkt\/znackovy-ravak-pdop2-110-lesk-transparent-35112\/","url":"https:\/\/www.technodompro.com\/index.php\/produkt\/znackovy-ravak-pdop2-110-lesk-transparent-35112\/","name":"Zna\u010dkov\u00fd Ravak PDOP2 110, lesk+transparent -","isPartOf":{"@id":"https:\/\/www.technodompro.com\/#website"},"primaryImageOfPage":{"@id":"https:\/\/www.technodompro.com\/index.php\/produkt\/znackovy-ravak-pdop2-110-lesk-transparent-35112\/#primaryimage"},"image":{"@id":"https:\/\/www.technodompro.com\/index.php\/produkt\/znackovy-ravak-pdop2-110-lesk-transparent-35112\/#primaryimage"},"thumbnailUrl":"https:\/\/www.technodompro.com\/wp-content\/uploads\/2026\/SK0019158-CZ20260425-091936-0-1777079982-ravak-pdop2-110-lesk-transparent-leskly-chrom-w1200-h628-f8.webp","datePublished":"2026-04-27T04:42:02+00:00","breadcrumb":{"@id":"https:\/\/www.technodompro.com\/index.php\/produkt\/znackovy-ravak-pdop2-110-lesk-transparent-35112\/#breadcrumb"},"inLanguage":"cs","potentialAction":[{"@type":"ReadAction","target":["https:\/\/www.technodompro.com\/index.php\/produkt\/znackovy-ravak-pdop2-110-lesk-transparent-35112\/"]}]},{"@type":"ImageObject","inLanguage":"cs","@id":"https:\/\/www.technodompro.com\/index.php\/produkt\/znackovy-ravak-pdop2-110-lesk-transparent-35112\/#primaryimage","url":"https:\/\/www.technodompro.com\/wp-content\/uploads\/2026\/SK0019158-CZ20260425-091936-0-1777079982-ravak-pdop2-110-lesk-transparent-leskly-chrom-w1200-h628-f8.webp","contentUrl":"https:\/\/www.technodompro.com\/wp-content\/uploads\/2026\/SK0019158-CZ20260425-091936-0-1777079982-ravak-pdop2-110-lesk-transparent-leskly-chrom-w1200-h628-f8.webp","width":1000,"height":523},{"@type":"BreadcrumbList","@id":"https:\/\/www.technodompro.com\/index.php\/produkt\/znackovy-ravak-pdop2-110-lesk-transparent-35112\/#breadcrumb","itemListElement":[{"@type":"ListItem","position":1,"name":"Home","item":"https:\/\/www.technodompro.com\/"},{"@type":"ListItem","position":2,"name":"Products","item":"https:\/\/www.technodompro.com\/index.php\/products\/"},{"@type":"ListItem","position":3,"name":"Zna\u010dkov\u00fd Ravak PDOP2 110, lesk+transparent"}]},{"@type":"WebSite","@id":"https:\/\/www.technodompro.com\/#website","url":"https:\/\/www.technodompro.com\/","name":"","description":"","potentialAction":[{"@type":"SearchAction","target":{"@type":"EntryPoint","urlTemplate":"https:\/\/www.technodompro.com\/?s={search_term_string}"},"query-input":{"@type":"PropertyValueSpecification","valueRequired":true,"valueName":"search_term_string"}}],"inLanguage":"cs"}]}},"_links":{"self":[{"href":"https:\/\/www.technodompro.com\/index.php\/wp-json\/wp\/v2\/product\/35112","targetHints":{"allow":["GET"]}}],"collection":[{"href":"https:\/\/www.technodompro.com\/index.php\/wp-json\/wp\/v2\/product"}],"about":[{"href":"https:\/\/www.technodompro.com\/index.php\/wp-json\/wp\/v2\/types\/product"}],"replies":[{"embeddable":true,"href":"https:\/\/www.technodompro.com\/index.php\/wp-json\/wp\/v2\/comments?post=35112"}],"wp:featuredmedia":[{"embeddable":true,"href":"https:\/\/www.technodompro.com\/index.php\/wp-json\/wp\/v2\/media\/35212"}],"wp:attachment":[{"href":"https:\/\/www.technodompro.com\/index.php\/wp-json\/wp\/v2\/media?parent=35112"}],"wp:term":[{"taxonomy":"product_brand","embeddable":true,"href":"https:\/\/www.technodompro.com\/index.php\/wp-json\/wp\/v2\/product_brand?post=35112"},{"taxonomy":"product_cat","embeddable":true,"href":"https:\/\/www.technodompro.com\/index.php\/wp-json\/wp\/v2\/product_cat?post=35112"},{"taxonomy":"product_tag","embeddable":true,"href":"https:\/\/www.technodompro.com\/index.php\/wp-json\/wp\/v2\/product_tag?post=35112"}],"curies":[{"name":"wp","href":"https:\/\/api.w.org\/{rel}","templated":true}]}}