{"id":35118,"date":"2026-04-27T04:42:02","date_gmt":"2026-04-27T04:42:02","guid":{"rendered":""},"modified":"2026-04-27T04:42:02","modified_gmt":"2026-04-27T04:42:02","slug":"znackovy-ravak-lf-015-00cr-umyvadlova-stojankova-baterie-280-mm-bez-vypusti-chrom-leskly-chrom-35118","status":"publish","type":"product","link":"https:\/\/www.technodompro.com\/index.php\/produkt\/znackovy-ravak-lf-015-00cr-umyvadlova-stojankova-baterie-280-mm-bez-vypusti-chrom-leskly-chrom-35118\/","title":{"rendered":"Zna\u010dkov\u00fd Ravak LF 015.00CR Umyvadlov\u00e1 stoj\u00e1nkov\u00e1 baterie 280 mm bez v\u00fdpusti, chrom leskl\u00fd chrom"},"content":{"rendered":"<div class=\"detail-description__right\">\n<div class=\"parameters\">\n<div class=\"table table--simple\">\n<table>\n<tbody>\n<tr>\n<td colspan=\"2\">\n<h4>Vlastnosti<\/h4>\n<\/td>\n<\/tr>\n<tr>\n<td>FLOW<\/td>\n<td>4<\/td>\n<\/tr>\n<tr>\n<td>Typ baterie<\/td>\n<td>Umyvadlov\u00e9<\/td>\n<\/tr>\n<tr>\n<td>Materi\u00e1l<\/td>\n<td>kov<\/td>\n<\/tr>\n<tr>\n<td>Napojen\u00ed<\/td>\n<td>Stoj\u00e1nkov\u00e1<\/td>\n<\/tr>\n<tr>\n<td>Produktov\u00e1 skupina<\/td>\n<td>Baterie umyvadlov\u00e1<\/td>\n<\/tr>\n<tr>\n<td>P\u016fvod<\/td>\n<td>Vyrobeno v\u00a0\u010cR<\/td>\n<\/tr>\n<tr>\n<td>Instalace<\/td>\n<td>na umyvadlo<\/td>\n<\/tr>\n<tr>\n<td>Barva<\/td>\n<td>leskl\u00fd chrom, \u010dern\u00e1 matn\u00e1<\/td>\n<\/tr>\n<tr>\n<td colspan=\"2\">\n<h4>Parametry<\/h4>\n<\/td>\n<\/tr>\n<tr>\n<td>Zna\u010dka<\/td>\n<td>Ravak<\/td>\n<\/tr>\n<\/tbody>\n<\/table><\/div>\n<\/div><\/div>\n<div class=\"detail-description__top\">\t\t\t\t<\/div>\n<div class=\"detail-description__left\">\n<div class=\"detail-description__left__overflow\">\n<div class=\"detail-description__left__head\">\t\t\t\t\t\tPopis:\t\t\t\t\t<\/div>\n<div class=\"ul-style ul-style--check\">\n<ul class=\"plusminus\">\n<li><i class=\"fas fa-check\"><\/i><span>V\u00fd\u0161ka bat\u00e9rie: 280\u00a0mm, extra pred\u013a\u017een\u00e1<\/span><\/li>\n<li><i class=\"fas fa-check\"><\/i><span>Kartu\u0161a (priemer, materi\u00e1l): 35\u00a0mm, keramick\u00e1<\/span><\/li>\n<li><i class=\"fas fa-check\"><\/i><span>Farebn\u00e9 vyhotovenie: BLM\u00a0\u2013 \u010dierna matn\u00e1<\/span><\/li>\n<li><i class=\"fas fa-check\"><\/i><span>Pripojovacie hadi\u010dky: flexibiln\u00e9 450\u00a0mm, priemer G3\/8<\/span><\/li>\n<li><i class=\"fas fa-check\"><\/i><span>V\u00fdpus\u0165: bez<\/span><\/li>\n<li><i class=\"fas fa-check\"><\/i><span>Vhodn\u00e1: k\u00a0um\u00fdvadl\u00e1m na dosku<\/span><\/li>\n<\/ul>\n<p>Vo vn\u00fatri bat\u00e9rie je d\u00f4myseln\u00fd perl\u00e1tor s\u00a0funkciou EcoFlow. Prietok jeobmedzen\u00fd na 3,5\u00a0l za min\u00fatu a obohaten\u00fd o\u00a0vzduch. Pravdepodobne si to aninev\u0161imnete, ale prejav\u00ed sa to na va\u0161ej spotrebe vody, ktor\u00e1 bude ni\u017e\u0161iane\u017e u\u00a0be\u017enej bat\u00e9rie.Pre ucelen\u00e9 rie\u0161enie a dizajnov\u00fd s\u00falad k\u00fape\u013eneodpor\u00fa\u010dame kombinova\u0165 s\u00a0ostatn\u00fdmi bat\u00e9riami Life. Na vonkaj\u0161ie \u010distenieodpor\u00fa\u010dame pou\u017e\u00edva\u0165 \u010distiaci pr\u00edpravok Ravak Cleaner Chrome.<\/p>\n<\/div>\n<div class=\"detail-description__left__more\">\t\t\t\t\t\t<span> <\/span><span> <\/span>\t\t\t\t\t<\/div>\n<\/p><\/div>\n<\/p><\/div>\n<div class=\"detail-description__more\"><span> <\/span><span> <\/span><\/div>\n<\/p><\/div>\n<\/p><\/div>\n<div class=\"tab tab-detail-7\">\n<div class=\"table-size-classic  table-size--selectable\">\n<table>\n<thead>\n<tr>\n<th data-product-code=\"[&quot;K\u00f3d&quot;]\"><span class=\"selected\">Vybr\u00e1no<\/span><span><\/span><\/th>\n<th data-product-code=\"[&quot;X070472&quot;]\"><span class=\"selected\">Vybr\u00e1no<\/span><span>X070472<\/span><\/th>\n<th data-product-code=\"[&quot;X070478&quot;]\"><span class=\"selected\">Vybr\u00e1no<\/span><span>X070478<\/span><\/th>\n<\/tr>\n<\/thead>\n<tbody>\n<tr class=\"space\">\n<td><\/td>\n<td><\/td>\n<td><\/td>\n<\/tr>\n<tr>\n<td><strong>FLOW<\/strong><\/td>\n<td>4<\/td>\n<td>4<\/td>\n<\/tr>\n<tr>\n<td><strong>Typ baterie<\/strong><\/td>\n<td>Umyvadlov\u00e9<\/td>\n<td>Umyvadlov\u00e9<\/td>\n<\/tr>\n<tr>\n<td><strong>Materi\u00e1l<\/strong><\/td>\n<td>kov<\/td>\n<td>kov<\/td>\n<\/tr>\n<tr>\n<td><strong>Napojen\u00ed<\/strong><\/td>\n<td>Stoj\u00e1nkov\u00e1<\/td>\n<td>Stoj\u00e1nkov\u00e1<\/td>\n<\/tr>\n<tr>\n<td><strong>Produktov\u00e1 skupina<\/strong><\/td>\n<td>Baterie umyvadlov\u00e1<\/td>\n<td>Baterie umyvadlov\u00e1<\/td>\n<\/tr>\n<tr>\n<td><strong>P\u016fvod<\/strong><\/td>\n<td>Vyrobeno v \u010cR<\/td>\n<td>Vyrobeno v \u010cR<\/td>\n<\/tr>\n<tr>\n<td><strong>OVERFLOW_HEIGHT<\/strong><\/td>\n<td>0<\/td>\n<td>0<\/td>\n<\/tr>\n<tr>\n<td><strong>WASTE_DIAMETER<\/strong><\/td>\n<td>0<\/td>\n<td>0<\/td>\n<\/tr>\n<tr>\n<td><strong>NUMBER_OF_ELEMENTS<\/strong><\/td>\n<td>0<\/td>\n<td>0<\/td>\n<\/tr>\n<tr>\n<td><strong>Instalace<\/strong><\/td>\n<td>na umyvadlo<\/td>\n<td>na umyvadlo<\/td>\n<\/tr>\n<tr>\n<td><strong>CONSTRUCTION_HEIGHT<\/strong><\/td>\n<td>0<\/td>\n<td>0<\/td>\n<\/tr>\n<tr>\n<td><strong>ODOR_BARRIER_HEIGHT<\/strong><\/td>\n<td>0<\/td>\n<td>0<\/td>\n<\/tr>\n<tr>\n<td><strong>Barva<\/strong><\/td>\n<td>leskl\u00fd chrom<\/td>\n<td>\u010dern\u00e1 matn\u00e1<\/td>\n<\/tr>\n<\/tbody>\n<\/table>\n<\/div><\/div>\n","protected":false},"excerpt":{"rendered":"<p>Vlastnosti FLOW 4 Typ baterie Umyvadlov\u00e9 Materi\u00e1l kov Napojen\u00ed Stoj\u00e1nkov\u00e1 Produktov\u00e1 skupina Baterie umyvadlov\u00e1 P\u016fvod Vyrobeno v\u00a0\u010cR Instalace na umyvadlo Barva leskl\u00fd chrom, \u010dern\u00e1 matn\u00e1 Parametry Zna\u010dka Ravak Popis: V\u00fd\u0161ka bat\u00e9rie: 280\u00a0mm, extra pred\u013a\u017een\u00e1 Kartu\u0161a (priemer, materi\u00e1l): 35\u00a0mm, keramick\u00e1 Farebn\u00e9 vyhotovenie: BLM\u00a0\u2013 \u010dierna matn\u00e1 Pripojovacie hadi\u010dky: flexibiln\u00e9 450\u00a0mm, priemer G3\/8 V\u00fdpus\u0165: bez Vhodn\u00e1: k\u00a0um\u00fdvadl\u00e1m na [&hellip;]<\/p>\n","protected":false},"featured_media":35218,"comment_status":"open","ping_status":"open","template":"","meta":[],"product_brand":[],"product_cat":[39],"product_tag":[],"class_list":{"0":"post-35118","1":"product","2":"type-product","3":"status-publish","4":"has-post-thumbnail","6":"product_cat-sanita","8":"first","9":"instock","10":"sale","11":"shipping-taxable","12":"purchasable","13":"product-type-simple"},"yoast_head":"<!-- This site is optimized with the Yoast SEO plugin v26.8 - https:\/\/yoast.com\/product\/yoast-seo-wordpress\/ -->\n<title>Zna\u010dkov\u00fd Ravak LF 015.00CR Umyvadlov\u00e1 stoj\u00e1nkov\u00e1 baterie 280 mm bez v\u00fdpusti, chrom leskl\u00fd chrom -<\/title>\n<meta name=\"robots\" content=\"index, follow, max-snippet:-1, max-image-preview:large, max-video-preview:-1\" \/>\n<link rel=\"canonical\" href=\"https:\/\/www.technodompro.com\/index.php\/produkt\/znackovy-ravak-lf-015-00cr-umyvadlova-stojankova-baterie-280-mm-bez-vypusti-chrom-leskly-chrom-35118\/\" \/>\n<meta property=\"og:locale\" content=\"cs_CZ\" \/>\n<meta property=\"og:type\" content=\"article\" \/>\n<meta property=\"og:title\" content=\"Zna\u010dkov\u00fd Ravak LF 015.00CR Umyvadlov\u00e1 stoj\u00e1nkov\u00e1 baterie 280 mm bez v\u00fdpusti, chrom leskl\u00fd chrom -\" \/>\n<meta property=\"og:description\" content=\"Vlastnosti FLOW 4 Typ baterie Umyvadlov\u00e9 Materi\u00e1l kov Napojen\u00ed Stoj\u00e1nkov\u00e1 Produktov\u00e1 skupina Baterie umyvadlov\u00e1 P\u016fvod Vyrobeno v\u00a0\u010cR Instalace na umyvadlo Barva leskl\u00fd chrom, \u010dern\u00e1 matn\u00e1 Parametry Zna\u010dka Ravak Popis: V\u00fd\u0161ka bat\u00e9rie: 280\u00a0mm, extra pred\u013a\u017een\u00e1 Kartu\u0161a (priemer, materi\u00e1l): 35\u00a0mm, keramick\u00e1 Farebn\u00e9 vyhotovenie: BLM\u00a0\u2013 \u010dierna matn\u00e1 Pripojovacie hadi\u010dky: flexibiln\u00e9 450\u00a0mm, priemer G3\/8 V\u00fdpus\u0165: bez Vhodn\u00e1: k\u00a0um\u00fdvadl\u00e1m na [&hellip;]\" \/>\n<meta property=\"og:url\" content=\"https:\/\/www.technodompro.com\/index.php\/produkt\/znackovy-ravak-lf-015-00cr-umyvadlova-stojankova-baterie-280-mm-bez-vypusti-chrom-leskly-chrom-35118\/\" \/>\n<meta property=\"og:image\" content=\"https:\/\/www.technodompro.com\/wp-content\/uploads\/2026\/SK0019164-CZ20260425-091936-0-1777079982-ravak-lf-015-20blm-umyvadlova-bateria-280-mm-bez-odtokovej-.webp\" \/>\n\t<meta property=\"og:image:width\" content=\"1000\" \/>\n\t<meta property=\"og:image:height\" content=\"523\" \/>\n\t<meta property=\"og:image:type\" content=\"image\/webp\" \/>\n<meta name=\"twitter:card\" content=\"summary_large_image\" \/>\n<meta name=\"twitter:label1\" content=\"Odhadovan\u00e1 doba \u010dten\u00ed\" \/>\n\t<meta name=\"twitter:data1\" content=\"1 minuta\" \/>\n<script type=\"application\/ld+json\" class=\"yoast-schema-graph\">{\"@context\":\"https:\/\/schema.org\",\"@graph\":[{\"@type\":\"WebPage\",\"@id\":\"https:\/\/www.technodompro.com\/index.php\/produkt\/znackovy-ravak-lf-015-00cr-umyvadlova-stojankova-baterie-280-mm-bez-vypusti-chrom-leskly-chrom-35118\/\",\"url\":\"https:\/\/www.technodompro.com\/index.php\/produkt\/znackovy-ravak-lf-015-00cr-umyvadlova-stojankova-baterie-280-mm-bez-vypusti-chrom-leskly-chrom-35118\/\",\"name\":\"Zna\u010dkov\u00fd Ravak LF 015.00CR Umyvadlov\u00e1 stoj\u00e1nkov\u00e1 baterie 280 mm bez v\u00fdpusti, chrom leskl\u00fd chrom -\",\"isPartOf\":{\"@id\":\"https:\/\/www.technodompro.com\/#website\"},\"primaryImageOfPage\":{\"@id\":\"https:\/\/www.technodompro.com\/index.php\/produkt\/znackovy-ravak-lf-015-00cr-umyvadlova-stojankova-baterie-280-mm-bez-vypusti-chrom-leskly-chrom-35118\/#primaryimage\"},\"image\":{\"@id\":\"https:\/\/www.technodompro.com\/index.php\/produkt\/znackovy-ravak-lf-015-00cr-umyvadlova-stojankova-baterie-280-mm-bez-vypusti-chrom-leskly-chrom-35118\/#primaryimage\"},\"thumbnailUrl\":\"https:\/\/www.technodompro.com\/wp-content\/uploads\/2026\/SK0019164-CZ20260425-091936-0-1777079982-ravak-lf-015-20blm-umyvadlova-bateria-280-mm-bez-odtokovej-.webp\",\"datePublished\":\"2026-04-27T04:42:02+00:00\",\"breadcrumb\":{\"@id\":\"https:\/\/www.technodompro.com\/index.php\/produkt\/znackovy-ravak-lf-015-00cr-umyvadlova-stojankova-baterie-280-mm-bez-vypusti-chrom-leskly-chrom-35118\/#breadcrumb\"},\"inLanguage\":\"cs\",\"potentialAction\":[{\"@type\":\"ReadAction\",\"target\":[\"https:\/\/www.technodompro.com\/index.php\/produkt\/znackovy-ravak-lf-015-00cr-umyvadlova-stojankova-baterie-280-mm-bez-vypusti-chrom-leskly-chrom-35118\/\"]}]},{\"@type\":\"ImageObject\",\"inLanguage\":\"cs\",\"@id\":\"https:\/\/www.technodompro.com\/index.php\/produkt\/znackovy-ravak-lf-015-00cr-umyvadlova-stojankova-baterie-280-mm-bez-vypusti-chrom-leskly-chrom-35118\/#primaryimage\",\"url\":\"https:\/\/www.technodompro.com\/wp-content\/uploads\/2026\/SK0019164-CZ20260425-091936-0-1777079982-ravak-lf-015-20blm-umyvadlova-bateria-280-mm-bez-odtokovej-.webp\",\"contentUrl\":\"https:\/\/www.technodompro.com\/wp-content\/uploads\/2026\/SK0019164-CZ20260425-091936-0-1777079982-ravak-lf-015-20blm-umyvadlova-bateria-280-mm-bez-odtokovej-.webp\",\"width\":1000,\"height\":523},{\"@type\":\"BreadcrumbList\",\"@id\":\"https:\/\/www.technodompro.com\/index.php\/produkt\/znackovy-ravak-lf-015-00cr-umyvadlova-stojankova-baterie-280-mm-bez-vypusti-chrom-leskly-chrom-35118\/#breadcrumb\",\"itemListElement\":[{\"@type\":\"ListItem\",\"position\":1,\"name\":\"Home\",\"item\":\"https:\/\/www.technodompro.com\/\"},{\"@type\":\"ListItem\",\"position\":2,\"name\":\"Products\",\"item\":\"https:\/\/www.technodompro.com\/index.php\/products\/\"},{\"@type\":\"ListItem\",\"position\":3,\"name\":\"Zna\u010dkov\u00fd Ravak LF 015.00CR Umyvadlov\u00e1 stoj\u00e1nkov\u00e1 baterie 280 mm bez v\u00fdpusti, chrom leskl\u00fd chrom\"}]},{\"@type\":\"WebSite\",\"@id\":\"https:\/\/www.technodompro.com\/#website\",\"url\":\"https:\/\/www.technodompro.com\/\",\"name\":\"\",\"description\":\"\",\"potentialAction\":[{\"@type\":\"SearchAction\",\"target\":{\"@type\":\"EntryPoint\",\"urlTemplate\":\"https:\/\/www.technodompro.com\/?s={search_term_string}\"},\"query-input\":{\"@type\":\"PropertyValueSpecification\",\"valueRequired\":true,\"valueName\":\"search_term_string\"}}],\"inLanguage\":\"cs\"}]}<\/script>\n<!-- \/ Yoast SEO plugin. -->","yoast_head_json":{"title":"Zna\u010dkov\u00fd Ravak LF 015.00CR Umyvadlov\u00e1 stoj\u00e1nkov\u00e1 baterie 280 mm bez v\u00fdpusti, chrom leskl\u00fd chrom -","robots":{"index":"index","follow":"follow","max-snippet":"max-snippet:-1","max-image-preview":"max-image-preview:large","max-video-preview":"max-video-preview:-1"},"canonical":"https:\/\/www.technodompro.com\/index.php\/produkt\/znackovy-ravak-lf-015-00cr-umyvadlova-stojankova-baterie-280-mm-bez-vypusti-chrom-leskly-chrom-35118\/","og_locale":"cs_CZ","og_type":"article","og_title":"Zna\u010dkov\u00fd Ravak LF 015.00CR Umyvadlov\u00e1 stoj\u00e1nkov\u00e1 baterie 280 mm bez v\u00fdpusti, chrom leskl\u00fd chrom -","og_description":"Vlastnosti FLOW 4 Typ baterie Umyvadlov\u00e9 Materi\u00e1l kov Napojen\u00ed Stoj\u00e1nkov\u00e1 Produktov\u00e1 skupina Baterie umyvadlov\u00e1 P\u016fvod Vyrobeno v\u00a0\u010cR Instalace na umyvadlo Barva leskl\u00fd chrom, \u010dern\u00e1 matn\u00e1 Parametry Zna\u010dka Ravak Popis: V\u00fd\u0161ka bat\u00e9rie: 280\u00a0mm, extra pred\u013a\u017een\u00e1 Kartu\u0161a (priemer, materi\u00e1l): 35\u00a0mm, keramick\u00e1 Farebn\u00e9 vyhotovenie: BLM\u00a0\u2013 \u010dierna matn\u00e1 Pripojovacie hadi\u010dky: flexibiln\u00e9 450\u00a0mm, priemer G3\/8 V\u00fdpus\u0165: bez Vhodn\u00e1: k\u00a0um\u00fdvadl\u00e1m na [&hellip;]","og_url":"https:\/\/www.technodompro.com\/index.php\/produkt\/znackovy-ravak-lf-015-00cr-umyvadlova-stojankova-baterie-280-mm-bez-vypusti-chrom-leskly-chrom-35118\/","og_image":[{"width":1000,"height":523,"url":"https:\/\/www.technodompro.com\/wp-content\/uploads\/2026\/SK0019164-CZ20260425-091936-0-1777079982-ravak-lf-015-20blm-umyvadlova-bateria-280-mm-bez-odtokovej-.webp","type":"image\/webp"}],"twitter_card":"summary_large_image","twitter_misc":{"Odhadovan\u00e1 doba \u010dten\u00ed":"1 minuta"},"schema":{"@context":"https:\/\/schema.org","@graph":[{"@type":"WebPage","@id":"https:\/\/www.technodompro.com\/index.php\/produkt\/znackovy-ravak-lf-015-00cr-umyvadlova-stojankova-baterie-280-mm-bez-vypusti-chrom-leskly-chrom-35118\/","url":"https:\/\/www.technodompro.com\/index.php\/produkt\/znackovy-ravak-lf-015-00cr-umyvadlova-stojankova-baterie-280-mm-bez-vypusti-chrom-leskly-chrom-35118\/","name":"Zna\u010dkov\u00fd Ravak LF 015.00CR Umyvadlov\u00e1 stoj\u00e1nkov\u00e1 baterie 280 mm bez v\u00fdpusti, chrom leskl\u00fd chrom -","isPartOf":{"@id":"https:\/\/www.technodompro.com\/#website"},"primaryImageOfPage":{"@id":"https:\/\/www.technodompro.com\/index.php\/produkt\/znackovy-ravak-lf-015-00cr-umyvadlova-stojankova-baterie-280-mm-bez-vypusti-chrom-leskly-chrom-35118\/#primaryimage"},"image":{"@id":"https:\/\/www.technodompro.com\/index.php\/produkt\/znackovy-ravak-lf-015-00cr-umyvadlova-stojankova-baterie-280-mm-bez-vypusti-chrom-leskly-chrom-35118\/#primaryimage"},"thumbnailUrl":"https:\/\/www.technodompro.com\/wp-content\/uploads\/2026\/SK0019164-CZ20260425-091936-0-1777079982-ravak-lf-015-20blm-umyvadlova-bateria-280-mm-bez-odtokovej-.webp","datePublished":"2026-04-27T04:42:02+00:00","breadcrumb":{"@id":"https:\/\/www.technodompro.com\/index.php\/produkt\/znackovy-ravak-lf-015-00cr-umyvadlova-stojankova-baterie-280-mm-bez-vypusti-chrom-leskly-chrom-35118\/#breadcrumb"},"inLanguage":"cs","potentialAction":[{"@type":"ReadAction","target":["https:\/\/www.technodompro.com\/index.php\/produkt\/znackovy-ravak-lf-015-00cr-umyvadlova-stojankova-baterie-280-mm-bez-vypusti-chrom-leskly-chrom-35118\/"]}]},{"@type":"ImageObject","inLanguage":"cs","@id":"https:\/\/www.technodompro.com\/index.php\/produkt\/znackovy-ravak-lf-015-00cr-umyvadlova-stojankova-baterie-280-mm-bez-vypusti-chrom-leskly-chrom-35118\/#primaryimage","url":"https:\/\/www.technodompro.com\/wp-content\/uploads\/2026\/SK0019164-CZ20260425-091936-0-1777079982-ravak-lf-015-20blm-umyvadlova-bateria-280-mm-bez-odtokovej-.webp","contentUrl":"https:\/\/www.technodompro.com\/wp-content\/uploads\/2026\/SK0019164-CZ20260425-091936-0-1777079982-ravak-lf-015-20blm-umyvadlova-bateria-280-mm-bez-odtokovej-.webp","width":1000,"height":523},{"@type":"BreadcrumbList","@id":"https:\/\/www.technodompro.com\/index.php\/produkt\/znackovy-ravak-lf-015-00cr-umyvadlova-stojankova-baterie-280-mm-bez-vypusti-chrom-leskly-chrom-35118\/#breadcrumb","itemListElement":[{"@type":"ListItem","position":1,"name":"Home","item":"https:\/\/www.technodompro.com\/"},{"@type":"ListItem","position":2,"name":"Products","item":"https:\/\/www.technodompro.com\/index.php\/products\/"},{"@type":"ListItem","position":3,"name":"Zna\u010dkov\u00fd Ravak LF 015.00CR Umyvadlov\u00e1 stoj\u00e1nkov\u00e1 baterie 280 mm bez v\u00fdpusti, chrom leskl\u00fd chrom"}]},{"@type":"WebSite","@id":"https:\/\/www.technodompro.com\/#website","url":"https:\/\/www.technodompro.com\/","name":"","description":"","potentialAction":[{"@type":"SearchAction","target":{"@type":"EntryPoint","urlTemplate":"https:\/\/www.technodompro.com\/?s={search_term_string}"},"query-input":{"@type":"PropertyValueSpecification","valueRequired":true,"valueName":"search_term_string"}}],"inLanguage":"cs"}]}},"_links":{"self":[{"href":"https:\/\/www.technodompro.com\/index.php\/wp-json\/wp\/v2\/product\/35118","targetHints":{"allow":["GET"]}}],"collection":[{"href":"https:\/\/www.technodompro.com\/index.php\/wp-json\/wp\/v2\/product"}],"about":[{"href":"https:\/\/www.technodompro.com\/index.php\/wp-json\/wp\/v2\/types\/product"}],"replies":[{"embeddable":true,"href":"https:\/\/www.technodompro.com\/index.php\/wp-json\/wp\/v2\/comments?post=35118"}],"wp:featuredmedia":[{"embeddable":true,"href":"https:\/\/www.technodompro.com\/index.php\/wp-json\/wp\/v2\/media\/35218"}],"wp:attachment":[{"href":"https:\/\/www.technodompro.com\/index.php\/wp-json\/wp\/v2\/media?parent=35118"}],"wp:term":[{"taxonomy":"product_brand","embeddable":true,"href":"https:\/\/www.technodompro.com\/index.php\/wp-json\/wp\/v2\/product_brand?post=35118"},{"taxonomy":"product_cat","embeddable":true,"href":"https:\/\/www.technodompro.com\/index.php\/wp-json\/wp\/v2\/product_cat?post=35118"},{"taxonomy":"product_tag","embeddable":true,"href":"https:\/\/www.technodompro.com\/index.php\/wp-json\/wp\/v2\/product_tag?post=35118"}],"curies":[{"name":"wp","href":"https:\/\/api.w.org\/{rel}","templated":true}]}}