{"id":35373,"date":"2026-04-27T04:42:03","date_gmt":"2026-04-27T04:42:03","guid":{"rendered":""},"modified":"2026-04-27T04:42:03","modified_gmt":"2026-04-27T04:42:03","slug":"znackovy-ravak-madlo-comfort-ii-bila-1-ks-bila-35373","status":"publish","type":"product","link":"https:\/\/www.technodompro.com\/index.php\/produkt\/znackovy-ravak-madlo-comfort-ii-bila-1-ks-bila-35373\/","title":{"rendered":"Zna\u010dkov\u00fd Ravak Madlo Comfort II, b\u00edl\u00e1 (1 ks) b\u00edl\u00e1"},"content":{"rendered":"<div class=\"detail-description__right\">\n<div class=\"parameters\">\n<div class=\"table table--simple\">\n<table>\n<tbody>\n<tr>\n<td colspan=\"2\">\n<h4>Vlastnosti<\/h4>\n<\/td>\n<\/tr>\n<tr>\n<td>SHAPE<\/td>\n<td>\u00dachytky<\/td>\n<\/tr>\n<tr>\n<td>Materi\u00e1l<\/td>\n<td>kov<\/td>\n<\/tr>\n<tr>\n<td>Produktov\u00e1 skupina<\/td>\n<td>Madlo<\/td>\n<\/tr>\n<tr>\n<td>P\u016fvod<\/td>\n<td>Vyrobeno v\u00a0\u010cR<\/td>\n<\/tr>\n<tr>\n<td>Povrchov\u00e1 \u00faprava<\/td>\n<td>lak<\/td>\n<\/tr>\n<tr>\n<td>Barva<\/td>\n<td>\u010dern\u00e1, b\u00edl\u00e1, chrom<\/td>\n<\/tr>\n<tr>\n<td colspan=\"2\">\n<h4>Parametry<\/h4>\n<\/td>\n<\/tr>\n<tr>\n<td>Zna\u010dka<\/td>\n<td>Ravak<\/td>\n<\/tr>\n<\/tbody>\n<\/table><\/div>\n<\/div><\/div>\n<div class=\"detail-description__top\">\t\t\t\t<\/div>\n<div class=\"detail-description__left\">\n<div class=\"detail-description__left__overflow\">\n<div class=\"detail-description__left__head\">\t\t\t\t\t\tPopis:\t\t\t\t\t<\/div>\n<div class=\"ul-style ul-style--check\">\n<ul class=\"plusminus\">\n<li><i class=\"fas fa-check\"><\/i><span>Rozmer (dx\u0161): 19\u00a0\u00d7\u00a04 cm<\/span><\/li>\n<li><i class=\"fas fa-check\"><\/i><span>Materi\u00e1l: kov<\/span><\/li>\n<li><i class=\"fas fa-check\"><\/i><span>Farebn\u00e9 vyhotovenie: biela<\/span><\/li>\n<\/ul>\n<p>\u00dachytka Comfort II je ur\u010den\u00e1 ku skrink\u00e1m rady Comfort II. Balenieobsahuje 1\u00a0kus \u00fachytky.<\/p>\n<\/div>\n<div class=\"detail-description__left__more\">\t\t\t\t\t\t<span> <\/span><span> <\/span>\t\t\t\t\t<\/div>\n<\/p><\/div>\n<\/p><\/div>\n<div class=\"detail-description__more\"><span> <\/span><span> <\/span><\/div>\n<\/p><\/div>\n<\/p><\/div>\n<div class=\"tab tab-detail-7\">\n<div class=\"table-size-classic  table-size--selectable\">\n<table>\n<thead>\n<tr>\n<th data-product-code=\"[&quot;K\u00f3d&quot;]\"><span class=\"selected\">Vybr\u00e1no<\/span><span><\/span><\/th>\n<th data-product-code=\"[&quot;X000001825&quot;]\"><span class=\"selected\">Vybr\u00e1no<\/span><span>X000001825<\/span><\/th>\n<th data-product-code=\"[&quot;X000001826&quot;]\"><span class=\"selected\">Vybr\u00e1no<\/span><span>X000001826<\/span><\/th>\n<th data-product-code=\"[&quot;X000001827&quot;]\"><span class=\"selected\">Vybr\u00e1no<\/span><span>X000001827<\/span><\/th>\n<\/tr>\n<\/thead>\n<tbody>\n<tr class=\"space\">\n<td><\/td>\n<td><\/td>\n<td><\/td>\n<td><\/td>\n<\/tr>\n<tr>\n<td><strong>SHAPE<\/strong><\/td>\n<td>\u00dachytky<\/td>\n<td>\u00dachytky<\/td>\n<td>\u00dachytky<\/td>\n<\/tr>\n<tr>\n<td><strong>Materi\u00e1l<\/strong><\/td>\n<td>kov<\/td>\n<td>kov<\/td>\n<td>kov<\/td>\n<\/tr>\n<tr>\n<td><strong>Produktov\u00e1 skupina<\/strong><\/td>\n<td>Madlo<\/td>\n<td>Madlo<\/td>\n<td>Madlo<\/td>\n<\/tr>\n<tr>\n<td><strong>P\u016fvod<\/strong><\/td>\n<td>Vyrobeno v \u010cR<\/td>\n<td>Vyrobeno v \u010cR<\/td>\n<td>Vyrobeno v \u010cR<\/td>\n<\/tr>\n<tr>\n<td><strong>OVERFLOW_HEIGHT<\/strong><\/td>\n<td>0<\/td>\n<td>0<\/td>\n<td>0<\/td>\n<\/tr>\n<tr>\n<td><strong>WASTE_DIAMETER<\/strong><\/td>\n<td>0<\/td>\n<td>0<\/td>\n<td>0<\/td>\n<\/tr>\n<tr>\n<td><strong>NUMBER_OF_ELEMENTS<\/strong><\/td>\n<td>0<\/td>\n<td>0<\/td>\n<td>0<\/td>\n<\/tr>\n<tr>\n<td><strong>CONSTRUCTION_HEIGHT<\/strong><\/td>\n<td>0<\/td>\n<td>0<\/td>\n<td>0<\/td>\n<\/tr>\n<tr>\n<td><strong>ODOR_BARRIER_HEIGHT<\/strong><\/td>\n<td>0<\/td>\n<td>0<\/td>\n<td>0<\/td>\n<\/tr>\n<tr>\n<td><strong>Povrchov\u00e1 \u00faprava<\/strong><\/td>\n<td>lak<\/td>\n<td>lak<\/td>\n<td>lak<\/td>\n<\/tr>\n<tr>\n<td><strong>Barva<\/strong><\/td>\n<td>chrom<\/td>\n<td>b\u00edl\u00e1<\/td>\n<td>\u010dern\u00e1<\/td>\n<\/tr>\n<\/tbody>\n<\/table>\n<\/div><\/div>\n","protected":false},"excerpt":{"rendered":"<p>Vlastnosti SHAPE \u00dachytky Materi\u00e1l kov Produktov\u00e1 skupina Madlo P\u016fvod Vyrobeno v\u00a0\u010cR Povrchov\u00e1 \u00faprava lak Barva \u010dern\u00e1, b\u00edl\u00e1, chrom Parametry Zna\u010dka Ravak Popis: Rozmer (dx\u0161): 19\u00a0\u00d7\u00a04 cm Materi\u00e1l: kov Farebn\u00e9 vyhotovenie: biela \u00dachytka Comfort II je ur\u010den\u00e1 ku skrink\u00e1m rady Comfort II. Balenieobsahuje 1\u00a0kus \u00fachytky. Vybr\u00e1no Vybr\u00e1noX000001825 Vybr\u00e1noX000001826 Vybr\u00e1noX000001827 SHAPE \u00dachytky \u00dachytky \u00dachytky Materi\u00e1l kov kov [&hellip;]<\/p>\n","protected":false},"featured_media":35473,"comment_status":"open","ping_status":"open","template":"","meta":[],"product_brand":[],"product_cat":[38],"product_tag":[],"class_list":{"0":"post-35373","1":"product","2":"type-product","3":"status-publish","4":"has-post-thumbnail","6":"product_cat-bydleni","8":"first","9":"instock","10":"sale","11":"shipping-taxable","12":"purchasable","13":"product-type-simple"},"yoast_head":"<!-- This site is optimized with the Yoast SEO plugin v26.8 - https:\/\/yoast.com\/product\/yoast-seo-wordpress\/ -->\n<title>Zna\u010dkov\u00fd Ravak Madlo Comfort II, b\u00edl\u00e1 (1 ks) b\u00edl\u00e1 -<\/title>\n<meta name=\"robots\" content=\"index, follow, max-snippet:-1, max-image-preview:large, max-video-preview:-1\" \/>\n<link rel=\"canonical\" href=\"https:\/\/www.technodompro.com\/index.php\/produkt\/znackovy-ravak-madlo-comfort-ii-bila-1-ks-bila-35373\/\" \/>\n<meta property=\"og:locale\" content=\"cs_CZ\" \/>\n<meta property=\"og:type\" content=\"article\" \/>\n<meta property=\"og:title\" content=\"Zna\u010dkov\u00fd Ravak Madlo Comfort II, b\u00edl\u00e1 (1 ks) b\u00edl\u00e1 -\" \/>\n<meta property=\"og:description\" content=\"Vlastnosti SHAPE \u00dachytky Materi\u00e1l kov Produktov\u00e1 skupina Madlo P\u016fvod Vyrobeno v\u00a0\u010cR Povrchov\u00e1 \u00faprava lak Barva \u010dern\u00e1, b\u00edl\u00e1, chrom Parametry Zna\u010dka Ravak Popis: Rozmer (dx\u0161): 19\u00a0\u00d7\u00a04 cm Materi\u00e1l: kov Farebn\u00e9 vyhotovenie: biela \u00dachytka Comfort II je ur\u010den\u00e1 ku skrink\u00e1m rady Comfort II. Balenieobsahuje 1\u00a0kus \u00fachytky. Vybr\u00e1no Vybr\u00e1noX000001825 Vybr\u00e1noX000001826 Vybr\u00e1noX000001827 SHAPE \u00dachytky \u00dachytky \u00dachytky Materi\u00e1l kov kov [&hellip;]\" \/>\n<meta property=\"og:url\" content=\"https:\/\/www.technodompro.com\/index.php\/produkt\/znackovy-ravak-madlo-comfort-ii-bila-1-ks-bila-35373\/\" \/>\n<meta property=\"og:image\" content=\"https:\/\/www.technodompro.com\/wp-content\/uploads\/2026\/SK0019319-CZ20260425-091936-0-1777079982-ravak-uchytka-comfort-ii-biela-1-ks-w1200-h628-f8-78bc13825.webp\" \/>\n\t<meta property=\"og:image:width\" content=\"1000\" \/>\n\t<meta property=\"og:image:height\" content=\"523\" \/>\n\t<meta property=\"og:image:type\" content=\"image\/webp\" \/>\n<meta name=\"twitter:card\" content=\"summary_large_image\" \/>\n<script type=\"application\/ld+json\" class=\"yoast-schema-graph\">{\"@context\":\"https:\/\/schema.org\",\"@graph\":[{\"@type\":\"WebPage\",\"@id\":\"https:\/\/www.technodompro.com\/index.php\/produkt\/znackovy-ravak-madlo-comfort-ii-bila-1-ks-bila-35373\/\",\"url\":\"https:\/\/www.technodompro.com\/index.php\/produkt\/znackovy-ravak-madlo-comfort-ii-bila-1-ks-bila-35373\/\",\"name\":\"Zna\u010dkov\u00fd Ravak Madlo Comfort II, b\u00edl\u00e1 (1 ks) b\u00edl\u00e1 -\",\"isPartOf\":{\"@id\":\"https:\/\/www.technodompro.com\/#website\"},\"primaryImageOfPage\":{\"@id\":\"https:\/\/www.technodompro.com\/index.php\/produkt\/znackovy-ravak-madlo-comfort-ii-bila-1-ks-bila-35373\/#primaryimage\"},\"image\":{\"@id\":\"https:\/\/www.technodompro.com\/index.php\/produkt\/znackovy-ravak-madlo-comfort-ii-bila-1-ks-bila-35373\/#primaryimage\"},\"thumbnailUrl\":\"https:\/\/www.technodompro.com\/wp-content\/uploads\/2026\/SK0019319-CZ20260425-091936-0-1777079982-ravak-uchytka-comfort-ii-biela-1-ks-w1200-h628-f8-78bc13825.webp\",\"datePublished\":\"2026-04-27T04:42:03+00:00\",\"breadcrumb\":{\"@id\":\"https:\/\/www.technodompro.com\/index.php\/produkt\/znackovy-ravak-madlo-comfort-ii-bila-1-ks-bila-35373\/#breadcrumb\"},\"inLanguage\":\"cs\",\"potentialAction\":[{\"@type\":\"ReadAction\",\"target\":[\"https:\/\/www.technodompro.com\/index.php\/produkt\/znackovy-ravak-madlo-comfort-ii-bila-1-ks-bila-35373\/\"]}]},{\"@type\":\"ImageObject\",\"inLanguage\":\"cs\",\"@id\":\"https:\/\/www.technodompro.com\/index.php\/produkt\/znackovy-ravak-madlo-comfort-ii-bila-1-ks-bila-35373\/#primaryimage\",\"url\":\"https:\/\/www.technodompro.com\/wp-content\/uploads\/2026\/SK0019319-CZ20260425-091936-0-1777079982-ravak-uchytka-comfort-ii-biela-1-ks-w1200-h628-f8-78bc13825.webp\",\"contentUrl\":\"https:\/\/www.technodompro.com\/wp-content\/uploads\/2026\/SK0019319-CZ20260425-091936-0-1777079982-ravak-uchytka-comfort-ii-biela-1-ks-w1200-h628-f8-78bc13825.webp\",\"width\":1000,\"height\":523},{\"@type\":\"BreadcrumbList\",\"@id\":\"https:\/\/www.technodompro.com\/index.php\/produkt\/znackovy-ravak-madlo-comfort-ii-bila-1-ks-bila-35373\/#breadcrumb\",\"itemListElement\":[{\"@type\":\"ListItem\",\"position\":1,\"name\":\"Home\",\"item\":\"https:\/\/www.technodompro.com\/\"},{\"@type\":\"ListItem\",\"position\":2,\"name\":\"Products\",\"item\":\"https:\/\/www.technodompro.com\/index.php\/products\/\"},{\"@type\":\"ListItem\",\"position\":3,\"name\":\"Zna\u010dkov\u00fd Ravak Madlo Comfort II, b\u00edl\u00e1 (1 ks) b\u00edl\u00e1\"}]},{\"@type\":\"WebSite\",\"@id\":\"https:\/\/www.technodompro.com\/#website\",\"url\":\"https:\/\/www.technodompro.com\/\",\"name\":\"\",\"description\":\"\",\"potentialAction\":[{\"@type\":\"SearchAction\",\"target\":{\"@type\":\"EntryPoint\",\"urlTemplate\":\"https:\/\/www.technodompro.com\/?s={search_term_string}\"},\"query-input\":{\"@type\":\"PropertyValueSpecification\",\"valueRequired\":true,\"valueName\":\"search_term_string\"}}],\"inLanguage\":\"cs\"}]}<\/script>\n<!-- \/ Yoast SEO plugin. -->","yoast_head_json":{"title":"Zna\u010dkov\u00fd Ravak Madlo Comfort II, b\u00edl\u00e1 (1 ks) b\u00edl\u00e1 -","robots":{"index":"index","follow":"follow","max-snippet":"max-snippet:-1","max-image-preview":"max-image-preview:large","max-video-preview":"max-video-preview:-1"},"canonical":"https:\/\/www.technodompro.com\/index.php\/produkt\/znackovy-ravak-madlo-comfort-ii-bila-1-ks-bila-35373\/","og_locale":"cs_CZ","og_type":"article","og_title":"Zna\u010dkov\u00fd Ravak Madlo Comfort II, b\u00edl\u00e1 (1 ks) b\u00edl\u00e1 -","og_description":"Vlastnosti SHAPE \u00dachytky Materi\u00e1l kov Produktov\u00e1 skupina Madlo P\u016fvod Vyrobeno v\u00a0\u010cR Povrchov\u00e1 \u00faprava lak Barva \u010dern\u00e1, b\u00edl\u00e1, chrom Parametry Zna\u010dka Ravak Popis: Rozmer (dx\u0161): 19\u00a0\u00d7\u00a04 cm Materi\u00e1l: kov Farebn\u00e9 vyhotovenie: biela \u00dachytka Comfort II je ur\u010den\u00e1 ku skrink\u00e1m rady Comfort II. Balenieobsahuje 1\u00a0kus \u00fachytky. Vybr\u00e1no Vybr\u00e1noX000001825 Vybr\u00e1noX000001826 Vybr\u00e1noX000001827 SHAPE \u00dachytky \u00dachytky \u00dachytky Materi\u00e1l kov kov [&hellip;]","og_url":"https:\/\/www.technodompro.com\/index.php\/produkt\/znackovy-ravak-madlo-comfort-ii-bila-1-ks-bila-35373\/","og_image":[{"width":1000,"height":523,"url":"https:\/\/www.technodompro.com\/wp-content\/uploads\/2026\/SK0019319-CZ20260425-091936-0-1777079982-ravak-uchytka-comfort-ii-biela-1-ks-w1200-h628-f8-78bc13825.webp","type":"image\/webp"}],"twitter_card":"summary_large_image","schema":{"@context":"https:\/\/schema.org","@graph":[{"@type":"WebPage","@id":"https:\/\/www.technodompro.com\/index.php\/produkt\/znackovy-ravak-madlo-comfort-ii-bila-1-ks-bila-35373\/","url":"https:\/\/www.technodompro.com\/index.php\/produkt\/znackovy-ravak-madlo-comfort-ii-bila-1-ks-bila-35373\/","name":"Zna\u010dkov\u00fd Ravak Madlo Comfort II, b\u00edl\u00e1 (1 ks) b\u00edl\u00e1 -","isPartOf":{"@id":"https:\/\/www.technodompro.com\/#website"},"primaryImageOfPage":{"@id":"https:\/\/www.technodompro.com\/index.php\/produkt\/znackovy-ravak-madlo-comfort-ii-bila-1-ks-bila-35373\/#primaryimage"},"image":{"@id":"https:\/\/www.technodompro.com\/index.php\/produkt\/znackovy-ravak-madlo-comfort-ii-bila-1-ks-bila-35373\/#primaryimage"},"thumbnailUrl":"https:\/\/www.technodompro.com\/wp-content\/uploads\/2026\/SK0019319-CZ20260425-091936-0-1777079982-ravak-uchytka-comfort-ii-biela-1-ks-w1200-h628-f8-78bc13825.webp","datePublished":"2026-04-27T04:42:03+00:00","breadcrumb":{"@id":"https:\/\/www.technodompro.com\/index.php\/produkt\/znackovy-ravak-madlo-comfort-ii-bila-1-ks-bila-35373\/#breadcrumb"},"inLanguage":"cs","potentialAction":[{"@type":"ReadAction","target":["https:\/\/www.technodompro.com\/index.php\/produkt\/znackovy-ravak-madlo-comfort-ii-bila-1-ks-bila-35373\/"]}]},{"@type":"ImageObject","inLanguage":"cs","@id":"https:\/\/www.technodompro.com\/index.php\/produkt\/znackovy-ravak-madlo-comfort-ii-bila-1-ks-bila-35373\/#primaryimage","url":"https:\/\/www.technodompro.com\/wp-content\/uploads\/2026\/SK0019319-CZ20260425-091936-0-1777079982-ravak-uchytka-comfort-ii-biela-1-ks-w1200-h628-f8-78bc13825.webp","contentUrl":"https:\/\/www.technodompro.com\/wp-content\/uploads\/2026\/SK0019319-CZ20260425-091936-0-1777079982-ravak-uchytka-comfort-ii-biela-1-ks-w1200-h628-f8-78bc13825.webp","width":1000,"height":523},{"@type":"BreadcrumbList","@id":"https:\/\/www.technodompro.com\/index.php\/produkt\/znackovy-ravak-madlo-comfort-ii-bila-1-ks-bila-35373\/#breadcrumb","itemListElement":[{"@type":"ListItem","position":1,"name":"Home","item":"https:\/\/www.technodompro.com\/"},{"@type":"ListItem","position":2,"name":"Products","item":"https:\/\/www.technodompro.com\/index.php\/products\/"},{"@type":"ListItem","position":3,"name":"Zna\u010dkov\u00fd Ravak Madlo Comfort II, b\u00edl\u00e1 (1 ks) b\u00edl\u00e1"}]},{"@type":"WebSite","@id":"https:\/\/www.technodompro.com\/#website","url":"https:\/\/www.technodompro.com\/","name":"","description":"","potentialAction":[{"@type":"SearchAction","target":{"@type":"EntryPoint","urlTemplate":"https:\/\/www.technodompro.com\/?s={search_term_string}"},"query-input":{"@type":"PropertyValueSpecification","valueRequired":true,"valueName":"search_term_string"}}],"inLanguage":"cs"}]}},"_links":{"self":[{"href":"https:\/\/www.technodompro.com\/index.php\/wp-json\/wp\/v2\/product\/35373","targetHints":{"allow":["GET"]}}],"collection":[{"href":"https:\/\/www.technodompro.com\/index.php\/wp-json\/wp\/v2\/product"}],"about":[{"href":"https:\/\/www.technodompro.com\/index.php\/wp-json\/wp\/v2\/types\/product"}],"replies":[{"embeddable":true,"href":"https:\/\/www.technodompro.com\/index.php\/wp-json\/wp\/v2\/comments?post=35373"}],"wp:featuredmedia":[{"embeddable":true,"href":"https:\/\/www.technodompro.com\/index.php\/wp-json\/wp\/v2\/media\/35473"}],"wp:attachment":[{"href":"https:\/\/www.technodompro.com\/index.php\/wp-json\/wp\/v2\/media?parent=35373"}],"wp:term":[{"taxonomy":"product_brand","embeddable":true,"href":"https:\/\/www.technodompro.com\/index.php\/wp-json\/wp\/v2\/product_brand?post=35373"},{"taxonomy":"product_cat","embeddable":true,"href":"https:\/\/www.technodompro.com\/index.php\/wp-json\/wp\/v2\/product_cat?post=35373"},{"taxonomy":"product_tag","embeddable":true,"href":"https:\/\/www.technodompro.com\/index.php\/wp-json\/wp\/v2\/product_tag?post=35373"}],"curies":[{"name":"wp","href":"https:\/\/api.w.org\/{rel}","templated":true}]}}