{"id":35543,"date":"2026-04-27T04:42:03","date_gmt":"2026-04-27T04:42:03","guid":{"rendered":""},"modified":"2026-04-27T04:42:03","modified_gmt":"2026-04-27T04:42:03","slug":"znackovy-ravak-deska-pod-umyvadlo-i-120-dub-35543","status":"publish","type":"product","link":"https:\/\/www.technodompro.com\/index.php\/produkt\/znackovy-ravak-deska-pod-umyvadlo-i-120-dub-35543\/","title":{"rendered":"Zna\u010dkov\u00fd Ravak Deska pod umyvadlo I 120, dub"},"content":{"rendered":"<div class=\"detail-description__right\">\n<div class=\"parameters\">\n<div class=\"table table--simple\">\n<table>\n<tbody>\n<tr>\n<td colspan=\"2\">\n<h4>Vlastnosti<\/h4>\n<\/td>\n<\/tr>\n<tr>\n<td>SHAPE<\/td>\n<td>Desky pod umyvadlo<\/td>\n<\/tr>\n<tr>\n<td>Materi\u00e1l<\/td>\n<td>d\u0159evo<\/td>\n<\/tr>\n<tr>\n<td>Produktov\u00e1 skupina<\/td>\n<td>Deska pod umyvadlo<\/td>\n<\/tr>\n<tr>\n<td>P\u016fvod<\/td>\n<td>Vyrobeno v\u00a0\u010cR<\/td>\n<\/tr>\n<tr>\n<td>Povrchov\u00e1 \u00faprava<\/td>\n<td>lak, D\u00fdha<\/td>\n<\/tr>\n<tr>\n<td>Barva<\/td>\n<td>b\u00edl\u00e1, dub<\/td>\n<\/tr>\n<tr>\n<td colspan=\"2\">\n<h4>Parametry<\/h4>\n<\/td>\n<\/tr>\n<tr>\n<td>Zna\u010dka<\/td>\n<td>Ravak<\/td>\n<\/tr>\n<\/tbody>\n<\/table><\/div>\n<\/div><\/div>\n<div class=\"detail-description__top\">\t\t\t\t<\/div>\n<div class=\"detail-description__left\">\n<div class=\"detail-description__left__overflow\">\n<div class=\"detail-description__left__head\">\t\t\t\t\t\tPopis:\t\t\t\t\t<\/div>\n<div class=\"ul-style ul-style--check\">\n<ul class=\"plusminus\">\n<li><i class=\"fas fa-check\"><\/i><span>Rozmery (\u0161xhxv): 120\u00a0\u00d7\u00a055\u00a0\u00d7\u00a07 cm<\/span><\/li>\n<li><i class=\"fas fa-check\"><\/i><span>Materi\u00e1l: impregnovan\u00e1 doska MFPB, dyha<\/span><\/li>\n<li><i class=\"fas fa-check\"><\/i><span>Otvor pre usadenie um\u00fdvadla: nie<\/span><\/li>\n<li><i class=\"fas fa-check\"><\/i><span>Farebn\u00e9 vyhotovenie dosky: dub<\/span><\/li>\n<li><i class=\"fas fa-check\"><\/i><span>Konzoly: s\u00fa\u010das\u0165ou balenia<\/span><\/li>\n<li><i class=\"fas fa-check\"><\/i><span>Farebn\u00e9 vyhotovenie konzoly: biela<\/span><\/li>\n<\/ul>\n<p>Doska I\u00a0sa na stenu upev\u0148uje pomocou klasick\u00fdch konzol, ktor\u00e9 s\u00fas\u00fa\u010das\u0165ou balenia. Otvor pre um\u00fdvadlo nie je predv\u0155tan\u00fd. To umo\u017e\u0148ujeumiestni\u0165 um\u00fdvadlo napr. Formy alebo Moon pod\u013ea vlastnej potreby.<\/p>\n<p>Ve\u013ek\u00e1 plocha<\/p>\n<p>Doska pod um\u00fdvadlo poskytuje ve\u013ek\u00e9 plochy odkladacieho priestoru.<\/p>\n<p>100% odolnos\u0165<\/p>\n<p>Dosky o\u0161etrujeme h\u013abkovou impregn\u00e1ciou proti vlhkosti. Lakovan\u00e1 \u00fapravaje vysoko odoln\u00e1. Dva druhy dyhy s\u00fa nieko\u013ekon\u00e1sobne zalakovan\u00e9 tak, \u017ee s\u00fa\u00faplne nepriepustn\u00e9.<\/p>\n<p>5\u00a0rokov z\u00e1ruka<\/p>\n<p>Za kvalitou na\u0161ich v\u00fdrobkov si stoj\u00edme. Preto k\u00a0dosk\u00e1m pod um\u00fdvadloz\u00edskate pred\u013a\u017een\u00fa p\u00e4\u0165ro\u010dn\u00fa z\u00e1ruku.<\/p>\n<\/div>\n<div class=\"detail-description__left__more\">\t\t\t\t\t\t<span> <\/span><span> <\/span>\t\t\t\t\t<\/div>\n<\/p><\/div>\n<\/p><\/div>\n<div class=\"detail-description__more\"><span> <\/span><span> <\/span><\/div>\n<\/p><\/div>\n<\/p><\/div>\n<div class=\"tab tab-detail-7\">\n<div class=\"table-size-classic  table-size--selectable\">\n<table>\n<thead>\n<tr>\n<th data-product-code=\"[&quot;K\u00f3d&quot;]\"><span class=\"selected\">Vybr\u00e1no<\/span><span><\/span><\/th>\n<th data-product-code=\"[&quot;X000000839&quot;]\"><span class=\"selected\">Vybr\u00e1no<\/span><span>X000000839<\/span><\/th>\n<th data-product-code=\"[&quot;X000000840&quot;]\"><span class=\"selected\">Vybr\u00e1no<\/span><span>X000000840<\/span><\/th>\n<th data-product-code=\"[&quot;X000000841&quot;]\"><span class=\"selected\">Vybr\u00e1no<\/span><span>X000000841<\/span><\/th>\n<th data-product-code=\"[&quot;X000000842&quot;]\"><span class=\"selected\">Vybr\u00e1no<\/span><span>X000000842<\/span><\/th>\n<th data-product-code=\"[&quot;X000000843&quot;]\"><span class=\"selected\">Vybr\u00e1no<\/span><span>X000000843<\/span><\/th>\n<th data-product-code=\"[&quot;X000000844&quot;]\"><span class=\"selected\">Vybr\u00e1no<\/span><span>X000000844<\/span><\/th>\n<\/tr>\n<\/thead>\n<tbody>\n<tr class=\"space\">\n<td><\/td>\n<td><\/td>\n<td><\/td>\n<td><\/td>\n<td><\/td>\n<td><\/td>\n<td><\/td>\n<\/tr>\n<tr>\n<td><strong>SHAPE<\/strong><\/td>\n<td>Desky pod umyvadlo<\/td>\n<td>Desky pod umyvadlo<\/td>\n<td>Desky pod umyvadlo<\/td>\n<td>Desky pod umyvadlo<\/td>\n<td>Desky pod umyvadlo<\/td>\n<td>Desky pod umyvadlo<\/td>\n<\/tr>\n<tr>\n<td><strong>Materi\u00e1l<\/strong><\/td>\n<td>d\u0159evo<\/td>\n<td>d\u0159evo<\/td>\n<td>d\u0159evo<\/td>\n<td>d\u0159evo<\/td>\n<td>d\u0159evo<\/td>\n<td>d\u0159evo<\/td>\n<\/tr>\n<tr>\n<td><strong>Produktov\u00e1 skupina<\/strong><\/td>\n<td>Deska pod umyvadlo<\/td>\n<td>Deska pod umyvadlo<\/td>\n<td>Deska pod umyvadlo<\/td>\n<td>Deska pod umyvadlo<\/td>\n<td>Deska pod umyvadlo<\/td>\n<td>Deska pod umyvadlo<\/td>\n<\/tr>\n<tr>\n<td><strong>P\u016fvod<\/strong><\/td>\n<td>Vyrobeno v \u010cR<\/td>\n<td>Vyrobeno v \u010cR<\/td>\n<td>Vyrobeno v \u010cR<\/td>\n<td>Vyrobeno v \u010cR<\/td>\n<td>Vyrobeno v \u010cR<\/td>\n<td>Vyrobeno v \u010cR<\/td>\n<\/tr>\n<tr>\n<td><strong>OVERFLOW_HEIGHT<\/strong><\/td>\n<td>0<\/td>\n<td>0<\/td>\n<td>0<\/td>\n<td>0<\/td>\n<td>0<\/td>\n<td>0<\/td>\n<\/tr>\n<tr>\n<td><strong>WASTE_DIAMETER<\/strong><\/td>\n<td>0<\/td>\n<td>0<\/td>\n<td>0<\/td>\n<td>0<\/td>\n<td>0<\/td>\n<td>0<\/td>\n<\/tr>\n<tr>\n<td><strong>NUMBER_OF_ELEMENTS<\/strong><\/td>\n<td>0<\/td>\n<td>0<\/td>\n<td>0<\/td>\n<td>0<\/td>\n<td>0<\/td>\n<td>0<\/td>\n<\/tr>\n<tr>\n<td><strong>CONSTRUCTION_HEIGHT<\/strong><\/td>\n<td>0<\/td>\n<td>0<\/td>\n<td>0<\/td>\n<td>0<\/td>\n<td>0<\/td>\n<td>0<\/td>\n<\/tr>\n<tr>\n<td><strong>ODOR_BARRIER_HEIGHT<\/strong><\/td>\n<td>0<\/td>\n<td>0<\/td>\n<td>0<\/td>\n<td>0<\/td>\n<td>0<\/td>\n<td>0<\/td>\n<\/tr>\n<tr>\n<td><strong>Povrchov\u00e1 \u00faprava<\/strong><\/td>\n<td>lak<\/td>\n<td>lak<\/td>\n<td>lak<\/td>\n<td>D\u00fdha<\/td>\n<td>D\u00fdha<\/td>\n<td>D\u00fdha<\/td>\n<\/tr>\n<tr>\n<td><strong>Barva<\/strong><\/td>\n<td>b\u00edl\u00e1<\/td>\n<td>b\u00edl\u00e1<\/td>\n<td>b\u00edl\u00e1<\/td>\n<td>dub<\/td>\n<td>dub<\/td>\n<td>dub<\/td>\n<\/tr>\n<\/tbody>\n<\/table>\n<\/div><\/div>\n","protected":false},"excerpt":{"rendered":"<p>Vlastnosti SHAPE Desky pod umyvadlo Materi\u00e1l d\u0159evo Produktov\u00e1 skupina Deska pod umyvadlo P\u016fvod Vyrobeno v\u00a0\u010cR Povrchov\u00e1 \u00faprava lak, D\u00fdha Barva b\u00edl\u00e1, dub Parametry Zna\u010dka Ravak Popis: Rozmery (\u0161xhxv): 120\u00a0\u00d7\u00a055\u00a0\u00d7\u00a07 cm Materi\u00e1l: impregnovan\u00e1 doska MFPB, dyha Otvor pre usadenie um\u00fdvadla: nie Farebn\u00e9 vyhotovenie dosky: dub Konzoly: s\u00fa\u010das\u0165ou balenia Farebn\u00e9 vyhotovenie konzoly: biela Doska I\u00a0sa na stenu [&hellip;]<\/p>\n","protected":false},"featured_media":35643,"comment_status":"open","ping_status":"open","template":"","meta":[],"product_brand":[],"product_cat":[38],"product_tag":[],"class_list":{"0":"post-35543","1":"product","2":"type-product","3":"status-publish","4":"has-post-thumbnail","6":"product_cat-bydleni","8":"first","9":"instock","10":"sale","11":"shipping-taxable","12":"purchasable","13":"product-type-simple"},"yoast_head":"<!-- This site is optimized with the Yoast SEO plugin v26.8 - https:\/\/yoast.com\/product\/yoast-seo-wordpress\/ -->\n<title>Zna\u010dkov\u00fd Ravak Deska pod umyvadlo I 120, dub -<\/title>\n<meta name=\"robots\" content=\"index, follow, max-snippet:-1, max-image-preview:large, max-video-preview:-1\" \/>\n<link rel=\"canonical\" href=\"https:\/\/www.technodompro.com\/index.php\/produkt\/znackovy-ravak-deska-pod-umyvadlo-i-120-dub-35543\/\" \/>\n<meta property=\"og:locale\" content=\"cs_CZ\" \/>\n<meta property=\"og:type\" content=\"article\" \/>\n<meta property=\"og:title\" content=\"Zna\u010dkov\u00fd Ravak Deska pod umyvadlo I 120, dub -\" \/>\n<meta property=\"og:description\" content=\"Vlastnosti SHAPE Desky pod umyvadlo Materi\u00e1l d\u0159evo Produktov\u00e1 skupina Deska pod umyvadlo P\u016fvod Vyrobeno v\u00a0\u010cR Povrchov\u00e1 \u00faprava lak, D\u00fdha Barva b\u00edl\u00e1, dub Parametry Zna\u010dka Ravak Popis: Rozmery (\u0161xhxv): 120\u00a0\u00d7\u00a055\u00a0\u00d7\u00a07 cm Materi\u00e1l: impregnovan\u00e1 doska MFPB, dyha Otvor pre usadenie um\u00fdvadla: nie Farebn\u00e9 vyhotovenie dosky: dub Konzoly: s\u00fa\u010das\u0165ou balenia Farebn\u00e9 vyhotovenie konzoly: biela Doska I\u00a0sa na stenu [&hellip;]\" \/>\n<meta property=\"og:url\" content=\"https:\/\/www.technodompro.com\/index.php\/produkt\/znackovy-ravak-deska-pod-umyvadlo-i-120-dub-35543\/\" \/>\n<meta property=\"og:image\" content=\"https:\/\/www.technodompro.com\/wp-content\/uploads\/2026\/SK0019389-CZ20260425-091936-0-1777079982-ravak-deska-pod-umyvadlo-i-120-dub-dub-w1200-h628-f8-29fde9.webp\" \/>\n\t<meta property=\"og:image:width\" content=\"1000\" \/>\n\t<meta property=\"og:image:height\" content=\"523\" \/>\n\t<meta property=\"og:image:type\" content=\"image\/webp\" \/>\n<meta name=\"twitter:card\" content=\"summary_large_image\" \/>\n<meta name=\"twitter:label1\" content=\"Odhadovan\u00e1 doba \u010dten\u00ed\" \/>\n\t<meta name=\"twitter:data1\" content=\"1 minuta\" \/>\n<script type=\"application\/ld+json\" class=\"yoast-schema-graph\">{\"@context\":\"https:\/\/schema.org\",\"@graph\":[{\"@type\":\"WebPage\",\"@id\":\"https:\/\/www.technodompro.com\/index.php\/produkt\/znackovy-ravak-deska-pod-umyvadlo-i-120-dub-35543\/\",\"url\":\"https:\/\/www.technodompro.com\/index.php\/produkt\/znackovy-ravak-deska-pod-umyvadlo-i-120-dub-35543\/\",\"name\":\"Zna\u010dkov\u00fd Ravak Deska pod umyvadlo I 120, dub -\",\"isPartOf\":{\"@id\":\"https:\/\/www.technodompro.com\/#website\"},\"primaryImageOfPage\":{\"@id\":\"https:\/\/www.technodompro.com\/index.php\/produkt\/znackovy-ravak-deska-pod-umyvadlo-i-120-dub-35543\/#primaryimage\"},\"image\":{\"@id\":\"https:\/\/www.technodompro.com\/index.php\/produkt\/znackovy-ravak-deska-pod-umyvadlo-i-120-dub-35543\/#primaryimage\"},\"thumbnailUrl\":\"https:\/\/www.technodompro.com\/wp-content\/uploads\/2026\/SK0019389-CZ20260425-091936-0-1777079982-ravak-deska-pod-umyvadlo-i-120-dub-dub-w1200-h628-f8-29fde9.webp\",\"datePublished\":\"2026-04-27T04:42:03+00:00\",\"breadcrumb\":{\"@id\":\"https:\/\/www.technodompro.com\/index.php\/produkt\/znackovy-ravak-deska-pod-umyvadlo-i-120-dub-35543\/#breadcrumb\"},\"inLanguage\":\"cs\",\"potentialAction\":[{\"@type\":\"ReadAction\",\"target\":[\"https:\/\/www.technodompro.com\/index.php\/produkt\/znackovy-ravak-deska-pod-umyvadlo-i-120-dub-35543\/\"]}]},{\"@type\":\"ImageObject\",\"inLanguage\":\"cs\",\"@id\":\"https:\/\/www.technodompro.com\/index.php\/produkt\/znackovy-ravak-deska-pod-umyvadlo-i-120-dub-35543\/#primaryimage\",\"url\":\"https:\/\/www.technodompro.com\/wp-content\/uploads\/2026\/SK0019389-CZ20260425-091936-0-1777079982-ravak-deska-pod-umyvadlo-i-120-dub-dub-w1200-h628-f8-29fde9.webp\",\"contentUrl\":\"https:\/\/www.technodompro.com\/wp-content\/uploads\/2026\/SK0019389-CZ20260425-091936-0-1777079982-ravak-deska-pod-umyvadlo-i-120-dub-dub-w1200-h628-f8-29fde9.webp\",\"width\":1000,\"height\":523},{\"@type\":\"BreadcrumbList\",\"@id\":\"https:\/\/www.technodompro.com\/index.php\/produkt\/znackovy-ravak-deska-pod-umyvadlo-i-120-dub-35543\/#breadcrumb\",\"itemListElement\":[{\"@type\":\"ListItem\",\"position\":1,\"name\":\"Home\",\"item\":\"https:\/\/www.technodompro.com\/\"},{\"@type\":\"ListItem\",\"position\":2,\"name\":\"Products\",\"item\":\"https:\/\/www.technodompro.com\/index.php\/products\/\"},{\"@type\":\"ListItem\",\"position\":3,\"name\":\"Zna\u010dkov\u00fd Ravak Deska pod umyvadlo I 120, dub\"}]},{\"@type\":\"WebSite\",\"@id\":\"https:\/\/www.technodompro.com\/#website\",\"url\":\"https:\/\/www.technodompro.com\/\",\"name\":\"\",\"description\":\"\",\"potentialAction\":[{\"@type\":\"SearchAction\",\"target\":{\"@type\":\"EntryPoint\",\"urlTemplate\":\"https:\/\/www.technodompro.com\/?s={search_term_string}\"},\"query-input\":{\"@type\":\"PropertyValueSpecification\",\"valueRequired\":true,\"valueName\":\"search_term_string\"}}],\"inLanguage\":\"cs\"}]}<\/script>\n<!-- \/ Yoast SEO plugin. -->","yoast_head_json":{"title":"Zna\u010dkov\u00fd Ravak Deska pod umyvadlo I 120, dub -","robots":{"index":"index","follow":"follow","max-snippet":"max-snippet:-1","max-image-preview":"max-image-preview:large","max-video-preview":"max-video-preview:-1"},"canonical":"https:\/\/www.technodompro.com\/index.php\/produkt\/znackovy-ravak-deska-pod-umyvadlo-i-120-dub-35543\/","og_locale":"cs_CZ","og_type":"article","og_title":"Zna\u010dkov\u00fd Ravak Deska pod umyvadlo I 120, dub -","og_description":"Vlastnosti SHAPE Desky pod umyvadlo Materi\u00e1l d\u0159evo Produktov\u00e1 skupina Deska pod umyvadlo P\u016fvod Vyrobeno v\u00a0\u010cR Povrchov\u00e1 \u00faprava lak, D\u00fdha Barva b\u00edl\u00e1, dub Parametry Zna\u010dka Ravak Popis: Rozmery (\u0161xhxv): 120\u00a0\u00d7\u00a055\u00a0\u00d7\u00a07 cm Materi\u00e1l: impregnovan\u00e1 doska MFPB, dyha Otvor pre usadenie um\u00fdvadla: nie Farebn\u00e9 vyhotovenie dosky: dub Konzoly: s\u00fa\u010das\u0165ou balenia Farebn\u00e9 vyhotovenie konzoly: biela Doska I\u00a0sa na stenu [&hellip;]","og_url":"https:\/\/www.technodompro.com\/index.php\/produkt\/znackovy-ravak-deska-pod-umyvadlo-i-120-dub-35543\/","og_image":[{"width":1000,"height":523,"url":"https:\/\/www.technodompro.com\/wp-content\/uploads\/2026\/SK0019389-CZ20260425-091936-0-1777079982-ravak-deska-pod-umyvadlo-i-120-dub-dub-w1200-h628-f8-29fde9.webp","type":"image\/webp"}],"twitter_card":"summary_large_image","twitter_misc":{"Odhadovan\u00e1 doba \u010dten\u00ed":"1 minuta"},"schema":{"@context":"https:\/\/schema.org","@graph":[{"@type":"WebPage","@id":"https:\/\/www.technodompro.com\/index.php\/produkt\/znackovy-ravak-deska-pod-umyvadlo-i-120-dub-35543\/","url":"https:\/\/www.technodompro.com\/index.php\/produkt\/znackovy-ravak-deska-pod-umyvadlo-i-120-dub-35543\/","name":"Zna\u010dkov\u00fd Ravak Deska pod umyvadlo I 120, dub -","isPartOf":{"@id":"https:\/\/www.technodompro.com\/#website"},"primaryImageOfPage":{"@id":"https:\/\/www.technodompro.com\/index.php\/produkt\/znackovy-ravak-deska-pod-umyvadlo-i-120-dub-35543\/#primaryimage"},"image":{"@id":"https:\/\/www.technodompro.com\/index.php\/produkt\/znackovy-ravak-deska-pod-umyvadlo-i-120-dub-35543\/#primaryimage"},"thumbnailUrl":"https:\/\/www.technodompro.com\/wp-content\/uploads\/2026\/SK0019389-CZ20260425-091936-0-1777079982-ravak-deska-pod-umyvadlo-i-120-dub-dub-w1200-h628-f8-29fde9.webp","datePublished":"2026-04-27T04:42:03+00:00","breadcrumb":{"@id":"https:\/\/www.technodompro.com\/index.php\/produkt\/znackovy-ravak-deska-pod-umyvadlo-i-120-dub-35543\/#breadcrumb"},"inLanguage":"cs","potentialAction":[{"@type":"ReadAction","target":["https:\/\/www.technodompro.com\/index.php\/produkt\/znackovy-ravak-deska-pod-umyvadlo-i-120-dub-35543\/"]}]},{"@type":"ImageObject","inLanguage":"cs","@id":"https:\/\/www.technodompro.com\/index.php\/produkt\/znackovy-ravak-deska-pod-umyvadlo-i-120-dub-35543\/#primaryimage","url":"https:\/\/www.technodompro.com\/wp-content\/uploads\/2026\/SK0019389-CZ20260425-091936-0-1777079982-ravak-deska-pod-umyvadlo-i-120-dub-dub-w1200-h628-f8-29fde9.webp","contentUrl":"https:\/\/www.technodompro.com\/wp-content\/uploads\/2026\/SK0019389-CZ20260425-091936-0-1777079982-ravak-deska-pod-umyvadlo-i-120-dub-dub-w1200-h628-f8-29fde9.webp","width":1000,"height":523},{"@type":"BreadcrumbList","@id":"https:\/\/www.technodompro.com\/index.php\/produkt\/znackovy-ravak-deska-pod-umyvadlo-i-120-dub-35543\/#breadcrumb","itemListElement":[{"@type":"ListItem","position":1,"name":"Home","item":"https:\/\/www.technodompro.com\/"},{"@type":"ListItem","position":2,"name":"Products","item":"https:\/\/www.technodompro.com\/index.php\/products\/"},{"@type":"ListItem","position":3,"name":"Zna\u010dkov\u00fd Ravak Deska pod umyvadlo I 120, dub"}]},{"@type":"WebSite","@id":"https:\/\/www.technodompro.com\/#website","url":"https:\/\/www.technodompro.com\/","name":"","description":"","potentialAction":[{"@type":"SearchAction","target":{"@type":"EntryPoint","urlTemplate":"https:\/\/www.technodompro.com\/?s={search_term_string}"},"query-input":{"@type":"PropertyValueSpecification","valueRequired":true,"valueName":"search_term_string"}}],"inLanguage":"cs"}]}},"_links":{"self":[{"href":"https:\/\/www.technodompro.com\/index.php\/wp-json\/wp\/v2\/product\/35543","targetHints":{"allow":["GET"]}}],"collection":[{"href":"https:\/\/www.technodompro.com\/index.php\/wp-json\/wp\/v2\/product"}],"about":[{"href":"https:\/\/www.technodompro.com\/index.php\/wp-json\/wp\/v2\/types\/product"}],"replies":[{"embeddable":true,"href":"https:\/\/www.technodompro.com\/index.php\/wp-json\/wp\/v2\/comments?post=35543"}],"wp:featuredmedia":[{"embeddable":true,"href":"https:\/\/www.technodompro.com\/index.php\/wp-json\/wp\/v2\/media\/35643"}],"wp:attachment":[{"href":"https:\/\/www.technodompro.com\/index.php\/wp-json\/wp\/v2\/media?parent=35543"}],"wp:term":[{"taxonomy":"product_brand","embeddable":true,"href":"https:\/\/www.technodompro.com\/index.php\/wp-json\/wp\/v2\/product_brand?post=35543"},{"taxonomy":"product_cat","embeddable":true,"href":"https:\/\/www.technodompro.com\/index.php\/wp-json\/wp\/v2\/product_cat?post=35543"},{"taxonomy":"product_tag","embeddable":true,"href":"https:\/\/www.technodompro.com\/index.php\/wp-json\/wp\/v2\/product_tag?post=35543"}],"curies":[{"name":"wp","href":"https:\/\/api.w.org\/{rel}","templated":true}]}}