{"id":35708,"date":"2026-04-27T04:42:04","date_gmt":"2026-04-27T04:42:04","guid":{"rendered":""},"modified":"2026-04-27T04:42:04","modified_gmt":"2026-04-27T04:42:04","slug":"znackovy-ravak-916-20blm-bidetova-hadice-vysokotlaka-150-cm-cerna-matna-35708","status":"publish","type":"product","link":"https:\/\/www.technodompro.com\/index.php\/produkt\/znackovy-ravak-916-20blm-bidetova-hadice-vysokotlaka-150-cm-cerna-matna-35708\/","title":{"rendered":"Zna\u010dkov\u00fd Ravak 916.20BLM Bidetov\u00e1 hadice vysokotlak\u00e1 150 cm, \u010dern\u00e1 matn\u00e1"},"content":{"rendered":"<div class=\"detail-description__right\">\n<div class=\"parameters\">\n<div class=\"table table--simple\">\n<table>\n<tbody>\n<tr>\n<td colspan=\"2\">\n<h4>Vlastnosti<\/h4>\n<\/td>\n<\/tr>\n<tr>\n<td>SHAPE<\/td>\n<td>Sprchov\u00e9 hadice<\/td>\n<\/tr>\n<tr>\n<td>Materi\u00e1l<\/td>\n<td>plast<\/td>\n<\/tr>\n<tr>\n<td>Produktov\u00e1 skupina<\/td>\n<td>Bidetov\u00e1 hadice<\/td>\n<\/tr>\n<tr>\n<td>P\u016fvod<\/td>\n<td>Vyrobeno v\u00a0\u010cR<\/td>\n<\/tr>\n<tr>\n<td>Barva<\/td>\n<td>\u010dern\u00e1 matn\u00e1, leskl\u00fd chrom<\/td>\n<\/tr>\n<tr>\n<td colspan=\"2\">\n<h4>Parametry<\/h4>\n<\/td>\n<\/tr>\n<tr>\n<td>Zna\u010dka<\/td>\n<td>Ravak<\/td>\n<\/tr>\n<\/tbody>\n<\/table><\/div>\n<\/div><\/div>\n<div class=\"detail-description__top\">\t\t\t\t<\/div>\n<div class=\"detail-description__left\">\n<div class=\"detail-description__left__overflow\">\n<div class=\"detail-description__left__head\">\t\t\t\t\t\tPopis:\t\t\t\t\t<\/div>\n<div class=\"ul-style ul-style--check\">\n<ul class=\"plusminus\">\n<li><i class=\"fas fa-check\"><\/i><span>D\u00e9lka: 120\u00a0cm<\/span><\/li>\n<li><i class=\"fas fa-check\"><\/i><span>Materi\u00e1l: odoln\u00fd plast<\/span><\/li>\n<li><i class=\"fas fa-check\"><\/i><span>Barevn\u00e9 proveden\u00ed: BLM: \u010dern\u00e1 matn\u00e1<\/span><\/li>\n<li><i class=\"fas fa-check\"><\/i><span>Funkce: EasyTwist umo\u017e\u0148uje voln\u00e9 prot\u00e1\u010den\u00ed sprchov\u00e9 r\u016f\u017eice, a t\u00edm\tzabra\u0148uje p\u0159ekroucen\u00ed\u00a0hadice<\/span><\/li>\n<li><i class=\"fas fa-check\"><\/i><span>Vhodn\u00e1: k\u00a0bidetov\u00fdm spr\u0161k\u00e1m<\/span><\/li>\n<\/ul>\n<p>Bidetovou hadici lze objedn\u00e1vat i\u00a0jako n\u00e1hradn\u00ed d\u00edl k\u00a0bateri\u00edm CR II112.20BL a FL 112.20BL.<\/p>\n<\/div>\n<div class=\"detail-description__left__more\">\t\t\t\t\t\t<span> <\/span><span> <\/span>\t\t\t\t\t<\/div>\n<\/p><\/div>\n<\/p><\/div>\n<div class=\"detail-description__more\"><span> <\/span><span> <\/span><\/div>\n<\/p><\/div>\n<\/p><\/div>\n<div class=\"tab tab-detail-7\">\n<div class=\"table-size-classic  table-size--selectable\">\n<table>\n<thead>\n<tr>\n<th data-product-code=\"[&quot;K\u00f3d&quot;]\"><span class=\"selected\">Vybr\u00e1no<\/span><span><\/span><\/th>\n<th data-product-code=\"[&quot;X07P1453&quot;]\"><span class=\"selected\">Vybr\u00e1no<\/span><span>X07P1453<\/span><\/th>\n<th data-product-code=\"[&quot;X07P1454&quot;]\"><span class=\"selected\">Vybr\u00e1no<\/span><span>X07P1454<\/span><\/th>\n<th data-product-code=\"[&quot;X07P1455&quot;]\"><span class=\"selected\">Vybr\u00e1no<\/span><span>X07P1455<\/span><\/th>\n<th data-product-code=\"[&quot;X07P1456&quot;]\"><span class=\"selected\">Vybr\u00e1no<\/span><span>X07P1456<\/span><\/th>\n<\/tr>\n<\/thead>\n<tbody>\n<tr class=\"space\">\n<td><\/td>\n<td><\/td>\n<td><\/td>\n<td><\/td>\n<td><\/td>\n<\/tr>\n<tr>\n<td><strong>SHAPE<\/strong><\/td>\n<td>Sprchov\u00e9 hadice<\/td>\n<td>Sprchov\u00e9 hadice<\/td>\n<td>Sprchov\u00e9 hadice<\/td>\n<td>Sprchov\u00e9 hadice<\/td>\n<\/tr>\n<tr>\n<td><strong>Materi\u00e1l<\/strong><\/td>\n<td>plast<\/td>\n<td>plast<\/td>\n<td>plast<\/td>\n<td>plast<\/td>\n<\/tr>\n<tr>\n<td><strong>Produktov\u00e1 skupina<\/strong><\/td>\n<td>Bidetov\u00e1 hadice<\/td>\n<td>Bidetov\u00e1 hadice<\/td>\n<td>Bidetov\u00e1 hadice<\/td>\n<td>Bidetov\u00e1 hadice<\/td>\n<\/tr>\n<tr>\n<td><strong>P\u016fvod<\/strong><\/td>\n<td>Vyrobeno v \u010cR<\/td>\n<td>Vyrobeno v \u010cR<\/td>\n<td>Vyrobeno v \u010cR<\/td>\n<td>Vyrobeno v \u010cR<\/td>\n<\/tr>\n<tr>\n<td><strong>OVERFLOW_HEIGHT<\/strong><\/td>\n<td>0<\/td>\n<td>0<\/td>\n<td>0<\/td>\n<td>0<\/td>\n<\/tr>\n<tr>\n<td><strong>WASTE_DIAMETER<\/strong><\/td>\n<td>0<\/td>\n<td>0<\/td>\n<td>0<\/td>\n<td>0<\/td>\n<\/tr>\n<tr>\n<td><strong>NUMBER_OF_ELEMENTS<\/strong><\/td>\n<td>0<\/td>\n<td>0<\/td>\n<td>0<\/td>\n<td>0<\/td>\n<\/tr>\n<tr>\n<td><strong>CONSTRUCTION_HEIGHT<\/strong><\/td>\n<td>0<\/td>\n<td>0<\/td>\n<td>0<\/td>\n<td>0<\/td>\n<\/tr>\n<tr>\n<td><strong>ODOR_BARRIER_HEIGHT<\/strong><\/td>\n<td>0<\/td>\n<td>0<\/td>\n<td>0<\/td>\n<td>0<\/td>\n<\/tr>\n<tr>\n<td><strong>Barva<\/strong><\/td>\n<td>leskl\u00fd chrom<\/td>\n<td>\u010dern\u00e1 matn\u00e1<\/td>\n<td>leskl\u00fd chrom<\/td>\n<td>\u010dern\u00e1 matn\u00e1<\/td>\n<\/tr>\n<\/tbody>\n<\/table>\n<\/div><\/div>\n","protected":false},"excerpt":{"rendered":"<p>Vlastnosti SHAPE Sprchov\u00e9 hadice Materi\u00e1l plast Produktov\u00e1 skupina Bidetov\u00e1 hadice P\u016fvod Vyrobeno v\u00a0\u010cR Barva \u010dern\u00e1 matn\u00e1, leskl\u00fd chrom Parametry Zna\u010dka Ravak Popis: D\u00e9lka: 120\u00a0cm Materi\u00e1l: odoln\u00fd plast Barevn\u00e9 proveden\u00ed: BLM: \u010dern\u00e1 matn\u00e1 Funkce: EasyTwist umo\u017e\u0148uje voln\u00e9 prot\u00e1\u010den\u00ed sprchov\u00e9 r\u016f\u017eice, a t\u00edm zabra\u0148uje p\u0159ekroucen\u00ed\u00a0hadice Vhodn\u00e1: k\u00a0bidetov\u00fdm spr\u0161k\u00e1m Bidetovou hadici lze objedn\u00e1vat i\u00a0jako n\u00e1hradn\u00ed d\u00edl k\u00a0bateri\u00edm CR [&hellip;]<\/p>\n","protected":false},"featured_media":35808,"comment_status":"open","ping_status":"open","template":"","meta":[],"product_brand":[],"product_cat":[39],"product_tag":[],"class_list":{"0":"post-35708","1":"product","2":"type-product","3":"status-publish","4":"has-post-thumbnail","6":"product_cat-sanita","8":"first","9":"instock","10":"sale","11":"shipping-taxable","12":"purchasable","13":"product-type-simple"},"yoast_head":"<!-- This site is optimized with the Yoast SEO plugin v26.8 - https:\/\/yoast.com\/product\/yoast-seo-wordpress\/ -->\n<title>Zna\u010dkov\u00fd Ravak 916.20BLM Bidetov\u00e1 hadice vysokotlak\u00e1 150 cm, \u010dern\u00e1 matn\u00e1 -<\/title>\n<meta name=\"robots\" content=\"index, follow, max-snippet:-1, max-image-preview:large, max-video-preview:-1\" \/>\n<link rel=\"canonical\" href=\"https:\/\/www.technodompro.com\/index.php\/produkt\/znackovy-ravak-916-20blm-bidetova-hadice-vysokotlaka-150-cm-cerna-matna-35708\/\" \/>\n<meta property=\"og:locale\" content=\"cs_CZ\" \/>\n<meta property=\"og:type\" content=\"article\" \/>\n<meta property=\"og:title\" content=\"Zna\u010dkov\u00fd Ravak 916.20BLM Bidetov\u00e1 hadice vysokotlak\u00e1 150 cm, \u010dern\u00e1 matn\u00e1 -\" \/>\n<meta property=\"og:description\" content=\"Vlastnosti SHAPE Sprchov\u00e9 hadice Materi\u00e1l plast Produktov\u00e1 skupina Bidetov\u00e1 hadice P\u016fvod Vyrobeno v\u00a0\u010cR Barva \u010dern\u00e1 matn\u00e1, leskl\u00fd chrom Parametry Zna\u010dka Ravak Popis: D\u00e9lka: 120\u00a0cm Materi\u00e1l: odoln\u00fd plast Barevn\u00e9 proveden\u00ed: BLM: \u010dern\u00e1 matn\u00e1 Funkce: EasyTwist umo\u017e\u0148uje voln\u00e9 prot\u00e1\u010den\u00ed sprchov\u00e9 r\u016f\u017eice, a t\u00edm zabra\u0148uje p\u0159ekroucen\u00ed\u00a0hadice Vhodn\u00e1: k\u00a0bidetov\u00fdm spr\u0161k\u00e1m Bidetovou hadici lze objedn\u00e1vat i\u00a0jako n\u00e1hradn\u00ed d\u00edl k\u00a0bateri\u00edm CR [&hellip;]\" \/>\n<meta property=\"og:url\" content=\"https:\/\/www.technodompro.com\/index.php\/produkt\/znackovy-ravak-916-20blm-bidetova-hadice-vysokotlaka-150-cm-cerna-matna-35708\/\" \/>\n<meta property=\"og:image\" content=\"https:\/\/www.technodompro.com\/wp-content\/uploads\/2026\/SK0019454-CZ20260425-091936-0-1777079982-ravak-916-20blm-bidetova-hadice-vysokotlaka-150-cm-cerna-ma.webp\" \/>\n\t<meta property=\"og:image:width\" content=\"1000\" \/>\n\t<meta property=\"og:image:height\" content=\"523\" \/>\n\t<meta property=\"og:image:type\" content=\"image\/webp\" \/>\n<meta name=\"twitter:card\" content=\"summary_large_image\" \/>\n<meta name=\"twitter:label1\" content=\"Odhadovan\u00e1 doba \u010dten\u00ed\" \/>\n\t<meta name=\"twitter:data1\" content=\"1 minuta\" \/>\n<script type=\"application\/ld+json\" class=\"yoast-schema-graph\">{\"@context\":\"https:\/\/schema.org\",\"@graph\":[{\"@type\":\"WebPage\",\"@id\":\"https:\/\/www.technodompro.com\/index.php\/produkt\/znackovy-ravak-916-20blm-bidetova-hadice-vysokotlaka-150-cm-cerna-matna-35708\/\",\"url\":\"https:\/\/www.technodompro.com\/index.php\/produkt\/znackovy-ravak-916-20blm-bidetova-hadice-vysokotlaka-150-cm-cerna-matna-35708\/\",\"name\":\"Zna\u010dkov\u00fd Ravak 916.20BLM Bidetov\u00e1 hadice vysokotlak\u00e1 150 cm, \u010dern\u00e1 matn\u00e1 -\",\"isPartOf\":{\"@id\":\"https:\/\/www.technodompro.com\/#website\"},\"primaryImageOfPage\":{\"@id\":\"https:\/\/www.technodompro.com\/index.php\/produkt\/znackovy-ravak-916-20blm-bidetova-hadice-vysokotlaka-150-cm-cerna-matna-35708\/#primaryimage\"},\"image\":{\"@id\":\"https:\/\/www.technodompro.com\/index.php\/produkt\/znackovy-ravak-916-20blm-bidetova-hadice-vysokotlaka-150-cm-cerna-matna-35708\/#primaryimage\"},\"thumbnailUrl\":\"https:\/\/www.technodompro.com\/wp-content\/uploads\/2026\/SK0019454-CZ20260425-091936-0-1777079982-ravak-916-20blm-bidetova-hadice-vysokotlaka-150-cm-cerna-ma.webp\",\"datePublished\":\"2026-04-27T04:42:04+00:00\",\"breadcrumb\":{\"@id\":\"https:\/\/www.technodompro.com\/index.php\/produkt\/znackovy-ravak-916-20blm-bidetova-hadice-vysokotlaka-150-cm-cerna-matna-35708\/#breadcrumb\"},\"inLanguage\":\"cs\",\"potentialAction\":[{\"@type\":\"ReadAction\",\"target\":[\"https:\/\/www.technodompro.com\/index.php\/produkt\/znackovy-ravak-916-20blm-bidetova-hadice-vysokotlaka-150-cm-cerna-matna-35708\/\"]}]},{\"@type\":\"ImageObject\",\"inLanguage\":\"cs\",\"@id\":\"https:\/\/www.technodompro.com\/index.php\/produkt\/znackovy-ravak-916-20blm-bidetova-hadice-vysokotlaka-150-cm-cerna-matna-35708\/#primaryimage\",\"url\":\"https:\/\/www.technodompro.com\/wp-content\/uploads\/2026\/SK0019454-CZ20260425-091936-0-1777079982-ravak-916-20blm-bidetova-hadice-vysokotlaka-150-cm-cerna-ma.webp\",\"contentUrl\":\"https:\/\/www.technodompro.com\/wp-content\/uploads\/2026\/SK0019454-CZ20260425-091936-0-1777079982-ravak-916-20blm-bidetova-hadice-vysokotlaka-150-cm-cerna-ma.webp\",\"width\":1000,\"height\":523},{\"@type\":\"BreadcrumbList\",\"@id\":\"https:\/\/www.technodompro.com\/index.php\/produkt\/znackovy-ravak-916-20blm-bidetova-hadice-vysokotlaka-150-cm-cerna-matna-35708\/#breadcrumb\",\"itemListElement\":[{\"@type\":\"ListItem\",\"position\":1,\"name\":\"Home\",\"item\":\"https:\/\/www.technodompro.com\/\"},{\"@type\":\"ListItem\",\"position\":2,\"name\":\"Products\",\"item\":\"https:\/\/www.technodompro.com\/index.php\/products\/\"},{\"@type\":\"ListItem\",\"position\":3,\"name\":\"Zna\u010dkov\u00fd Ravak 916.20BLM Bidetov\u00e1 hadice vysokotlak\u00e1 150 cm, \u010dern\u00e1 matn\u00e1\"}]},{\"@type\":\"WebSite\",\"@id\":\"https:\/\/www.technodompro.com\/#website\",\"url\":\"https:\/\/www.technodompro.com\/\",\"name\":\"\",\"description\":\"\",\"potentialAction\":[{\"@type\":\"SearchAction\",\"target\":{\"@type\":\"EntryPoint\",\"urlTemplate\":\"https:\/\/www.technodompro.com\/?s={search_term_string}\"},\"query-input\":{\"@type\":\"PropertyValueSpecification\",\"valueRequired\":true,\"valueName\":\"search_term_string\"}}],\"inLanguage\":\"cs\"}]}<\/script>\n<!-- \/ Yoast SEO plugin. -->","yoast_head_json":{"title":"Zna\u010dkov\u00fd Ravak 916.20BLM Bidetov\u00e1 hadice vysokotlak\u00e1 150 cm, \u010dern\u00e1 matn\u00e1 -","robots":{"index":"index","follow":"follow","max-snippet":"max-snippet:-1","max-image-preview":"max-image-preview:large","max-video-preview":"max-video-preview:-1"},"canonical":"https:\/\/www.technodompro.com\/index.php\/produkt\/znackovy-ravak-916-20blm-bidetova-hadice-vysokotlaka-150-cm-cerna-matna-35708\/","og_locale":"cs_CZ","og_type":"article","og_title":"Zna\u010dkov\u00fd Ravak 916.20BLM Bidetov\u00e1 hadice vysokotlak\u00e1 150 cm, \u010dern\u00e1 matn\u00e1 -","og_description":"Vlastnosti SHAPE Sprchov\u00e9 hadice Materi\u00e1l plast Produktov\u00e1 skupina Bidetov\u00e1 hadice P\u016fvod Vyrobeno v\u00a0\u010cR Barva \u010dern\u00e1 matn\u00e1, leskl\u00fd chrom Parametry Zna\u010dka Ravak Popis: D\u00e9lka: 120\u00a0cm Materi\u00e1l: odoln\u00fd plast Barevn\u00e9 proveden\u00ed: BLM: \u010dern\u00e1 matn\u00e1 Funkce: EasyTwist umo\u017e\u0148uje voln\u00e9 prot\u00e1\u010den\u00ed sprchov\u00e9 r\u016f\u017eice, a t\u00edm zabra\u0148uje p\u0159ekroucen\u00ed\u00a0hadice Vhodn\u00e1: k\u00a0bidetov\u00fdm spr\u0161k\u00e1m Bidetovou hadici lze objedn\u00e1vat i\u00a0jako n\u00e1hradn\u00ed d\u00edl k\u00a0bateri\u00edm CR [&hellip;]","og_url":"https:\/\/www.technodompro.com\/index.php\/produkt\/znackovy-ravak-916-20blm-bidetova-hadice-vysokotlaka-150-cm-cerna-matna-35708\/","og_image":[{"width":1000,"height":523,"url":"https:\/\/www.technodompro.com\/wp-content\/uploads\/2026\/SK0019454-CZ20260425-091936-0-1777079982-ravak-916-20blm-bidetova-hadice-vysokotlaka-150-cm-cerna-ma.webp","type":"image\/webp"}],"twitter_card":"summary_large_image","twitter_misc":{"Odhadovan\u00e1 doba \u010dten\u00ed":"1 minuta"},"schema":{"@context":"https:\/\/schema.org","@graph":[{"@type":"WebPage","@id":"https:\/\/www.technodompro.com\/index.php\/produkt\/znackovy-ravak-916-20blm-bidetova-hadice-vysokotlaka-150-cm-cerna-matna-35708\/","url":"https:\/\/www.technodompro.com\/index.php\/produkt\/znackovy-ravak-916-20blm-bidetova-hadice-vysokotlaka-150-cm-cerna-matna-35708\/","name":"Zna\u010dkov\u00fd Ravak 916.20BLM Bidetov\u00e1 hadice vysokotlak\u00e1 150 cm, \u010dern\u00e1 matn\u00e1 -","isPartOf":{"@id":"https:\/\/www.technodompro.com\/#website"},"primaryImageOfPage":{"@id":"https:\/\/www.technodompro.com\/index.php\/produkt\/znackovy-ravak-916-20blm-bidetova-hadice-vysokotlaka-150-cm-cerna-matna-35708\/#primaryimage"},"image":{"@id":"https:\/\/www.technodompro.com\/index.php\/produkt\/znackovy-ravak-916-20blm-bidetova-hadice-vysokotlaka-150-cm-cerna-matna-35708\/#primaryimage"},"thumbnailUrl":"https:\/\/www.technodompro.com\/wp-content\/uploads\/2026\/SK0019454-CZ20260425-091936-0-1777079982-ravak-916-20blm-bidetova-hadice-vysokotlaka-150-cm-cerna-ma.webp","datePublished":"2026-04-27T04:42:04+00:00","breadcrumb":{"@id":"https:\/\/www.technodompro.com\/index.php\/produkt\/znackovy-ravak-916-20blm-bidetova-hadice-vysokotlaka-150-cm-cerna-matna-35708\/#breadcrumb"},"inLanguage":"cs","potentialAction":[{"@type":"ReadAction","target":["https:\/\/www.technodompro.com\/index.php\/produkt\/znackovy-ravak-916-20blm-bidetova-hadice-vysokotlaka-150-cm-cerna-matna-35708\/"]}]},{"@type":"ImageObject","inLanguage":"cs","@id":"https:\/\/www.technodompro.com\/index.php\/produkt\/znackovy-ravak-916-20blm-bidetova-hadice-vysokotlaka-150-cm-cerna-matna-35708\/#primaryimage","url":"https:\/\/www.technodompro.com\/wp-content\/uploads\/2026\/SK0019454-CZ20260425-091936-0-1777079982-ravak-916-20blm-bidetova-hadice-vysokotlaka-150-cm-cerna-ma.webp","contentUrl":"https:\/\/www.technodompro.com\/wp-content\/uploads\/2026\/SK0019454-CZ20260425-091936-0-1777079982-ravak-916-20blm-bidetova-hadice-vysokotlaka-150-cm-cerna-ma.webp","width":1000,"height":523},{"@type":"BreadcrumbList","@id":"https:\/\/www.technodompro.com\/index.php\/produkt\/znackovy-ravak-916-20blm-bidetova-hadice-vysokotlaka-150-cm-cerna-matna-35708\/#breadcrumb","itemListElement":[{"@type":"ListItem","position":1,"name":"Home","item":"https:\/\/www.technodompro.com\/"},{"@type":"ListItem","position":2,"name":"Products","item":"https:\/\/www.technodompro.com\/index.php\/products\/"},{"@type":"ListItem","position":3,"name":"Zna\u010dkov\u00fd Ravak 916.20BLM Bidetov\u00e1 hadice vysokotlak\u00e1 150 cm, \u010dern\u00e1 matn\u00e1"}]},{"@type":"WebSite","@id":"https:\/\/www.technodompro.com\/#website","url":"https:\/\/www.technodompro.com\/","name":"","description":"","potentialAction":[{"@type":"SearchAction","target":{"@type":"EntryPoint","urlTemplate":"https:\/\/www.technodompro.com\/?s={search_term_string}"},"query-input":{"@type":"PropertyValueSpecification","valueRequired":true,"valueName":"search_term_string"}}],"inLanguage":"cs"}]}},"_links":{"self":[{"href":"https:\/\/www.technodompro.com\/index.php\/wp-json\/wp\/v2\/product\/35708","targetHints":{"allow":["GET"]}}],"collection":[{"href":"https:\/\/www.technodompro.com\/index.php\/wp-json\/wp\/v2\/product"}],"about":[{"href":"https:\/\/www.technodompro.com\/index.php\/wp-json\/wp\/v2\/types\/product"}],"replies":[{"embeddable":true,"href":"https:\/\/www.technodompro.com\/index.php\/wp-json\/wp\/v2\/comments?post=35708"}],"wp:featuredmedia":[{"embeddable":true,"href":"https:\/\/www.technodompro.com\/index.php\/wp-json\/wp\/v2\/media\/35808"}],"wp:attachment":[{"href":"https:\/\/www.technodompro.com\/index.php\/wp-json\/wp\/v2\/media?parent=35708"}],"wp:term":[{"taxonomy":"product_brand","embeddable":true,"href":"https:\/\/www.technodompro.com\/index.php\/wp-json\/wp\/v2\/product_brand?post=35708"},{"taxonomy":"product_cat","embeddable":true,"href":"https:\/\/www.technodompro.com\/index.php\/wp-json\/wp\/v2\/product_cat?post=35708"},{"taxonomy":"product_tag","embeddable":true,"href":"https:\/\/www.technodompro.com\/index.php\/wp-json\/wp\/v2\/product_tag?post=35708"}],"curies":[{"name":"wp","href":"https:\/\/api.w.org\/{rel}","templated":true}]}}