{"id":37152,"date":"2026-04-27T04:42:08","date_gmt":"2026-04-27T04:42:08","guid":{"rendered":""},"modified":"2026-04-27T04:42:08","modified_gmt":"2026-04-27T04:42:08","slug":"znackovy-ravak-vs2-105-bila-transparent-37152","status":"publish","type":"product","link":"https:\/\/www.technodompro.com\/index.php\/produkt\/znackovy-ravak-vs2-105-bila-transparent-37152\/","title":{"rendered":"Zna\u010dkov\u00fd Ravak VS2 105, b\u00edl\u00e1+transparent"},"content":{"rendered":"<div class=\"detail-description__right\">\n<div class=\"parameters\">\n<div class=\"table table--simple\">\n<table>\n<tbody>\n<tr>\n<td colspan=\"2\">\n<h4>Vlastnosti<\/h4>\n<\/td>\n<\/tr>\n<tr>\n<td>Strana<\/td>\n<td>oto\u010diteln\u00e1<\/td>\n<\/tr>\n<tr>\n<td>Typ dve\u0159\u00ed<\/td>\n<td>skl\u00e1dac\u00ed<\/td>\n<\/tr>\n<tr>\n<td>V\u00fdpl\u0148<\/td>\n<td>Transparent, Rain, Grape<\/td>\n<\/tr>\n<tr>\n<td>Typ v\u00fdpln\u011b<\/td>\n<td>sklo, plast<\/td>\n<\/tr>\n<tr>\n<td>Tlou\u0161\u0165ka<\/td>\n<td>3 mm<\/td>\n<\/tr>\n<tr>\n<td>SHAPE<\/td>\n<td>K\u00a0obd\u00e9ln\u00edkov\u00fdm van\u00e1m<\/td>\n<\/tr>\n<tr>\n<td>Materi\u00e1l<\/td>\n<td>kov \/ sklo, kov \/ plast<\/td>\n<\/tr>\n<tr>\n<td>Produktov\u00e1 skupina<\/td>\n<td>Vanov\u00e1 z\u00e1st\u011bna<\/td>\n<\/tr>\n<tr>\n<td>P\u016fvod<\/td>\n<td>Vyrobeno v\u00a0\u010cR<\/td>\n<\/tr>\n<tr>\n<td>Po\u010det prvk\u016f<\/td>\n<td>2<\/td>\n<\/tr>\n<tr>\n<td>Instalace<\/td>\n<td>na vanu<\/td>\n<\/tr>\n<tr>\n<td>Barva<\/td>\n<td>b\u00edl\u00e1, sv\u011btle \u0161ed\u00e1<\/td>\n<\/tr>\n<tr>\n<td colspan=\"2\">\n<h4>Parametry<\/h4>\n<\/td>\n<\/tr>\n<tr>\n<td>Zna\u010dka<\/td>\n<td>Ravak<\/td>\n<\/tr>\n<\/tbody>\n<\/table><\/div>\n<\/div><\/div>\n<div class=\"detail-description__top\">\t\t\t\t<\/div>\n<div class=\"detail-description__left\">\n<div class=\"detail-description__left__overflow\">\n<div class=\"detail-description__left__head\">\t\t\t\t\t\tPopis:\t\t\t\t\t<\/div>\n<div class=\"ul-style ul-style--check\">\n<ul class=\"plusminus\">\n<li><i class=\"fas fa-check\"><\/i><span>Rozm\u011bry: 105\u00a0cm<\/span><\/li>\n<li><i class=\"fas fa-check\"><\/i><span>Typov\u00e9 proveden\u00ed: oto\u010diteln\u00fd v\u00fdrobek (L\/P)<\/span><\/li>\n<li><i class=\"fas fa-check\"><\/i><span>Barevn\u00e9 proveden\u00ed: b\u00edl\u00e1<\/span><\/li>\n<li><i class=\"fas fa-check\"><\/i><span>V\u00fdpl\u0148 z\u00a0bezpe\u010dnostn\u00edho skla: 3\u00a0mm; Grape<\/span><\/li>\n<li><i class=\"fas fa-check\"><\/i><span>V\u00fd\u0161ka v\u00fdrobku: 140\u00a0cm<\/span><\/li>\n<\/ul>\n<p>Z\u00e1st\u011bna se skl\u00e1d\u00e1 ze dvou pohybliv\u00fdch d\u00edl\u016f, kter\u00e9 lze zcela slo\u017eitdo vnit\u0159n\u00edho prostoru nad vanu. Vanovou z\u00e1st\u011bnu lze instalovat naobdeln\u00edkov\u00e9 vany Ravak (City, City Slim, Formy 01, Formy 02, 10\u00b0, Chrome,Classic, Classic II, Vanda II) nebo na jak\u00e9koli\u00a0klasick\u00e9 obd\u00e9ln\u00edkov\u00e9 vanys\u00a0rovn\u00fdm horn\u00edm lemem. Standardn\u00ed v\u00fd\u0161ka z\u00e1st\u011bny je 1400\u00a0mm. Vanov\u00e1z\u00e1st\u011bna VS2 m\u00e1 ve slo\u017een\u00e9m stavu \u0161\u00ed\u0159ku 545\u00a0mm. Oto\u010den\u00edm vanov\u00e9z\u00e1st\u011bny VS2 o\u00a0180\u00b0 z\u00edsk\u00e1me variantu vstupu zprava \u010di zleva.<\/p>\n<p>Sprchov\u00e1n\u00ed i\u00a0c\u00e1k\u00e1n\u00ed bez obav<\/p>\n<p>U\u017eijte si koupel opravdu bez starost\u00ed. Vanov\u00e1 z\u00e1st\u011bna zajist\u00ed, \u017eepodlaha z\u016fstane such\u00e1 a bezpe\u010dn\u00e1 a umo\u017en\u00ed v\u00e1m i\u00a0plnohodnotn\u00e9sprchov\u00e1n\u00ed.<\/p>\n<p>Pevnou, nebo pohyblivou?<\/p>\n<p>Sprchov\u00e9 z\u00e1st\u011bny pot\u011b\u0161\u00ed zvl\u00e1\u0161t\u011b svou praktickou funkc\u00ed. Nab\u00edz\u00edmez\u00e1st\u011bny pevn\u011b ukotven\u00e9 nebo naopak pohybliv\u00e9, kter\u00e9 nab\u00edz\u00ed \u0161irok\u00fdpohodln\u00fd vstup s\u00a0r\u016fzn\u00fdmi zp\u016fsoby \u00fasporn\u00e9ho skl\u00e1d\u00e1n\u00eddovnit\u0159\u00a0vany.<\/p>\n<p>\u0158e\u0161en\u00ed pro atypick\u00e9 vany<\/p>\n<p>K\u00a0rohov\u00fdm a asymetrick\u00fdm van\u00e1m vyv\u00edj\u00ed na\u0161i design\u00e9\u0159i z\u00e1st\u011bny nam\u00edru, tak\u017ee tvar vany dokonale kop\u00edruj\u00ed. Mysl\u00edme tak\u00e9 na slad\u011bn\u00ed vany az\u00e1st\u011bny s\u00a0celkov\u00fdm stylem koupelny. Proto nab\u00edz\u00edme varianty dekor\u016fv\u00fdpln\u00ed i\u00a0barev r\u00e1m\u016f\u00a0\u2013 b\u00edl\u00e1, \u010dern\u00e1, lesk chromu nebo\u00a0satin.<\/p>\n<p>Vylad\u011bn\u00e9 na 100\u00a0%<\/p>\n<p>P\u0159i v\u00fdrob\u011b z\u00e1st\u011bn vyu\u017e\u00edv\u00e1me na\u0161e mnohalet\u00e9 zku\u0161enosti s\u00a0v\u00fdvojema v\u00fdrobou sprchov\u00fdch kout\u016f. Proto m\u00e1me dokonale vylad\u011bn\u00e9 v\u00fdrobn\u00edpostupy, kter\u00e9 zaru\u010duj\u00ed mimo\u0159\u00e1dnou pevnost a spolehlivost. Mysl\u00edme alei\u00a0na b\u011b\u017en\u00fd provoz u\u00a0v\u00e1s doma. Bezpe\u010dnostn\u00ed sklen\u011bn\u00e9 v\u00fdpln\u011b jsouo\u0161et\u0159eny patentovanou technologi\u00ed RAVAK AntiCalc\u00ae. Ta br\u00e1n\u00ed usazov\u00e1n\u00edvodn\u00edho kamene, aby z\u00e1st\u011bna vydr\u017eela dlouho kr\u00e1sn\u00e1 a\u00a0\u010dist\u00e1.<\/p>\n<p>Hod\u00ed se ke ka\u017ed\u00e9 van\u011b<\/p>\n<p>Z\u00e1st\u011bnu m\u016f\u017eete jednodu\u0161e instalovat tak\u00e9 dodate\u010dn\u011b na t\u00e9m\u011b\u0159jakoukoli klasickou obd\u00e9ln\u00edkovou vanu s\u00a0rovn\u00fdm horn\u00edm lemem, v\u010detn\u011bplechov\u00fdch a litinov\u00fdch.<\/p>\n<p>Jednoduch\u00e1 mont\u00e1\u017e<\/p>\n<p>Instalaci z\u00e1st\u011bny ke zdi zvl\u00e1dne ka\u017ed\u00fd pomoc\u00ed n\u011bkolika \u0161roub\u016f.<\/p>\n<\/div>\n<div class=\"detail-description__left__more\">\t\t\t\t\t\t<span> <\/span><span> <\/span>\t\t\t\t\t<\/div>\n<\/p><\/div>\n<\/p><\/div>\n<div class=\"detail-description__more\"><span> <\/span><span> <\/span><\/div>\n<\/p><\/div>\n<\/p><\/div>\n<div class=\"tab tab-detail-7\">\n<div class=\"table-size-classic  table-size--selectable\">\n<table>\n<thead>\n<tr>\n<th data-product-code=\"[&quot;K\u00f3d&quot;]\"><span class=\"selected\">Vybr\u00e1no<\/span><span><\/span><\/th>\n<th data-product-code=\"[&quot;796M010041&quot;]\"><span class=\"selected\">Vybr\u00e1no<\/span><span>796M010041<\/span><\/th>\n<th data-product-code=\"[&quot;796M0100Z1&quot;]\"><span class=\"selected\">Vybr\u00e1no<\/span><span>796M0100Z1<\/span><\/th>\n<th data-product-code=\"[&quot;796M0100ZG&quot;]\"><span class=\"selected\">Vybr\u00e1no<\/span><span>796M0100ZG<\/span><\/th>\n<th data-product-code=\"[&quot;796M0U0041&quot;]\"><span class=\"selected\">Vybr\u00e1no<\/span><span>796M0U0041<\/span><\/th>\n<th data-product-code=\"[&quot;796M0U00Z1&quot;]\"><span class=\"selected\">Vybr\u00e1no<\/span><span>796M0U00Z1<\/span><\/th>\n<th data-product-code=\"[&quot;796M0U00ZG&quot;]\"><span class=\"selected\">Vybr\u00e1no<\/span><span>796M0U00ZG<\/span><\/th>\n<\/tr>\n<\/thead>\n<tbody>\n<tr class=\"space\">\n<td><\/td>\n<td><\/td>\n<td><\/td>\n<td><\/td>\n<td><\/td>\n<td><\/td>\n<td><\/td>\n<\/tr>\n<tr>\n<td><strong>Strana<\/strong><\/td>\n<td>oto\u010diteln\u00e1<\/td>\n<td>oto\u010diteln\u00e1<\/td>\n<td>oto\u010diteln\u00e1<\/td>\n<td>oto\u010diteln\u00e1<\/td>\n<td>oto\u010diteln\u00e1<\/td>\n<td>oto\u010diteln\u00e1<\/td>\n<\/tr>\n<tr>\n<td><strong>Typ dve\u0159\u00ed<\/strong><\/td>\n<td>skl\u00e1dac\u00ed<\/td>\n<td>skl\u00e1dac\u00ed<\/td>\n<td>skl\u00e1dac\u00ed<\/td>\n<td>skl\u00e1dac\u00ed<\/td>\n<td>skl\u00e1dac\u00ed<\/td>\n<td>skl\u00e1dac\u00ed<\/td>\n<\/tr>\n<tr>\n<td><strong>V\u00fdpl\u0148<\/strong><\/td>\n<td>Rain<\/td>\n<td>Transparent<\/td>\n<td>Grape<\/td>\n<td>Rain<\/td>\n<td>Transparent<\/td>\n<td>Grape<\/td>\n<\/tr>\n<tr>\n<td><strong>Typ v\u00fdpln\u011b<\/strong><\/td>\n<td>plast<\/td>\n<td>sklo<\/td>\n<td>sklo<\/td>\n<td>plast<\/td>\n<td>sklo<\/td>\n<td>sklo<\/td>\n<\/tr>\n<tr>\n<td><strong>Tlou\u0161\u0165ka<\/strong><\/td>\n<td>3 mm<\/td>\n<td>3 mm<\/td>\n<td>3 mm<\/td>\n<td>3 mm<\/td>\n<td>3 mm<\/td>\n<td>3 mm<\/td>\n<\/tr>\n<tr>\n<td><strong>SHAPE<\/strong><\/td>\n<td>K obd\u00e9ln\u00edkov\u00fdm van\u00e1m<\/td>\n<td>K obd\u00e9ln\u00edkov\u00fdm van\u00e1m<\/td>\n<td>K obd\u00e9ln\u00edkov\u00fdm van\u00e1m<\/td>\n<td>K obd\u00e9ln\u00edkov\u00fdm van\u00e1m<\/td>\n<td>K obd\u00e9ln\u00edkov\u00fdm van\u00e1m<\/td>\n<td>K obd\u00e9ln\u00edkov\u00fdm van\u00e1m<\/td>\n<\/tr>\n<tr>\n<td><strong>Materi\u00e1l<\/strong><\/td>\n<td>kov \/ plast<\/td>\n<td>kov \/ sklo<\/td>\n<td>kov \/ sklo<\/td>\n<td>kov \/ plast<\/td>\n<td>kov \/ sklo<\/td>\n<td>kov \/ sklo<\/td>\n<\/tr>\n<tr>\n<td><strong>Produktov\u00e1 skupina<\/strong><\/td>\n<td>Vanov\u00e1 z\u00e1st\u011bna<\/td>\n<td>Vanov\u00e1 z\u00e1st\u011bna<\/td>\n<td>Vanov\u00e1 z\u00e1st\u011bna<\/td>\n<td>Vanov\u00e1 z\u00e1st\u011bna<\/td>\n<td>Vanov\u00e1 z\u00e1st\u011bna<\/td>\n<td>Vanov\u00e1 z\u00e1st\u011bna<\/td>\n<\/tr>\n<tr>\n<td><strong>P\u016fvod<\/strong><\/td>\n<td>Vyrobeno v \u010cR<\/td>\n<td>Vyrobeno v \u010cR<\/td>\n<td>Vyrobeno v \u010cR<\/td>\n<td>Vyrobeno v \u010cR<\/td>\n<td>Vyrobeno v \u010cR<\/td>\n<td>Vyrobeno v \u010cR<\/td>\n<\/tr>\n<tr>\n<td><strong>OVERFLOW_HEIGHT<\/strong><\/td>\n<td>0<\/td>\n<td>0<\/td>\n<td>0<\/td>\n<td>0<\/td>\n<td>0<\/td>\n<td>0<\/td>\n<\/tr>\n<tr>\n<td><strong>WASTE_DIAMETER<\/strong><\/td>\n<td>0<\/td>\n<td>0<\/td>\n<td>0<\/td>\n<td>0<\/td>\n<td>0<\/td>\n<td>0<\/td>\n<\/tr>\n<tr>\n<td><strong>Po\u010det prvk\u016f<\/strong><\/td>\n<td>2<\/td>\n<td>2<\/td>\n<td>2<\/td>\n<td>2<\/td>\n<td>2<\/td>\n<td>2<\/td>\n<\/tr>\n<tr>\n<td><strong>Instalace<\/strong><\/td>\n<td>na vanu<\/td>\n<td>na vanu<\/td>\n<td>na vanu<\/td>\n<td>na vanu<\/td>\n<td>na vanu<\/td>\n<td>na vanu<\/td>\n<\/tr>\n<tr>\n<td><strong>CONSTRUCTION_HEIGHT<\/strong><\/td>\n<td>0<\/td>\n<td>0<\/td>\n<td>0<\/td>\n<td>0<\/td>\n<td>0<\/td>\n<td>0<\/td>\n<\/tr>\n<tr>\n<td><strong>ODOR_BARRIER_HEIGHT<\/strong><\/td>\n<td>0<\/td>\n<td>0<\/td>\n<td>0<\/td>\n<td>0<\/td>\n<td>0<\/td>\n<td>0<\/td>\n<\/tr>\n<tr>\n<td><strong>Barva<\/strong><\/td>\n<td>b\u00edl\u00e1<\/td>\n<td>b\u00edl\u00e1<\/td>\n<td>b\u00edl\u00e1<\/td>\n<td>sv\u011btle \u0161ed\u00e1<\/td>\n<td>sv\u011btle \u0161ed\u00e1<\/td>\n<td>sv\u011btle \u0161ed\u00e1<\/td>\n<\/tr>\n<\/tbody>\n<\/table>\n<\/div><\/div>\n","protected":false},"excerpt":{"rendered":"<p>Vlastnosti Strana oto\u010diteln\u00e1 Typ dve\u0159\u00ed skl\u00e1dac\u00ed V\u00fdpl\u0148 Transparent, Rain, Grape Typ v\u00fdpln\u011b sklo, plast Tlou\u0161\u0165ka 3 mm SHAPE K\u00a0obd\u00e9ln\u00edkov\u00fdm van\u00e1m Materi\u00e1l kov \/ sklo, kov \/ plast Produktov\u00e1 skupina Vanov\u00e1 z\u00e1st\u011bna P\u016fvod Vyrobeno v\u00a0\u010cR Po\u010det prvk\u016f 2 Instalace na vanu Barva b\u00edl\u00e1, sv\u011btle \u0161ed\u00e1 Parametry Zna\u010dka Ravak Popis: Rozm\u011bry: 105\u00a0cm Typov\u00e9 proveden\u00ed: oto\u010diteln\u00fd v\u00fdrobek (L\/P) [&hellip;]<\/p>\n","protected":false},"featured_media":37252,"comment_status":"open","ping_status":"open","template":"","meta":[],"product_brand":[],"product_cat":[39],"product_tag":[],"class_list":{"0":"post-37152","1":"product","2":"type-product","3":"status-publish","4":"has-post-thumbnail","6":"product_cat-sanita","8":"first","9":"instock","10":"sale","11":"shipping-taxable","12":"purchasable","13":"product-type-simple"},"yoast_head":"<!-- This site is optimized with the Yoast SEO plugin v26.8 - https:\/\/yoast.com\/product\/yoast-seo-wordpress\/ -->\n<title>Zna\u010dkov\u00fd Ravak VS2 105, b\u00edl\u00e1+transparent -<\/title>\n<meta name=\"robots\" content=\"index, follow, max-snippet:-1, max-image-preview:large, max-video-preview:-1\" \/>\n<link rel=\"canonical\" href=\"https:\/\/www.technodompro.com\/index.php\/produkt\/znackovy-ravak-vs2-105-bila-transparent-37152\/\" \/>\n<meta property=\"og:locale\" content=\"cs_CZ\" \/>\n<meta property=\"og:type\" content=\"article\" \/>\n<meta property=\"og:title\" content=\"Zna\u010dkov\u00fd Ravak VS2 105, b\u00edl\u00e1+transparent -\" \/>\n<meta property=\"og:description\" content=\"Vlastnosti Strana oto\u010diteln\u00e1 Typ dve\u0159\u00ed skl\u00e1dac\u00ed V\u00fdpl\u0148 Transparent, Rain, Grape Typ v\u00fdpln\u011b sklo, plast Tlou\u0161\u0165ka 3 mm SHAPE K\u00a0obd\u00e9ln\u00edkov\u00fdm van\u00e1m Materi\u00e1l kov \/ sklo, kov \/ plast Produktov\u00e1 skupina Vanov\u00e1 z\u00e1st\u011bna P\u016fvod Vyrobeno v\u00a0\u010cR Po\u010det prvk\u016f 2 Instalace na vanu Barva b\u00edl\u00e1, sv\u011btle \u0161ed\u00e1 Parametry Zna\u010dka Ravak Popis: Rozm\u011bry: 105\u00a0cm Typov\u00e9 proveden\u00ed: oto\u010diteln\u00fd v\u00fdrobek (L\/P) [&hellip;]\" \/>\n<meta property=\"og:url\" content=\"https:\/\/www.technodompro.com\/index.php\/produkt\/znackovy-ravak-vs2-105-bila-transparent-37152\/\" \/>\n<meta property=\"og:image\" content=\"https:\/\/www.technodompro.com\/wp-content\/uploads\/2026\/SK0020220-CZ20260425-091936-0-1777079982-ravak-vs2-105-bila-transparent-bila-w1200-h628-f8-765300fbb.webp\" \/>\n\t<meta property=\"og:image:width\" content=\"1000\" \/>\n\t<meta property=\"og:image:height\" content=\"523\" \/>\n\t<meta property=\"og:image:type\" content=\"image\/webp\" \/>\n<meta name=\"twitter:card\" content=\"summary_large_image\" \/>\n<meta name=\"twitter:label1\" content=\"Odhadovan\u00e1 doba \u010dten\u00ed\" \/>\n\t<meta name=\"twitter:data1\" content=\"3 minuty\" \/>\n<script type=\"application\/ld+json\" class=\"yoast-schema-graph\">{\"@context\":\"https:\/\/schema.org\",\"@graph\":[{\"@type\":\"WebPage\",\"@id\":\"https:\/\/www.technodompro.com\/index.php\/produkt\/znackovy-ravak-vs2-105-bila-transparent-37152\/\",\"url\":\"https:\/\/www.technodompro.com\/index.php\/produkt\/znackovy-ravak-vs2-105-bila-transparent-37152\/\",\"name\":\"Zna\u010dkov\u00fd Ravak VS2 105, b\u00edl\u00e1+transparent -\",\"isPartOf\":{\"@id\":\"https:\/\/www.technodompro.com\/#website\"},\"primaryImageOfPage\":{\"@id\":\"https:\/\/www.technodompro.com\/index.php\/produkt\/znackovy-ravak-vs2-105-bila-transparent-37152\/#primaryimage\"},\"image\":{\"@id\":\"https:\/\/www.technodompro.com\/index.php\/produkt\/znackovy-ravak-vs2-105-bila-transparent-37152\/#primaryimage\"},\"thumbnailUrl\":\"https:\/\/www.technodompro.com\/wp-content\/uploads\/2026\/SK0020220-CZ20260425-091936-0-1777079982-ravak-vs2-105-bila-transparent-bila-w1200-h628-f8-765300fbb.webp\",\"datePublished\":\"2026-04-27T04:42:08+00:00\",\"breadcrumb\":{\"@id\":\"https:\/\/www.technodompro.com\/index.php\/produkt\/znackovy-ravak-vs2-105-bila-transparent-37152\/#breadcrumb\"},\"inLanguage\":\"cs\",\"potentialAction\":[{\"@type\":\"ReadAction\",\"target\":[\"https:\/\/www.technodompro.com\/index.php\/produkt\/znackovy-ravak-vs2-105-bila-transparent-37152\/\"]}]},{\"@type\":\"ImageObject\",\"inLanguage\":\"cs\",\"@id\":\"https:\/\/www.technodompro.com\/index.php\/produkt\/znackovy-ravak-vs2-105-bila-transparent-37152\/#primaryimage\",\"url\":\"https:\/\/www.technodompro.com\/wp-content\/uploads\/2026\/SK0020220-CZ20260425-091936-0-1777079982-ravak-vs2-105-bila-transparent-bila-w1200-h628-f8-765300fbb.webp\",\"contentUrl\":\"https:\/\/www.technodompro.com\/wp-content\/uploads\/2026\/SK0020220-CZ20260425-091936-0-1777079982-ravak-vs2-105-bila-transparent-bila-w1200-h628-f8-765300fbb.webp\",\"width\":1000,\"height\":523},{\"@type\":\"BreadcrumbList\",\"@id\":\"https:\/\/www.technodompro.com\/index.php\/produkt\/znackovy-ravak-vs2-105-bila-transparent-37152\/#breadcrumb\",\"itemListElement\":[{\"@type\":\"ListItem\",\"position\":1,\"name\":\"Home\",\"item\":\"https:\/\/www.technodompro.com\/\"},{\"@type\":\"ListItem\",\"position\":2,\"name\":\"Products\",\"item\":\"https:\/\/www.technodompro.com\/index.php\/products\/\"},{\"@type\":\"ListItem\",\"position\":3,\"name\":\"Zna\u010dkov\u00fd Ravak VS2 105, b\u00edl\u00e1+transparent\"}]},{\"@type\":\"WebSite\",\"@id\":\"https:\/\/www.technodompro.com\/#website\",\"url\":\"https:\/\/www.technodompro.com\/\",\"name\":\"\",\"description\":\"\",\"potentialAction\":[{\"@type\":\"SearchAction\",\"target\":{\"@type\":\"EntryPoint\",\"urlTemplate\":\"https:\/\/www.technodompro.com\/?s={search_term_string}\"},\"query-input\":{\"@type\":\"PropertyValueSpecification\",\"valueRequired\":true,\"valueName\":\"search_term_string\"}}],\"inLanguage\":\"cs\"}]}<\/script>\n<!-- \/ Yoast SEO plugin. -->","yoast_head_json":{"title":"Zna\u010dkov\u00fd Ravak VS2 105, b\u00edl\u00e1+transparent -","robots":{"index":"index","follow":"follow","max-snippet":"max-snippet:-1","max-image-preview":"max-image-preview:large","max-video-preview":"max-video-preview:-1"},"canonical":"https:\/\/www.technodompro.com\/index.php\/produkt\/znackovy-ravak-vs2-105-bila-transparent-37152\/","og_locale":"cs_CZ","og_type":"article","og_title":"Zna\u010dkov\u00fd Ravak VS2 105, b\u00edl\u00e1+transparent -","og_description":"Vlastnosti Strana oto\u010diteln\u00e1 Typ dve\u0159\u00ed skl\u00e1dac\u00ed V\u00fdpl\u0148 Transparent, Rain, Grape Typ v\u00fdpln\u011b sklo, plast Tlou\u0161\u0165ka 3 mm SHAPE K\u00a0obd\u00e9ln\u00edkov\u00fdm van\u00e1m Materi\u00e1l kov \/ sklo, kov \/ plast Produktov\u00e1 skupina Vanov\u00e1 z\u00e1st\u011bna P\u016fvod Vyrobeno v\u00a0\u010cR Po\u010det prvk\u016f 2 Instalace na vanu Barva b\u00edl\u00e1, sv\u011btle \u0161ed\u00e1 Parametry Zna\u010dka Ravak Popis: Rozm\u011bry: 105\u00a0cm Typov\u00e9 proveden\u00ed: oto\u010diteln\u00fd v\u00fdrobek (L\/P) [&hellip;]","og_url":"https:\/\/www.technodompro.com\/index.php\/produkt\/znackovy-ravak-vs2-105-bila-transparent-37152\/","og_image":[{"width":1000,"height":523,"url":"https:\/\/www.technodompro.com\/wp-content\/uploads\/2026\/SK0020220-CZ20260425-091936-0-1777079982-ravak-vs2-105-bila-transparent-bila-w1200-h628-f8-765300fbb.webp","type":"image\/webp"}],"twitter_card":"summary_large_image","twitter_misc":{"Odhadovan\u00e1 doba \u010dten\u00ed":"3 minuty"},"schema":{"@context":"https:\/\/schema.org","@graph":[{"@type":"WebPage","@id":"https:\/\/www.technodompro.com\/index.php\/produkt\/znackovy-ravak-vs2-105-bila-transparent-37152\/","url":"https:\/\/www.technodompro.com\/index.php\/produkt\/znackovy-ravak-vs2-105-bila-transparent-37152\/","name":"Zna\u010dkov\u00fd Ravak VS2 105, b\u00edl\u00e1+transparent -","isPartOf":{"@id":"https:\/\/www.technodompro.com\/#website"},"primaryImageOfPage":{"@id":"https:\/\/www.technodompro.com\/index.php\/produkt\/znackovy-ravak-vs2-105-bila-transparent-37152\/#primaryimage"},"image":{"@id":"https:\/\/www.technodompro.com\/index.php\/produkt\/znackovy-ravak-vs2-105-bila-transparent-37152\/#primaryimage"},"thumbnailUrl":"https:\/\/www.technodompro.com\/wp-content\/uploads\/2026\/SK0020220-CZ20260425-091936-0-1777079982-ravak-vs2-105-bila-transparent-bila-w1200-h628-f8-765300fbb.webp","datePublished":"2026-04-27T04:42:08+00:00","breadcrumb":{"@id":"https:\/\/www.technodompro.com\/index.php\/produkt\/znackovy-ravak-vs2-105-bila-transparent-37152\/#breadcrumb"},"inLanguage":"cs","potentialAction":[{"@type":"ReadAction","target":["https:\/\/www.technodompro.com\/index.php\/produkt\/znackovy-ravak-vs2-105-bila-transparent-37152\/"]}]},{"@type":"ImageObject","inLanguage":"cs","@id":"https:\/\/www.technodompro.com\/index.php\/produkt\/znackovy-ravak-vs2-105-bila-transparent-37152\/#primaryimage","url":"https:\/\/www.technodompro.com\/wp-content\/uploads\/2026\/SK0020220-CZ20260425-091936-0-1777079982-ravak-vs2-105-bila-transparent-bila-w1200-h628-f8-765300fbb.webp","contentUrl":"https:\/\/www.technodompro.com\/wp-content\/uploads\/2026\/SK0020220-CZ20260425-091936-0-1777079982-ravak-vs2-105-bila-transparent-bila-w1200-h628-f8-765300fbb.webp","width":1000,"height":523},{"@type":"BreadcrumbList","@id":"https:\/\/www.technodompro.com\/index.php\/produkt\/znackovy-ravak-vs2-105-bila-transparent-37152\/#breadcrumb","itemListElement":[{"@type":"ListItem","position":1,"name":"Home","item":"https:\/\/www.technodompro.com\/"},{"@type":"ListItem","position":2,"name":"Products","item":"https:\/\/www.technodompro.com\/index.php\/products\/"},{"@type":"ListItem","position":3,"name":"Zna\u010dkov\u00fd Ravak VS2 105, b\u00edl\u00e1+transparent"}]},{"@type":"WebSite","@id":"https:\/\/www.technodompro.com\/#website","url":"https:\/\/www.technodompro.com\/","name":"","description":"","potentialAction":[{"@type":"SearchAction","target":{"@type":"EntryPoint","urlTemplate":"https:\/\/www.technodompro.com\/?s={search_term_string}"},"query-input":{"@type":"PropertyValueSpecification","valueRequired":true,"valueName":"search_term_string"}}],"inLanguage":"cs"}]}},"_links":{"self":[{"href":"https:\/\/www.technodompro.com\/index.php\/wp-json\/wp\/v2\/product\/37152","targetHints":{"allow":["GET"]}}],"collection":[{"href":"https:\/\/www.technodompro.com\/index.php\/wp-json\/wp\/v2\/product"}],"about":[{"href":"https:\/\/www.technodompro.com\/index.php\/wp-json\/wp\/v2\/types\/product"}],"replies":[{"embeddable":true,"href":"https:\/\/www.technodompro.com\/index.php\/wp-json\/wp\/v2\/comments?post=37152"}],"wp:featuredmedia":[{"embeddable":true,"href":"https:\/\/www.technodompro.com\/index.php\/wp-json\/wp\/v2\/media\/37252"}],"wp:attachment":[{"href":"https:\/\/www.technodompro.com\/index.php\/wp-json\/wp\/v2\/media?parent=37152"}],"wp:term":[{"taxonomy":"product_brand","embeddable":true,"href":"https:\/\/www.technodompro.com\/index.php\/wp-json\/wp\/v2\/product_brand?post=37152"},{"taxonomy":"product_cat","embeddable":true,"href":"https:\/\/www.technodompro.com\/index.php\/wp-json\/wp\/v2\/product_cat?post=37152"},{"taxonomy":"product_tag","embeddable":true,"href":"https:\/\/www.technodompro.com\/index.php\/wp-json\/wp\/v2\/product_tag?post=37152"}],"curies":[{"name":"wp","href":"https:\/\/api.w.org\/{rel}","templated":true}]}}