{"id":40917,"date":"2026-04-27T04:42:19","date_gmt":"2026-04-27T04:42:19","guid":{"rendered":""},"modified":"2026-04-27T04:42:19","modified_gmt":"2026-04-27T04:42:19","slug":"znackovy-unicraft-r-elektrocentrala-pg-e-30-sra-40917","status":"publish","type":"product","link":"https:\/\/www.technodompro.com\/index.php\/produkt\/znackovy-unicraft-r-elektrocentrala-pg-e-30-sra-40917\/","title":{"rendered":"Zna\u010dkov\u00fd Unicraft\u00ae Elektrocentr\u00e1la PG-E 30 SRA"},"content":{"rendered":"<table>\n<div class=\"tab-pane active product-description\" id=\"popis\" role=\"tabpanel\">\n<div class=\"short-description\" itemprop=\"description\"><\/div>\n<div class=\"description\"><span class='bullet-line'>Kr\u00e1tkodob\u00fd v\u00fdkon o hodnot\u011b a\u017e trojn\u00e1sobku jmenovit\u00e9ho v\u00fdkonu<\/span><span class='bullet-line'>Automatick\u00e1 regulace nap\u011bt\u00ed AVR<\/span><span class='bullet-line'>Ochrann\u00fd jisti\u010d chr\u00e1n\u00ed p\u0159ed p\u0159et\u00ed\u017een\u00edm<\/span><span class='bullet-line'>Vypnut\u00ed p\u0159i nedostatku oleje<\/span><span class='bullet-line'>Displej 3 v 1 \u2013 zobrazuje nap\u011bt\u00ed, frekvenci a provozn\u00ed hodiny<\/span><span class='bullet-line'>Dlouh\u00e1 v\u00fddr\u017e d\u00edky velk\u00e9 n\u00e1dr\u017ei<\/span><span class='bullet-line'>N\u00e1dr\u017e s ukazatelem hladiny<\/span><span class='bullet-line'>P\u0159\u00edpojky jsou vhodn\u011b um\u00edst\u011bn\u00e9 na p\u0159edn\u00ed stran\u011b<\/span><span class='bullet-line'>12 V p\u0159\u00edpojka pro nab\u00edjen\u00ed bateri\u00ed<\/span><span class='bullet-line'>Vybaven\u00e9 podvozkem se sklopn\u00fdmi rukojetmi<\/span><span class='bullet-line'>Vhodn\u00e1 pro pohon ru\u010dn\u00edho elektron\u00e1\u0159ad\u00ed.<\/span><\/div>\n<div class=\"parameters\">\n<tr>\n<td>Objem n\u00e1dr\u017ee<\/td>\n<td>15 l<\/td>\n<\/tr>\n<tr>\n<td>El. z\u00e1suvky<\/td>\n<td>2 \u00d7 230 V Schuko<\/td>\n<\/tr>\n<tr>\n<td>Stupe\u0148 kryt\u00ed gener\u00e1toru<\/td>\n<td>IP 23<\/td>\n<\/tr>\n<tr>\n<td>Stupe\u0148 kryt\u00ed z\u00e1suvek<\/td>\n<td>IP 44<\/td>\n<\/tr>\n<tr>\n<td>Max. v\u00fdkon LTP 230 V<\/td>\n<td>2,8 kW<\/td>\n<\/tr>\n<tr>\n<td>Konstantn\u00ed v\u00fdkon COP 230 V<\/td>\n<td>2,5 kW<\/td>\n<\/tr>\n<tr>\n<td>Motor<\/td>\n<td>SC170F<\/td>\n<\/tr>\n<tr>\n<td>Pohonn\u00e1 hmota<\/td>\n<td>Benz\u00edn<\/td>\n<\/tr>\n<tr>\n<td>Start\u00e9r<\/td>\n<td>Ru\u010dn\u00ed<\/td>\n<\/tr>\n<tr>\n<td>Provozn\u00ed doba p\u0159i 50% zat\u00ed\u017een\u00ed<\/td>\n<td>12,5 h<\/td>\n<\/tr>\n<tr>\n<td>Provozn\u00ed doba p\u0159i 100% zat\u00ed\u017een\u00ed<\/td>\n<td>9,5 h<\/td>\n<\/tr>\n<tr>\n<td>Rozm\u011bry (\u0161 \u00d7 v \u00d7 h)<\/td>\n<td>595\u00d7460\u00d7500mm<\/td>\n<\/tr>\n<tr>\n<td>Hmotnost<\/td>\n<td>45 kg<\/td>\n<\/tr>\n<tr>\n<td>Hladina akustick\u00e9ho tlaku LPA (4 m)<\/td>\n<td>75 dB(A) dB(A)<\/td>\n<\/tr>\n<tr>\n<td>Hl. akustick\u00e9ho v\u00fdkonu LWA<\/td>\n<td>95 dB(A) dB(A)<\/td>\n<\/tr><\/div>\n<\/table>\n","protected":false},"excerpt":{"rendered":"<p>Kr\u00e1tkodob\u00fd v\u00fdkon o hodnot\u011b a\u017e trojn\u00e1sobku jmenovit\u00e9ho v\u00fdkonuAutomatick\u00e1 regulace nap\u011bt\u00ed AVROchrann\u00fd jisti\u010d chr\u00e1n\u00ed p\u0159ed p\u0159et\u00ed\u017een\u00edmVypnut\u00ed p\u0159i nedostatku olejeDisplej 3 v 1 \u2013 zobrazuje nap\u011bt\u00ed, frekvenci a provozn\u00ed hodinyDlouh\u00e1 v\u00fddr\u017e d\u00edky velk\u00e9 n\u00e1dr\u017eiN\u00e1dr\u017e s ukazatelem hladinyP\u0159\u00edpojky jsou vhodn\u011b um\u00edst\u011bn\u00e9 na p\u0159edn\u00ed stran\u011b12 V p\u0159\u00edpojka pro nab\u00edjen\u00ed bateri\u00edVybaven\u00e9 podvozkem se sklopn\u00fdmi rukojetmiVhodn\u00e1 pro pohon ru\u010dn\u00edho elektron\u00e1\u0159ad\u00ed. Objem [&hellip;]<\/p>\n","protected":false},"featured_media":41017,"comment_status":"open","ping_status":"open","template":"","meta":[],"product_brand":[],"product_cat":[47],"product_tag":[],"class_list":{"0":"post-40917","1":"product","2":"type-product","3":"status-publish","4":"has-post-thumbnail","6":"product_cat-stavebni-technika","8":"first","9":"instock","10":"sale","11":"shipping-taxable","12":"purchasable","13":"product-type-simple"},"yoast_head":"<!-- This site is optimized with the Yoast SEO plugin v26.8 - https:\/\/yoast.com\/product\/yoast-seo-wordpress\/ -->\n<title>Zna\u010dkov\u00fd Unicraft\u00ae Elektrocentr\u00e1la PG-E 30 SRA -<\/title>\n<meta name=\"robots\" content=\"index, follow, max-snippet:-1, max-image-preview:large, max-video-preview:-1\" \/>\n<link rel=\"canonical\" href=\"https:\/\/www.technodompro.com\/index.php\/produkt\/znackovy-unicraft-r-elektrocentrala-pg-e-30-sra-40917\/\" \/>\n<meta property=\"og:locale\" content=\"cs_CZ\" \/>\n<meta property=\"og:type\" content=\"article\" \/>\n<meta property=\"og:title\" content=\"Zna\u010dkov\u00fd Unicraft\u00ae Elektrocentr\u00e1la PG-E 30 SRA -\" \/>\n<meta property=\"og:description\" content=\"Kr\u00e1tkodob\u00fd v\u00fdkon o hodnot\u011b a\u017e trojn\u00e1sobku jmenovit\u00e9ho v\u00fdkonuAutomatick\u00e1 regulace nap\u011bt\u00ed AVROchrann\u00fd jisti\u010d chr\u00e1n\u00ed p\u0159ed p\u0159et\u00ed\u017een\u00edmVypnut\u00ed p\u0159i nedostatku olejeDisplej 3 v 1 \u2013 zobrazuje nap\u011bt\u00ed, frekvenci a provozn\u00ed hodinyDlouh\u00e1 v\u00fddr\u017e d\u00edky velk\u00e9 n\u00e1dr\u017eiN\u00e1dr\u017e s ukazatelem hladinyP\u0159\u00edpojky jsou vhodn\u011b um\u00edst\u011bn\u00e9 na p\u0159edn\u00ed stran\u011b12 V p\u0159\u00edpojka pro nab\u00edjen\u00ed bateri\u00edVybaven\u00e9 podvozkem se sklopn\u00fdmi rukojetmiVhodn\u00e1 pro pohon ru\u010dn\u00edho elektron\u00e1\u0159ad\u00ed. Objem [&hellip;]\" \/>\n<meta property=\"og:url\" content=\"https:\/\/www.technodompro.com\/index.php\/produkt\/znackovy-unicraft-r-elektrocentrala-pg-e-30-sra-40917\/\" \/>\n<meta property=\"og:image\" content=\"https:\/\/www.technodompro.com\/wp-content\/uploads\/2026\/SK0016090-CZ20260425-092328-0-1777080210-205056-1_143618.webp\" \/>\n\t<meta property=\"og:image:width\" content=\"800\" \/>\n\t<meta property=\"og:image:height\" content=\"781\" \/>\n\t<meta property=\"og:image:type\" content=\"image\/webp\" \/>\n<meta name=\"twitter:card\" content=\"summary_large_image\" \/>\n<meta name=\"twitter:label1\" content=\"Odhadovan\u00e1 doba \u010dten\u00ed\" \/>\n\t<meta name=\"twitter:data1\" content=\"1 minuta\" \/>\n<script type=\"application\/ld+json\" class=\"yoast-schema-graph\">{\"@context\":\"https:\/\/schema.org\",\"@graph\":[{\"@type\":\"WebPage\",\"@id\":\"https:\/\/www.technodompro.com\/index.php\/produkt\/znackovy-unicraft-r-elektrocentrala-pg-e-30-sra-40917\/\",\"url\":\"https:\/\/www.technodompro.com\/index.php\/produkt\/znackovy-unicraft-r-elektrocentrala-pg-e-30-sra-40917\/\",\"name\":\"Zna\u010dkov\u00fd Unicraft\u00ae Elektrocentr\u00e1la PG-E 30 SRA -\",\"isPartOf\":{\"@id\":\"https:\/\/www.technodompro.com\/#website\"},\"primaryImageOfPage\":{\"@id\":\"https:\/\/www.technodompro.com\/index.php\/produkt\/znackovy-unicraft-r-elektrocentrala-pg-e-30-sra-40917\/#primaryimage\"},\"image\":{\"@id\":\"https:\/\/www.technodompro.com\/index.php\/produkt\/znackovy-unicraft-r-elektrocentrala-pg-e-30-sra-40917\/#primaryimage\"},\"thumbnailUrl\":\"https:\/\/www.technodompro.com\/wp-content\/uploads\/2026\/SK0016090-CZ20260425-092328-0-1777080210-205056-1_143618.webp\",\"datePublished\":\"2026-04-27T04:42:19+00:00\",\"breadcrumb\":{\"@id\":\"https:\/\/www.technodompro.com\/index.php\/produkt\/znackovy-unicraft-r-elektrocentrala-pg-e-30-sra-40917\/#breadcrumb\"},\"inLanguage\":\"cs\",\"potentialAction\":[{\"@type\":\"ReadAction\",\"target\":[\"https:\/\/www.technodompro.com\/index.php\/produkt\/znackovy-unicraft-r-elektrocentrala-pg-e-30-sra-40917\/\"]}]},{\"@type\":\"ImageObject\",\"inLanguage\":\"cs\",\"@id\":\"https:\/\/www.technodompro.com\/index.php\/produkt\/znackovy-unicraft-r-elektrocentrala-pg-e-30-sra-40917\/#primaryimage\",\"url\":\"https:\/\/www.technodompro.com\/wp-content\/uploads\/2026\/SK0016090-CZ20260425-092328-0-1777080210-205056-1_143618.webp\",\"contentUrl\":\"https:\/\/www.technodompro.com\/wp-content\/uploads\/2026\/SK0016090-CZ20260425-092328-0-1777080210-205056-1_143618.webp\",\"width\":800,\"height\":781},{\"@type\":\"BreadcrumbList\",\"@id\":\"https:\/\/www.technodompro.com\/index.php\/produkt\/znackovy-unicraft-r-elektrocentrala-pg-e-30-sra-40917\/#breadcrumb\",\"itemListElement\":[{\"@type\":\"ListItem\",\"position\":1,\"name\":\"Home\",\"item\":\"https:\/\/www.technodompro.com\/\"},{\"@type\":\"ListItem\",\"position\":2,\"name\":\"Products\",\"item\":\"https:\/\/www.technodompro.com\/index.php\/products\/\"},{\"@type\":\"ListItem\",\"position\":3,\"name\":\"Zna\u010dkov\u00fd Unicraft\u00ae Elektrocentr\u00e1la PG-E 30 SRA\"}]},{\"@type\":\"WebSite\",\"@id\":\"https:\/\/www.technodompro.com\/#website\",\"url\":\"https:\/\/www.technodompro.com\/\",\"name\":\"\",\"description\":\"\",\"potentialAction\":[{\"@type\":\"SearchAction\",\"target\":{\"@type\":\"EntryPoint\",\"urlTemplate\":\"https:\/\/www.technodompro.com\/?s={search_term_string}\"},\"query-input\":{\"@type\":\"PropertyValueSpecification\",\"valueRequired\":true,\"valueName\":\"search_term_string\"}}],\"inLanguage\":\"cs\"}]}<\/script>\n<!-- \/ Yoast SEO plugin. -->","yoast_head_json":{"title":"Zna\u010dkov\u00fd Unicraft\u00ae Elektrocentr\u00e1la PG-E 30 SRA -","robots":{"index":"index","follow":"follow","max-snippet":"max-snippet:-1","max-image-preview":"max-image-preview:large","max-video-preview":"max-video-preview:-1"},"canonical":"https:\/\/www.technodompro.com\/index.php\/produkt\/znackovy-unicraft-r-elektrocentrala-pg-e-30-sra-40917\/","og_locale":"cs_CZ","og_type":"article","og_title":"Zna\u010dkov\u00fd Unicraft\u00ae Elektrocentr\u00e1la PG-E 30 SRA -","og_description":"Kr\u00e1tkodob\u00fd v\u00fdkon o hodnot\u011b a\u017e trojn\u00e1sobku jmenovit\u00e9ho v\u00fdkonuAutomatick\u00e1 regulace nap\u011bt\u00ed AVROchrann\u00fd jisti\u010d chr\u00e1n\u00ed p\u0159ed p\u0159et\u00ed\u017een\u00edmVypnut\u00ed p\u0159i nedostatku olejeDisplej 3 v 1 \u2013 zobrazuje nap\u011bt\u00ed, frekvenci a provozn\u00ed hodinyDlouh\u00e1 v\u00fddr\u017e d\u00edky velk\u00e9 n\u00e1dr\u017eiN\u00e1dr\u017e s ukazatelem hladinyP\u0159\u00edpojky jsou vhodn\u011b um\u00edst\u011bn\u00e9 na p\u0159edn\u00ed stran\u011b12 V p\u0159\u00edpojka pro nab\u00edjen\u00ed bateri\u00edVybaven\u00e9 podvozkem se sklopn\u00fdmi rukojetmiVhodn\u00e1 pro pohon ru\u010dn\u00edho elektron\u00e1\u0159ad\u00ed. Objem [&hellip;]","og_url":"https:\/\/www.technodompro.com\/index.php\/produkt\/znackovy-unicraft-r-elektrocentrala-pg-e-30-sra-40917\/","og_image":[{"width":800,"height":781,"url":"https:\/\/www.technodompro.com\/wp-content\/uploads\/2026\/SK0016090-CZ20260425-092328-0-1777080210-205056-1_143618.webp","type":"image\/webp"}],"twitter_card":"summary_large_image","twitter_misc":{"Odhadovan\u00e1 doba \u010dten\u00ed":"1 minuta"},"schema":{"@context":"https:\/\/schema.org","@graph":[{"@type":"WebPage","@id":"https:\/\/www.technodompro.com\/index.php\/produkt\/znackovy-unicraft-r-elektrocentrala-pg-e-30-sra-40917\/","url":"https:\/\/www.technodompro.com\/index.php\/produkt\/znackovy-unicraft-r-elektrocentrala-pg-e-30-sra-40917\/","name":"Zna\u010dkov\u00fd Unicraft\u00ae Elektrocentr\u00e1la PG-E 30 SRA -","isPartOf":{"@id":"https:\/\/www.technodompro.com\/#website"},"primaryImageOfPage":{"@id":"https:\/\/www.technodompro.com\/index.php\/produkt\/znackovy-unicraft-r-elektrocentrala-pg-e-30-sra-40917\/#primaryimage"},"image":{"@id":"https:\/\/www.technodompro.com\/index.php\/produkt\/znackovy-unicraft-r-elektrocentrala-pg-e-30-sra-40917\/#primaryimage"},"thumbnailUrl":"https:\/\/www.technodompro.com\/wp-content\/uploads\/2026\/SK0016090-CZ20260425-092328-0-1777080210-205056-1_143618.webp","datePublished":"2026-04-27T04:42:19+00:00","breadcrumb":{"@id":"https:\/\/www.technodompro.com\/index.php\/produkt\/znackovy-unicraft-r-elektrocentrala-pg-e-30-sra-40917\/#breadcrumb"},"inLanguage":"cs","potentialAction":[{"@type":"ReadAction","target":["https:\/\/www.technodompro.com\/index.php\/produkt\/znackovy-unicraft-r-elektrocentrala-pg-e-30-sra-40917\/"]}]},{"@type":"ImageObject","inLanguage":"cs","@id":"https:\/\/www.technodompro.com\/index.php\/produkt\/znackovy-unicraft-r-elektrocentrala-pg-e-30-sra-40917\/#primaryimage","url":"https:\/\/www.technodompro.com\/wp-content\/uploads\/2026\/SK0016090-CZ20260425-092328-0-1777080210-205056-1_143618.webp","contentUrl":"https:\/\/www.technodompro.com\/wp-content\/uploads\/2026\/SK0016090-CZ20260425-092328-0-1777080210-205056-1_143618.webp","width":800,"height":781},{"@type":"BreadcrumbList","@id":"https:\/\/www.technodompro.com\/index.php\/produkt\/znackovy-unicraft-r-elektrocentrala-pg-e-30-sra-40917\/#breadcrumb","itemListElement":[{"@type":"ListItem","position":1,"name":"Home","item":"https:\/\/www.technodompro.com\/"},{"@type":"ListItem","position":2,"name":"Products","item":"https:\/\/www.technodompro.com\/index.php\/products\/"},{"@type":"ListItem","position":3,"name":"Zna\u010dkov\u00fd Unicraft\u00ae Elektrocentr\u00e1la PG-E 30 SRA"}]},{"@type":"WebSite","@id":"https:\/\/www.technodompro.com\/#website","url":"https:\/\/www.technodompro.com\/","name":"","description":"","potentialAction":[{"@type":"SearchAction","target":{"@type":"EntryPoint","urlTemplate":"https:\/\/www.technodompro.com\/?s={search_term_string}"},"query-input":{"@type":"PropertyValueSpecification","valueRequired":true,"valueName":"search_term_string"}}],"inLanguage":"cs"}]}},"_links":{"self":[{"href":"https:\/\/www.technodompro.com\/index.php\/wp-json\/wp\/v2\/product\/40917","targetHints":{"allow":["GET"]}}],"collection":[{"href":"https:\/\/www.technodompro.com\/index.php\/wp-json\/wp\/v2\/product"}],"about":[{"href":"https:\/\/www.technodompro.com\/index.php\/wp-json\/wp\/v2\/types\/product"}],"replies":[{"embeddable":true,"href":"https:\/\/www.technodompro.com\/index.php\/wp-json\/wp\/v2\/comments?post=40917"}],"wp:featuredmedia":[{"embeddable":true,"href":"https:\/\/www.technodompro.com\/index.php\/wp-json\/wp\/v2\/media\/41017"}],"wp:attachment":[{"href":"https:\/\/www.technodompro.com\/index.php\/wp-json\/wp\/v2\/media?parent=40917"}],"wp:term":[{"taxonomy":"product_brand","embeddable":true,"href":"https:\/\/www.technodompro.com\/index.php\/wp-json\/wp\/v2\/product_brand?post=40917"},{"taxonomy":"product_cat","embeddable":true,"href":"https:\/\/www.technodompro.com\/index.php\/wp-json\/wp\/v2\/product_cat?post=40917"},{"taxonomy":"product_tag","embeddable":true,"href":"https:\/\/www.technodompro.com\/index.php\/wp-json\/wp\/v2\/product_tag?post=40917"}],"curies":[{"name":"wp","href":"https:\/\/api.w.org\/{rel}","templated":true}]}}