{"id":41499,"date":"2026-04-27T04:42:20","date_gmt":"2026-04-27T04:42:20","guid":{"rendered":""},"modified":"2026-04-27T04:42:20","modified_gmt":"2026-04-27T04:42:20","slug":"znackovy-proxxon-20392-sverak-strojni-primus-75-41499","status":"publish","type":"product","link":"https:\/\/www.technodompro.com\/index.php\/produkt\/znackovy-proxxon-20392-sverak-strojni-primus-75-41499\/","title":{"rendered":"Zna\u010dkov\u00fd PROXXON 20392 Sv\u011br\u00e1k strojn\u00ed PRIMUS 75"},"content":{"rendered":"<table>\n<div class=\"tab-pane active product-description\" id=\"popis\" role=\"tabpanel\">\n<div class=\"short-description\" itemprop=\"description\"><\/div>\n<div class=\"description\"><span class='bullet-line'>Prismatick\u00fd strojn\u00ed sv\u011br\u00e1k PRIMUS 75 <br \/><\/span><span class='bullet-line'>Prizmatick\u00fd strojn\u00ed sv\u011br\u00e1k. Lehk\u00fd chod s p\u0159esn\u00fdm veden\u00edm \u010delist\u00ed<br \/><\/span><span class='bullet-line'>Z\u00e1kladna sv\u011br\u00e1ku je vyrobena z litiny s veden\u00edm opracovan\u00fdm na CNC stoji. Vym\u011bniteln\u00e9 \u010delisti. Pohybov\u00fd \u0161roub s trap\u00e9zov\u00fdm z\u00e1vitem. Sv\u011br\u00e1k PRIMUS 75 lze p\u0159ipevnit ke stoln\u00ed vrta\u010dce TBH, k\u0159\u00ed\u017eov\u00e9mu stolu KT 150 nebo k fr\u00e9zovac\u00edmu stojanu BFB 2000, viz. n\u00ed\u017ee  k p\u0159ipevn\u011bn\u00ed lze pou\u017e\u00edt Upev\u0148ovac\u00ed sadu, kterou naleznete pod obj. \u010d\u00edslem 20394.<br \/><\/span> <\/p>\n<p> \u25bc Balen\u00ed obsahuje \u25bc<span class='bullet-line'>1ks<\/span><\/div>\n<div class=\"parameters\">\n<tr>\n<td>\u0160\u00ed\u0159e \u010delist\u00ed<\/td>\n<td>75 mm<\/td>\n<\/tr>\n<tr>\n<td>Rozsah<\/td>\n<td>65 mm<\/td>\n<\/tr>\n<tr>\n<td>Rozte\u010d st\u0159ed\u016f up\u00ednac\u00edch otvor\u016f<\/td>\n<td>100 mm<\/td>\n<\/tr>\n<tr>\n<td>Up\u00ednac\u00ed otvory<\/td>\n<td>80 x 11 mm<\/td>\n<\/tr>\n<tr>\n<td>Hmotnost<\/td>\n<td>2,5 kg<\/td>\n<\/tr><\/div>\n<\/table>\n","protected":false},"excerpt":{"rendered":"<p>Prismatick\u00fd strojn\u00ed sv\u011br\u00e1k PRIMUS 75 Prizmatick\u00fd strojn\u00ed sv\u011br\u00e1k. Lehk\u00fd chod s p\u0159esn\u00fdm veden\u00edm \u010delist\u00edZ\u00e1kladna sv\u011br\u00e1ku je vyrobena z litiny s veden\u00edm opracovan\u00fdm na CNC stoji. Vym\u011bniteln\u00e9 \u010delisti. Pohybov\u00fd \u0161roub s trap\u00e9zov\u00fdm z\u00e1vitem. Sv\u011br\u00e1k PRIMUS 75 lze p\u0159ipevnit ke stoln\u00ed vrta\u010dce TBH, k\u0159\u00ed\u017eov\u00e9mu stolu KT 150 nebo k fr\u00e9zovac\u00edmu stojanu BFB 2000, viz. n\u00ed\u017ee k p\u0159ipevn\u011bn\u00ed [&hellip;]<\/p>\n","protected":false},"featured_media":41599,"comment_status":"open","ping_status":"open","template":"","meta":[],"product_brand":[],"product_cat":[46],"product_tag":[],"class_list":{"0":"post-41499","1":"product","2":"type-product","3":"status-publish","4":"has-post-thumbnail","6":"product_cat-dilna","8":"first","9":"instock","10":"sale","11":"shipping-taxable","12":"purchasable","13":"product-type-simple"},"yoast_head":"<!-- This site is optimized with the Yoast SEO plugin v26.8 - https:\/\/yoast.com\/product\/yoast-seo-wordpress\/ -->\n<title>Zna\u010dkov\u00fd PROXXON 20392 Sv\u011br\u00e1k strojn\u00ed PRIMUS 75 -<\/title>\n<meta name=\"robots\" content=\"index, follow, max-snippet:-1, max-image-preview:large, max-video-preview:-1\" \/>\n<link rel=\"canonical\" href=\"https:\/\/www.technodompro.com\/index.php\/produkt\/znackovy-proxxon-20392-sverak-strojni-primus-75-41499\/\" \/>\n<meta property=\"og:locale\" content=\"cs_CZ\" \/>\n<meta property=\"og:type\" content=\"article\" \/>\n<meta property=\"og:title\" content=\"Zna\u010dkov\u00fd PROXXON 20392 Sv\u011br\u00e1k strojn\u00ed PRIMUS 75 -\" \/>\n<meta property=\"og:description\" content=\"Prismatick\u00fd strojn\u00ed sv\u011br\u00e1k PRIMUS 75 Prizmatick\u00fd strojn\u00ed sv\u011br\u00e1k. Lehk\u00fd chod s p\u0159esn\u00fdm veden\u00edm \u010delist\u00edZ\u00e1kladna sv\u011br\u00e1ku je vyrobena z litiny s veden\u00edm opracovan\u00fdm na CNC stoji. Vym\u011bniteln\u00e9 \u010delisti. Pohybov\u00fd \u0161roub s trap\u00e9zov\u00fdm z\u00e1vitem. Sv\u011br\u00e1k PRIMUS 75 lze p\u0159ipevnit ke stoln\u00ed vrta\u010dce TBH, k\u0159\u00ed\u017eov\u00e9mu stolu KT 150 nebo k fr\u00e9zovac\u00edmu stojanu BFB 2000, viz. n\u00ed\u017ee k p\u0159ipevn\u011bn\u00ed [&hellip;]\" \/>\n<meta property=\"og:url\" content=\"https:\/\/www.technodompro.com\/index.php\/produkt\/znackovy-proxxon-20392-sverak-strojni-primus-75-41499\/\" \/>\n<meta property=\"og:image\" content=\"https:\/\/www.technodompro.com\/wp-content\/uploads\/2026\/SK0016430-CZ20260425-092328-0-1777080210-205564-1_100157.webp\" \/>\n\t<meta property=\"og:image:width\" content=\"842\" \/>\n\t<meta property=\"og:image:height\" content=\"800\" \/>\n\t<meta property=\"og:image:type\" content=\"image\/webp\" \/>\n<meta name=\"twitter:card\" content=\"summary_large_image\" \/>\n<meta name=\"twitter:label1\" content=\"Odhadovan\u00e1 doba \u010dten\u00ed\" \/>\n\t<meta name=\"twitter:data1\" content=\"1 minuta\" \/>\n<script type=\"application\/ld+json\" class=\"yoast-schema-graph\">{\"@context\":\"https:\/\/schema.org\",\"@graph\":[{\"@type\":\"WebPage\",\"@id\":\"https:\/\/www.technodompro.com\/index.php\/produkt\/znackovy-proxxon-20392-sverak-strojni-primus-75-41499\/\",\"url\":\"https:\/\/www.technodompro.com\/index.php\/produkt\/znackovy-proxxon-20392-sverak-strojni-primus-75-41499\/\",\"name\":\"Zna\u010dkov\u00fd PROXXON 20392 Sv\u011br\u00e1k strojn\u00ed PRIMUS 75 -\",\"isPartOf\":{\"@id\":\"https:\/\/www.technodompro.com\/#website\"},\"primaryImageOfPage\":{\"@id\":\"https:\/\/www.technodompro.com\/index.php\/produkt\/znackovy-proxxon-20392-sverak-strojni-primus-75-41499\/#primaryimage\"},\"image\":{\"@id\":\"https:\/\/www.technodompro.com\/index.php\/produkt\/znackovy-proxxon-20392-sverak-strojni-primus-75-41499\/#primaryimage\"},\"thumbnailUrl\":\"https:\/\/www.technodompro.com\/wp-content\/uploads\/2026\/SK0016430-CZ20260425-092328-0-1777080210-205564-1_100157.webp\",\"datePublished\":\"2026-04-27T04:42:20+00:00\",\"breadcrumb\":{\"@id\":\"https:\/\/www.technodompro.com\/index.php\/produkt\/znackovy-proxxon-20392-sverak-strojni-primus-75-41499\/#breadcrumb\"},\"inLanguage\":\"cs\",\"potentialAction\":[{\"@type\":\"ReadAction\",\"target\":[\"https:\/\/www.technodompro.com\/index.php\/produkt\/znackovy-proxxon-20392-sverak-strojni-primus-75-41499\/\"]}]},{\"@type\":\"ImageObject\",\"inLanguage\":\"cs\",\"@id\":\"https:\/\/www.technodompro.com\/index.php\/produkt\/znackovy-proxxon-20392-sverak-strojni-primus-75-41499\/#primaryimage\",\"url\":\"https:\/\/www.technodompro.com\/wp-content\/uploads\/2026\/SK0016430-CZ20260425-092328-0-1777080210-205564-1_100157.webp\",\"contentUrl\":\"https:\/\/www.technodompro.com\/wp-content\/uploads\/2026\/SK0016430-CZ20260425-092328-0-1777080210-205564-1_100157.webp\",\"width\":842,\"height\":800},{\"@type\":\"BreadcrumbList\",\"@id\":\"https:\/\/www.technodompro.com\/index.php\/produkt\/znackovy-proxxon-20392-sverak-strojni-primus-75-41499\/#breadcrumb\",\"itemListElement\":[{\"@type\":\"ListItem\",\"position\":1,\"name\":\"Home\",\"item\":\"https:\/\/www.technodompro.com\/\"},{\"@type\":\"ListItem\",\"position\":2,\"name\":\"Products\",\"item\":\"https:\/\/www.technodompro.com\/index.php\/products\/\"},{\"@type\":\"ListItem\",\"position\":3,\"name\":\"Zna\u010dkov\u00fd PROXXON 20392 Sv\u011br\u00e1k strojn\u00ed PRIMUS 75\"}]},{\"@type\":\"WebSite\",\"@id\":\"https:\/\/www.technodompro.com\/#website\",\"url\":\"https:\/\/www.technodompro.com\/\",\"name\":\"\",\"description\":\"\",\"potentialAction\":[{\"@type\":\"SearchAction\",\"target\":{\"@type\":\"EntryPoint\",\"urlTemplate\":\"https:\/\/www.technodompro.com\/?s={search_term_string}\"},\"query-input\":{\"@type\":\"PropertyValueSpecification\",\"valueRequired\":true,\"valueName\":\"search_term_string\"}}],\"inLanguage\":\"cs\"}]}<\/script>\n<!-- \/ Yoast SEO plugin. -->","yoast_head_json":{"title":"Zna\u010dkov\u00fd PROXXON 20392 Sv\u011br\u00e1k strojn\u00ed PRIMUS 75 -","robots":{"index":"index","follow":"follow","max-snippet":"max-snippet:-1","max-image-preview":"max-image-preview:large","max-video-preview":"max-video-preview:-1"},"canonical":"https:\/\/www.technodompro.com\/index.php\/produkt\/znackovy-proxxon-20392-sverak-strojni-primus-75-41499\/","og_locale":"cs_CZ","og_type":"article","og_title":"Zna\u010dkov\u00fd PROXXON 20392 Sv\u011br\u00e1k strojn\u00ed PRIMUS 75 -","og_description":"Prismatick\u00fd strojn\u00ed sv\u011br\u00e1k PRIMUS 75 Prizmatick\u00fd strojn\u00ed sv\u011br\u00e1k. Lehk\u00fd chod s p\u0159esn\u00fdm veden\u00edm \u010delist\u00edZ\u00e1kladna sv\u011br\u00e1ku je vyrobena z litiny s veden\u00edm opracovan\u00fdm na CNC stoji. Vym\u011bniteln\u00e9 \u010delisti. Pohybov\u00fd \u0161roub s trap\u00e9zov\u00fdm z\u00e1vitem. Sv\u011br\u00e1k PRIMUS 75 lze p\u0159ipevnit ke stoln\u00ed vrta\u010dce TBH, k\u0159\u00ed\u017eov\u00e9mu stolu KT 150 nebo k fr\u00e9zovac\u00edmu stojanu BFB 2000, viz. n\u00ed\u017ee k p\u0159ipevn\u011bn\u00ed [&hellip;]","og_url":"https:\/\/www.technodompro.com\/index.php\/produkt\/znackovy-proxxon-20392-sverak-strojni-primus-75-41499\/","og_image":[{"width":842,"height":800,"url":"https:\/\/www.technodompro.com\/wp-content\/uploads\/2026\/SK0016430-CZ20260425-092328-0-1777080210-205564-1_100157.webp","type":"image\/webp"}],"twitter_card":"summary_large_image","twitter_misc":{"Odhadovan\u00e1 doba \u010dten\u00ed":"1 minuta"},"schema":{"@context":"https:\/\/schema.org","@graph":[{"@type":"WebPage","@id":"https:\/\/www.technodompro.com\/index.php\/produkt\/znackovy-proxxon-20392-sverak-strojni-primus-75-41499\/","url":"https:\/\/www.technodompro.com\/index.php\/produkt\/znackovy-proxxon-20392-sverak-strojni-primus-75-41499\/","name":"Zna\u010dkov\u00fd PROXXON 20392 Sv\u011br\u00e1k strojn\u00ed PRIMUS 75 -","isPartOf":{"@id":"https:\/\/www.technodompro.com\/#website"},"primaryImageOfPage":{"@id":"https:\/\/www.technodompro.com\/index.php\/produkt\/znackovy-proxxon-20392-sverak-strojni-primus-75-41499\/#primaryimage"},"image":{"@id":"https:\/\/www.technodompro.com\/index.php\/produkt\/znackovy-proxxon-20392-sverak-strojni-primus-75-41499\/#primaryimage"},"thumbnailUrl":"https:\/\/www.technodompro.com\/wp-content\/uploads\/2026\/SK0016430-CZ20260425-092328-0-1777080210-205564-1_100157.webp","datePublished":"2026-04-27T04:42:20+00:00","breadcrumb":{"@id":"https:\/\/www.technodompro.com\/index.php\/produkt\/znackovy-proxxon-20392-sverak-strojni-primus-75-41499\/#breadcrumb"},"inLanguage":"cs","potentialAction":[{"@type":"ReadAction","target":["https:\/\/www.technodompro.com\/index.php\/produkt\/znackovy-proxxon-20392-sverak-strojni-primus-75-41499\/"]}]},{"@type":"ImageObject","inLanguage":"cs","@id":"https:\/\/www.technodompro.com\/index.php\/produkt\/znackovy-proxxon-20392-sverak-strojni-primus-75-41499\/#primaryimage","url":"https:\/\/www.technodompro.com\/wp-content\/uploads\/2026\/SK0016430-CZ20260425-092328-0-1777080210-205564-1_100157.webp","contentUrl":"https:\/\/www.technodompro.com\/wp-content\/uploads\/2026\/SK0016430-CZ20260425-092328-0-1777080210-205564-1_100157.webp","width":842,"height":800},{"@type":"BreadcrumbList","@id":"https:\/\/www.technodompro.com\/index.php\/produkt\/znackovy-proxxon-20392-sverak-strojni-primus-75-41499\/#breadcrumb","itemListElement":[{"@type":"ListItem","position":1,"name":"Home","item":"https:\/\/www.technodompro.com\/"},{"@type":"ListItem","position":2,"name":"Products","item":"https:\/\/www.technodompro.com\/index.php\/products\/"},{"@type":"ListItem","position":3,"name":"Zna\u010dkov\u00fd PROXXON 20392 Sv\u011br\u00e1k strojn\u00ed PRIMUS 75"}]},{"@type":"WebSite","@id":"https:\/\/www.technodompro.com\/#website","url":"https:\/\/www.technodompro.com\/","name":"","description":"","potentialAction":[{"@type":"SearchAction","target":{"@type":"EntryPoint","urlTemplate":"https:\/\/www.technodompro.com\/?s={search_term_string}"},"query-input":{"@type":"PropertyValueSpecification","valueRequired":true,"valueName":"search_term_string"}}],"inLanguage":"cs"}]}},"_links":{"self":[{"href":"https:\/\/www.technodompro.com\/index.php\/wp-json\/wp\/v2\/product\/41499","targetHints":{"allow":["GET"]}}],"collection":[{"href":"https:\/\/www.technodompro.com\/index.php\/wp-json\/wp\/v2\/product"}],"about":[{"href":"https:\/\/www.technodompro.com\/index.php\/wp-json\/wp\/v2\/types\/product"}],"replies":[{"embeddable":true,"href":"https:\/\/www.technodompro.com\/index.php\/wp-json\/wp\/v2\/comments?post=41499"}],"wp:featuredmedia":[{"embeddable":true,"href":"https:\/\/www.technodompro.com\/index.php\/wp-json\/wp\/v2\/media\/41599"}],"wp:attachment":[{"href":"https:\/\/www.technodompro.com\/index.php\/wp-json\/wp\/v2\/media?parent=41499"}],"wp:term":[{"taxonomy":"product_brand","embeddable":true,"href":"https:\/\/www.technodompro.com\/index.php\/wp-json\/wp\/v2\/product_brand?post=41499"},{"taxonomy":"product_cat","embeddable":true,"href":"https:\/\/www.technodompro.com\/index.php\/wp-json\/wp\/v2\/product_cat?post=41499"},{"taxonomy":"product_tag","embeddable":true,"href":"https:\/\/www.technodompro.com\/index.php\/wp-json\/wp\/v2\/product_tag?post=41499"}],"curies":[{"name":"wp","href":"https:\/\/api.w.org\/{rel}","templated":true}]}}