{"id":41767,"date":"2026-04-27T04:42:21","date_gmt":"2026-04-27T04:42:21","guid":{"rendered":""},"modified":"2026-04-27T04:42:21","modified_gmt":"2026-04-27T04:42:21","slug":"znackovy-proxxon-23265-klic-racn-ockoplochy-16-mm-41767","status":"publish","type":"product","link":"https:\/\/www.technodompro.com\/index.php\/produkt\/znackovy-proxxon-23265-klic-racn-ockoplochy-16-mm-41767\/","title":{"rendered":"Zna\u010dkov\u00fd PROXXON 23265 Kl\u00ed\u010d r\u00e1\u010dn.o\u010dkoploch\u00fd 16 mm"},"content":{"rendered":"<table>\n<div class=\"tab-pane active product-description\" id=\"popis\" role=\"tabpanel\">\n<div class=\"short-description\" itemprop=\"description\"><\/div>\n<div class=\"description\"><span class='bullet-line'>MicroSpeeder r\u00e1\u010dnov\u00fd kl\u00ed\u010d o\u010dkoploch\u00fd 16 mm <\/span><span class='bullet-line'>Rovn\u00fd \u00fazk\u00fd tvar bez p\u0159ep\u00edn\u00e1n\u00ed, sta\u010d\u00ed oto\u010dit!<\/span><span class='bullet-line'>R\u00e1\u010dnov\u00fd Kl\u00ed\u010d je kovan\u00fd z 31CrV s vysok\u00fdm obsahem uhl\u00edku, co\u017e  zaru\u010duje velkou tvrdost a d\u00e1le je 2x poniklovan\u00fd a matov\u011b pochromovan\u00fd. Kl\u00ed\u010d je rovn\u00fd bez 15\u00b0 vyhnut\u00ed o\u010dka. R\u00e1\u010dnov\u00fd mechanismus je jednostrann\u00fd bez p\u0159ep\u00edn\u00e1n\u00ed, tzn. sta\u010d\u00ed stranov\u011b oto\u010dit kl\u00ed\u010d a utahujete\/ povolujete \u0161rouby. D\u00edky 72 zub\u016fm na vnit\u0159n\u00edm krou\u017eku, vyroben\u00e9m ze speci\u00e1ln\u00ed oceli, je umo\u017en\u011bno utahov\u00e1n\u00ed ji\u017e p\u0159i pohybu pouh\u00fdch 5\u00b0. I p\u0159esto jsou p\u0159en\u00e1\u0161en\u00e9 momenty v\u011bt\u0161\u00ed ne\u017e p\u0159edepisuje norma DIN\/ISO.<\/span><span class='bullet-line'>Stranov\u00e1 ploch\u00e1 hlava kl\u00ed\u010de je le\u0161t\u011bn\u00e1. Kl\u00ed\u010de MicroSpeeder jsou specifick\u00e9 sv\u00fdm tenk\u00fdm a \u0161t\u00edhl\u00fdm t\u011blem, p\u0159i\u010dem\u017e utahovac\u00ed momenty p\u0159evy\u0161uj\u00ed po\u017eadavky p\u0159edpis\u016f DIN\/ISO. Rozm\u011bry jednotliv\u00fdch kl\u00ed\u010d\u016f jsou laserov\u011b zna\u010deny. P\u0159esnost ka\u017ed\u00e9ho kl\u00ed\u010de je kalibrov\u00e1na a p\u0159\u00edsn\u011b kontrolov\u00e1na.<\/span><span class='bullet-line'>Nejvy\u0161\u0161\u00ed kvalita Proxxon, p\u0159evy\u0161uje po\u017eadavky DIN\/ISO na tvrdost a maxim\u00e1ln\u00ed krout\u00edc\u00ed moment. Firemn\u00ed v\u00fdrobn\u00ed tolerance jsou mnohem p\u0159\u00edsn\u011bj\u0161\u00ed ne\u017e p\u0159edepsan\u00e9 normy.<\/span><\/div>\n<\/table>\n","protected":false},"excerpt":{"rendered":"<p>MicroSpeeder r\u00e1\u010dnov\u00fd kl\u00ed\u010d o\u010dkoploch\u00fd 16 mm Rovn\u00fd \u00fazk\u00fd tvar bez p\u0159ep\u00edn\u00e1n\u00ed, sta\u010d\u00ed oto\u010dit!R\u00e1\u010dnov\u00fd Kl\u00ed\u010d je kovan\u00fd z 31CrV s vysok\u00fdm obsahem uhl\u00edku, co\u017e zaru\u010duje velkou tvrdost a d\u00e1le je 2x poniklovan\u00fd a matov\u011b pochromovan\u00fd. Kl\u00ed\u010d je rovn\u00fd bez 15\u00b0 vyhnut\u00ed o\u010dka. R\u00e1\u010dnov\u00fd mechanismus je jednostrann\u00fd bez p\u0159ep\u00edn\u00e1n\u00ed, tzn. sta\u010d\u00ed stranov\u011b oto\u010dit kl\u00ed\u010d a utahujete\/ povolujete [&hellip;]<\/p>\n","protected":false},"featured_media":41867,"comment_status":"open","ping_status":"open","template":"","meta":[],"product_brand":[],"product_cat":[45],"product_tag":[],"class_list":{"0":"post-41767","1":"product","2":"type-product","3":"status-publish","4":"has-post-thumbnail","6":"product_cat-naradi","8":"first","9":"instock","10":"sale","11":"shipping-taxable","12":"purchasable","13":"product-type-simple"},"yoast_head":"<!-- This site is optimized with the Yoast SEO plugin v26.8 - https:\/\/yoast.com\/product\/yoast-seo-wordpress\/ -->\n<title>Zna\u010dkov\u00fd PROXXON 23265 Kl\u00ed\u010d r\u00e1\u010dn.o\u010dkoploch\u00fd 16 mm -<\/title>\n<meta name=\"robots\" content=\"index, follow, max-snippet:-1, max-image-preview:large, max-video-preview:-1\" \/>\n<link rel=\"canonical\" href=\"https:\/\/www.technodompro.com\/index.php\/produkt\/znackovy-proxxon-23265-klic-racn-ockoplochy-16-mm-41767\/\" \/>\n<meta property=\"og:locale\" content=\"cs_CZ\" \/>\n<meta property=\"og:type\" content=\"article\" \/>\n<meta property=\"og:title\" content=\"Zna\u010dkov\u00fd PROXXON 23265 Kl\u00ed\u010d r\u00e1\u010dn.o\u010dkoploch\u00fd 16 mm -\" \/>\n<meta property=\"og:description\" content=\"MicroSpeeder r\u00e1\u010dnov\u00fd kl\u00ed\u010d o\u010dkoploch\u00fd 16 mm Rovn\u00fd \u00fazk\u00fd tvar bez p\u0159ep\u00edn\u00e1n\u00ed, sta\u010d\u00ed oto\u010dit!R\u00e1\u010dnov\u00fd Kl\u00ed\u010d je kovan\u00fd z 31CrV s vysok\u00fdm obsahem uhl\u00edku, co\u017e zaru\u010duje velkou tvrdost a d\u00e1le je 2x poniklovan\u00fd a matov\u011b pochromovan\u00fd. Kl\u00ed\u010d je rovn\u00fd bez 15\u00b0 vyhnut\u00ed o\u010dka. R\u00e1\u010dnov\u00fd mechanismus je jednostrann\u00fd bez p\u0159ep\u00edn\u00e1n\u00ed, tzn. sta\u010d\u00ed stranov\u011b oto\u010dit kl\u00ed\u010d a utahujete\/ povolujete [&hellip;]\" \/>\n<meta property=\"og:url\" content=\"https:\/\/www.technodompro.com\/index.php\/produkt\/znackovy-proxxon-23265-klic-racn-ockoplochy-16-mm-41767\/\" \/>\n<meta property=\"og:image\" content=\"https:\/\/www.technodompro.com\/wp-content\/uploads\/2026\/SK0016598-CZ20260425-092328-0-1777080210-205735-1_104953.webp\" \/>\n\t<meta property=\"og:image:width\" content=\"1000\" \/>\n\t<meta property=\"og:image:height\" content=\"481\" \/>\n\t<meta property=\"og:image:type\" content=\"image\/webp\" \/>\n<meta name=\"twitter:card\" content=\"summary_large_image\" \/>\n<meta name=\"twitter:label1\" content=\"Odhadovan\u00e1 doba \u010dten\u00ed\" \/>\n\t<meta name=\"twitter:data1\" content=\"1 minuta\" \/>\n<script type=\"application\/ld+json\" class=\"yoast-schema-graph\">{\"@context\":\"https:\/\/schema.org\",\"@graph\":[{\"@type\":\"WebPage\",\"@id\":\"https:\/\/www.technodompro.com\/index.php\/produkt\/znackovy-proxxon-23265-klic-racn-ockoplochy-16-mm-41767\/\",\"url\":\"https:\/\/www.technodompro.com\/index.php\/produkt\/znackovy-proxxon-23265-klic-racn-ockoplochy-16-mm-41767\/\",\"name\":\"Zna\u010dkov\u00fd PROXXON 23265 Kl\u00ed\u010d r\u00e1\u010dn.o\u010dkoploch\u00fd 16 mm -\",\"isPartOf\":{\"@id\":\"https:\/\/www.technodompro.com\/#website\"},\"primaryImageOfPage\":{\"@id\":\"https:\/\/www.technodompro.com\/index.php\/produkt\/znackovy-proxxon-23265-klic-racn-ockoplochy-16-mm-41767\/#primaryimage\"},\"image\":{\"@id\":\"https:\/\/www.technodompro.com\/index.php\/produkt\/znackovy-proxxon-23265-klic-racn-ockoplochy-16-mm-41767\/#primaryimage\"},\"thumbnailUrl\":\"https:\/\/www.technodompro.com\/wp-content\/uploads\/2026\/SK0016598-CZ20260425-092328-0-1777080210-205735-1_104953.webp\",\"datePublished\":\"2026-04-27T04:42:21+00:00\",\"breadcrumb\":{\"@id\":\"https:\/\/www.technodompro.com\/index.php\/produkt\/znackovy-proxxon-23265-klic-racn-ockoplochy-16-mm-41767\/#breadcrumb\"},\"inLanguage\":\"cs\",\"potentialAction\":[{\"@type\":\"ReadAction\",\"target\":[\"https:\/\/www.technodompro.com\/index.php\/produkt\/znackovy-proxxon-23265-klic-racn-ockoplochy-16-mm-41767\/\"]}]},{\"@type\":\"ImageObject\",\"inLanguage\":\"cs\",\"@id\":\"https:\/\/www.technodompro.com\/index.php\/produkt\/znackovy-proxxon-23265-klic-racn-ockoplochy-16-mm-41767\/#primaryimage\",\"url\":\"https:\/\/www.technodompro.com\/wp-content\/uploads\/2026\/SK0016598-CZ20260425-092328-0-1777080210-205735-1_104953.webp\",\"contentUrl\":\"https:\/\/www.technodompro.com\/wp-content\/uploads\/2026\/SK0016598-CZ20260425-092328-0-1777080210-205735-1_104953.webp\",\"width\":1000,\"height\":481},{\"@type\":\"BreadcrumbList\",\"@id\":\"https:\/\/www.technodompro.com\/index.php\/produkt\/znackovy-proxxon-23265-klic-racn-ockoplochy-16-mm-41767\/#breadcrumb\",\"itemListElement\":[{\"@type\":\"ListItem\",\"position\":1,\"name\":\"Home\",\"item\":\"https:\/\/www.technodompro.com\/\"},{\"@type\":\"ListItem\",\"position\":2,\"name\":\"Products\",\"item\":\"https:\/\/www.technodompro.com\/index.php\/products\/\"},{\"@type\":\"ListItem\",\"position\":3,\"name\":\"Zna\u010dkov\u00fd PROXXON 23265 Kl\u00ed\u010d r\u00e1\u010dn.o\u010dkoploch\u00fd 16 mm\"}]},{\"@type\":\"WebSite\",\"@id\":\"https:\/\/www.technodompro.com\/#website\",\"url\":\"https:\/\/www.technodompro.com\/\",\"name\":\"\",\"description\":\"\",\"potentialAction\":[{\"@type\":\"SearchAction\",\"target\":{\"@type\":\"EntryPoint\",\"urlTemplate\":\"https:\/\/www.technodompro.com\/?s={search_term_string}\"},\"query-input\":{\"@type\":\"PropertyValueSpecification\",\"valueRequired\":true,\"valueName\":\"search_term_string\"}}],\"inLanguage\":\"cs\"}]}<\/script>\n<!-- \/ Yoast SEO plugin. -->","yoast_head_json":{"title":"Zna\u010dkov\u00fd PROXXON 23265 Kl\u00ed\u010d r\u00e1\u010dn.o\u010dkoploch\u00fd 16 mm -","robots":{"index":"index","follow":"follow","max-snippet":"max-snippet:-1","max-image-preview":"max-image-preview:large","max-video-preview":"max-video-preview:-1"},"canonical":"https:\/\/www.technodompro.com\/index.php\/produkt\/znackovy-proxxon-23265-klic-racn-ockoplochy-16-mm-41767\/","og_locale":"cs_CZ","og_type":"article","og_title":"Zna\u010dkov\u00fd PROXXON 23265 Kl\u00ed\u010d r\u00e1\u010dn.o\u010dkoploch\u00fd 16 mm -","og_description":"MicroSpeeder r\u00e1\u010dnov\u00fd kl\u00ed\u010d o\u010dkoploch\u00fd 16 mm Rovn\u00fd \u00fazk\u00fd tvar bez p\u0159ep\u00edn\u00e1n\u00ed, sta\u010d\u00ed oto\u010dit!R\u00e1\u010dnov\u00fd Kl\u00ed\u010d je kovan\u00fd z 31CrV s vysok\u00fdm obsahem uhl\u00edku, co\u017e zaru\u010duje velkou tvrdost a d\u00e1le je 2x poniklovan\u00fd a matov\u011b pochromovan\u00fd. Kl\u00ed\u010d je rovn\u00fd bez 15\u00b0 vyhnut\u00ed o\u010dka. R\u00e1\u010dnov\u00fd mechanismus je jednostrann\u00fd bez p\u0159ep\u00edn\u00e1n\u00ed, tzn. sta\u010d\u00ed stranov\u011b oto\u010dit kl\u00ed\u010d a utahujete\/ povolujete [&hellip;]","og_url":"https:\/\/www.technodompro.com\/index.php\/produkt\/znackovy-proxxon-23265-klic-racn-ockoplochy-16-mm-41767\/","og_image":[{"width":1000,"height":481,"url":"https:\/\/www.technodompro.com\/wp-content\/uploads\/2026\/SK0016598-CZ20260425-092328-0-1777080210-205735-1_104953.webp","type":"image\/webp"}],"twitter_card":"summary_large_image","twitter_misc":{"Odhadovan\u00e1 doba \u010dten\u00ed":"1 minuta"},"schema":{"@context":"https:\/\/schema.org","@graph":[{"@type":"WebPage","@id":"https:\/\/www.technodompro.com\/index.php\/produkt\/znackovy-proxxon-23265-klic-racn-ockoplochy-16-mm-41767\/","url":"https:\/\/www.technodompro.com\/index.php\/produkt\/znackovy-proxxon-23265-klic-racn-ockoplochy-16-mm-41767\/","name":"Zna\u010dkov\u00fd PROXXON 23265 Kl\u00ed\u010d r\u00e1\u010dn.o\u010dkoploch\u00fd 16 mm -","isPartOf":{"@id":"https:\/\/www.technodompro.com\/#website"},"primaryImageOfPage":{"@id":"https:\/\/www.technodompro.com\/index.php\/produkt\/znackovy-proxxon-23265-klic-racn-ockoplochy-16-mm-41767\/#primaryimage"},"image":{"@id":"https:\/\/www.technodompro.com\/index.php\/produkt\/znackovy-proxxon-23265-klic-racn-ockoplochy-16-mm-41767\/#primaryimage"},"thumbnailUrl":"https:\/\/www.technodompro.com\/wp-content\/uploads\/2026\/SK0016598-CZ20260425-092328-0-1777080210-205735-1_104953.webp","datePublished":"2026-04-27T04:42:21+00:00","breadcrumb":{"@id":"https:\/\/www.technodompro.com\/index.php\/produkt\/znackovy-proxxon-23265-klic-racn-ockoplochy-16-mm-41767\/#breadcrumb"},"inLanguage":"cs","potentialAction":[{"@type":"ReadAction","target":["https:\/\/www.technodompro.com\/index.php\/produkt\/znackovy-proxxon-23265-klic-racn-ockoplochy-16-mm-41767\/"]}]},{"@type":"ImageObject","inLanguage":"cs","@id":"https:\/\/www.technodompro.com\/index.php\/produkt\/znackovy-proxxon-23265-klic-racn-ockoplochy-16-mm-41767\/#primaryimage","url":"https:\/\/www.technodompro.com\/wp-content\/uploads\/2026\/SK0016598-CZ20260425-092328-0-1777080210-205735-1_104953.webp","contentUrl":"https:\/\/www.technodompro.com\/wp-content\/uploads\/2026\/SK0016598-CZ20260425-092328-0-1777080210-205735-1_104953.webp","width":1000,"height":481},{"@type":"BreadcrumbList","@id":"https:\/\/www.technodompro.com\/index.php\/produkt\/znackovy-proxxon-23265-klic-racn-ockoplochy-16-mm-41767\/#breadcrumb","itemListElement":[{"@type":"ListItem","position":1,"name":"Home","item":"https:\/\/www.technodompro.com\/"},{"@type":"ListItem","position":2,"name":"Products","item":"https:\/\/www.technodompro.com\/index.php\/products\/"},{"@type":"ListItem","position":3,"name":"Zna\u010dkov\u00fd PROXXON 23265 Kl\u00ed\u010d r\u00e1\u010dn.o\u010dkoploch\u00fd 16 mm"}]},{"@type":"WebSite","@id":"https:\/\/www.technodompro.com\/#website","url":"https:\/\/www.technodompro.com\/","name":"","description":"","potentialAction":[{"@type":"SearchAction","target":{"@type":"EntryPoint","urlTemplate":"https:\/\/www.technodompro.com\/?s={search_term_string}"},"query-input":{"@type":"PropertyValueSpecification","valueRequired":true,"valueName":"search_term_string"}}],"inLanguage":"cs"}]}},"_links":{"self":[{"href":"https:\/\/www.technodompro.com\/index.php\/wp-json\/wp\/v2\/product\/41767","targetHints":{"allow":["GET"]}}],"collection":[{"href":"https:\/\/www.technodompro.com\/index.php\/wp-json\/wp\/v2\/product"}],"about":[{"href":"https:\/\/www.technodompro.com\/index.php\/wp-json\/wp\/v2\/types\/product"}],"replies":[{"embeddable":true,"href":"https:\/\/www.technodompro.com\/index.php\/wp-json\/wp\/v2\/comments?post=41767"}],"wp:featuredmedia":[{"embeddable":true,"href":"https:\/\/www.technodompro.com\/index.php\/wp-json\/wp\/v2\/media\/41867"}],"wp:attachment":[{"href":"https:\/\/www.technodompro.com\/index.php\/wp-json\/wp\/v2\/media?parent=41767"}],"wp:term":[{"taxonomy":"product_brand","embeddable":true,"href":"https:\/\/www.technodompro.com\/index.php\/wp-json\/wp\/v2\/product_brand?post=41767"},{"taxonomy":"product_cat","embeddable":true,"href":"https:\/\/www.technodompro.com\/index.php\/wp-json\/wp\/v2\/product_cat?post=41767"},{"taxonomy":"product_tag","embeddable":true,"href":"https:\/\/www.technodompro.com\/index.php\/wp-json\/wp\/v2\/product_tag?post=41767"}],"curies":[{"name":"wp","href":"https:\/\/api.w.org\/{rel}","templated":true}]}}