{"id":41927,"date":"2026-04-27T04:42:22","date_gmt":"2026-04-27T04:42:22","guid":{"rendered":""},"modified":"2026-04-27T04:42:22","modified_gmt":"2026-04-27T04:42:22","slug":"znackovy-proxxon-23376-hlavice-1-2-zastrc-xzn-9-pr-41927","status":"publish","type":"product","link":"https:\/\/www.technodompro.com\/index.php\/produkt\/znackovy-proxxon-23376-hlavice-1-2-zastrc-xzn-9-pr-41927\/","title":{"rendered":"Zna\u010dkov\u00fd PROXXON 23376 Hlavice 1\/2&#8243; zastr\u010d. XZN 9 pr."},"content":{"rendered":"<table>\n<div class=\"tab-pane active product-description\" id=\"popis\" role=\"tabpanel\">\n<div class=\"short-description\" itemprop=\"description\"><\/div>\n<div class=\"description\"><span class='bullet-line'>1\/2&#8243; &#8211; hlavice n\u00e1str\u010dn\u00e1 VZ 9   &#8211; l=100 <\/span><span class='bullet-line'>Vyrobeno z chrom-vanadiov\u00e9 oceli 31 CrV 3. Tis\u00edcekr\u00e1t d\u00edlensky prov\u011b\u0159eno.<\/span><span class='bullet-line'>Dvan\u00e1ctihrann\u00e1 prodlou\u017een\u00e1 z\u00e1str\u010dn\u00e1 hlavice XZN je kovan\u00e1 z oceli 31CrV. Vysok\u00fd obsah uhl\u00edku, zaru\u010duje velkou tvrdost. Ve vnit\u0159n\u00edm \u010dty\u0159hranu jsou vyfr\u00e9zovan\u00e9 dr\u00e1\u017eky, zabezpe\u010duj\u00edc\u00ed pevn\u00e9 uchycen\u00ed na r\u00e1\u010dn\u011b \u010di adapt\u00e9ru. Bity jsou vyrobeny z kvalitn\u00ed legovan\u00e9 oceli s obsahem chromu, k\u0159em\u00edku, manganu a molybdenu. Materi\u00e1lov\u00e9 proveden\u00ed bit\u016f odpov\u00edd\u00e1 pr\u016fmyslov\u00e9 kvalit\u011b  jsou rozm\u011brov\u011b p\u0159esn\u00e9 a odoln\u00e9 proti opot\u0159eben\u00ed.<\/span><span class='bullet-line'>Samotn\u00e9 t\u011blo hlavice je dvakr\u00e1t niklovan\u00e9 a jednou matn\u011b chromovan\u00e9  velikost bitu je na hlavici ozna\u010den laserem, nikoliv ra\u017een\u00edm nebo nekvalitn\u00edmi popisky.<\/span><span class='bullet-line'>Nejvy\u0161\u0161\u00ed kvalita Proxxon, p\u0159evy\u0161uje po\u017eadavky DIN\/ISO na tvrdost a maxim\u00e1ln\u00ed krout\u00edc\u00ed moment. Firemn\u00ed v\u00fdrobn\u00ed tolerance jsou mnohem p\u0159\u00edsn\u011bj\u0161\u00ed ne\u017e p\u0159edepsan\u00e9 normy.<\/span><\/div>\n<div class=\"parameters\">\n<tr>\n<td>Dvan\u00e1ctihran<\/td>\n<td>XZN 9<\/td>\n<\/tr>\n<tr>\n<td>D\u00e9lka<\/td>\n<td>100mm<\/td>\n<\/tr><\/div>\n<\/table>\n","protected":false},"excerpt":{"rendered":"<p>1\/2&#8243; &#8211; hlavice n\u00e1str\u010dn\u00e1 VZ 9 &#8211; l=100 Vyrobeno z chrom-vanadiov\u00e9 oceli 31 CrV 3. Tis\u00edcekr\u00e1t d\u00edlensky prov\u011b\u0159eno.Dvan\u00e1ctihrann\u00e1 prodlou\u017een\u00e1 z\u00e1str\u010dn\u00e1 hlavice XZN je kovan\u00e1 z oceli 31CrV. Vysok\u00fd obsah uhl\u00edku, zaru\u010duje velkou tvrdost. Ve vnit\u0159n\u00edm \u010dty\u0159hranu jsou vyfr\u00e9zovan\u00e9 dr\u00e1\u017eky, zabezpe\u010duj\u00edc\u00ed pevn\u00e9 uchycen\u00ed na r\u00e1\u010dn\u011b \u010di adapt\u00e9ru. Bity jsou vyrobeny z kvalitn\u00ed legovan\u00e9 oceli s obsahem [&hellip;]<\/p>\n","protected":false},"featured_media":42027,"comment_status":"open","ping_status":"open","template":"","meta":[],"product_brand":[],"product_cat":[45],"product_tag":[],"class_list":{"0":"post-41927","1":"product","2":"type-product","3":"status-publish","4":"has-post-thumbnail","6":"product_cat-naradi","8":"first","9":"instock","10":"sale","11":"shipping-taxable","12":"purchasable","13":"product-type-simple"},"yoast_head":"<!-- This site is optimized with the Yoast SEO plugin v26.8 - https:\/\/yoast.com\/product\/yoast-seo-wordpress\/ -->\n<title>Zna\u010dkov\u00fd PROXXON 23376 Hlavice 1\/2&quot; zastr\u010d. XZN 9 pr. -<\/title>\n<meta name=\"robots\" content=\"index, follow, max-snippet:-1, max-image-preview:large, max-video-preview:-1\" \/>\n<link rel=\"canonical\" href=\"https:\/\/www.technodompro.com\/index.php\/produkt\/znackovy-proxxon-23376-hlavice-1-2-zastrc-xzn-9-pr-41927\/\" \/>\n<meta property=\"og:locale\" content=\"cs_CZ\" \/>\n<meta property=\"og:type\" content=\"article\" \/>\n<meta property=\"og:title\" content=\"Zna\u010dkov\u00fd PROXXON 23376 Hlavice 1\/2&quot; zastr\u010d. XZN 9 pr. -\" \/>\n<meta property=\"og:description\" content=\"1\/2&#8243; &#8211; hlavice n\u00e1str\u010dn\u00e1 VZ 9 &#8211; l=100 Vyrobeno z chrom-vanadiov\u00e9 oceli 31 CrV 3. Tis\u00edcekr\u00e1t d\u00edlensky prov\u011b\u0159eno.Dvan\u00e1ctihrann\u00e1 prodlou\u017een\u00e1 z\u00e1str\u010dn\u00e1 hlavice XZN je kovan\u00e1 z oceli 31CrV. Vysok\u00fd obsah uhl\u00edku, zaru\u010duje velkou tvrdost. Ve vnit\u0159n\u00edm \u010dty\u0159hranu jsou vyfr\u00e9zovan\u00e9 dr\u00e1\u017eky, zabezpe\u010duj\u00edc\u00ed pevn\u00e9 uchycen\u00ed na r\u00e1\u010dn\u011b \u010di adapt\u00e9ru. Bity jsou vyrobeny z kvalitn\u00ed legovan\u00e9 oceli s obsahem [&hellip;]\" \/>\n<meta property=\"og:url\" content=\"https:\/\/www.technodompro.com\/index.php\/produkt\/znackovy-proxxon-23376-hlavice-1-2-zastrc-xzn-9-pr-41927\/\" \/>\n<meta property=\"og:image\" content=\"https:\/\/www.technodompro.com\/wp-content\/uploads\/2026\/SK0016658-CZ20260425-092328-0-1777080210-205795-1_100454.webp\" \/>\n\t<meta property=\"og:image:width\" content=\"831\" \/>\n\t<meta property=\"og:image:height\" content=\"800\" \/>\n\t<meta property=\"og:image:type\" content=\"image\/webp\" \/>\n<meta name=\"twitter:card\" content=\"summary_large_image\" \/>\n<meta name=\"twitter:label1\" content=\"Odhadovan\u00e1 doba \u010dten\u00ed\" \/>\n\t<meta name=\"twitter:data1\" content=\"1 minuta\" \/>\n<script type=\"application\/ld+json\" class=\"yoast-schema-graph\">{\"@context\":\"https:\/\/schema.org\",\"@graph\":[{\"@type\":\"WebPage\",\"@id\":\"https:\/\/www.technodompro.com\/index.php\/produkt\/znackovy-proxxon-23376-hlavice-1-2-zastrc-xzn-9-pr-41927\/\",\"url\":\"https:\/\/www.technodompro.com\/index.php\/produkt\/znackovy-proxxon-23376-hlavice-1-2-zastrc-xzn-9-pr-41927\/\",\"name\":\"Zna\u010dkov\u00fd PROXXON 23376 Hlavice 1\/2\\\" zastr\u010d. XZN 9 pr. -\",\"isPartOf\":{\"@id\":\"https:\/\/www.technodompro.com\/#website\"},\"primaryImageOfPage\":{\"@id\":\"https:\/\/www.technodompro.com\/index.php\/produkt\/znackovy-proxxon-23376-hlavice-1-2-zastrc-xzn-9-pr-41927\/#primaryimage\"},\"image\":{\"@id\":\"https:\/\/www.technodompro.com\/index.php\/produkt\/znackovy-proxxon-23376-hlavice-1-2-zastrc-xzn-9-pr-41927\/#primaryimage\"},\"thumbnailUrl\":\"https:\/\/www.technodompro.com\/wp-content\/uploads\/2026\/SK0016658-CZ20260425-092328-0-1777080210-205795-1_100454.webp\",\"datePublished\":\"2026-04-27T04:42:22+00:00\",\"breadcrumb\":{\"@id\":\"https:\/\/www.technodompro.com\/index.php\/produkt\/znackovy-proxxon-23376-hlavice-1-2-zastrc-xzn-9-pr-41927\/#breadcrumb\"},\"inLanguage\":\"cs\",\"potentialAction\":[{\"@type\":\"ReadAction\",\"target\":[\"https:\/\/www.technodompro.com\/index.php\/produkt\/znackovy-proxxon-23376-hlavice-1-2-zastrc-xzn-9-pr-41927\/\"]}]},{\"@type\":\"ImageObject\",\"inLanguage\":\"cs\",\"@id\":\"https:\/\/www.technodompro.com\/index.php\/produkt\/znackovy-proxxon-23376-hlavice-1-2-zastrc-xzn-9-pr-41927\/#primaryimage\",\"url\":\"https:\/\/www.technodompro.com\/wp-content\/uploads\/2026\/SK0016658-CZ20260425-092328-0-1777080210-205795-1_100454.webp\",\"contentUrl\":\"https:\/\/www.technodompro.com\/wp-content\/uploads\/2026\/SK0016658-CZ20260425-092328-0-1777080210-205795-1_100454.webp\",\"width\":831,\"height\":800},{\"@type\":\"BreadcrumbList\",\"@id\":\"https:\/\/www.technodompro.com\/index.php\/produkt\/znackovy-proxxon-23376-hlavice-1-2-zastrc-xzn-9-pr-41927\/#breadcrumb\",\"itemListElement\":[{\"@type\":\"ListItem\",\"position\":1,\"name\":\"Home\",\"item\":\"https:\/\/www.technodompro.com\/\"},{\"@type\":\"ListItem\",\"position\":2,\"name\":\"Products\",\"item\":\"https:\/\/www.technodompro.com\/index.php\/products\/\"},{\"@type\":\"ListItem\",\"position\":3,\"name\":\"Zna\u010dkov\u00fd PROXXON 23376 Hlavice 1\/2&#8243; zastr\u010d. XZN 9 pr.\"}]},{\"@type\":\"WebSite\",\"@id\":\"https:\/\/www.technodompro.com\/#website\",\"url\":\"https:\/\/www.technodompro.com\/\",\"name\":\"\",\"description\":\"\",\"potentialAction\":[{\"@type\":\"SearchAction\",\"target\":{\"@type\":\"EntryPoint\",\"urlTemplate\":\"https:\/\/www.technodompro.com\/?s={search_term_string}\"},\"query-input\":{\"@type\":\"PropertyValueSpecification\",\"valueRequired\":true,\"valueName\":\"search_term_string\"}}],\"inLanguage\":\"cs\"}]}<\/script>\n<!-- \/ Yoast SEO plugin. -->","yoast_head_json":{"title":"Zna\u010dkov\u00fd PROXXON 23376 Hlavice 1\/2\" zastr\u010d. XZN 9 pr. -","robots":{"index":"index","follow":"follow","max-snippet":"max-snippet:-1","max-image-preview":"max-image-preview:large","max-video-preview":"max-video-preview:-1"},"canonical":"https:\/\/www.technodompro.com\/index.php\/produkt\/znackovy-proxxon-23376-hlavice-1-2-zastrc-xzn-9-pr-41927\/","og_locale":"cs_CZ","og_type":"article","og_title":"Zna\u010dkov\u00fd PROXXON 23376 Hlavice 1\/2\" zastr\u010d. XZN 9 pr. -","og_description":"1\/2&#8243; &#8211; hlavice n\u00e1str\u010dn\u00e1 VZ 9 &#8211; l=100 Vyrobeno z chrom-vanadiov\u00e9 oceli 31 CrV 3. Tis\u00edcekr\u00e1t d\u00edlensky prov\u011b\u0159eno.Dvan\u00e1ctihrann\u00e1 prodlou\u017een\u00e1 z\u00e1str\u010dn\u00e1 hlavice XZN je kovan\u00e1 z oceli 31CrV. Vysok\u00fd obsah uhl\u00edku, zaru\u010duje velkou tvrdost. Ve vnit\u0159n\u00edm \u010dty\u0159hranu jsou vyfr\u00e9zovan\u00e9 dr\u00e1\u017eky, zabezpe\u010duj\u00edc\u00ed pevn\u00e9 uchycen\u00ed na r\u00e1\u010dn\u011b \u010di adapt\u00e9ru. Bity jsou vyrobeny z kvalitn\u00ed legovan\u00e9 oceli s obsahem [&hellip;]","og_url":"https:\/\/www.technodompro.com\/index.php\/produkt\/znackovy-proxxon-23376-hlavice-1-2-zastrc-xzn-9-pr-41927\/","og_image":[{"width":831,"height":800,"url":"https:\/\/www.technodompro.com\/wp-content\/uploads\/2026\/SK0016658-CZ20260425-092328-0-1777080210-205795-1_100454.webp","type":"image\/webp"}],"twitter_card":"summary_large_image","twitter_misc":{"Odhadovan\u00e1 doba \u010dten\u00ed":"1 minuta"},"schema":{"@context":"https:\/\/schema.org","@graph":[{"@type":"WebPage","@id":"https:\/\/www.technodompro.com\/index.php\/produkt\/znackovy-proxxon-23376-hlavice-1-2-zastrc-xzn-9-pr-41927\/","url":"https:\/\/www.technodompro.com\/index.php\/produkt\/znackovy-proxxon-23376-hlavice-1-2-zastrc-xzn-9-pr-41927\/","name":"Zna\u010dkov\u00fd PROXXON 23376 Hlavice 1\/2\" zastr\u010d. XZN 9 pr. -","isPartOf":{"@id":"https:\/\/www.technodompro.com\/#website"},"primaryImageOfPage":{"@id":"https:\/\/www.technodompro.com\/index.php\/produkt\/znackovy-proxxon-23376-hlavice-1-2-zastrc-xzn-9-pr-41927\/#primaryimage"},"image":{"@id":"https:\/\/www.technodompro.com\/index.php\/produkt\/znackovy-proxxon-23376-hlavice-1-2-zastrc-xzn-9-pr-41927\/#primaryimage"},"thumbnailUrl":"https:\/\/www.technodompro.com\/wp-content\/uploads\/2026\/SK0016658-CZ20260425-092328-0-1777080210-205795-1_100454.webp","datePublished":"2026-04-27T04:42:22+00:00","breadcrumb":{"@id":"https:\/\/www.technodompro.com\/index.php\/produkt\/znackovy-proxxon-23376-hlavice-1-2-zastrc-xzn-9-pr-41927\/#breadcrumb"},"inLanguage":"cs","potentialAction":[{"@type":"ReadAction","target":["https:\/\/www.technodompro.com\/index.php\/produkt\/znackovy-proxxon-23376-hlavice-1-2-zastrc-xzn-9-pr-41927\/"]}]},{"@type":"ImageObject","inLanguage":"cs","@id":"https:\/\/www.technodompro.com\/index.php\/produkt\/znackovy-proxxon-23376-hlavice-1-2-zastrc-xzn-9-pr-41927\/#primaryimage","url":"https:\/\/www.technodompro.com\/wp-content\/uploads\/2026\/SK0016658-CZ20260425-092328-0-1777080210-205795-1_100454.webp","contentUrl":"https:\/\/www.technodompro.com\/wp-content\/uploads\/2026\/SK0016658-CZ20260425-092328-0-1777080210-205795-1_100454.webp","width":831,"height":800},{"@type":"BreadcrumbList","@id":"https:\/\/www.technodompro.com\/index.php\/produkt\/znackovy-proxxon-23376-hlavice-1-2-zastrc-xzn-9-pr-41927\/#breadcrumb","itemListElement":[{"@type":"ListItem","position":1,"name":"Home","item":"https:\/\/www.technodompro.com\/"},{"@type":"ListItem","position":2,"name":"Products","item":"https:\/\/www.technodompro.com\/index.php\/products\/"},{"@type":"ListItem","position":3,"name":"Zna\u010dkov\u00fd PROXXON 23376 Hlavice 1\/2&#8243; zastr\u010d. XZN 9 pr."}]},{"@type":"WebSite","@id":"https:\/\/www.technodompro.com\/#website","url":"https:\/\/www.technodompro.com\/","name":"","description":"","potentialAction":[{"@type":"SearchAction","target":{"@type":"EntryPoint","urlTemplate":"https:\/\/www.technodompro.com\/?s={search_term_string}"},"query-input":{"@type":"PropertyValueSpecification","valueRequired":true,"valueName":"search_term_string"}}],"inLanguage":"cs"}]}},"_links":{"self":[{"href":"https:\/\/www.technodompro.com\/index.php\/wp-json\/wp\/v2\/product\/41927","targetHints":{"allow":["GET"]}}],"collection":[{"href":"https:\/\/www.technodompro.com\/index.php\/wp-json\/wp\/v2\/product"}],"about":[{"href":"https:\/\/www.technodompro.com\/index.php\/wp-json\/wp\/v2\/types\/product"}],"replies":[{"embeddable":true,"href":"https:\/\/www.technodompro.com\/index.php\/wp-json\/wp\/v2\/comments?post=41927"}],"wp:featuredmedia":[{"embeddable":true,"href":"https:\/\/www.technodompro.com\/index.php\/wp-json\/wp\/v2\/media\/42027"}],"wp:attachment":[{"href":"https:\/\/www.technodompro.com\/index.php\/wp-json\/wp\/v2\/media?parent=41927"}],"wp:term":[{"taxonomy":"product_brand","embeddable":true,"href":"https:\/\/www.technodompro.com\/index.php\/wp-json\/wp\/v2\/product_brand?post=41927"},{"taxonomy":"product_cat","embeddable":true,"href":"https:\/\/www.technodompro.com\/index.php\/wp-json\/wp\/v2\/product_cat?post=41927"},{"taxonomy":"product_tag","embeddable":true,"href":"https:\/\/www.technodompro.com\/index.php\/wp-json\/wp\/v2\/product_tag?post=41927"}],"curies":[{"name":"wp","href":"https:\/\/api.w.org\/{rel}","templated":true}]}}