{"id":42359,"date":"2026-04-27T04:42:23","date_gmt":"2026-04-27T04:42:23","guid":{"rendered":""},"modified":"2026-04-27T04:42:23","modified_gmt":"2026-04-27T04:42:23","slug":"znackovy-proxxon-23821-sada-klicu-ockopl-6-21mm-15ks-42359","status":"publish","type":"product","link":"https:\/\/www.technodompro.com\/index.php\/produkt\/znackovy-proxxon-23821-sada-klicu-ockopl-6-21mm-15ks-42359\/","title":{"rendered":"Zna\u010dkov\u00fd PROXXON 23821 Sada kl\u00ed\u010d\u016f o\u010dkopl. 6-21mm 15ks"},"content":{"rendered":"<table>\n<div class=\"tab-pane active product-description\" id=\"popis\" role=\"tabpanel\">\n<div class=\"short-description\" itemprop=\"description\"><\/div>\n<div class=\"description\"><span class='bullet-line'>Sada o\u010dkoploch\u00fdch kl\u00ed\u010d\u016f  6 &#8211; 21mm &#8211; 15 d\u00edl\u016f <br \/><\/span><span class='bullet-line'>SlimLine kl\u00ed\u010de &#8211; n\u00e1\u0159ad\u00ed, kter\u00e9 v\u00e1s p\u0159esv\u011bd\u010d\u00ed o sv\u00e9 kvalit\u011b s nov\u00fdmi velikostmi<br \/><\/span><span class='bullet-line'>Sada o\u010dkoploch\u00fdch kl\u00ed\u010d\u016f SlimLine obsahuje 15 kus\u016f kl\u00ed\u010d\u016f v\u010d. nov\u00fdch ISO velikost\u00ed 16, 18 a 21mm  praktick\u00fd plastov\u00fd dr\u017e\u00e1k s m\u00edstem pro ka\u017ed\u00fd kl\u00ed\u010d a s otvorem pro zav\u011b\u0161en\u00ed na ze\u010f. Velikosti jednotliv\u00fdch kl\u00ed\u010d\u016f: 6 &#8211; 7 &#8211; 8 &#8211; 9 &#8211; 10 &#8211; 11 &#8211; 12 &#8211; 13 &#8211; 14 &#8211; 15 &#8211; 16 -17 &#8211; 18 &#8211; 19 &#8211; 21mm. Kl\u00ed\u010de jsou kovan\u00e9 z CrV oceli, tvrzen\u00e9 a zu\u0161lecht\u011bn\u00e9 dv\u011bma fin\u00e1ln\u00edmi vrstvami niklu a vrstvou matn\u00e9ho chromu.<br \/><\/span><span class='bullet-line'>Ploch\u00e1 stranov\u00e1 hlava kl\u00ed\u010de je le\u0161t\u011bn\u00e1. Kl\u00ed\u010de SlimLine jsou specifick\u00e9 sv\u00fdm tenk\u00fdm a \u0161t\u00edhl\u00fdm t\u011blem, p\u0159i\u010dem\u017e utahovac\u00ed momenty p\u0159evy\u0161uj\u00ed po\u017eadavky p\u0159edpis\u016f DIN\/ISO. Rozm\u011bry jednotliv\u00fdch kl\u00ed\u010d\u016f jsou laserov\u011b zna\u010deny. P\u0159esnost ka\u017ed\u00e9ho kl\u00ed\u010de je kalibrov\u00e1na a p\u0159\u00edsn\u011b kontrolov\u00e1na d\u00edky \u010demu\u017e kl\u00ed\u010de SlimLine zdaleka p\u0159evy\u0161uj\u00ed normy p\u0159esnosti DIN 3113\/ISO 3318.<\/span><\/div>\n<div class=\"parameters\">\n<tr>\n<td>Z\u00e1ruka<\/td>\n<td>10 let!<\/td>\n<\/tr>\n<tr>\n<td>Pro pln\u011b profesion\u00e1ln\u00ed pou\u017eit\u00ed<\/td>\n<td><\/td>\n<\/tr><\/div>\n<\/table>\n","protected":false},"excerpt":{"rendered":"<p>Sada o\u010dkoploch\u00fdch kl\u00ed\u010d\u016f 6 &#8211; 21mm &#8211; 15 d\u00edl\u016f SlimLine kl\u00ed\u010de &#8211; n\u00e1\u0159ad\u00ed, kter\u00e9 v\u00e1s p\u0159esv\u011bd\u010d\u00ed o sv\u00e9 kvalit\u011b s nov\u00fdmi velikostmiSada o\u010dkoploch\u00fdch kl\u00ed\u010d\u016f SlimLine obsahuje 15 kus\u016f kl\u00ed\u010d\u016f v\u010d. nov\u00fdch ISO velikost\u00ed 16, 18 a 21mm praktick\u00fd plastov\u00fd dr\u017e\u00e1k s m\u00edstem pro ka\u017ed\u00fd kl\u00ed\u010d a s otvorem pro zav\u011b\u0161en\u00ed na ze\u010f. Velikosti jednotliv\u00fdch kl\u00ed\u010d\u016f: [&hellip;]<\/p>\n","protected":false},"featured_media":42459,"comment_status":"open","ping_status":"open","template":"","meta":[],"product_brand":[],"product_cat":[45],"product_tag":[],"class_list":{"0":"post-42359","1":"product","2":"type-product","3":"status-publish","4":"has-post-thumbnail","6":"product_cat-naradi","8":"first","9":"instock","10":"sale","11":"shipping-taxable","12":"purchasable","13":"product-type-simple"},"yoast_head":"<!-- This site is optimized with the Yoast SEO plugin v26.8 - https:\/\/yoast.com\/product\/yoast-seo-wordpress\/ -->\n<title>Zna\u010dkov\u00fd PROXXON 23821 Sada kl\u00ed\u010d\u016f o\u010dkopl. 6-21mm 15ks -<\/title>\n<meta name=\"robots\" content=\"index, follow, max-snippet:-1, max-image-preview:large, max-video-preview:-1\" \/>\n<link rel=\"canonical\" href=\"https:\/\/www.technodompro.com\/index.php\/produkt\/znackovy-proxxon-23821-sada-klicu-ockopl-6-21mm-15ks-42359\/\" \/>\n<meta property=\"og:locale\" content=\"cs_CZ\" \/>\n<meta property=\"og:type\" content=\"article\" \/>\n<meta property=\"og:title\" content=\"Zna\u010dkov\u00fd PROXXON 23821 Sada kl\u00ed\u010d\u016f o\u010dkopl. 6-21mm 15ks -\" \/>\n<meta property=\"og:description\" content=\"Sada o\u010dkoploch\u00fdch kl\u00ed\u010d\u016f 6 &#8211; 21mm &#8211; 15 d\u00edl\u016f SlimLine kl\u00ed\u010de &#8211; n\u00e1\u0159ad\u00ed, kter\u00e9 v\u00e1s p\u0159esv\u011bd\u010d\u00ed o sv\u00e9 kvalit\u011b s nov\u00fdmi velikostmiSada o\u010dkoploch\u00fdch kl\u00ed\u010d\u016f SlimLine obsahuje 15 kus\u016f kl\u00ed\u010d\u016f v\u010d. nov\u00fdch ISO velikost\u00ed 16, 18 a 21mm praktick\u00fd plastov\u00fd dr\u017e\u00e1k s m\u00edstem pro ka\u017ed\u00fd kl\u00ed\u010d a s otvorem pro zav\u011b\u0161en\u00ed na ze\u010f. Velikosti jednotliv\u00fdch kl\u00ed\u010d\u016f: [&hellip;]\" \/>\n<meta property=\"og:url\" content=\"https:\/\/www.technodompro.com\/index.php\/produkt\/znackovy-proxxon-23821-sada-klicu-ockopl-6-21mm-15ks-42359\/\" \/>\n<meta property=\"og:image\" content=\"https:\/\/www.technodompro.com\/wp-content\/uploads\/2026\/SK0016890-CZ20260425-092328-0-1777080210-206028-1_105054.webp\" \/>\n\t<meta property=\"og:image:width\" content=\"467\" \/>\n\t<meta property=\"og:image:height\" content=\"800\" \/>\n\t<meta property=\"og:image:type\" content=\"image\/webp\" \/>\n<meta name=\"twitter:card\" content=\"summary_large_image\" \/>\n<meta name=\"twitter:label1\" content=\"Odhadovan\u00e1 doba \u010dten\u00ed\" \/>\n\t<meta name=\"twitter:data1\" content=\"1 minuta\" \/>\n<script type=\"application\/ld+json\" class=\"yoast-schema-graph\">{\"@context\":\"https:\/\/schema.org\",\"@graph\":[{\"@type\":\"WebPage\",\"@id\":\"https:\/\/www.technodompro.com\/index.php\/produkt\/znackovy-proxxon-23821-sada-klicu-ockopl-6-21mm-15ks-42359\/\",\"url\":\"https:\/\/www.technodompro.com\/index.php\/produkt\/znackovy-proxxon-23821-sada-klicu-ockopl-6-21mm-15ks-42359\/\",\"name\":\"Zna\u010dkov\u00fd PROXXON 23821 Sada kl\u00ed\u010d\u016f o\u010dkopl. 6-21mm 15ks -\",\"isPartOf\":{\"@id\":\"https:\/\/www.technodompro.com\/#website\"},\"primaryImageOfPage\":{\"@id\":\"https:\/\/www.technodompro.com\/index.php\/produkt\/znackovy-proxxon-23821-sada-klicu-ockopl-6-21mm-15ks-42359\/#primaryimage\"},\"image\":{\"@id\":\"https:\/\/www.technodompro.com\/index.php\/produkt\/znackovy-proxxon-23821-sada-klicu-ockopl-6-21mm-15ks-42359\/#primaryimage\"},\"thumbnailUrl\":\"https:\/\/www.technodompro.com\/wp-content\/uploads\/2026\/SK0016890-CZ20260425-092328-0-1777080210-206028-1_105054.webp\",\"datePublished\":\"2026-04-27T04:42:23+00:00\",\"breadcrumb\":{\"@id\":\"https:\/\/www.technodompro.com\/index.php\/produkt\/znackovy-proxxon-23821-sada-klicu-ockopl-6-21mm-15ks-42359\/#breadcrumb\"},\"inLanguage\":\"cs\",\"potentialAction\":[{\"@type\":\"ReadAction\",\"target\":[\"https:\/\/www.technodompro.com\/index.php\/produkt\/znackovy-proxxon-23821-sada-klicu-ockopl-6-21mm-15ks-42359\/\"]}]},{\"@type\":\"ImageObject\",\"inLanguage\":\"cs\",\"@id\":\"https:\/\/www.technodompro.com\/index.php\/produkt\/znackovy-proxxon-23821-sada-klicu-ockopl-6-21mm-15ks-42359\/#primaryimage\",\"url\":\"https:\/\/www.technodompro.com\/wp-content\/uploads\/2026\/SK0016890-CZ20260425-092328-0-1777080210-206028-1_105054.webp\",\"contentUrl\":\"https:\/\/www.technodompro.com\/wp-content\/uploads\/2026\/SK0016890-CZ20260425-092328-0-1777080210-206028-1_105054.webp\",\"width\":467,\"height\":800},{\"@type\":\"BreadcrumbList\",\"@id\":\"https:\/\/www.technodompro.com\/index.php\/produkt\/znackovy-proxxon-23821-sada-klicu-ockopl-6-21mm-15ks-42359\/#breadcrumb\",\"itemListElement\":[{\"@type\":\"ListItem\",\"position\":1,\"name\":\"Home\",\"item\":\"https:\/\/www.technodompro.com\/\"},{\"@type\":\"ListItem\",\"position\":2,\"name\":\"Products\",\"item\":\"https:\/\/www.technodompro.com\/index.php\/products\/\"},{\"@type\":\"ListItem\",\"position\":3,\"name\":\"Zna\u010dkov\u00fd PROXXON 23821 Sada kl\u00ed\u010d\u016f o\u010dkopl. 6-21mm 15ks\"}]},{\"@type\":\"WebSite\",\"@id\":\"https:\/\/www.technodompro.com\/#website\",\"url\":\"https:\/\/www.technodompro.com\/\",\"name\":\"\",\"description\":\"\",\"potentialAction\":[{\"@type\":\"SearchAction\",\"target\":{\"@type\":\"EntryPoint\",\"urlTemplate\":\"https:\/\/www.technodompro.com\/?s={search_term_string}\"},\"query-input\":{\"@type\":\"PropertyValueSpecification\",\"valueRequired\":true,\"valueName\":\"search_term_string\"}}],\"inLanguage\":\"cs\"}]}<\/script>\n<!-- \/ Yoast SEO plugin. -->","yoast_head_json":{"title":"Zna\u010dkov\u00fd PROXXON 23821 Sada kl\u00ed\u010d\u016f o\u010dkopl. 6-21mm 15ks -","robots":{"index":"index","follow":"follow","max-snippet":"max-snippet:-1","max-image-preview":"max-image-preview:large","max-video-preview":"max-video-preview:-1"},"canonical":"https:\/\/www.technodompro.com\/index.php\/produkt\/znackovy-proxxon-23821-sada-klicu-ockopl-6-21mm-15ks-42359\/","og_locale":"cs_CZ","og_type":"article","og_title":"Zna\u010dkov\u00fd PROXXON 23821 Sada kl\u00ed\u010d\u016f o\u010dkopl. 6-21mm 15ks -","og_description":"Sada o\u010dkoploch\u00fdch kl\u00ed\u010d\u016f 6 &#8211; 21mm &#8211; 15 d\u00edl\u016f SlimLine kl\u00ed\u010de &#8211; n\u00e1\u0159ad\u00ed, kter\u00e9 v\u00e1s p\u0159esv\u011bd\u010d\u00ed o sv\u00e9 kvalit\u011b s nov\u00fdmi velikostmiSada o\u010dkoploch\u00fdch kl\u00ed\u010d\u016f SlimLine obsahuje 15 kus\u016f kl\u00ed\u010d\u016f v\u010d. nov\u00fdch ISO velikost\u00ed 16, 18 a 21mm praktick\u00fd plastov\u00fd dr\u017e\u00e1k s m\u00edstem pro ka\u017ed\u00fd kl\u00ed\u010d a s otvorem pro zav\u011b\u0161en\u00ed na ze\u010f. Velikosti jednotliv\u00fdch kl\u00ed\u010d\u016f: [&hellip;]","og_url":"https:\/\/www.technodompro.com\/index.php\/produkt\/znackovy-proxxon-23821-sada-klicu-ockopl-6-21mm-15ks-42359\/","og_image":[{"width":467,"height":800,"url":"https:\/\/www.technodompro.com\/wp-content\/uploads\/2026\/SK0016890-CZ20260425-092328-0-1777080210-206028-1_105054.webp","type":"image\/webp"}],"twitter_card":"summary_large_image","twitter_misc":{"Odhadovan\u00e1 doba \u010dten\u00ed":"1 minuta"},"schema":{"@context":"https:\/\/schema.org","@graph":[{"@type":"WebPage","@id":"https:\/\/www.technodompro.com\/index.php\/produkt\/znackovy-proxxon-23821-sada-klicu-ockopl-6-21mm-15ks-42359\/","url":"https:\/\/www.technodompro.com\/index.php\/produkt\/znackovy-proxxon-23821-sada-klicu-ockopl-6-21mm-15ks-42359\/","name":"Zna\u010dkov\u00fd PROXXON 23821 Sada kl\u00ed\u010d\u016f o\u010dkopl. 6-21mm 15ks -","isPartOf":{"@id":"https:\/\/www.technodompro.com\/#website"},"primaryImageOfPage":{"@id":"https:\/\/www.technodompro.com\/index.php\/produkt\/znackovy-proxxon-23821-sada-klicu-ockopl-6-21mm-15ks-42359\/#primaryimage"},"image":{"@id":"https:\/\/www.technodompro.com\/index.php\/produkt\/znackovy-proxxon-23821-sada-klicu-ockopl-6-21mm-15ks-42359\/#primaryimage"},"thumbnailUrl":"https:\/\/www.technodompro.com\/wp-content\/uploads\/2026\/SK0016890-CZ20260425-092328-0-1777080210-206028-1_105054.webp","datePublished":"2026-04-27T04:42:23+00:00","breadcrumb":{"@id":"https:\/\/www.technodompro.com\/index.php\/produkt\/znackovy-proxxon-23821-sada-klicu-ockopl-6-21mm-15ks-42359\/#breadcrumb"},"inLanguage":"cs","potentialAction":[{"@type":"ReadAction","target":["https:\/\/www.technodompro.com\/index.php\/produkt\/znackovy-proxxon-23821-sada-klicu-ockopl-6-21mm-15ks-42359\/"]}]},{"@type":"ImageObject","inLanguage":"cs","@id":"https:\/\/www.technodompro.com\/index.php\/produkt\/znackovy-proxxon-23821-sada-klicu-ockopl-6-21mm-15ks-42359\/#primaryimage","url":"https:\/\/www.technodompro.com\/wp-content\/uploads\/2026\/SK0016890-CZ20260425-092328-0-1777080210-206028-1_105054.webp","contentUrl":"https:\/\/www.technodompro.com\/wp-content\/uploads\/2026\/SK0016890-CZ20260425-092328-0-1777080210-206028-1_105054.webp","width":467,"height":800},{"@type":"BreadcrumbList","@id":"https:\/\/www.technodompro.com\/index.php\/produkt\/znackovy-proxxon-23821-sada-klicu-ockopl-6-21mm-15ks-42359\/#breadcrumb","itemListElement":[{"@type":"ListItem","position":1,"name":"Home","item":"https:\/\/www.technodompro.com\/"},{"@type":"ListItem","position":2,"name":"Products","item":"https:\/\/www.technodompro.com\/index.php\/products\/"},{"@type":"ListItem","position":3,"name":"Zna\u010dkov\u00fd PROXXON 23821 Sada kl\u00ed\u010d\u016f o\u010dkopl. 6-21mm 15ks"}]},{"@type":"WebSite","@id":"https:\/\/www.technodompro.com\/#website","url":"https:\/\/www.technodompro.com\/","name":"","description":"","potentialAction":[{"@type":"SearchAction","target":{"@type":"EntryPoint","urlTemplate":"https:\/\/www.technodompro.com\/?s={search_term_string}"},"query-input":{"@type":"PropertyValueSpecification","valueRequired":true,"valueName":"search_term_string"}}],"inLanguage":"cs"}]}},"_links":{"self":[{"href":"https:\/\/www.technodompro.com\/index.php\/wp-json\/wp\/v2\/product\/42359","targetHints":{"allow":["GET"]}}],"collection":[{"href":"https:\/\/www.technodompro.com\/index.php\/wp-json\/wp\/v2\/product"}],"about":[{"href":"https:\/\/www.technodompro.com\/index.php\/wp-json\/wp\/v2\/types\/product"}],"replies":[{"embeddable":true,"href":"https:\/\/www.technodompro.com\/index.php\/wp-json\/wp\/v2\/comments?post=42359"}],"wp:featuredmedia":[{"embeddable":true,"href":"https:\/\/www.technodompro.com\/index.php\/wp-json\/wp\/v2\/media\/42459"}],"wp:attachment":[{"href":"https:\/\/www.technodompro.com\/index.php\/wp-json\/wp\/v2\/media?parent=42359"}],"wp:term":[{"taxonomy":"product_brand","embeddable":true,"href":"https:\/\/www.technodompro.com\/index.php\/wp-json\/wp\/v2\/product_brand?post=42359"},{"taxonomy":"product_cat","embeddable":true,"href":"https:\/\/www.technodompro.com\/index.php\/wp-json\/wp\/v2\/product_cat?post=42359"},{"taxonomy":"product_tag","embeddable":true,"href":"https:\/\/www.technodompro.com\/index.php\/wp-json\/wp\/v2\/product_tag?post=42359"}],"curies":[{"name":"wp","href":"https:\/\/api.w.org\/{rel}","templated":true}]}}