{"id":42699,"date":"2026-04-27T04:42:24","date_gmt":"2026-04-27T04:42:24","guid":{"rendered":""},"modified":"2026-04-27T04:42:24","modified_gmt":"2026-04-27T04:42:24","slug":"cenove-vyhodny-vrchni-zrcadlova-skrinka-nice-s-led-osvetlenim-40-cm-15-cm-64-cm-42699","status":"publish","type":"product","link":"https:\/\/www.technodompro.com\/index.php\/produkt\/cenove-vyhodny-vrchni-zrcadlova-skrinka-nice-s-led-osvetlenim-40-cm-15-cm-64-cm-42699\/","title":{"rendered":"Cenov\u011b V\u00fdhodn\u00fd Vrchn\u00ed zrcadlov\u00e1 sk\u0159\u00ed\u0148ka NICE s LED osv\u011btlen\u00edm, 40 cm, 15 cm, 64 cm"},"content":{"rendered":"<div class=\"basic-description\">\n<h3>Detailn\u00ed popis produktu<\/h3>\n<p>                                    <html><body><\/p>\n<p><strong><strong>Z\u00e1v\u011bsn\u00e1 zrcadlov\u00e1 sk\u0159\u00ed\u0148ka Olsen\u00a0NICE s LED osv\u011btlen\u00edm\u00a0<\/strong><strong><strong><strong><strong>(dod\u00e1v\u00e1no ve smontovan\u00e9m stavu)\u00a0<\/strong><\/strong><\/strong><\/strong><\/strong>vynik\u00e1 vysoce kvalitn\u00edm zpracov\u00e1n\u00edm a spolehlivou funk\u010dnost\u00ed v\u0161ech sou\u010d\u00e1st\u00ed a materi\u00e1l\u016f. Sk\u0159\u00ed\u0148ka se dod\u00e1v\u00e1 v p\u011bti praktick\u00fdch rozm\u011brech.<\/p>\n<p><strong>P\u0159ednosti z<strong>\u00e1v\u011bsn\u00e9 sk\u0159\u00ed\u0148ky NICE s LED osv\u011btlen\u00edm:<\/strong><\/strong><\/p>\n<ul>\n<li>sk\u0159\u00ed\u0148ka s<strong> lev\u00fdm otev\u00edr\u00e1n\u00edm<\/strong> zrcadlov\u00fdch dv\u00ed\u0159ek (u \u0161\u00ed\u0159ky 40 cm)<\/li>\n<li>sk\u0159\u00ed\u0148ka s<strong>\u00a0centr\u00e1ln\u00edm otev\u00edr\u00e1n\u00edm<\/strong>\u00a0zrcadlov\u00fdch dv\u00ed\u0159ek (u \u0161\u00ed\u0159ky 50, 60, 70 a 80 cm)<\/li>\n<li><strong>komfortn\u00ed<\/strong>\u00a0\u00falo\u017en\u00fd prostor<\/li>\n<li><strong>sklen\u011bn\u00e9<\/strong> poli\u010dky<\/li>\n<li><strong>jednostrann\u00e9<\/strong> zrcadlo<\/li>\n<li>sk\u0159\u00ed\u0148ka\u00a0s <strong>LED<\/strong> osv\u011btlen\u00edm<\/li>\n<li><strong>s integrovan\u00fdm vyp\u00edna\u010dem<\/strong> uvnit\u0159 sk\u0159\u00ed\u0148ky<\/li>\n<li><strong>kovov\u00e9<\/strong> \u00fachytky<\/li>\n<li>povrchov\u00e1 \u00faprava:<strong>\u00a0b\u00edl\u00e9 lamino<\/strong><\/li>\n<li>\u0161pi\u010dkov\u00e1 povrchov\u00e1 \u00faprava =\u00a0<strong>velmi snadn\u00e1 \u00fadr\u017eba<\/strong><\/li>\n<\/ul>\n<p><strong>Rozm\u011bry:\u00a0<\/strong><\/p>\n<ul>\n<li>40\u00a0\u00d7 64\u00a0\u00d7 15 cm (\u0161\u00ed\u0159ka\u00a0\u00d7 v\u00fd\u0161ka\u00a0\u00d7 hloubka)<\/li>\n<li>50\u00a0\u00d7 64\u00a0\u00d7 15 cm\u00a0(\u0161\u00ed\u0159ka\u00a0\u00d7 v\u00fd\u0161ka\u00a0\u00d7 hloubka)<\/li>\n<li>60\u00a0\u00d7 64\u00a0\u00d7 15 cm\u00a0(\u0161\u00ed\u0159ka\u00a0\u00d7 v\u00fd\u0161ka\u00a0\u00d7 hloubka)<\/li>\n<li>70\u00a0\u00d7 64\u00a0\u00d7 15 cm\u00a0(\u0161\u00ed\u0159ka\u00a0\u00d7 v\u00fd\u0161ka\u00a0\u00d7 hloubka)<\/li>\n<li>80\u00a0\u00d7 64\u00a0\u00d7 15 cm\u00a0(\u0161\u00ed\u0159ka\u00a0\u00d7 v\u00fd\u0161ka\u00a0\u00d7 hloubka)<\/li>\n<\/ul>\n<p><strong>Z\u00c1RUKA 2 ROKY<\/strong><\/p>\n<h4><strong>N\u00e1vod na \u00fadr\u017ebu a pou\u017e\u00edv\u00e1n\u00ed:<\/strong><\/h4>\n<ul>\n<li>P\u0159i instalaci n\u00e1bytku postupujte dle p\u0159ilo\u017een\u00e9ho n\u00e1vodu. P\u0159i nedodr\u017een\u00ed mont\u00e1\u017en\u00edho n\u00e1vodu a uveden\u00fdch podm\u00ednek o\u0161et\u0159ov\u00e1n\u00ed zanik\u00e1 n\u00e1rok na odpov\u011bdnost za vady ze strany v\u00fdrobce.<\/li>\n<li>Zajist\u011bte v koupeln\u011b dobr\u00e9 v\u011btr\u00e1n\u00ed nebo ventilaci.<\/li>\n<li>Koupelnov\u00fd n\u00e1bytek, kter\u00fd jste si zakoupili, je vyroben z materi\u00e1l\u016f vhodn\u00fdch pro pou\u017eit\u00ed v koupeln\u00e1ch, p\u0159esto je t\u0159eba dodr\u017eovat ur\u010dit\u00e1 pravidla u\u017e\u00edv\u00e1n\u00ed a \u00fadr\u017eby, viz. n\u00ed\u017ee.<\/li>\n<li>Koupelnov\u00fd n\u00e1bytek nesm\u00ed b\u00fdt vystaven dlouhodob\u00e9mu p\u016fsoben\u00ed stoj\u00edc\u00ed vody a extr\u00e9mn\u011b vysok\u00e9 vzdu\u0161n\u00e9 vlhkosti.<\/li>\n<li>Pokud v koupeln\u011b dojde k velk\u00e9mu n\u00e1r\u016fstu vlhkosti, nap\u0159. b\u011bhem koup\u00e1n\u00ed, dob\u0159e vyv\u011btrejte. Koupelnov\u00fd n\u00e1bytek nesm\u00ed b\u00fdt vystaven opakovan\u011b \u00fa\u010dink\u016fm st\u00e9kaj\u00edc\u00ed vody, nap\u0159. z umyvadla, nebo vody ze sprchov\u00e1n\u00ed p\u0159i um\u00edst\u011bn\u00ed n\u00e1bytku vedle vany nebo sprchov\u00e9ho koutu bez z\u00e1st\u011bny.<\/li>\n<li>Dejte pozor tak\u00e9 na t\u011bsnost namontovan\u00e9ho sifonu &#8211; voda tekouc\u00ed z net\u011bsn\u00e9ho sifonu m\u016f\u017ee zni\u010dit vnit\u0159ek z\u00e1suvky nebo sk\u0159\u00ed\u0148ky.<\/li>\n<li>Na \u010di\u0161t\u011bn\u00ed n\u00e1bytku pou\u017e\u00edvejte pouze neabrazivn\u00ed prost\u0159edky, nap\u0159. jemnou tkaninu a m\u00fddlovou vodu, po o\u010di\u0161t\u011bn\u00ed je t\u0159eba n\u00e1bytek vysu\u0161it.<\/li>\n<li>Na \u010di\u0161t\u011bn\u00ed n\u00e1bytku nepou\u017e\u00edvejte chemik\u00e1lie.<\/li>\n<li>N\u00e1bytek vyroben\u00fd z p\u0159\u00edrodn\u00edch materi\u00e1l\u016f (d\u0159evo, d\u00fdha) p\u0159i dlouhodob\u00e9m kontaktu se slune\u010dn\u00edm z\u00e1\u0159en\u00edm m\u011bn\u00ed odst\u00edn &#8211; oxiduje. Proto jej nevystavujte dlouhodob\u011b tomuto z\u00e1\u0159en\u00ed, p\u0159\u00edpadn\u011b dbejte na to, aby na takto exponovan\u00fdch ploch\u00e1ch nele\u017eely p\u0159edm\u011bty st\u00e1le na stejn\u00e9m m\u00edst\u011b.<\/li>\n<li>K \u010di\u0161t\u011bn\u00ed zrcadel pou\u017eijte pouze jemnou tkaninu namo\u010denou v m\u00fddlov\u00e9 vod\u011b a dob\u0159e vy\u017ed\u00edmanou. Zrcadlo je t\u0159eba vyt\u0159\u00edt do sucha. V \u017e\u00e1dn\u00e9m p\u0159\u00edpad\u011b na \u010di\u0161t\u011bn\u00ed nepou\u017e\u00edvejte \u010disti\u010de oken, na hran\u00e1ch zrcadla by mohlo doj\u00edt ke korozi st\u0159\u00edbrn\u00e9 vrstvy.<\/li>\n<li>Pokud dojde k zne\u010di\u0161t\u011bn\u00ed n\u00e1bytku, okam\u017eit\u011b povrch vy\u010dist\u011bte.<\/li>\n<li>Neodborn\u00fdm z\u00e1sahem zanik\u00e1 z\u00e1ruka na n\u00e1bytek<\/li>\n<\/ul>\n<p><\/body><\/html>                            <\/div>\n<div class=\"extended-description\">\n<h3>Dopl\u0148kov\u00e9 parametry<\/h3>\n<table class=\"detail-parameters\">\n<tbody>\n<tr>\n<th>        <span class=\"row-header-label\">            Kategorie<span class=\"row-header-label-colon\">:<\/span>        <\/span>    <\/th>\n<td>            <\/td>\n<\/tr>\n<tr>\n<th>            <span class=\"row-header-label\">                Z\u00e1ruka<span class=\"row-header-label-colon\">:<\/span>            <\/span>        <\/th>\n<td>            2 roky        <\/td>\n<\/tr>\n<tr>\n<th>            <span class=\"row-header-label\">                Hmotnost<span class=\"row-header-label-colon\">:<\/span>            <\/span>        <\/th>\n<td>            10 kg        <\/td>\n<\/tr>\n<tr class=\"productEan\">\n<th>          <span class=\"row-header-label productEan__label\">              EAN<span class=\"row-header-label-colon\">:<\/span>          <\/span>      <\/th>\n<td>          <span class=\"productEan__value\">8595141932096<\/span>      <\/td>\n<\/tr>\n<tr>\n<th>                <span class=\"row-header-label\">                                            Barva<span class=\"row-header-label-colon\">:<\/span>                                    <\/span>            <\/th>\n<td>                                                            B\u00edl\u00e1 leskl\u00e1                                                <\/td>\n<\/tr>\n<tr>\n<th>                <span class=\"row-header-label\">                                            Hlouba<span class=\"row-header-label-colon\">:<\/span>                                    <\/span>            <\/th>\n<td>                                                            15                                                <\/td>\n<\/tr>\n<tr>\n<th>                <span class=\"row-header-label\">                                            Instalace<span class=\"row-header-label-colon\">:<\/span>                                    <\/span>            <\/th>\n<td>                                                            Z\u00e1v\u011bsn\u00e1                                                <\/td>\n<\/tr>\n<tr>\n<th>                <span class=\"row-header-label\">                                            Katalog<span class=\"row-header-label-colon\">:<\/span>                                    <\/span>            <\/th>\n<td>                                                            Olsen-Spa                                                <\/td>\n<\/tr>\n<tr>\n<th>                <span class=\"row-header-label\">                                            Materi\u00e1l<span class=\"row-header-label-colon\">:<\/span>                                    <\/span>            <\/th>\n<td>                                                            MDF,Lamino                                                <\/td>\n<\/tr>\n<tr>\n<th>                <span class=\"row-header-label\">                                            Osv\u011btlen\u00ed<span class=\"row-header-label-colon\">:<\/span>                                    <\/span>            <\/th>\n<td>                                                            Ano                                                <\/td>\n<\/tr>\n<tr>\n<th>                <span class=\"row-header-label\">                                            Rozm\u011br A<span class=\"row-header-label-colon\">:<\/span>                                    <\/span>            <\/th>\n<td>                                                            70 cm,50 cm,40 cm,80 cm,60 cm                                                <\/td>\n<\/tr>\n<tr>\n<th>                <span class=\"row-header-label\">                                            Rozm\u011br B<span class=\"row-header-label-colon\">:<\/span>                                    <\/span>            <\/th>\n<td>                                                            15 cm                                                <\/td>\n<\/tr>\n<tr>\n<th>                <span class=\"row-header-label\">                                            Rozm\u011br C<span class=\"row-header-label-colon\">:<\/span>                                    <\/span>            <\/th>\n<td>                                                            64 cm                                                <\/td>\n<\/tr>\n<tr>\n<th>                <span class=\"row-header-label\">                                            S\u00e9rie<span class=\"row-header-label-colon\">:<\/span>                                    <\/span>            <\/th>\n<td>                                                            NICE                                                <\/td>\n<\/tr>\n<tr>\n<th>                <span class=\"row-header-label\">                                            Skupina artiklu<span class=\"row-header-label-colon\">:<\/span>                                    <\/span>            <\/th>\n<td>                                                            S23N                                                <\/td>\n<\/tr>\n<tr>\n<th>                <span class=\"row-header-label\">                                            Stupe\u0148 kryt\u00ed<span class=\"row-header-label-colon\">:<\/span>                                    <\/span>            <\/th>\n<td>                                                            IP44                                                <\/td>\n<\/tr>\n<tr>\n<th>                <span class=\"row-header-label\">                                            \u0160\u00ed\u0159ka<span class=\"row-header-label-colon\">:<\/span>                                    <\/span>            <\/th>\n<td>                                                            40                                                <\/td>\n<\/tr>\n<tr>\n<th>                <span class=\"row-header-label\">                                            V\u00fd\u0161ka<span class=\"row-header-label-colon\">:<\/span>                                    <\/span>            <\/th>\n<td>                                                            64                                                <\/td>\n<\/tr>\n<tr>\n<th>                <span class=\"row-header-label\">                                            Z\u00e1ruka<span class=\"row-header-label-colon\">:<\/span>                                    <\/span>            <\/th>\n<td>                                                            2 roky                                                <\/td>\n<\/tr>\n<\/tbody>\n<\/table><\/div>\n<\/p><\/div>\n<\/p><\/div>\n","protected":false},"excerpt":{"rendered":"<p>Detailn\u00ed popis produktu Z\u00e1v\u011bsn\u00e1 zrcadlov\u00e1 sk\u0159\u00ed\u0148ka Olsen\u00a0NICE s LED osv\u011btlen\u00edm\u00a0(dod\u00e1v\u00e1no ve smontovan\u00e9m stavu)\u00a0vynik\u00e1 vysoce kvalitn\u00edm zpracov\u00e1n\u00edm a spolehlivou funk\u010dnost\u00ed v\u0161ech sou\u010d\u00e1st\u00ed a materi\u00e1l\u016f. Sk\u0159\u00ed\u0148ka se dod\u00e1v\u00e1 v p\u011bti praktick\u00fdch rozm\u011brech. P\u0159ednosti z\u00e1v\u011bsn\u00e9 sk\u0159\u00ed\u0148ky NICE s LED osv\u011btlen\u00edm: sk\u0159\u00ed\u0148ka s lev\u00fdm otev\u00edr\u00e1n\u00edm zrcadlov\u00fdch dv\u00ed\u0159ek (u \u0161\u00ed\u0159ky 40 cm) sk\u0159\u00ed\u0148ka s\u00a0centr\u00e1ln\u00edm otev\u00edr\u00e1n\u00edm\u00a0zrcadlov\u00fdch dv\u00ed\u0159ek (u \u0161\u00ed\u0159ky 50, 60, [&hellip;]<\/p>\n","protected":false},"featured_media":42799,"comment_status":"open","ping_status":"open","template":"","meta":[],"product_brand":[],"product_cat":[64],"product_tag":[],"class_list":{"0":"post-42699","1":"product","2":"type-product","3":"status-publish","4":"has-post-thumbnail","6":"product_cat-galerky","8":"first","9":"instock","10":"sale","11":"shipping-taxable","12":"purchasable","13":"product-type-simple"},"yoast_head":"<!-- This site is optimized with the Yoast SEO plugin v26.8 - https:\/\/yoast.com\/product\/yoast-seo-wordpress\/ -->\n<title>Cenov\u011b V\u00fdhodn\u00fd Vrchn\u00ed zrcadlov\u00e1 sk\u0159\u00ed\u0148ka NICE s LED osv\u011btlen\u00edm, 40 cm, 15 cm, 64 cm -<\/title>\n<meta name=\"robots\" content=\"index, follow, max-snippet:-1, max-image-preview:large, max-video-preview:-1\" \/>\n<link rel=\"canonical\" href=\"https:\/\/www.technodompro.com\/index.php\/produkt\/cenove-vyhodny-vrchni-zrcadlova-skrinka-nice-s-led-osvetlenim-40-cm-15-cm-64-cm-42699\/\" \/>\n<meta property=\"og:locale\" content=\"cs_CZ\" \/>\n<meta property=\"og:type\" content=\"article\" \/>\n<meta property=\"og:title\" content=\"Cenov\u011b V\u00fdhodn\u00fd Vrchn\u00ed zrcadlov\u00e1 sk\u0159\u00ed\u0148ka NICE s LED osv\u011btlen\u00edm, 40 cm, 15 cm, 64 cm -\" \/>\n<meta property=\"og:description\" content=\"Detailn\u00ed popis produktu Z\u00e1v\u011bsn\u00e1 zrcadlov\u00e1 sk\u0159\u00ed\u0148ka Olsen\u00a0NICE s LED osv\u011btlen\u00edm\u00a0(dod\u00e1v\u00e1no ve smontovan\u00e9m stavu)\u00a0vynik\u00e1 vysoce kvalitn\u00edm zpracov\u00e1n\u00edm a spolehlivou funk\u010dnost\u00ed v\u0161ech sou\u010d\u00e1st\u00ed a materi\u00e1l\u016f. Sk\u0159\u00ed\u0148ka se dod\u00e1v\u00e1 v p\u011bti praktick\u00fdch rozm\u011brech. P\u0159ednosti z\u00e1v\u011bsn\u00e9 sk\u0159\u00ed\u0148ky NICE s LED osv\u011btlen\u00edm: sk\u0159\u00ed\u0148ka s lev\u00fdm otev\u00edr\u00e1n\u00edm zrcadlov\u00fdch dv\u00ed\u0159ek (u \u0161\u00ed\u0159ky 40 cm) sk\u0159\u00ed\u0148ka s\u00a0centr\u00e1ln\u00edm otev\u00edr\u00e1n\u00edm\u00a0zrcadlov\u00fdch dv\u00ed\u0159ek (u \u0161\u00ed\u0159ky 50, 60, [&hellip;]\" \/>\n<meta property=\"og:url\" content=\"https:\/\/www.technodompro.com\/index.php\/produkt\/cenove-vyhodny-vrchni-zrcadlova-skrinka-nice-s-led-osvetlenim-40-cm-15-cm-64-cm-42699\/\" \/>\n<meta property=\"og:image\" content=\"https:\/\/www.technodompro.com\/wp-content\/uploads\/2026\/SK0016423-CZ20260425-092556-0-1777080363-1246705_vrchni-zrcadlova-skrinka-nice-s-led-osvetlenim.webp\" \/>\n\t<meta property=\"og:image:width\" content=\"1000\" \/>\n\t<meta property=\"og:image:height\" content=\"750\" \/>\n\t<meta property=\"og:image:type\" content=\"image\/webp\" \/>\n<meta name=\"twitter:card\" content=\"summary_large_image\" \/>\n<meta name=\"twitter:label1\" content=\"Odhadovan\u00e1 doba \u010dten\u00ed\" \/>\n\t<meta name=\"twitter:data1\" content=\"3 minuty\" \/>\n<script type=\"application\/ld+json\" class=\"yoast-schema-graph\">{\"@context\":\"https:\/\/schema.org\",\"@graph\":[{\"@type\":\"WebPage\",\"@id\":\"https:\/\/www.technodompro.com\/index.php\/produkt\/cenove-vyhodny-vrchni-zrcadlova-skrinka-nice-s-led-osvetlenim-40-cm-15-cm-64-cm-42699\/\",\"url\":\"https:\/\/www.technodompro.com\/index.php\/produkt\/cenove-vyhodny-vrchni-zrcadlova-skrinka-nice-s-led-osvetlenim-40-cm-15-cm-64-cm-42699\/\",\"name\":\"Cenov\u011b V\u00fdhodn\u00fd Vrchn\u00ed zrcadlov\u00e1 sk\u0159\u00ed\u0148ka NICE s LED osv\u011btlen\u00edm, 40 cm, 15 cm, 64 cm -\",\"isPartOf\":{\"@id\":\"https:\/\/www.technodompro.com\/#website\"},\"primaryImageOfPage\":{\"@id\":\"https:\/\/www.technodompro.com\/index.php\/produkt\/cenove-vyhodny-vrchni-zrcadlova-skrinka-nice-s-led-osvetlenim-40-cm-15-cm-64-cm-42699\/#primaryimage\"},\"image\":{\"@id\":\"https:\/\/www.technodompro.com\/index.php\/produkt\/cenove-vyhodny-vrchni-zrcadlova-skrinka-nice-s-led-osvetlenim-40-cm-15-cm-64-cm-42699\/#primaryimage\"},\"thumbnailUrl\":\"https:\/\/www.technodompro.com\/wp-content\/uploads\/2026\/SK0016423-CZ20260425-092556-0-1777080363-1246705_vrchni-zrcadlova-skrinka-nice-s-led-osvetlenim.webp\",\"datePublished\":\"2026-04-27T04:42:24+00:00\",\"breadcrumb\":{\"@id\":\"https:\/\/www.technodompro.com\/index.php\/produkt\/cenove-vyhodny-vrchni-zrcadlova-skrinka-nice-s-led-osvetlenim-40-cm-15-cm-64-cm-42699\/#breadcrumb\"},\"inLanguage\":\"cs\",\"potentialAction\":[{\"@type\":\"ReadAction\",\"target\":[\"https:\/\/www.technodompro.com\/index.php\/produkt\/cenove-vyhodny-vrchni-zrcadlova-skrinka-nice-s-led-osvetlenim-40-cm-15-cm-64-cm-42699\/\"]}]},{\"@type\":\"ImageObject\",\"inLanguage\":\"cs\",\"@id\":\"https:\/\/www.technodompro.com\/index.php\/produkt\/cenove-vyhodny-vrchni-zrcadlova-skrinka-nice-s-led-osvetlenim-40-cm-15-cm-64-cm-42699\/#primaryimage\",\"url\":\"https:\/\/www.technodompro.com\/wp-content\/uploads\/2026\/SK0016423-CZ20260425-092556-0-1777080363-1246705_vrchni-zrcadlova-skrinka-nice-s-led-osvetlenim.webp\",\"contentUrl\":\"https:\/\/www.technodompro.com\/wp-content\/uploads\/2026\/SK0016423-CZ20260425-092556-0-1777080363-1246705_vrchni-zrcadlova-skrinka-nice-s-led-osvetlenim.webp\",\"width\":1000,\"height\":750},{\"@type\":\"BreadcrumbList\",\"@id\":\"https:\/\/www.technodompro.com\/index.php\/produkt\/cenove-vyhodny-vrchni-zrcadlova-skrinka-nice-s-led-osvetlenim-40-cm-15-cm-64-cm-42699\/#breadcrumb\",\"itemListElement\":[{\"@type\":\"ListItem\",\"position\":1,\"name\":\"Home\",\"item\":\"https:\/\/www.technodompro.com\/\"},{\"@type\":\"ListItem\",\"position\":2,\"name\":\"Products\",\"item\":\"https:\/\/www.technodompro.com\/index.php\/products\/\"},{\"@type\":\"ListItem\",\"position\":3,\"name\":\"Cenov\u011b V\u00fdhodn\u00fd Vrchn\u00ed zrcadlov\u00e1 sk\u0159\u00ed\u0148ka NICE s LED osv\u011btlen\u00edm, 40 cm, 15 cm, 64 cm\"}]},{\"@type\":\"WebSite\",\"@id\":\"https:\/\/www.technodompro.com\/#website\",\"url\":\"https:\/\/www.technodompro.com\/\",\"name\":\"\",\"description\":\"\",\"potentialAction\":[{\"@type\":\"SearchAction\",\"target\":{\"@type\":\"EntryPoint\",\"urlTemplate\":\"https:\/\/www.technodompro.com\/?s={search_term_string}\"},\"query-input\":{\"@type\":\"PropertyValueSpecification\",\"valueRequired\":true,\"valueName\":\"search_term_string\"}}],\"inLanguage\":\"cs\"}]}<\/script>\n<!-- \/ Yoast SEO plugin. -->","yoast_head_json":{"title":"Cenov\u011b V\u00fdhodn\u00fd Vrchn\u00ed zrcadlov\u00e1 sk\u0159\u00ed\u0148ka NICE s LED osv\u011btlen\u00edm, 40 cm, 15 cm, 64 cm -","robots":{"index":"index","follow":"follow","max-snippet":"max-snippet:-1","max-image-preview":"max-image-preview:large","max-video-preview":"max-video-preview:-1"},"canonical":"https:\/\/www.technodompro.com\/index.php\/produkt\/cenove-vyhodny-vrchni-zrcadlova-skrinka-nice-s-led-osvetlenim-40-cm-15-cm-64-cm-42699\/","og_locale":"cs_CZ","og_type":"article","og_title":"Cenov\u011b V\u00fdhodn\u00fd Vrchn\u00ed zrcadlov\u00e1 sk\u0159\u00ed\u0148ka NICE s LED osv\u011btlen\u00edm, 40 cm, 15 cm, 64 cm -","og_description":"Detailn\u00ed popis produktu Z\u00e1v\u011bsn\u00e1 zrcadlov\u00e1 sk\u0159\u00ed\u0148ka Olsen\u00a0NICE s LED osv\u011btlen\u00edm\u00a0(dod\u00e1v\u00e1no ve smontovan\u00e9m stavu)\u00a0vynik\u00e1 vysoce kvalitn\u00edm zpracov\u00e1n\u00edm a spolehlivou funk\u010dnost\u00ed v\u0161ech sou\u010d\u00e1st\u00ed a materi\u00e1l\u016f. Sk\u0159\u00ed\u0148ka se dod\u00e1v\u00e1 v p\u011bti praktick\u00fdch rozm\u011brech. P\u0159ednosti z\u00e1v\u011bsn\u00e9 sk\u0159\u00ed\u0148ky NICE s LED osv\u011btlen\u00edm: sk\u0159\u00ed\u0148ka s lev\u00fdm otev\u00edr\u00e1n\u00edm zrcadlov\u00fdch dv\u00ed\u0159ek (u \u0161\u00ed\u0159ky 40 cm) sk\u0159\u00ed\u0148ka s\u00a0centr\u00e1ln\u00edm otev\u00edr\u00e1n\u00edm\u00a0zrcadlov\u00fdch dv\u00ed\u0159ek (u \u0161\u00ed\u0159ky 50, 60, [&hellip;]","og_url":"https:\/\/www.technodompro.com\/index.php\/produkt\/cenove-vyhodny-vrchni-zrcadlova-skrinka-nice-s-led-osvetlenim-40-cm-15-cm-64-cm-42699\/","og_image":[{"width":1000,"height":750,"url":"https:\/\/www.technodompro.com\/wp-content\/uploads\/2026\/SK0016423-CZ20260425-092556-0-1777080363-1246705_vrchni-zrcadlova-skrinka-nice-s-led-osvetlenim.webp","type":"image\/webp"}],"twitter_card":"summary_large_image","twitter_misc":{"Odhadovan\u00e1 doba \u010dten\u00ed":"3 minuty"},"schema":{"@context":"https:\/\/schema.org","@graph":[{"@type":"WebPage","@id":"https:\/\/www.technodompro.com\/index.php\/produkt\/cenove-vyhodny-vrchni-zrcadlova-skrinka-nice-s-led-osvetlenim-40-cm-15-cm-64-cm-42699\/","url":"https:\/\/www.technodompro.com\/index.php\/produkt\/cenove-vyhodny-vrchni-zrcadlova-skrinka-nice-s-led-osvetlenim-40-cm-15-cm-64-cm-42699\/","name":"Cenov\u011b V\u00fdhodn\u00fd Vrchn\u00ed zrcadlov\u00e1 sk\u0159\u00ed\u0148ka NICE s LED osv\u011btlen\u00edm, 40 cm, 15 cm, 64 cm -","isPartOf":{"@id":"https:\/\/www.technodompro.com\/#website"},"primaryImageOfPage":{"@id":"https:\/\/www.technodompro.com\/index.php\/produkt\/cenove-vyhodny-vrchni-zrcadlova-skrinka-nice-s-led-osvetlenim-40-cm-15-cm-64-cm-42699\/#primaryimage"},"image":{"@id":"https:\/\/www.technodompro.com\/index.php\/produkt\/cenove-vyhodny-vrchni-zrcadlova-skrinka-nice-s-led-osvetlenim-40-cm-15-cm-64-cm-42699\/#primaryimage"},"thumbnailUrl":"https:\/\/www.technodompro.com\/wp-content\/uploads\/2026\/SK0016423-CZ20260425-092556-0-1777080363-1246705_vrchni-zrcadlova-skrinka-nice-s-led-osvetlenim.webp","datePublished":"2026-04-27T04:42:24+00:00","breadcrumb":{"@id":"https:\/\/www.technodompro.com\/index.php\/produkt\/cenove-vyhodny-vrchni-zrcadlova-skrinka-nice-s-led-osvetlenim-40-cm-15-cm-64-cm-42699\/#breadcrumb"},"inLanguage":"cs","potentialAction":[{"@type":"ReadAction","target":["https:\/\/www.technodompro.com\/index.php\/produkt\/cenove-vyhodny-vrchni-zrcadlova-skrinka-nice-s-led-osvetlenim-40-cm-15-cm-64-cm-42699\/"]}]},{"@type":"ImageObject","inLanguage":"cs","@id":"https:\/\/www.technodompro.com\/index.php\/produkt\/cenove-vyhodny-vrchni-zrcadlova-skrinka-nice-s-led-osvetlenim-40-cm-15-cm-64-cm-42699\/#primaryimage","url":"https:\/\/www.technodompro.com\/wp-content\/uploads\/2026\/SK0016423-CZ20260425-092556-0-1777080363-1246705_vrchni-zrcadlova-skrinka-nice-s-led-osvetlenim.webp","contentUrl":"https:\/\/www.technodompro.com\/wp-content\/uploads\/2026\/SK0016423-CZ20260425-092556-0-1777080363-1246705_vrchni-zrcadlova-skrinka-nice-s-led-osvetlenim.webp","width":1000,"height":750},{"@type":"BreadcrumbList","@id":"https:\/\/www.technodompro.com\/index.php\/produkt\/cenove-vyhodny-vrchni-zrcadlova-skrinka-nice-s-led-osvetlenim-40-cm-15-cm-64-cm-42699\/#breadcrumb","itemListElement":[{"@type":"ListItem","position":1,"name":"Home","item":"https:\/\/www.technodompro.com\/"},{"@type":"ListItem","position":2,"name":"Products","item":"https:\/\/www.technodompro.com\/index.php\/products\/"},{"@type":"ListItem","position":3,"name":"Cenov\u011b V\u00fdhodn\u00fd Vrchn\u00ed zrcadlov\u00e1 sk\u0159\u00ed\u0148ka NICE s LED osv\u011btlen\u00edm, 40 cm, 15 cm, 64 cm"}]},{"@type":"WebSite","@id":"https:\/\/www.technodompro.com\/#website","url":"https:\/\/www.technodompro.com\/","name":"","description":"","potentialAction":[{"@type":"SearchAction","target":{"@type":"EntryPoint","urlTemplate":"https:\/\/www.technodompro.com\/?s={search_term_string}"},"query-input":{"@type":"PropertyValueSpecification","valueRequired":true,"valueName":"search_term_string"}}],"inLanguage":"cs"}]}},"_links":{"self":[{"href":"https:\/\/www.technodompro.com\/index.php\/wp-json\/wp\/v2\/product\/42699","targetHints":{"allow":["GET"]}}],"collection":[{"href":"https:\/\/www.technodompro.com\/index.php\/wp-json\/wp\/v2\/product"}],"about":[{"href":"https:\/\/www.technodompro.com\/index.php\/wp-json\/wp\/v2\/types\/product"}],"replies":[{"embeddable":true,"href":"https:\/\/www.technodompro.com\/index.php\/wp-json\/wp\/v2\/comments?post=42699"}],"wp:featuredmedia":[{"embeddable":true,"href":"https:\/\/www.technodompro.com\/index.php\/wp-json\/wp\/v2\/media\/42799"}],"wp:attachment":[{"href":"https:\/\/www.technodompro.com\/index.php\/wp-json\/wp\/v2\/media?parent=42699"}],"wp:term":[{"taxonomy":"product_brand","embeddable":true,"href":"https:\/\/www.technodompro.com\/index.php\/wp-json\/wp\/v2\/product_brand?post=42699"},{"taxonomy":"product_cat","embeddable":true,"href":"https:\/\/www.technodompro.com\/index.php\/wp-json\/wp\/v2\/product_cat?post=42699"},{"taxonomy":"product_tag","embeddable":true,"href":"https:\/\/www.technodompro.com\/index.php\/wp-json\/wp\/v2\/product_tag?post=42699"}],"curies":[{"name":"wp","href":"https:\/\/api.w.org\/{rel}","templated":true}]}}