{"id":42728,"date":"2026-04-27T04:42:24","date_gmt":"2026-04-27T04:42:24","guid":{"rendered":""},"modified":"2026-04-27T04:42:24","modified_gmt":"2026-04-27T04:42:24","slug":"cenovy-hit-cersanit-zrcadlova-skrinka-virgo-40-sedy-dub-s-chromovymi-uchyty-s522-011-42728","status":"publish","type":"product","link":"https:\/\/www.technodompro.com\/index.php\/produkt\/cenovy-hit-cersanit-zrcadlova-skrinka-virgo-40-sedy-dub-s-chromovymi-uchyty-s522-011-42728\/","title":{"rendered":"Cenov\u00fd Hit CERSANIT &#8211; Zrcadlov\u00e1 sk\u0159\u00ed\u0148ka VIRGO 40 \u0161ed\u00fd dub s chromov\u00fdmi \u00fachyty S522-011"},"content":{"rendered":"<div class=\"basic-description\">\n<h3>Detailn\u00ed popis produktu<\/h3>\n<p>Koupelnov\u00fd n\u00e1bytek z kolekce VIRGO concept je kombinac\u00ed funk\u010dnosti, elegance a modernosti.\u00a0Sk\u0159\u00edn\u011b t\u00e9to \u0159ady maj\u00ed chromovan\u00e1 kovov\u00e1 madla, kter\u00e1 budou perfektn\u011b ladit se zbytkem va\u0161eho koupelnov\u00e9ho vybaven\u00ed.\u00a0Z\u00e1v\u011bsn\u00e9 sk\u0159\u00edn\u011b VIRGO jsou vyrobeny z d\u0159evot\u0159\u00edsky s boky korpusu v barv\u011b \u0161ed\u00e9ho dubu.\u00a0N\u00e1bytkov\u00e1 dv\u00ed\u0159ka jsou vybavena praktick\u00fdm zrcadlem a panty se syst\u00e9mem \u201esoft-close\u201c.\u00a0Uvnit\u0159 sk\u0159\u00edn\u011bk jsou 3 police z kou\u0159ov\u00e9ho tvrzen\u00e9ho skla a povrch zadn\u00ed \u010d\u00e1sti sk\u0159\u00edn\u011b je pokryt jemnou \u0161edou ln\u011bnou strukturou.\u00a0N\u00e1bytek se prod\u00e1v\u00e1 smontovan\u00fd.<\/p>\n<\/p><\/div>\n<div class=\"extended-description\">\n<h3>Dopl\u0148kov\u00e9 parametry<\/h3>\n<table class=\"detail-parameters\">\n<tbody>\n<tr>\n<th>        <span class=\"row-header-label\">            Kategorie<span class=\"row-header-label-colon\">:<\/span>        <\/span>    <\/th>\n<td>            <\/td>\n<\/tr>\n<tr>\n<th>            <span class=\"row-header-label\">                Z\u00e1ruka<span class=\"row-header-label-colon\">:<\/span>            <\/span>        <\/th>\n<td>            24        <\/td>\n<\/tr>\n<tr>\n<th>            <span class=\"row-header-label\">                Hmotnost<span class=\"row-header-label-colon\">:<\/span>            <\/span>        <\/th>\n<td>            15 kg        <\/td>\n<\/tr>\n<tr class=\"productEan\">\n<th>          <span class=\"row-header-label productEan__label\">              EAN<span class=\"row-header-label-colon\">:<\/span>          <\/span>      <\/th>\n<td>          <span class=\"productEan__value\">5901771005353<\/span>      <\/td>\n<\/tr>\n<tr>\n<th>                <span class=\"row-header-label\">                                            Dostupnost<span class=\"row-header-label-colon\">:<\/span>                                    <\/span>            <\/th>\n<td>                                                            Dod\u00e1n\u00ed do 14ti dn\u016f                                                <\/td>\n<\/tr>\n<\/tbody>\n<\/table><\/div>\n<\/p><\/div>\n<\/p><\/div>\n","protected":false},"excerpt":{"rendered":"<p>Detailn\u00ed popis produktu Koupelnov\u00fd n\u00e1bytek z kolekce VIRGO concept je kombinac\u00ed funk\u010dnosti, elegance a modernosti.\u00a0Sk\u0159\u00edn\u011b t\u00e9to \u0159ady maj\u00ed chromovan\u00e1 kovov\u00e1 madla, kter\u00e1 budou perfektn\u011b ladit se zbytkem va\u0161eho koupelnov\u00e9ho vybaven\u00ed.\u00a0Z\u00e1v\u011bsn\u00e9 sk\u0159\u00edn\u011b VIRGO jsou vyrobeny z d\u0159evot\u0159\u00edsky s boky korpusu v barv\u011b \u0161ed\u00e9ho dubu.\u00a0N\u00e1bytkov\u00e1 dv\u00ed\u0159ka jsou vybavena praktick\u00fdm zrcadlem a panty se syst\u00e9mem \u201esoft-close\u201c.\u00a0Uvnit\u0159 sk\u0159\u00edn\u011bk jsou [&hellip;]<\/p>\n","protected":false},"featured_media":42828,"comment_status":"open","ping_status":"open","template":"","meta":[],"product_brand":[],"product_cat":[64],"product_tag":[],"class_list":{"0":"post-42728","1":"product","2":"type-product","3":"status-publish","4":"has-post-thumbnail","6":"product_cat-galerky","8":"first","9":"instock","10":"sale","11":"shipping-taxable","12":"purchasable","13":"product-type-simple"},"yoast_head":"<!-- This site is optimized with the Yoast SEO plugin v26.8 - https:\/\/yoast.com\/product\/yoast-seo-wordpress\/ -->\n<title>Cenov\u00fd Hit CERSANIT - Zrcadlov\u00e1 sk\u0159\u00ed\u0148ka VIRGO 40 \u0161ed\u00fd dub s chromov\u00fdmi \u00fachyty S522-011 -<\/title>\n<meta name=\"robots\" content=\"index, follow, max-snippet:-1, max-image-preview:large, max-video-preview:-1\" \/>\n<link rel=\"canonical\" href=\"https:\/\/www.technodompro.com\/index.php\/produkt\/cenovy-hit-cersanit-zrcadlova-skrinka-virgo-40-sedy-dub-s-chromovymi-uchyty-s522-011-42728\/\" \/>\n<meta property=\"og:locale\" content=\"cs_CZ\" \/>\n<meta property=\"og:type\" content=\"article\" \/>\n<meta property=\"og:title\" content=\"Cenov\u00fd Hit CERSANIT - Zrcadlov\u00e1 sk\u0159\u00ed\u0148ka VIRGO 40 \u0161ed\u00fd dub s chromov\u00fdmi \u00fachyty S522-011 -\" \/>\n<meta property=\"og:description\" content=\"Detailn\u00ed popis produktu Koupelnov\u00fd n\u00e1bytek z kolekce VIRGO concept je kombinac\u00ed funk\u010dnosti, elegance a modernosti.\u00a0Sk\u0159\u00edn\u011b t\u00e9to \u0159ady maj\u00ed chromovan\u00e1 kovov\u00e1 madla, kter\u00e1 budou perfektn\u011b ladit se zbytkem va\u0161eho koupelnov\u00e9ho vybaven\u00ed.\u00a0Z\u00e1v\u011bsn\u00e9 sk\u0159\u00edn\u011b VIRGO jsou vyrobeny z d\u0159evot\u0159\u00edsky s boky korpusu v barv\u011b \u0161ed\u00e9ho dubu.\u00a0N\u00e1bytkov\u00e1 dv\u00ed\u0159ka jsou vybavena praktick\u00fdm zrcadlem a panty se syst\u00e9mem \u201esoft-close\u201c.\u00a0Uvnit\u0159 sk\u0159\u00edn\u011bk jsou [&hellip;]\" \/>\n<meta property=\"og:url\" content=\"https:\/\/www.technodompro.com\/index.php\/produkt\/cenovy-hit-cersanit-zrcadlova-skrinka-virgo-40-sedy-dub-s-chromovymi-uchyty-s522-011-42728\/\" \/>\n<meta property=\"og:image\" content=\"https:\/\/www.technodompro.com\/wp-content\/uploads\/2026\/SK0016453-CZ20260425-092556-0-1777080363-1249306_cersanit-zrcadlova-skrinka-virgo-40-sedy-dub-s-chro.webp\" \/>\n\t<meta property=\"og:image:width\" content=\"1000\" \/>\n\t<meta property=\"og:image:height\" content=\"750\" \/>\n\t<meta property=\"og:image:type\" content=\"image\/webp\" \/>\n<meta name=\"twitter:card\" content=\"summary_large_image\" \/>\n<meta name=\"twitter:label1\" content=\"Odhadovan\u00e1 doba \u010dten\u00ed\" \/>\n\t<meta name=\"twitter:data1\" content=\"1 minuta\" \/>\n<script type=\"application\/ld+json\" class=\"yoast-schema-graph\">{\"@context\":\"https:\/\/schema.org\",\"@graph\":[{\"@type\":\"WebPage\",\"@id\":\"https:\/\/www.technodompro.com\/index.php\/produkt\/cenovy-hit-cersanit-zrcadlova-skrinka-virgo-40-sedy-dub-s-chromovymi-uchyty-s522-011-42728\/\",\"url\":\"https:\/\/www.technodompro.com\/index.php\/produkt\/cenovy-hit-cersanit-zrcadlova-skrinka-virgo-40-sedy-dub-s-chromovymi-uchyty-s522-011-42728\/\",\"name\":\"Cenov\u00fd Hit CERSANIT - Zrcadlov\u00e1 sk\u0159\u00ed\u0148ka VIRGO 40 \u0161ed\u00fd dub s chromov\u00fdmi \u00fachyty S522-011 -\",\"isPartOf\":{\"@id\":\"https:\/\/www.technodompro.com\/#website\"},\"primaryImageOfPage\":{\"@id\":\"https:\/\/www.technodompro.com\/index.php\/produkt\/cenovy-hit-cersanit-zrcadlova-skrinka-virgo-40-sedy-dub-s-chromovymi-uchyty-s522-011-42728\/#primaryimage\"},\"image\":{\"@id\":\"https:\/\/www.technodompro.com\/index.php\/produkt\/cenovy-hit-cersanit-zrcadlova-skrinka-virgo-40-sedy-dub-s-chromovymi-uchyty-s522-011-42728\/#primaryimage\"},\"thumbnailUrl\":\"https:\/\/www.technodompro.com\/wp-content\/uploads\/2026\/SK0016453-CZ20260425-092556-0-1777080363-1249306_cersanit-zrcadlova-skrinka-virgo-40-sedy-dub-s-chro.webp\",\"datePublished\":\"2026-04-27T04:42:24+00:00\",\"breadcrumb\":{\"@id\":\"https:\/\/www.technodompro.com\/index.php\/produkt\/cenovy-hit-cersanit-zrcadlova-skrinka-virgo-40-sedy-dub-s-chromovymi-uchyty-s522-011-42728\/#breadcrumb\"},\"inLanguage\":\"cs\",\"potentialAction\":[{\"@type\":\"ReadAction\",\"target\":[\"https:\/\/www.technodompro.com\/index.php\/produkt\/cenovy-hit-cersanit-zrcadlova-skrinka-virgo-40-sedy-dub-s-chromovymi-uchyty-s522-011-42728\/\"]}]},{\"@type\":\"ImageObject\",\"inLanguage\":\"cs\",\"@id\":\"https:\/\/www.technodompro.com\/index.php\/produkt\/cenovy-hit-cersanit-zrcadlova-skrinka-virgo-40-sedy-dub-s-chromovymi-uchyty-s522-011-42728\/#primaryimage\",\"url\":\"https:\/\/www.technodompro.com\/wp-content\/uploads\/2026\/SK0016453-CZ20260425-092556-0-1777080363-1249306_cersanit-zrcadlova-skrinka-virgo-40-sedy-dub-s-chro.webp\",\"contentUrl\":\"https:\/\/www.technodompro.com\/wp-content\/uploads\/2026\/SK0016453-CZ20260425-092556-0-1777080363-1249306_cersanit-zrcadlova-skrinka-virgo-40-sedy-dub-s-chro.webp\",\"width\":1000,\"height\":750},{\"@type\":\"BreadcrumbList\",\"@id\":\"https:\/\/www.technodompro.com\/index.php\/produkt\/cenovy-hit-cersanit-zrcadlova-skrinka-virgo-40-sedy-dub-s-chromovymi-uchyty-s522-011-42728\/#breadcrumb\",\"itemListElement\":[{\"@type\":\"ListItem\",\"position\":1,\"name\":\"Home\",\"item\":\"https:\/\/www.technodompro.com\/\"},{\"@type\":\"ListItem\",\"position\":2,\"name\":\"Products\",\"item\":\"https:\/\/www.technodompro.com\/index.php\/products\/\"},{\"@type\":\"ListItem\",\"position\":3,\"name\":\"Cenov\u00fd Hit CERSANIT &#8211; Zrcadlov\u00e1 sk\u0159\u00ed\u0148ka VIRGO 40 \u0161ed\u00fd dub s chromov\u00fdmi \u00fachyty S522-011\"}]},{\"@type\":\"WebSite\",\"@id\":\"https:\/\/www.technodompro.com\/#website\",\"url\":\"https:\/\/www.technodompro.com\/\",\"name\":\"\",\"description\":\"\",\"potentialAction\":[{\"@type\":\"SearchAction\",\"target\":{\"@type\":\"EntryPoint\",\"urlTemplate\":\"https:\/\/www.technodompro.com\/?s={search_term_string}\"},\"query-input\":{\"@type\":\"PropertyValueSpecification\",\"valueRequired\":true,\"valueName\":\"search_term_string\"}}],\"inLanguage\":\"cs\"}]}<\/script>\n<!-- \/ Yoast SEO plugin. -->","yoast_head_json":{"title":"Cenov\u00fd Hit CERSANIT - Zrcadlov\u00e1 sk\u0159\u00ed\u0148ka VIRGO 40 \u0161ed\u00fd dub s chromov\u00fdmi \u00fachyty S522-011 -","robots":{"index":"index","follow":"follow","max-snippet":"max-snippet:-1","max-image-preview":"max-image-preview:large","max-video-preview":"max-video-preview:-1"},"canonical":"https:\/\/www.technodompro.com\/index.php\/produkt\/cenovy-hit-cersanit-zrcadlova-skrinka-virgo-40-sedy-dub-s-chromovymi-uchyty-s522-011-42728\/","og_locale":"cs_CZ","og_type":"article","og_title":"Cenov\u00fd Hit CERSANIT - Zrcadlov\u00e1 sk\u0159\u00ed\u0148ka VIRGO 40 \u0161ed\u00fd dub s chromov\u00fdmi \u00fachyty S522-011 -","og_description":"Detailn\u00ed popis produktu Koupelnov\u00fd n\u00e1bytek z kolekce VIRGO concept je kombinac\u00ed funk\u010dnosti, elegance a modernosti.\u00a0Sk\u0159\u00edn\u011b t\u00e9to \u0159ady maj\u00ed chromovan\u00e1 kovov\u00e1 madla, kter\u00e1 budou perfektn\u011b ladit se zbytkem va\u0161eho koupelnov\u00e9ho vybaven\u00ed.\u00a0Z\u00e1v\u011bsn\u00e9 sk\u0159\u00edn\u011b VIRGO jsou vyrobeny z d\u0159evot\u0159\u00edsky s boky korpusu v barv\u011b \u0161ed\u00e9ho dubu.\u00a0N\u00e1bytkov\u00e1 dv\u00ed\u0159ka jsou vybavena praktick\u00fdm zrcadlem a panty se syst\u00e9mem \u201esoft-close\u201c.\u00a0Uvnit\u0159 sk\u0159\u00edn\u011bk jsou [&hellip;]","og_url":"https:\/\/www.technodompro.com\/index.php\/produkt\/cenovy-hit-cersanit-zrcadlova-skrinka-virgo-40-sedy-dub-s-chromovymi-uchyty-s522-011-42728\/","og_image":[{"width":1000,"height":750,"url":"https:\/\/www.technodompro.com\/wp-content\/uploads\/2026\/SK0016453-CZ20260425-092556-0-1777080363-1249306_cersanit-zrcadlova-skrinka-virgo-40-sedy-dub-s-chro.webp","type":"image\/webp"}],"twitter_card":"summary_large_image","twitter_misc":{"Odhadovan\u00e1 doba \u010dten\u00ed":"1 minuta"},"schema":{"@context":"https:\/\/schema.org","@graph":[{"@type":"WebPage","@id":"https:\/\/www.technodompro.com\/index.php\/produkt\/cenovy-hit-cersanit-zrcadlova-skrinka-virgo-40-sedy-dub-s-chromovymi-uchyty-s522-011-42728\/","url":"https:\/\/www.technodompro.com\/index.php\/produkt\/cenovy-hit-cersanit-zrcadlova-skrinka-virgo-40-sedy-dub-s-chromovymi-uchyty-s522-011-42728\/","name":"Cenov\u00fd Hit CERSANIT - Zrcadlov\u00e1 sk\u0159\u00ed\u0148ka VIRGO 40 \u0161ed\u00fd dub s chromov\u00fdmi \u00fachyty S522-011 -","isPartOf":{"@id":"https:\/\/www.technodompro.com\/#website"},"primaryImageOfPage":{"@id":"https:\/\/www.technodompro.com\/index.php\/produkt\/cenovy-hit-cersanit-zrcadlova-skrinka-virgo-40-sedy-dub-s-chromovymi-uchyty-s522-011-42728\/#primaryimage"},"image":{"@id":"https:\/\/www.technodompro.com\/index.php\/produkt\/cenovy-hit-cersanit-zrcadlova-skrinka-virgo-40-sedy-dub-s-chromovymi-uchyty-s522-011-42728\/#primaryimage"},"thumbnailUrl":"https:\/\/www.technodompro.com\/wp-content\/uploads\/2026\/SK0016453-CZ20260425-092556-0-1777080363-1249306_cersanit-zrcadlova-skrinka-virgo-40-sedy-dub-s-chro.webp","datePublished":"2026-04-27T04:42:24+00:00","breadcrumb":{"@id":"https:\/\/www.technodompro.com\/index.php\/produkt\/cenovy-hit-cersanit-zrcadlova-skrinka-virgo-40-sedy-dub-s-chromovymi-uchyty-s522-011-42728\/#breadcrumb"},"inLanguage":"cs","potentialAction":[{"@type":"ReadAction","target":["https:\/\/www.technodompro.com\/index.php\/produkt\/cenovy-hit-cersanit-zrcadlova-skrinka-virgo-40-sedy-dub-s-chromovymi-uchyty-s522-011-42728\/"]}]},{"@type":"ImageObject","inLanguage":"cs","@id":"https:\/\/www.technodompro.com\/index.php\/produkt\/cenovy-hit-cersanit-zrcadlova-skrinka-virgo-40-sedy-dub-s-chromovymi-uchyty-s522-011-42728\/#primaryimage","url":"https:\/\/www.technodompro.com\/wp-content\/uploads\/2026\/SK0016453-CZ20260425-092556-0-1777080363-1249306_cersanit-zrcadlova-skrinka-virgo-40-sedy-dub-s-chro.webp","contentUrl":"https:\/\/www.technodompro.com\/wp-content\/uploads\/2026\/SK0016453-CZ20260425-092556-0-1777080363-1249306_cersanit-zrcadlova-skrinka-virgo-40-sedy-dub-s-chro.webp","width":1000,"height":750},{"@type":"BreadcrumbList","@id":"https:\/\/www.technodompro.com\/index.php\/produkt\/cenovy-hit-cersanit-zrcadlova-skrinka-virgo-40-sedy-dub-s-chromovymi-uchyty-s522-011-42728\/#breadcrumb","itemListElement":[{"@type":"ListItem","position":1,"name":"Home","item":"https:\/\/www.technodompro.com\/"},{"@type":"ListItem","position":2,"name":"Products","item":"https:\/\/www.technodompro.com\/index.php\/products\/"},{"@type":"ListItem","position":3,"name":"Cenov\u00fd Hit CERSANIT &#8211; Zrcadlov\u00e1 sk\u0159\u00ed\u0148ka VIRGO 40 \u0161ed\u00fd dub s chromov\u00fdmi \u00fachyty S522-011"}]},{"@type":"WebSite","@id":"https:\/\/www.technodompro.com\/#website","url":"https:\/\/www.technodompro.com\/","name":"","description":"","potentialAction":[{"@type":"SearchAction","target":{"@type":"EntryPoint","urlTemplate":"https:\/\/www.technodompro.com\/?s={search_term_string}"},"query-input":{"@type":"PropertyValueSpecification","valueRequired":true,"valueName":"search_term_string"}}],"inLanguage":"cs"}]}},"_links":{"self":[{"href":"https:\/\/www.technodompro.com\/index.php\/wp-json\/wp\/v2\/product\/42728","targetHints":{"allow":["GET"]}}],"collection":[{"href":"https:\/\/www.technodompro.com\/index.php\/wp-json\/wp\/v2\/product"}],"about":[{"href":"https:\/\/www.technodompro.com\/index.php\/wp-json\/wp\/v2\/types\/product"}],"replies":[{"embeddable":true,"href":"https:\/\/www.technodompro.com\/index.php\/wp-json\/wp\/v2\/comments?post=42728"}],"wp:featuredmedia":[{"embeddable":true,"href":"https:\/\/www.technodompro.com\/index.php\/wp-json\/wp\/v2\/media\/42828"}],"wp:attachment":[{"href":"https:\/\/www.technodompro.com\/index.php\/wp-json\/wp\/v2\/media?parent=42728"}],"wp:term":[{"taxonomy":"product_brand","embeddable":true,"href":"https:\/\/www.technodompro.com\/index.php\/wp-json\/wp\/v2\/product_brand?post=42728"},{"taxonomy":"product_cat","embeddable":true,"href":"https:\/\/www.technodompro.com\/index.php\/wp-json\/wp\/v2\/product_cat?post=42728"},{"taxonomy":"product_tag","embeddable":true,"href":"https:\/\/www.technodompro.com\/index.php\/wp-json\/wp\/v2\/product_tag?post=42728"}],"curies":[{"name":"wp","href":"https:\/\/api.w.org\/{rel}","templated":true}]}}