{"id":42760,"date":"2026-04-27T04:42:24","date_gmt":"2026-04-27T04:42:24","guid":{"rendered":""},"modified":"2026-04-27T04:42:24","modified_gmt":"2026-04-27T04:42:24","slug":"super-cena-vanova-zastena-duo-slide-ii-150-150-univerzalni-leve-prave-cire-bezpecnostni-sklo-6-mm-hlinik-lesteny-42760","status":"publish","type":"product","link":"https:\/\/www.technodompro.com\/index.php\/produkt\/super-cena-vanova-zastena-duo-slide-ii-150-150-univerzalni-leve-prave-cire-bezpecnostni-sklo-6-mm-hlinik-lesteny-42760\/","title":{"rendered":"Super Cena Vanov\u00e1 z\u00e1st\u011bna DUO SLIDE II, 150, 150, Univerz\u00e1ln\u00ed Lev\u00e9 \/ Prav\u00e9, \u010cir\u00e9 bezpe\u010dnostn\u00ed sklo &#8211; 6 mm, Hlin\u00edk le\u0161t\u011bn\u00fd"},"content":{"rendered":"<div class=\"basic-description\">\n<h3>Detailn\u00ed popis produktu<\/h3>\n<p>Luxusn\u00ed<strong> vanov\u00e1 z\u00e1st\u011bna\u00a0<\/strong><b>DUO SLIDE II\u00a0<\/b>dokonale chr\u00e1n\u00ed Va\u0161\u00ed koupelnu p\u0159i koup\u00e1n\u00ed i sprchov\u00e1n\u00ed. Je dod\u00e1v\u00e1na v proveden\u00ed s\u00a0<strong>6 mm bezpe\u010dnostn\u00edm sklem\u00a0a\u00a0nab\u00edz\u00ed jednu posuvnou stranu.<\/strong><\/p>\n<p><strong>Bo\u010dn\u00ed panel DUO SLIDE II naleznete zde.<\/strong><\/p>\n<p>Pod\u00edvejte se tak\u00e9 nab\u00eddku designov\u00fdch dopl\u0148k\u016f pro\u00a0tuto elegantn\u00ed vanovou z\u00e1st\u011bnu, kter\u00e9 zv\u00fdrazn\u00ed Va\u0161i novou modern\u00ed koupelnu. Vyberte si z na\u0161\u00ed bohat\u00e9 nab\u00eddky\u00a0vanov\u00e9 baterie,\u00a0sprchov\u00e9 r\u016f\u017eice\u00a0a\u00a0dr\u017e\u00e1ky sprchov\u00fdch r\u016f\u017eic,\u00a0koupelnov\u00e9 poli\u010dky\u00a0a\u00a0dopl\u0148ky ke sprchov\u00e1n\u00ed\u00a0pro snadnou instalaci a \u00fadr\u017ebu\u00a0cel\u00e9 va\u0161\u00ed koupelny.\u00a0<\/p>\n<p>Pro zv\u00fd\u0161en\u00ed komfortu a bezpe\u010dnosti vyu\u017eijte \u0161irokou nab\u00eddku\u00a0madel\u00a0a\u00a0podhlavn\u00edk\u016f\u00a0\u00a0<\/p>\n<p><strong>P\u0159ednosti va\u0148ov\u00e9 z\u00e1st\u011bny<strong>\u00a0<\/strong><\/strong><b>DUO SLIDE II<\/b><strong><strong>:<\/strong><\/strong><\/p>\n<ul>\n<li><strong>Modern\u00ed r\u00e1m:<\/strong>\u00a0le\u0161t\u011bn\u00fd hlin\u00edk<\/li>\n<li>Vanov\u00e1 z\u00e1st\u011bna <strong>do niky<\/strong><\/li>\n<li><strong>Posuvn\u00e9\u00a0otv\u00edr\u00e1n\u00ed<\/strong><\/li>\n<li><strong>Sklo:\u00a0<\/strong>bezpe\u010dnostn\u00ed\u00a0\u010dir\u00e9<strong> 6\u00a0mm\u00a0<\/strong><\/li>\n<li><strong>\u00daspora\u00a0<\/strong>m\u00edsta<\/li>\n<li><strong>Odolnost<\/strong>\u00a0v\u016f\u010di n\u00e1raz\u016fm<\/li>\n<\/ul>\n<ul>\n<li><strong>Z\u00c1RUKA 3 ROKY<\/strong><\/li>\n<\/ul>\n<p><strong>Rozm\u011bry vanov\u00e9 z\u00e1st\u011bny:\u00a0<\/strong><\/p>\n<ul>\n<li>150\u00a0cm \u00d7 150 cm (v), mont\u00e1\u017en\u00ed rozm\u011br 147 &#8211; 151 cm<\/li>\n<li>170\u00a0cm \u00d7 150 cm (v), mont\u00e1\u017en\u00ed rozm\u011br 167 &#8211; 171 cm<\/li>\n<\/ul>\n<\/p><\/div>\n<div class=\"extended-description\">\n<h3>Dopl\u0148kov\u00e9 parametry<\/h3>\n<table class=\"detail-parameters\">\n<tbody>\n<tr>\n<th>        <span class=\"row-header-label\">            Kategorie<span class=\"row-header-label-colon\">:<\/span>        <\/span>    <\/th>\n<td>            <\/td>\n<\/tr>\n<tr>\n<th>            <span class=\"row-header-label\">                Z\u00e1ruka<span class=\"row-header-label-colon\">:<\/span>            <\/span>        <\/th>\n<td>            3 roky        <\/td>\n<\/tr>\n<tr>\n<th>            <span class=\"row-header-label\">                Hmotnost<span class=\"row-header-label-colon\">:<\/span>            <\/span>        <\/th>\n<td>            38 kg        <\/td>\n<\/tr>\n<tr class=\"productEan\">\n<th>          <span class=\"row-header-label productEan__label\">              EAN<span class=\"row-header-label-colon\">:<\/span>          <\/span>      <\/th>\n<td>          <span class=\"productEan__value\">5908239687434<\/span>      <\/td>\n<\/tr>\n<tr>\n<th>                <span class=\"row-header-label\">                                            Barva<span class=\"row-header-label-colon\">:<\/span>                                    <\/span>            <\/th>\n<td>                                                            Hlin\u00edk le\u0161t\u011bn\u00fd                                                <\/td>\n<\/tr>\n<tr>\n<th>                <span class=\"row-header-label\">                                            BARVA r\u00e1mu<span class=\"row-header-label-colon\">:<\/span>                                    <\/span>            <\/th>\n<td>                                                            Hlin\u00edk le\u0161t\u011bn\u00fd                                                <\/td>\n<\/tr>\n<tr>\n<th>                <span class=\"row-header-label\">                                            Bezbari\u00e9rov\u00e9<span class=\"row-header-label-colon\">:<\/span>                                    <\/span>            <\/th>\n<td>                                                            Ne                                                <\/td>\n<\/tr>\n<tr>\n<th>                <span class=\"row-header-label\">                                            Bezr\u00e1mov\u00e9<span class=\"row-header-label-colon\">:<\/span>                                    <\/span>            <\/th>\n<td>                                                            Ne                                                <\/td>\n<\/tr>\n<tr>\n<th>                <span class=\"row-header-label\">                                            Katalog<span class=\"row-header-label-colon\">:<\/span>                                    <\/span>            <\/th>\n<td>                                                            HOPA Koupelny                                                <\/td>\n<\/tr>\n<tr>\n<th>                <span class=\"row-header-label\">                                            Materi\u00e1l<span class=\"row-header-label-colon\">:<\/span>                                    <\/span>            <\/th>\n<td>                                                            Hlin\u00edk                                                <\/td>\n<\/tr>\n<tr>\n<th>                <span class=\"row-header-label\">                                            Rozm\u011br A<span class=\"row-header-label-colon\">:<\/span>                                    <\/span>            <\/th>\n<td>                                                            150 cm,170 cm                                                <\/td>\n<\/tr>\n<tr>\n<th>                <span class=\"row-header-label\">                                            Rozm\u011br C<span class=\"row-header-label-colon\">:<\/span>                                    <\/span>            <\/th>\n<td>                                                            150 cm                                                <\/td>\n<\/tr>\n<tr>\n<th>                <span class=\"row-header-label\">                                            S\u00e9rie<span class=\"row-header-label-colon\">:<\/span>                                    <\/span>            <\/th>\n<td>                                                            Slide,DUO SLIDE                                                <\/td>\n<\/tr>\n<tr>\n<th>                <span class=\"row-header-label\">                                            Skupina artiklu<span class=\"row-header-label-colon\">:<\/span>                                    <\/span>            <\/th>\n<td>                                                            S03B                                                <\/td>\n<\/tr>\n<tr>\n<th>                <span class=\"row-header-label\">                                            Sm\u011br zav\u00edr\u00e1n\u00ed<span class=\"row-header-label-colon\">:<\/span>                                    <\/span>            <\/th>\n<td>                                                            Univerz\u00e1ln\u00ed Lev\u00e9 \/ Prav\u00e9                                                <\/td>\n<\/tr>\n<tr>\n<th>                <span class=\"row-header-label\">                                            \u0160\u00ed\u0159ka<span class=\"row-header-label-colon\">:<\/span>                                    <\/span>            <\/th>\n<td>                                                            150                                                <\/td>\n<\/tr>\n<tr>\n<th>                <span class=\"row-header-label\">                                            Typ otv\u00edr\u00e1n\u00ed<span class=\"row-header-label-colon\">:<\/span>                                    <\/span>            <\/th>\n<td>                                                            Posuvn\u00e9                                                <\/td>\n<\/tr>\n<tr>\n<th>                <span class=\"row-header-label\">                                            V\u00fdpl\u0148<span class=\"row-header-label-colon\">:<\/span>                                    <\/span>            <\/th>\n<td>                                                            \u010cir\u00e9 bezpe\u010dnostn\u00ed sklo &#8211; 6 mm                                                <\/td>\n<\/tr>\n<tr>\n<th>                <span class=\"row-header-label\">                                            V\u00fd\u0161ka<span class=\"row-header-label-colon\">:<\/span>                                    <\/span>            <\/th>\n<td>                                                            150                                                <\/td>\n<\/tr>\n<tr>\n<th>                <span class=\"row-header-label\">                                            Z\u00e1ruka<span class=\"row-header-label-colon\">:<\/span>                                    <\/span>            <\/th>\n<td>                                                            3 roky                                                <\/td>\n<\/tr>\n<\/tbody>\n<\/table><\/div>\n<\/p><\/div>\n<\/p><\/div>\n","protected":false},"excerpt":{"rendered":"<p>Detailn\u00ed popis produktu Luxusn\u00ed vanov\u00e1 z\u00e1st\u011bna\u00a0DUO SLIDE II\u00a0dokonale chr\u00e1n\u00ed Va\u0161\u00ed koupelnu p\u0159i koup\u00e1n\u00ed i sprchov\u00e1n\u00ed. Je dod\u00e1v\u00e1na v proveden\u00ed s\u00a06 mm bezpe\u010dnostn\u00edm sklem\u00a0a\u00a0nab\u00edz\u00ed jednu posuvnou stranu. Bo\u010dn\u00ed panel DUO SLIDE II naleznete zde. Pod\u00edvejte se tak\u00e9 nab\u00eddku designov\u00fdch dopl\u0148k\u016f pro\u00a0tuto elegantn\u00ed vanovou z\u00e1st\u011bnu, kter\u00e9 zv\u00fdrazn\u00ed Va\u0161i novou modern\u00ed koupelnu. Vyberte si z na\u0161\u00ed bohat\u00e9 nab\u00eddky\u00a0vanov\u00e9 [&hellip;]<\/p>\n","protected":false},"featured_media":42860,"comment_status":"open","ping_status":"open","template":"","meta":[],"product_brand":[],"product_cat":[55],"product_tag":[],"class_list":{"0":"post-42760","1":"product","2":"type-product","3":"status-publish","4":"has-post-thumbnail","6":"product_cat-vanove-zasteny","8":"first","9":"instock","10":"sale","11":"shipping-taxable","12":"purchasable","13":"product-type-simple"},"yoast_head":"<!-- This site is optimized with the Yoast SEO plugin v26.8 - https:\/\/yoast.com\/product\/yoast-seo-wordpress\/ -->\n<title>Super Cena Vanov\u00e1 z\u00e1st\u011bna DUO SLIDE II, 150, 150, Univerz\u00e1ln\u00ed Lev\u00e9 \/ Prav\u00e9, \u010cir\u00e9 bezpe\u010dnostn\u00ed sklo - 6 mm, Hlin\u00edk le\u0161t\u011bn\u00fd -<\/title>\n<meta name=\"robots\" content=\"index, follow, max-snippet:-1, max-image-preview:large, max-video-preview:-1\" \/>\n<link rel=\"canonical\" href=\"https:\/\/www.technodompro.com\/index.php\/produkt\/super-cena-vanova-zastena-duo-slide-ii-150-150-univerzalni-leve-prave-cire-bezpecnostni-sklo-6-mm-hlinik-lesteny-42760\/\" \/>\n<meta property=\"og:locale\" content=\"cs_CZ\" \/>\n<meta property=\"og:type\" content=\"article\" \/>\n<meta property=\"og:title\" content=\"Super Cena Vanov\u00e1 z\u00e1st\u011bna DUO SLIDE II, 150, 150, Univerz\u00e1ln\u00ed Lev\u00e9 \/ Prav\u00e9, \u010cir\u00e9 bezpe\u010dnostn\u00ed sklo - 6 mm, Hlin\u00edk le\u0161t\u011bn\u00fd -\" \/>\n<meta property=\"og:description\" content=\"Detailn\u00ed popis produktu Luxusn\u00ed vanov\u00e1 z\u00e1st\u011bna\u00a0DUO SLIDE II\u00a0dokonale chr\u00e1n\u00ed Va\u0161\u00ed koupelnu p\u0159i koup\u00e1n\u00ed i sprchov\u00e1n\u00ed. Je dod\u00e1v\u00e1na v proveden\u00ed s\u00a06 mm bezpe\u010dnostn\u00edm sklem\u00a0a\u00a0nab\u00edz\u00ed jednu posuvnou stranu. Bo\u010dn\u00ed panel DUO SLIDE II naleznete zde. Pod\u00edvejte se tak\u00e9 nab\u00eddku designov\u00fdch dopl\u0148k\u016f pro\u00a0tuto elegantn\u00ed vanovou z\u00e1st\u011bnu, kter\u00e9 zv\u00fdrazn\u00ed Va\u0161i novou modern\u00ed koupelnu. Vyberte si z na\u0161\u00ed bohat\u00e9 nab\u00eddky\u00a0vanov\u00e9 [&hellip;]\" \/>\n<meta property=\"og:url\" content=\"https:\/\/www.technodompro.com\/index.php\/produkt\/super-cena-vanova-zastena-duo-slide-ii-150-150-univerzalni-leve-prave-cire-bezpecnostni-sklo-6-mm-hlinik-lesteny-42760\/\" \/>\n<meta property=\"og:image\" content=\"https:\/\/www.technodompro.com\/wp-content\/uploads\/2026\/SK0016489-CZ20260425-092556-0-1777080363-1279681_vanova-zastena-duo-slide-ii.webp\" \/>\n\t<meta property=\"og:image:width\" content=\"1000\" \/>\n\t<meta property=\"og:image:height\" content=\"750\" \/>\n\t<meta property=\"og:image:type\" content=\"image\/webp\" \/>\n<meta name=\"twitter:card\" content=\"summary_large_image\" \/>\n<meta name=\"twitter:label1\" content=\"Odhadovan\u00e1 doba \u010dten\u00ed\" \/>\n\t<meta name=\"twitter:data1\" content=\"1 minuta\" \/>\n<script type=\"application\/ld+json\" class=\"yoast-schema-graph\">{\"@context\":\"https:\/\/schema.org\",\"@graph\":[{\"@type\":\"WebPage\",\"@id\":\"https:\/\/www.technodompro.com\/index.php\/produkt\/super-cena-vanova-zastena-duo-slide-ii-150-150-univerzalni-leve-prave-cire-bezpecnostni-sklo-6-mm-hlinik-lesteny-42760\/\",\"url\":\"https:\/\/www.technodompro.com\/index.php\/produkt\/super-cena-vanova-zastena-duo-slide-ii-150-150-univerzalni-leve-prave-cire-bezpecnostni-sklo-6-mm-hlinik-lesteny-42760\/\",\"name\":\"Super Cena Vanov\u00e1 z\u00e1st\u011bna DUO SLIDE II, 150, 150, Univerz\u00e1ln\u00ed Lev\u00e9 \/ Prav\u00e9, \u010cir\u00e9 bezpe\u010dnostn\u00ed sklo - 6 mm, Hlin\u00edk le\u0161t\u011bn\u00fd -\",\"isPartOf\":{\"@id\":\"https:\/\/www.technodompro.com\/#website\"},\"primaryImageOfPage\":{\"@id\":\"https:\/\/www.technodompro.com\/index.php\/produkt\/super-cena-vanova-zastena-duo-slide-ii-150-150-univerzalni-leve-prave-cire-bezpecnostni-sklo-6-mm-hlinik-lesteny-42760\/#primaryimage\"},\"image\":{\"@id\":\"https:\/\/www.technodompro.com\/index.php\/produkt\/super-cena-vanova-zastena-duo-slide-ii-150-150-univerzalni-leve-prave-cire-bezpecnostni-sklo-6-mm-hlinik-lesteny-42760\/#primaryimage\"},\"thumbnailUrl\":\"https:\/\/www.technodompro.com\/wp-content\/uploads\/2026\/SK0016489-CZ20260425-092556-0-1777080363-1279681_vanova-zastena-duo-slide-ii.webp\",\"datePublished\":\"2026-04-27T04:42:24+00:00\",\"breadcrumb\":{\"@id\":\"https:\/\/www.technodompro.com\/index.php\/produkt\/super-cena-vanova-zastena-duo-slide-ii-150-150-univerzalni-leve-prave-cire-bezpecnostni-sklo-6-mm-hlinik-lesteny-42760\/#breadcrumb\"},\"inLanguage\":\"cs\",\"potentialAction\":[{\"@type\":\"ReadAction\",\"target\":[\"https:\/\/www.technodompro.com\/index.php\/produkt\/super-cena-vanova-zastena-duo-slide-ii-150-150-univerzalni-leve-prave-cire-bezpecnostni-sklo-6-mm-hlinik-lesteny-42760\/\"]}]},{\"@type\":\"ImageObject\",\"inLanguage\":\"cs\",\"@id\":\"https:\/\/www.technodompro.com\/index.php\/produkt\/super-cena-vanova-zastena-duo-slide-ii-150-150-univerzalni-leve-prave-cire-bezpecnostni-sklo-6-mm-hlinik-lesteny-42760\/#primaryimage\",\"url\":\"https:\/\/www.technodompro.com\/wp-content\/uploads\/2026\/SK0016489-CZ20260425-092556-0-1777080363-1279681_vanova-zastena-duo-slide-ii.webp\",\"contentUrl\":\"https:\/\/www.technodompro.com\/wp-content\/uploads\/2026\/SK0016489-CZ20260425-092556-0-1777080363-1279681_vanova-zastena-duo-slide-ii.webp\",\"width\":1000,\"height\":750},{\"@type\":\"BreadcrumbList\",\"@id\":\"https:\/\/www.technodompro.com\/index.php\/produkt\/super-cena-vanova-zastena-duo-slide-ii-150-150-univerzalni-leve-prave-cire-bezpecnostni-sklo-6-mm-hlinik-lesteny-42760\/#breadcrumb\",\"itemListElement\":[{\"@type\":\"ListItem\",\"position\":1,\"name\":\"Home\",\"item\":\"https:\/\/www.technodompro.com\/\"},{\"@type\":\"ListItem\",\"position\":2,\"name\":\"Products\",\"item\":\"https:\/\/www.technodompro.com\/index.php\/products\/\"},{\"@type\":\"ListItem\",\"position\":3,\"name\":\"Super Cena Vanov\u00e1 z\u00e1st\u011bna DUO SLIDE II, 150, 150, Univerz\u00e1ln\u00ed Lev\u00e9 \/ Prav\u00e9, \u010cir\u00e9 bezpe\u010dnostn\u00ed sklo &#8211; 6 mm, Hlin\u00edk le\u0161t\u011bn\u00fd\"}]},{\"@type\":\"WebSite\",\"@id\":\"https:\/\/www.technodompro.com\/#website\",\"url\":\"https:\/\/www.technodompro.com\/\",\"name\":\"\",\"description\":\"\",\"potentialAction\":[{\"@type\":\"SearchAction\",\"target\":{\"@type\":\"EntryPoint\",\"urlTemplate\":\"https:\/\/www.technodompro.com\/?s={search_term_string}\"},\"query-input\":{\"@type\":\"PropertyValueSpecification\",\"valueRequired\":true,\"valueName\":\"search_term_string\"}}],\"inLanguage\":\"cs\"}]}<\/script>\n<!-- \/ Yoast SEO plugin. -->","yoast_head_json":{"title":"Super Cena Vanov\u00e1 z\u00e1st\u011bna DUO SLIDE II, 150, 150, Univerz\u00e1ln\u00ed Lev\u00e9 \/ Prav\u00e9, \u010cir\u00e9 bezpe\u010dnostn\u00ed sklo - 6 mm, Hlin\u00edk le\u0161t\u011bn\u00fd -","robots":{"index":"index","follow":"follow","max-snippet":"max-snippet:-1","max-image-preview":"max-image-preview:large","max-video-preview":"max-video-preview:-1"},"canonical":"https:\/\/www.technodompro.com\/index.php\/produkt\/super-cena-vanova-zastena-duo-slide-ii-150-150-univerzalni-leve-prave-cire-bezpecnostni-sklo-6-mm-hlinik-lesteny-42760\/","og_locale":"cs_CZ","og_type":"article","og_title":"Super Cena Vanov\u00e1 z\u00e1st\u011bna DUO SLIDE II, 150, 150, Univerz\u00e1ln\u00ed Lev\u00e9 \/ Prav\u00e9, \u010cir\u00e9 bezpe\u010dnostn\u00ed sklo - 6 mm, Hlin\u00edk le\u0161t\u011bn\u00fd -","og_description":"Detailn\u00ed popis produktu Luxusn\u00ed vanov\u00e1 z\u00e1st\u011bna\u00a0DUO SLIDE II\u00a0dokonale chr\u00e1n\u00ed Va\u0161\u00ed koupelnu p\u0159i koup\u00e1n\u00ed i sprchov\u00e1n\u00ed. Je dod\u00e1v\u00e1na v proveden\u00ed s\u00a06 mm bezpe\u010dnostn\u00edm sklem\u00a0a\u00a0nab\u00edz\u00ed jednu posuvnou stranu. Bo\u010dn\u00ed panel DUO SLIDE II naleznete zde. Pod\u00edvejte se tak\u00e9 nab\u00eddku designov\u00fdch dopl\u0148k\u016f pro\u00a0tuto elegantn\u00ed vanovou z\u00e1st\u011bnu, kter\u00e9 zv\u00fdrazn\u00ed Va\u0161i novou modern\u00ed koupelnu. Vyberte si z na\u0161\u00ed bohat\u00e9 nab\u00eddky\u00a0vanov\u00e9 [&hellip;]","og_url":"https:\/\/www.technodompro.com\/index.php\/produkt\/super-cena-vanova-zastena-duo-slide-ii-150-150-univerzalni-leve-prave-cire-bezpecnostni-sklo-6-mm-hlinik-lesteny-42760\/","og_image":[{"width":1000,"height":750,"url":"https:\/\/www.technodompro.com\/wp-content\/uploads\/2026\/SK0016489-CZ20260425-092556-0-1777080363-1279681_vanova-zastena-duo-slide-ii.webp","type":"image\/webp"}],"twitter_card":"summary_large_image","twitter_misc":{"Odhadovan\u00e1 doba \u010dten\u00ed":"1 minuta"},"schema":{"@context":"https:\/\/schema.org","@graph":[{"@type":"WebPage","@id":"https:\/\/www.technodompro.com\/index.php\/produkt\/super-cena-vanova-zastena-duo-slide-ii-150-150-univerzalni-leve-prave-cire-bezpecnostni-sklo-6-mm-hlinik-lesteny-42760\/","url":"https:\/\/www.technodompro.com\/index.php\/produkt\/super-cena-vanova-zastena-duo-slide-ii-150-150-univerzalni-leve-prave-cire-bezpecnostni-sklo-6-mm-hlinik-lesteny-42760\/","name":"Super Cena Vanov\u00e1 z\u00e1st\u011bna DUO SLIDE II, 150, 150, Univerz\u00e1ln\u00ed Lev\u00e9 \/ Prav\u00e9, \u010cir\u00e9 bezpe\u010dnostn\u00ed sklo - 6 mm, Hlin\u00edk le\u0161t\u011bn\u00fd -","isPartOf":{"@id":"https:\/\/www.technodompro.com\/#website"},"primaryImageOfPage":{"@id":"https:\/\/www.technodompro.com\/index.php\/produkt\/super-cena-vanova-zastena-duo-slide-ii-150-150-univerzalni-leve-prave-cire-bezpecnostni-sklo-6-mm-hlinik-lesteny-42760\/#primaryimage"},"image":{"@id":"https:\/\/www.technodompro.com\/index.php\/produkt\/super-cena-vanova-zastena-duo-slide-ii-150-150-univerzalni-leve-prave-cire-bezpecnostni-sklo-6-mm-hlinik-lesteny-42760\/#primaryimage"},"thumbnailUrl":"https:\/\/www.technodompro.com\/wp-content\/uploads\/2026\/SK0016489-CZ20260425-092556-0-1777080363-1279681_vanova-zastena-duo-slide-ii.webp","datePublished":"2026-04-27T04:42:24+00:00","breadcrumb":{"@id":"https:\/\/www.technodompro.com\/index.php\/produkt\/super-cena-vanova-zastena-duo-slide-ii-150-150-univerzalni-leve-prave-cire-bezpecnostni-sklo-6-mm-hlinik-lesteny-42760\/#breadcrumb"},"inLanguage":"cs","potentialAction":[{"@type":"ReadAction","target":["https:\/\/www.technodompro.com\/index.php\/produkt\/super-cena-vanova-zastena-duo-slide-ii-150-150-univerzalni-leve-prave-cire-bezpecnostni-sklo-6-mm-hlinik-lesteny-42760\/"]}]},{"@type":"ImageObject","inLanguage":"cs","@id":"https:\/\/www.technodompro.com\/index.php\/produkt\/super-cena-vanova-zastena-duo-slide-ii-150-150-univerzalni-leve-prave-cire-bezpecnostni-sklo-6-mm-hlinik-lesteny-42760\/#primaryimage","url":"https:\/\/www.technodompro.com\/wp-content\/uploads\/2026\/SK0016489-CZ20260425-092556-0-1777080363-1279681_vanova-zastena-duo-slide-ii.webp","contentUrl":"https:\/\/www.technodompro.com\/wp-content\/uploads\/2026\/SK0016489-CZ20260425-092556-0-1777080363-1279681_vanova-zastena-duo-slide-ii.webp","width":1000,"height":750},{"@type":"BreadcrumbList","@id":"https:\/\/www.technodompro.com\/index.php\/produkt\/super-cena-vanova-zastena-duo-slide-ii-150-150-univerzalni-leve-prave-cire-bezpecnostni-sklo-6-mm-hlinik-lesteny-42760\/#breadcrumb","itemListElement":[{"@type":"ListItem","position":1,"name":"Home","item":"https:\/\/www.technodompro.com\/"},{"@type":"ListItem","position":2,"name":"Products","item":"https:\/\/www.technodompro.com\/index.php\/products\/"},{"@type":"ListItem","position":3,"name":"Super Cena Vanov\u00e1 z\u00e1st\u011bna DUO SLIDE II, 150, 150, Univerz\u00e1ln\u00ed Lev\u00e9 \/ Prav\u00e9, \u010cir\u00e9 bezpe\u010dnostn\u00ed sklo &#8211; 6 mm, Hlin\u00edk le\u0161t\u011bn\u00fd"}]},{"@type":"WebSite","@id":"https:\/\/www.technodompro.com\/#website","url":"https:\/\/www.technodompro.com\/","name":"","description":"","potentialAction":[{"@type":"SearchAction","target":{"@type":"EntryPoint","urlTemplate":"https:\/\/www.technodompro.com\/?s={search_term_string}"},"query-input":{"@type":"PropertyValueSpecification","valueRequired":true,"valueName":"search_term_string"}}],"inLanguage":"cs"}]}},"_links":{"self":[{"href":"https:\/\/www.technodompro.com\/index.php\/wp-json\/wp\/v2\/product\/42760","targetHints":{"allow":["GET"]}}],"collection":[{"href":"https:\/\/www.technodompro.com\/index.php\/wp-json\/wp\/v2\/product"}],"about":[{"href":"https:\/\/www.technodompro.com\/index.php\/wp-json\/wp\/v2\/types\/product"}],"replies":[{"embeddable":true,"href":"https:\/\/www.technodompro.com\/index.php\/wp-json\/wp\/v2\/comments?post=42760"}],"wp:featuredmedia":[{"embeddable":true,"href":"https:\/\/www.technodompro.com\/index.php\/wp-json\/wp\/v2\/media\/42860"}],"wp:attachment":[{"href":"https:\/\/www.technodompro.com\/index.php\/wp-json\/wp\/v2\/media?parent=42760"}],"wp:term":[{"taxonomy":"product_brand","embeddable":true,"href":"https:\/\/www.technodompro.com\/index.php\/wp-json\/wp\/v2\/product_brand?post=42760"},{"taxonomy":"product_cat","embeddable":true,"href":"https:\/\/www.technodompro.com\/index.php\/wp-json\/wp\/v2\/product_cat?post=42760"},{"taxonomy":"product_tag","embeddable":true,"href":"https:\/\/www.technodompro.com\/index.php\/wp-json\/wp\/v2\/product_tag?post=42760"}],"curies":[{"name":"wp","href":"https:\/\/api.w.org\/{rel}","templated":true}]}}