{"id":42922,"date":"2026-04-27T04:42:24","date_gmt":"2026-04-27T04:42:24","guid":{"rendered":""},"modified":"2026-04-27T04:42:24","modified_gmt":"2026-04-27T04:42:24","slug":"zrcadlo-60-x-70-cm-s-led-osvetlenim-a-funkci-proti-zamlzovani-dotykovy-spinac-cenove-vyhodny-42922","status":"publish","type":"product","link":"https:\/\/www.technodompro.com\/index.php\/produkt\/zrcadlo-60-x-70-cm-s-led-osvetlenim-a-funkci-proti-zamlzovani-dotykovy-spinac-cenove-vyhodny-42922\/","title":{"rendered":"Zrcadlo 60 x 70 cm, s LED osv\u011btlen\u00edm a funkc\u00ed proti zaml\u017eov\u00e1n\u00ed, dotykov\u00fd sp\u00edna\u010d Cenov\u011b V\u00fdhodn\u00fd"},"content":{"rendered":"<div class=\"basic-description\">\n<h3>Detailn\u00ed popis produktu<\/h3>\n<p>Toto stylov\u00e9 zrcadlo o rozm\u011brech 60 x 70 cm v sob\u011b spojuje <strong>modern\u00ed LED osv\u011btlen\u00ed<\/strong> a <strong>funkci proti zaml\u017eov\u00e1n\u00ed<\/strong>, kter\u00e1 zajist\u00ed v\u017edy \u010dist\u00fd povrch. <strong>Dotykov\u00fd sp\u00edna\u010d<\/strong> umo\u017e\u0148uje snadn\u00e9 ovl\u00e1d\u00e1n\u00ed osv\u011btlen\u00ed a p\u0159id\u00e1v\u00e1 zrcadlu na u\u017eivatelsk\u00e9m komfortu. Kompaktn\u00ed design a ochrana <strong>IP44<\/strong> d\u011blaj\u00ed z tohoto zrcadla praktickou volbu pro ka\u017edou koupelnu.<\/p>\n<h3>Vlastnosti produktu:<\/h3>\n<ul>\n<li><strong>LED osv\u011btlen\u00ed<\/strong>: Jasn\u00e9, \u00fasporn\u00e9 a optim\u00e1ln\u00ed pro ka\u017edodenn\u00ed pou\u017eit\u00ed.<\/li>\n<li><strong>Funkce odml\u017eov\u00e1n\u00ed<\/strong>: Zrcadlo z\u016fst\u00e1v\u00e1 v\u017edy \u010dist\u00e9 a p\u0159ipraven\u00e9 k pou\u017eit\u00ed.<\/li>\n<li><strong>Dotykov\u00fd sp\u00edna\u010d<\/strong>: Intuitivn\u00ed ovl\u00e1d\u00e1n\u00ed osv\u011btlen\u00ed.<\/li>\n<li><strong>Ochrana IP44<\/strong>: Vhodn\u00e9 do vlhk\u00e9ho prost\u0159ed\u00ed koupelen.<\/li>\n<li><strong>Rozm\u011br 60 x 70 cm<\/strong>: Praktick\u00e1 velikost pro r\u016fzn\u00e9 prostory.<\/li>\n<\/ul>\n<h3>V\u00fdhody:<\/h3>\n<ul>\n<li><strong>\u010cist\u00e9 zrcadlo bez zaml\u017een\u00ed<\/strong> i v koupeln\u00e1ch s vysokou vlhkost\u00ed.<\/li>\n<li><strong>\u00dasporn\u00e9 osv\u011btlen\u00ed<\/strong> s dlouhou \u017eivotnost\u00ed.<\/li>\n<li><strong>Modern\u00ed design<\/strong> se snadn\u00fdm dotykov\u00fdm ovl\u00e1d\u00e1n\u00edm.<\/li>\n<li><strong>Kompaktn\u00ed rozm\u011bry<\/strong>, ide\u00e1ln\u00ed pro men\u0161\u00ed i st\u0159edn\u00ed koupelny.<\/li>\n<li><strong>Pohodln\u00e9 p\u0159ipojen\u00ed<\/strong>. Zrcadlo je ze zadn\u00ed \u010d\u00e1sti otev\u0159en\u00e9 a je tak mo\u017en\u00e9 pohodln\u011b p\u0159ipojit do elektrick\u00e9ho syst\u00e9mu.<\/li>\n<li><strong>Jednoduch\u00e1 instalace<\/strong>. Zrcadlo m\u00e1 ze zadn\u00ed strany hlin\u00edkov\u00fd r\u00e1m, kter\u00fd m\u00e1 p\u0159ipraven\u00e9 otvory pro instalaci na ze\u010f. \u0160rouby i hmo\u017edinky jsou sou\u010d\u00e1st\u00ed balen\u00ed. R\u00e1m je od okraje vzd\u00e1len 2,5 cm a nenaru\u0161uje tak design zrcadla a nen\u00ed viditeln\u00fd ani z bo\u010dn\u00edch \u00fahl\u016f. R\u00e1m slou\u017e\u00ed z\u00e1rove\u0148 jako distanc od zdi, pro \u00fa\u010dinn\u011bj\u0161\u00ed chlazen\u00ed nap\u00e1jec\u00edho trafa.<\/li>\n<li><strong>Bezpe\u010dn\u00e9 balen\u00ed<\/strong>. Zrcadlo je baleno do dvojit\u00e9ho kartonu a chr\u00e1n\u011bno tvarovan\u00fdm polystyrenem s pevnou v\u00fdztuhou roh\u016f. Na odrazov\u00e9 \u010d\u00e1sti zrcadla je instalov\u00e1na bezpe\u010dnostn\u00ed f\u00f3lie.<\/li>\n<\/ul>\n<p>Toto zrcadlo je elegantn\u00ed a praktick\u00e9 \u0159e\u0161en\u00ed pro modern\u00ed koupelny, kter\u00e9 kombinuje styl a funk\u010dnost.<\/p>\n<\/p><\/div>\n<div class=\"extended-description\">\n<h3>Dopl\u0148kov\u00e9 parametry<\/h3>\n<table class=\"detail-parameters\">\n<tbody>\n<tr>\n<th>        <span class=\"row-header-label\">            Kategorie<span class=\"row-header-label-colon\">:<\/span>        <\/span>    <\/th>\n<td>            <\/td>\n<\/tr>\n<tr>\n<th>            <span class=\"row-header-label\">                Z\u00e1ruka<span class=\"row-header-label-colon\">:<\/span>            <\/span>        <\/th>\n<td>            2 roky        <\/td>\n<\/tr>\n<tr>\n<th>            <span class=\"row-header-label\">                Hmotnost<span class=\"row-header-label-colon\">:<\/span>            <\/span>        <\/th>\n<td>            10.2 kg        <\/td>\n<\/tr>\n<tr>\n<th>                <span class=\"row-header-label\">                                            Dostupnost<span class=\"row-header-label-colon\">:<\/span>                                    <\/span>            <\/th>\n<td>                                                            Skladem                                                <\/td>\n<\/tr>\n<tr>\n<th>                <span class=\"row-header-label\">                                            Hloubka<span class=\"row-header-label-colon\">:<\/span>                                    <\/span>            <\/th>\n<td>                                                            3 cm                                                <\/td>\n<\/tr>\n<tr>\n<th>                <span class=\"row-header-label\">                                            Kryt\u00ed<span class=\"row-header-label-colon\">:<\/span>                                    <\/span>            <\/th>\n<td>                                                            IP44                                                <\/td>\n<\/tr>\n<tr>\n<th>                <span class=\"row-header-label\">                                            Objednac\u00ed k\u00f3d<span class=\"row-header-label-colon\">:<\/span>                                    <\/span>            <\/th>\n<td>                                                            BSSMLS7006H                                                <\/td>\n<\/tr>\n<tr>\n<th>                <span class=\"row-header-label\">                                            P\u0159\u00edkon<span class=\"row-header-label-colon\">:<\/span>                                    <\/span>            <\/th>\n<td>                                                            8,3 W                                                <\/td>\n<\/tr>\n<tr>\n<th>                <span class=\"row-header-label\">                                            Rozm\u011br<span class=\"row-header-label-colon\">:<\/span>                                    <\/span>            <\/th>\n<td>                                                            60 x 70 x 3 cm                                                <\/td>\n<\/tr>\n<tr>\n<th>                <span class=\"row-header-label\">                                            Sv\u011bteln\u00fd tok<span class=\"row-header-label-colon\">:<\/span>                                    <\/span>            <\/th>\n<td>                                                            742 lm                                                <\/td>\n<\/tr>\n<tr>\n<th>                <span class=\"row-header-label\">                                            \u0160\u00ed\u0159ka<span class=\"row-header-label-colon\">:<\/span>                                    <\/span>            <\/th>\n<td>                                                            60 cm                                                <\/td>\n<\/tr>\n<tr>\n<th>                <span class=\"row-header-label\">                                            Typ osv\u011btlen\u00ed<span class=\"row-header-label-colon\">:<\/span>                                    <\/span>            <\/th>\n<td>                                                            LED                                                <\/td>\n<\/tr>\n<tr>\n<th>                <span class=\"row-header-label\">                                            Typ zrcadla<span class=\"row-header-label-colon\">:<\/span>                                    <\/span>            <\/th>\n<td>                                                            Podsv\u00edcen\u00e1 zrcadla                                                <\/td>\n<\/tr>\n<tr>\n<th>                <span class=\"row-header-label\">                                            V\u00fdbava<span class=\"row-header-label-colon\">:<\/span>                                    <\/span>            <\/th>\n<td>                                                            LED osv\u011btlen\u00ed, syst\u00e9m proti zaml\u017eov\u00e1n\u00ed, nastaviteln\u00e1 barva sv\u011btla, dotykov\u00fd sp\u00edna\u010dov\u00e1n\u00ed                                                <\/td>\n<\/tr>\n<tr>\n<th>                <span class=\"row-header-label\">                                            V\u00fdrobce<span class=\"row-header-label-colon\">:<\/span>                                    <\/span>            <\/th>\n<td>                                                            bss                                                <\/td>\n<\/tr>\n<tr>\n<th>                <span class=\"row-header-label\">                                            V\u00fd\u0161ka<span class=\"row-header-label-colon\">:<\/span>                                    <\/span>            <\/th>\n<td>                                                            70 cm                                                <\/td>\n<\/tr>\n<tr>\n<th>                <span class=\"row-header-label\">                                            Z\u00e1ruka<span class=\"row-header-label-colon\">:<\/span>                                    <\/span>            <\/th>\n<td>                                                            24 m\u011bs\u00edc\u016f                                                <\/td>\n<\/tr>\n<\/tbody>\n<\/table><\/div>\n<\/p><\/div>\n<\/p><\/div>\n","protected":false},"excerpt":{"rendered":"<p>Detailn\u00ed popis produktu Toto stylov\u00e9 zrcadlo o rozm\u011brech 60 x 70 cm v sob\u011b spojuje modern\u00ed LED osv\u011btlen\u00ed a funkci proti zaml\u017eov\u00e1n\u00ed, kter\u00e1 zajist\u00ed v\u017edy \u010dist\u00fd povrch. Dotykov\u00fd sp\u00edna\u010d umo\u017e\u0148uje snadn\u00e9 ovl\u00e1d\u00e1n\u00ed osv\u011btlen\u00ed a p\u0159id\u00e1v\u00e1 zrcadlu na u\u017eivatelsk\u00e9m komfortu. Kompaktn\u00ed design a ochrana IP44 d\u011blaj\u00ed z tohoto zrcadla praktickou volbu pro ka\u017edou koupelnu. Vlastnosti produktu: [&hellip;]<\/p>\n","protected":false},"featured_media":43022,"comment_status":"open","ping_status":"open","template":"","meta":[],"product_brand":[],"product_cat":[59],"product_tag":[],"class_list":{"0":"post-42922","1":"product","2":"type-product","3":"status-publish","4":"has-post-thumbnail","6":"product_cat-zrcadla","8":"first","9":"instock","10":"sale","11":"shipping-taxable","12":"purchasable","13":"product-type-simple"},"yoast_head":"<!-- This site is optimized with the Yoast SEO plugin v26.8 - https:\/\/yoast.com\/product\/yoast-seo-wordpress\/ -->\n<title>Zrcadlo 60 x 70 cm, s LED osv\u011btlen\u00edm a funkc\u00ed proti zaml\u017eov\u00e1n\u00ed, dotykov\u00fd sp\u00edna\u010d Cenov\u011b V\u00fdhodn\u00fd -<\/title>\n<meta name=\"robots\" content=\"index, follow, max-snippet:-1, max-image-preview:large, max-video-preview:-1\" \/>\n<link rel=\"canonical\" href=\"https:\/\/www.technodompro.com\/index.php\/produkt\/zrcadlo-60-x-70-cm-s-led-osvetlenim-a-funkci-proti-zamlzovani-dotykovy-spinac-cenove-vyhodny-42922\/\" \/>\n<meta property=\"og:locale\" content=\"cs_CZ\" \/>\n<meta property=\"og:type\" content=\"article\" \/>\n<meta property=\"og:title\" content=\"Zrcadlo 60 x 70 cm, s LED osv\u011btlen\u00edm a funkc\u00ed proti zaml\u017eov\u00e1n\u00ed, dotykov\u00fd sp\u00edna\u010d Cenov\u011b V\u00fdhodn\u00fd -\" \/>\n<meta property=\"og:description\" content=\"Detailn\u00ed popis produktu Toto stylov\u00e9 zrcadlo o rozm\u011brech 60 x 70 cm v sob\u011b spojuje modern\u00ed LED osv\u011btlen\u00ed a funkci proti zaml\u017eov\u00e1n\u00ed, kter\u00e1 zajist\u00ed v\u017edy \u010dist\u00fd povrch. Dotykov\u00fd sp\u00edna\u010d umo\u017e\u0148uje snadn\u00e9 ovl\u00e1d\u00e1n\u00ed osv\u011btlen\u00ed a p\u0159id\u00e1v\u00e1 zrcadlu na u\u017eivatelsk\u00e9m komfortu. Kompaktn\u00ed design a ochrana IP44 d\u011blaj\u00ed z tohoto zrcadla praktickou volbu pro ka\u017edou koupelnu. Vlastnosti produktu: [&hellip;]\" \/>\n<meta property=\"og:url\" content=\"https:\/\/www.technodompro.com\/index.php\/produkt\/zrcadlo-60-x-70-cm-s-led-osvetlenim-a-funkci-proti-zamlzovani-dotykovy-spinac-cenove-vyhodny-42922\/\" \/>\n<meta property=\"og:image\" content=\"https:\/\/www.technodompro.com\/wp-content\/uploads\/2026\/SK0016552-CZ20260425-092556-0-1777080363-1323724-2_zrcadlo-60-x-70-cm--s-led-osvetlenim-a-funkci-pro.webp\" \/>\n\t<meta property=\"og:image:width\" content=\"1000\" \/>\n\t<meta property=\"og:image:height\" content=\"750\" \/>\n\t<meta property=\"og:image:type\" content=\"image\/webp\" \/>\n<meta name=\"twitter:card\" content=\"summary_large_image\" \/>\n<meta name=\"twitter:label1\" content=\"Odhadovan\u00e1 doba \u010dten\u00ed\" \/>\n\t<meta name=\"twitter:data1\" content=\"2 minuty\" \/>\n<script type=\"application\/ld+json\" class=\"yoast-schema-graph\">{\"@context\":\"https:\/\/schema.org\",\"@graph\":[{\"@type\":\"WebPage\",\"@id\":\"https:\/\/www.technodompro.com\/index.php\/produkt\/zrcadlo-60-x-70-cm-s-led-osvetlenim-a-funkci-proti-zamlzovani-dotykovy-spinac-cenove-vyhodny-42922\/\",\"url\":\"https:\/\/www.technodompro.com\/index.php\/produkt\/zrcadlo-60-x-70-cm-s-led-osvetlenim-a-funkci-proti-zamlzovani-dotykovy-spinac-cenove-vyhodny-42922\/\",\"name\":\"Zrcadlo 60 x 70 cm, s LED osv\u011btlen\u00edm a funkc\u00ed proti zaml\u017eov\u00e1n\u00ed, dotykov\u00fd sp\u00edna\u010d Cenov\u011b V\u00fdhodn\u00fd -\",\"isPartOf\":{\"@id\":\"https:\/\/www.technodompro.com\/#website\"},\"primaryImageOfPage\":{\"@id\":\"https:\/\/www.technodompro.com\/index.php\/produkt\/zrcadlo-60-x-70-cm-s-led-osvetlenim-a-funkci-proti-zamlzovani-dotykovy-spinac-cenove-vyhodny-42922\/#primaryimage\"},\"image\":{\"@id\":\"https:\/\/www.technodompro.com\/index.php\/produkt\/zrcadlo-60-x-70-cm-s-led-osvetlenim-a-funkci-proti-zamlzovani-dotykovy-spinac-cenove-vyhodny-42922\/#primaryimage\"},\"thumbnailUrl\":\"https:\/\/www.technodompro.com\/wp-content\/uploads\/2026\/SK0016552-CZ20260425-092556-0-1777080363-1323724-2_zrcadlo-60-x-70-cm--s-led-osvetlenim-a-funkci-pro.webp\",\"datePublished\":\"2026-04-27T04:42:24+00:00\",\"breadcrumb\":{\"@id\":\"https:\/\/www.technodompro.com\/index.php\/produkt\/zrcadlo-60-x-70-cm-s-led-osvetlenim-a-funkci-proti-zamlzovani-dotykovy-spinac-cenove-vyhodny-42922\/#breadcrumb\"},\"inLanguage\":\"cs\",\"potentialAction\":[{\"@type\":\"ReadAction\",\"target\":[\"https:\/\/www.technodompro.com\/index.php\/produkt\/zrcadlo-60-x-70-cm-s-led-osvetlenim-a-funkci-proti-zamlzovani-dotykovy-spinac-cenove-vyhodny-42922\/\"]}]},{\"@type\":\"ImageObject\",\"inLanguage\":\"cs\",\"@id\":\"https:\/\/www.technodompro.com\/index.php\/produkt\/zrcadlo-60-x-70-cm-s-led-osvetlenim-a-funkci-proti-zamlzovani-dotykovy-spinac-cenove-vyhodny-42922\/#primaryimage\",\"url\":\"https:\/\/www.technodompro.com\/wp-content\/uploads\/2026\/SK0016552-CZ20260425-092556-0-1777080363-1323724-2_zrcadlo-60-x-70-cm--s-led-osvetlenim-a-funkci-pro.webp\",\"contentUrl\":\"https:\/\/www.technodompro.com\/wp-content\/uploads\/2026\/SK0016552-CZ20260425-092556-0-1777080363-1323724-2_zrcadlo-60-x-70-cm--s-led-osvetlenim-a-funkci-pro.webp\",\"width\":1000,\"height\":750},{\"@type\":\"BreadcrumbList\",\"@id\":\"https:\/\/www.technodompro.com\/index.php\/produkt\/zrcadlo-60-x-70-cm-s-led-osvetlenim-a-funkci-proti-zamlzovani-dotykovy-spinac-cenove-vyhodny-42922\/#breadcrumb\",\"itemListElement\":[{\"@type\":\"ListItem\",\"position\":1,\"name\":\"Home\",\"item\":\"https:\/\/www.technodompro.com\/\"},{\"@type\":\"ListItem\",\"position\":2,\"name\":\"Products\",\"item\":\"https:\/\/www.technodompro.com\/index.php\/products\/\"},{\"@type\":\"ListItem\",\"position\":3,\"name\":\"Zrcadlo 60 x 70 cm, s LED osv\u011btlen\u00edm a funkc\u00ed proti zaml\u017eov\u00e1n\u00ed, dotykov\u00fd sp\u00edna\u010d Cenov\u011b V\u00fdhodn\u00fd\"}]},{\"@type\":\"WebSite\",\"@id\":\"https:\/\/www.technodompro.com\/#website\",\"url\":\"https:\/\/www.technodompro.com\/\",\"name\":\"\",\"description\":\"\",\"potentialAction\":[{\"@type\":\"SearchAction\",\"target\":{\"@type\":\"EntryPoint\",\"urlTemplate\":\"https:\/\/www.technodompro.com\/?s={search_term_string}\"},\"query-input\":{\"@type\":\"PropertyValueSpecification\",\"valueRequired\":true,\"valueName\":\"search_term_string\"}}],\"inLanguage\":\"cs\"}]}<\/script>\n<!-- \/ Yoast SEO plugin. -->","yoast_head_json":{"title":"Zrcadlo 60 x 70 cm, s LED osv\u011btlen\u00edm a funkc\u00ed proti zaml\u017eov\u00e1n\u00ed, dotykov\u00fd sp\u00edna\u010d Cenov\u011b V\u00fdhodn\u00fd -","robots":{"index":"index","follow":"follow","max-snippet":"max-snippet:-1","max-image-preview":"max-image-preview:large","max-video-preview":"max-video-preview:-1"},"canonical":"https:\/\/www.technodompro.com\/index.php\/produkt\/zrcadlo-60-x-70-cm-s-led-osvetlenim-a-funkci-proti-zamlzovani-dotykovy-spinac-cenove-vyhodny-42922\/","og_locale":"cs_CZ","og_type":"article","og_title":"Zrcadlo 60 x 70 cm, s LED osv\u011btlen\u00edm a funkc\u00ed proti zaml\u017eov\u00e1n\u00ed, dotykov\u00fd sp\u00edna\u010d Cenov\u011b V\u00fdhodn\u00fd -","og_description":"Detailn\u00ed popis produktu Toto stylov\u00e9 zrcadlo o rozm\u011brech 60 x 70 cm v sob\u011b spojuje modern\u00ed LED osv\u011btlen\u00ed a funkci proti zaml\u017eov\u00e1n\u00ed, kter\u00e1 zajist\u00ed v\u017edy \u010dist\u00fd povrch. Dotykov\u00fd sp\u00edna\u010d umo\u017e\u0148uje snadn\u00e9 ovl\u00e1d\u00e1n\u00ed osv\u011btlen\u00ed a p\u0159id\u00e1v\u00e1 zrcadlu na u\u017eivatelsk\u00e9m komfortu. Kompaktn\u00ed design a ochrana IP44 d\u011blaj\u00ed z tohoto zrcadla praktickou volbu pro ka\u017edou koupelnu. Vlastnosti produktu: [&hellip;]","og_url":"https:\/\/www.technodompro.com\/index.php\/produkt\/zrcadlo-60-x-70-cm-s-led-osvetlenim-a-funkci-proti-zamlzovani-dotykovy-spinac-cenove-vyhodny-42922\/","og_image":[{"width":1000,"height":750,"url":"https:\/\/www.technodompro.com\/wp-content\/uploads\/2026\/SK0016552-CZ20260425-092556-0-1777080363-1323724-2_zrcadlo-60-x-70-cm--s-led-osvetlenim-a-funkci-pro.webp","type":"image\/webp"}],"twitter_card":"summary_large_image","twitter_misc":{"Odhadovan\u00e1 doba \u010dten\u00ed":"2 minuty"},"schema":{"@context":"https:\/\/schema.org","@graph":[{"@type":"WebPage","@id":"https:\/\/www.technodompro.com\/index.php\/produkt\/zrcadlo-60-x-70-cm-s-led-osvetlenim-a-funkci-proti-zamlzovani-dotykovy-spinac-cenove-vyhodny-42922\/","url":"https:\/\/www.technodompro.com\/index.php\/produkt\/zrcadlo-60-x-70-cm-s-led-osvetlenim-a-funkci-proti-zamlzovani-dotykovy-spinac-cenove-vyhodny-42922\/","name":"Zrcadlo 60 x 70 cm, s LED osv\u011btlen\u00edm a funkc\u00ed proti zaml\u017eov\u00e1n\u00ed, dotykov\u00fd sp\u00edna\u010d Cenov\u011b V\u00fdhodn\u00fd -","isPartOf":{"@id":"https:\/\/www.technodompro.com\/#website"},"primaryImageOfPage":{"@id":"https:\/\/www.technodompro.com\/index.php\/produkt\/zrcadlo-60-x-70-cm-s-led-osvetlenim-a-funkci-proti-zamlzovani-dotykovy-spinac-cenove-vyhodny-42922\/#primaryimage"},"image":{"@id":"https:\/\/www.technodompro.com\/index.php\/produkt\/zrcadlo-60-x-70-cm-s-led-osvetlenim-a-funkci-proti-zamlzovani-dotykovy-spinac-cenove-vyhodny-42922\/#primaryimage"},"thumbnailUrl":"https:\/\/www.technodompro.com\/wp-content\/uploads\/2026\/SK0016552-CZ20260425-092556-0-1777080363-1323724-2_zrcadlo-60-x-70-cm--s-led-osvetlenim-a-funkci-pro.webp","datePublished":"2026-04-27T04:42:24+00:00","breadcrumb":{"@id":"https:\/\/www.technodompro.com\/index.php\/produkt\/zrcadlo-60-x-70-cm-s-led-osvetlenim-a-funkci-proti-zamlzovani-dotykovy-spinac-cenove-vyhodny-42922\/#breadcrumb"},"inLanguage":"cs","potentialAction":[{"@type":"ReadAction","target":["https:\/\/www.technodompro.com\/index.php\/produkt\/zrcadlo-60-x-70-cm-s-led-osvetlenim-a-funkci-proti-zamlzovani-dotykovy-spinac-cenove-vyhodny-42922\/"]}]},{"@type":"ImageObject","inLanguage":"cs","@id":"https:\/\/www.technodompro.com\/index.php\/produkt\/zrcadlo-60-x-70-cm-s-led-osvetlenim-a-funkci-proti-zamlzovani-dotykovy-spinac-cenove-vyhodny-42922\/#primaryimage","url":"https:\/\/www.technodompro.com\/wp-content\/uploads\/2026\/SK0016552-CZ20260425-092556-0-1777080363-1323724-2_zrcadlo-60-x-70-cm--s-led-osvetlenim-a-funkci-pro.webp","contentUrl":"https:\/\/www.technodompro.com\/wp-content\/uploads\/2026\/SK0016552-CZ20260425-092556-0-1777080363-1323724-2_zrcadlo-60-x-70-cm--s-led-osvetlenim-a-funkci-pro.webp","width":1000,"height":750},{"@type":"BreadcrumbList","@id":"https:\/\/www.technodompro.com\/index.php\/produkt\/zrcadlo-60-x-70-cm-s-led-osvetlenim-a-funkci-proti-zamlzovani-dotykovy-spinac-cenove-vyhodny-42922\/#breadcrumb","itemListElement":[{"@type":"ListItem","position":1,"name":"Home","item":"https:\/\/www.technodompro.com\/"},{"@type":"ListItem","position":2,"name":"Products","item":"https:\/\/www.technodompro.com\/index.php\/products\/"},{"@type":"ListItem","position":3,"name":"Zrcadlo 60 x 70 cm, s LED osv\u011btlen\u00edm a funkc\u00ed proti zaml\u017eov\u00e1n\u00ed, dotykov\u00fd sp\u00edna\u010d Cenov\u011b V\u00fdhodn\u00fd"}]},{"@type":"WebSite","@id":"https:\/\/www.technodompro.com\/#website","url":"https:\/\/www.technodompro.com\/","name":"","description":"","potentialAction":[{"@type":"SearchAction","target":{"@type":"EntryPoint","urlTemplate":"https:\/\/www.technodompro.com\/?s={search_term_string}"},"query-input":{"@type":"PropertyValueSpecification","valueRequired":true,"valueName":"search_term_string"}}],"inLanguage":"cs"}]}},"_links":{"self":[{"href":"https:\/\/www.technodompro.com\/index.php\/wp-json\/wp\/v2\/product\/42922","targetHints":{"allow":["GET"]}}],"collection":[{"href":"https:\/\/www.technodompro.com\/index.php\/wp-json\/wp\/v2\/product"}],"about":[{"href":"https:\/\/www.technodompro.com\/index.php\/wp-json\/wp\/v2\/types\/product"}],"replies":[{"embeddable":true,"href":"https:\/\/www.technodompro.com\/index.php\/wp-json\/wp\/v2\/comments?post=42922"}],"wp:featuredmedia":[{"embeddable":true,"href":"https:\/\/www.technodompro.com\/index.php\/wp-json\/wp\/v2\/media\/43022"}],"wp:attachment":[{"href":"https:\/\/www.technodompro.com\/index.php\/wp-json\/wp\/v2\/media?parent=42922"}],"wp:term":[{"taxonomy":"product_brand","embeddable":true,"href":"https:\/\/www.technodompro.com\/index.php\/wp-json\/wp\/v2\/product_brand?post=42922"},{"taxonomy":"product_cat","embeddable":true,"href":"https:\/\/www.technodompro.com\/index.php\/wp-json\/wp\/v2\/product_cat?post=42922"},{"taxonomy":"product_tag","embeddable":true,"href":"https:\/\/www.technodompro.com\/index.php\/wp-json\/wp\/v2\/product_tag?post=42922"}],"curies":[{"name":"wp","href":"https:\/\/api.w.org\/{rel}","templated":true}]}}