{"id":4322,"date":"2026-04-27T04:40:40","date_gmt":"2026-04-27T04:40:40","guid":{"rendered":""},"modified":"2026-04-27T04:40:40","modified_gmt":"2026-04-27T04:40:40","slug":"znackovy-lansanit-sprchove-dvere-alvaro-1100-mm-sklo-cire-profil-cerne-szd11-b-4322","status":"publish","type":"product","link":"https:\/\/www.technodompro.com\/index.php\/produkt\/znackovy-lansanit-sprchove-dvere-alvaro-1100-mm-sklo-cire-profil-cerne-szd11-b-4322\/","title":{"rendered":"Zna\u010dkov\u00fd Lansanit Sprchov\u00e9 dve\u0159e Alvaro 1100 mm, sklo \u010dir\u00e9, profil \u010dern\u00e9,  SZD11-B"},"content":{"rendered":"<div class=\"detail-description__right\">\n<div class=\"parameters\">\n<div class=\"table table--simple\">\n<table>\n<tbody>\n<tr>\n<td colspan=\"2\">\n<h4>Vlastnosti<\/h4>\n<\/td>\n<\/tr>\n<tr>\n<td>Rozm\u011br<\/td>\n<td>1100 mm<\/td>\n<\/tr>\n<tr>\n<td>Sklo<\/td>\n<td>\u010dir\u00e9<\/td>\n<\/tr>\n<tr>\n<td>Barva profilu<\/td>\n<td>\u010dern\u00fd<\/td>\n<\/tr>\n<tr>\n<td>Typ dve\u0159\u00ed<\/td>\n<td>posuvn\u00e9<\/td>\n<\/tr>\n<tr>\n<td>Typ vstupu<\/td>\n<td>p\u0159\u00edm\u00fd<\/td>\n<\/tr>\n<tr>\n<td>Konstrukce<\/td>\n<td>r\u00e1mov\u00e1<\/td>\n<\/tr>\n<tr>\n<td>Strana<\/td>\n<td>prav\u00e1<\/td>\n<\/tr>\n<tr>\n<td>V\u00fdrobce<\/td>\n<td>Lansanit<\/td>\n<\/tr>\n<tr>\n<td>S\u00e9rie<\/td>\n<td>LUX SLIM Black line<\/td>\n<\/tr>\n<tr>\n<td colspan=\"2\">\n<h4>Parametry<\/h4>\n<\/td>\n<\/tr>\n<tr>\n<td>Z\u00e1ruka<\/td>\n<td>2 roky<\/td>\n<\/tr>\n<tr>\n<td>Zna\u010dka<\/td>\n<td>Lansanit<\/td>\n<\/tr>\n<\/tbody>\n<\/table><\/div>\n<\/div><\/div>\n<div class=\"detail-description__top\">\t\t\t\t<\/div>\n<div class=\"detail-description__left\">\n<div class=\"detail-description__left__overflow\">\n<div class=\"detail-description__left__head\">\t\t\t\t\t\tPopis:\t\t\t\t\t<\/div>\n<div class=\"ul-style ul-style--check\">\n<p>LitLUX SLIM Black line<\/p>\n<p>Minimalistick\u00e1 s\u00e9rie se sklem v\u00a0hlavn\u00ed roli zaujme ostr\u00fdmi liniemi aprecizn\u00edmi detaily bez nadbyte\u010dn\u00fdch prvk\u016f. Absence spodn\u00edch vodic\u00edch li\u0161tumo\u017e\u0148uje bezbari\u00e9rov\u00fd p\u0159\u00edstup. Posuvn\u00e9 dve\u0159e se otev\u00edraj\u00ed lehce ati\u0161e d\u00edky velk\u00fdm pojezd\u016fm s\u00a0nov\u00fdmi lo\u017eiskov\u00fdmi kole\u010dky. Otev\u00edrac\u00eddve\u0159e m\u016f\u017eete otev\u0159\u00edt dovnit\u0159 i\u00a0ven z\u00e1sluhou odoln\u00e9ho zdvihov\u00e9ho pantus\u00a0dlouho \u017eivotnost\u00ed. S\u00e9rie LitLUX SLIM vynik\u00e1 v\u00a0designov\u00fdch interi\u00e9rechv\u00a0modern\u00edm a industri\u00e1ln\u00edm stylu. <strong>Black line<\/strong>Lit<strong>LUX<\/strong> SLIM \u2026 To je elegance jednoduchosti<\/p>\n<p>R\u00e1m<\/p>\n<p>Na v\u00fdrobu jsou pou\u017eity prvot\u0159\u00eddn\u00ed r\u00e1my z\u00a0le\u0161t\u011bn\u00e9ho hlin\u00edku, kter\u00e9poskytuj\u00ed instala\u010dn\u00ed rozmez\u00ed pro vymezen\u00ed p\u0159\u00edpadn\u00e9 nerovnosti st\u011bn a\u017e20\u00a0mm na stran\u011b se st\u011bnov\u00fdm profilem.<\/p>\n<p>Bezbari\u00e9rov\u00fd p\u0159\u00edstup<\/p>\n<p>Absence spodn\u00edho r\u00e1mu minimalizuje usazov\u00e1n\u00ed ne\u010distot a umo\u017e\u0148ujebezbari\u00e9rov\u00fd vstup do sprchov\u00e9ho\u00a0koutu.<\/p>\n<p>Bezpe\u010dnostn\u00ed sklo 8\u00a0mm<\/p>\n<p>Bezpe\u010dnostn\u00ed kalen\u00e9 sklo o\u00a0tlou\u0161\u0165ce 8\u00a0mm op\u011bt p\u0159id\u00e1v\u00e1 na pevnostikonstrukce sprchov\u00e9ho koutu, nav\u00edc je z\u00a0v\u00fdroby opat\u0159eno nanotechnologi\u00edAntiGrim, kter\u00e1 zabra\u0148uje usazov\u00e1n\u00ed mastnot a vodn\u00edho kamene a napom\u00e1h\u00e1rychlej\u0161\u00edmu odt\u00e9k\u00e1n\u00ed vody ze\u00a0skla.<\/p>\n<p>Madla<\/p>\n<p>Pou\u017eita jsou kovov\u00e1 madla s\u00a0dynamick\u00fdmi rysy v\u00a0\u00faprav\u011b\u00a0chrom.<\/p>\n<p>Pojezdov\u00fd syst\u00e9m<\/p>\n<p>Nov\u011b vyvinut\u00fd pojezdov\u00fd syst\u00e9m umo\u017e\u0148uje maxim\u00e1ln\u011b tich\u00fd a hladk\u00fdchod\u00a0dve\u0159\u00ed.<\/p>\n<p>Z\u00e1ruka 3\u00a0roky<\/p>\n<p><i>Tip<\/i><\/p>\n<p>Kompatibiln\u00ed s\u00a0bo\u010dn\u00ed st\u011bnou <strong>Alvaro black line<\/strong><\/p>\n<p>Parametry<\/p>\n<p>Rozm\u011br1100\u00a0\u00d7\u00a01950 mmTvardo nikySklo\u010dir\u00e9Tlou\u00ad\u0161\u0165ka skla8 mmbezpe\u010dnostn\u00ed skloProfil\u010dern\u00fdStyl otv\u00edr\u00e1n\u00ed dve\u0159\u00edposuvn\u00e9Typvstupup\u0159\u00edm\u00fd\u0160\u00ed\u0159ka vstupu445 mmKonstrukcer\u00e1\u00admov\u00e1P\u0159estavn\u00e1\u0161\u00ed\u0159ka-40\u00a0mm\/+0\u00a0mmRozm\u011br balen\u00ed2020\u00a0\u00d7\u00a0640\u00a0\u00d7\u00a080 mmVani\u010dka sou\u010d\u00e1stbalen\u00edneHmotnost49 kgZ\u00e1ruka3\u00a0roky<\/p>\n<\/div>\n<div class=\"detail-description__left__more\">\t\t\t\t\t\t<span> <\/span><span> <\/span>\t\t\t\t\t<\/div>\n<\/p><\/div>\n<\/p><\/div>\n<div class=\"detail-description__more\"><span> <\/span><span> <\/span><\/div>\n<\/p><\/div>\n<\/p><\/div>\n","protected":false},"excerpt":{"rendered":"<p>Vlastnosti Rozm\u011br 1100 mm Sklo \u010dir\u00e9 Barva profilu \u010dern\u00fd Typ dve\u0159\u00ed posuvn\u00e9 Typ vstupu p\u0159\u00edm\u00fd Konstrukce r\u00e1mov\u00e1 Strana prav\u00e1 V\u00fdrobce Lansanit S\u00e9rie LUX SLIM Black line Parametry Z\u00e1ruka 2 roky Zna\u010dka Lansanit Popis: LitLUX SLIM Black line Minimalistick\u00e1 s\u00e9rie se sklem v\u00a0hlavn\u00ed roli zaujme ostr\u00fdmi liniemi aprecizn\u00edmi detaily bez nadbyte\u010dn\u00fdch prvk\u016f. Absence spodn\u00edch vodic\u00edch li\u0161tumo\u017e\u0148uje [&hellip;]<\/p>\n","protected":false},"featured_media":4422,"comment_status":"open","ping_status":"open","template":"","meta":[],"product_brand":[],"product_cat":[39],"product_tag":[],"class_list":{"0":"post-4322","1":"product","2":"type-product","3":"status-publish","4":"has-post-thumbnail","6":"product_cat-sanita","8":"first","9":"instock","10":"sale","11":"shipping-taxable","12":"purchasable","13":"product-type-simple"},"yoast_head":"<!-- This site is optimized with the Yoast SEO plugin v26.8 - https:\/\/yoast.com\/product\/yoast-seo-wordpress\/ -->\n<title>Zna\u010dkov\u00fd Lansanit Sprchov\u00e9 dve\u0159e Alvaro 1100 mm, sklo \u010dir\u00e9, profil \u010dern\u00e9, SZD11-B -<\/title>\n<meta name=\"robots\" content=\"index, follow, max-snippet:-1, max-image-preview:large, max-video-preview:-1\" \/>\n<link rel=\"canonical\" href=\"https:\/\/www.technodompro.com\/index.php\/produkt\/znackovy-lansanit-sprchove-dvere-alvaro-1100-mm-sklo-cire-profil-cerne-szd11-b-4322\/\" \/>\n<meta property=\"og:locale\" content=\"cs_CZ\" \/>\n<meta property=\"og:type\" content=\"article\" \/>\n<meta property=\"og:title\" content=\"Zna\u010dkov\u00fd Lansanit Sprchov\u00e9 dve\u0159e Alvaro 1100 mm, sklo \u010dir\u00e9, profil \u010dern\u00e9, SZD11-B -\" \/>\n<meta property=\"og:description\" content=\"Vlastnosti Rozm\u011br 1100 mm Sklo \u010dir\u00e9 Barva profilu \u010dern\u00fd Typ dve\u0159\u00ed posuvn\u00e9 Typ vstupu p\u0159\u00edm\u00fd Konstrukce r\u00e1mov\u00e1 Strana prav\u00e1 V\u00fdrobce Lansanit S\u00e9rie LUX SLIM Black line Parametry Z\u00e1ruka 2 roky Zna\u010dka Lansanit Popis: LitLUX SLIM Black line Minimalistick\u00e1 s\u00e9rie se sklem v\u00a0hlavn\u00ed roli zaujme ostr\u00fdmi liniemi aprecizn\u00edmi detaily bez nadbyte\u010dn\u00fdch prvk\u016f. Absence spodn\u00edch vodic\u00edch li\u0161tumo\u017e\u0148uje [&hellip;]\" \/>\n<meta property=\"og:url\" content=\"https:\/\/www.technodompro.com\/index.php\/produkt\/znackovy-lansanit-sprchove-dvere-alvaro-1100-mm-sklo-cire-profil-cerne-szd11-b-4322\/\" \/>\n<meta property=\"og:image\" content=\"https:\/\/www.technodompro.com\/wp-content\/uploads\/2026\/SK0018105-CZ20260425-091936-0-1777079982-lansanit-sprchove-dvere-alvaro-1100-mm-sklo-cire-profil-cer.webp\" \/>\n\t<meta property=\"og:image:width\" content=\"1000\" \/>\n\t<meta property=\"og:image:height\" content=\"523\" \/>\n\t<meta property=\"og:image:type\" content=\"image\/webp\" \/>\n<meta name=\"twitter:card\" content=\"summary_large_image\" \/>\n<meta name=\"twitter:label1\" content=\"Odhadovan\u00e1 doba \u010dten\u00ed\" \/>\n\t<meta name=\"twitter:data1\" content=\"2 minuty\" \/>\n<script type=\"application\/ld+json\" class=\"yoast-schema-graph\">{\"@context\":\"https:\/\/schema.org\",\"@graph\":[{\"@type\":\"WebPage\",\"@id\":\"https:\/\/www.technodompro.com\/index.php\/produkt\/znackovy-lansanit-sprchove-dvere-alvaro-1100-mm-sklo-cire-profil-cerne-szd11-b-4322\/\",\"url\":\"https:\/\/www.technodompro.com\/index.php\/produkt\/znackovy-lansanit-sprchove-dvere-alvaro-1100-mm-sklo-cire-profil-cerne-szd11-b-4322\/\",\"name\":\"Zna\u010dkov\u00fd Lansanit Sprchov\u00e9 dve\u0159e Alvaro 1100 mm, sklo \u010dir\u00e9, profil \u010dern\u00e9, SZD11-B -\",\"isPartOf\":{\"@id\":\"https:\/\/www.technodompro.com\/#website\"},\"primaryImageOfPage\":{\"@id\":\"https:\/\/www.technodompro.com\/index.php\/produkt\/znackovy-lansanit-sprchove-dvere-alvaro-1100-mm-sklo-cire-profil-cerne-szd11-b-4322\/#primaryimage\"},\"image\":{\"@id\":\"https:\/\/www.technodompro.com\/index.php\/produkt\/znackovy-lansanit-sprchove-dvere-alvaro-1100-mm-sklo-cire-profil-cerne-szd11-b-4322\/#primaryimage\"},\"thumbnailUrl\":\"https:\/\/www.technodompro.com\/wp-content\/uploads\/2026\/SK0018105-CZ20260425-091936-0-1777079982-lansanit-sprchove-dvere-alvaro-1100-mm-sklo-cire-profil-cer.webp\",\"datePublished\":\"2026-04-27T04:40:40+00:00\",\"breadcrumb\":{\"@id\":\"https:\/\/www.technodompro.com\/index.php\/produkt\/znackovy-lansanit-sprchove-dvere-alvaro-1100-mm-sklo-cire-profil-cerne-szd11-b-4322\/#breadcrumb\"},\"inLanguage\":\"cs\",\"potentialAction\":[{\"@type\":\"ReadAction\",\"target\":[\"https:\/\/www.technodompro.com\/index.php\/produkt\/znackovy-lansanit-sprchove-dvere-alvaro-1100-mm-sklo-cire-profil-cerne-szd11-b-4322\/\"]}]},{\"@type\":\"ImageObject\",\"inLanguage\":\"cs\",\"@id\":\"https:\/\/www.technodompro.com\/index.php\/produkt\/znackovy-lansanit-sprchove-dvere-alvaro-1100-mm-sklo-cire-profil-cerne-szd11-b-4322\/#primaryimage\",\"url\":\"https:\/\/www.technodompro.com\/wp-content\/uploads\/2026\/SK0018105-CZ20260425-091936-0-1777079982-lansanit-sprchove-dvere-alvaro-1100-mm-sklo-cire-profil-cer.webp\",\"contentUrl\":\"https:\/\/www.technodompro.com\/wp-content\/uploads\/2026\/SK0018105-CZ20260425-091936-0-1777079982-lansanit-sprchove-dvere-alvaro-1100-mm-sklo-cire-profil-cer.webp\",\"width\":1000,\"height\":523},{\"@type\":\"BreadcrumbList\",\"@id\":\"https:\/\/www.technodompro.com\/index.php\/produkt\/znackovy-lansanit-sprchove-dvere-alvaro-1100-mm-sklo-cire-profil-cerne-szd11-b-4322\/#breadcrumb\",\"itemListElement\":[{\"@type\":\"ListItem\",\"position\":1,\"name\":\"Home\",\"item\":\"https:\/\/www.technodompro.com\/\"},{\"@type\":\"ListItem\",\"position\":2,\"name\":\"Products\",\"item\":\"https:\/\/www.technodompro.com\/index.php\/products\/\"},{\"@type\":\"ListItem\",\"position\":3,\"name\":\"Zna\u010dkov\u00fd Lansanit Sprchov\u00e9 dve\u0159e Alvaro 1100 mm, sklo \u010dir\u00e9, profil \u010dern\u00e9, SZD11-B\"}]},{\"@type\":\"WebSite\",\"@id\":\"https:\/\/www.technodompro.com\/#website\",\"url\":\"https:\/\/www.technodompro.com\/\",\"name\":\"\",\"description\":\"\",\"potentialAction\":[{\"@type\":\"SearchAction\",\"target\":{\"@type\":\"EntryPoint\",\"urlTemplate\":\"https:\/\/www.technodompro.com\/?s={search_term_string}\"},\"query-input\":{\"@type\":\"PropertyValueSpecification\",\"valueRequired\":true,\"valueName\":\"search_term_string\"}}],\"inLanguage\":\"cs\"}]}<\/script>\n<!-- \/ Yoast SEO plugin. -->","yoast_head_json":{"title":"Zna\u010dkov\u00fd Lansanit Sprchov\u00e9 dve\u0159e Alvaro 1100 mm, sklo \u010dir\u00e9, profil \u010dern\u00e9, SZD11-B -","robots":{"index":"index","follow":"follow","max-snippet":"max-snippet:-1","max-image-preview":"max-image-preview:large","max-video-preview":"max-video-preview:-1"},"canonical":"https:\/\/www.technodompro.com\/index.php\/produkt\/znackovy-lansanit-sprchove-dvere-alvaro-1100-mm-sklo-cire-profil-cerne-szd11-b-4322\/","og_locale":"cs_CZ","og_type":"article","og_title":"Zna\u010dkov\u00fd Lansanit Sprchov\u00e9 dve\u0159e Alvaro 1100 mm, sklo \u010dir\u00e9, profil \u010dern\u00e9, SZD11-B -","og_description":"Vlastnosti Rozm\u011br 1100 mm Sklo \u010dir\u00e9 Barva profilu \u010dern\u00fd Typ dve\u0159\u00ed posuvn\u00e9 Typ vstupu p\u0159\u00edm\u00fd Konstrukce r\u00e1mov\u00e1 Strana prav\u00e1 V\u00fdrobce Lansanit S\u00e9rie LUX SLIM Black line Parametry Z\u00e1ruka 2 roky Zna\u010dka Lansanit Popis: LitLUX SLIM Black line Minimalistick\u00e1 s\u00e9rie se sklem v\u00a0hlavn\u00ed roli zaujme ostr\u00fdmi liniemi aprecizn\u00edmi detaily bez nadbyte\u010dn\u00fdch prvk\u016f. Absence spodn\u00edch vodic\u00edch li\u0161tumo\u017e\u0148uje [&hellip;]","og_url":"https:\/\/www.technodompro.com\/index.php\/produkt\/znackovy-lansanit-sprchove-dvere-alvaro-1100-mm-sklo-cire-profil-cerne-szd11-b-4322\/","og_image":[{"width":1000,"height":523,"url":"https:\/\/www.technodompro.com\/wp-content\/uploads\/2026\/SK0018105-CZ20260425-091936-0-1777079982-lansanit-sprchove-dvere-alvaro-1100-mm-sklo-cire-profil-cer.webp","type":"image\/webp"}],"twitter_card":"summary_large_image","twitter_misc":{"Odhadovan\u00e1 doba \u010dten\u00ed":"2 minuty"},"schema":{"@context":"https:\/\/schema.org","@graph":[{"@type":"WebPage","@id":"https:\/\/www.technodompro.com\/index.php\/produkt\/znackovy-lansanit-sprchove-dvere-alvaro-1100-mm-sklo-cire-profil-cerne-szd11-b-4322\/","url":"https:\/\/www.technodompro.com\/index.php\/produkt\/znackovy-lansanit-sprchove-dvere-alvaro-1100-mm-sklo-cire-profil-cerne-szd11-b-4322\/","name":"Zna\u010dkov\u00fd Lansanit Sprchov\u00e9 dve\u0159e Alvaro 1100 mm, sklo \u010dir\u00e9, profil \u010dern\u00e9, SZD11-B -","isPartOf":{"@id":"https:\/\/www.technodompro.com\/#website"},"primaryImageOfPage":{"@id":"https:\/\/www.technodompro.com\/index.php\/produkt\/znackovy-lansanit-sprchove-dvere-alvaro-1100-mm-sklo-cire-profil-cerne-szd11-b-4322\/#primaryimage"},"image":{"@id":"https:\/\/www.technodompro.com\/index.php\/produkt\/znackovy-lansanit-sprchove-dvere-alvaro-1100-mm-sklo-cire-profil-cerne-szd11-b-4322\/#primaryimage"},"thumbnailUrl":"https:\/\/www.technodompro.com\/wp-content\/uploads\/2026\/SK0018105-CZ20260425-091936-0-1777079982-lansanit-sprchove-dvere-alvaro-1100-mm-sklo-cire-profil-cer.webp","datePublished":"2026-04-27T04:40:40+00:00","breadcrumb":{"@id":"https:\/\/www.technodompro.com\/index.php\/produkt\/znackovy-lansanit-sprchove-dvere-alvaro-1100-mm-sklo-cire-profil-cerne-szd11-b-4322\/#breadcrumb"},"inLanguage":"cs","potentialAction":[{"@type":"ReadAction","target":["https:\/\/www.technodompro.com\/index.php\/produkt\/znackovy-lansanit-sprchove-dvere-alvaro-1100-mm-sklo-cire-profil-cerne-szd11-b-4322\/"]}]},{"@type":"ImageObject","inLanguage":"cs","@id":"https:\/\/www.technodompro.com\/index.php\/produkt\/znackovy-lansanit-sprchove-dvere-alvaro-1100-mm-sklo-cire-profil-cerne-szd11-b-4322\/#primaryimage","url":"https:\/\/www.technodompro.com\/wp-content\/uploads\/2026\/SK0018105-CZ20260425-091936-0-1777079982-lansanit-sprchove-dvere-alvaro-1100-mm-sklo-cire-profil-cer.webp","contentUrl":"https:\/\/www.technodompro.com\/wp-content\/uploads\/2026\/SK0018105-CZ20260425-091936-0-1777079982-lansanit-sprchove-dvere-alvaro-1100-mm-sklo-cire-profil-cer.webp","width":1000,"height":523},{"@type":"BreadcrumbList","@id":"https:\/\/www.technodompro.com\/index.php\/produkt\/znackovy-lansanit-sprchove-dvere-alvaro-1100-mm-sklo-cire-profil-cerne-szd11-b-4322\/#breadcrumb","itemListElement":[{"@type":"ListItem","position":1,"name":"Home","item":"https:\/\/www.technodompro.com\/"},{"@type":"ListItem","position":2,"name":"Products","item":"https:\/\/www.technodompro.com\/index.php\/products\/"},{"@type":"ListItem","position":3,"name":"Zna\u010dkov\u00fd Lansanit Sprchov\u00e9 dve\u0159e Alvaro 1100 mm, sklo \u010dir\u00e9, profil \u010dern\u00e9, SZD11-B"}]},{"@type":"WebSite","@id":"https:\/\/www.technodompro.com\/#website","url":"https:\/\/www.technodompro.com\/","name":"","description":"","potentialAction":[{"@type":"SearchAction","target":{"@type":"EntryPoint","urlTemplate":"https:\/\/www.technodompro.com\/?s={search_term_string}"},"query-input":{"@type":"PropertyValueSpecification","valueRequired":true,"valueName":"search_term_string"}}],"inLanguage":"cs"}]}},"_links":{"self":[{"href":"https:\/\/www.technodompro.com\/index.php\/wp-json\/wp\/v2\/product\/4322","targetHints":{"allow":["GET"]}}],"collection":[{"href":"https:\/\/www.technodompro.com\/index.php\/wp-json\/wp\/v2\/product"}],"about":[{"href":"https:\/\/www.technodompro.com\/index.php\/wp-json\/wp\/v2\/types\/product"}],"replies":[{"embeddable":true,"href":"https:\/\/www.technodompro.com\/index.php\/wp-json\/wp\/v2\/comments?post=4322"}],"wp:featuredmedia":[{"embeddable":true,"href":"https:\/\/www.technodompro.com\/index.php\/wp-json\/wp\/v2\/media\/4422"}],"wp:attachment":[{"href":"https:\/\/www.technodompro.com\/index.php\/wp-json\/wp\/v2\/media?parent=4322"}],"wp:term":[{"taxonomy":"product_brand","embeddable":true,"href":"https:\/\/www.technodompro.com\/index.php\/wp-json\/wp\/v2\/product_brand?post=4322"},{"taxonomy":"product_cat","embeddable":true,"href":"https:\/\/www.technodompro.com\/index.php\/wp-json\/wp\/v2\/product_cat?post=4322"},{"taxonomy":"product_tag","embeddable":true,"href":"https:\/\/www.technodompro.com\/index.php\/wp-json\/wp\/v2\/product_tag?post=4322"}],"curies":[{"name":"wp","href":"https:\/\/api.w.org\/{rel}","templated":true}]}}