{"id":43554,"date":"2026-04-27T04:42:26","date_gmt":"2026-04-27T04:42:26","guid":{"rendered":""},"modified":"2026-04-27T04:42:26","modified_gmt":"2026-04-27T04:42:26","slug":"cersanit-zrcadlova-skrinka-moduo-60-bila-s929-018-novinka-43554","status":"publish","type":"product","link":"https:\/\/www.technodompro.com\/index.php\/produkt\/cersanit-zrcadlova-skrinka-moduo-60-bila-s929-018-novinka-43554\/","title":{"rendered":"CERSANIT &#8211; ZRCADLOV\u00c1 SK\u0158\u00cd\u0147KA MODUO 60 B\u00cdL\u00c1 S929-018 Novinka"},"content":{"rendered":"<div class=\"basic-description\">\n<h3>Detailn\u00ed popis produktu<\/h3>\n<p><strong>ZRCADLOV\u00c1 SK\u0158\u00cd\u0147KA MODUO 60 B\u00cdL\u00c1<\/strong> (S929-018)<\/p>\n<p>PODROBNOSTI O PRODUKTU<\/p>\n<p>\u0161\u00ed\u0159ka: 59,5 cm<br \/>hloubka: 14,1 cm<br \/>v\u00fd\u0161ka: 80 cm<br \/>barva:\u00a0b\u00edl\u00e1<\/p>\n<p>INFORMACE<\/p>\n<p>Zrcadlov\u00e1\u00a0sk\u0159\u00ed\u0148ka\u00a0<strong>MODUO SLIM<\/strong>\u00a0s univerz\u00e1ln\u00edm otv\u00edr\u00e1n\u00edm dv\u00ed\u0159ek prav\u00e1\/ lev\u00e1, je men\u0161\u00ed hloubky ne\u017e standardn\u00ed sk\u0159\u00ed\u0148ky a je p\u0159\u00edkladem modern\u00edho koupelnov\u00e9ho n\u00e1bytku.\u00a0Dv\u00ed\u0159ka jsou se skryt\u00fdm \u00fachytem a t\u011blo sk\u0159\u00ed\u0148ky je pokryto leskl\u00fdm\u00a0b\u00edl\u00fdm lakem, uvnit\u0159 jsou dv\u011b elegantn\u00ed sklen\u011bn\u00e9 police. Dv\u00ed\u0159ka jsou vybavena tich\u00fdm zav\u00edrac\u00edm syst\u00e9mem.<\/p>\n<\/p><\/div>\n<div class=\"extended-description\">\n<h3>Dopl\u0148kov\u00e9 parametry<\/h3>\n<table class=\"detail-parameters\">\n<tbody>\n<tr>\n<th>        <span class=\"row-header-label\">            Kategorie<span class=\"row-header-label-colon\">:<\/span>        <\/span>    <\/th>\n<td>            <\/td>\n<\/tr>\n<tr>\n<th>            <span class=\"row-header-label\">                Z\u00e1ruka<span class=\"row-header-label-colon\">:<\/span>            <\/span>        <\/th>\n<td>            24        <\/td>\n<\/tr>\n<tr>\n<th>            <span class=\"row-header-label\">                Hmotnost<span class=\"row-header-label-colon\">:<\/span>            <\/span>        <\/th>\n<td>            15 kg        <\/td>\n<\/tr>\n<tr class=\"productEan\">\n<th>          <span class=\"row-header-label productEan__label\">              EAN<span class=\"row-header-label-colon\">:<\/span>          <\/span>      <\/th>\n<td>          <span class=\"productEan__value\">5902115738692<\/span>      <\/td>\n<\/tr>\n<tr>\n<th>                <span class=\"row-header-label\">                                            Dostupnost<span class=\"row-header-label-colon\">:<\/span>                                    <\/span>            <\/th>\n<td>                                                            Dod\u00e1n\u00ed do 14ti dn\u016f                                                <\/td>\n<\/tr>\n<\/tbody>\n<\/table><\/div>\n<\/p><\/div>\n<\/p><\/div>\n","protected":false},"excerpt":{"rendered":"<p>Detailn\u00ed popis produktu ZRCADLOV\u00c1 SK\u0158\u00cd\u0147KA MODUO 60 B\u00cdL\u00c1 (S929-018) PODROBNOSTI O PRODUKTU \u0161\u00ed\u0159ka: 59,5 cmhloubka: 14,1 cmv\u00fd\u0161ka: 80 cmbarva:\u00a0b\u00edl\u00e1 INFORMACE Zrcadlov\u00e1\u00a0sk\u0159\u00ed\u0148ka\u00a0MODUO SLIM\u00a0s univerz\u00e1ln\u00edm otv\u00edr\u00e1n\u00edm dv\u00ed\u0159ek prav\u00e1\/ lev\u00e1, je men\u0161\u00ed hloubky ne\u017e standardn\u00ed sk\u0159\u00ed\u0148ky a je p\u0159\u00edkladem modern\u00edho koupelnov\u00e9ho n\u00e1bytku.\u00a0Dv\u00ed\u0159ka jsou se skryt\u00fdm \u00fachytem a t\u011blo sk\u0159\u00ed\u0148ky je pokryto leskl\u00fdm\u00a0b\u00edl\u00fdm lakem, uvnit\u0159 jsou dv\u011b elegantn\u00ed sklen\u011bn\u00e9 [&hellip;]<\/p>\n","protected":false},"featured_media":43654,"comment_status":"open","ping_status":"open","template":"","meta":[],"product_brand":[],"product_cat":[64],"product_tag":[],"class_list":{"0":"post-43554","1":"product","2":"type-product","3":"status-publish","4":"has-post-thumbnail","6":"product_cat-galerky","8":"first","9":"instock","10":"sale","11":"shipping-taxable","12":"purchasable","13":"product-type-simple"},"yoast_head":"<!-- This site is optimized with the Yoast SEO plugin v26.8 - https:\/\/yoast.com\/product\/yoast-seo-wordpress\/ -->\n<title>CERSANIT - ZRCADLOV\u00c1 SK\u0158\u00cd\u0147KA MODUO 60 B\u00cdL\u00c1 S929-018 Novinka -<\/title>\n<meta name=\"robots\" content=\"index, follow, max-snippet:-1, max-image-preview:large, max-video-preview:-1\" \/>\n<link rel=\"canonical\" href=\"https:\/\/www.technodompro.com\/index.php\/produkt\/cersanit-zrcadlova-skrinka-moduo-60-bila-s929-018-novinka-43554\/\" \/>\n<meta property=\"og:locale\" content=\"cs_CZ\" \/>\n<meta property=\"og:type\" content=\"article\" \/>\n<meta property=\"og:title\" content=\"CERSANIT - ZRCADLOV\u00c1 SK\u0158\u00cd\u0147KA MODUO 60 B\u00cdL\u00c1 S929-018 Novinka -\" \/>\n<meta property=\"og:description\" content=\"Detailn\u00ed popis produktu ZRCADLOV\u00c1 SK\u0158\u00cd\u0147KA MODUO 60 B\u00cdL\u00c1 (S929-018) PODROBNOSTI O PRODUKTU \u0161\u00ed\u0159ka: 59,5 cmhloubka: 14,1 cmv\u00fd\u0161ka: 80 cmbarva:\u00a0b\u00edl\u00e1 INFORMACE Zrcadlov\u00e1\u00a0sk\u0159\u00ed\u0148ka\u00a0MODUO SLIM\u00a0s univerz\u00e1ln\u00edm otv\u00edr\u00e1n\u00edm dv\u00ed\u0159ek prav\u00e1\/ lev\u00e1, je men\u0161\u00ed hloubky ne\u017e standardn\u00ed sk\u0159\u00ed\u0148ky a je p\u0159\u00edkladem modern\u00edho koupelnov\u00e9ho n\u00e1bytku.\u00a0Dv\u00ed\u0159ka jsou se skryt\u00fdm \u00fachytem a t\u011blo sk\u0159\u00ed\u0148ky je pokryto leskl\u00fdm\u00a0b\u00edl\u00fdm lakem, uvnit\u0159 jsou dv\u011b elegantn\u00ed sklen\u011bn\u00e9 [&hellip;]\" \/>\n<meta property=\"og:url\" content=\"https:\/\/www.technodompro.com\/index.php\/produkt\/cersanit-zrcadlova-skrinka-moduo-60-bila-s929-018-novinka-43554\/\" \/>\n<meta property=\"og:image\" content=\"https:\/\/www.technodompro.com\/wp-content\/uploads\/2026\/SK0017039-CZ20260425-092556-0-1777080363-1398238_cersanit-zrcadlova-skrinka-moduo-60-bila-s929-018.j.webp\" \/>\n\t<meta property=\"og:image:width\" content=\"1000\" \/>\n\t<meta property=\"og:image:height\" content=\"750\" \/>\n\t<meta property=\"og:image:type\" content=\"image\/webp\" \/>\n<meta name=\"twitter:card\" content=\"summary_large_image\" \/>\n<meta name=\"twitter:label1\" content=\"Odhadovan\u00e1 doba \u010dten\u00ed\" \/>\n\t<meta name=\"twitter:data1\" content=\"1 minuta\" \/>\n<script type=\"application\/ld+json\" class=\"yoast-schema-graph\">{\"@context\":\"https:\/\/schema.org\",\"@graph\":[{\"@type\":\"WebPage\",\"@id\":\"https:\/\/www.technodompro.com\/index.php\/produkt\/cersanit-zrcadlova-skrinka-moduo-60-bila-s929-018-novinka-43554\/\",\"url\":\"https:\/\/www.technodompro.com\/index.php\/produkt\/cersanit-zrcadlova-skrinka-moduo-60-bila-s929-018-novinka-43554\/\",\"name\":\"CERSANIT - ZRCADLOV\u00c1 SK\u0158\u00cd\u0147KA MODUO 60 B\u00cdL\u00c1 S929-018 Novinka -\",\"isPartOf\":{\"@id\":\"https:\/\/www.technodompro.com\/#website\"},\"primaryImageOfPage\":{\"@id\":\"https:\/\/www.technodompro.com\/index.php\/produkt\/cersanit-zrcadlova-skrinka-moduo-60-bila-s929-018-novinka-43554\/#primaryimage\"},\"image\":{\"@id\":\"https:\/\/www.technodompro.com\/index.php\/produkt\/cersanit-zrcadlova-skrinka-moduo-60-bila-s929-018-novinka-43554\/#primaryimage\"},\"thumbnailUrl\":\"https:\/\/www.technodompro.com\/wp-content\/uploads\/2026\/SK0017039-CZ20260425-092556-0-1777080363-1398238_cersanit-zrcadlova-skrinka-moduo-60-bila-s929-018.j.webp\",\"datePublished\":\"2026-04-27T04:42:26+00:00\",\"breadcrumb\":{\"@id\":\"https:\/\/www.technodompro.com\/index.php\/produkt\/cersanit-zrcadlova-skrinka-moduo-60-bila-s929-018-novinka-43554\/#breadcrumb\"},\"inLanguage\":\"cs\",\"potentialAction\":[{\"@type\":\"ReadAction\",\"target\":[\"https:\/\/www.technodompro.com\/index.php\/produkt\/cersanit-zrcadlova-skrinka-moduo-60-bila-s929-018-novinka-43554\/\"]}]},{\"@type\":\"ImageObject\",\"inLanguage\":\"cs\",\"@id\":\"https:\/\/www.technodompro.com\/index.php\/produkt\/cersanit-zrcadlova-skrinka-moduo-60-bila-s929-018-novinka-43554\/#primaryimage\",\"url\":\"https:\/\/www.technodompro.com\/wp-content\/uploads\/2026\/SK0017039-CZ20260425-092556-0-1777080363-1398238_cersanit-zrcadlova-skrinka-moduo-60-bila-s929-018.j.webp\",\"contentUrl\":\"https:\/\/www.technodompro.com\/wp-content\/uploads\/2026\/SK0017039-CZ20260425-092556-0-1777080363-1398238_cersanit-zrcadlova-skrinka-moduo-60-bila-s929-018.j.webp\",\"width\":1000,\"height\":750},{\"@type\":\"BreadcrumbList\",\"@id\":\"https:\/\/www.technodompro.com\/index.php\/produkt\/cersanit-zrcadlova-skrinka-moduo-60-bila-s929-018-novinka-43554\/#breadcrumb\",\"itemListElement\":[{\"@type\":\"ListItem\",\"position\":1,\"name\":\"Home\",\"item\":\"https:\/\/www.technodompro.com\/\"},{\"@type\":\"ListItem\",\"position\":2,\"name\":\"Products\",\"item\":\"https:\/\/www.technodompro.com\/index.php\/products\/\"},{\"@type\":\"ListItem\",\"position\":3,\"name\":\"CERSANIT &#8211; ZRCADLOV\u00c1 SK\u0158\u00cd\u0147KA MODUO 60 B\u00cdL\u00c1 S929-018 Novinka\"}]},{\"@type\":\"WebSite\",\"@id\":\"https:\/\/www.technodompro.com\/#website\",\"url\":\"https:\/\/www.technodompro.com\/\",\"name\":\"\",\"description\":\"\",\"potentialAction\":[{\"@type\":\"SearchAction\",\"target\":{\"@type\":\"EntryPoint\",\"urlTemplate\":\"https:\/\/www.technodompro.com\/?s={search_term_string}\"},\"query-input\":{\"@type\":\"PropertyValueSpecification\",\"valueRequired\":true,\"valueName\":\"search_term_string\"}}],\"inLanguage\":\"cs\"}]}<\/script>\n<!-- \/ Yoast SEO plugin. -->","yoast_head_json":{"title":"CERSANIT - ZRCADLOV\u00c1 SK\u0158\u00cd\u0147KA MODUO 60 B\u00cdL\u00c1 S929-018 Novinka -","robots":{"index":"index","follow":"follow","max-snippet":"max-snippet:-1","max-image-preview":"max-image-preview:large","max-video-preview":"max-video-preview:-1"},"canonical":"https:\/\/www.technodompro.com\/index.php\/produkt\/cersanit-zrcadlova-skrinka-moduo-60-bila-s929-018-novinka-43554\/","og_locale":"cs_CZ","og_type":"article","og_title":"CERSANIT - ZRCADLOV\u00c1 SK\u0158\u00cd\u0147KA MODUO 60 B\u00cdL\u00c1 S929-018 Novinka -","og_description":"Detailn\u00ed popis produktu ZRCADLOV\u00c1 SK\u0158\u00cd\u0147KA MODUO 60 B\u00cdL\u00c1 (S929-018) PODROBNOSTI O PRODUKTU \u0161\u00ed\u0159ka: 59,5 cmhloubka: 14,1 cmv\u00fd\u0161ka: 80 cmbarva:\u00a0b\u00edl\u00e1 INFORMACE Zrcadlov\u00e1\u00a0sk\u0159\u00ed\u0148ka\u00a0MODUO SLIM\u00a0s univerz\u00e1ln\u00edm otv\u00edr\u00e1n\u00edm dv\u00ed\u0159ek prav\u00e1\/ lev\u00e1, je men\u0161\u00ed hloubky ne\u017e standardn\u00ed sk\u0159\u00ed\u0148ky a je p\u0159\u00edkladem modern\u00edho koupelnov\u00e9ho n\u00e1bytku.\u00a0Dv\u00ed\u0159ka jsou se skryt\u00fdm \u00fachytem a t\u011blo sk\u0159\u00ed\u0148ky je pokryto leskl\u00fdm\u00a0b\u00edl\u00fdm lakem, uvnit\u0159 jsou dv\u011b elegantn\u00ed sklen\u011bn\u00e9 [&hellip;]","og_url":"https:\/\/www.technodompro.com\/index.php\/produkt\/cersanit-zrcadlova-skrinka-moduo-60-bila-s929-018-novinka-43554\/","og_image":[{"width":1000,"height":750,"url":"https:\/\/www.technodompro.com\/wp-content\/uploads\/2026\/SK0017039-CZ20260425-092556-0-1777080363-1398238_cersanit-zrcadlova-skrinka-moduo-60-bila-s929-018.j.webp","type":"image\/webp"}],"twitter_card":"summary_large_image","twitter_misc":{"Odhadovan\u00e1 doba \u010dten\u00ed":"1 minuta"},"schema":{"@context":"https:\/\/schema.org","@graph":[{"@type":"WebPage","@id":"https:\/\/www.technodompro.com\/index.php\/produkt\/cersanit-zrcadlova-skrinka-moduo-60-bila-s929-018-novinka-43554\/","url":"https:\/\/www.technodompro.com\/index.php\/produkt\/cersanit-zrcadlova-skrinka-moduo-60-bila-s929-018-novinka-43554\/","name":"CERSANIT - ZRCADLOV\u00c1 SK\u0158\u00cd\u0147KA MODUO 60 B\u00cdL\u00c1 S929-018 Novinka -","isPartOf":{"@id":"https:\/\/www.technodompro.com\/#website"},"primaryImageOfPage":{"@id":"https:\/\/www.technodompro.com\/index.php\/produkt\/cersanit-zrcadlova-skrinka-moduo-60-bila-s929-018-novinka-43554\/#primaryimage"},"image":{"@id":"https:\/\/www.technodompro.com\/index.php\/produkt\/cersanit-zrcadlova-skrinka-moduo-60-bila-s929-018-novinka-43554\/#primaryimage"},"thumbnailUrl":"https:\/\/www.technodompro.com\/wp-content\/uploads\/2026\/SK0017039-CZ20260425-092556-0-1777080363-1398238_cersanit-zrcadlova-skrinka-moduo-60-bila-s929-018.j.webp","datePublished":"2026-04-27T04:42:26+00:00","breadcrumb":{"@id":"https:\/\/www.technodompro.com\/index.php\/produkt\/cersanit-zrcadlova-skrinka-moduo-60-bila-s929-018-novinka-43554\/#breadcrumb"},"inLanguage":"cs","potentialAction":[{"@type":"ReadAction","target":["https:\/\/www.technodompro.com\/index.php\/produkt\/cersanit-zrcadlova-skrinka-moduo-60-bila-s929-018-novinka-43554\/"]}]},{"@type":"ImageObject","inLanguage":"cs","@id":"https:\/\/www.technodompro.com\/index.php\/produkt\/cersanit-zrcadlova-skrinka-moduo-60-bila-s929-018-novinka-43554\/#primaryimage","url":"https:\/\/www.technodompro.com\/wp-content\/uploads\/2026\/SK0017039-CZ20260425-092556-0-1777080363-1398238_cersanit-zrcadlova-skrinka-moduo-60-bila-s929-018.j.webp","contentUrl":"https:\/\/www.technodompro.com\/wp-content\/uploads\/2026\/SK0017039-CZ20260425-092556-0-1777080363-1398238_cersanit-zrcadlova-skrinka-moduo-60-bila-s929-018.j.webp","width":1000,"height":750},{"@type":"BreadcrumbList","@id":"https:\/\/www.technodompro.com\/index.php\/produkt\/cersanit-zrcadlova-skrinka-moduo-60-bila-s929-018-novinka-43554\/#breadcrumb","itemListElement":[{"@type":"ListItem","position":1,"name":"Home","item":"https:\/\/www.technodompro.com\/"},{"@type":"ListItem","position":2,"name":"Products","item":"https:\/\/www.technodompro.com\/index.php\/products\/"},{"@type":"ListItem","position":3,"name":"CERSANIT &#8211; ZRCADLOV\u00c1 SK\u0158\u00cd\u0147KA MODUO 60 B\u00cdL\u00c1 S929-018 Novinka"}]},{"@type":"WebSite","@id":"https:\/\/www.technodompro.com\/#website","url":"https:\/\/www.technodompro.com\/","name":"","description":"","potentialAction":[{"@type":"SearchAction","target":{"@type":"EntryPoint","urlTemplate":"https:\/\/www.technodompro.com\/?s={search_term_string}"},"query-input":{"@type":"PropertyValueSpecification","valueRequired":true,"valueName":"search_term_string"}}],"inLanguage":"cs"}]}},"_links":{"self":[{"href":"https:\/\/www.technodompro.com\/index.php\/wp-json\/wp\/v2\/product\/43554","targetHints":{"allow":["GET"]}}],"collection":[{"href":"https:\/\/www.technodompro.com\/index.php\/wp-json\/wp\/v2\/product"}],"about":[{"href":"https:\/\/www.technodompro.com\/index.php\/wp-json\/wp\/v2\/types\/product"}],"replies":[{"embeddable":true,"href":"https:\/\/www.technodompro.com\/index.php\/wp-json\/wp\/v2\/comments?post=43554"}],"wp:featuredmedia":[{"embeddable":true,"href":"https:\/\/www.technodompro.com\/index.php\/wp-json\/wp\/v2\/media\/43654"}],"wp:attachment":[{"href":"https:\/\/www.technodompro.com\/index.php\/wp-json\/wp\/v2\/media?parent=43554"}],"wp:term":[{"taxonomy":"product_brand","embeddable":true,"href":"https:\/\/www.technodompro.com\/index.php\/wp-json\/wp\/v2\/product_brand?post=43554"},{"taxonomy":"product_cat","embeddable":true,"href":"https:\/\/www.technodompro.com\/index.php\/wp-json\/wp\/v2\/product_cat?post=43554"},{"taxonomy":"product_tag","embeddable":true,"href":"https:\/\/www.technodompro.com\/index.php\/wp-json\/wp\/v2\/product_tag?post=43554"}],"curies":[{"name":"wp","href":"https:\/\/api.w.org\/{rel}","templated":true}]}}