{"id":4361,"date":"2026-04-27T04:40:40","date_gmt":"2026-04-27T04:40:40","guid":{"rendered":""},"modified":"2026-04-27T04:40:40","modified_gmt":"2026-04-27T04:40:40","slug":"znackovy-lansanit-sprchova-stena-brix-800-mm-sklo-cire-profil-chrom-lan05022-4361","status":"publish","type":"product","link":"https:\/\/www.technodompro.com\/index.php\/produkt\/znackovy-lansanit-sprchova-stena-brix-800-mm-sklo-cire-profil-chrom-lan05022-4361\/","title":{"rendered":"Zna\u010dkov\u00fd Lansanit Sprchov\u00e1 st\u011bna Brix 800 mm, sklo \u010dir\u00e9, profil chrom,  LAN05022"},"content":{"rendered":"<div class=\"detail-description__right\">\n<div class=\"parameters\">\n<div class=\"table table--simple\">\n<table>\n<tbody>\n<tr>\n<td colspan=\"2\">\n<h4>Vlastnosti<\/h4>\n<\/td>\n<\/tr>\n<tr>\n<td>Rozm\u011br<\/td>\n<td>800 mm<\/td>\n<\/tr>\n<tr>\n<td>Sklo<\/td>\n<td>\u010dir\u00e9<\/td>\n<\/tr>\n<tr>\n<td>Barva profilu<\/td>\n<td>aluchrom<\/td>\n<\/tr>\n<tr>\n<td>Konstrukce<\/td>\n<td>bezr\u00e1mov\u00e1<\/td>\n<\/tr>\n<tr>\n<td>V\u00fdrobce<\/td>\n<td>Lansanit<\/td>\n<\/tr>\n<tr>\n<td>S\u00e9rie<\/td>\n<td>LUX<\/td>\n<\/tr>\n<tr>\n<td colspan=\"2\">\n<h4>Parametry<\/h4>\n<\/td>\n<\/tr>\n<tr>\n<td>Z\u00e1ruka<\/td>\n<td>2 roky<\/td>\n<\/tr>\n<tr>\n<td>Zna\u010dka<\/td>\n<td>Lansanit<\/td>\n<\/tr>\n<\/tbody>\n<\/table><\/div>\n<\/div><\/div>\n<div class=\"detail-description__top\">\t\t\t\t<\/div>\n<div class=\"detail-description__left\">\n<div class=\"detail-description__left__overflow\">\n<div class=\"detail-description__left__head\">\t\t\t\t\t\tPopis:\t\t\t\t\t<\/div>\n<div class=\"ul-style ul-style--check\">\n<p>LitLUX<\/p>\n<p>Dop\u0159ejte si luxusn\u00ed atmosf\u00e9ru 5-ti hv\u011bzdi\u010dkov\u00e9ho hotelu ve vlastn\u00edkoupeln\u011b a objevte tajemstv\u00ed dokanalosti. Nezam\u011bniteln\u00e1 kr\u00e1sa skla a kovuvynik\u00e1 d\u00edky \u010dist\u00fdm lini\u00edm, rozz\u00e1\u0159\u00ed prostor va\u0161\u00ed koupelny a spl\u0148ujenejvy\u0161\u0161\u00ed n\u00e1roky na design. Bezr\u00e1mov\u00e9 \u0159e\u0161en\u00ed sprchov\u00e9 z\u00e1st\u011bnydopl\u0148uj\u00ed precizn\u00ed komponenty a d\u016fmysln\u00e9 panty zdvihov\u00e9ho mechanismuumo\u017e\u0148uj\u00ed pohodln\u00e9 otev\u00edran\u00ed dovnit\u0159 i\u00a0ven. S\u00e9rieLit<strong>LUX<\/strong> \u2026 s\u00e9rie bez ohrani\u010den\u00ed<\/p>\n<p>R\u00e1m<\/p>\n<p>Na v\u00fdrobu jsou pou\u017eity prvot\u0159\u00eddn\u00ed r\u00e1my z\u00a0le\u0161t\u011bn\u00e9ho hlin\u00edku, kter\u00e9poskytuj\u00ed instala\u010dn\u00ed rozmez\u00ed pro vymezen\u00ed p\u0159\u00edpadn\u00e9 nerovnosti st\u011bn a\u017e20\u00a0mm na stran\u011b se st\u011bnov\u00fdm profilem.<\/p>\n<p>Jednoduch\u00e9 \u010di\u0161t\u011bn\u00ed<\/p>\n<p>Jednoduch\u00e9 \u010di\u0161t\u011bn\u00ed d\u00edky integrovan\u00fdm pant\u016fm.<\/p>\n<p>Bezpe\u010dnostn\u00ed sklo 8\u00a0mm<\/p>\n<p>Bezpe\u010dnostn\u00ed kalen\u00e9 sklo o\u00a0tlou\u0161\u0165ce 8\u00a0mm op\u011bt p\u0159id\u00e1v\u00e1 na pevnostikonstrukce sprchov\u00e9ho koutu, nav\u00edc je z\u00a0v\u00fdroby opat\u0159eno nanotechnologi\u00edAntiGrim, kter\u00e1 zabra\u0148uje usazov\u00e1n\u00ed mastnot a vodn\u00edho kamene a napom\u00e1h\u00e1rychlej\u0161\u00edmu odt\u00e9k\u00e1n\u00ed vody ze\u00a0skla.<\/p>\n<p>Z\u00e1ruka 3\u00a0roky<\/p>\n<p>Parametry<\/p>\n<p>Rozm\u011br 790\u00a0\u00d7\u00a01950 mm Tvar bo\u010dn\u00ed st\u011bna Sklo \u010dir\u00e9 Tlou\u0161\u0165ka skla8\u00a0mm bezpe\u010dnostn\u00ed sklo Profil chrom Typ vstupu \u00a0 Orientace vstupu \u00a0Konstrukce bezr\u00e1mov\u00e1 P\u0159estavn\u00e1 \u0161\u00ed\u0159ka\u00a0\u201320 mm\/+0\u00a0mm Rozm\u011br balen\u00ed2020\u00a0\u00d7\u00a0825\u00a0\u00d7\u00a080 mm Vani\u010dka sou\u010d\u00e1st balen\u00ed ne Hmotnost 35,5\u00a0kg Z\u00e1ruka3\u00a0roky<\/p>\n<\/div>\n<div class=\"detail-description__left__more\">\t\t\t\t\t\t<span> <\/span><span> <\/span>\t\t\t\t\t<\/div>\n<\/p><\/div>\n<\/p><\/div>\n<div class=\"detail-description__more\"><span> <\/span><span> <\/span><\/div>\n<\/p><\/div>\n<\/p><\/div>\n","protected":false},"excerpt":{"rendered":"<p>Vlastnosti Rozm\u011br 800 mm Sklo \u010dir\u00e9 Barva profilu aluchrom Konstrukce bezr\u00e1mov\u00e1 V\u00fdrobce Lansanit S\u00e9rie LUX Parametry Z\u00e1ruka 2 roky Zna\u010dka Lansanit Popis: LitLUX Dop\u0159ejte si luxusn\u00ed atmosf\u00e9ru 5-ti hv\u011bzdi\u010dkov\u00e9ho hotelu ve vlastn\u00edkoupeln\u011b a objevte tajemstv\u00ed dokanalosti. Nezam\u011bniteln\u00e1 kr\u00e1sa skla a kovuvynik\u00e1 d\u00edky \u010dist\u00fdm lini\u00edm, rozz\u00e1\u0159\u00ed prostor va\u0161\u00ed koupelny a spl\u0148ujenejvy\u0161\u0161\u00ed n\u00e1roky na design. Bezr\u00e1mov\u00e9 \u0159e\u0161en\u00ed [&hellip;]<\/p>\n","protected":false},"featured_media":4461,"comment_status":"open","ping_status":"open","template":"","meta":[],"product_brand":[],"product_cat":[39],"product_tag":[],"class_list":{"0":"post-4361","1":"product","2":"type-product","3":"status-publish","4":"has-post-thumbnail","6":"product_cat-sanita","8":"first","9":"instock","10":"sale","11":"shipping-taxable","12":"purchasable","13":"product-type-simple"},"yoast_head":"<!-- This site is optimized with the Yoast SEO plugin v26.8 - https:\/\/yoast.com\/product\/yoast-seo-wordpress\/ -->\n<title>Zna\u010dkov\u00fd Lansanit Sprchov\u00e1 st\u011bna Brix 800 mm, sklo \u010dir\u00e9, profil chrom, LAN05022 -<\/title>\n<meta name=\"robots\" content=\"index, follow, max-snippet:-1, max-image-preview:large, max-video-preview:-1\" \/>\n<link rel=\"canonical\" href=\"https:\/\/www.technodompro.com\/index.php\/produkt\/znackovy-lansanit-sprchova-stena-brix-800-mm-sklo-cire-profil-chrom-lan05022-4361\/\" \/>\n<meta property=\"og:locale\" content=\"cs_CZ\" \/>\n<meta property=\"og:type\" content=\"article\" \/>\n<meta property=\"og:title\" content=\"Zna\u010dkov\u00fd Lansanit Sprchov\u00e1 st\u011bna Brix 800 mm, sklo \u010dir\u00e9, profil chrom, LAN05022 -\" \/>\n<meta property=\"og:description\" content=\"Vlastnosti Rozm\u011br 800 mm Sklo \u010dir\u00e9 Barva profilu aluchrom Konstrukce bezr\u00e1mov\u00e1 V\u00fdrobce Lansanit S\u00e9rie LUX Parametry Z\u00e1ruka 2 roky Zna\u010dka Lansanit Popis: LitLUX Dop\u0159ejte si luxusn\u00ed atmosf\u00e9ru 5-ti hv\u011bzdi\u010dkov\u00e9ho hotelu ve vlastn\u00edkoupeln\u011b a objevte tajemstv\u00ed dokanalosti. Nezam\u011bniteln\u00e1 kr\u00e1sa skla a kovuvynik\u00e1 d\u00edky \u010dist\u00fdm lini\u00edm, rozz\u00e1\u0159\u00ed prostor va\u0161\u00ed koupelny a spl\u0148ujenejvy\u0161\u0161\u00ed n\u00e1roky na design. Bezr\u00e1mov\u00e9 \u0159e\u0161en\u00ed [&hellip;]\" \/>\n<meta property=\"og:url\" content=\"https:\/\/www.technodompro.com\/index.php\/produkt\/znackovy-lansanit-sprchova-stena-brix-800-mm-sklo-cire-profil-chrom-lan05022-4361\/\" \/>\n<meta property=\"og:image\" content=\"https:\/\/www.technodompro.com\/wp-content\/uploads\/2026\/SK0018144-CZ20260425-091936-0-1777079982-lansanit-sprchova-stena-brix-800-mm-sklo-cire-profil-chrom-.webp\" \/>\n\t<meta property=\"og:image:width\" content=\"1000\" \/>\n\t<meta property=\"og:image:height\" content=\"523\" \/>\n\t<meta property=\"og:image:type\" content=\"image\/webp\" \/>\n<meta name=\"twitter:card\" content=\"summary_large_image\" \/>\n<meta name=\"twitter:label1\" content=\"Odhadovan\u00e1 doba \u010dten\u00ed\" \/>\n\t<meta name=\"twitter:data1\" content=\"1 minuta\" \/>\n<script type=\"application\/ld+json\" class=\"yoast-schema-graph\">{\"@context\":\"https:\/\/schema.org\",\"@graph\":[{\"@type\":\"WebPage\",\"@id\":\"https:\/\/www.technodompro.com\/index.php\/produkt\/znackovy-lansanit-sprchova-stena-brix-800-mm-sklo-cire-profil-chrom-lan05022-4361\/\",\"url\":\"https:\/\/www.technodompro.com\/index.php\/produkt\/znackovy-lansanit-sprchova-stena-brix-800-mm-sklo-cire-profil-chrom-lan05022-4361\/\",\"name\":\"Zna\u010dkov\u00fd Lansanit Sprchov\u00e1 st\u011bna Brix 800 mm, sklo \u010dir\u00e9, profil chrom, LAN05022 -\",\"isPartOf\":{\"@id\":\"https:\/\/www.technodompro.com\/#website\"},\"primaryImageOfPage\":{\"@id\":\"https:\/\/www.technodompro.com\/index.php\/produkt\/znackovy-lansanit-sprchova-stena-brix-800-mm-sklo-cire-profil-chrom-lan05022-4361\/#primaryimage\"},\"image\":{\"@id\":\"https:\/\/www.technodompro.com\/index.php\/produkt\/znackovy-lansanit-sprchova-stena-brix-800-mm-sklo-cire-profil-chrom-lan05022-4361\/#primaryimage\"},\"thumbnailUrl\":\"https:\/\/www.technodompro.com\/wp-content\/uploads\/2026\/SK0018144-CZ20260425-091936-0-1777079982-lansanit-sprchova-stena-brix-800-mm-sklo-cire-profil-chrom-.webp\",\"datePublished\":\"2026-04-27T04:40:40+00:00\",\"breadcrumb\":{\"@id\":\"https:\/\/www.technodompro.com\/index.php\/produkt\/znackovy-lansanit-sprchova-stena-brix-800-mm-sklo-cire-profil-chrom-lan05022-4361\/#breadcrumb\"},\"inLanguage\":\"cs\",\"potentialAction\":[{\"@type\":\"ReadAction\",\"target\":[\"https:\/\/www.technodompro.com\/index.php\/produkt\/znackovy-lansanit-sprchova-stena-brix-800-mm-sklo-cire-profil-chrom-lan05022-4361\/\"]}]},{\"@type\":\"ImageObject\",\"inLanguage\":\"cs\",\"@id\":\"https:\/\/www.technodompro.com\/index.php\/produkt\/znackovy-lansanit-sprchova-stena-brix-800-mm-sklo-cire-profil-chrom-lan05022-4361\/#primaryimage\",\"url\":\"https:\/\/www.technodompro.com\/wp-content\/uploads\/2026\/SK0018144-CZ20260425-091936-0-1777079982-lansanit-sprchova-stena-brix-800-mm-sklo-cire-profil-chrom-.webp\",\"contentUrl\":\"https:\/\/www.technodompro.com\/wp-content\/uploads\/2026\/SK0018144-CZ20260425-091936-0-1777079982-lansanit-sprchova-stena-brix-800-mm-sklo-cire-profil-chrom-.webp\",\"width\":1000,\"height\":523},{\"@type\":\"BreadcrumbList\",\"@id\":\"https:\/\/www.technodompro.com\/index.php\/produkt\/znackovy-lansanit-sprchova-stena-brix-800-mm-sklo-cire-profil-chrom-lan05022-4361\/#breadcrumb\",\"itemListElement\":[{\"@type\":\"ListItem\",\"position\":1,\"name\":\"Home\",\"item\":\"https:\/\/www.technodompro.com\/\"},{\"@type\":\"ListItem\",\"position\":2,\"name\":\"Products\",\"item\":\"https:\/\/www.technodompro.com\/index.php\/products\/\"},{\"@type\":\"ListItem\",\"position\":3,\"name\":\"Zna\u010dkov\u00fd Lansanit Sprchov\u00e1 st\u011bna Brix 800 mm, sklo \u010dir\u00e9, profil chrom, LAN05022\"}]},{\"@type\":\"WebSite\",\"@id\":\"https:\/\/www.technodompro.com\/#website\",\"url\":\"https:\/\/www.technodompro.com\/\",\"name\":\"\",\"description\":\"\",\"potentialAction\":[{\"@type\":\"SearchAction\",\"target\":{\"@type\":\"EntryPoint\",\"urlTemplate\":\"https:\/\/www.technodompro.com\/?s={search_term_string}\"},\"query-input\":{\"@type\":\"PropertyValueSpecification\",\"valueRequired\":true,\"valueName\":\"search_term_string\"}}],\"inLanguage\":\"cs\"}]}<\/script>\n<!-- \/ Yoast SEO plugin. -->","yoast_head_json":{"title":"Zna\u010dkov\u00fd Lansanit Sprchov\u00e1 st\u011bna Brix 800 mm, sklo \u010dir\u00e9, profil chrom, LAN05022 -","robots":{"index":"index","follow":"follow","max-snippet":"max-snippet:-1","max-image-preview":"max-image-preview:large","max-video-preview":"max-video-preview:-1"},"canonical":"https:\/\/www.technodompro.com\/index.php\/produkt\/znackovy-lansanit-sprchova-stena-brix-800-mm-sklo-cire-profil-chrom-lan05022-4361\/","og_locale":"cs_CZ","og_type":"article","og_title":"Zna\u010dkov\u00fd Lansanit Sprchov\u00e1 st\u011bna Brix 800 mm, sklo \u010dir\u00e9, profil chrom, LAN05022 -","og_description":"Vlastnosti Rozm\u011br 800 mm Sklo \u010dir\u00e9 Barva profilu aluchrom Konstrukce bezr\u00e1mov\u00e1 V\u00fdrobce Lansanit S\u00e9rie LUX Parametry Z\u00e1ruka 2 roky Zna\u010dka Lansanit Popis: LitLUX Dop\u0159ejte si luxusn\u00ed atmosf\u00e9ru 5-ti hv\u011bzdi\u010dkov\u00e9ho hotelu ve vlastn\u00edkoupeln\u011b a objevte tajemstv\u00ed dokanalosti. Nezam\u011bniteln\u00e1 kr\u00e1sa skla a kovuvynik\u00e1 d\u00edky \u010dist\u00fdm lini\u00edm, rozz\u00e1\u0159\u00ed prostor va\u0161\u00ed koupelny a spl\u0148ujenejvy\u0161\u0161\u00ed n\u00e1roky na design. Bezr\u00e1mov\u00e9 \u0159e\u0161en\u00ed [&hellip;]","og_url":"https:\/\/www.technodompro.com\/index.php\/produkt\/znackovy-lansanit-sprchova-stena-brix-800-mm-sklo-cire-profil-chrom-lan05022-4361\/","og_image":[{"width":1000,"height":523,"url":"https:\/\/www.technodompro.com\/wp-content\/uploads\/2026\/SK0018144-CZ20260425-091936-0-1777079982-lansanit-sprchova-stena-brix-800-mm-sklo-cire-profil-chrom-.webp","type":"image\/webp"}],"twitter_card":"summary_large_image","twitter_misc":{"Odhadovan\u00e1 doba \u010dten\u00ed":"1 minuta"},"schema":{"@context":"https:\/\/schema.org","@graph":[{"@type":"WebPage","@id":"https:\/\/www.technodompro.com\/index.php\/produkt\/znackovy-lansanit-sprchova-stena-brix-800-mm-sklo-cire-profil-chrom-lan05022-4361\/","url":"https:\/\/www.technodompro.com\/index.php\/produkt\/znackovy-lansanit-sprchova-stena-brix-800-mm-sklo-cire-profil-chrom-lan05022-4361\/","name":"Zna\u010dkov\u00fd Lansanit Sprchov\u00e1 st\u011bna Brix 800 mm, sklo \u010dir\u00e9, profil chrom, LAN05022 -","isPartOf":{"@id":"https:\/\/www.technodompro.com\/#website"},"primaryImageOfPage":{"@id":"https:\/\/www.technodompro.com\/index.php\/produkt\/znackovy-lansanit-sprchova-stena-brix-800-mm-sklo-cire-profil-chrom-lan05022-4361\/#primaryimage"},"image":{"@id":"https:\/\/www.technodompro.com\/index.php\/produkt\/znackovy-lansanit-sprchova-stena-brix-800-mm-sklo-cire-profil-chrom-lan05022-4361\/#primaryimage"},"thumbnailUrl":"https:\/\/www.technodompro.com\/wp-content\/uploads\/2026\/SK0018144-CZ20260425-091936-0-1777079982-lansanit-sprchova-stena-brix-800-mm-sklo-cire-profil-chrom-.webp","datePublished":"2026-04-27T04:40:40+00:00","breadcrumb":{"@id":"https:\/\/www.technodompro.com\/index.php\/produkt\/znackovy-lansanit-sprchova-stena-brix-800-mm-sklo-cire-profil-chrom-lan05022-4361\/#breadcrumb"},"inLanguage":"cs","potentialAction":[{"@type":"ReadAction","target":["https:\/\/www.technodompro.com\/index.php\/produkt\/znackovy-lansanit-sprchova-stena-brix-800-mm-sklo-cire-profil-chrom-lan05022-4361\/"]}]},{"@type":"ImageObject","inLanguage":"cs","@id":"https:\/\/www.technodompro.com\/index.php\/produkt\/znackovy-lansanit-sprchova-stena-brix-800-mm-sklo-cire-profil-chrom-lan05022-4361\/#primaryimage","url":"https:\/\/www.technodompro.com\/wp-content\/uploads\/2026\/SK0018144-CZ20260425-091936-0-1777079982-lansanit-sprchova-stena-brix-800-mm-sklo-cire-profil-chrom-.webp","contentUrl":"https:\/\/www.technodompro.com\/wp-content\/uploads\/2026\/SK0018144-CZ20260425-091936-0-1777079982-lansanit-sprchova-stena-brix-800-mm-sklo-cire-profil-chrom-.webp","width":1000,"height":523},{"@type":"BreadcrumbList","@id":"https:\/\/www.technodompro.com\/index.php\/produkt\/znackovy-lansanit-sprchova-stena-brix-800-mm-sklo-cire-profil-chrom-lan05022-4361\/#breadcrumb","itemListElement":[{"@type":"ListItem","position":1,"name":"Home","item":"https:\/\/www.technodompro.com\/"},{"@type":"ListItem","position":2,"name":"Products","item":"https:\/\/www.technodompro.com\/index.php\/products\/"},{"@type":"ListItem","position":3,"name":"Zna\u010dkov\u00fd Lansanit Sprchov\u00e1 st\u011bna Brix 800 mm, sklo \u010dir\u00e9, profil chrom, LAN05022"}]},{"@type":"WebSite","@id":"https:\/\/www.technodompro.com\/#website","url":"https:\/\/www.technodompro.com\/","name":"","description":"","potentialAction":[{"@type":"SearchAction","target":{"@type":"EntryPoint","urlTemplate":"https:\/\/www.technodompro.com\/?s={search_term_string}"},"query-input":{"@type":"PropertyValueSpecification","valueRequired":true,"valueName":"search_term_string"}}],"inLanguage":"cs"}]}},"_links":{"self":[{"href":"https:\/\/www.technodompro.com\/index.php\/wp-json\/wp\/v2\/product\/4361","targetHints":{"allow":["GET"]}}],"collection":[{"href":"https:\/\/www.technodompro.com\/index.php\/wp-json\/wp\/v2\/product"}],"about":[{"href":"https:\/\/www.technodompro.com\/index.php\/wp-json\/wp\/v2\/types\/product"}],"replies":[{"embeddable":true,"href":"https:\/\/www.technodompro.com\/index.php\/wp-json\/wp\/v2\/comments?post=4361"}],"wp:featuredmedia":[{"embeddable":true,"href":"https:\/\/www.technodompro.com\/index.php\/wp-json\/wp\/v2\/media\/4461"}],"wp:attachment":[{"href":"https:\/\/www.technodompro.com\/index.php\/wp-json\/wp\/v2\/media?parent=4361"}],"wp:term":[{"taxonomy":"product_brand","embeddable":true,"href":"https:\/\/www.technodompro.com\/index.php\/wp-json\/wp\/v2\/product_brand?post=4361"},{"taxonomy":"product_cat","embeddable":true,"href":"https:\/\/www.technodompro.com\/index.php\/wp-json\/wp\/v2\/product_cat?post=4361"},{"taxonomy":"product_tag","embeddable":true,"href":"https:\/\/www.technodompro.com\/index.php\/wp-json\/wp\/v2\/product_tag?post=4361"}],"curies":[{"name":"wp","href":"https:\/\/api.w.org\/{rel}","templated":true}]}}