{"id":44160,"date":"2026-04-27T04:42:28","date_gmt":"2026-04-27T04:42:28","guid":{"rendered":""},"modified":"2026-04-27T04:42:28","modified_gmt":"2026-04-27T04:42:28","slug":"znackovy-ultramix-podomitkova-sprchova-baterie-2-vystupy-cerna-mat-chrom-44160","status":"publish","type":"product","link":"https:\/\/www.technodompro.com\/index.php\/produkt\/znackovy-ultramix-podomitkova-sprchova-baterie-2-vystupy-cerna-mat-chrom-44160\/","title":{"rendered":"Zna\u010dkov\u00fd ULTRAMIX podom\u00edtkov\u00e1 sprchov\u00e1 baterie, 2 v\u00fdstupy, \u010dern\u00e1 mat\/chrom"},"content":{"rendered":"<div class=\"basic-description\">\n<h3>Detailn\u00ed popis produktu<\/h3>\n<p style=\"text-align: justify;\">S\u00e9rie ULTRAMIX vynik\u00e1 univerz\u00e1ln\u00edm designem v\u00e1lcov\u00e9ho tvaru, kter\u00fd je dopln\u011bn decentn\u00ed hranou a \u00fazkou p\u00e1\u010dkou \u2013 kombinace, kter\u00e1 je nejen esteticky p\u0159ita\u017eliv\u00e1, ale p\u0159edev\u0161\u00edm praktick\u00e1. V\u00e1lcov\u00fd tvar umo\u017e\u0148uje snadn\u00e9 \u010di\u0161t\u011bn\u00ed a t\u00edm baterie neztr\u00e1c\u00ed sv\u016fj elegantn\u00ed vzhled ani p\u0159i ka\u017edodenn\u00edm pou\u017e\u00edv\u00e1n\u00ed. Decentn\u00ed hrana poskytuje baterii pevn\u00fd a stabiln\u00ed dojem a \u00fazk\u00e1 p\u00e1\u010dka zaji\u0161\u0165uje lehk\u00e9 a p\u0159esn\u00e9 ovl\u00e1d\u00e1n\u00ed pr\u016ftoku i teploty vody. Minimalistick\u00fd vzhled a ergonomie d\u011blaj\u00ed z t\u00e9to kolekce vodovodn\u00edch bateri\u00ed perfektn\u00ed volbu pro modern\u00ed koupelnu, kde je kladen d\u016fraz na jednoduchost a funk\u010dnost bez kompromis\u016f.S\u00e9rie ULTRAMIX zahrnuje baterie stoj\u00e1nkov\u00e9, n\u00e1st\u011bnn\u00e9, podom\u00edtkov\u00e9, do podlahy, na okraj vany i sprchov\u00e9 sloupy.<\/p>\n<\/p><\/div>\n<div class=\"extended-description\">\n<h3>Dopl\u0148kov\u00e9 parametry<\/h3>\n<table class=\"detail-parameters\">\n<tbody>\n<tr>\n<th>        <span class=\"row-header-label\">            Kategorie<span class=\"row-header-label-colon\">:<\/span>        <\/span>    <\/th>\n<td>            <\/td>\n<\/tr>\n<tr>\n<th>            <span class=\"row-header-label\">                Z\u00e1ruka<span class=\"row-header-label-colon\">:<\/span>            <\/span>        <\/th>\n<td>            72        <\/td>\n<\/tr>\n<tr>\n<th>            <span class=\"row-header-label\">                Hmotnost<span class=\"row-header-label-colon\">:<\/span>            <\/span>        <\/th>\n<td>            2.882 kg        <\/td>\n<\/tr>\n<tr class=\"productEan\">\n<th>          <span class=\"row-header-label productEan__label\">              EAN<span class=\"row-header-label-colon\">:<\/span>          <\/span>      <\/th>\n<td>          <span class=\"productEan__value\">8590913988820<\/span>      <\/td>\n<\/tr>\n<tr>\n<th>                <span class=\"row-header-label\">                                            3D model<span class=\"row-header-label-colon\">:<\/span>                                    <\/span>            <\/th>\n<td>                                                            ANO                                                <\/td>\n<\/tr>\n<tr>\n<th>                <span class=\"row-header-label\">                                            Balen\u00ed<span class=\"row-header-label-colon\">:<\/span>                                    <\/span>            <\/th>\n<td>                                                            2 ks                                                <\/td>\n<\/tr>\n<tr>\n<th>                <span class=\"row-header-label\">                                            Barva<span class=\"row-header-label-colon\">:<\/span>                                    <\/span>            <\/th>\n<td>                                                            \u010cern\u00e1 mat                                                <\/td>\n<\/tr>\n<tr>\n<th>                <span class=\"row-header-label\">                                            Dostupnost<span class=\"row-header-label-colon\">:<\/span>                                    <\/span>            <\/th>\n<td>                                                            Skladem                                                <\/td>\n<\/tr>\n<tr>\n<th>                <span class=\"row-header-label\">                                            Druh ovl\u00e1d\u00e1n\u00ed<span class=\"row-header-label-colon\">:<\/span>                                    <\/span>            <\/th>\n<td>                                                            P\u00e1ka                                                <\/td>\n<\/tr>\n<tr>\n<th>                <span class=\"row-header-label\">                                            Instalace<span class=\"row-header-label-colon\">:<\/span>                                    <\/span>            <\/th>\n<td>                                                            Podom\u00edtkov\u00e1                                                <\/td>\n<\/tr>\n<tr>\n<th>                <span class=\"row-header-label\">                                            Materi\u00e1l<span class=\"row-header-label-colon\">:<\/span>                                    <\/span>            <\/th>\n<td>                                                            Mosaz                                                <\/td>\n<\/tr>\n<tr>\n<th>                <span class=\"row-header-label\">                                            Ostatn\u00ed<span class=\"row-header-label-colon\">:<\/span>                                    <\/span>            <\/th>\n<td>                                                            2 v\u00fdstupy                                                <\/td>\n<\/tr>\n<tr>\n<th>                <span class=\"row-header-label\">                                            P\u0159ep\u00edna\u010d na sprchu<span class=\"row-header-label-colon\">:<\/span>                                    <\/span>            <\/th>\n<td>                                                            Tlakov\u00fd                                                <\/td>\n<\/tr>\n<tr>\n<th>                <span class=\"row-header-label\">                                            \u0160\u00ed\u0159ka<span class=\"row-header-label-colon\">:<\/span>                                    <\/span>            <\/th>\n<td>                                                            180 mm                                                <\/td>\n<\/tr>\n<tr>\n<th>                <span class=\"row-header-label\">                                            Tvar<span class=\"row-header-label-colon\">:<\/span>                                    <\/span>            <\/th>\n<td>                                                            Kruhov\u00e9                                                <\/td>\n<\/tr>\n<tr>\n<th>                <span class=\"row-header-label\">                                            V\u00fd\u0161ka<span class=\"row-header-label-colon\">:<\/span>                                    <\/span>            <\/th>\n<td>                                                            180 mm                                                <\/td>\n<\/tr>\n<tr>\n<th>                <span class=\"row-header-label\">                                            Z\u00e1ruka<span class=\"row-header-label-colon\">:<\/span>                                    <\/span>            <\/th>\n<td>                                                            6 let                                                <\/td>\n<\/tr>\n<\/tbody>\n<\/table><\/div>\n<\/p><\/div>\n<\/p><\/div>\n","protected":false},"excerpt":{"rendered":"<p>Detailn\u00ed popis produktu S\u00e9rie ULTRAMIX vynik\u00e1 univerz\u00e1ln\u00edm designem v\u00e1lcov\u00e9ho tvaru, kter\u00fd je dopln\u011bn decentn\u00ed hranou a \u00fazkou p\u00e1\u010dkou \u2013 kombinace, kter\u00e1 je nejen esteticky p\u0159ita\u017eliv\u00e1, ale p\u0159edev\u0161\u00edm praktick\u00e1. V\u00e1lcov\u00fd tvar umo\u017e\u0148uje snadn\u00e9 \u010di\u0161t\u011bn\u00ed a t\u00edm baterie neztr\u00e1c\u00ed sv\u016fj elegantn\u00ed vzhled ani p\u0159i ka\u017edodenn\u00edm pou\u017e\u00edv\u00e1n\u00ed. Decentn\u00ed hrana poskytuje baterii pevn\u00fd a stabiln\u00ed dojem a \u00fazk\u00e1 p\u00e1\u010dka [&hellip;]<\/p>\n","protected":false},"featured_media":44260,"comment_status":"open","ping_status":"open","template":"","meta":[],"product_brand":[],"product_cat":[51],"product_tag":[],"class_list":{"0":"post-44160","1":"product","2":"type-product","3":"status-publish","4":"has-post-thumbnail","6":"product_cat-vodovodni-baterie","8":"first","9":"instock","10":"sale","11":"shipping-taxable","12":"purchasable","13":"product-type-simple"},"yoast_head":"<!-- This site is optimized with the Yoast SEO plugin v26.8 - https:\/\/yoast.com\/product\/yoast-seo-wordpress\/ -->\n<title>Zna\u010dkov\u00fd ULTRAMIX podom\u00edtkov\u00e1 sprchov\u00e1 baterie, 2 v\u00fdstupy, \u010dern\u00e1 mat\/chrom -<\/title>\n<meta name=\"robots\" content=\"index, follow, max-snippet:-1, max-image-preview:large, max-video-preview:-1\" \/>\n<link rel=\"canonical\" href=\"https:\/\/www.technodompro.com\/index.php\/produkt\/znackovy-ultramix-podomitkova-sprchova-baterie-2-vystupy-cerna-mat-chrom-44160\/\" \/>\n<meta property=\"og:locale\" content=\"cs_CZ\" \/>\n<meta property=\"og:type\" content=\"article\" \/>\n<meta property=\"og:title\" content=\"Zna\u010dkov\u00fd ULTRAMIX podom\u00edtkov\u00e1 sprchov\u00e1 baterie, 2 v\u00fdstupy, \u010dern\u00e1 mat\/chrom -\" \/>\n<meta property=\"og:description\" content=\"Detailn\u00ed popis produktu S\u00e9rie ULTRAMIX vynik\u00e1 univerz\u00e1ln\u00edm designem v\u00e1lcov\u00e9ho tvaru, kter\u00fd je dopln\u011bn decentn\u00ed hranou a \u00fazkou p\u00e1\u010dkou \u2013 kombinace, kter\u00e1 je nejen esteticky p\u0159ita\u017eliv\u00e1, ale p\u0159edev\u0161\u00edm praktick\u00e1. V\u00e1lcov\u00fd tvar umo\u017e\u0148uje snadn\u00e9 \u010di\u0161t\u011bn\u00ed a t\u00edm baterie neztr\u00e1c\u00ed sv\u016fj elegantn\u00ed vzhled ani p\u0159i ka\u017edodenn\u00edm pou\u017e\u00edv\u00e1n\u00ed. Decentn\u00ed hrana poskytuje baterii pevn\u00fd a stabiln\u00ed dojem a \u00fazk\u00e1 p\u00e1\u010dka [&hellip;]\" \/>\n<meta property=\"og:url\" content=\"https:\/\/www.technodompro.com\/index.php\/produkt\/znackovy-ultramix-podomitkova-sprchova-baterie-2-vystupy-cerna-mat-chrom-44160\/\" \/>\n<meta property=\"og:image\" content=\"https:\/\/www.technodompro.com\/wp-content\/uploads\/2026\/SK0017486-CZ20260425-092556-0-1777080363-1493962_ut042bc-242992069884825.webp\" \/>\n\t<meta property=\"og:image:width\" content=\"1000\" \/>\n\t<meta property=\"og:image:height\" content=\"750\" \/>\n\t<meta property=\"og:image:type\" content=\"image\/webp\" \/>\n<meta name=\"twitter:card\" content=\"summary_large_image\" \/>\n<meta name=\"twitter:label1\" content=\"Odhadovan\u00e1 doba \u010dten\u00ed\" \/>\n\t<meta name=\"twitter:data1\" content=\"1 minuta\" \/>\n<script type=\"application\/ld+json\" class=\"yoast-schema-graph\">{\"@context\":\"https:\/\/schema.org\",\"@graph\":[{\"@type\":\"WebPage\",\"@id\":\"https:\/\/www.technodompro.com\/index.php\/produkt\/znackovy-ultramix-podomitkova-sprchova-baterie-2-vystupy-cerna-mat-chrom-44160\/\",\"url\":\"https:\/\/www.technodompro.com\/index.php\/produkt\/znackovy-ultramix-podomitkova-sprchova-baterie-2-vystupy-cerna-mat-chrom-44160\/\",\"name\":\"Zna\u010dkov\u00fd ULTRAMIX podom\u00edtkov\u00e1 sprchov\u00e1 baterie, 2 v\u00fdstupy, \u010dern\u00e1 mat\/chrom -\",\"isPartOf\":{\"@id\":\"https:\/\/www.technodompro.com\/#website\"},\"primaryImageOfPage\":{\"@id\":\"https:\/\/www.technodompro.com\/index.php\/produkt\/znackovy-ultramix-podomitkova-sprchova-baterie-2-vystupy-cerna-mat-chrom-44160\/#primaryimage\"},\"image\":{\"@id\":\"https:\/\/www.technodompro.com\/index.php\/produkt\/znackovy-ultramix-podomitkova-sprchova-baterie-2-vystupy-cerna-mat-chrom-44160\/#primaryimage\"},\"thumbnailUrl\":\"https:\/\/www.technodompro.com\/wp-content\/uploads\/2026\/SK0017486-CZ20260425-092556-0-1777080363-1493962_ut042bc-242992069884825.webp\",\"datePublished\":\"2026-04-27T04:42:28+00:00\",\"breadcrumb\":{\"@id\":\"https:\/\/www.technodompro.com\/index.php\/produkt\/znackovy-ultramix-podomitkova-sprchova-baterie-2-vystupy-cerna-mat-chrom-44160\/#breadcrumb\"},\"inLanguage\":\"cs\",\"potentialAction\":[{\"@type\":\"ReadAction\",\"target\":[\"https:\/\/www.technodompro.com\/index.php\/produkt\/znackovy-ultramix-podomitkova-sprchova-baterie-2-vystupy-cerna-mat-chrom-44160\/\"]}]},{\"@type\":\"ImageObject\",\"inLanguage\":\"cs\",\"@id\":\"https:\/\/www.technodompro.com\/index.php\/produkt\/znackovy-ultramix-podomitkova-sprchova-baterie-2-vystupy-cerna-mat-chrom-44160\/#primaryimage\",\"url\":\"https:\/\/www.technodompro.com\/wp-content\/uploads\/2026\/SK0017486-CZ20260425-092556-0-1777080363-1493962_ut042bc-242992069884825.webp\",\"contentUrl\":\"https:\/\/www.technodompro.com\/wp-content\/uploads\/2026\/SK0017486-CZ20260425-092556-0-1777080363-1493962_ut042bc-242992069884825.webp\",\"width\":1000,\"height\":750},{\"@type\":\"BreadcrumbList\",\"@id\":\"https:\/\/www.technodompro.com\/index.php\/produkt\/znackovy-ultramix-podomitkova-sprchova-baterie-2-vystupy-cerna-mat-chrom-44160\/#breadcrumb\",\"itemListElement\":[{\"@type\":\"ListItem\",\"position\":1,\"name\":\"Home\",\"item\":\"https:\/\/www.technodompro.com\/\"},{\"@type\":\"ListItem\",\"position\":2,\"name\":\"Products\",\"item\":\"https:\/\/www.technodompro.com\/index.php\/products\/\"},{\"@type\":\"ListItem\",\"position\":3,\"name\":\"Zna\u010dkov\u00fd ULTRAMIX podom\u00edtkov\u00e1 sprchov\u00e1 baterie, 2 v\u00fdstupy, \u010dern\u00e1 mat\/chrom\"}]},{\"@type\":\"WebSite\",\"@id\":\"https:\/\/www.technodompro.com\/#website\",\"url\":\"https:\/\/www.technodompro.com\/\",\"name\":\"\",\"description\":\"\",\"potentialAction\":[{\"@type\":\"SearchAction\",\"target\":{\"@type\":\"EntryPoint\",\"urlTemplate\":\"https:\/\/www.technodompro.com\/?s={search_term_string}\"},\"query-input\":{\"@type\":\"PropertyValueSpecification\",\"valueRequired\":true,\"valueName\":\"search_term_string\"}}],\"inLanguage\":\"cs\"}]}<\/script>\n<!-- \/ Yoast SEO plugin. -->","yoast_head_json":{"title":"Zna\u010dkov\u00fd ULTRAMIX podom\u00edtkov\u00e1 sprchov\u00e1 baterie, 2 v\u00fdstupy, \u010dern\u00e1 mat\/chrom -","robots":{"index":"index","follow":"follow","max-snippet":"max-snippet:-1","max-image-preview":"max-image-preview:large","max-video-preview":"max-video-preview:-1"},"canonical":"https:\/\/www.technodompro.com\/index.php\/produkt\/znackovy-ultramix-podomitkova-sprchova-baterie-2-vystupy-cerna-mat-chrom-44160\/","og_locale":"cs_CZ","og_type":"article","og_title":"Zna\u010dkov\u00fd ULTRAMIX podom\u00edtkov\u00e1 sprchov\u00e1 baterie, 2 v\u00fdstupy, \u010dern\u00e1 mat\/chrom -","og_description":"Detailn\u00ed popis produktu S\u00e9rie ULTRAMIX vynik\u00e1 univerz\u00e1ln\u00edm designem v\u00e1lcov\u00e9ho tvaru, kter\u00fd je dopln\u011bn decentn\u00ed hranou a \u00fazkou p\u00e1\u010dkou \u2013 kombinace, kter\u00e1 je nejen esteticky p\u0159ita\u017eliv\u00e1, ale p\u0159edev\u0161\u00edm praktick\u00e1. V\u00e1lcov\u00fd tvar umo\u017e\u0148uje snadn\u00e9 \u010di\u0161t\u011bn\u00ed a t\u00edm baterie neztr\u00e1c\u00ed sv\u016fj elegantn\u00ed vzhled ani p\u0159i ka\u017edodenn\u00edm pou\u017e\u00edv\u00e1n\u00ed. Decentn\u00ed hrana poskytuje baterii pevn\u00fd a stabiln\u00ed dojem a \u00fazk\u00e1 p\u00e1\u010dka [&hellip;]","og_url":"https:\/\/www.technodompro.com\/index.php\/produkt\/znackovy-ultramix-podomitkova-sprchova-baterie-2-vystupy-cerna-mat-chrom-44160\/","og_image":[{"width":1000,"height":750,"url":"https:\/\/www.technodompro.com\/wp-content\/uploads\/2026\/SK0017486-CZ20260425-092556-0-1777080363-1493962_ut042bc-242992069884825.webp","type":"image\/webp"}],"twitter_card":"summary_large_image","twitter_misc":{"Odhadovan\u00e1 doba \u010dten\u00ed":"1 minuta"},"schema":{"@context":"https:\/\/schema.org","@graph":[{"@type":"WebPage","@id":"https:\/\/www.technodompro.com\/index.php\/produkt\/znackovy-ultramix-podomitkova-sprchova-baterie-2-vystupy-cerna-mat-chrom-44160\/","url":"https:\/\/www.technodompro.com\/index.php\/produkt\/znackovy-ultramix-podomitkova-sprchova-baterie-2-vystupy-cerna-mat-chrom-44160\/","name":"Zna\u010dkov\u00fd ULTRAMIX podom\u00edtkov\u00e1 sprchov\u00e1 baterie, 2 v\u00fdstupy, \u010dern\u00e1 mat\/chrom -","isPartOf":{"@id":"https:\/\/www.technodompro.com\/#website"},"primaryImageOfPage":{"@id":"https:\/\/www.technodompro.com\/index.php\/produkt\/znackovy-ultramix-podomitkova-sprchova-baterie-2-vystupy-cerna-mat-chrom-44160\/#primaryimage"},"image":{"@id":"https:\/\/www.technodompro.com\/index.php\/produkt\/znackovy-ultramix-podomitkova-sprchova-baterie-2-vystupy-cerna-mat-chrom-44160\/#primaryimage"},"thumbnailUrl":"https:\/\/www.technodompro.com\/wp-content\/uploads\/2026\/SK0017486-CZ20260425-092556-0-1777080363-1493962_ut042bc-242992069884825.webp","datePublished":"2026-04-27T04:42:28+00:00","breadcrumb":{"@id":"https:\/\/www.technodompro.com\/index.php\/produkt\/znackovy-ultramix-podomitkova-sprchova-baterie-2-vystupy-cerna-mat-chrom-44160\/#breadcrumb"},"inLanguage":"cs","potentialAction":[{"@type":"ReadAction","target":["https:\/\/www.technodompro.com\/index.php\/produkt\/znackovy-ultramix-podomitkova-sprchova-baterie-2-vystupy-cerna-mat-chrom-44160\/"]}]},{"@type":"ImageObject","inLanguage":"cs","@id":"https:\/\/www.technodompro.com\/index.php\/produkt\/znackovy-ultramix-podomitkova-sprchova-baterie-2-vystupy-cerna-mat-chrom-44160\/#primaryimage","url":"https:\/\/www.technodompro.com\/wp-content\/uploads\/2026\/SK0017486-CZ20260425-092556-0-1777080363-1493962_ut042bc-242992069884825.webp","contentUrl":"https:\/\/www.technodompro.com\/wp-content\/uploads\/2026\/SK0017486-CZ20260425-092556-0-1777080363-1493962_ut042bc-242992069884825.webp","width":1000,"height":750},{"@type":"BreadcrumbList","@id":"https:\/\/www.technodompro.com\/index.php\/produkt\/znackovy-ultramix-podomitkova-sprchova-baterie-2-vystupy-cerna-mat-chrom-44160\/#breadcrumb","itemListElement":[{"@type":"ListItem","position":1,"name":"Home","item":"https:\/\/www.technodompro.com\/"},{"@type":"ListItem","position":2,"name":"Products","item":"https:\/\/www.technodompro.com\/index.php\/products\/"},{"@type":"ListItem","position":3,"name":"Zna\u010dkov\u00fd ULTRAMIX podom\u00edtkov\u00e1 sprchov\u00e1 baterie, 2 v\u00fdstupy, \u010dern\u00e1 mat\/chrom"}]},{"@type":"WebSite","@id":"https:\/\/www.technodompro.com\/#website","url":"https:\/\/www.technodompro.com\/","name":"","description":"","potentialAction":[{"@type":"SearchAction","target":{"@type":"EntryPoint","urlTemplate":"https:\/\/www.technodompro.com\/?s={search_term_string}"},"query-input":{"@type":"PropertyValueSpecification","valueRequired":true,"valueName":"search_term_string"}}],"inLanguage":"cs"}]}},"_links":{"self":[{"href":"https:\/\/www.technodompro.com\/index.php\/wp-json\/wp\/v2\/product\/44160","targetHints":{"allow":["GET"]}}],"collection":[{"href":"https:\/\/www.technodompro.com\/index.php\/wp-json\/wp\/v2\/product"}],"about":[{"href":"https:\/\/www.technodompro.com\/index.php\/wp-json\/wp\/v2\/types\/product"}],"replies":[{"embeddable":true,"href":"https:\/\/www.technodompro.com\/index.php\/wp-json\/wp\/v2\/comments?post=44160"}],"wp:featuredmedia":[{"embeddable":true,"href":"https:\/\/www.technodompro.com\/index.php\/wp-json\/wp\/v2\/media\/44260"}],"wp:attachment":[{"href":"https:\/\/www.technodompro.com\/index.php\/wp-json\/wp\/v2\/media?parent=44160"}],"wp:term":[{"taxonomy":"product_brand","embeddable":true,"href":"https:\/\/www.technodompro.com\/index.php\/wp-json\/wp\/v2\/product_brand?post=44160"},{"taxonomy":"product_cat","embeddable":true,"href":"https:\/\/www.technodompro.com\/index.php\/wp-json\/wp\/v2\/product_cat?post=44160"},{"taxonomy":"product_tag","embeddable":true,"href":"https:\/\/www.technodompro.com\/index.php\/wp-json\/wp\/v2\/product_tag?post=44160"}],"curies":[{"name":"wp","href":"https:\/\/api.w.org\/{rel}","templated":true}]}}