{"id":4519,"date":"2026-04-27T04:40:40","date_gmt":"2026-04-27T04:40:40","guid":{"rendered":""},"modified":"2026-04-27T04:40:40","modified_gmt":"2026-04-27T04:40:40","slug":"znackovy-k-flex-izolacni-trubice-k-flex-st-d-35-mm-tloustka-steny-19-mm-synteticky-kaucuk-k-flex-19035005508-4519","status":"publish","type":"product","link":"https:\/\/www.technodompro.com\/index.php\/produkt\/znackovy-k-flex-izolacni-trubice-k-flex-st-d-35-mm-tloustka-steny-19-mm-synteticky-kaucuk-k-flex-19035005508-4519\/","title":{"rendered":"Zna\u010dkov\u00fd K-Flex Izola\u010dn\u00ed trubice K-FLEX ST d 35 mm, tlou\u0161\u0165ka st\u011bny 19 mm, syntetick\u00fd kau\u010duk, K-FLEX 19035005508"},"content":{"rendered":"<div class=\"detail-description__right\">\t\t\t\t<\/div>\n<div class=\"detail-description__top\">\t\t\t\t<\/div>\n<div class=\"detail-description__left\">\n<div class=\"detail-description__left__overflow\">\n<div class=\"detail-description__left__head\">\t\t\t\t\t\tPopis:\t\t\t\t\t<\/div>\n<div class=\"ul-style ul-style--check\">\n<p><strong>Trubn\u00ed izolace ze syntetick\u00e9ho kau\u010duku<\/strong><\/p>\n<p><strong>Izola\u010dn\u00ed pouzdro<\/strong>\u00a0je tepeln\u011bizola\u010dn\u00ed v\u00fdrobek zesyntetick\u00e9ho kau\u010duku\u00a0s\u00a0uzav\u0159enou bun\u011b\u010dnou strukturou. Izola\u010dn\u00ed trubiceje vhodn\u00e9 pro rozmanit\u00e9 aplikace ob\u010dansk\u00e9 v\u00fdstavby, nebo pro pr\u016fmyslov\u00e9aplikace. Izolace nab\u00edz\u00ed vysok\u00e9 izola\u010dn\u00ed schopnosti pro teplotn\u00ed rozsah od\u2011165\u00b0C\u00a0a\u017e do +110\u00b0C. Pe\u010dliv\u00e9 proveden\u00ed mont\u00e1\u017ee umo\u017en\u00ed spr\u00e1vnouparot\u011bsnou funkci izolace jako celku . Dokonale t\u011bsn\u00e9 spojen\u00ed kvalitn\u00edparot\u011bsn\u00e9 izolace je velmi d\u016fle\u017eit\u00e9 pro zaji\u0161t\u011bn\u00ed spr\u00e1vn\u00e9 funk\u010dnosti,zachov\u00e1n\u00ed izola\u010dn\u00edch schopnost\u00ed materi\u00e1lu, ochrany proti kondenzacivodn\u00edch par na povrchu potrub\u00ed a\u00a0tak\u00e9 pro trvalou ochranu samotn\u00e9hopotrub\u00ed proti korozi.<\/p>\n<p><strong>Rozm\u011bry izola\u010dn\u00edho pouzdra<\/strong><\/p>\n<p><strong>s<\/strong>\u00a0<strong>d<\/strong> <strong>L<\/strong> 19\u00a0mm 35\u00a0mm2000\u00a0mm \u00a0<\/p>\n<\/div>\n<div class=\"detail-description__left__more\">\t\t\t\t\t\t<span> <\/span><span> <\/span>\t\t\t\t\t<\/div>\n<\/p><\/div>\n<\/p><\/div>\n<div class=\"detail-description__more\"><span> <\/span><span> <\/span><\/div>\n<\/p><\/div>\n<\/p><\/div>\n","protected":false},"excerpt":{"rendered":"<p>Popis: Trubn\u00ed izolace ze syntetick\u00e9ho kau\u010duku Izola\u010dn\u00ed pouzdro\u00a0je tepeln\u011bizola\u010dn\u00ed v\u00fdrobek zesyntetick\u00e9ho kau\u010duku\u00a0s\u00a0uzav\u0159enou bun\u011b\u010dnou strukturou. Izola\u010dn\u00ed trubiceje vhodn\u00e9 pro rozmanit\u00e9 aplikace ob\u010dansk\u00e9 v\u00fdstavby, nebo pro pr\u016fmyslov\u00e9aplikace. Izolace nab\u00edz\u00ed vysok\u00e9 izola\u010dn\u00ed schopnosti pro teplotn\u00ed rozsah od\u2011165\u00b0C\u00a0a\u017e do +110\u00b0C. Pe\u010dliv\u00e9 proveden\u00ed mont\u00e1\u017ee umo\u017en\u00ed spr\u00e1vnouparot\u011bsnou funkci izolace jako celku . Dokonale t\u011bsn\u00e9 spojen\u00ed kvalitn\u00edparot\u011bsn\u00e9 izolace je velmi d\u016fle\u017eit\u00e9 pro [&hellip;]<\/p>\n","protected":false},"featured_media":4619,"comment_status":"open","ping_status":"open","template":"","meta":[],"product_brand":[],"product_cat":[40],"product_tag":[],"class_list":{"0":"post-4519","1":"product","2":"type-product","3":"status-publish","4":"has-post-thumbnail","6":"product_cat-odvodneni","8":"first","9":"instock","10":"sale","11":"shipping-taxable","12":"purchasable","13":"product-type-simple"},"yoast_head":"<!-- This site is optimized with the Yoast SEO plugin v26.8 - https:\/\/yoast.com\/product\/yoast-seo-wordpress\/ -->\n<title>Zna\u010dkov\u00fd K-Flex Izola\u010dn\u00ed trubice K-FLEX ST d 35 mm, tlou\u0161\u0165ka st\u011bny 19 mm, syntetick\u00fd kau\u010duk, K-FLEX 19035005508 -<\/title>\n<meta name=\"robots\" content=\"index, follow, max-snippet:-1, max-image-preview:large, max-video-preview:-1\" \/>\n<link rel=\"canonical\" href=\"https:\/\/www.technodompro.com\/index.php\/produkt\/znackovy-k-flex-izolacni-trubice-k-flex-st-d-35-mm-tloustka-steny-19-mm-synteticky-kaucuk-k-flex-19035005508-4519\/\" \/>\n<meta property=\"og:locale\" content=\"cs_CZ\" \/>\n<meta property=\"og:type\" content=\"article\" \/>\n<meta property=\"og:title\" content=\"Zna\u010dkov\u00fd K-Flex Izola\u010dn\u00ed trubice K-FLEX ST d 35 mm, tlou\u0161\u0165ka st\u011bny 19 mm, syntetick\u00fd kau\u010duk, K-FLEX 19035005508 -\" \/>\n<meta property=\"og:description\" content=\"Popis: Trubn\u00ed izolace ze syntetick\u00e9ho kau\u010duku Izola\u010dn\u00ed pouzdro\u00a0je tepeln\u011bizola\u010dn\u00ed v\u00fdrobek zesyntetick\u00e9ho kau\u010duku\u00a0s\u00a0uzav\u0159enou bun\u011b\u010dnou strukturou. Izola\u010dn\u00ed trubiceje vhodn\u00e9 pro rozmanit\u00e9 aplikace ob\u010dansk\u00e9 v\u00fdstavby, nebo pro pr\u016fmyslov\u00e9aplikace. Izolace nab\u00edz\u00ed vysok\u00e9 izola\u010dn\u00ed schopnosti pro teplotn\u00ed rozsah od\u2011165\u00b0C\u00a0a\u017e do +110\u00b0C. Pe\u010dliv\u00e9 proveden\u00ed mont\u00e1\u017ee umo\u017en\u00ed spr\u00e1vnouparot\u011bsnou funkci izolace jako celku . Dokonale t\u011bsn\u00e9 spojen\u00ed kvalitn\u00edparot\u011bsn\u00e9 izolace je velmi d\u016fle\u017eit\u00e9 pro [&hellip;]\" \/>\n<meta property=\"og:url\" content=\"https:\/\/www.technodompro.com\/index.php\/produkt\/znackovy-k-flex-izolacni-trubice-k-flex-st-d-35-mm-tloustka-steny-19-mm-synteticky-kaucuk-k-flex-19035005508-4519\/\" \/>\n<meta property=\"og:image\" content=\"https:\/\/www.technodompro.com\/wp-content\/uploads\/2026\/SK0017902-CZ20260425-091936-0-1777079982-k-flex-izolacni-trubice-k-flex-st-d-35-mm-tloustka-steny-19.webp\" \/>\n\t<meta property=\"og:image:width\" content=\"1000\" \/>\n\t<meta property=\"og:image:height\" content=\"523\" \/>\n\t<meta property=\"og:image:type\" content=\"image\/webp\" \/>\n<meta name=\"twitter:card\" content=\"summary_large_image\" \/>\n<meta name=\"twitter:label1\" content=\"Odhadovan\u00e1 doba \u010dten\u00ed\" \/>\n\t<meta name=\"twitter:data1\" content=\"1 minuta\" \/>\n<script type=\"application\/ld+json\" class=\"yoast-schema-graph\">{\"@context\":\"https:\/\/schema.org\",\"@graph\":[{\"@type\":\"WebPage\",\"@id\":\"https:\/\/www.technodompro.com\/index.php\/produkt\/znackovy-k-flex-izolacni-trubice-k-flex-st-d-35-mm-tloustka-steny-19-mm-synteticky-kaucuk-k-flex-19035005508-4519\/\",\"url\":\"https:\/\/www.technodompro.com\/index.php\/produkt\/znackovy-k-flex-izolacni-trubice-k-flex-st-d-35-mm-tloustka-steny-19-mm-synteticky-kaucuk-k-flex-19035005508-4519\/\",\"name\":\"Zna\u010dkov\u00fd K-Flex Izola\u010dn\u00ed trubice K-FLEX ST d 35 mm, tlou\u0161\u0165ka st\u011bny 19 mm, syntetick\u00fd kau\u010duk, K-FLEX 19035005508 -\",\"isPartOf\":{\"@id\":\"https:\/\/www.technodompro.com\/#website\"},\"primaryImageOfPage\":{\"@id\":\"https:\/\/www.technodompro.com\/index.php\/produkt\/znackovy-k-flex-izolacni-trubice-k-flex-st-d-35-mm-tloustka-steny-19-mm-synteticky-kaucuk-k-flex-19035005508-4519\/#primaryimage\"},\"image\":{\"@id\":\"https:\/\/www.technodompro.com\/index.php\/produkt\/znackovy-k-flex-izolacni-trubice-k-flex-st-d-35-mm-tloustka-steny-19-mm-synteticky-kaucuk-k-flex-19035005508-4519\/#primaryimage\"},\"thumbnailUrl\":\"https:\/\/www.technodompro.com\/wp-content\/uploads\/2026\/SK0017902-CZ20260425-091936-0-1777079982-k-flex-izolacni-trubice-k-flex-st-d-35-mm-tloustka-steny-19.webp\",\"datePublished\":\"2026-04-27T04:40:40+00:00\",\"breadcrumb\":{\"@id\":\"https:\/\/www.technodompro.com\/index.php\/produkt\/znackovy-k-flex-izolacni-trubice-k-flex-st-d-35-mm-tloustka-steny-19-mm-synteticky-kaucuk-k-flex-19035005508-4519\/#breadcrumb\"},\"inLanguage\":\"cs\",\"potentialAction\":[{\"@type\":\"ReadAction\",\"target\":[\"https:\/\/www.technodompro.com\/index.php\/produkt\/znackovy-k-flex-izolacni-trubice-k-flex-st-d-35-mm-tloustka-steny-19-mm-synteticky-kaucuk-k-flex-19035005508-4519\/\"]}]},{\"@type\":\"ImageObject\",\"inLanguage\":\"cs\",\"@id\":\"https:\/\/www.technodompro.com\/index.php\/produkt\/znackovy-k-flex-izolacni-trubice-k-flex-st-d-35-mm-tloustka-steny-19-mm-synteticky-kaucuk-k-flex-19035005508-4519\/#primaryimage\",\"url\":\"https:\/\/www.technodompro.com\/wp-content\/uploads\/2026\/SK0017902-CZ20260425-091936-0-1777079982-k-flex-izolacni-trubice-k-flex-st-d-35-mm-tloustka-steny-19.webp\",\"contentUrl\":\"https:\/\/www.technodompro.com\/wp-content\/uploads\/2026\/SK0017902-CZ20260425-091936-0-1777079982-k-flex-izolacni-trubice-k-flex-st-d-35-mm-tloustka-steny-19.webp\",\"width\":1000,\"height\":523},{\"@type\":\"BreadcrumbList\",\"@id\":\"https:\/\/www.technodompro.com\/index.php\/produkt\/znackovy-k-flex-izolacni-trubice-k-flex-st-d-35-mm-tloustka-steny-19-mm-synteticky-kaucuk-k-flex-19035005508-4519\/#breadcrumb\",\"itemListElement\":[{\"@type\":\"ListItem\",\"position\":1,\"name\":\"Home\",\"item\":\"https:\/\/www.technodompro.com\/\"},{\"@type\":\"ListItem\",\"position\":2,\"name\":\"Products\",\"item\":\"https:\/\/www.technodompro.com\/index.php\/products\/\"},{\"@type\":\"ListItem\",\"position\":3,\"name\":\"Zna\u010dkov\u00fd K-Flex Izola\u010dn\u00ed trubice K-FLEX ST d 35 mm, tlou\u0161\u0165ka st\u011bny 19 mm, syntetick\u00fd kau\u010duk, K-FLEX 19035005508\"}]},{\"@type\":\"WebSite\",\"@id\":\"https:\/\/www.technodompro.com\/#website\",\"url\":\"https:\/\/www.technodompro.com\/\",\"name\":\"\",\"description\":\"\",\"potentialAction\":[{\"@type\":\"SearchAction\",\"target\":{\"@type\":\"EntryPoint\",\"urlTemplate\":\"https:\/\/www.technodompro.com\/?s={search_term_string}\"},\"query-input\":{\"@type\":\"PropertyValueSpecification\",\"valueRequired\":true,\"valueName\":\"search_term_string\"}}],\"inLanguage\":\"cs\"}]}<\/script>\n<!-- \/ Yoast SEO plugin. -->","yoast_head_json":{"title":"Zna\u010dkov\u00fd K-Flex Izola\u010dn\u00ed trubice K-FLEX ST d 35 mm, tlou\u0161\u0165ka st\u011bny 19 mm, syntetick\u00fd kau\u010duk, K-FLEX 19035005508 -","robots":{"index":"index","follow":"follow","max-snippet":"max-snippet:-1","max-image-preview":"max-image-preview:large","max-video-preview":"max-video-preview:-1"},"canonical":"https:\/\/www.technodompro.com\/index.php\/produkt\/znackovy-k-flex-izolacni-trubice-k-flex-st-d-35-mm-tloustka-steny-19-mm-synteticky-kaucuk-k-flex-19035005508-4519\/","og_locale":"cs_CZ","og_type":"article","og_title":"Zna\u010dkov\u00fd K-Flex Izola\u010dn\u00ed trubice K-FLEX ST d 35 mm, tlou\u0161\u0165ka st\u011bny 19 mm, syntetick\u00fd kau\u010duk, K-FLEX 19035005508 -","og_description":"Popis: Trubn\u00ed izolace ze syntetick\u00e9ho kau\u010duku Izola\u010dn\u00ed pouzdro\u00a0je tepeln\u011bizola\u010dn\u00ed v\u00fdrobek zesyntetick\u00e9ho kau\u010duku\u00a0s\u00a0uzav\u0159enou bun\u011b\u010dnou strukturou. Izola\u010dn\u00ed trubiceje vhodn\u00e9 pro rozmanit\u00e9 aplikace ob\u010dansk\u00e9 v\u00fdstavby, nebo pro pr\u016fmyslov\u00e9aplikace. Izolace nab\u00edz\u00ed vysok\u00e9 izola\u010dn\u00ed schopnosti pro teplotn\u00ed rozsah od\u2011165\u00b0C\u00a0a\u017e do +110\u00b0C. Pe\u010dliv\u00e9 proveden\u00ed mont\u00e1\u017ee umo\u017en\u00ed spr\u00e1vnouparot\u011bsnou funkci izolace jako celku . Dokonale t\u011bsn\u00e9 spojen\u00ed kvalitn\u00edparot\u011bsn\u00e9 izolace je velmi d\u016fle\u017eit\u00e9 pro [&hellip;]","og_url":"https:\/\/www.technodompro.com\/index.php\/produkt\/znackovy-k-flex-izolacni-trubice-k-flex-st-d-35-mm-tloustka-steny-19-mm-synteticky-kaucuk-k-flex-19035005508-4519\/","og_image":[{"width":1000,"height":523,"url":"https:\/\/www.technodompro.com\/wp-content\/uploads\/2026\/SK0017902-CZ20260425-091936-0-1777079982-k-flex-izolacni-trubice-k-flex-st-d-35-mm-tloustka-steny-19.webp","type":"image\/webp"}],"twitter_card":"summary_large_image","twitter_misc":{"Odhadovan\u00e1 doba \u010dten\u00ed":"1 minuta"},"schema":{"@context":"https:\/\/schema.org","@graph":[{"@type":"WebPage","@id":"https:\/\/www.technodompro.com\/index.php\/produkt\/znackovy-k-flex-izolacni-trubice-k-flex-st-d-35-mm-tloustka-steny-19-mm-synteticky-kaucuk-k-flex-19035005508-4519\/","url":"https:\/\/www.technodompro.com\/index.php\/produkt\/znackovy-k-flex-izolacni-trubice-k-flex-st-d-35-mm-tloustka-steny-19-mm-synteticky-kaucuk-k-flex-19035005508-4519\/","name":"Zna\u010dkov\u00fd K-Flex Izola\u010dn\u00ed trubice K-FLEX ST d 35 mm, tlou\u0161\u0165ka st\u011bny 19 mm, syntetick\u00fd kau\u010duk, K-FLEX 19035005508 -","isPartOf":{"@id":"https:\/\/www.technodompro.com\/#website"},"primaryImageOfPage":{"@id":"https:\/\/www.technodompro.com\/index.php\/produkt\/znackovy-k-flex-izolacni-trubice-k-flex-st-d-35-mm-tloustka-steny-19-mm-synteticky-kaucuk-k-flex-19035005508-4519\/#primaryimage"},"image":{"@id":"https:\/\/www.technodompro.com\/index.php\/produkt\/znackovy-k-flex-izolacni-trubice-k-flex-st-d-35-mm-tloustka-steny-19-mm-synteticky-kaucuk-k-flex-19035005508-4519\/#primaryimage"},"thumbnailUrl":"https:\/\/www.technodompro.com\/wp-content\/uploads\/2026\/SK0017902-CZ20260425-091936-0-1777079982-k-flex-izolacni-trubice-k-flex-st-d-35-mm-tloustka-steny-19.webp","datePublished":"2026-04-27T04:40:40+00:00","breadcrumb":{"@id":"https:\/\/www.technodompro.com\/index.php\/produkt\/znackovy-k-flex-izolacni-trubice-k-flex-st-d-35-mm-tloustka-steny-19-mm-synteticky-kaucuk-k-flex-19035005508-4519\/#breadcrumb"},"inLanguage":"cs","potentialAction":[{"@type":"ReadAction","target":["https:\/\/www.technodompro.com\/index.php\/produkt\/znackovy-k-flex-izolacni-trubice-k-flex-st-d-35-mm-tloustka-steny-19-mm-synteticky-kaucuk-k-flex-19035005508-4519\/"]}]},{"@type":"ImageObject","inLanguage":"cs","@id":"https:\/\/www.technodompro.com\/index.php\/produkt\/znackovy-k-flex-izolacni-trubice-k-flex-st-d-35-mm-tloustka-steny-19-mm-synteticky-kaucuk-k-flex-19035005508-4519\/#primaryimage","url":"https:\/\/www.technodompro.com\/wp-content\/uploads\/2026\/SK0017902-CZ20260425-091936-0-1777079982-k-flex-izolacni-trubice-k-flex-st-d-35-mm-tloustka-steny-19.webp","contentUrl":"https:\/\/www.technodompro.com\/wp-content\/uploads\/2026\/SK0017902-CZ20260425-091936-0-1777079982-k-flex-izolacni-trubice-k-flex-st-d-35-mm-tloustka-steny-19.webp","width":1000,"height":523},{"@type":"BreadcrumbList","@id":"https:\/\/www.technodompro.com\/index.php\/produkt\/znackovy-k-flex-izolacni-trubice-k-flex-st-d-35-mm-tloustka-steny-19-mm-synteticky-kaucuk-k-flex-19035005508-4519\/#breadcrumb","itemListElement":[{"@type":"ListItem","position":1,"name":"Home","item":"https:\/\/www.technodompro.com\/"},{"@type":"ListItem","position":2,"name":"Products","item":"https:\/\/www.technodompro.com\/index.php\/products\/"},{"@type":"ListItem","position":3,"name":"Zna\u010dkov\u00fd K-Flex Izola\u010dn\u00ed trubice K-FLEX ST d 35 mm, tlou\u0161\u0165ka st\u011bny 19 mm, syntetick\u00fd kau\u010duk, K-FLEX 19035005508"}]},{"@type":"WebSite","@id":"https:\/\/www.technodompro.com\/#website","url":"https:\/\/www.technodompro.com\/","name":"","description":"","potentialAction":[{"@type":"SearchAction","target":{"@type":"EntryPoint","urlTemplate":"https:\/\/www.technodompro.com\/?s={search_term_string}"},"query-input":{"@type":"PropertyValueSpecification","valueRequired":true,"valueName":"search_term_string"}}],"inLanguage":"cs"}]}},"_links":{"self":[{"href":"https:\/\/www.technodompro.com\/index.php\/wp-json\/wp\/v2\/product\/4519","targetHints":{"allow":["GET"]}}],"collection":[{"href":"https:\/\/www.technodompro.com\/index.php\/wp-json\/wp\/v2\/product"}],"about":[{"href":"https:\/\/www.technodompro.com\/index.php\/wp-json\/wp\/v2\/types\/product"}],"replies":[{"embeddable":true,"href":"https:\/\/www.technodompro.com\/index.php\/wp-json\/wp\/v2\/comments?post=4519"}],"wp:featuredmedia":[{"embeddable":true,"href":"https:\/\/www.technodompro.com\/index.php\/wp-json\/wp\/v2\/media\/4619"}],"wp:attachment":[{"href":"https:\/\/www.technodompro.com\/index.php\/wp-json\/wp\/v2\/media?parent=4519"}],"wp:term":[{"taxonomy":"product_brand","embeddable":true,"href":"https:\/\/www.technodompro.com\/index.php\/wp-json\/wp\/v2\/product_brand?post=4519"},{"taxonomy":"product_cat","embeddable":true,"href":"https:\/\/www.technodompro.com\/index.php\/wp-json\/wp\/v2\/product_cat?post=4519"},{"taxonomy":"product_tag","embeddable":true,"href":"https:\/\/www.technodompro.com\/index.php\/wp-json\/wp\/v2\/product_tag?post=4519"}],"curies":[{"name":"wp","href":"https:\/\/api.w.org\/{rel}","templated":true}]}}