{"id":45579,"date":"2026-04-27T04:42:32","date_gmt":"2026-04-27T04:42:32","guid":{"rendered":""},"modified":"2026-04-27T04:42:32","modified_gmt":"2026-04-27T04:42:32","slug":"expresni-doruceni-skrinka-pod-umyvadlo-bez-umyvadla-100x57x45cm-comad-havana-white-82-100-bila-mat-vyprodej-1ks-45579","status":"publish","type":"product","link":"https:\/\/www.technodompro.com\/index.php\/produkt\/expresni-doruceni-skrinka-pod-umyvadlo-bez-umyvadla-100x57x45cm-comad-havana-white-82-100-bila-mat-vyprodej-1ks-45579\/","title":{"rendered":"Expresn\u00ed Doru\u010den\u00ed Sk\u0159\u00ed\u0148ka pod umyvadlo bez umyvadla 100x57x45cm Comad HAVANA White 82-100, b\u00edl\u00e1 mat &#8211; V\u00ddPRODEJ 1ks"},"content":{"rendered":"<div class=\"ProductDetail-content NoFixImageContainer\" id=\"productDescription\">\n<div class=\"Heading\">\n<h2 class=\"Heading-title\">Popis produktu <span class=''>Sk\u0159\u00ed\u0148ka pod umyvadlo bez umyvadla 100x57x45cm Comad HAVANA White 82-100, b\u00edl\u00e1 mat &#8211; V\u00ddPRODEJ 1ks<\/span><\/h2>\n<\/p><\/div>\n<div class=\"ProductDetailContent\">\n<p><span style=\"font-size:16px\">Modern\u00ed klasikou je styl koupelnov\u00e9ho n\u00e1bytku z kolekce Havana White, kter\u00fd oslov\u00ed v\u0161echny, kte\u0159\u00ed ocen\u00ed originalitu a sv\u011b\u017eest.&nbsp;Fr\u00e9zovan\u00e1 b\u00edl\u00e1 \u010dela v kombinaci s betonovou deskou a \u010dern\u00fdmi \u00fachyty spojuj\u00ed klasiku, eleganci a modernost.<\/span><\/p>\n<ul>\n<li><span style=\"font-size:16px\">z\u00e1suvky vybaven\u00e9 kuli\u010dkov\u00fdmi lo\u017eisky<\/span><\/li>\n<\/ul>\n<h3><span style=\"font-size:16px\">Rozm\u011bry:<\/span><\/h3>\n<ul>\n<li><span style=\"font-size:16px\">\u0161\u00ed\u0159ka: 100,0 cm<\/span><\/li>\n<li><span style=\"font-size:16px\">hloubka: 45,5 cm<\/span><\/li>\n<li><span style=\"font-size:16px\">v\u00fd\u0161ka: 57,0 cm<\/span><\/li>\n<\/ul><\/div>\n<div class=\"ProductDetailContent\">                                                                    <\/div>\n<\/p><\/div>\n<\/p><\/div>\n<\/p><\/div>\n","protected":false},"excerpt":{"rendered":"<p>Popis produktu Sk\u0159\u00ed\u0148ka pod umyvadlo bez umyvadla 100x57x45cm Comad HAVANA White 82-100, b\u00edl\u00e1 mat &#8211; V\u00ddPRODEJ 1ks Modern\u00ed klasikou je styl koupelnov\u00e9ho n\u00e1bytku z kolekce Havana White, kter\u00fd oslov\u00ed v\u0161echny, kte\u0159\u00ed ocen\u00ed originalitu a sv\u011b\u017eest.&nbsp;Fr\u00e9zovan\u00e1 b\u00edl\u00e1 \u010dela v kombinaci s betonovou deskou a \u010dern\u00fdmi \u00fachyty spojuj\u00ed klasiku, eleganci a modernost. z\u00e1suvky vybaven\u00e9 kuli\u010dkov\u00fdmi lo\u017eisky Rozm\u011bry: [&hellip;]<\/p>\n","protected":false},"featured_media":45679,"comment_status":"open","ping_status":"open","template":"","meta":[],"product_brand":[],"product_cat":[75],"product_tag":[],"class_list":{"0":"post-45579","1":"product","2":"type-product","3":"status-publish","4":"has-post-thumbnail","6":"product_cat-vyprodej","8":"first","9":"instock","10":"sale","11":"shipping-taxable","12":"purchasable","13":"product-type-simple"},"yoast_head":"<!-- This site is optimized with the Yoast SEO plugin v26.8 - https:\/\/yoast.com\/product\/yoast-seo-wordpress\/ -->\n<title>Expresn\u00ed Doru\u010den\u00ed Sk\u0159\u00ed\u0148ka pod umyvadlo bez umyvadla 100x57x45cm Comad HAVANA White 82-100, b\u00edl\u00e1 mat - V\u00ddPRODEJ 1ks -<\/title>\n<meta name=\"robots\" content=\"index, follow, max-snippet:-1, max-image-preview:large, max-video-preview:-1\" \/>\n<link rel=\"canonical\" href=\"https:\/\/www.technodompro.com\/index.php\/produkt\/expresni-doruceni-skrinka-pod-umyvadlo-bez-umyvadla-100x57x45cm-comad-havana-white-82-100-bila-mat-vyprodej-1ks-45579\/\" \/>\n<meta property=\"og:locale\" content=\"cs_CZ\" \/>\n<meta property=\"og:type\" content=\"article\" \/>\n<meta property=\"og:title\" content=\"Expresn\u00ed Doru\u010den\u00ed Sk\u0159\u00ed\u0148ka pod umyvadlo bez umyvadla 100x57x45cm Comad HAVANA White 82-100, b\u00edl\u00e1 mat - V\u00ddPRODEJ 1ks -\" \/>\n<meta property=\"og:description\" content=\"Popis produktu Sk\u0159\u00ed\u0148ka pod umyvadlo bez umyvadla 100x57x45cm Comad HAVANA White 82-100, b\u00edl\u00e1 mat &#8211; V\u00ddPRODEJ 1ks Modern\u00ed klasikou je styl koupelnov\u00e9ho n\u00e1bytku z kolekce Havana White, kter\u00fd oslov\u00ed v\u0161echny, kte\u0159\u00ed ocen\u00ed originalitu a sv\u011b\u017eest.&nbsp;Fr\u00e9zovan\u00e1 b\u00edl\u00e1 \u010dela v kombinaci s betonovou deskou a \u010dern\u00fdmi \u00fachyty spojuj\u00ed klasiku, eleganci a modernost. z\u00e1suvky vybaven\u00e9 kuli\u010dkov\u00fdmi lo\u017eisky Rozm\u011bry: [&hellip;]\" \/>\n<meta property=\"og:url\" content=\"https:\/\/www.technodompro.com\/index.php\/produkt\/expresni-doruceni-skrinka-pod-umyvadlo-bez-umyvadla-100x57x45cm-comad-havana-white-82-100-bila-mat-vyprodej-1ks-45579\/\" \/>\n<meta property=\"og:image\" content=\"https:\/\/www.technodompro.com\/wp-content\/uploads\/2026\/SK0016178-CZ20260425-092632-0-1777080397-skrinka-pod-umyvadlo-bez-umyvadla-100x57x45cm-comad-havana-.webp\" \/>\n\t<meta property=\"og:image:width\" content=\"600\" \/>\n\t<meta property=\"og:image:height\" content=\"400\" \/>\n\t<meta property=\"og:image:type\" content=\"image\/webp\" \/>\n<meta name=\"twitter:card\" content=\"summary_large_image\" \/>\n<script type=\"application\/ld+json\" class=\"yoast-schema-graph\">{\"@context\":\"https:\/\/schema.org\",\"@graph\":[{\"@type\":\"WebPage\",\"@id\":\"https:\/\/www.technodompro.com\/index.php\/produkt\/expresni-doruceni-skrinka-pod-umyvadlo-bez-umyvadla-100x57x45cm-comad-havana-white-82-100-bila-mat-vyprodej-1ks-45579\/\",\"url\":\"https:\/\/www.technodompro.com\/index.php\/produkt\/expresni-doruceni-skrinka-pod-umyvadlo-bez-umyvadla-100x57x45cm-comad-havana-white-82-100-bila-mat-vyprodej-1ks-45579\/\",\"name\":\"Expresn\u00ed Doru\u010den\u00ed Sk\u0159\u00ed\u0148ka pod umyvadlo bez umyvadla 100x57x45cm Comad HAVANA White 82-100, b\u00edl\u00e1 mat - V\u00ddPRODEJ 1ks -\",\"isPartOf\":{\"@id\":\"https:\/\/www.technodompro.com\/#website\"},\"primaryImageOfPage\":{\"@id\":\"https:\/\/www.technodompro.com\/index.php\/produkt\/expresni-doruceni-skrinka-pod-umyvadlo-bez-umyvadla-100x57x45cm-comad-havana-white-82-100-bila-mat-vyprodej-1ks-45579\/#primaryimage\"},\"image\":{\"@id\":\"https:\/\/www.technodompro.com\/index.php\/produkt\/expresni-doruceni-skrinka-pod-umyvadlo-bez-umyvadla-100x57x45cm-comad-havana-white-82-100-bila-mat-vyprodej-1ks-45579\/#primaryimage\"},\"thumbnailUrl\":\"https:\/\/www.technodompro.com\/wp-content\/uploads\/2026\/SK0016178-CZ20260425-092632-0-1777080397-skrinka-pod-umyvadlo-bez-umyvadla-100x57x45cm-comad-havana-.webp\",\"datePublished\":\"2026-04-27T04:42:32+00:00\",\"breadcrumb\":{\"@id\":\"https:\/\/www.technodompro.com\/index.php\/produkt\/expresni-doruceni-skrinka-pod-umyvadlo-bez-umyvadla-100x57x45cm-comad-havana-white-82-100-bila-mat-vyprodej-1ks-45579\/#breadcrumb\"},\"inLanguage\":\"cs\",\"potentialAction\":[{\"@type\":\"ReadAction\",\"target\":[\"https:\/\/www.technodompro.com\/index.php\/produkt\/expresni-doruceni-skrinka-pod-umyvadlo-bez-umyvadla-100x57x45cm-comad-havana-white-82-100-bila-mat-vyprodej-1ks-45579\/\"]}]},{\"@type\":\"ImageObject\",\"inLanguage\":\"cs\",\"@id\":\"https:\/\/www.technodompro.com\/index.php\/produkt\/expresni-doruceni-skrinka-pod-umyvadlo-bez-umyvadla-100x57x45cm-comad-havana-white-82-100-bila-mat-vyprodej-1ks-45579\/#primaryimage\",\"url\":\"https:\/\/www.technodompro.com\/wp-content\/uploads\/2026\/SK0016178-CZ20260425-092632-0-1777080397-skrinka-pod-umyvadlo-bez-umyvadla-100x57x45cm-comad-havana-.webp\",\"contentUrl\":\"https:\/\/www.technodompro.com\/wp-content\/uploads\/2026\/SK0016178-CZ20260425-092632-0-1777080397-skrinka-pod-umyvadlo-bez-umyvadla-100x57x45cm-comad-havana-.webp\",\"width\":600,\"height\":400},{\"@type\":\"BreadcrumbList\",\"@id\":\"https:\/\/www.technodompro.com\/index.php\/produkt\/expresni-doruceni-skrinka-pod-umyvadlo-bez-umyvadla-100x57x45cm-comad-havana-white-82-100-bila-mat-vyprodej-1ks-45579\/#breadcrumb\",\"itemListElement\":[{\"@type\":\"ListItem\",\"position\":1,\"name\":\"Home\",\"item\":\"https:\/\/www.technodompro.com\/\"},{\"@type\":\"ListItem\",\"position\":2,\"name\":\"Products\",\"item\":\"https:\/\/www.technodompro.com\/index.php\/products\/\"},{\"@type\":\"ListItem\",\"position\":3,\"name\":\"Expresn\u00ed Doru\u010den\u00ed Sk\u0159\u00ed\u0148ka pod umyvadlo bez umyvadla 100x57x45cm Comad HAVANA White 82-100, b\u00edl\u00e1 mat &#8211; V\u00ddPRODEJ 1ks\"}]},{\"@type\":\"WebSite\",\"@id\":\"https:\/\/www.technodompro.com\/#website\",\"url\":\"https:\/\/www.technodompro.com\/\",\"name\":\"\",\"description\":\"\",\"potentialAction\":[{\"@type\":\"SearchAction\",\"target\":{\"@type\":\"EntryPoint\",\"urlTemplate\":\"https:\/\/www.technodompro.com\/?s={search_term_string}\"},\"query-input\":{\"@type\":\"PropertyValueSpecification\",\"valueRequired\":true,\"valueName\":\"search_term_string\"}}],\"inLanguage\":\"cs\"}]}<\/script>\n<!-- \/ Yoast SEO plugin. -->","yoast_head_json":{"title":"Expresn\u00ed Doru\u010den\u00ed Sk\u0159\u00ed\u0148ka pod umyvadlo bez umyvadla 100x57x45cm Comad HAVANA White 82-100, b\u00edl\u00e1 mat - V\u00ddPRODEJ 1ks -","robots":{"index":"index","follow":"follow","max-snippet":"max-snippet:-1","max-image-preview":"max-image-preview:large","max-video-preview":"max-video-preview:-1"},"canonical":"https:\/\/www.technodompro.com\/index.php\/produkt\/expresni-doruceni-skrinka-pod-umyvadlo-bez-umyvadla-100x57x45cm-comad-havana-white-82-100-bila-mat-vyprodej-1ks-45579\/","og_locale":"cs_CZ","og_type":"article","og_title":"Expresn\u00ed Doru\u010den\u00ed Sk\u0159\u00ed\u0148ka pod umyvadlo bez umyvadla 100x57x45cm Comad HAVANA White 82-100, b\u00edl\u00e1 mat - V\u00ddPRODEJ 1ks -","og_description":"Popis produktu Sk\u0159\u00ed\u0148ka pod umyvadlo bez umyvadla 100x57x45cm Comad HAVANA White 82-100, b\u00edl\u00e1 mat &#8211; V\u00ddPRODEJ 1ks Modern\u00ed klasikou je styl koupelnov\u00e9ho n\u00e1bytku z kolekce Havana White, kter\u00fd oslov\u00ed v\u0161echny, kte\u0159\u00ed ocen\u00ed originalitu a sv\u011b\u017eest.&nbsp;Fr\u00e9zovan\u00e1 b\u00edl\u00e1 \u010dela v kombinaci s betonovou deskou a \u010dern\u00fdmi \u00fachyty spojuj\u00ed klasiku, eleganci a modernost. z\u00e1suvky vybaven\u00e9 kuli\u010dkov\u00fdmi lo\u017eisky Rozm\u011bry: [&hellip;]","og_url":"https:\/\/www.technodompro.com\/index.php\/produkt\/expresni-doruceni-skrinka-pod-umyvadlo-bez-umyvadla-100x57x45cm-comad-havana-white-82-100-bila-mat-vyprodej-1ks-45579\/","og_image":[{"width":600,"height":400,"url":"https:\/\/www.technodompro.com\/wp-content\/uploads\/2026\/SK0016178-CZ20260425-092632-0-1777080397-skrinka-pod-umyvadlo-bez-umyvadla-100x57x45cm-comad-havana-.webp","type":"image\/webp"}],"twitter_card":"summary_large_image","schema":{"@context":"https:\/\/schema.org","@graph":[{"@type":"WebPage","@id":"https:\/\/www.technodompro.com\/index.php\/produkt\/expresni-doruceni-skrinka-pod-umyvadlo-bez-umyvadla-100x57x45cm-comad-havana-white-82-100-bila-mat-vyprodej-1ks-45579\/","url":"https:\/\/www.technodompro.com\/index.php\/produkt\/expresni-doruceni-skrinka-pod-umyvadlo-bez-umyvadla-100x57x45cm-comad-havana-white-82-100-bila-mat-vyprodej-1ks-45579\/","name":"Expresn\u00ed Doru\u010den\u00ed Sk\u0159\u00ed\u0148ka pod umyvadlo bez umyvadla 100x57x45cm Comad HAVANA White 82-100, b\u00edl\u00e1 mat - V\u00ddPRODEJ 1ks -","isPartOf":{"@id":"https:\/\/www.technodompro.com\/#website"},"primaryImageOfPage":{"@id":"https:\/\/www.technodompro.com\/index.php\/produkt\/expresni-doruceni-skrinka-pod-umyvadlo-bez-umyvadla-100x57x45cm-comad-havana-white-82-100-bila-mat-vyprodej-1ks-45579\/#primaryimage"},"image":{"@id":"https:\/\/www.technodompro.com\/index.php\/produkt\/expresni-doruceni-skrinka-pod-umyvadlo-bez-umyvadla-100x57x45cm-comad-havana-white-82-100-bila-mat-vyprodej-1ks-45579\/#primaryimage"},"thumbnailUrl":"https:\/\/www.technodompro.com\/wp-content\/uploads\/2026\/SK0016178-CZ20260425-092632-0-1777080397-skrinka-pod-umyvadlo-bez-umyvadla-100x57x45cm-comad-havana-.webp","datePublished":"2026-04-27T04:42:32+00:00","breadcrumb":{"@id":"https:\/\/www.technodompro.com\/index.php\/produkt\/expresni-doruceni-skrinka-pod-umyvadlo-bez-umyvadla-100x57x45cm-comad-havana-white-82-100-bila-mat-vyprodej-1ks-45579\/#breadcrumb"},"inLanguage":"cs","potentialAction":[{"@type":"ReadAction","target":["https:\/\/www.technodompro.com\/index.php\/produkt\/expresni-doruceni-skrinka-pod-umyvadlo-bez-umyvadla-100x57x45cm-comad-havana-white-82-100-bila-mat-vyprodej-1ks-45579\/"]}]},{"@type":"ImageObject","inLanguage":"cs","@id":"https:\/\/www.technodompro.com\/index.php\/produkt\/expresni-doruceni-skrinka-pod-umyvadlo-bez-umyvadla-100x57x45cm-comad-havana-white-82-100-bila-mat-vyprodej-1ks-45579\/#primaryimage","url":"https:\/\/www.technodompro.com\/wp-content\/uploads\/2026\/SK0016178-CZ20260425-092632-0-1777080397-skrinka-pod-umyvadlo-bez-umyvadla-100x57x45cm-comad-havana-.webp","contentUrl":"https:\/\/www.technodompro.com\/wp-content\/uploads\/2026\/SK0016178-CZ20260425-092632-0-1777080397-skrinka-pod-umyvadlo-bez-umyvadla-100x57x45cm-comad-havana-.webp","width":600,"height":400},{"@type":"BreadcrumbList","@id":"https:\/\/www.technodompro.com\/index.php\/produkt\/expresni-doruceni-skrinka-pod-umyvadlo-bez-umyvadla-100x57x45cm-comad-havana-white-82-100-bila-mat-vyprodej-1ks-45579\/#breadcrumb","itemListElement":[{"@type":"ListItem","position":1,"name":"Home","item":"https:\/\/www.technodompro.com\/"},{"@type":"ListItem","position":2,"name":"Products","item":"https:\/\/www.technodompro.com\/index.php\/products\/"},{"@type":"ListItem","position":3,"name":"Expresn\u00ed Doru\u010den\u00ed Sk\u0159\u00ed\u0148ka pod umyvadlo bez umyvadla 100x57x45cm Comad HAVANA White 82-100, b\u00edl\u00e1 mat &#8211; V\u00ddPRODEJ 1ks"}]},{"@type":"WebSite","@id":"https:\/\/www.technodompro.com\/#website","url":"https:\/\/www.technodompro.com\/","name":"","description":"","potentialAction":[{"@type":"SearchAction","target":{"@type":"EntryPoint","urlTemplate":"https:\/\/www.technodompro.com\/?s={search_term_string}"},"query-input":{"@type":"PropertyValueSpecification","valueRequired":true,"valueName":"search_term_string"}}],"inLanguage":"cs"}]}},"_links":{"self":[{"href":"https:\/\/www.technodompro.com\/index.php\/wp-json\/wp\/v2\/product\/45579","targetHints":{"allow":["GET"]}}],"collection":[{"href":"https:\/\/www.technodompro.com\/index.php\/wp-json\/wp\/v2\/product"}],"about":[{"href":"https:\/\/www.technodompro.com\/index.php\/wp-json\/wp\/v2\/types\/product"}],"replies":[{"embeddable":true,"href":"https:\/\/www.technodompro.com\/index.php\/wp-json\/wp\/v2\/comments?post=45579"}],"wp:featuredmedia":[{"embeddable":true,"href":"https:\/\/www.technodompro.com\/index.php\/wp-json\/wp\/v2\/media\/45679"}],"wp:attachment":[{"href":"https:\/\/www.technodompro.com\/index.php\/wp-json\/wp\/v2\/media?parent=45579"}],"wp:term":[{"taxonomy":"product_brand","embeddable":true,"href":"https:\/\/www.technodompro.com\/index.php\/wp-json\/wp\/v2\/product_brand?post=45579"},{"taxonomy":"product_cat","embeddable":true,"href":"https:\/\/www.technodompro.com\/index.php\/wp-json\/wp\/v2\/product_cat?post=45579"},{"taxonomy":"product_tag","embeddable":true,"href":"https:\/\/www.technodompro.com\/index.php\/wp-json\/wp\/v2\/product_tag?post=45579"}],"curies":[{"name":"wp","href":"https:\/\/api.w.org\/{rel}","templated":true}]}}