{"id":45590,"date":"2026-04-27T04:42:32","date_gmt":"2026-04-27T04:42:32","guid":{"rendered":""},"modified":"2026-04-27T04:42:32","modified_gmt":"2026-04-27T04:42:32","slug":"galerka-comad-monako-grey-841-80x75x16cm-seda-vyprodej-1ks-znackovy-45590","status":"publish","type":"product","link":"https:\/\/www.technodompro.com\/index.php\/produkt\/galerka-comad-monako-grey-841-80x75x16cm-seda-vyprodej-1ks-znackovy-45590\/","title":{"rendered":"Galerka Comad Monako Grey 841, 80x75x16cm, \u0161ed\u00e1 &#8211; V\u00ddPRODEJ 1ks Zna\u010dkov\u00fd"},"content":{"rendered":"<div class=\"ProductDetail-content NoFixImageContainer\" id=\"productDescription\">\n<div class=\"Heading\">\n<h2 class=\"Heading-title\">Popis produktu <span class=''>Galerka Comad Monako Grey 841, 80x75x16cm, \u0161ed\u00e1 &#8211; V\u00ddPRODEJ 1ks<\/span><\/h2>\n<\/p><\/div>\n<div class=\"ProductDetailContent\">\n<p><span style=\"font-size:16px\"><strong>Modern\u00ed<\/strong> styl koupelnov\u00e9ho n\u00e1bytku z kolekce Monako Grey oslov\u00ed v\u0161echny, kte\u0159\u00ed oce\u0148uj\u00ed originalitu.&nbsp;Inovativn\u00ed design kolekce je zd\u016frazn\u011bn d\u0159ev\u011bn\u00fdmi \u010dely v kombinaci s diamantovou \u0161edou.<\/span><\/p>\n<ul>\n<li><span style=\"font-size:16px\">s tich\u00fdm zav\u00edr\u00e1n\u00edm dve\u0159\u00ed &#8211; Soft Close<\/span><\/li>\n<\/ul>\n<p><span style=\"font-size:16px\">Rozm\u011bry:<\/span><\/p>\n<ul>\n<li><span style=\"font-size:16px\">V\u00fd\u0161ka 75 cm<\/span><\/li>\n<li><span style=\"font-size:16px\">\u0160\u00ed\u0159ka 80 cm<\/span><\/li>\n<li><span style=\"font-size:16px\">Hloubka 16 cm<\/span><\/li>\n<\/ul>\n<p><span style=\"font-size:16px\">Z d\u016fvodu lep\u0161\u00ed manipulace dod\u00e1v\u00e1me v&nbsp;rozmontovan\u00e9m stavu (Flat pack).<\/span><\/p>\n<\/p><\/div>\n<div class=\"ProductDetailContent\">                                                                    <\/div>\n<\/p><\/div>\n<\/p><\/div>\n<\/p><\/div>\n","protected":false},"excerpt":{"rendered":"<p>Popis produktu Galerka Comad Monako Grey 841, 80x75x16cm, \u0161ed\u00e1 &#8211; V\u00ddPRODEJ 1ks Modern\u00ed styl koupelnov\u00e9ho n\u00e1bytku z kolekce Monako Grey oslov\u00ed v\u0161echny, kte\u0159\u00ed oce\u0148uj\u00ed originalitu.&nbsp;Inovativn\u00ed design kolekce je zd\u016frazn\u011bn d\u0159ev\u011bn\u00fdmi \u010dely v kombinaci s diamantovou \u0161edou. s tich\u00fdm zav\u00edr\u00e1n\u00edm dve\u0159\u00ed &#8211; Soft Close Rozm\u011bry: V\u00fd\u0161ka 75 cm \u0160\u00ed\u0159ka 80 cm Hloubka 16 cm Z d\u016fvodu [&hellip;]<\/p>\n","protected":false},"featured_media":45690,"comment_status":"open","ping_status":"open","template":"","meta":[],"product_brand":[],"product_cat":[75],"product_tag":[],"class_list":{"0":"post-45590","1":"product","2":"type-product","3":"status-publish","4":"has-post-thumbnail","6":"product_cat-vyprodej","8":"first","9":"instock","10":"sale","11":"shipping-taxable","12":"purchasable","13":"product-type-simple"},"yoast_head":"<!-- This site is optimized with the Yoast SEO plugin v26.8 - https:\/\/yoast.com\/product\/yoast-seo-wordpress\/ -->\n<title>Galerka Comad Monako Grey 841, 80x75x16cm, \u0161ed\u00e1 - V\u00ddPRODEJ 1ks Zna\u010dkov\u00fd -<\/title>\n<meta name=\"robots\" content=\"index, follow, max-snippet:-1, max-image-preview:large, max-video-preview:-1\" \/>\n<link rel=\"canonical\" href=\"https:\/\/www.technodompro.com\/index.php\/produkt\/galerka-comad-monako-grey-841-80x75x16cm-seda-vyprodej-1ks-znackovy-45590\/\" \/>\n<meta property=\"og:locale\" content=\"cs_CZ\" \/>\n<meta property=\"og:type\" content=\"article\" \/>\n<meta property=\"og:title\" content=\"Galerka Comad Monako Grey 841, 80x75x16cm, \u0161ed\u00e1 - V\u00ddPRODEJ 1ks Zna\u010dkov\u00fd -\" \/>\n<meta property=\"og:description\" content=\"Popis produktu Galerka Comad Monako Grey 841, 80x75x16cm, \u0161ed\u00e1 &#8211; V\u00ddPRODEJ 1ks Modern\u00ed styl koupelnov\u00e9ho n\u00e1bytku z kolekce Monako Grey oslov\u00ed v\u0161echny, kte\u0159\u00ed oce\u0148uj\u00ed originalitu.&nbsp;Inovativn\u00ed design kolekce je zd\u016frazn\u011bn d\u0159ev\u011bn\u00fdmi \u010dely v kombinaci s diamantovou \u0161edou. s tich\u00fdm zav\u00edr\u00e1n\u00edm dve\u0159\u00ed &#8211; Soft Close Rozm\u011bry: V\u00fd\u0161ka 75 cm \u0160\u00ed\u0159ka 80 cm Hloubka 16 cm Z d\u016fvodu [&hellip;]\" \/>\n<meta property=\"og:url\" content=\"https:\/\/www.technodompro.com\/index.php\/produkt\/galerka-comad-monako-grey-841-80x75x16cm-seda-vyprodej-1ks-znackovy-45590\/\" \/>\n<meta property=\"og:image\" content=\"https:\/\/www.technodompro.com\/wp-content\/uploads\/2026\/SK0016193-CZ20260425-092632-0-1777080397-galerka-comad-monako-grey-841-80x75x16cm-seda-vyprodej-1ks-.webp\" \/>\n\t<meta property=\"og:image:width\" content=\"600\" \/>\n\t<meta property=\"og:image:height\" content=\"400\" \/>\n\t<meta property=\"og:image:type\" content=\"image\/webp\" \/>\n<meta name=\"twitter:card\" content=\"summary_large_image\" \/>\n<script type=\"application\/ld+json\" class=\"yoast-schema-graph\">{\"@context\":\"https:\/\/schema.org\",\"@graph\":[{\"@type\":\"WebPage\",\"@id\":\"https:\/\/www.technodompro.com\/index.php\/produkt\/galerka-comad-monako-grey-841-80x75x16cm-seda-vyprodej-1ks-znackovy-45590\/\",\"url\":\"https:\/\/www.technodompro.com\/index.php\/produkt\/galerka-comad-monako-grey-841-80x75x16cm-seda-vyprodej-1ks-znackovy-45590\/\",\"name\":\"Galerka Comad Monako Grey 841, 80x75x16cm, \u0161ed\u00e1 - V\u00ddPRODEJ 1ks Zna\u010dkov\u00fd -\",\"isPartOf\":{\"@id\":\"https:\/\/www.technodompro.com\/#website\"},\"primaryImageOfPage\":{\"@id\":\"https:\/\/www.technodompro.com\/index.php\/produkt\/galerka-comad-monako-grey-841-80x75x16cm-seda-vyprodej-1ks-znackovy-45590\/#primaryimage\"},\"image\":{\"@id\":\"https:\/\/www.technodompro.com\/index.php\/produkt\/galerka-comad-monako-grey-841-80x75x16cm-seda-vyprodej-1ks-znackovy-45590\/#primaryimage\"},\"thumbnailUrl\":\"https:\/\/www.technodompro.com\/wp-content\/uploads\/2026\/SK0016193-CZ20260425-092632-0-1777080397-galerka-comad-monako-grey-841-80x75x16cm-seda-vyprodej-1ks-.webp\",\"datePublished\":\"2026-04-27T04:42:32+00:00\",\"breadcrumb\":{\"@id\":\"https:\/\/www.technodompro.com\/index.php\/produkt\/galerka-comad-monako-grey-841-80x75x16cm-seda-vyprodej-1ks-znackovy-45590\/#breadcrumb\"},\"inLanguage\":\"cs\",\"potentialAction\":[{\"@type\":\"ReadAction\",\"target\":[\"https:\/\/www.technodompro.com\/index.php\/produkt\/galerka-comad-monako-grey-841-80x75x16cm-seda-vyprodej-1ks-znackovy-45590\/\"]}]},{\"@type\":\"ImageObject\",\"inLanguage\":\"cs\",\"@id\":\"https:\/\/www.technodompro.com\/index.php\/produkt\/galerka-comad-monako-grey-841-80x75x16cm-seda-vyprodej-1ks-znackovy-45590\/#primaryimage\",\"url\":\"https:\/\/www.technodompro.com\/wp-content\/uploads\/2026\/SK0016193-CZ20260425-092632-0-1777080397-galerka-comad-monako-grey-841-80x75x16cm-seda-vyprodej-1ks-.webp\",\"contentUrl\":\"https:\/\/www.technodompro.com\/wp-content\/uploads\/2026\/SK0016193-CZ20260425-092632-0-1777080397-galerka-comad-monako-grey-841-80x75x16cm-seda-vyprodej-1ks-.webp\",\"width\":600,\"height\":400},{\"@type\":\"BreadcrumbList\",\"@id\":\"https:\/\/www.technodompro.com\/index.php\/produkt\/galerka-comad-monako-grey-841-80x75x16cm-seda-vyprodej-1ks-znackovy-45590\/#breadcrumb\",\"itemListElement\":[{\"@type\":\"ListItem\",\"position\":1,\"name\":\"Home\",\"item\":\"https:\/\/www.technodompro.com\/\"},{\"@type\":\"ListItem\",\"position\":2,\"name\":\"Products\",\"item\":\"https:\/\/www.technodompro.com\/index.php\/products\/\"},{\"@type\":\"ListItem\",\"position\":3,\"name\":\"Galerka Comad Monako Grey 841, 80x75x16cm, \u0161ed\u00e1 &#8211; V\u00ddPRODEJ 1ks Zna\u010dkov\u00fd\"}]},{\"@type\":\"WebSite\",\"@id\":\"https:\/\/www.technodompro.com\/#website\",\"url\":\"https:\/\/www.technodompro.com\/\",\"name\":\"\",\"description\":\"\",\"potentialAction\":[{\"@type\":\"SearchAction\",\"target\":{\"@type\":\"EntryPoint\",\"urlTemplate\":\"https:\/\/www.technodompro.com\/?s={search_term_string}\"},\"query-input\":{\"@type\":\"PropertyValueSpecification\",\"valueRequired\":true,\"valueName\":\"search_term_string\"}}],\"inLanguage\":\"cs\"}]}<\/script>\n<!-- \/ Yoast SEO plugin. -->","yoast_head_json":{"title":"Galerka Comad Monako Grey 841, 80x75x16cm, \u0161ed\u00e1 - V\u00ddPRODEJ 1ks Zna\u010dkov\u00fd -","robots":{"index":"index","follow":"follow","max-snippet":"max-snippet:-1","max-image-preview":"max-image-preview:large","max-video-preview":"max-video-preview:-1"},"canonical":"https:\/\/www.technodompro.com\/index.php\/produkt\/galerka-comad-monako-grey-841-80x75x16cm-seda-vyprodej-1ks-znackovy-45590\/","og_locale":"cs_CZ","og_type":"article","og_title":"Galerka Comad Monako Grey 841, 80x75x16cm, \u0161ed\u00e1 - V\u00ddPRODEJ 1ks Zna\u010dkov\u00fd -","og_description":"Popis produktu Galerka Comad Monako Grey 841, 80x75x16cm, \u0161ed\u00e1 &#8211; V\u00ddPRODEJ 1ks Modern\u00ed styl koupelnov\u00e9ho n\u00e1bytku z kolekce Monako Grey oslov\u00ed v\u0161echny, kte\u0159\u00ed oce\u0148uj\u00ed originalitu.&nbsp;Inovativn\u00ed design kolekce je zd\u016frazn\u011bn d\u0159ev\u011bn\u00fdmi \u010dely v kombinaci s diamantovou \u0161edou. s tich\u00fdm zav\u00edr\u00e1n\u00edm dve\u0159\u00ed &#8211; Soft Close Rozm\u011bry: V\u00fd\u0161ka 75 cm \u0160\u00ed\u0159ka 80 cm Hloubka 16 cm Z d\u016fvodu [&hellip;]","og_url":"https:\/\/www.technodompro.com\/index.php\/produkt\/galerka-comad-monako-grey-841-80x75x16cm-seda-vyprodej-1ks-znackovy-45590\/","og_image":[{"width":600,"height":400,"url":"https:\/\/www.technodompro.com\/wp-content\/uploads\/2026\/SK0016193-CZ20260425-092632-0-1777080397-galerka-comad-monako-grey-841-80x75x16cm-seda-vyprodej-1ks-.webp","type":"image\/webp"}],"twitter_card":"summary_large_image","schema":{"@context":"https:\/\/schema.org","@graph":[{"@type":"WebPage","@id":"https:\/\/www.technodompro.com\/index.php\/produkt\/galerka-comad-monako-grey-841-80x75x16cm-seda-vyprodej-1ks-znackovy-45590\/","url":"https:\/\/www.technodompro.com\/index.php\/produkt\/galerka-comad-monako-grey-841-80x75x16cm-seda-vyprodej-1ks-znackovy-45590\/","name":"Galerka Comad Monako Grey 841, 80x75x16cm, \u0161ed\u00e1 - V\u00ddPRODEJ 1ks Zna\u010dkov\u00fd -","isPartOf":{"@id":"https:\/\/www.technodompro.com\/#website"},"primaryImageOfPage":{"@id":"https:\/\/www.technodompro.com\/index.php\/produkt\/galerka-comad-monako-grey-841-80x75x16cm-seda-vyprodej-1ks-znackovy-45590\/#primaryimage"},"image":{"@id":"https:\/\/www.technodompro.com\/index.php\/produkt\/galerka-comad-monako-grey-841-80x75x16cm-seda-vyprodej-1ks-znackovy-45590\/#primaryimage"},"thumbnailUrl":"https:\/\/www.technodompro.com\/wp-content\/uploads\/2026\/SK0016193-CZ20260425-092632-0-1777080397-galerka-comad-monako-grey-841-80x75x16cm-seda-vyprodej-1ks-.webp","datePublished":"2026-04-27T04:42:32+00:00","breadcrumb":{"@id":"https:\/\/www.technodompro.com\/index.php\/produkt\/galerka-comad-monako-grey-841-80x75x16cm-seda-vyprodej-1ks-znackovy-45590\/#breadcrumb"},"inLanguage":"cs","potentialAction":[{"@type":"ReadAction","target":["https:\/\/www.technodompro.com\/index.php\/produkt\/galerka-comad-monako-grey-841-80x75x16cm-seda-vyprodej-1ks-znackovy-45590\/"]}]},{"@type":"ImageObject","inLanguage":"cs","@id":"https:\/\/www.technodompro.com\/index.php\/produkt\/galerka-comad-monako-grey-841-80x75x16cm-seda-vyprodej-1ks-znackovy-45590\/#primaryimage","url":"https:\/\/www.technodompro.com\/wp-content\/uploads\/2026\/SK0016193-CZ20260425-092632-0-1777080397-galerka-comad-monako-grey-841-80x75x16cm-seda-vyprodej-1ks-.webp","contentUrl":"https:\/\/www.technodompro.com\/wp-content\/uploads\/2026\/SK0016193-CZ20260425-092632-0-1777080397-galerka-comad-monako-grey-841-80x75x16cm-seda-vyprodej-1ks-.webp","width":600,"height":400},{"@type":"BreadcrumbList","@id":"https:\/\/www.technodompro.com\/index.php\/produkt\/galerka-comad-monako-grey-841-80x75x16cm-seda-vyprodej-1ks-znackovy-45590\/#breadcrumb","itemListElement":[{"@type":"ListItem","position":1,"name":"Home","item":"https:\/\/www.technodompro.com\/"},{"@type":"ListItem","position":2,"name":"Products","item":"https:\/\/www.technodompro.com\/index.php\/products\/"},{"@type":"ListItem","position":3,"name":"Galerka Comad Monako Grey 841, 80x75x16cm, \u0161ed\u00e1 &#8211; V\u00ddPRODEJ 1ks Zna\u010dkov\u00fd"}]},{"@type":"WebSite","@id":"https:\/\/www.technodompro.com\/#website","url":"https:\/\/www.technodompro.com\/","name":"","description":"","potentialAction":[{"@type":"SearchAction","target":{"@type":"EntryPoint","urlTemplate":"https:\/\/www.technodompro.com\/?s={search_term_string}"},"query-input":{"@type":"PropertyValueSpecification","valueRequired":true,"valueName":"search_term_string"}}],"inLanguage":"cs"}]}},"_links":{"self":[{"href":"https:\/\/www.technodompro.com\/index.php\/wp-json\/wp\/v2\/product\/45590","targetHints":{"allow":["GET"]}}],"collection":[{"href":"https:\/\/www.technodompro.com\/index.php\/wp-json\/wp\/v2\/product"}],"about":[{"href":"https:\/\/www.technodompro.com\/index.php\/wp-json\/wp\/v2\/types\/product"}],"replies":[{"embeddable":true,"href":"https:\/\/www.technodompro.com\/index.php\/wp-json\/wp\/v2\/comments?post=45590"}],"wp:featuredmedia":[{"embeddable":true,"href":"https:\/\/www.technodompro.com\/index.php\/wp-json\/wp\/v2\/media\/45690"}],"wp:attachment":[{"href":"https:\/\/www.technodompro.com\/index.php\/wp-json\/wp\/v2\/media?parent=45590"}],"wp:term":[{"taxonomy":"product_brand","embeddable":true,"href":"https:\/\/www.technodompro.com\/index.php\/wp-json\/wp\/v2\/product_brand?post=45590"},{"taxonomy":"product_cat","embeddable":true,"href":"https:\/\/www.technodompro.com\/index.php\/wp-json\/wp\/v2\/product_cat?post=45590"},{"taxonomy":"product_tag","embeddable":true,"href":"https:\/\/www.technodompro.com\/index.php\/wp-json\/wp\/v2\/product_tag?post=45590"}],"curies":[{"name":"wp","href":"https:\/\/api.w.org\/{rel}","templated":true}]}}