{"id":45694,"date":"2026-04-27T04:42:32","date_gmt":"2026-04-27T04:42:32","guid":{"rendered":""},"modified":"2026-04-27T04:42:32","modified_gmt":"2026-04-27T04:42:32","slug":"vysoce-kvalitni-comad-vysoka-koupelnova-skrinka-platinum-800-176x35x30-cm-bila-dub-vyprodej-1ks-45694","status":"publish","type":"product","link":"https:\/\/www.technodompro.com\/index.php\/produkt\/vysoce-kvalitni-comad-vysoka-koupelnova-skrinka-platinum-800-176x35x30-cm-bila-dub-vyprodej-1ks-45694\/","title":{"rendered":"Vysoce Kvalitn\u00ed Comad vysok\u00e1 koupelnov\u00e1 sk\u0159\u00ed\u0148ka Platinum 800, 176x35x30 cm b\u00edl\u00e1\/dub &#8211; V\u00ddPRODEJ 1ks"},"content":{"rendered":"<div class=\"ProductDetail-content NoFixImageContainer\" id=\"productDescription\">\n<div class=\"Heading\">\n<h2 class=\"Heading-title\">Popis produktu <span class=''>Comad vysok\u00e1 koupelnov\u00e1 sk\u0159\u00ed\u0148ka Platinum 800, 176x35x30 cm b\u00edl\u00e1\/dub &#8211; V\u00ddPRODEJ 1ks<\/span><\/h2>\n<\/p><\/div>\n<div class=\"ProductDetailContent\">\n<p>V\u00fdprodej 1ks, nov\u00e9 zbo\u017e\u00ed, z\u00e1ruka.<\/p>\n<p><strong>Vysok\u00e1 koupelnov\u00e1 sk\u0159\u00ed\u0148ka 176 \u00d7 35 \u00d7 30\u202fcm<\/strong> \u2013 elegantn\u00ed spojen\u00ed leskl\u00e9 b\u00edl\u00e9 barvy a d\u0159evodekoru dubu. Dvoje dv\u00ed\u0159ka ukr\u00fdvaj\u00ed <strong>t\u0159i praktick\u00e9 d\u0159ev\u011bn\u00e9 police<\/strong>, kter\u00e9 zaji\u0161\u0165uj\u00ed dokonal\u00fd p\u0159ehled a dostatek \u00falo\u017en\u00e9ho prostoru pro v\u0161e, co pot\u0159ebujete m\u00edt po ruce.<\/p>\n<h3><span style=\"font-family:arial,helvetica,sans-serif\">Technick\u00e9 parametry<\/span><\/h3>\n<ul>\n<li><span style=\"font-size:16px\"><span style=\"font-family:arial,helvetica,sans-serif\"><strong>\u0160\u00ed\u0159ka:<\/strong>&nbsp;35,0 cm<\/span><\/span><\/li>\n<li><span style=\"font-size:16px\"><span style=\"font-family:arial,helvetica,sans-serif\"><strong>Hloubka:<\/strong>&nbsp;30,0 cm<\/span><\/span><\/li>\n<li><span style=\"font-size:16px\"><span style=\"font-family:arial,helvetica,sans-serif\"><strong>V\u00fd\u0161ka:<\/strong>&nbsp;176,0 cm<\/span><\/span><\/li>\n<li><span style=\"font-size:16px\"><span style=\"font-family:arial,helvetica,sans-serif\"><strong>Barva:<\/strong>&nbsp;b\u00edl\u00e1 lesk, dub<\/span><\/span><\/li>\n<li><strong>Materi\u00e1l:<\/strong> MDF<\/li>\n<li><strong>V\u00fdbava:<\/strong> tich\u00e9 dov\u00edr\u00e1n\u00ed<\/li>\n<\/ul>\n<p>Kolekce <strong>Platinum<\/strong> p\u0159edstavuje <strong>modern\u00ed koupelnov\u00fd n\u00e1bytek<\/strong> v elegantn\u00ed b\u00edl\u00e9 barv\u011b s d\u0159ev\u011bn\u00fdmi akcenty, d\u00edky kter\u00fdm p\u016fsob\u00ed p\u0159irozen\u011b a stylov\u011b. <strong>Sk\u0159\u00ed\u0148ka pod umyvadlo na desku<\/strong> umo\u017e\u0148uje p\u0159izp\u016fsobit prostor podle vlastn\u00edch vizu\u00e1ln\u00edch i funk\u010dn\u00edch pot\u0159eb. <strong>Z\u00e1v\u011bsn\u00e1 sk\u0159\u00ed\u0148ka se zrcadlem<\/strong>, slad\u011bn\u00e1 s umyvadlovou a vysokou sk\u0159\u00ed\u0148kou, vytv\u00e1\u0159\u00ed ucelenou a modern\u00ed sestavu <strong>ide\u00e1ln\u00ed pro men\u0161\u00ed koupelny<\/strong>.<\/p>\n<\/p><\/div>\n<div class=\"ProductDetailContent\">                                                                    <\/div>\n<\/p><\/div>\n<\/p><\/div>\n<\/p><\/div>\n","protected":false},"excerpt":{"rendered":"<p>Popis produktu Comad vysok\u00e1 koupelnov\u00e1 sk\u0159\u00ed\u0148ka Platinum 800, 176x35x30 cm b\u00edl\u00e1\/dub &#8211; V\u00ddPRODEJ 1ks V\u00fdprodej 1ks, nov\u00e9 zbo\u017e\u00ed, z\u00e1ruka. Vysok\u00e1 koupelnov\u00e1 sk\u0159\u00ed\u0148ka 176 \u00d7 35 \u00d7 30\u202fcm \u2013 elegantn\u00ed spojen\u00ed leskl\u00e9 b\u00edl\u00e9 barvy a d\u0159evodekoru dubu. Dvoje dv\u00ed\u0159ka ukr\u00fdvaj\u00ed t\u0159i praktick\u00e9 d\u0159ev\u011bn\u00e9 police, kter\u00e9 zaji\u0161\u0165uj\u00ed dokonal\u00fd p\u0159ehled a dostatek \u00falo\u017en\u00e9ho prostoru pro v\u0161e, co pot\u0159ebujete [&hellip;]<\/p>\n","protected":false},"featured_media":45794,"comment_status":"open","ping_status":"open","template":"","meta":[],"product_brand":[],"product_cat":[75],"product_tag":[],"class_list":{"0":"post-45694","1":"product","2":"type-product","3":"status-publish","4":"has-post-thumbnail","6":"product_cat-vyprodej","8":"first","9":"instock","10":"sale","11":"shipping-taxable","12":"purchasable","13":"product-type-simple"},"yoast_head":"<!-- This site is optimized with the Yoast SEO plugin v26.8 - https:\/\/yoast.com\/product\/yoast-seo-wordpress\/ -->\n<title>Vysoce Kvalitn\u00ed Comad vysok\u00e1 koupelnov\u00e1 sk\u0159\u00ed\u0148ka Platinum 800, 176x35x30 cm b\u00edl\u00e1\/dub - V\u00ddPRODEJ 1ks -<\/title>\n<meta name=\"robots\" content=\"index, follow, max-snippet:-1, max-image-preview:large, max-video-preview:-1\" \/>\n<link rel=\"canonical\" href=\"https:\/\/www.technodompro.com\/index.php\/produkt\/vysoce-kvalitni-comad-vysoka-koupelnova-skrinka-platinum-800-176x35x30-cm-bila-dub-vyprodej-1ks-45694\/\" \/>\n<meta property=\"og:locale\" content=\"cs_CZ\" \/>\n<meta property=\"og:type\" content=\"article\" \/>\n<meta property=\"og:title\" content=\"Vysoce Kvalitn\u00ed Comad vysok\u00e1 koupelnov\u00e1 sk\u0159\u00ed\u0148ka Platinum 800, 176x35x30 cm b\u00edl\u00e1\/dub - V\u00ddPRODEJ 1ks -\" \/>\n<meta property=\"og:description\" content=\"Popis produktu Comad vysok\u00e1 koupelnov\u00e1 sk\u0159\u00ed\u0148ka Platinum 800, 176x35x30 cm b\u00edl\u00e1\/dub &#8211; V\u00ddPRODEJ 1ks V\u00fdprodej 1ks, nov\u00e9 zbo\u017e\u00ed, z\u00e1ruka. Vysok\u00e1 koupelnov\u00e1 sk\u0159\u00ed\u0148ka 176 \u00d7 35 \u00d7 30\u202fcm \u2013 elegantn\u00ed spojen\u00ed leskl\u00e9 b\u00edl\u00e9 barvy a d\u0159evodekoru dubu. Dvoje dv\u00ed\u0159ka ukr\u00fdvaj\u00ed t\u0159i praktick\u00e9 d\u0159ev\u011bn\u00e9 police, kter\u00e9 zaji\u0161\u0165uj\u00ed dokonal\u00fd p\u0159ehled a dostatek \u00falo\u017en\u00e9ho prostoru pro v\u0161e, co pot\u0159ebujete [&hellip;]\" \/>\n<meta property=\"og:url\" content=\"https:\/\/www.technodompro.com\/index.php\/produkt\/vysoce-kvalitni-comad-vysoka-koupelnova-skrinka-platinum-800-176x35x30-cm-bila-dub-vyprodej-1ks-45694\/\" \/>\n<meta property=\"og:image\" content=\"https:\/\/www.technodompro.com\/wp-content\/uploads\/2026\/SK0016197-CZ20260425-092632-0-1777080397-comad-vysoka-koupelnova-skrinka-platinum-800-176x35x30-cm-b.webp\" \/>\n\t<meta property=\"og:image:width\" content=\"400\" \/>\n\t<meta property=\"og:image:height\" content=\"600\" \/>\n\t<meta property=\"og:image:type\" content=\"image\/webp\" \/>\n<meta name=\"twitter:card\" content=\"summary_large_image\" \/>\n<meta name=\"twitter:label1\" content=\"Odhadovan\u00e1 doba \u010dten\u00ed\" \/>\n\t<meta name=\"twitter:data1\" content=\"1 minuta\" \/>\n<script type=\"application\/ld+json\" class=\"yoast-schema-graph\">{\"@context\":\"https:\/\/schema.org\",\"@graph\":[{\"@type\":\"WebPage\",\"@id\":\"https:\/\/www.technodompro.com\/index.php\/produkt\/vysoce-kvalitni-comad-vysoka-koupelnova-skrinka-platinum-800-176x35x30-cm-bila-dub-vyprodej-1ks-45694\/\",\"url\":\"https:\/\/www.technodompro.com\/index.php\/produkt\/vysoce-kvalitni-comad-vysoka-koupelnova-skrinka-platinum-800-176x35x30-cm-bila-dub-vyprodej-1ks-45694\/\",\"name\":\"Vysoce Kvalitn\u00ed Comad vysok\u00e1 koupelnov\u00e1 sk\u0159\u00ed\u0148ka Platinum 800, 176x35x30 cm b\u00edl\u00e1\/dub - V\u00ddPRODEJ 1ks -\",\"isPartOf\":{\"@id\":\"https:\/\/www.technodompro.com\/#website\"},\"primaryImageOfPage\":{\"@id\":\"https:\/\/www.technodompro.com\/index.php\/produkt\/vysoce-kvalitni-comad-vysoka-koupelnova-skrinka-platinum-800-176x35x30-cm-bila-dub-vyprodej-1ks-45694\/#primaryimage\"},\"image\":{\"@id\":\"https:\/\/www.technodompro.com\/index.php\/produkt\/vysoce-kvalitni-comad-vysoka-koupelnova-skrinka-platinum-800-176x35x30-cm-bila-dub-vyprodej-1ks-45694\/#primaryimage\"},\"thumbnailUrl\":\"https:\/\/www.technodompro.com\/wp-content\/uploads\/2026\/SK0016197-CZ20260425-092632-0-1777080397-comad-vysoka-koupelnova-skrinka-platinum-800-176x35x30-cm-b.webp\",\"datePublished\":\"2026-04-27T04:42:32+00:00\",\"breadcrumb\":{\"@id\":\"https:\/\/www.technodompro.com\/index.php\/produkt\/vysoce-kvalitni-comad-vysoka-koupelnova-skrinka-platinum-800-176x35x30-cm-bila-dub-vyprodej-1ks-45694\/#breadcrumb\"},\"inLanguage\":\"cs\",\"potentialAction\":[{\"@type\":\"ReadAction\",\"target\":[\"https:\/\/www.technodompro.com\/index.php\/produkt\/vysoce-kvalitni-comad-vysoka-koupelnova-skrinka-platinum-800-176x35x30-cm-bila-dub-vyprodej-1ks-45694\/\"]}]},{\"@type\":\"ImageObject\",\"inLanguage\":\"cs\",\"@id\":\"https:\/\/www.technodompro.com\/index.php\/produkt\/vysoce-kvalitni-comad-vysoka-koupelnova-skrinka-platinum-800-176x35x30-cm-bila-dub-vyprodej-1ks-45694\/#primaryimage\",\"url\":\"https:\/\/www.technodompro.com\/wp-content\/uploads\/2026\/SK0016197-CZ20260425-092632-0-1777080397-comad-vysoka-koupelnova-skrinka-platinum-800-176x35x30-cm-b.webp\",\"contentUrl\":\"https:\/\/www.technodompro.com\/wp-content\/uploads\/2026\/SK0016197-CZ20260425-092632-0-1777080397-comad-vysoka-koupelnova-skrinka-platinum-800-176x35x30-cm-b.webp\",\"width\":400,\"height\":600},{\"@type\":\"BreadcrumbList\",\"@id\":\"https:\/\/www.technodompro.com\/index.php\/produkt\/vysoce-kvalitni-comad-vysoka-koupelnova-skrinka-platinum-800-176x35x30-cm-bila-dub-vyprodej-1ks-45694\/#breadcrumb\",\"itemListElement\":[{\"@type\":\"ListItem\",\"position\":1,\"name\":\"Home\",\"item\":\"https:\/\/www.technodompro.com\/\"},{\"@type\":\"ListItem\",\"position\":2,\"name\":\"Products\",\"item\":\"https:\/\/www.technodompro.com\/index.php\/products\/\"},{\"@type\":\"ListItem\",\"position\":3,\"name\":\"Vysoce Kvalitn\u00ed Comad vysok\u00e1 koupelnov\u00e1 sk\u0159\u00ed\u0148ka Platinum 800, 176x35x30 cm b\u00edl\u00e1\/dub &#8211; V\u00ddPRODEJ 1ks\"}]},{\"@type\":\"WebSite\",\"@id\":\"https:\/\/www.technodompro.com\/#website\",\"url\":\"https:\/\/www.technodompro.com\/\",\"name\":\"\",\"description\":\"\",\"potentialAction\":[{\"@type\":\"SearchAction\",\"target\":{\"@type\":\"EntryPoint\",\"urlTemplate\":\"https:\/\/www.technodompro.com\/?s={search_term_string}\"},\"query-input\":{\"@type\":\"PropertyValueSpecification\",\"valueRequired\":true,\"valueName\":\"search_term_string\"}}],\"inLanguage\":\"cs\"}]}<\/script>\n<!-- \/ Yoast SEO plugin. -->","yoast_head_json":{"title":"Vysoce Kvalitn\u00ed Comad vysok\u00e1 koupelnov\u00e1 sk\u0159\u00ed\u0148ka Platinum 800, 176x35x30 cm b\u00edl\u00e1\/dub - V\u00ddPRODEJ 1ks -","robots":{"index":"index","follow":"follow","max-snippet":"max-snippet:-1","max-image-preview":"max-image-preview:large","max-video-preview":"max-video-preview:-1"},"canonical":"https:\/\/www.technodompro.com\/index.php\/produkt\/vysoce-kvalitni-comad-vysoka-koupelnova-skrinka-platinum-800-176x35x30-cm-bila-dub-vyprodej-1ks-45694\/","og_locale":"cs_CZ","og_type":"article","og_title":"Vysoce Kvalitn\u00ed Comad vysok\u00e1 koupelnov\u00e1 sk\u0159\u00ed\u0148ka Platinum 800, 176x35x30 cm b\u00edl\u00e1\/dub - V\u00ddPRODEJ 1ks -","og_description":"Popis produktu Comad vysok\u00e1 koupelnov\u00e1 sk\u0159\u00ed\u0148ka Platinum 800, 176x35x30 cm b\u00edl\u00e1\/dub &#8211; V\u00ddPRODEJ 1ks V\u00fdprodej 1ks, nov\u00e9 zbo\u017e\u00ed, z\u00e1ruka. Vysok\u00e1 koupelnov\u00e1 sk\u0159\u00ed\u0148ka 176 \u00d7 35 \u00d7 30\u202fcm \u2013 elegantn\u00ed spojen\u00ed leskl\u00e9 b\u00edl\u00e9 barvy a d\u0159evodekoru dubu. Dvoje dv\u00ed\u0159ka ukr\u00fdvaj\u00ed t\u0159i praktick\u00e9 d\u0159ev\u011bn\u00e9 police, kter\u00e9 zaji\u0161\u0165uj\u00ed dokonal\u00fd p\u0159ehled a dostatek \u00falo\u017en\u00e9ho prostoru pro v\u0161e, co pot\u0159ebujete [&hellip;]","og_url":"https:\/\/www.technodompro.com\/index.php\/produkt\/vysoce-kvalitni-comad-vysoka-koupelnova-skrinka-platinum-800-176x35x30-cm-bila-dub-vyprodej-1ks-45694\/","og_image":[{"width":400,"height":600,"url":"https:\/\/www.technodompro.com\/wp-content\/uploads\/2026\/SK0016197-CZ20260425-092632-0-1777080397-comad-vysoka-koupelnova-skrinka-platinum-800-176x35x30-cm-b.webp","type":"image\/webp"}],"twitter_card":"summary_large_image","twitter_misc":{"Odhadovan\u00e1 doba \u010dten\u00ed":"1 minuta"},"schema":{"@context":"https:\/\/schema.org","@graph":[{"@type":"WebPage","@id":"https:\/\/www.technodompro.com\/index.php\/produkt\/vysoce-kvalitni-comad-vysoka-koupelnova-skrinka-platinum-800-176x35x30-cm-bila-dub-vyprodej-1ks-45694\/","url":"https:\/\/www.technodompro.com\/index.php\/produkt\/vysoce-kvalitni-comad-vysoka-koupelnova-skrinka-platinum-800-176x35x30-cm-bila-dub-vyprodej-1ks-45694\/","name":"Vysoce Kvalitn\u00ed Comad vysok\u00e1 koupelnov\u00e1 sk\u0159\u00ed\u0148ka Platinum 800, 176x35x30 cm b\u00edl\u00e1\/dub - V\u00ddPRODEJ 1ks -","isPartOf":{"@id":"https:\/\/www.technodompro.com\/#website"},"primaryImageOfPage":{"@id":"https:\/\/www.technodompro.com\/index.php\/produkt\/vysoce-kvalitni-comad-vysoka-koupelnova-skrinka-platinum-800-176x35x30-cm-bila-dub-vyprodej-1ks-45694\/#primaryimage"},"image":{"@id":"https:\/\/www.technodompro.com\/index.php\/produkt\/vysoce-kvalitni-comad-vysoka-koupelnova-skrinka-platinum-800-176x35x30-cm-bila-dub-vyprodej-1ks-45694\/#primaryimage"},"thumbnailUrl":"https:\/\/www.technodompro.com\/wp-content\/uploads\/2026\/SK0016197-CZ20260425-092632-0-1777080397-comad-vysoka-koupelnova-skrinka-platinum-800-176x35x30-cm-b.webp","datePublished":"2026-04-27T04:42:32+00:00","breadcrumb":{"@id":"https:\/\/www.technodompro.com\/index.php\/produkt\/vysoce-kvalitni-comad-vysoka-koupelnova-skrinka-platinum-800-176x35x30-cm-bila-dub-vyprodej-1ks-45694\/#breadcrumb"},"inLanguage":"cs","potentialAction":[{"@type":"ReadAction","target":["https:\/\/www.technodompro.com\/index.php\/produkt\/vysoce-kvalitni-comad-vysoka-koupelnova-skrinka-platinum-800-176x35x30-cm-bila-dub-vyprodej-1ks-45694\/"]}]},{"@type":"ImageObject","inLanguage":"cs","@id":"https:\/\/www.technodompro.com\/index.php\/produkt\/vysoce-kvalitni-comad-vysoka-koupelnova-skrinka-platinum-800-176x35x30-cm-bila-dub-vyprodej-1ks-45694\/#primaryimage","url":"https:\/\/www.technodompro.com\/wp-content\/uploads\/2026\/SK0016197-CZ20260425-092632-0-1777080397-comad-vysoka-koupelnova-skrinka-platinum-800-176x35x30-cm-b.webp","contentUrl":"https:\/\/www.technodompro.com\/wp-content\/uploads\/2026\/SK0016197-CZ20260425-092632-0-1777080397-comad-vysoka-koupelnova-skrinka-platinum-800-176x35x30-cm-b.webp","width":400,"height":600},{"@type":"BreadcrumbList","@id":"https:\/\/www.technodompro.com\/index.php\/produkt\/vysoce-kvalitni-comad-vysoka-koupelnova-skrinka-platinum-800-176x35x30-cm-bila-dub-vyprodej-1ks-45694\/#breadcrumb","itemListElement":[{"@type":"ListItem","position":1,"name":"Home","item":"https:\/\/www.technodompro.com\/"},{"@type":"ListItem","position":2,"name":"Products","item":"https:\/\/www.technodompro.com\/index.php\/products\/"},{"@type":"ListItem","position":3,"name":"Vysoce Kvalitn\u00ed Comad vysok\u00e1 koupelnov\u00e1 sk\u0159\u00ed\u0148ka Platinum 800, 176x35x30 cm b\u00edl\u00e1\/dub &#8211; V\u00ddPRODEJ 1ks"}]},{"@type":"WebSite","@id":"https:\/\/www.technodompro.com\/#website","url":"https:\/\/www.technodompro.com\/","name":"","description":"","potentialAction":[{"@type":"SearchAction","target":{"@type":"EntryPoint","urlTemplate":"https:\/\/www.technodompro.com\/?s={search_term_string}"},"query-input":{"@type":"PropertyValueSpecification","valueRequired":true,"valueName":"search_term_string"}}],"inLanguage":"cs"}]}},"_links":{"self":[{"href":"https:\/\/www.technodompro.com\/index.php\/wp-json\/wp\/v2\/product\/45694","targetHints":{"allow":["GET"]}}],"collection":[{"href":"https:\/\/www.technodompro.com\/index.php\/wp-json\/wp\/v2\/product"}],"about":[{"href":"https:\/\/www.technodompro.com\/index.php\/wp-json\/wp\/v2\/types\/product"}],"replies":[{"embeddable":true,"href":"https:\/\/www.technodompro.com\/index.php\/wp-json\/wp\/v2\/comments?post=45694"}],"wp:featuredmedia":[{"embeddable":true,"href":"https:\/\/www.technodompro.com\/index.php\/wp-json\/wp\/v2\/media\/45794"}],"wp:attachment":[{"href":"https:\/\/www.technodompro.com\/index.php\/wp-json\/wp\/v2\/media?parent=45694"}],"wp:term":[{"taxonomy":"product_brand","embeddable":true,"href":"https:\/\/www.technodompro.com\/index.php\/wp-json\/wp\/v2\/product_brand?post=45694"},{"taxonomy":"product_cat","embeddable":true,"href":"https:\/\/www.technodompro.com\/index.php\/wp-json\/wp\/v2\/product_cat?post=45694"},{"taxonomy":"product_tag","embeddable":true,"href":"https:\/\/www.technodompro.com\/index.php\/wp-json\/wp\/v2\/product_tag?post=45694"}],"curies":[{"name":"wp","href":"https:\/\/api.w.org\/{rel}","templated":true}]}}