{"id":46145,"date":"2026-04-27T04:42:33","date_gmt":"2026-04-27T04:42:33","guid":{"rendered":""},"modified":"2026-04-27T04:42:33","modified_gmt":"2026-04-27T04:42:33","slug":"znackovy-equipe-manacor-obklad-blue-moon-7-5x15-bal-0-5m2-eq-3-26901-46145","status":"publish","type":"product","link":"https:\/\/www.technodompro.com\/index.php\/produkt\/znackovy-equipe-manacor-obklad-blue-moon-7-5x15-bal-0-5m2-eq-3-26901-46145\/","title":{"rendered":"Zna\u010dkov\u00fd Equipe MANACOR obklad Blue Moon 7,5&#215;15 (bal=0,5m2) (EQ-3) &#8211; 26901"},"content":{"rendered":"<div class=\"ProductDetail-content NoFixImageContainer\" id=\"productDescription\">\n<div class=\"Heading\">\n<h2 class=\"Heading-title\">Popis produktu <span class=''>Equipe MANACOR obklad Blue Moon 7,5&#215;15 (bal=0,5m2) (EQ-3) &#8211; 26901<\/span><\/h2>\n<\/p><\/div>\n<div class=\"ProductDetailContent\">                                                                    <\/div>\n<div class=\"ProductDetailContent\">\n<div class=\"ProductDetailContent-item\">                                            Balen\u00ed: 1 ks<br \/>Pou\u017eit\u00ed: Obklad<br \/>Rozm\u011br: 7,5&#215;15 cm<br \/>Povrch: Lesk<br \/>Po\u010det ks v balen\u00ed: 44<br \/>Materi\u00e1l: Keramika<br \/>Tlou\u0161\u0165ka: 9 mm<br \/>Balen\u00ed obsahuje: 0.5 m2<br \/>Z\u00e1ruka: 2 roky                                        <\/div>\n<div class=\"ProductDetailContent-item\">\n<h3>Vysv\u011btlivky<\/h3>\n<div class=\"product-explanation-item\">\n<h3>Leskl\u00fd povrch<\/h3>\n<p>Leskl\u00e1 glazura dla\u017edice.<\/p>\n<\/p>\n<div class=\"clear\"><!-- --><\/div>\n<\/div>\n<div class=\"product-explanation-item\">\n<h3>Obklad<\/h3>\n<p style=\"text-align: justify;\">Dla\u017edice lze pou\u017e\u00edt pouze k aplikaci na st\u011bny (= jako obkl\u00e1da\u010dka).<\/p>\n<div class=\"clear\"><!-- --><\/div>\n<\/div><\/div>\n<\/p><\/div>\n<\/p><\/div>\n<\/p><\/div>\n<\/p><\/div>\n","protected":false},"excerpt":{"rendered":"<p>Popis produktu Equipe MANACOR obklad Blue Moon 7,5&#215;15 (bal=0,5m2) (EQ-3) &#8211; 26901 Balen\u00ed: 1 ksPou\u017eit\u00ed: ObkladRozm\u011br: 7,5&#215;15 cmPovrch: LeskPo\u010det ks v balen\u00ed: 44Materi\u00e1l: KeramikaTlou\u0161\u0165ka: 9 mmBalen\u00ed obsahuje: 0.5 m2Z\u00e1ruka: 2 roky Vysv\u011btlivky Leskl\u00fd povrch Leskl\u00e1 glazura dla\u017edice. Obklad Dla\u017edice lze pou\u017e\u00edt pouze k aplikaci na st\u011bny (= jako obkl\u00e1da\u010dka).<\/p>\n","protected":false},"featured_media":46245,"comment_status":"open","ping_status":"open","template":"","meta":[],"product_brand":[],"product_cat":[76],"product_tag":[],"class_list":{"0":"post-46145","1":"product","2":"type-product","3":"status-publish","4":"has-post-thumbnail","6":"product_cat-dlazba-a-obklady","8":"first","9":"instock","10":"sale","11":"shipping-taxable","12":"purchasable","13":"product-type-simple"},"yoast_head":"<!-- This site is optimized with the Yoast SEO plugin v26.8 - https:\/\/yoast.com\/product\/yoast-seo-wordpress\/ -->\n<title>Zna\u010dkov\u00fd Equipe MANACOR obklad Blue Moon 7,5x15 (bal=0,5m2) (EQ-3) - 26901 -<\/title>\n<meta name=\"robots\" content=\"index, follow, max-snippet:-1, max-image-preview:large, max-video-preview:-1\" \/>\n<link rel=\"canonical\" href=\"https:\/\/www.technodompro.com\/index.php\/produkt\/znackovy-equipe-manacor-obklad-blue-moon-7-5x15-bal-0-5m2-eq-3-26901-46145\/\" \/>\n<meta property=\"og:locale\" content=\"cs_CZ\" \/>\n<meta property=\"og:type\" content=\"article\" \/>\n<meta property=\"og:title\" content=\"Zna\u010dkov\u00fd Equipe MANACOR obklad Blue Moon 7,5x15 (bal=0,5m2) (EQ-3) - 26901 -\" \/>\n<meta property=\"og:description\" content=\"Popis produktu Equipe MANACOR obklad Blue Moon 7,5&#215;15 (bal=0,5m2) (EQ-3) &#8211; 26901 Balen\u00ed: 1 ksPou\u017eit\u00ed: ObkladRozm\u011br: 7,5&#215;15 cmPovrch: LeskPo\u010det ks v balen\u00ed: 44Materi\u00e1l: KeramikaTlou\u0161\u0165ka: 9 mmBalen\u00ed obsahuje: 0.5 m2Z\u00e1ruka: 2 roky Vysv\u011btlivky Leskl\u00fd povrch Leskl\u00e1 glazura dla\u017edice. Obklad Dla\u017edice lze pou\u017e\u00edt pouze k aplikaci na st\u011bny (= jako obkl\u00e1da\u010dka).\" \/>\n<meta property=\"og:url\" content=\"https:\/\/www.technodompro.com\/index.php\/produkt\/znackovy-equipe-manacor-obklad-blue-moon-7-5x15-bal-0-5m2-eq-3-26901-46145\/\" \/>\n<meta property=\"og:image\" content=\"https:\/\/www.technodompro.com\/wp-content\/uploads\/2026\/SK0016456-CZ20260425-092632-0-1777080397-equipe-manacor-obklad-blue-moon-7-5x15-bal-0-5m2-eq-3-26901.webp\" \/>\n\t<meta property=\"og:image:width\" content=\"458\" \/>\n\t<meta property=\"og:image:height\" content=\"600\" \/>\n\t<meta property=\"og:image:type\" content=\"image\/webp\" \/>\n<meta name=\"twitter:card\" content=\"summary_large_image\" \/>\n<script type=\"application\/ld+json\" class=\"yoast-schema-graph\">{\"@context\":\"https:\/\/schema.org\",\"@graph\":[{\"@type\":\"WebPage\",\"@id\":\"https:\/\/www.technodompro.com\/index.php\/produkt\/znackovy-equipe-manacor-obklad-blue-moon-7-5x15-bal-0-5m2-eq-3-26901-46145\/\",\"url\":\"https:\/\/www.technodompro.com\/index.php\/produkt\/znackovy-equipe-manacor-obklad-blue-moon-7-5x15-bal-0-5m2-eq-3-26901-46145\/\",\"name\":\"Zna\u010dkov\u00fd Equipe MANACOR obklad Blue Moon 7,5x15 (bal=0,5m2) (EQ-3) - 26901 -\",\"isPartOf\":{\"@id\":\"https:\/\/www.technodompro.com\/#website\"},\"primaryImageOfPage\":{\"@id\":\"https:\/\/www.technodompro.com\/index.php\/produkt\/znackovy-equipe-manacor-obklad-blue-moon-7-5x15-bal-0-5m2-eq-3-26901-46145\/#primaryimage\"},\"image\":{\"@id\":\"https:\/\/www.technodompro.com\/index.php\/produkt\/znackovy-equipe-manacor-obklad-blue-moon-7-5x15-bal-0-5m2-eq-3-26901-46145\/#primaryimage\"},\"thumbnailUrl\":\"https:\/\/www.technodompro.com\/wp-content\/uploads\/2026\/SK0016456-CZ20260425-092632-0-1777080397-equipe-manacor-obklad-blue-moon-7-5x15-bal-0-5m2-eq-3-26901.webp\",\"datePublished\":\"2026-04-27T04:42:33+00:00\",\"breadcrumb\":{\"@id\":\"https:\/\/www.technodompro.com\/index.php\/produkt\/znackovy-equipe-manacor-obklad-blue-moon-7-5x15-bal-0-5m2-eq-3-26901-46145\/#breadcrumb\"},\"inLanguage\":\"cs\",\"potentialAction\":[{\"@type\":\"ReadAction\",\"target\":[\"https:\/\/www.technodompro.com\/index.php\/produkt\/znackovy-equipe-manacor-obklad-blue-moon-7-5x15-bal-0-5m2-eq-3-26901-46145\/\"]}]},{\"@type\":\"ImageObject\",\"inLanguage\":\"cs\",\"@id\":\"https:\/\/www.technodompro.com\/index.php\/produkt\/znackovy-equipe-manacor-obklad-blue-moon-7-5x15-bal-0-5m2-eq-3-26901-46145\/#primaryimage\",\"url\":\"https:\/\/www.technodompro.com\/wp-content\/uploads\/2026\/SK0016456-CZ20260425-092632-0-1777080397-equipe-manacor-obklad-blue-moon-7-5x15-bal-0-5m2-eq-3-26901.webp\",\"contentUrl\":\"https:\/\/www.technodompro.com\/wp-content\/uploads\/2026\/SK0016456-CZ20260425-092632-0-1777080397-equipe-manacor-obklad-blue-moon-7-5x15-bal-0-5m2-eq-3-26901.webp\",\"width\":458,\"height\":600},{\"@type\":\"BreadcrumbList\",\"@id\":\"https:\/\/www.technodompro.com\/index.php\/produkt\/znackovy-equipe-manacor-obklad-blue-moon-7-5x15-bal-0-5m2-eq-3-26901-46145\/#breadcrumb\",\"itemListElement\":[{\"@type\":\"ListItem\",\"position\":1,\"name\":\"Home\",\"item\":\"https:\/\/www.technodompro.com\/\"},{\"@type\":\"ListItem\",\"position\":2,\"name\":\"Products\",\"item\":\"https:\/\/www.technodompro.com\/index.php\/products\/\"},{\"@type\":\"ListItem\",\"position\":3,\"name\":\"Zna\u010dkov\u00fd Equipe MANACOR obklad Blue Moon 7,5&#215;15 (bal=0,5m2) (EQ-3) &#8211; 26901\"}]},{\"@type\":\"WebSite\",\"@id\":\"https:\/\/www.technodompro.com\/#website\",\"url\":\"https:\/\/www.technodompro.com\/\",\"name\":\"\",\"description\":\"\",\"potentialAction\":[{\"@type\":\"SearchAction\",\"target\":{\"@type\":\"EntryPoint\",\"urlTemplate\":\"https:\/\/www.technodompro.com\/?s={search_term_string}\"},\"query-input\":{\"@type\":\"PropertyValueSpecification\",\"valueRequired\":true,\"valueName\":\"search_term_string\"}}],\"inLanguage\":\"cs\"}]}<\/script>\n<!-- \/ Yoast SEO plugin. -->","yoast_head_json":{"title":"Zna\u010dkov\u00fd Equipe MANACOR obklad Blue Moon 7,5x15 (bal=0,5m2) (EQ-3) - 26901 -","robots":{"index":"index","follow":"follow","max-snippet":"max-snippet:-1","max-image-preview":"max-image-preview:large","max-video-preview":"max-video-preview:-1"},"canonical":"https:\/\/www.technodompro.com\/index.php\/produkt\/znackovy-equipe-manacor-obklad-blue-moon-7-5x15-bal-0-5m2-eq-3-26901-46145\/","og_locale":"cs_CZ","og_type":"article","og_title":"Zna\u010dkov\u00fd Equipe MANACOR obklad Blue Moon 7,5x15 (bal=0,5m2) (EQ-3) - 26901 -","og_description":"Popis produktu Equipe MANACOR obklad Blue Moon 7,5&#215;15 (bal=0,5m2) (EQ-3) &#8211; 26901 Balen\u00ed: 1 ksPou\u017eit\u00ed: ObkladRozm\u011br: 7,5&#215;15 cmPovrch: LeskPo\u010det ks v balen\u00ed: 44Materi\u00e1l: KeramikaTlou\u0161\u0165ka: 9 mmBalen\u00ed obsahuje: 0.5 m2Z\u00e1ruka: 2 roky Vysv\u011btlivky Leskl\u00fd povrch Leskl\u00e1 glazura dla\u017edice. Obklad Dla\u017edice lze pou\u017e\u00edt pouze k aplikaci na st\u011bny (= jako obkl\u00e1da\u010dka).","og_url":"https:\/\/www.technodompro.com\/index.php\/produkt\/znackovy-equipe-manacor-obklad-blue-moon-7-5x15-bal-0-5m2-eq-3-26901-46145\/","og_image":[{"width":458,"height":600,"url":"https:\/\/www.technodompro.com\/wp-content\/uploads\/2026\/SK0016456-CZ20260425-092632-0-1777080397-equipe-manacor-obklad-blue-moon-7-5x15-bal-0-5m2-eq-3-26901.webp","type":"image\/webp"}],"twitter_card":"summary_large_image","schema":{"@context":"https:\/\/schema.org","@graph":[{"@type":"WebPage","@id":"https:\/\/www.technodompro.com\/index.php\/produkt\/znackovy-equipe-manacor-obklad-blue-moon-7-5x15-bal-0-5m2-eq-3-26901-46145\/","url":"https:\/\/www.technodompro.com\/index.php\/produkt\/znackovy-equipe-manacor-obklad-blue-moon-7-5x15-bal-0-5m2-eq-3-26901-46145\/","name":"Zna\u010dkov\u00fd Equipe MANACOR obklad Blue Moon 7,5x15 (bal=0,5m2) (EQ-3) - 26901 -","isPartOf":{"@id":"https:\/\/www.technodompro.com\/#website"},"primaryImageOfPage":{"@id":"https:\/\/www.technodompro.com\/index.php\/produkt\/znackovy-equipe-manacor-obklad-blue-moon-7-5x15-bal-0-5m2-eq-3-26901-46145\/#primaryimage"},"image":{"@id":"https:\/\/www.technodompro.com\/index.php\/produkt\/znackovy-equipe-manacor-obklad-blue-moon-7-5x15-bal-0-5m2-eq-3-26901-46145\/#primaryimage"},"thumbnailUrl":"https:\/\/www.technodompro.com\/wp-content\/uploads\/2026\/SK0016456-CZ20260425-092632-0-1777080397-equipe-manacor-obklad-blue-moon-7-5x15-bal-0-5m2-eq-3-26901.webp","datePublished":"2026-04-27T04:42:33+00:00","breadcrumb":{"@id":"https:\/\/www.technodompro.com\/index.php\/produkt\/znackovy-equipe-manacor-obklad-blue-moon-7-5x15-bal-0-5m2-eq-3-26901-46145\/#breadcrumb"},"inLanguage":"cs","potentialAction":[{"@type":"ReadAction","target":["https:\/\/www.technodompro.com\/index.php\/produkt\/znackovy-equipe-manacor-obklad-blue-moon-7-5x15-bal-0-5m2-eq-3-26901-46145\/"]}]},{"@type":"ImageObject","inLanguage":"cs","@id":"https:\/\/www.technodompro.com\/index.php\/produkt\/znackovy-equipe-manacor-obklad-blue-moon-7-5x15-bal-0-5m2-eq-3-26901-46145\/#primaryimage","url":"https:\/\/www.technodompro.com\/wp-content\/uploads\/2026\/SK0016456-CZ20260425-092632-0-1777080397-equipe-manacor-obklad-blue-moon-7-5x15-bal-0-5m2-eq-3-26901.webp","contentUrl":"https:\/\/www.technodompro.com\/wp-content\/uploads\/2026\/SK0016456-CZ20260425-092632-0-1777080397-equipe-manacor-obklad-blue-moon-7-5x15-bal-0-5m2-eq-3-26901.webp","width":458,"height":600},{"@type":"BreadcrumbList","@id":"https:\/\/www.technodompro.com\/index.php\/produkt\/znackovy-equipe-manacor-obklad-blue-moon-7-5x15-bal-0-5m2-eq-3-26901-46145\/#breadcrumb","itemListElement":[{"@type":"ListItem","position":1,"name":"Home","item":"https:\/\/www.technodompro.com\/"},{"@type":"ListItem","position":2,"name":"Products","item":"https:\/\/www.technodompro.com\/index.php\/products\/"},{"@type":"ListItem","position":3,"name":"Zna\u010dkov\u00fd Equipe MANACOR obklad Blue Moon 7,5&#215;15 (bal=0,5m2) (EQ-3) &#8211; 26901"}]},{"@type":"WebSite","@id":"https:\/\/www.technodompro.com\/#website","url":"https:\/\/www.technodompro.com\/","name":"","description":"","potentialAction":[{"@type":"SearchAction","target":{"@type":"EntryPoint","urlTemplate":"https:\/\/www.technodompro.com\/?s={search_term_string}"},"query-input":{"@type":"PropertyValueSpecification","valueRequired":true,"valueName":"search_term_string"}}],"inLanguage":"cs"}]}},"_links":{"self":[{"href":"https:\/\/www.technodompro.com\/index.php\/wp-json\/wp\/v2\/product\/46145","targetHints":{"allow":["GET"]}}],"collection":[{"href":"https:\/\/www.technodompro.com\/index.php\/wp-json\/wp\/v2\/product"}],"about":[{"href":"https:\/\/www.technodompro.com\/index.php\/wp-json\/wp\/v2\/types\/product"}],"replies":[{"embeddable":true,"href":"https:\/\/www.technodompro.com\/index.php\/wp-json\/wp\/v2\/comments?post=46145"}],"wp:featuredmedia":[{"embeddable":true,"href":"https:\/\/www.technodompro.com\/index.php\/wp-json\/wp\/v2\/media\/46245"}],"wp:attachment":[{"href":"https:\/\/www.technodompro.com\/index.php\/wp-json\/wp\/v2\/media?parent=46145"}],"wp:term":[{"taxonomy":"product_brand","embeddable":true,"href":"https:\/\/www.technodompro.com\/index.php\/wp-json\/wp\/v2\/product_brand?post=46145"},{"taxonomy":"product_cat","embeddable":true,"href":"https:\/\/www.technodompro.com\/index.php\/wp-json\/wp\/v2\/product_cat?post=46145"},{"taxonomy":"product_tag","embeddable":true,"href":"https:\/\/www.technodompro.com\/index.php\/wp-json\/wp\/v2\/product_tag?post=46145"}],"curies":[{"name":"wp","href":"https:\/\/api.w.org\/{rel}","templated":true}]}}