{"id":46896,"date":"2026-04-27T04:42:36","date_gmt":"2026-04-27T04:42:36","guid":{"rendered":""},"modified":"2026-04-27T04:42:36","modified_gmt":"2026-04-27T04:42:36","slug":"znackovy-wc-zavesne-bez-oplachoveho-kruhu-sat-infinitio-vcetne-prkenka-satinf011rrexp-46896","status":"publish","type":"product","link":"https:\/\/www.technodompro.com\/index.php\/produkt\/znackovy-wc-zavesne-bez-oplachoveho-kruhu-sat-infinitio-vcetne-prkenka-satinf011rrexp-46896\/","title":{"rendered":"Zna\u010dkov\u00fd Wc z\u00e1v\u011bsn\u00e9 bez oplachov\u00e9ho kruhu SAT Infinitio v\u010detn\u011b prk\u00e9nka SATINF011RREXP"},"content":{"rendered":"<div class=\"ProductDetail-content NoFixImageContainer\" id=\"productDescription\">\n<div class=\"Heading\">\n<h2 class=\"Heading-title\">Popis produktu <span class=''>Wc z\u00e1v\u011bsn\u00e9 bez oplachov\u00e9ho kruhu SAT Infinitio v\u010detn\u011b prk\u00e9nka SATINF011RREXP<\/span><\/h2>\n<\/p><\/div>\n<div class=\"ProductDetailContent\">\n<p><span style=\"font-size:16px\">Z\u00e1v\u011bsn\u00e9 WC SAT Infinitio z keramiky se zadn\u00edm odpadem v b\u00edl\u00e9 barv\u011b. Bezokrajov\u00e9 proveden\u00ed splachovac\u00ed okruhu (Rim-Ex) zabezpe\u010duje snadn\u011bj\u0161\u00ed \u00fadr\u017ebu toalety bez zbyte\u010dn\u00fdch dutin i&nbsp;z\u00e1hyb\u016f a napom\u00e1h\u00e1 k v\u011bt\u0161\u00ed \u010distot\u011b. Sou\u010d\u00e1st\u00ed balen\u00ed je tak\u00e9 sed\u00e1tko s funkc\u00ed pomal\u00e9ho skl\u00e1p\u011bn\u00ed (softclose). Skryt\u00e9 uchycen\u00ed WC m\u00edsy k n\u00e1dr\u017ece podtrhuje elegantn\u00ed design WC.<\/span><\/p>\n<h3>Technick\u00e9 parametry<\/h3>\n<ul>\n<li><strong>Materi\u00e1l:<\/strong> keramika<\/li>\n<li><strong>Barva:<\/strong> b\u00edl\u00e1<\/li>\n<li><strong>V\u00fdbava:<\/strong> se sed\u00e1tkem<\/li>\n<li><strong>Lesk\/mat:<\/strong> lesk<\/li>\n<li><strong>\u0160\u00ed\u0159ka:<\/strong> 36,5 cm<\/li>\n<li><strong>V\u00fd\u0161ka:<\/strong> 34 cm<\/li>\n<li><strong>Hloubka:<\/strong> 54 cm<\/li>\n<li><strong>Proveden\u00ed:<\/strong> z\u00e1v\u011bsn\u00e9<\/li>\n<li><strong>Splachov\u00e1n\u00ed:<\/strong> bez splachovac\u00edho okruhu<\/li>\n<li><strong>Druh odpadu:<\/strong> zadn\u00ed odpad<\/li>\n<li><strong>Mont\u00e1\u017en\u00ed sada:<\/strong> skryt\u00e9 uchycen\u00ed WC\/bidetu<\/li>\n<li><strong>Objem splachov\u00e1n\u00ed:<\/strong> 3 \/ 6 l<\/li>\n<\/ul><\/div>\n<div class=\"ProductDetailContent\">\n<div class=\"ProductDetailContent-item\">\n<div style=\"background-color:#f9f9f9; border-left:5px solid #4caf50; border-radius:8px; box-shadow:0 4px 12px rgba(0,0,0,0.1); font-family:Arial,sans-serif; margin-bottom:20px; padding:25px 20px 20px 20px; position:relative\"><!-- Ikona info v lev\u00e9m horn\u00edm rohu --><\/p>\n<div style=\"align-items:center; background-color:#4caf50; border-radius:50%; color:#ffffff; display:flex; font-size:18px; font-weight:bold; height:30px; justify-content:center; left:-10px; position:absolute; top:-10px; width:30px\">i<\/div>\n<h3 style=\"margin-left:15px\">Rimless, Rim-Ex, NoRim &#8211; WC bez oplachov\u00e9ho kruhu<\/h3>\n<p><strong>Rimless (NoRim, Rim-Ex) \u2013 WC toalety bez tradi\u010dn\u00edho oplachov\u00e9ho okruhu<\/strong> nab\u00edz\u00ed modern\u00ed design s <strong>hladk\u00fdm povrchem bez dutin a z\u00e1hyb\u016f<\/strong>. Oplachov\u00e1 voda je vedena speci\u00e1ln\u00edm rozd\u011blova\u010dem, kter\u00fd ji vypou\u0161t\u00ed z WC m\u00edsy. D\u00edky precizn\u011b navr\u017een\u00e9mu tvaru keramiky je vnit\u0159n\u00ed prostor dokonale opl\u00e1chnut\u00fd p\u0159i ka\u017ed\u00e9m spl\u00e1chnut\u00ed. Tento inovativn\u00ed syst\u00e9m zaji\u0161\u0165uje nejen efektivn\u00ed \u010di\u0161t\u011bn\u00ed, ale tak\u00e9 <strong>lep\u0161\u00ed hygienu<\/strong> a <strong>men\u0161\u00ed riziko usazov\u00e1n\u00ed ne\u010distot<\/strong>.<\/p>\n<h3>V\u00fdhody WC toalet bez oplachov\u00e9ho kruhu<\/h3>\n<p>\u2705 <strong>Lep\u0161\u00ed hygiena<\/strong> \u2013 D\u00edky absenci oplachov\u00e9ho kruhu se ne\u010distoty a bakterie nemaj\u00ed kde usazovat.<br \/>\u2705 <strong>Snadn\u00e1 \u00fadr\u017eba<\/strong> \u2013 Hladk\u00fd vnit\u0159n\u00ed povrch umo\u017e\u0148uje rychl\u00e9 a snadn\u00e9 \u010di\u0161t\u011bn\u00ed.<br \/>\u2705 <strong>Efektivn\u011bj\u0161\u00ed splachov\u00e1n\u00ed<\/strong> \u2013 Speci\u00e1ln\u00ed rozvod vody zajist\u00ed lep\u0161\u00ed oplach cel\u00e9 m\u00edsy.<br \/>\u2705 <strong>Modern\u00ed design<\/strong> \u2013 Minimalistick\u00fd vzhled bez zbyte\u010dn\u00fdch hran p\u016fsob\u00ed elegantn\u011b.<br \/>\u2705 <strong>M\u00e9n\u011b \u010distic\u00edch prost\u0159edk\u016f<\/strong> \u2013 D\u00edky efektivn\u00edmu oplachu nen\u00ed nutn\u00e9 tak \u010dasto pou\u017e\u00edvat agresivn\u00ed chemii.<br \/>\u2705 <strong>Ekologi\u010dt\u011bj\u0161\u00ed provoz<\/strong> \u2013 \u00da\u010dinn\u00e9 splachov\u00e1n\u00ed \u010dasto znamen\u00e1 ni\u017e\u0161\u00ed spot\u0159ebu vody.<\/p>\n<p><strong>WC bez oplachov\u00e9ho kruhu<\/strong> je skv\u011blou volbou pro ty, kte\u0159\u00ed cht\u011bj\u00ed <strong>\u010dist\u0161\u00ed a hygieni\u010dt\u011bj\u0161\u00ed toaletu<\/strong> s modern\u00edm designem.<\/p>\n<\/div>\n<\/p><\/div>\n<\/p><\/div>\n<\/p><\/div>\n<\/p><\/div>\n<\/p><\/div>\n","protected":false},"excerpt":{"rendered":"<p>Popis produktu Wc z\u00e1v\u011bsn\u00e9 bez oplachov\u00e9ho kruhu SAT Infinitio v\u010detn\u011b prk\u00e9nka SATINF011RREXP Z\u00e1v\u011bsn\u00e9 WC SAT Infinitio z keramiky se zadn\u00edm odpadem v b\u00edl\u00e9 barv\u011b. Bezokrajov\u00e9 proveden\u00ed splachovac\u00ed okruhu (Rim-Ex) zabezpe\u010duje snadn\u011bj\u0161\u00ed \u00fadr\u017ebu toalety bez zbyte\u010dn\u00fdch dutin i&nbsp;z\u00e1hyb\u016f a napom\u00e1h\u00e1 k v\u011bt\u0161\u00ed \u010distot\u011b. Sou\u010d\u00e1st\u00ed balen\u00ed je tak\u00e9 sed\u00e1tko s funkc\u00ed pomal\u00e9ho skl\u00e1p\u011bn\u00ed (softclose). Skryt\u00e9 uchycen\u00ed WC [&hellip;]<\/p>\n","protected":false},"featured_media":46996,"comment_status":"open","ping_status":"open","template":"","meta":[],"product_brand":[],"product_cat":[72],"product_tag":[],"class_list":{"0":"post-46896","1":"product","2":"type-product","3":"status-publish","4":"has-post-thumbnail","6":"product_cat-koupelny","8":"first","9":"instock","10":"sale","11":"shipping-taxable","12":"purchasable","13":"product-type-simple"},"yoast_head":"<!-- This site is optimized with the Yoast SEO plugin v26.8 - https:\/\/yoast.com\/product\/yoast-seo-wordpress\/ -->\n<title>Zna\u010dkov\u00fd Wc z\u00e1v\u011bsn\u00e9 bez oplachov\u00e9ho kruhu SAT Infinitio v\u010detn\u011b prk\u00e9nka SATINF011RREXP -<\/title>\n<meta name=\"robots\" content=\"index, follow, max-snippet:-1, max-image-preview:large, max-video-preview:-1\" \/>\n<link rel=\"canonical\" href=\"https:\/\/www.technodompro.com\/index.php\/produkt\/znackovy-wc-zavesne-bez-oplachoveho-kruhu-sat-infinitio-vcetne-prkenka-satinf011rrexp-46896\/\" \/>\n<meta property=\"og:locale\" content=\"cs_CZ\" \/>\n<meta property=\"og:type\" content=\"article\" \/>\n<meta property=\"og:title\" content=\"Zna\u010dkov\u00fd Wc z\u00e1v\u011bsn\u00e9 bez oplachov\u00e9ho kruhu SAT Infinitio v\u010detn\u011b prk\u00e9nka SATINF011RREXP -\" \/>\n<meta property=\"og:description\" content=\"Popis produktu Wc z\u00e1v\u011bsn\u00e9 bez oplachov\u00e9ho kruhu SAT Infinitio v\u010detn\u011b prk\u00e9nka SATINF011RREXP Z\u00e1v\u011bsn\u00e9 WC SAT Infinitio z keramiky se zadn\u00edm odpadem v b\u00edl\u00e9 barv\u011b. Bezokrajov\u00e9 proveden\u00ed splachovac\u00ed okruhu (Rim-Ex) zabezpe\u010duje snadn\u011bj\u0161\u00ed \u00fadr\u017ebu toalety bez zbyte\u010dn\u00fdch dutin i&nbsp;z\u00e1hyb\u016f a napom\u00e1h\u00e1 k v\u011bt\u0161\u00ed \u010distot\u011b. Sou\u010d\u00e1st\u00ed balen\u00ed je tak\u00e9 sed\u00e1tko s funkc\u00ed pomal\u00e9ho skl\u00e1p\u011bn\u00ed (softclose). Skryt\u00e9 uchycen\u00ed WC [&hellip;]\" \/>\n<meta property=\"og:url\" content=\"https:\/\/www.technodompro.com\/index.php\/produkt\/znackovy-wc-zavesne-bez-oplachoveho-kruhu-sat-infinitio-vcetne-prkenka-satinf011rrexp-46896\/\" \/>\n<meta property=\"og:image\" content=\"https:\/\/www.technodompro.com\/wp-content\/uploads\/2026\/SK0016851-CZ20260425-092632-0-1777080397-wc-zavesne-bez-oplachoveho-kruhu-sat-infinitio-vcetne-prken.webp\" \/>\n\t<meta property=\"og:image:width\" content=\"600\" \/>\n\t<meta property=\"og:image:height\" content=\"600\" \/>\n\t<meta property=\"og:image:type\" content=\"image\/webp\" \/>\n<meta name=\"twitter:card\" content=\"summary_large_image\" \/>\n<meta name=\"twitter:label1\" content=\"Odhadovan\u00e1 doba \u010dten\u00ed\" \/>\n\t<meta name=\"twitter:data1\" content=\"2 minuty\" \/>\n<script type=\"application\/ld+json\" class=\"yoast-schema-graph\">{\"@context\":\"https:\/\/schema.org\",\"@graph\":[{\"@type\":\"WebPage\",\"@id\":\"https:\/\/www.technodompro.com\/index.php\/produkt\/znackovy-wc-zavesne-bez-oplachoveho-kruhu-sat-infinitio-vcetne-prkenka-satinf011rrexp-46896\/\",\"url\":\"https:\/\/www.technodompro.com\/index.php\/produkt\/znackovy-wc-zavesne-bez-oplachoveho-kruhu-sat-infinitio-vcetne-prkenka-satinf011rrexp-46896\/\",\"name\":\"Zna\u010dkov\u00fd Wc z\u00e1v\u011bsn\u00e9 bez oplachov\u00e9ho kruhu SAT Infinitio v\u010detn\u011b prk\u00e9nka SATINF011RREXP -\",\"isPartOf\":{\"@id\":\"https:\/\/www.technodompro.com\/#website\"},\"primaryImageOfPage\":{\"@id\":\"https:\/\/www.technodompro.com\/index.php\/produkt\/znackovy-wc-zavesne-bez-oplachoveho-kruhu-sat-infinitio-vcetne-prkenka-satinf011rrexp-46896\/#primaryimage\"},\"image\":{\"@id\":\"https:\/\/www.technodompro.com\/index.php\/produkt\/znackovy-wc-zavesne-bez-oplachoveho-kruhu-sat-infinitio-vcetne-prkenka-satinf011rrexp-46896\/#primaryimage\"},\"thumbnailUrl\":\"https:\/\/www.technodompro.com\/wp-content\/uploads\/2026\/SK0016851-CZ20260425-092632-0-1777080397-wc-zavesne-bez-oplachoveho-kruhu-sat-infinitio-vcetne-prken.webp\",\"datePublished\":\"2026-04-27T04:42:36+00:00\",\"breadcrumb\":{\"@id\":\"https:\/\/www.technodompro.com\/index.php\/produkt\/znackovy-wc-zavesne-bez-oplachoveho-kruhu-sat-infinitio-vcetne-prkenka-satinf011rrexp-46896\/#breadcrumb\"},\"inLanguage\":\"cs\",\"potentialAction\":[{\"@type\":\"ReadAction\",\"target\":[\"https:\/\/www.technodompro.com\/index.php\/produkt\/znackovy-wc-zavesne-bez-oplachoveho-kruhu-sat-infinitio-vcetne-prkenka-satinf011rrexp-46896\/\"]}]},{\"@type\":\"ImageObject\",\"inLanguage\":\"cs\",\"@id\":\"https:\/\/www.technodompro.com\/index.php\/produkt\/znackovy-wc-zavesne-bez-oplachoveho-kruhu-sat-infinitio-vcetne-prkenka-satinf011rrexp-46896\/#primaryimage\",\"url\":\"https:\/\/www.technodompro.com\/wp-content\/uploads\/2026\/SK0016851-CZ20260425-092632-0-1777080397-wc-zavesne-bez-oplachoveho-kruhu-sat-infinitio-vcetne-prken.webp\",\"contentUrl\":\"https:\/\/www.technodompro.com\/wp-content\/uploads\/2026\/SK0016851-CZ20260425-092632-0-1777080397-wc-zavesne-bez-oplachoveho-kruhu-sat-infinitio-vcetne-prken.webp\",\"width\":600,\"height\":600},{\"@type\":\"BreadcrumbList\",\"@id\":\"https:\/\/www.technodompro.com\/index.php\/produkt\/znackovy-wc-zavesne-bez-oplachoveho-kruhu-sat-infinitio-vcetne-prkenka-satinf011rrexp-46896\/#breadcrumb\",\"itemListElement\":[{\"@type\":\"ListItem\",\"position\":1,\"name\":\"Home\",\"item\":\"https:\/\/www.technodompro.com\/\"},{\"@type\":\"ListItem\",\"position\":2,\"name\":\"Products\",\"item\":\"https:\/\/www.technodompro.com\/index.php\/products\/\"},{\"@type\":\"ListItem\",\"position\":3,\"name\":\"Zna\u010dkov\u00fd Wc z\u00e1v\u011bsn\u00e9 bez oplachov\u00e9ho kruhu SAT Infinitio v\u010detn\u011b prk\u00e9nka SATINF011RREXP\"}]},{\"@type\":\"WebSite\",\"@id\":\"https:\/\/www.technodompro.com\/#website\",\"url\":\"https:\/\/www.technodompro.com\/\",\"name\":\"\",\"description\":\"\",\"potentialAction\":[{\"@type\":\"SearchAction\",\"target\":{\"@type\":\"EntryPoint\",\"urlTemplate\":\"https:\/\/www.technodompro.com\/?s={search_term_string}\"},\"query-input\":{\"@type\":\"PropertyValueSpecification\",\"valueRequired\":true,\"valueName\":\"search_term_string\"}}],\"inLanguage\":\"cs\"}]}<\/script>\n<!-- \/ Yoast SEO plugin. -->","yoast_head_json":{"title":"Zna\u010dkov\u00fd Wc z\u00e1v\u011bsn\u00e9 bez oplachov\u00e9ho kruhu SAT Infinitio v\u010detn\u011b prk\u00e9nka SATINF011RREXP -","robots":{"index":"index","follow":"follow","max-snippet":"max-snippet:-1","max-image-preview":"max-image-preview:large","max-video-preview":"max-video-preview:-1"},"canonical":"https:\/\/www.technodompro.com\/index.php\/produkt\/znackovy-wc-zavesne-bez-oplachoveho-kruhu-sat-infinitio-vcetne-prkenka-satinf011rrexp-46896\/","og_locale":"cs_CZ","og_type":"article","og_title":"Zna\u010dkov\u00fd Wc z\u00e1v\u011bsn\u00e9 bez oplachov\u00e9ho kruhu SAT Infinitio v\u010detn\u011b prk\u00e9nka SATINF011RREXP -","og_description":"Popis produktu Wc z\u00e1v\u011bsn\u00e9 bez oplachov\u00e9ho kruhu SAT Infinitio v\u010detn\u011b prk\u00e9nka SATINF011RREXP Z\u00e1v\u011bsn\u00e9 WC SAT Infinitio z keramiky se zadn\u00edm odpadem v b\u00edl\u00e9 barv\u011b. Bezokrajov\u00e9 proveden\u00ed splachovac\u00ed okruhu (Rim-Ex) zabezpe\u010duje snadn\u011bj\u0161\u00ed \u00fadr\u017ebu toalety bez zbyte\u010dn\u00fdch dutin i&nbsp;z\u00e1hyb\u016f a napom\u00e1h\u00e1 k v\u011bt\u0161\u00ed \u010distot\u011b. Sou\u010d\u00e1st\u00ed balen\u00ed je tak\u00e9 sed\u00e1tko s funkc\u00ed pomal\u00e9ho skl\u00e1p\u011bn\u00ed (softclose). Skryt\u00e9 uchycen\u00ed WC [&hellip;]","og_url":"https:\/\/www.technodompro.com\/index.php\/produkt\/znackovy-wc-zavesne-bez-oplachoveho-kruhu-sat-infinitio-vcetne-prkenka-satinf011rrexp-46896\/","og_image":[{"width":600,"height":600,"url":"https:\/\/www.technodompro.com\/wp-content\/uploads\/2026\/SK0016851-CZ20260425-092632-0-1777080397-wc-zavesne-bez-oplachoveho-kruhu-sat-infinitio-vcetne-prken.webp","type":"image\/webp"}],"twitter_card":"summary_large_image","twitter_misc":{"Odhadovan\u00e1 doba \u010dten\u00ed":"2 minuty"},"schema":{"@context":"https:\/\/schema.org","@graph":[{"@type":"WebPage","@id":"https:\/\/www.technodompro.com\/index.php\/produkt\/znackovy-wc-zavesne-bez-oplachoveho-kruhu-sat-infinitio-vcetne-prkenka-satinf011rrexp-46896\/","url":"https:\/\/www.technodompro.com\/index.php\/produkt\/znackovy-wc-zavesne-bez-oplachoveho-kruhu-sat-infinitio-vcetne-prkenka-satinf011rrexp-46896\/","name":"Zna\u010dkov\u00fd Wc z\u00e1v\u011bsn\u00e9 bez oplachov\u00e9ho kruhu SAT Infinitio v\u010detn\u011b prk\u00e9nka SATINF011RREXP -","isPartOf":{"@id":"https:\/\/www.technodompro.com\/#website"},"primaryImageOfPage":{"@id":"https:\/\/www.technodompro.com\/index.php\/produkt\/znackovy-wc-zavesne-bez-oplachoveho-kruhu-sat-infinitio-vcetne-prkenka-satinf011rrexp-46896\/#primaryimage"},"image":{"@id":"https:\/\/www.technodompro.com\/index.php\/produkt\/znackovy-wc-zavesne-bez-oplachoveho-kruhu-sat-infinitio-vcetne-prkenka-satinf011rrexp-46896\/#primaryimage"},"thumbnailUrl":"https:\/\/www.technodompro.com\/wp-content\/uploads\/2026\/SK0016851-CZ20260425-092632-0-1777080397-wc-zavesne-bez-oplachoveho-kruhu-sat-infinitio-vcetne-prken.webp","datePublished":"2026-04-27T04:42:36+00:00","breadcrumb":{"@id":"https:\/\/www.technodompro.com\/index.php\/produkt\/znackovy-wc-zavesne-bez-oplachoveho-kruhu-sat-infinitio-vcetne-prkenka-satinf011rrexp-46896\/#breadcrumb"},"inLanguage":"cs","potentialAction":[{"@type":"ReadAction","target":["https:\/\/www.technodompro.com\/index.php\/produkt\/znackovy-wc-zavesne-bez-oplachoveho-kruhu-sat-infinitio-vcetne-prkenka-satinf011rrexp-46896\/"]}]},{"@type":"ImageObject","inLanguage":"cs","@id":"https:\/\/www.technodompro.com\/index.php\/produkt\/znackovy-wc-zavesne-bez-oplachoveho-kruhu-sat-infinitio-vcetne-prkenka-satinf011rrexp-46896\/#primaryimage","url":"https:\/\/www.technodompro.com\/wp-content\/uploads\/2026\/SK0016851-CZ20260425-092632-0-1777080397-wc-zavesne-bez-oplachoveho-kruhu-sat-infinitio-vcetne-prken.webp","contentUrl":"https:\/\/www.technodompro.com\/wp-content\/uploads\/2026\/SK0016851-CZ20260425-092632-0-1777080397-wc-zavesne-bez-oplachoveho-kruhu-sat-infinitio-vcetne-prken.webp","width":600,"height":600},{"@type":"BreadcrumbList","@id":"https:\/\/www.technodompro.com\/index.php\/produkt\/znackovy-wc-zavesne-bez-oplachoveho-kruhu-sat-infinitio-vcetne-prkenka-satinf011rrexp-46896\/#breadcrumb","itemListElement":[{"@type":"ListItem","position":1,"name":"Home","item":"https:\/\/www.technodompro.com\/"},{"@type":"ListItem","position":2,"name":"Products","item":"https:\/\/www.technodompro.com\/index.php\/products\/"},{"@type":"ListItem","position":3,"name":"Zna\u010dkov\u00fd Wc z\u00e1v\u011bsn\u00e9 bez oplachov\u00e9ho kruhu SAT Infinitio v\u010detn\u011b prk\u00e9nka SATINF011RREXP"}]},{"@type":"WebSite","@id":"https:\/\/www.technodompro.com\/#website","url":"https:\/\/www.technodompro.com\/","name":"","description":"","potentialAction":[{"@type":"SearchAction","target":{"@type":"EntryPoint","urlTemplate":"https:\/\/www.technodompro.com\/?s={search_term_string}"},"query-input":{"@type":"PropertyValueSpecification","valueRequired":true,"valueName":"search_term_string"}}],"inLanguage":"cs"}]}},"_links":{"self":[{"href":"https:\/\/www.technodompro.com\/index.php\/wp-json\/wp\/v2\/product\/46896","targetHints":{"allow":["GET"]}}],"collection":[{"href":"https:\/\/www.technodompro.com\/index.php\/wp-json\/wp\/v2\/product"}],"about":[{"href":"https:\/\/www.technodompro.com\/index.php\/wp-json\/wp\/v2\/types\/product"}],"replies":[{"embeddable":true,"href":"https:\/\/www.technodompro.com\/index.php\/wp-json\/wp\/v2\/comments?post=46896"}],"wp:featuredmedia":[{"embeddable":true,"href":"https:\/\/www.technodompro.com\/index.php\/wp-json\/wp\/v2\/media\/46996"}],"wp:attachment":[{"href":"https:\/\/www.technodompro.com\/index.php\/wp-json\/wp\/v2\/media?parent=46896"}],"wp:term":[{"taxonomy":"product_brand","embeddable":true,"href":"https:\/\/www.technodompro.com\/index.php\/wp-json\/wp\/v2\/product_brand?post=46896"},{"taxonomy":"product_cat","embeddable":true,"href":"https:\/\/www.technodompro.com\/index.php\/wp-json\/wp\/v2\/product_cat?post=46896"},{"taxonomy":"product_tag","embeddable":true,"href":"https:\/\/www.technodompro.com\/index.php\/wp-json\/wp\/v2\/product_tag?post=46896"}],"curies":[{"name":"wp","href":"https:\/\/api.w.org\/{rel}","templated":true}]}}