{"id":46948,"date":"2026-04-27T04:42:36","date_gmt":"2026-04-27T04:42:36","guid":{"rendered":""},"modified":"2026-04-27T04:42:36","modified_gmt":"2026-04-27T04:42:36","slug":"znackovy-mereo-aira-koupelnova-skrinka-s-dvojumyvadlem-z-liteho-mramoru-121cm-dub-cn723m-46948","status":"publish","type":"product","link":"https:\/\/www.technodompro.com\/index.php\/produkt\/znackovy-mereo-aira-koupelnova-skrinka-s-dvojumyvadlem-z-liteho-mramoru-121cm-dub-cn723m-46948\/","title":{"rendered":"Zna\u010dkov\u00fd Mereo Aira Koupelnov\u00e1 sk\u0159\u00ed\u0148ka s dvojumyvadlem z lit\u00e9ho mramoru 121cm dub &#8211; CN723M"},"content":{"rendered":"<div class=\"ProductDetail-content NoFixImageContainer\" id=\"productDescription\">\n<div class=\"Heading\">\n<h2 class=\"Heading-title\">Popis produktu <span class=''>Mereo Aira Koupelnov\u00e1 sk\u0159\u00ed\u0148ka s dvojumyvadlem z lit\u00e9ho mramoru 121cm dub &#8211; CN723M<\/span><\/h2>\n<\/p><\/div>\n<div class=\"ProductDetailContent\">                                                                    <\/div>\n<div class=\"ProductDetailContent\">\n<div class=\"ProductDetailContent-item\">                                            S\u00e9rie koupelnov\u00e9ho n\u00e1bytku Aira umo\u017e\u0148uje kombinovat horn\u00ed i spodn\u00ed sk\u0159\u00ed\u0148ky do mnoha r\u016fzn\u00fdch variant. Vytvo\u0159it tak lze jak slo\u017eit\u00e9 kombinace do velk\u00fdch koupelen, tak minimalistick\u00e9 \u0159e\u0161en\u00ed v modern\u00edm designu. Otev\u00edr\u00e1n\u00ed z\u00e1suvek a dv\u00ed\u0159ek je \u0159e\u0161eno syst\u00e9mem push-open, tedy otev\u00edr\u00e1n\u00edm, bez \u00fachytek. \u0160upl\u00edky jsou osazeny pojezdy s pomal\u00fdm dov\u00edr\u00e1n\u00edm. Na v\u00fdb\u011br je ze \u010dty\u0159 barevn\u00fdch kombinac\u00ed, b\u00edl\u00e1 lesk, dub Kronberg, dub Halifax a antracit. Sk\u0159\u00ed\u0148ky jsou dod\u00e1v\u00e1ny smontovan\u00e9 a v\u0161echny jsou ur\u010den\u00e9 k zav\u011b\u0161en\u00ed.<\/p>\n<p>N\u00e1bytkov\u00e1 umyvadla z lit\u00e9ho mramoru s jedn\u00edm otvorem pro stoj\u00e1nkovou baterii v luxusn\u00edm designu o tlou\u0161\u0165ce hrany 50 mm. S t\u011bmito umyvadly se spln\u00ed Va\u0161e po\u017eadavky na jednoduch\u00e9 a z\u00e1rove\u0148 atraktivn\u00ed vybaven\u00ed koupelny za atraktivn\u00ed ceny. Benefity t\u011bchto umyvadel jsou bezesporu funk\u010dnost a l\u00edbiv\u00fd vzhled. <\/p>\n<p>Umyvadlo z lit\u00e9ho mramoru je o\u0161et\u0159eno povrchovou \u00fapravou Gel coat. Jedn\u00e1 se o ochrannou vrstvu, kter\u00e1 zaji\u0161\u0165uje st\u00e1lobarevnost a zvy\u0161uje odolnost proti n\u00e1razu. Umyvadlo je ur\u010deno pro n\u00e1bytek, nelze instalovat samostatn\u011b na ze\u010f. Z\u00e1pustn\u00e1 umyvadla podpo\u0159\u00ed modern\u00ed a elegantn\u00ed vzhled ka\u017ed\u00e9 koupelny a dolad\u00ed tak celkov\u00fd design interi\u00e9ru. Umyvadla lze osadit do desky i ve v\u00edce kusech vedle sebe.                                        <\/p><\/div>\n<div class=\"ProductDetailContent-item\">\n<ul>\n<li>Typ: <strong>S dvojumyvadlem<\/strong><\/li>\n<li>Barva: <strong>Dub Kronberg<\/strong><\/li>\n<li>S\u00e9rie: <strong>Aira<\/strong><\/li>\n<li>\u0160\u00ed\u0159ka: <strong>1210 mm<\/strong><\/li>\n<li>Hloubka: <strong>465 mm<\/strong><\/li>\n<li>Um\u00edst\u011bn\u00ed: <strong>K zav\u011b\u0161en\u00ed<\/strong><\/li>\n<li>D\u00e9lka\/V\u00fd\u0161ka: <strong>578 mm<\/strong><\/li>\n<\/ul><\/div>\n<\/p><\/div>\n<\/p><\/div>\n<\/p><\/div>\n<\/p><\/div>\n","protected":false},"excerpt":{"rendered":"<p>Popis produktu Mereo Aira Koupelnov\u00e1 sk\u0159\u00ed\u0148ka s dvojumyvadlem z lit\u00e9ho mramoru 121cm dub &#8211; CN723M S\u00e9rie koupelnov\u00e9ho n\u00e1bytku Aira umo\u017e\u0148uje kombinovat horn\u00ed i spodn\u00ed sk\u0159\u00ed\u0148ky do mnoha r\u016fzn\u00fdch variant. Vytvo\u0159it tak lze jak slo\u017eit\u00e9 kombinace do velk\u00fdch koupelen, tak minimalistick\u00e9 \u0159e\u0161en\u00ed v modern\u00edm designu. Otev\u00edr\u00e1n\u00ed z\u00e1suvek a dv\u00ed\u0159ek je \u0159e\u0161eno syst\u00e9mem push-open, tedy otev\u00edr\u00e1n\u00edm, bez [&hellip;]<\/p>\n","protected":false},"featured_media":47048,"comment_status":"open","ping_status":"open","template":"","meta":[],"product_brand":[],"product_cat":[72],"product_tag":[],"class_list":{"0":"post-46948","1":"product","2":"type-product","3":"status-publish","4":"has-post-thumbnail","6":"product_cat-koupelny","8":"first","9":"instock","10":"sale","11":"shipping-taxable","12":"purchasable","13":"product-type-simple"},"yoast_head":"<!-- This site is optimized with the Yoast SEO plugin v26.8 - https:\/\/yoast.com\/product\/yoast-seo-wordpress\/ -->\n<title>Zna\u010dkov\u00fd Mereo Aira Koupelnov\u00e1 sk\u0159\u00ed\u0148ka s dvojumyvadlem z lit\u00e9ho mramoru 121cm dub - CN723M -<\/title>\n<meta name=\"robots\" content=\"index, follow, max-snippet:-1, max-image-preview:large, max-video-preview:-1\" \/>\n<link rel=\"canonical\" href=\"https:\/\/www.technodompro.com\/index.php\/produkt\/znackovy-mereo-aira-koupelnova-skrinka-s-dvojumyvadlem-z-liteho-mramoru-121cm-dub-cn723m-46948\/\" \/>\n<meta property=\"og:locale\" content=\"cs_CZ\" \/>\n<meta property=\"og:type\" content=\"article\" \/>\n<meta property=\"og:title\" content=\"Zna\u010dkov\u00fd Mereo Aira Koupelnov\u00e1 sk\u0159\u00ed\u0148ka s dvojumyvadlem z lit\u00e9ho mramoru 121cm dub - CN723M -\" \/>\n<meta property=\"og:description\" content=\"Popis produktu Mereo Aira Koupelnov\u00e1 sk\u0159\u00ed\u0148ka s dvojumyvadlem z lit\u00e9ho mramoru 121cm dub &#8211; CN723M S\u00e9rie koupelnov\u00e9ho n\u00e1bytku Aira umo\u017e\u0148uje kombinovat horn\u00ed i spodn\u00ed sk\u0159\u00ed\u0148ky do mnoha r\u016fzn\u00fdch variant. Vytvo\u0159it tak lze jak slo\u017eit\u00e9 kombinace do velk\u00fdch koupelen, tak minimalistick\u00e9 \u0159e\u0161en\u00ed v modern\u00edm designu. Otev\u00edr\u00e1n\u00ed z\u00e1suvek a dv\u00ed\u0159ek je \u0159e\u0161eno syst\u00e9mem push-open, tedy otev\u00edr\u00e1n\u00edm, bez [&hellip;]\" \/>\n<meta property=\"og:url\" content=\"https:\/\/www.technodompro.com\/index.php\/produkt\/znackovy-mereo-aira-koupelnova-skrinka-s-dvojumyvadlem-z-liteho-mramoru-121cm-dub-cn723m-46948\/\" \/>\n<meta property=\"og:image\" content=\"https:\/\/www.technodompro.com\/wp-content\/uploads\/2026\/SK0016904-CZ20260425-092632-0-1777080397-mereo-aira-koupelnova-skrinka-s-dvojumyvadlem-z-liteho-mram.webp\" \/>\n\t<meta property=\"og:image:width\" content=\"600\" \/>\n\t<meta property=\"og:image:height\" content=\"600\" \/>\n\t<meta property=\"og:image:type\" content=\"image\/webp\" \/>\n<meta name=\"twitter:card\" content=\"summary_large_image\" \/>\n<meta name=\"twitter:label1\" content=\"Odhadovan\u00e1 doba \u010dten\u00ed\" \/>\n\t<meta name=\"twitter:data1\" content=\"1 minuta\" \/>\n<script type=\"application\/ld+json\" class=\"yoast-schema-graph\">{\"@context\":\"https:\/\/schema.org\",\"@graph\":[{\"@type\":\"WebPage\",\"@id\":\"https:\/\/www.technodompro.com\/index.php\/produkt\/znackovy-mereo-aira-koupelnova-skrinka-s-dvojumyvadlem-z-liteho-mramoru-121cm-dub-cn723m-46948\/\",\"url\":\"https:\/\/www.technodompro.com\/index.php\/produkt\/znackovy-mereo-aira-koupelnova-skrinka-s-dvojumyvadlem-z-liteho-mramoru-121cm-dub-cn723m-46948\/\",\"name\":\"Zna\u010dkov\u00fd Mereo Aira Koupelnov\u00e1 sk\u0159\u00ed\u0148ka s dvojumyvadlem z lit\u00e9ho mramoru 121cm dub - CN723M -\",\"isPartOf\":{\"@id\":\"https:\/\/www.technodompro.com\/#website\"},\"primaryImageOfPage\":{\"@id\":\"https:\/\/www.technodompro.com\/index.php\/produkt\/znackovy-mereo-aira-koupelnova-skrinka-s-dvojumyvadlem-z-liteho-mramoru-121cm-dub-cn723m-46948\/#primaryimage\"},\"image\":{\"@id\":\"https:\/\/www.technodompro.com\/index.php\/produkt\/znackovy-mereo-aira-koupelnova-skrinka-s-dvojumyvadlem-z-liteho-mramoru-121cm-dub-cn723m-46948\/#primaryimage\"},\"thumbnailUrl\":\"https:\/\/www.technodompro.com\/wp-content\/uploads\/2026\/SK0016904-CZ20260425-092632-0-1777080397-mereo-aira-koupelnova-skrinka-s-dvojumyvadlem-z-liteho-mram.webp\",\"datePublished\":\"2026-04-27T04:42:36+00:00\",\"breadcrumb\":{\"@id\":\"https:\/\/www.technodompro.com\/index.php\/produkt\/znackovy-mereo-aira-koupelnova-skrinka-s-dvojumyvadlem-z-liteho-mramoru-121cm-dub-cn723m-46948\/#breadcrumb\"},\"inLanguage\":\"cs\",\"potentialAction\":[{\"@type\":\"ReadAction\",\"target\":[\"https:\/\/www.technodompro.com\/index.php\/produkt\/znackovy-mereo-aira-koupelnova-skrinka-s-dvojumyvadlem-z-liteho-mramoru-121cm-dub-cn723m-46948\/\"]}]},{\"@type\":\"ImageObject\",\"inLanguage\":\"cs\",\"@id\":\"https:\/\/www.technodompro.com\/index.php\/produkt\/znackovy-mereo-aira-koupelnova-skrinka-s-dvojumyvadlem-z-liteho-mramoru-121cm-dub-cn723m-46948\/#primaryimage\",\"url\":\"https:\/\/www.technodompro.com\/wp-content\/uploads\/2026\/SK0016904-CZ20260425-092632-0-1777080397-mereo-aira-koupelnova-skrinka-s-dvojumyvadlem-z-liteho-mram.webp\",\"contentUrl\":\"https:\/\/www.technodompro.com\/wp-content\/uploads\/2026\/SK0016904-CZ20260425-092632-0-1777080397-mereo-aira-koupelnova-skrinka-s-dvojumyvadlem-z-liteho-mram.webp\",\"width\":600,\"height\":600},{\"@type\":\"BreadcrumbList\",\"@id\":\"https:\/\/www.technodompro.com\/index.php\/produkt\/znackovy-mereo-aira-koupelnova-skrinka-s-dvojumyvadlem-z-liteho-mramoru-121cm-dub-cn723m-46948\/#breadcrumb\",\"itemListElement\":[{\"@type\":\"ListItem\",\"position\":1,\"name\":\"Home\",\"item\":\"https:\/\/www.technodompro.com\/\"},{\"@type\":\"ListItem\",\"position\":2,\"name\":\"Products\",\"item\":\"https:\/\/www.technodompro.com\/index.php\/products\/\"},{\"@type\":\"ListItem\",\"position\":3,\"name\":\"Zna\u010dkov\u00fd Mereo Aira Koupelnov\u00e1 sk\u0159\u00ed\u0148ka s dvojumyvadlem z lit\u00e9ho mramoru 121cm dub &#8211; CN723M\"}]},{\"@type\":\"WebSite\",\"@id\":\"https:\/\/www.technodompro.com\/#website\",\"url\":\"https:\/\/www.technodompro.com\/\",\"name\":\"\",\"description\":\"\",\"potentialAction\":[{\"@type\":\"SearchAction\",\"target\":{\"@type\":\"EntryPoint\",\"urlTemplate\":\"https:\/\/www.technodompro.com\/?s={search_term_string}\"},\"query-input\":{\"@type\":\"PropertyValueSpecification\",\"valueRequired\":true,\"valueName\":\"search_term_string\"}}],\"inLanguage\":\"cs\"}]}<\/script>\n<!-- \/ Yoast SEO plugin. -->","yoast_head_json":{"title":"Zna\u010dkov\u00fd Mereo Aira Koupelnov\u00e1 sk\u0159\u00ed\u0148ka s dvojumyvadlem z lit\u00e9ho mramoru 121cm dub - CN723M -","robots":{"index":"index","follow":"follow","max-snippet":"max-snippet:-1","max-image-preview":"max-image-preview:large","max-video-preview":"max-video-preview:-1"},"canonical":"https:\/\/www.technodompro.com\/index.php\/produkt\/znackovy-mereo-aira-koupelnova-skrinka-s-dvojumyvadlem-z-liteho-mramoru-121cm-dub-cn723m-46948\/","og_locale":"cs_CZ","og_type":"article","og_title":"Zna\u010dkov\u00fd Mereo Aira Koupelnov\u00e1 sk\u0159\u00ed\u0148ka s dvojumyvadlem z lit\u00e9ho mramoru 121cm dub - CN723M -","og_description":"Popis produktu Mereo Aira Koupelnov\u00e1 sk\u0159\u00ed\u0148ka s dvojumyvadlem z lit\u00e9ho mramoru 121cm dub &#8211; CN723M S\u00e9rie koupelnov\u00e9ho n\u00e1bytku Aira umo\u017e\u0148uje kombinovat horn\u00ed i spodn\u00ed sk\u0159\u00ed\u0148ky do mnoha r\u016fzn\u00fdch variant. Vytvo\u0159it tak lze jak slo\u017eit\u00e9 kombinace do velk\u00fdch koupelen, tak minimalistick\u00e9 \u0159e\u0161en\u00ed v modern\u00edm designu. Otev\u00edr\u00e1n\u00ed z\u00e1suvek a dv\u00ed\u0159ek je \u0159e\u0161eno syst\u00e9mem push-open, tedy otev\u00edr\u00e1n\u00edm, bez [&hellip;]","og_url":"https:\/\/www.technodompro.com\/index.php\/produkt\/znackovy-mereo-aira-koupelnova-skrinka-s-dvojumyvadlem-z-liteho-mramoru-121cm-dub-cn723m-46948\/","og_image":[{"width":600,"height":600,"url":"https:\/\/www.technodompro.com\/wp-content\/uploads\/2026\/SK0016904-CZ20260425-092632-0-1777080397-mereo-aira-koupelnova-skrinka-s-dvojumyvadlem-z-liteho-mram.webp","type":"image\/webp"}],"twitter_card":"summary_large_image","twitter_misc":{"Odhadovan\u00e1 doba \u010dten\u00ed":"1 minuta"},"schema":{"@context":"https:\/\/schema.org","@graph":[{"@type":"WebPage","@id":"https:\/\/www.technodompro.com\/index.php\/produkt\/znackovy-mereo-aira-koupelnova-skrinka-s-dvojumyvadlem-z-liteho-mramoru-121cm-dub-cn723m-46948\/","url":"https:\/\/www.technodompro.com\/index.php\/produkt\/znackovy-mereo-aira-koupelnova-skrinka-s-dvojumyvadlem-z-liteho-mramoru-121cm-dub-cn723m-46948\/","name":"Zna\u010dkov\u00fd Mereo Aira Koupelnov\u00e1 sk\u0159\u00ed\u0148ka s dvojumyvadlem z lit\u00e9ho mramoru 121cm dub - CN723M -","isPartOf":{"@id":"https:\/\/www.technodompro.com\/#website"},"primaryImageOfPage":{"@id":"https:\/\/www.technodompro.com\/index.php\/produkt\/znackovy-mereo-aira-koupelnova-skrinka-s-dvojumyvadlem-z-liteho-mramoru-121cm-dub-cn723m-46948\/#primaryimage"},"image":{"@id":"https:\/\/www.technodompro.com\/index.php\/produkt\/znackovy-mereo-aira-koupelnova-skrinka-s-dvojumyvadlem-z-liteho-mramoru-121cm-dub-cn723m-46948\/#primaryimage"},"thumbnailUrl":"https:\/\/www.technodompro.com\/wp-content\/uploads\/2026\/SK0016904-CZ20260425-092632-0-1777080397-mereo-aira-koupelnova-skrinka-s-dvojumyvadlem-z-liteho-mram.webp","datePublished":"2026-04-27T04:42:36+00:00","breadcrumb":{"@id":"https:\/\/www.technodompro.com\/index.php\/produkt\/znackovy-mereo-aira-koupelnova-skrinka-s-dvojumyvadlem-z-liteho-mramoru-121cm-dub-cn723m-46948\/#breadcrumb"},"inLanguage":"cs","potentialAction":[{"@type":"ReadAction","target":["https:\/\/www.technodompro.com\/index.php\/produkt\/znackovy-mereo-aira-koupelnova-skrinka-s-dvojumyvadlem-z-liteho-mramoru-121cm-dub-cn723m-46948\/"]}]},{"@type":"ImageObject","inLanguage":"cs","@id":"https:\/\/www.technodompro.com\/index.php\/produkt\/znackovy-mereo-aira-koupelnova-skrinka-s-dvojumyvadlem-z-liteho-mramoru-121cm-dub-cn723m-46948\/#primaryimage","url":"https:\/\/www.technodompro.com\/wp-content\/uploads\/2026\/SK0016904-CZ20260425-092632-0-1777080397-mereo-aira-koupelnova-skrinka-s-dvojumyvadlem-z-liteho-mram.webp","contentUrl":"https:\/\/www.technodompro.com\/wp-content\/uploads\/2026\/SK0016904-CZ20260425-092632-0-1777080397-mereo-aira-koupelnova-skrinka-s-dvojumyvadlem-z-liteho-mram.webp","width":600,"height":600},{"@type":"BreadcrumbList","@id":"https:\/\/www.technodompro.com\/index.php\/produkt\/znackovy-mereo-aira-koupelnova-skrinka-s-dvojumyvadlem-z-liteho-mramoru-121cm-dub-cn723m-46948\/#breadcrumb","itemListElement":[{"@type":"ListItem","position":1,"name":"Home","item":"https:\/\/www.technodompro.com\/"},{"@type":"ListItem","position":2,"name":"Products","item":"https:\/\/www.technodompro.com\/index.php\/products\/"},{"@type":"ListItem","position":3,"name":"Zna\u010dkov\u00fd Mereo Aira Koupelnov\u00e1 sk\u0159\u00ed\u0148ka s dvojumyvadlem z lit\u00e9ho mramoru 121cm dub &#8211; CN723M"}]},{"@type":"WebSite","@id":"https:\/\/www.technodompro.com\/#website","url":"https:\/\/www.technodompro.com\/","name":"","description":"","potentialAction":[{"@type":"SearchAction","target":{"@type":"EntryPoint","urlTemplate":"https:\/\/www.technodompro.com\/?s={search_term_string}"},"query-input":{"@type":"PropertyValueSpecification","valueRequired":true,"valueName":"search_term_string"}}],"inLanguage":"cs"}]}},"_links":{"self":[{"href":"https:\/\/www.technodompro.com\/index.php\/wp-json\/wp\/v2\/product\/46948","targetHints":{"allow":["GET"]}}],"collection":[{"href":"https:\/\/www.technodompro.com\/index.php\/wp-json\/wp\/v2\/product"}],"about":[{"href":"https:\/\/www.technodompro.com\/index.php\/wp-json\/wp\/v2\/types\/product"}],"replies":[{"embeddable":true,"href":"https:\/\/www.technodompro.com\/index.php\/wp-json\/wp\/v2\/comments?post=46948"}],"wp:featuredmedia":[{"embeddable":true,"href":"https:\/\/www.technodompro.com\/index.php\/wp-json\/wp\/v2\/media\/47048"}],"wp:attachment":[{"href":"https:\/\/www.technodompro.com\/index.php\/wp-json\/wp\/v2\/media?parent=46948"}],"wp:term":[{"taxonomy":"product_brand","embeddable":true,"href":"https:\/\/www.technodompro.com\/index.php\/wp-json\/wp\/v2\/product_brand?post=46948"},{"taxonomy":"product_cat","embeddable":true,"href":"https:\/\/www.technodompro.com\/index.php\/wp-json\/wp\/v2\/product_cat?post=46948"},{"taxonomy":"product_tag","embeddable":true,"href":"https:\/\/www.technodompro.com\/index.php\/wp-json\/wp\/v2\/product_tag?post=46948"}],"curies":[{"name":"wp","href":"https:\/\/api.w.org\/{rel}","templated":true}]}}